{"id":15808,"date":"2024-03-06T10:43:33","date_gmt":"2024-03-06T10:43:33","guid":{"rendered":"https:\/\/veloaxe.com\/?page_id=15808"},"modified":"2024-03-06T10:46:44","modified_gmt":"2024-03-06T10:46:44","slug":"export-html-to-word-document-with-javascript","status":"publish","type":"page","link":"https:\/\/veloaxe.com\/fr\/export-html-to-word-document-with-javascript\/","title":{"rendered":"Pol\u00edtica de Cookies de Veloaxe"},"content":{"rendered":"<p>Contenido<\/p>\n\n\n\n<p><a href=\"#_Toc160617343\">Pol\u00edtica de Cookies de Veloaxe. 1<\/a><\/p>\n\n\n\n<p><a href=\"#_Toc160617344\">\u00bfQu\u00e9 son las cookies?. 2<\/a><\/p>\n\n\n\n<p><a href=\"#_Toc160617345\">Consentimiento. 2<\/a><\/p>\n\n\n\n<p><a href=\"#_Toc160617346\">Tipos de cookies que utilizamos. 2<\/a><\/p>\n\n\n\n<p><a href=\"#_Toc160617347\">Gesti\u00f3n de cookies. 2<\/a><\/p>\n\n\n\n<p><a href=\"#_Toc160617348\">Cambios en la Pol\u00edtica de Cookies. 2<\/a><\/p>\n\n\n\n<p><a href=\"#_Toc160617349\">Contacto. 3<\/a><\/p>\n\n\n\n<p><a href=\"#_Toc160617350\">ANEXO.. 4<\/a><\/p>\n\n\n\n<p><a href=\"#_Toc160617351\">Cookies propias. 4<\/a><\/p>\n\n\n\n<p><a href=\"#_Toc160617352\">Cookies de terceros. 4<\/a><\/p>\n\n\n\n<p><a href=\"#_Toc160617353\">Google Analytics 5<\/a><\/p>\n\n\n\n<p><a href=\"#_Toc160617354\">Cookies de redes sociales. 5<\/a><\/p>\n\n\n\n<p><a href=\"#_Toc160617355\">Deshabilitar, rechazar y eliminar cookies 5<\/a><\/p>\n\n\n\n<h2 class=\"wp-block-heading\"><a id=\"_Toc160617344\">\u00bfQu\u00e9 son las cookies?<\/a><\/h2>\n\n\n\n<p>Las cookies son peque\u00f1os archivos de texto que se almacenan en tu dispositivo (ordenador, tel\u00e9fono m\u00f3vil, tableta, etc.) cuando visitas determinadas p\u00e1ginas web, como la nuestra, veloaxe.com. Son utilizadas para permitir que las p\u00e1ginas web funcionen de manera m\u00e1s eficiente, as\u00ed como para proporcionar informaci\u00f3n a los propietarios del sitio.<\/p>\n\n\n\n<h2 class=\"wp-block-heading\"><a id=\"_Toc160617345\">Consentimiento<\/a><\/h2>\n\n\n\n<p>Al acceder a nuestro sitio web, veloaxe.com, se te presentar\u00e1 un aviso de cookies que te solicitar\u00e1 tu consentimiento para instalar nuestras cookies en tu dispositivo. Es importante que sepas que algunas cookies pueden ser esenciales para el funcionamiento de nuestra web y tienda online, mientras que otras se utilizan para mejorar tu experiencia de usuario. No recogeremos cookies no esenciales sin tu consentimiento expl\u00edcito.<\/p>\n\n\n\n<h2 class=\"wp-block-heading\"><a id=\"_Toc160617346\">Tipos de cookies que utilizamos<\/a><\/h2>\n\n\n\n<p><strong>&#8211; Cookies t\u00e9cnicas:<\/strong> Son aquellas necesarias para la navegaci\u00f3n y el buen funcionamiento de nuestra web.<\/p>\n\n\n\n<p><strong>-Cookies de personalizaci\u00f3n:<\/strong> Permiten al usuario acceder al servicio con algunas caracter\u00edsticas de car\u00e1cter general predefinidas.<\/p>\n\n\n\n<p><strong>&#8211; Cookies de an\u00e1lisis:<\/strong> Nos permiten cuantificar el n\u00famero de usuarios y as\u00ed realizar la medici\u00f3n y an\u00e1lisis estad\u00edstico de la utilizaci\u00f3n que hacen los usuarios del servicio ofrecido.<\/p>\n\n\n\n<p><strong>&#8211; Cookies publicitarias<\/strong>: Permiten la gesti\u00f3n, de la forma m\u00e1s eficaz posible, de los espacios publicitarios que se pudieran incluir en nuestra p\u00e1gina web.<\/p>\n\n\n\n<h2 class=\"wp-block-heading\"><a id=\"_Toc160617347\">Gesti\u00f3n de cookies<\/a><\/h2>\n\n\n\n<p>Puedes permitir, bloquear o eliminar las cookies instaladas en tu equipo mediante la configuraci\u00f3n de las opciones del navegador instalado en tu dispositivo. En los siguientes enlaces encontrar\u00e1s instrucciones para hacerlo en los navegadores m\u00e1s comunes:<\/p>\n\n\n\n<p>&#8211; Google Chrome<\/p>\n\n\n\n<p>&#8211; Mozilla Firefox<\/p>\n\n\n\n<p>&#8211; Safari<\/p>\n\n\n\n<p>&#8211; Internet Explorer<\/p>\n\n\n\n<h2 class=\"wp-block-heading\"><a id=\"_Toc160617348\">Cambios en la Pol\u00edtica de Cookies<\/a><\/h2>\n\n\n\n<p>Podemos actualizar nuestra Pol\u00edtica de Cookies de Veloaxe en funci\u00f3n de nuevas exigencias legislativas, reglamentarias, o con el fin de adaptar dicha pol\u00edtica a las instrucciones dictadas por la Agencia Espa\u00f1ola de Protecci\u00f3n de Datos.<\/p>\n\n\n\n<h2 class=\"wp-block-heading\"><a id=\"_Toc160617349\">Contacto<\/a><\/h2>\n\n\n\n<p>Si tienes preguntas sobre esta pol\u00edtica de cookies de Veloaxe, puedes contactarnos a trav\u00e9s de veloaxe@gmail.com o visitarnos en nuestra direcci\u00f3n f\u00edsica:<\/p>\n\n\n\n<p><strong>&#8211; Nombre comercial:<\/strong> Veloaxe<\/p>\n\n\n\n<p><strong>&#8211; Direcci\u00f3n:<\/strong> Calle Carnecer\u00eda 19, CP: 14420, Villafranca de C\u00f3rdoba<\/p>\n\n\n\n<p><strong>&#8211; NIE:<\/strong> Y6677773J<\/p>\n\n\n\n<h1 class=\"wp-block-heading\"><a id=\"_Toc160617350\">ANEXO<\/a><\/h1>\n\n\n\n<p>El acceso a este Sitio Web puede implicar la utilizaci\u00f3n de cookies. Las cookies son peque\u00f1as cantidades de informaci\u00f3n que se almacenan en el navegador utilizado por cada Usuario \u2014en los distintos dispositivos que pueda utilizar para navegar\u2014 para que el servidor recuerde cierta informaci\u00f3n que posteriormente y \u00fanicamente el servidor que la implement\u00f3 leer\u00e1. Las cookies facilitan la navegaci\u00f3n, la hacen m\u00e1s amigable, y no da\u00f1an el dispositivo de navegaci\u00f3n.<\/p>\n\n\n\n<p>Las cookies son procedimientos autom\u00e1ticos de recogida de informaci\u00f3n relativa a las preferencias determinadas por el Usuario durante su visita al Sitio Web con el fin de reconocerlo como Usuario, y personalizar su experiencia y el uso del Sitio Web, y pueden tambi\u00e9n, por ejemplo, ayudar a identificar y resolver errores.<\/p>\n\n\n\n<p>La informaci\u00f3n recabada a trav\u00e9s de las cookies puede incluir la fecha y hora de visitas al Sitio Web, las p\u00e1ginas visionadas, el tiempo que ha estado en el Sitio Web y los sitios visitados justo antes y despu\u00e9s del mismo. Sin embargo, ninguna cookie permite que esta misma pueda contactarse con el n\u00famero de tel\u00e9fono del Usuario o con cualquier otro medio de contacto personal. Ninguna cookie puede extraer informaci\u00f3n del disco duro del Usuario o robar informaci\u00f3n personal. La \u00fanica manera de que la informaci\u00f3n privada del Usuario forme parte del archivo Cookie es que el usuario d\u00e9 personalmente esa informaci\u00f3n al servidor.<\/p>\n\n\n\n<p>Las cookies que permiten identificar a una persona se consideran datos personales. Por tanto, a las mismas les ser\u00e1 de aplicaci\u00f3n la Pol\u00edtica de Privacidad anteriormente descrita. En este sentido, para la utilizaci\u00f3n de las mismas ser\u00e1 necesario el consentimiento del Usuario. Este consentimiento ser\u00e1 comunicado, en base a una elecci\u00f3n aut\u00e9ntica, ofrecido mediante una decisi\u00f3n afirmativa y positiva, antes del tratamiento inicial, removible y documentado.<\/p>\n\n\n\n<h2 class=\"wp-block-heading\"><a id=\"_Toc160617351\">Cookies propias<\/a><\/h2>\n\n\n\n<p>Son aquellas cookies que son enviadas al ordenador o dispositivo del Usuario y gestionadas exclusivamente por VELOAXE para el mejor funcionamiento del Sitio Web. La informaci\u00f3n que se recaba se emplea para mejorar la calidad del Sitio Web y su Contenido y su experiencia como Usuario. Estas cookies permiten reconocer al Usuario como visitante recurrente del Sitio Web y adaptar el contenido para ofrecerle contenidos que se ajusten a sus preferencias.<\/p>\n\n\n\n<h2 class=\"wp-block-heading\"><a id=\"_Toc160617352\">Cookies de terceros<\/a><\/h2>\n\n\n\n<p>Son cookies utilizadas y gestionadas por entidades externas que proporcionan a VELOAXE servicios solicitados por este mismo para mejorar el Sitio Web y la experiencia del usuario al navegar en el Sitio Web. Los principales objetivos para los que se utilizan cookies de terceros son la obtenci\u00f3n de estad\u00edsticas de accesos y analizar la informaci\u00f3n de la navegaci\u00f3n, es decir, c\u00f3mo interact\u00faa el Usuario con el Sitio Web.<\/p>\n\n\n\n<p>La informaci\u00f3n que se obtiene se refiere, por ejemplo, al n\u00famero de p\u00e1ginas visitadas, el idioma, el lugar a la que la direcci\u00f3n IP desde el que accede el Usuario, el n\u00famero de<\/p>\n\n\n\n<p>Usuarios que acceden, la frecuencia y reincidencia de las visitas, el tiempo de visita, el navegador que usan, el operador o tipo de dispositivo desde el que se realiza la visita. Esta informaci\u00f3n se utiliza para mejorar el Sitio Web, y detectar nuevas necesidades para ofrecer a los Usuarios un Contenido y\/o servicio de \u00f3ptima calidad. En todo caso, la informaci\u00f3n se recopila de forma an\u00f3nima y se elaboran informes de tendencias del Sitio Web sin identificar a usuarios individuales.<\/p>\n\n\n\n<p>Puede obtener m\u00e1s informaci\u00f3n sobre las cookies, la informaci\u00f3n sobre la privacidad, o consultar la descripci\u00f3n del tipo de cookies que se utiliza, sus principales caracter\u00edsticas, periodo de expiraci\u00f3n, etc. en el siguiente(s) enlace(s):<\/p>\n\n\n\n<h3 class=\"wp-block-heading\"><a id=\"_Toc160617353\">Google Analytics<\/a><\/h3>\n\n\n\n<p>La(s) entidad(es) encargada(s) del suministro de cookies podr\u00e1(n) ceder esta informaci\u00f3n a terceros, siempre y cuando lo exija la ley o sea un tercero el que procese esta informaci\u00f3n para dichas entidades.<\/p>\n\n\n\n<h3 class=\"wp-block-heading\"><a id=\"_Toc160617354\">Cookies de redes sociales<\/a><\/h3>\n\n\n\n<p>VELOAXEincorpora plugins de redes sociales, que permiten acceder a las mismas a partir del Sitio Web. Por esta raz\u00f3n, las cookies de redes sociales pueden almacenarse en el navegador del Usuario. Los titulares de dichas redes sociales disponen de sus propias pol\u00edticas de protecci\u00f3n de datos y de cookies, siendo ellos mismos, en cada caso, responsables de sus propios ficheros y de sus propias pr\u00e1cticas de privacidad. El Usuario debe referirse a las mismas para informarse acerca de dichas cookies y, en su caso, del tratamiento de sus datos personales. \u00danicamente a t\u00edtulo informativo se indican a continuaci\u00f3n los enlaces en los que se pueden consultar dichas pol\u00edticas de privacidad y\/o de cookies:<\/p>\n\n\n\n<p>\u2022 Facebook: https:\/\/www.facebook.com\/policies\/cookies\/<\/p>\n\n\n\n<p>\u2022 Twitter: https:\/\/twitter.com\/es\/privacy<\/p>\n\n\n\n<p>\u2022 Instagram: https:\/\/help.instagram.com\/1896641480634370?ref=ig<\/p>\n\n\n\n<p>\u2022 YouTube: https:\/\/policies.google.com\/privacy?hl=es-419&amp;gl=mx<\/p>\n\n\n\n<p>\u2022 Pinterest: https:\/\/policy.pinterest.com\/es\/privacy-policy<\/p>\n\n\n\n<p>\u2022 LinkedIn: <a href=\"https:\/\/www.linkedin.com\/legal\/cookie-policy?trk=hp-cookies\">https:\/\/www.linkedin.com\/legal\/cookie-policy?trk=hp-cookies<\/a><\/p>\n\n\n\n<h2 class=\"wp-block-heading\"><a id=\"_Toc160617355\">Deshabilitar, rechazar y eliminar cookies<\/a><\/h2>\n\n\n\n<p>El Usuario puede deshabilitar, rechazar y eliminar las cookies \u2014total o parcialmente\u2014 instaladas en su dispositivo mediante la configuraci\u00f3n de su navegador (entre los que se encuentran, por ejemplo, Chrome, Firefox, Safari, Explorer). En este sentido, los procedimientos para rechazar y eliminar las cookies pueden diferir de un navegador de Internet a otro. En consecuencia, el Usuario debe acudir a las instrucciones facilitadas por el propio navegador de Internet que est\u00e9 utilizando. En el supuesto de que rechace el uso de cookies \u2014total o parcialmente\u2014 podr\u00e1 seguir usando el Sitio Web, si bien podr\u00e1 tener limitada la utilizaci\u00f3n de algunas de las prestaciones del mismo.<\/p>\n\n\n\n<p><\/p>","protected":false},"excerpt":{"rendered":"<p>Contenido Pol\u00edtica de Cookies de Veloaxe. 1 \u00bfQu\u00e9 son las cookies?. 2 Consentimiento. 2 Tipos de cookies que utilizamos. 2 Gesti\u00f3n de cookies. 2 Cambios en la Pol\u00edtica de Cookies. 2 Contacto. 3 ANEXO.. 4 Cookies propias. 4 Cookies de terceros. 4 Google Analytics 5 Cookies de redes sociales. 5 Deshabilitar, rechazar y eliminar cookies [&hellip;]<\/p>\n","protected":false},"author":1,"featured_media":0,"parent":0,"menu_order":0,"comment_status":"closed","ping_status":"closed","template":"","meta":{"footnotes":""},"class_list":["post-15808","page","type-page","status-publish","hentry"],"yoast_head":"<!-- This site is optimized with the Yoast SEO plugin v27.6 - https:\/\/yoast.com\/product\/yoast-seo-wordpress\/ -->\n<title>Pol\u00edtica de Cookies de Veloaxe - Tienda de bicicletas | VELOAXE<\/title>\n<meta name=\"robots\" content=\"index, follow, max-snippet:-1, max-image-preview:large, max-video-preview:-1\" \/>\n<link rel=\"canonical\" href=\"https:\/\/veloaxe.com\/fr\/export-html-to-word-document-with-javascript\/\" \/>\n<meta property=\"og:locale\" content=\"fr_FR\" \/>\n<meta property=\"og:type\" content=\"article\" \/>\n<meta property=\"og:title\" content=\"Pol\u00edtica de Cookies de Veloaxe - Tienda de bicicletas | VELOAXE\" \/>\n<meta property=\"og:description\" content=\"Contenido Pol\u00edtica de Cookies de Veloaxe. 1 \u00bfQu\u00e9 son las cookies?. 2 Consentimiento. 2 Tipos de cookies que utilizamos. 2 Gesti\u00f3n de cookies. 2 Cambios en la Pol\u00edtica de Cookies. 2 Contacto. 3 ANEXO.. 4 Cookies propias. 4 Cookies de terceros. 4 Google Analytics 5 Cookies de redes sociales. 5 Deshabilitar, rechazar y eliminar cookies [&hellip;]\" \/>\n<meta property=\"og:url\" content=\"https:\/\/veloaxe.com\/fr\/export-html-to-word-document-with-javascript\/\" \/>\n<meta property=\"og:site_name\" content=\"Tienda de bicicletas | VELOAXE\" \/>\n<meta property=\"article:publisher\" content=\"https:\/\/www.facebook.com\/veloaxe\" \/>\n<meta property=\"article:modified_time\" content=\"2024-03-06T10:46:44+00:00\" \/>\n<meta property=\"og:image\" content=\"https:\/\/veloaxe.com\/wp-content\/uploads\/2023\/03\/logo-net.jpg\" \/>\n\t<meta property=\"og:image:width\" content=\"510\" \/>\n\t<meta property=\"og:image:height\" content=\"510\" \/>\n\t<meta property=\"og:image:type\" content=\"image\/jpeg\" \/>\n<meta name=\"twitter:card\" content=\"summary_large_image\" \/>\n<meta name=\"twitter:label1\" content=\"Dur\u00e9e de lecture estim\u00e9e\" \/>\n\t<meta name=\"twitter:data1\" content=\"6 minutes\" \/>\n<script type=\"application\/ld+json\" class=\"yoast-schema-graph\">{\"@context\":\"https:\\\/\\\/schema.org\",\"@graph\":[{\"@type\":\"WebPage\",\"@id\":\"https:\\\/\\\/veloaxe.com\\\/export-html-to-word-document-with-javascript\\\/\",\"url\":\"https:\\\/\\\/veloaxe.com\\\/export-html-to-word-document-with-javascript\\\/\",\"name\":\"Pol\u00edtica de Cookies de Veloaxe - Tienda de bicicletas | VELOAXE\",\"isPartOf\":{\"@id\":\"https:\\\/\\\/veloaxe.com\\\/#website\"},\"datePublished\":\"2024-03-06T10:43:33+00:00\",\"dateModified\":\"2024-03-06T10:46:44+00:00\",\"breadcrumb\":{\"@id\":\"https:\\\/\\\/veloaxe.com\\\/export-html-to-word-document-with-javascript\\\/#breadcrumb\"},\"inLanguage\":\"fr-FR\",\"potentialAction\":[{\"@type\":\"ReadAction\",\"target\":[\"https:\\\/\\\/veloaxe.com\\\/export-html-to-word-document-with-javascript\\\/\"]}]},{\"@type\":\"BreadcrumbList\",\"@id\":\"https:\\\/\\\/veloaxe.com\\\/export-html-to-word-document-with-javascript\\\/#breadcrumb\",\"itemListElement\":[{\"@type\":\"ListItem\",\"position\":1,\"name\":\"Portada\",\"item\":\"https:\\\/\\\/paleturquoise-herring-271034.hostingersite.com\\\/\"},{\"@type\":\"ListItem\",\"position\":2,\"name\":\"Pol\u00edtica de Cookies de Veloaxe\"}]},{\"@type\":\"WebSite\",\"@id\":\"https:\\\/\\\/veloaxe.com\\\/#website\",\"url\":\"https:\\\/\\\/veloaxe.com\\\/\",\"name\":\"Tienda de bicicletas | VELOAXE\",\"description\":\"Descubre una amplia selecci\u00f3n de bicicletas de alta calidad, desde modelos urbanos y de monta\u00f1a hasta bicicletas de carretera de \u00faltima generaci\u00f3n. Con un servicio experto y accesorios especializados, estamos comprometidos a brindarte la mejor experiencia ciclista.\",\"publisher\":{\"@id\":\"https:\\\/\\\/veloaxe.com\\\/#organization\"},\"potentialAction\":[{\"@type\":\"SearchAction\",\"target\":{\"@type\":\"EntryPoint\",\"urlTemplate\":\"https:\\\/\\\/veloaxe.com\\\/?s={search_term_string}\"},\"query-input\":{\"@type\":\"PropertyValueSpecification\",\"valueRequired\":true,\"valueName\":\"search_term_string\"}}],\"inLanguage\":\"fr-FR\"},{\"@type\":\"Organization\",\"@id\":\"https:\\\/\\\/veloaxe.com\\\/#organization\",\"name\":\"Tienda de bicicletas | VELOAXE\",\"url\":\"https:\\\/\\\/veloaxe.com\\\/\",\"logo\":{\"@type\":\"ImageObject\",\"inLanguage\":\"fr-FR\",\"@id\":\"https:\\\/\\\/veloaxe.com\\\/#\\\/schema\\\/logo\\\/image\\\/\",\"url\":\"https:\\\/\\\/veloaxe.com\\\/wp-content\\\/uploads\\\/2026\\\/01\\\/cropped-logo-1.jpg\",\"contentUrl\":\"https:\\\/\\\/veloaxe.com\\\/wp-content\\\/uploads\\\/2026\\\/01\\\/cropped-logo-1.jpg\",\"width\":1273,\"height\":363,\"caption\":\"Tienda de bicicletas | VELOAXE\"},\"image\":{\"@id\":\"https:\\\/\\\/veloaxe.com\\\/#\\\/schema\\\/logo\\\/image\\\/\"},\"sameAs\":[\"https:\\\/\\\/www.facebook.com\\\/veloaxe\"]}]}<\/script>\n<!-- \/ Yoast SEO plugin. -->","yoast_head_json":{"title":"Pol\u00edtica de Cookies de Veloaxe - Tienda de bicicletas | VELOAXE","robots":{"index":"index","follow":"follow","max-snippet":"max-snippet:-1","max-image-preview":"max-image-preview:large","max-video-preview":"max-video-preview:-1"},"canonical":"https:\/\/veloaxe.com\/fr\/export-html-to-word-document-with-javascript\/","og_locale":"fr_FR","og_type":"article","og_title":"Pol\u00edtica de Cookies de Veloaxe - Tienda de bicicletas | VELOAXE","og_description":"Contenido Pol\u00edtica de Cookies de Veloaxe. 1 \u00bfQu\u00e9 son las cookies?. 2 Consentimiento. 2 Tipos de cookies que utilizamos. 2 Gesti\u00f3n de cookies. 2 Cambios en la Pol\u00edtica de Cookies. 2 Contacto. 3 ANEXO.. 4 Cookies propias. 4 Cookies de terceros. 4 Google Analytics 5 Cookies de redes sociales. 5 Deshabilitar, rechazar y eliminar cookies [&hellip;]","og_url":"https:\/\/veloaxe.com\/fr\/export-html-to-word-document-with-javascript\/","og_site_name":"Tienda de bicicletas | VELOAXE","article_publisher":"https:\/\/www.facebook.com\/veloaxe","article_modified_time":"2024-03-06T10:46:44+00:00","og_image":[{"width":510,"height":510,"url":"https:\/\/veloaxe.com\/wp-content\/uploads\/2023\/03\/logo-net.jpg","type":"image\/jpeg"}],"twitter_card":"summary_large_image","twitter_misc":{"Dur\u00e9e de lecture estim\u00e9e":"6 minutes"},"schema":{"@context":"https:\/\/schema.org","@graph":[{"@type":"WebPage","@id":"https:\/\/veloaxe.com\/export-html-to-word-document-with-javascript\/","url":"https:\/\/veloaxe.com\/export-html-to-word-document-with-javascript\/","name":"Pol\u00edtica de Cookies de Veloaxe - Tienda de bicicletas | VELOAXE","isPartOf":{"@id":"https:\/\/veloaxe.com\/#website"},"datePublished":"2024-03-06T10:43:33+00:00","dateModified":"2024-03-06T10:46:44+00:00","breadcrumb":{"@id":"https:\/\/veloaxe.com\/export-html-to-word-document-with-javascript\/#breadcrumb"},"inLanguage":"fr-FR","potentialAction":[{"@type":"ReadAction","target":["https:\/\/veloaxe.com\/export-html-to-word-document-with-javascript\/"]}]},{"@type":"BreadcrumbList","@id":"https:\/\/veloaxe.com\/export-html-to-word-document-with-javascript\/#breadcrumb","itemListElement":[{"@type":"ListItem","position":1,"name":"Portada","item":"https:\/\/paleturquoise-herring-271034.hostingersite.com\/"},{"@type":"ListItem","position":2,"name":"Pol\u00edtica de Cookies de Veloaxe"}]},{"@type":"WebSite","@id":"https:\/\/veloaxe.com\/#website","url":"https:\/\/veloaxe.com\/","name":"Boutique de v\u00e9lo en ligne | VELOAXE","description":"Descubre una amplia selecci\u00f3n de bicicletas de alta calidad, desde modelos urbanos y de monta\u00f1a hasta bicicletas de carretera de \u00faltima generaci\u00f3n. Con un servicio experto y accesorios especializados, estamos comprometidos a brindarte la mejor experiencia ciclista.","publisher":{"@id":"https:\/\/veloaxe.com\/#organization"},"potentialAction":[{"@type":"SearchAction","target":{"@type":"EntryPoint","urlTemplate":"https:\/\/veloaxe.com\/?s={search_term_string}"},"query-input":{"@type":"PropertyValueSpecification","valueRequired":true,"valueName":"search_term_string"}}],"inLanguage":"fr-FR"},{"@type":"Organization","@id":"https:\/\/veloaxe.com\/#organization","name":"Boutique de v\u00e9lo en ligne | VELOAXE","url":"https:\/\/veloaxe.com\/","logo":{"@type":"ImageObject","inLanguage":"fr-FR","@id":"https:\/\/veloaxe.com\/#\/schema\/logo\/image\/","url":"https:\/\/veloaxe.com\/wp-content\/uploads\/2026\/01\/cropped-logo-1.jpg","contentUrl":"https:\/\/veloaxe.com\/wp-content\/uploads\/2026\/01\/cropped-logo-1.jpg","width":1273,"height":363,"caption":"Tienda de bicicletas | VELOAXE"},"image":{"@id":"https:\/\/veloaxe.com\/#\/schema\/logo\/image\/"},"sameAs":["https:\/\/www.facebook.com\/veloaxe"]}]}},"_links":{"self":[{"href":"https:\/\/veloaxe.com\/fr\/wp-json\/wp\/v2\/pages\/15808","targetHints":{"allow":["GET"]}}],"collection":[{"href":"https:\/\/veloaxe.com\/fr\/wp-json\/wp\/v2\/pages"}],"about":[{"href":"https:\/\/veloaxe.com\/fr\/wp-json\/wp\/v2\/types\/page"}],"author":[{"embeddable":true,"href":"https:\/\/veloaxe.com\/fr\/wp-json\/wp\/v2\/users\/1"}],"replies":[{"embeddable":true,"href":"https:\/\/veloaxe.com\/fr\/wp-json\/wp\/v2\/comments?post=15808"}],"version-history":[{"count":0,"href":"https:\/\/veloaxe.com\/fr\/wp-json\/wp\/v2\/pages\/15808\/revisions"}],"wp:attachment":[{"href":"https:\/\/veloaxe.com\/fr\/wp-json\/wp\/v2\/media?parent=15808"}],"curies":[{"name":"wp","href":"https:\/\/api.w.org\/{rel}","templated":true}]}}