{"id":3,"date":"2022-08-25T17:23:10","date_gmt":"2022-08-25T17:23:10","guid":{"rendered":"https:\/\/veloaxe.com\/?page_id=3"},"modified":"2023-01-12T09:49:00","modified_gmt":"2023-01-12T09:49:00","slug":"politica-de-privacidad","status":"publish","type":"page","link":"https:\/\/veloaxe.com\/fr\/politica-de-privacidad\/","title":{"rendered":"Pol\u00edtica de privacidad"},"content":{"rendered":"<p>VELOAXE\u00a0ESPA\u00d1A, con NIF. Y6677773J (en delante, la \u201cEMPRESA\u201d) y domicilio en Calle Carneceria n\u00ba19, Villafranca de C\u00f3rdoba, C\u00f3rdoba. (en delante, la \u201cEMPRESA\u201d) es el titular del sitio web veloaxe.com (en adelante el \u201cSitio Web\u201d)<\/p>\n\n\n\n<p>La empresa le garantiza la protecci\u00f3n de todos los datos de car\u00e1cter personal que proporcione el Usuario en el \u201cSitio Web\u201d y, en cumplimiento de lo dispuesto en la Ley Org\u00e1nica 15\/1999, de 13 de diciembre de Protecci\u00f3n de Datos de Car\u00e1cter Personal, en le RD 1720\/2007 de 21 de diciembre y restante normativa de aplicaci\u00f3n, le informa que:<\/p>\n\n\n\n<ol class=\"wp-block-list\">\n<li>Todos los datos de car\u00e1cter personal facilitados a la EMPRESA ser\u00e1n tratados por \u00e9sta de acuerdo con la Ley Org\u00e1nica 15\/1999 de 13 de diciembre de Protecci\u00f3n de Datos de Car\u00e1cter Personal y el RD 1720\/2007 de 21 de diciembre y quedar\u00e1n incorporados en el fichero USUARIOS WEB, creado y mantenido bajo la responsabilidad de la EMPRESA, el cual ha sido debidamente registrado en la Agencia Espa\u00f1ola de Protecci\u00f3n de Dat<\/li>\n<\/ol>\n\n\n\n<ol class=\"wp-block-list\">\n<li>Los datos &nbsp;son &nbsp;recabados &nbsp;con &nbsp;las &nbsp;siguientes &nbsp;finalidades: selecci\u00f3n de personal,&nbsp; gesti\u00f3n, &nbsp;estudio &nbsp;y resoluci\u00f3n de consultas \u2013 env\u00edo de publicidad y prospecci\u00f3n comercial por medios electr\u00f3nicos, acerca de la empresa, sus actividades, productos y servicios, as\u00ed como documentaci\u00f3n de diversa naturalez<\/li>\n<\/ol>\n\n\n\n<ol class=\"wp-block-list\">\n<li>En la recogida y el tratamiento de los datos de car\u00e1cter personal se han adoptado las medidas de seguridad adecuadas para evitar la p\u00e9rdida, el acceso no autorizado o la manipulaci\u00f3n de los mismos, de acuerdo con lo establecido en el Real Decreto 1720\/2007, de 21 de diciembre.<\/li>\n<\/ol>\n\n\n\n<ol class=\"wp-block-list\">\n<li>La EMPRESA se compromete a proteger la informaci\u00f3n confidencial a la que tenga acceso. La EMPRESA &nbsp;no emplear\u00e1 en ning\u00fan caso los datos de car\u00e1cter personal que usted ponga a su disposici\u00f3n para prestar servicios a terceros distintos a los referidos en el apartado b) del presente documento o, en su caso, para lograr una utilidad prop<\/li>\n<\/ol>\n\n\n\n<ol class=\"wp-block-list\">\n<li>El Usuario certifica que es mayor de 14 a\u00f1os y que por lo tanto posee la capacidad legal necesaria para la prestaci\u00f3n del consentimiento en cuanto al tratamiento de sus datos de car\u00e1cter personal y todo ello, de conformidad con lo establecido en la presente Pol\u00edtica de Privacidad.<\/li>\n<\/ol>\n\n\n\n<ol class=\"wp-block-list\">\n<li>El Usuario puede, en todo momento, ejercitar los derechos de acceso, rectificaci\u00f3n, cancelaci\u00f3n y oposici\u00f3n sobre sus datos personales as\u00ed como el de revocaci\u00f3n del consentimiento para cualquier de las finalidades antes se\u00f1aladas, enviando a la EMPRESA carta debidamente firmada a nuestra direcci\u00f3n postal, arriba indicada, donde consten claramente los datos de contacto, a la cual deber\u00e1 acompa\u00f1arse fotocopia de su DNI\/NIF o documento que acredite su identidad, o bien, remitiendo un email acompa\u00f1ando los mismos datos y documentos a la direcci\u00f3n de correo info@veloaxe.com<\/li>\n<\/ol>\n\n\n\n<ol class=\"wp-block-list\">\n<li>El Usuario autoriza al tratamiento automatizado de los datos personales suministrados en los t\u00e9rminos indicad Para ello pulse el bot\u00f3n \u201cENVIAR\u201d que se encuentra tras el formulario de recogida de datos.<\/li>\n<\/ol>","protected":false},"excerpt":{"rendered":"<p>VELOAXE\u00a0ESPA\u00d1A, con NIF. Y6677773J (en delante, la \u201cEMPRESA\u201d) y domicilio en Calle Carneceria n\u00ba19, Villafranca de C\u00f3rdoba, C\u00f3rdoba. (en delante, la \u201cEMPRESA\u201d) es el titular del sitio web veloaxe.com (en adelante el \u201cSitio Web\u201d) La empresa le garantiza la protecci\u00f3n de todos los datos de car\u00e1cter personal que proporcione el Usuario en el \u201cSitio Web\u201d [&hellip;]<\/p>\n","protected":false},"author":1,"featured_media":0,"parent":0,"menu_order":0,"comment_status":"closed","ping_status":"open","template":"","meta":{"footnotes":""},"class_list":["post-3","page","type-page","status-publish","hentry"],"yoast_head":"<!-- This site is optimized with the Yoast SEO plugin v27.6 - https:\/\/yoast.com\/product\/yoast-seo-wordpress\/ -->\n<title>Pol\u00edtica de privacidad - Tienda de bicicletas | VELOAXE<\/title>\n<meta name=\"robots\" content=\"index, follow, max-snippet:-1, max-image-preview:large, max-video-preview:-1\" \/>\n<link rel=\"canonical\" href=\"https:\/\/veloaxe.com\/fr\/politica-de-privacidad\/\" \/>\n<meta property=\"og:locale\" content=\"fr_FR\" \/>\n<meta property=\"og:type\" content=\"article\" \/>\n<meta property=\"og:title\" content=\"Pol\u00edtica de privacidad - Tienda de bicicletas | VELOAXE\" \/>\n<meta property=\"og:description\" content=\"VELOAXE\u00a0ESPA\u00d1A, con NIF. Y6677773J (en delante, la \u201cEMPRESA\u201d) y domicilio en Calle Carneceria n\u00ba19, Villafranca de C\u00f3rdoba, C\u00f3rdoba. (en delante, la \u201cEMPRESA\u201d) es el titular del sitio web veloaxe.com (en adelante el \u201cSitio Web\u201d) La empresa le garantiza la protecci\u00f3n de todos los datos de car\u00e1cter personal que proporcione el Usuario en el \u201cSitio Web\u201d [&hellip;]\" \/>\n<meta property=\"og:url\" content=\"https:\/\/veloaxe.com\/fr\/politica-de-privacidad\/\" \/>\n<meta property=\"og:site_name\" content=\"Tienda de bicicletas | VELOAXE\" \/>\n<meta property=\"article:publisher\" content=\"https:\/\/www.facebook.com\/veloaxe\" \/>\n<meta property=\"article:modified_time\" content=\"2023-01-12T09:49:00+00:00\" \/>\n<meta property=\"og:image\" content=\"https:\/\/veloaxe.com\/wp-content\/uploads\/2023\/03\/logo-net.jpg\" \/>\n\t<meta property=\"og:image:width\" content=\"510\" \/>\n\t<meta property=\"og:image:height\" content=\"510\" \/>\n\t<meta property=\"og:image:type\" content=\"image\/jpeg\" \/>\n<meta name=\"twitter:card\" content=\"summary_large_image\" \/>\n<meta name=\"twitter:label1\" content=\"Dur\u00e9e de lecture estim\u00e9e\" \/>\n\t<meta name=\"twitter:data1\" content=\"3 minutes\" \/>\n<script type=\"application\/ld+json\" class=\"yoast-schema-graph\">{\"@context\":\"https:\\\/\\\/schema.org\",\"@graph\":[{\"@type\":\"WebPage\",\"@id\":\"https:\\\/\\\/veloaxe.com\\\/politica-de-privacidad\\\/\",\"url\":\"https:\\\/\\\/veloaxe.com\\\/politica-de-privacidad\\\/\",\"name\":\"Pol\u00edtica de privacidad - Tienda de bicicletas | VELOAXE\",\"isPartOf\":{\"@id\":\"https:\\\/\\\/veloaxe.com\\\/#website\"},\"datePublished\":\"2022-08-25T17:23:10+00:00\",\"dateModified\":\"2023-01-12T09:49:00+00:00\",\"breadcrumb\":{\"@id\":\"https:\\\/\\\/veloaxe.com\\\/politica-de-privacidad\\\/#breadcrumb\"},\"inLanguage\":\"fr-FR\",\"potentialAction\":[{\"@type\":\"ReadAction\",\"target\":[\"https:\\\/\\\/veloaxe.com\\\/politica-de-privacidad\\\/\"]}]},{\"@type\":\"BreadcrumbList\",\"@id\":\"https:\\\/\\\/veloaxe.com\\\/politica-de-privacidad\\\/#breadcrumb\",\"itemListElement\":[{\"@type\":\"ListItem\",\"position\":1,\"name\":\"Portada\",\"item\":\"https:\\\/\\\/paleturquoise-herring-271034.hostingersite.com\\\/\"},{\"@type\":\"ListItem\",\"position\":2,\"name\":\"Pol\u00edtica de privacidad\"}]},{\"@type\":\"WebSite\",\"@id\":\"https:\\\/\\\/veloaxe.com\\\/#website\",\"url\":\"https:\\\/\\\/veloaxe.com\\\/\",\"name\":\"Tienda de bicicletas | VELOAXE\",\"description\":\"Descubre una amplia selecci\u00f3n de bicicletas de alta calidad, desde modelos urbanos y de monta\u00f1a hasta bicicletas de carretera de \u00faltima generaci\u00f3n. Con un servicio experto y accesorios especializados, estamos comprometidos a brindarte la mejor experiencia ciclista.\",\"publisher\":{\"@id\":\"https:\\\/\\\/veloaxe.com\\\/#organization\"},\"potentialAction\":[{\"@type\":\"SearchAction\",\"target\":{\"@type\":\"EntryPoint\",\"urlTemplate\":\"https:\\\/\\\/veloaxe.com\\\/?s={search_term_string}\"},\"query-input\":{\"@type\":\"PropertyValueSpecification\",\"valueRequired\":true,\"valueName\":\"search_term_string\"}}],\"inLanguage\":\"fr-FR\"},{\"@type\":\"Organization\",\"@id\":\"https:\\\/\\\/veloaxe.com\\\/#organization\",\"name\":\"Tienda de bicicletas | VELOAXE\",\"url\":\"https:\\\/\\\/veloaxe.com\\\/\",\"logo\":{\"@type\":\"ImageObject\",\"inLanguage\":\"fr-FR\",\"@id\":\"https:\\\/\\\/veloaxe.com\\\/#\\\/schema\\\/logo\\\/image\\\/\",\"url\":\"https:\\\/\\\/veloaxe.com\\\/wp-content\\\/uploads\\\/2026\\\/01\\\/cropped-logo-1.jpg\",\"contentUrl\":\"https:\\\/\\\/veloaxe.com\\\/wp-content\\\/uploads\\\/2026\\\/01\\\/cropped-logo-1.jpg\",\"width\":1273,\"height\":363,\"caption\":\"Tienda de bicicletas | VELOAXE\"},\"image\":{\"@id\":\"https:\\\/\\\/veloaxe.com\\\/#\\\/schema\\\/logo\\\/image\\\/\"},\"sameAs\":[\"https:\\\/\\\/www.facebook.com\\\/veloaxe\"]}]}<\/script>\n<!-- \/ Yoast SEO plugin. -->","yoast_head_json":{"title":"Pol\u00edtica de privacidad - Tienda de bicicletas | VELOAXE","robots":{"index":"index","follow":"follow","max-snippet":"max-snippet:-1","max-image-preview":"max-image-preview:large","max-video-preview":"max-video-preview:-1"},"canonical":"https:\/\/veloaxe.com\/fr\/politica-de-privacidad\/","og_locale":"fr_FR","og_type":"article","og_title":"Pol\u00edtica de privacidad - Tienda de bicicletas | VELOAXE","og_description":"VELOAXE\u00a0ESPA\u00d1A, con NIF. Y6677773J (en delante, la \u201cEMPRESA\u201d) y domicilio en Calle Carneceria n\u00ba19, Villafranca de C\u00f3rdoba, C\u00f3rdoba. (en delante, la \u201cEMPRESA\u201d) es el titular del sitio web veloaxe.com (en adelante el \u201cSitio Web\u201d) La empresa le garantiza la protecci\u00f3n de todos los datos de car\u00e1cter personal que proporcione el Usuario en el \u201cSitio Web\u201d [&hellip;]","og_url":"https:\/\/veloaxe.com\/fr\/politica-de-privacidad\/","og_site_name":"Tienda de bicicletas | VELOAXE","article_publisher":"https:\/\/www.facebook.com\/veloaxe","article_modified_time":"2023-01-12T09:49:00+00:00","og_image":[{"width":510,"height":510,"url":"https:\/\/veloaxe.com\/wp-content\/uploads\/2023\/03\/logo-net.jpg","type":"image\/jpeg"}],"twitter_card":"summary_large_image","twitter_misc":{"Dur\u00e9e de lecture estim\u00e9e":"3 minutes"},"schema":{"@context":"https:\/\/schema.org","@graph":[{"@type":"WebPage","@id":"https:\/\/veloaxe.com\/politica-de-privacidad\/","url":"https:\/\/veloaxe.com\/politica-de-privacidad\/","name":"Pol\u00edtica de privacidad - Tienda de bicicletas | VELOAXE","isPartOf":{"@id":"https:\/\/veloaxe.com\/#website"},"datePublished":"2022-08-25T17:23:10+00:00","dateModified":"2023-01-12T09:49:00+00:00","breadcrumb":{"@id":"https:\/\/veloaxe.com\/politica-de-privacidad\/#breadcrumb"},"inLanguage":"fr-FR","potentialAction":[{"@type":"ReadAction","target":["https:\/\/veloaxe.com\/politica-de-privacidad\/"]}]},{"@type":"BreadcrumbList","@id":"https:\/\/veloaxe.com\/politica-de-privacidad\/#breadcrumb","itemListElement":[{"@type":"ListItem","position":1,"name":"Portada","item":"https:\/\/paleturquoise-herring-271034.hostingersite.com\/"},{"@type":"ListItem","position":2,"name":"Pol\u00edtica de privacidad"}]},{"@type":"WebSite","@id":"https:\/\/veloaxe.com\/#website","url":"https:\/\/veloaxe.com\/","name":"Boutique de v\u00e9lo en ligne | VELOAXE","description":"Descubre una amplia selecci\u00f3n de bicicletas de alta calidad, desde modelos urbanos y de monta\u00f1a hasta bicicletas de carretera de \u00faltima generaci\u00f3n. Con un servicio experto y accesorios especializados, estamos comprometidos a brindarte la mejor experiencia ciclista.","publisher":{"@id":"https:\/\/veloaxe.com\/#organization"},"potentialAction":[{"@type":"SearchAction","target":{"@type":"EntryPoint","urlTemplate":"https:\/\/veloaxe.com\/?s={search_term_string}"},"query-input":{"@type":"PropertyValueSpecification","valueRequired":true,"valueName":"search_term_string"}}],"inLanguage":"fr-FR"},{"@type":"Organization","@id":"https:\/\/veloaxe.com\/#organization","name":"Boutique de v\u00e9lo en ligne | VELOAXE","url":"https:\/\/veloaxe.com\/","logo":{"@type":"ImageObject","inLanguage":"fr-FR","@id":"https:\/\/veloaxe.com\/#\/schema\/logo\/image\/","url":"https:\/\/veloaxe.com\/wp-content\/uploads\/2026\/01\/cropped-logo-1.jpg","contentUrl":"https:\/\/veloaxe.com\/wp-content\/uploads\/2026\/01\/cropped-logo-1.jpg","width":1273,"height":363,"caption":"Tienda de bicicletas | VELOAXE"},"image":{"@id":"https:\/\/veloaxe.com\/#\/schema\/logo\/image\/"},"sameAs":["https:\/\/www.facebook.com\/veloaxe"]}]}},"_links":{"self":[{"href":"https:\/\/veloaxe.com\/fr\/wp-json\/wp\/v2\/pages\/3","targetHints":{"allow":["GET"]}}],"collection":[{"href":"https:\/\/veloaxe.com\/fr\/wp-json\/wp\/v2\/pages"}],"about":[{"href":"https:\/\/veloaxe.com\/fr\/wp-json\/wp\/v2\/types\/page"}],"author":[{"embeddable":true,"href":"https:\/\/veloaxe.com\/fr\/wp-json\/wp\/v2\/users\/1"}],"replies":[{"embeddable":true,"href":"https:\/\/veloaxe.com\/fr\/wp-json\/wp\/v2\/comments?post=3"}],"version-history":[{"count":0,"href":"https:\/\/veloaxe.com\/fr\/wp-json\/wp\/v2\/pages\/3\/revisions"}],"wp:attachment":[{"href":"https:\/\/veloaxe.com\/fr\/wp-json\/wp\/v2\/media?parent=3"}],"curies":[{"name":"wp","href":"https:\/\/api.w.org\/{rel}","templated":true}]}}