{"id":104,"date":"2022-08-25T17:29:19","date_gmt":"2022-08-25T17:29:19","guid":{"rendered":"https:\/\/veloaxe.com\/?post_type=product&#038;p=104"},"modified":"2025-11-07T08:46:59","modified_gmt":"2025-11-07T08:46:59","slug":"almohadilla-deda-metal-blast","status":"publish","type":"product","link":"https:\/\/veloaxe.com\/fr\/produit\/almohadilla-deda-metal-blast\/","title":{"rendered":"ALMOHADILLA DEDA METAL BLAST"},"content":{"rendered":"<p><span style=\"color: #000000;\">Las nuevas coderas para <strong>CARBON BLAST<\/strong> y <strong>METAL BLAST<\/strong>. Confeccionado en LYCRA en el exterior y acolchado ultra c\u00f3modo en el interior para el m\u00e1ximo confort. Los surcos centrales son \u00fatiles para la transpiraci\u00f3n.<\/span><\/p>","protected":false},"excerpt":{"rendered":"<p>Las nuevas coderas para CARBON BLAST y METAL BLAST. Confeccionado en LYCRA en el exterior y acolchado ultra c\u00f3modo en el interior para el m\u00e1ximo confort. Los surcos centrales son \u00fatiles para la transpiraci\u00f3n.<\/p>","protected":false},"featured_media":137,"comment_status":"open","ping_status":"closed","template":"","meta":[],"product_brand":[],"product_cat":[16,19,24],"product_tag":[],"class_list":{"0":"post-104","1":"product","2":"type-product","3":"status-publish","4":"has-post-thumbnail","6":"product_cat-carretera-gravel-bicicletas","7":"product_cat-componentes-de-bicicletas","8":"product_cat-manillar-aero-extensiones","9":"product_shipping_class-no-bicicletas","11":"first","12":"instock","13":"sale","14":"shipping-taxable","15":"purchasable","16":"product-type-simple"},"yoast_head":"<!-- This site is optimized with the Yoast SEO plugin v27.6 - https:\/\/yoast.com\/product\/yoast-seo-wordpress\/ -->\n<title>ALMOHADILLA DEDA METAL BLAST - Tienda de bicicletas | VELOAXE<\/title>\n<meta name=\"description\" content=\"ALMOHADILLA DEDA METAL BLAST en VELOAXE.COM por so\u0301lo 22,95 \u20ac. Gastos de envi\u0301o GRATIS para compras superiores a 200\u20ac. Facilidad de pago disponible.\" \/>\n<meta name=\"robots\" content=\"index, follow, max-snippet:-1, max-image-preview:large, max-video-preview:-1\" \/>\n<link rel=\"canonical\" href=\"https:\/\/veloaxe.com\/fr\/produit\/almohadilla-deda-metal-blast\/\" \/>\n<meta property=\"og:locale\" content=\"fr_FR\" \/>\n<meta property=\"og:type\" content=\"article\" \/>\n<meta property=\"og:title\" content=\"ALMOHADILLA DEDA METAL BLAST - Tienda de bicicletas | VELOAXE\" \/>\n<meta property=\"og:description\" content=\"ALMOHADILLA DEDA METAL BLAST en VELOAXE.COM por so\u0301lo 22,95 \u20ac. Gastos de envi\u0301o GRATIS para compras superiores a 200\u20ac. Facilidad de pago disponible.\" \/>\n<meta property=\"og:url\" content=\"https:\/\/veloaxe.com\/fr\/produit\/almohadilla-deda-metal-blast\/\" \/>\n<meta property=\"og:site_name\" content=\"Tienda de bicicletas | VELOAXE\" \/>\n<meta property=\"article:publisher\" content=\"https:\/\/www.facebook.com\/veloaxe\" \/>\n<meta property=\"article:modified_time\" content=\"2025-11-07T08:46:59+00:00\" \/>\n<meta property=\"og:image\" content=\"https:\/\/veloaxe.com\/wp-content\/uploads\/2022\/08\/1200_1500_33____1__mousse-deda-blast_6566-e1667632926649.jpg\" \/>\n\t<meta property=\"og:image:width\" content=\"1102\" \/>\n\t<meta property=\"og:image:height\" content=\"705\" \/>\n\t<meta property=\"og:image:type\" content=\"image\/jpeg\" \/>\n<meta name=\"twitter:card\" content=\"summary_large_image\" \/>\n<meta name=\"twitter:label1\" content=\"Dur\u00e9e de lecture estim\u00e9e\" \/>\n\t<meta name=\"twitter:data1\" content=\"1 minute\" \/>\n<script type=\"application\/ld+json\" class=\"yoast-schema-graph\">{\"@context\":\"https:\\\/\\\/schema.org\",\"@graph\":[{\"@type\":\"WebPage\",\"@id\":\"https:\\\/\\\/veloaxe.com\\\/producto\\\/almohadilla-deda-metal-blast\\\/\",\"url\":\"https:\\\/\\\/veloaxe.com\\\/producto\\\/almohadilla-deda-metal-blast\\\/\",\"name\":\"ALMOHADILLA DEDA METAL BLAST - Tienda de bicicletas | VELOAXE\",\"isPartOf\":{\"@id\":\"https:\\\/\\\/veloaxe.com\\\/#website\"},\"primaryImageOfPage\":{\"@id\":\"https:\\\/\\\/veloaxe.com\\\/producto\\\/almohadilla-deda-metal-blast\\\/#primaryimage\"},\"image\":{\"@id\":\"https:\\\/\\\/veloaxe.com\\\/producto\\\/almohadilla-deda-metal-blast\\\/#primaryimage\"},\"thumbnailUrl\":\"https:\\\/\\\/veloaxe.com\\\/wp-content\\\/uploads\\\/2022\\\/08\\\/1200_1500_33____1__mousse-deda-blast_6566-e1667632926649.jpg\",\"datePublished\":\"2022-08-25T17:29:19+00:00\",\"dateModified\":\"2025-11-07T08:46:59+00:00\",\"description\":\"ALMOHADILLA DEDA METAL BLAST en VELOAXE.COM por so\u0301lo 22,95 \u20ac. Gastos de envi\u0301o GRATIS para compras superiores a 200\u20ac. Facilidad de pago disponible.\",\"breadcrumb\":{\"@id\":\"https:\\\/\\\/veloaxe.com\\\/producto\\\/almohadilla-deda-metal-blast\\\/#breadcrumb\"},\"inLanguage\":\"fr-FR\",\"potentialAction\":[{\"@type\":\"ReadAction\",\"target\":[\"https:\\\/\\\/veloaxe.com\\\/producto\\\/almohadilla-deda-metal-blast\\\/\"]}]},{\"@type\":\"ImageObject\",\"inLanguage\":\"fr-FR\",\"@id\":\"https:\\\/\\\/veloaxe.com\\\/producto\\\/almohadilla-deda-metal-blast\\\/#primaryimage\",\"url\":\"https:\\\/\\\/veloaxe.com\\\/wp-content\\\/uploads\\\/2022\\\/08\\\/1200_1500_33____1__mousse-deda-blast_6566-e1667632926649.jpg\",\"contentUrl\":\"https:\\\/\\\/veloaxe.com\\\/wp-content\\\/uploads\\\/2022\\\/08\\\/1200_1500_33____1__mousse-deda-blast_6566-e1667632926649.jpg\",\"width\":1102,\"height\":705,\"caption\":\"almohadilla-deda-metal-blast\"},{\"@type\":\"BreadcrumbList\",\"@id\":\"https:\\\/\\\/veloaxe.com\\\/producto\\\/almohadilla-deda-metal-blast\\\/#breadcrumb\",\"itemListElement\":[{\"@type\":\"ListItem\",\"position\":1,\"name\":\"Portada\",\"item\":\"https:\\\/\\\/paleturquoise-herring-271034.hostingersite.com\\\/\"},{\"@type\":\"ListItem\",\"position\":2,\"name\":\"Shop\",\"item\":\"https:\\\/\\\/paleturquoise-herring-271034.hostingersite.com\\\/shop\\\/\"},{\"@type\":\"ListItem\",\"position\":3,\"name\":\"ALMOHADILLA DEDA METAL BLAST\"}]},{\"@type\":\"WebSite\",\"@id\":\"https:\\\/\\\/veloaxe.com\\\/#website\",\"url\":\"https:\\\/\\\/veloaxe.com\\\/\",\"name\":\"Tienda de bicicletas | VELOAXE\",\"description\":\"Descubre una amplia selecci\u00f3n de bicicletas de alta calidad, desde modelos urbanos y de monta\u00f1a hasta bicicletas de carretera de \u00faltima generaci\u00f3n. Con un servicio experto y accesorios especializados, estamos comprometidos a brindarte la mejor experiencia ciclista.\",\"publisher\":{\"@id\":\"https:\\\/\\\/veloaxe.com\\\/#organization\"},\"potentialAction\":[{\"@type\":\"SearchAction\",\"target\":{\"@type\":\"EntryPoint\",\"urlTemplate\":\"https:\\\/\\\/veloaxe.com\\\/?s={search_term_string}\"},\"query-input\":{\"@type\":\"PropertyValueSpecification\",\"valueRequired\":true,\"valueName\":\"search_term_string\"}}],\"inLanguage\":\"fr-FR\"},{\"@type\":\"Organization\",\"@id\":\"https:\\\/\\\/veloaxe.com\\\/#organization\",\"name\":\"Tienda de bicicletas | VELOAXE\",\"url\":\"https:\\\/\\\/veloaxe.com\\\/\",\"logo\":{\"@type\":\"ImageObject\",\"inLanguage\":\"fr-FR\",\"@id\":\"https:\\\/\\\/veloaxe.com\\\/#\\\/schema\\\/logo\\\/image\\\/\",\"url\":\"https:\\\/\\\/veloaxe.com\\\/wp-content\\\/uploads\\\/2026\\\/01\\\/cropped-logo-1.jpg\",\"contentUrl\":\"https:\\\/\\\/veloaxe.com\\\/wp-content\\\/uploads\\\/2026\\\/01\\\/cropped-logo-1.jpg\",\"width\":1273,\"height\":363,\"caption\":\"Tienda de bicicletas | VELOAXE\"},\"image\":{\"@id\":\"https:\\\/\\\/veloaxe.com\\\/#\\\/schema\\\/logo\\\/image\\\/\"},\"sameAs\":[\"https:\\\/\\\/www.facebook.com\\\/veloaxe\"]}]}<\/script>\n<!-- \/ Yoast SEO plugin. -->","yoast_head_json":{"title":"ALMOHADILLA DEDA METAL BLAST - Tienda de bicicletas | VELOAXE","description":"ALMOHADILLA DEDA METAL BLAST en VELOAXE.COM por so\u0301lo 22,95 \u20ac. Gastos de envi\u0301o GRATIS para compras superiores a 200\u20ac. Facilidad de pago disponible.","robots":{"index":"index","follow":"follow","max-snippet":"max-snippet:-1","max-image-preview":"max-image-preview:large","max-video-preview":"max-video-preview:-1"},"canonical":"https:\/\/veloaxe.com\/fr\/produit\/almohadilla-deda-metal-blast\/","og_locale":"fr_FR","og_type":"article","og_title":"ALMOHADILLA DEDA METAL BLAST - Tienda de bicicletas | VELOAXE","og_description":"ALMOHADILLA DEDA METAL BLAST en VELOAXE.COM por so\u0301lo 22,95 \u20ac. Gastos de envi\u0301o GRATIS para compras superiores a 200\u20ac. Facilidad de pago disponible.","og_url":"https:\/\/veloaxe.com\/fr\/produit\/almohadilla-deda-metal-blast\/","og_site_name":"Tienda de bicicletas | VELOAXE","article_publisher":"https:\/\/www.facebook.com\/veloaxe","article_modified_time":"2025-11-07T08:46:59+00:00","og_image":[{"width":1102,"height":705,"url":"https:\/\/veloaxe.com\/wp-content\/uploads\/2022\/08\/1200_1500_33____1__mousse-deda-blast_6566-e1667632926649.jpg","type":"image\/jpeg"}],"twitter_card":"summary_large_image","twitter_misc":{"Dur\u00e9e de lecture estim\u00e9e":"1 minute"},"schema":{"@context":"https:\/\/schema.org","@graph":[{"@type":"WebPage","@id":"https:\/\/veloaxe.com\/producto\/almohadilla-deda-metal-blast\/","url":"https:\/\/veloaxe.com\/producto\/almohadilla-deda-metal-blast\/","name":"ALMOHADILLA DEDA METAL BLAST - Tienda de bicicletas | VELOAXE","isPartOf":{"@id":"https:\/\/veloaxe.com\/#website"},"primaryImageOfPage":{"@id":"https:\/\/veloaxe.com\/producto\/almohadilla-deda-metal-blast\/#primaryimage"},"image":{"@id":"https:\/\/veloaxe.com\/producto\/almohadilla-deda-metal-blast\/#primaryimage"},"thumbnailUrl":"https:\/\/veloaxe.com\/wp-content\/uploads\/2022\/08\/1200_1500_33____1__mousse-deda-blast_6566-e1667632926649.jpg","datePublished":"2022-08-25T17:29:19+00:00","dateModified":"2025-11-07T08:46:59+00:00","description":"ALMOHADILLA DEDA METAL BLAST en VELOAXE.COM por so\u0301lo 22,95 \u20ac. Gastos de envi\u0301o GRATIS para compras superiores a 200\u20ac. Facilidad de pago disponible.","breadcrumb":{"@id":"https:\/\/veloaxe.com\/producto\/almohadilla-deda-metal-blast\/#breadcrumb"},"inLanguage":"fr-FR","potentialAction":[{"@type":"ReadAction","target":["https:\/\/veloaxe.com\/producto\/almohadilla-deda-metal-blast\/"]}]},{"@type":"ImageObject","inLanguage":"fr-FR","@id":"https:\/\/veloaxe.com\/producto\/almohadilla-deda-metal-blast\/#primaryimage","url":"https:\/\/veloaxe.com\/wp-content\/uploads\/2022\/08\/1200_1500_33____1__mousse-deda-blast_6566-e1667632926649.jpg","contentUrl":"https:\/\/veloaxe.com\/wp-content\/uploads\/2022\/08\/1200_1500_33____1__mousse-deda-blast_6566-e1667632926649.jpg","width":1102,"height":705,"caption":"almohadilla-deda-metal-blast"},{"@type":"BreadcrumbList","@id":"https:\/\/veloaxe.com\/producto\/almohadilla-deda-metal-blast\/#breadcrumb","itemListElement":[{"@type":"ListItem","position":1,"name":"Portada","item":"https:\/\/paleturquoise-herring-271034.hostingersite.com\/"},{"@type":"ListItem","position":2,"name":"Shop","item":"https:\/\/paleturquoise-herring-271034.hostingersite.com\/shop\/"},{"@type":"ListItem","position":3,"name":"ALMOHADILLA DEDA METAL BLAST"}]},{"@type":"WebSite","@id":"https:\/\/veloaxe.com\/#website","url":"https:\/\/veloaxe.com\/","name":"Boutique de v\u00e9lo en ligne | VELOAXE","description":"Descubre una amplia selecci\u00f3n de bicicletas de alta calidad, desde modelos urbanos y de monta\u00f1a hasta bicicletas de carretera de \u00faltima generaci\u00f3n. Con un servicio experto y accesorios especializados, estamos comprometidos a brindarte la mejor experiencia ciclista.","publisher":{"@id":"https:\/\/veloaxe.com\/#organization"},"potentialAction":[{"@type":"SearchAction","target":{"@type":"EntryPoint","urlTemplate":"https:\/\/veloaxe.com\/?s={search_term_string}"},"query-input":{"@type":"PropertyValueSpecification","valueRequired":true,"valueName":"search_term_string"}}],"inLanguage":"fr-FR"},{"@type":"Organization","@id":"https:\/\/veloaxe.com\/#organization","name":"Boutique de v\u00e9lo en ligne | VELOAXE","url":"https:\/\/veloaxe.com\/","logo":{"@type":"ImageObject","inLanguage":"fr-FR","@id":"https:\/\/veloaxe.com\/#\/schema\/logo\/image\/","url":"https:\/\/veloaxe.com\/wp-content\/uploads\/2026\/01\/cropped-logo-1.jpg","contentUrl":"https:\/\/veloaxe.com\/wp-content\/uploads\/2026\/01\/cropped-logo-1.jpg","width":1273,"height":363,"caption":"Tienda de bicicletas | VELOAXE"},"image":{"@id":"https:\/\/veloaxe.com\/#\/schema\/logo\/image\/"},"sameAs":["https:\/\/www.facebook.com\/veloaxe"]}]}},"_links":{"self":[{"href":"https:\/\/veloaxe.com\/fr\/wp-json\/wp\/v2\/product\/104","targetHints":{"allow":["GET"]}}],"collection":[{"href":"https:\/\/veloaxe.com\/fr\/wp-json\/wp\/v2\/product"}],"about":[{"href":"https:\/\/veloaxe.com\/fr\/wp-json\/wp\/v2\/types\/product"}],"replies":[{"embeddable":true,"href":"https:\/\/veloaxe.com\/fr\/wp-json\/wp\/v2\/comments?post=104"}],"wp:featuredmedia":[{"embeddable":true,"href":"https:\/\/veloaxe.com\/fr\/wp-json\/wp\/v2\/media\/137"}],"wp:attachment":[{"href":"https:\/\/veloaxe.com\/fr\/wp-json\/wp\/v2\/media?parent=104"}],"wp:term":[{"taxonomy":"product_brand","embeddable":true,"href":"https:\/\/veloaxe.com\/fr\/wp-json\/wp\/v2\/product_brand?post=104"},{"taxonomy":"product_cat","embeddable":true,"href":"https:\/\/veloaxe.com\/fr\/wp-json\/wp\/v2\/product_cat?post=104"},{"taxonomy":"product_tag","embeddable":true,"href":"https:\/\/veloaxe.com\/fr\/wp-json\/wp\/v2\/product_tag?post=104"}],"curies":[{"name":"wp","href":"https:\/\/api.w.org\/{rel}","templated":true}]}}