{"id":1089,"date":"2022-08-25T17:34:18","date_gmt":"2022-08-25T17:34:18","guid":{"rendered":"https:\/\/veloaxe.com\/?post_type=product&#038;p=1089"},"modified":"2025-10-28T18:52:07","modified_gmt":"2025-10-28T18:52:07","slug":"luz-sigma-aura-60-usb","status":"publish","type":"product","link":"https:\/\/veloaxe.com\/fr\/produit\/luz-sigma-aura-60-usb\/","title":{"rendered":"LUZ SIGMA AURA 60 USB"},"content":{"rendered":"<p><span style=\"color: #000000;\">La luz <strong>SIGAM AURA 60<\/strong> ofrece un alcance de 70 y una luminosidad de <strong>60 LUX<\/strong>. El <strong>AURA 60 USB<\/strong> ilumina las carreteras y caminos de forma <strong>\u00d3PTIMA<\/strong>, garantizando adem\u00e1s una mejor visibilidad lateral gracias a su <strong>LUZ GU\u00cdA<\/strong>, para una mayor seguridad en el tr\u00e1fico rodado. Esta iluminaci\u00f3n homologada para uso en carretera cumplir\u00e1 con todas las expectativas de los ciclistas deportivos y ciclistas urbanos. 3 modos de iluminaci\u00f3n, que van desde los <strong>60 LUX<\/strong> en modo<strong> EST\u00c1NDA<\/strong>R hasta los 18 LUX en modo ECO sin olvidar los 30 LUX en modo MID, proporcionan una luminosidad <strong>\u00d3PTIMA<\/strong> tanto en ciudad como fuera de carretera. La autonom\u00eda es de 4 a 10 horas dependiendo del modo utilizado.<\/span><\/p>\n<p><span style=\"color: #000000;\">Bater\u00eda: Li-Ion con funci\u00f3n de carga <strong>MICRO USB<\/strong> integrada.<\/span><\/p>","protected":false},"excerpt":{"rendered":"<p>La luz SIGAM AURA 60 ofrece un alcance de 70 y una luminosidad de 60 LUX. El AURA 60 USB ilumina las carreteras y caminos de forma \u00d3PTIMA, garantizando adem\u00e1s una mejor visibilidad lateral gracias a su LUZ GU\u00cdA, para una mayor seguridad en el tr\u00e1fico rodado. Esta iluminaci\u00f3n homologada para uso en carretera cumplir\u00e1 [&hellip;]<\/p>\n","protected":false},"featured_media":1120,"comment_status":"open","ping_status":"closed","template":"","meta":[],"product_brand":[],"product_cat":[80,89,91],"product_tag":[],"class_list":{"0":"post-1089","1":"product","2":"type-product","3":"status-publish","4":"has-post-thumbnail","6":"product_cat-accesorios","7":"product_cat-luces-para-bicicletas-con-led","8":"product_cat-luces-led-con-usb","9":"product_shipping_class-no-bicicletas","11":"first","12":"instock","13":"sale","14":"shipping-taxable","15":"purchasable","16":"product-type-simple"},"yoast_head":"<!-- This site is optimized with the Yoast SEO plugin v27.6 - https:\/\/yoast.com\/product\/yoast-seo-wordpress\/ -->\n<title>LUZ SIGMA AURA 60 USB - Tienda de bicicletas | VELOAXE<\/title>\n<meta name=\"description\" content=\"LUZ BICICLETA SIGMA AURA 60 USB en VELOAXE.COM por so\u0301lo 46,89 \u20ac. Env\u00edo desde 4,49 euros, facilidad de pago disponible hasta 12X.\" \/>\n<meta name=\"robots\" content=\"index, follow, max-snippet:-1, max-image-preview:large, max-video-preview:-1\" \/>\n<link rel=\"canonical\" href=\"https:\/\/veloaxe.com\/fr\/produit\/luz-sigma-aura-60-usb\/\" \/>\n<meta property=\"og:locale\" content=\"fr_FR\" \/>\n<meta property=\"og:type\" content=\"article\" \/>\n<meta property=\"og:title\" content=\"LUZ SIGMA AURA 60 USB - Tienda de bicicletas | VELOAXE\" \/>\n<meta property=\"og:description\" content=\"LUZ BICICLETA SIGMA AURA 60 USB en VELOAXE.COM por so\u0301lo 46,89 \u20ac. Env\u00edo desde 4,49 euros, facilidad de pago disponible hasta 12X.\" \/>\n<meta property=\"og:url\" content=\"https:\/\/veloaxe.com\/fr\/produit\/luz-sigma-aura-60-usb\/\" \/>\n<meta property=\"og:site_name\" content=\"Tienda de bicicletas | VELOAXE\" \/>\n<meta property=\"article:publisher\" content=\"https:\/\/www.facebook.com\/veloaxe\" \/>\n<meta property=\"article:modified_time\" content=\"2025-10-28T18:52:07+00:00\" \/>\n<meta property=\"og:image\" content=\"https:\/\/veloaxe.com\/wp-content\/uploads\/2022\/08\/1200_1500_24____1__eclairage-sigma-60-aura-usb_7937-e1666027932964.jpg\" \/>\n\t<meta property=\"og:image:width\" content=\"918\" \/>\n\t<meta property=\"og:image:height\" content=\"1181\" \/>\n\t<meta property=\"og:image:type\" content=\"image\/jpeg\" \/>\n<meta name=\"twitter:card\" content=\"summary_large_image\" \/>\n<meta name=\"twitter:label1\" content=\"Dur\u00e9e de lecture estim\u00e9e\" \/>\n\t<meta name=\"twitter:data1\" content=\"1 minute\" \/>\n<script type=\"application\/ld+json\" class=\"yoast-schema-graph\">{\"@context\":\"https:\\\/\\\/schema.org\",\"@graph\":[{\"@type\":\"WebPage\",\"@id\":\"https:\\\/\\\/veloaxe.com\\\/producto\\\/luz-sigma-aura-60-usb\\\/\",\"url\":\"https:\\\/\\\/veloaxe.com\\\/producto\\\/luz-sigma-aura-60-usb\\\/\",\"name\":\"LUZ SIGMA AURA 60 USB - Tienda de bicicletas | VELOAXE\",\"isPartOf\":{\"@id\":\"https:\\\/\\\/veloaxe.com\\\/#website\"},\"primaryImageOfPage\":{\"@id\":\"https:\\\/\\\/veloaxe.com\\\/producto\\\/luz-sigma-aura-60-usb\\\/#primaryimage\"},\"image\":{\"@id\":\"https:\\\/\\\/veloaxe.com\\\/producto\\\/luz-sigma-aura-60-usb\\\/#primaryimage\"},\"thumbnailUrl\":\"https:\\\/\\\/veloaxe.com\\\/wp-content\\\/uploads\\\/2022\\\/08\\\/1200_1500_24____1__eclairage-sigma-60-aura-usb_7937-e1666027932964.jpg\",\"datePublished\":\"2022-08-25T17:34:18+00:00\",\"dateModified\":\"2025-10-28T18:52:07+00:00\",\"description\":\"LUZ BICICLETA SIGMA AURA 60 USB en VELOAXE.COM por so\u0301lo 46,89 \u20ac. Env\u00edo desde 4,49 euros, facilidad de pago disponible hasta 12X.\",\"breadcrumb\":{\"@id\":\"https:\\\/\\\/veloaxe.com\\\/producto\\\/luz-sigma-aura-60-usb\\\/#breadcrumb\"},\"inLanguage\":\"fr-FR\",\"potentialAction\":[{\"@type\":\"ReadAction\",\"target\":[\"https:\\\/\\\/veloaxe.com\\\/producto\\\/luz-sigma-aura-60-usb\\\/\"]}]},{\"@type\":\"ImageObject\",\"inLanguage\":\"fr-FR\",\"@id\":\"https:\\\/\\\/veloaxe.com\\\/producto\\\/luz-sigma-aura-60-usb\\\/#primaryimage\",\"url\":\"https:\\\/\\\/veloaxe.com\\\/wp-content\\\/uploads\\\/2022\\\/08\\\/1200_1500_24____1__eclairage-sigma-60-aura-usb_7937-e1666027932964.jpg\",\"contentUrl\":\"https:\\\/\\\/veloaxe.com\\\/wp-content\\\/uploads\\\/2022\\\/08\\\/1200_1500_24____1__eclairage-sigma-60-aura-usb_7937-e1666027932964.jpg\",\"width\":918,\"height\":1181,\"caption\":\"luz-bicicleta-sigma-aura-60-usb\"},{\"@type\":\"BreadcrumbList\",\"@id\":\"https:\\\/\\\/veloaxe.com\\\/producto\\\/luz-sigma-aura-60-usb\\\/#breadcrumb\",\"itemListElement\":[{\"@type\":\"ListItem\",\"position\":1,\"name\":\"Portada\",\"item\":\"https:\\\/\\\/paleturquoise-herring-271034.hostingersite.com\\\/\"},{\"@type\":\"ListItem\",\"position\":2,\"name\":\"Shop\",\"item\":\"https:\\\/\\\/paleturquoise-herring-271034.hostingersite.com\\\/shop\\\/\"},{\"@type\":\"ListItem\",\"position\":3,\"name\":\"LUZ SIGMA AURA 60 USB\"}]},{\"@type\":\"WebSite\",\"@id\":\"https:\\\/\\\/veloaxe.com\\\/#website\",\"url\":\"https:\\\/\\\/veloaxe.com\\\/\",\"name\":\"Tienda de bicicletas | VELOAXE\",\"description\":\"Descubre una amplia selecci\u00f3n de bicicletas de alta calidad, desde modelos urbanos y de monta\u00f1a hasta bicicletas de carretera de \u00faltima generaci\u00f3n. Con un servicio experto y accesorios especializados, estamos comprometidos a brindarte la mejor experiencia ciclista.\",\"publisher\":{\"@id\":\"https:\\\/\\\/veloaxe.com\\\/#organization\"},\"potentialAction\":[{\"@type\":\"SearchAction\",\"target\":{\"@type\":\"EntryPoint\",\"urlTemplate\":\"https:\\\/\\\/veloaxe.com\\\/?s={search_term_string}\"},\"query-input\":{\"@type\":\"PropertyValueSpecification\",\"valueRequired\":true,\"valueName\":\"search_term_string\"}}],\"inLanguage\":\"fr-FR\"},{\"@type\":\"Organization\",\"@id\":\"https:\\\/\\\/veloaxe.com\\\/#organization\",\"name\":\"Tienda de bicicletas | VELOAXE\",\"url\":\"https:\\\/\\\/veloaxe.com\\\/\",\"logo\":{\"@type\":\"ImageObject\",\"inLanguage\":\"fr-FR\",\"@id\":\"https:\\\/\\\/veloaxe.com\\\/#\\\/schema\\\/logo\\\/image\\\/\",\"url\":\"https:\\\/\\\/veloaxe.com\\\/wp-content\\\/uploads\\\/2026\\\/01\\\/cropped-logo-1.jpg\",\"contentUrl\":\"https:\\\/\\\/veloaxe.com\\\/wp-content\\\/uploads\\\/2026\\\/01\\\/cropped-logo-1.jpg\",\"width\":1273,\"height\":363,\"caption\":\"Tienda de bicicletas | VELOAXE\"},\"image\":{\"@id\":\"https:\\\/\\\/veloaxe.com\\\/#\\\/schema\\\/logo\\\/image\\\/\"},\"sameAs\":[\"https:\\\/\\\/www.facebook.com\\\/veloaxe\"]}]}<\/script>\n<!-- \/ Yoast SEO plugin. -->","yoast_head_json":{"title":"LUZ SIGMA AURA 60 USB - Tienda de bicicletas | VELOAXE","description":"LUZ BICICLETA SIGMA AURA 60 USB en VELOAXE.COM por so\u0301lo 46,89 \u20ac. Env\u00edo desde 4,49 euros, facilidad de pago disponible hasta 12X.","robots":{"index":"index","follow":"follow","max-snippet":"max-snippet:-1","max-image-preview":"max-image-preview:large","max-video-preview":"max-video-preview:-1"},"canonical":"https:\/\/veloaxe.com\/fr\/produit\/luz-sigma-aura-60-usb\/","og_locale":"fr_FR","og_type":"article","og_title":"LUZ SIGMA AURA 60 USB - Tienda de bicicletas | VELOAXE","og_description":"LUZ BICICLETA SIGMA AURA 60 USB en VELOAXE.COM por so\u0301lo 46,89 \u20ac. Env\u00edo desde 4,49 euros, facilidad de pago disponible hasta 12X.","og_url":"https:\/\/veloaxe.com\/fr\/produit\/luz-sigma-aura-60-usb\/","og_site_name":"Tienda de bicicletas | VELOAXE","article_publisher":"https:\/\/www.facebook.com\/veloaxe","article_modified_time":"2025-10-28T18:52:07+00:00","og_image":[{"width":918,"height":1181,"url":"https:\/\/veloaxe.com\/wp-content\/uploads\/2022\/08\/1200_1500_24____1__eclairage-sigma-60-aura-usb_7937-e1666027932964.jpg","type":"image\/jpeg"}],"twitter_card":"summary_large_image","twitter_misc":{"Dur\u00e9e de lecture estim\u00e9e":"1 minute"},"schema":{"@context":"https:\/\/schema.org","@graph":[{"@type":"WebPage","@id":"https:\/\/veloaxe.com\/producto\/luz-sigma-aura-60-usb\/","url":"https:\/\/veloaxe.com\/producto\/luz-sigma-aura-60-usb\/","name":"LUZ SIGMA AURA 60 USB - Tienda de bicicletas | VELOAXE","isPartOf":{"@id":"https:\/\/veloaxe.com\/#website"},"primaryImageOfPage":{"@id":"https:\/\/veloaxe.com\/producto\/luz-sigma-aura-60-usb\/#primaryimage"},"image":{"@id":"https:\/\/veloaxe.com\/producto\/luz-sigma-aura-60-usb\/#primaryimage"},"thumbnailUrl":"https:\/\/veloaxe.com\/wp-content\/uploads\/2022\/08\/1200_1500_24____1__eclairage-sigma-60-aura-usb_7937-e1666027932964.jpg","datePublished":"2022-08-25T17:34:18+00:00","dateModified":"2025-10-28T18:52:07+00:00","description":"LUZ BICICLETA SIGMA AURA 60 USB en VELOAXE.COM por so\u0301lo 46,89 \u20ac. Env\u00edo desde 4,49 euros, facilidad de pago disponible hasta 12X.","breadcrumb":{"@id":"https:\/\/veloaxe.com\/producto\/luz-sigma-aura-60-usb\/#breadcrumb"},"inLanguage":"fr-FR","potentialAction":[{"@type":"ReadAction","target":["https:\/\/veloaxe.com\/producto\/luz-sigma-aura-60-usb\/"]}]},{"@type":"ImageObject","inLanguage":"fr-FR","@id":"https:\/\/veloaxe.com\/producto\/luz-sigma-aura-60-usb\/#primaryimage","url":"https:\/\/veloaxe.com\/wp-content\/uploads\/2022\/08\/1200_1500_24____1__eclairage-sigma-60-aura-usb_7937-e1666027932964.jpg","contentUrl":"https:\/\/veloaxe.com\/wp-content\/uploads\/2022\/08\/1200_1500_24____1__eclairage-sigma-60-aura-usb_7937-e1666027932964.jpg","width":918,"height":1181,"caption":"luz-bicicleta-sigma-aura-60-usb"},{"@type":"BreadcrumbList","@id":"https:\/\/veloaxe.com\/producto\/luz-sigma-aura-60-usb\/#breadcrumb","itemListElement":[{"@type":"ListItem","position":1,"name":"Portada","item":"https:\/\/paleturquoise-herring-271034.hostingersite.com\/"},{"@type":"ListItem","position":2,"name":"Shop","item":"https:\/\/paleturquoise-herring-271034.hostingersite.com\/shop\/"},{"@type":"ListItem","position":3,"name":"LUZ SIGMA AURA 60 USB"}]},{"@type":"WebSite","@id":"https:\/\/veloaxe.com\/#website","url":"https:\/\/veloaxe.com\/","name":"Boutique de v\u00e9lo en ligne | VELOAXE","description":"Descubre una amplia selecci\u00f3n de bicicletas de alta calidad, desde modelos urbanos y de monta\u00f1a hasta bicicletas de carretera de \u00faltima generaci\u00f3n. Con un servicio experto y accesorios especializados, estamos comprometidos a brindarte la mejor experiencia ciclista.","publisher":{"@id":"https:\/\/veloaxe.com\/#organization"},"potentialAction":[{"@type":"SearchAction","target":{"@type":"EntryPoint","urlTemplate":"https:\/\/veloaxe.com\/?s={search_term_string}"},"query-input":{"@type":"PropertyValueSpecification","valueRequired":true,"valueName":"search_term_string"}}],"inLanguage":"fr-FR"},{"@type":"Organization","@id":"https:\/\/veloaxe.com\/#organization","name":"Boutique de v\u00e9lo en ligne | VELOAXE","url":"https:\/\/veloaxe.com\/","logo":{"@type":"ImageObject","inLanguage":"fr-FR","@id":"https:\/\/veloaxe.com\/#\/schema\/logo\/image\/","url":"https:\/\/veloaxe.com\/wp-content\/uploads\/2026\/01\/cropped-logo-1.jpg","contentUrl":"https:\/\/veloaxe.com\/wp-content\/uploads\/2026\/01\/cropped-logo-1.jpg","width":1273,"height":363,"caption":"Tienda de bicicletas | VELOAXE"},"image":{"@id":"https:\/\/veloaxe.com\/#\/schema\/logo\/image\/"},"sameAs":["https:\/\/www.facebook.com\/veloaxe"]}]}},"_links":{"self":[{"href":"https:\/\/veloaxe.com\/fr\/wp-json\/wp\/v2\/product\/1089","targetHints":{"allow":["GET"]}}],"collection":[{"href":"https:\/\/veloaxe.com\/fr\/wp-json\/wp\/v2\/product"}],"about":[{"href":"https:\/\/veloaxe.com\/fr\/wp-json\/wp\/v2\/types\/product"}],"replies":[{"embeddable":true,"href":"https:\/\/veloaxe.com\/fr\/wp-json\/wp\/v2\/comments?post=1089"}],"wp:featuredmedia":[{"embeddable":true,"href":"https:\/\/veloaxe.com\/fr\/wp-json\/wp\/v2\/media\/1120"}],"wp:attachment":[{"href":"https:\/\/veloaxe.com\/fr\/wp-json\/wp\/v2\/media?parent=1089"}],"wp:term":[{"taxonomy":"product_brand","embeddable":true,"href":"https:\/\/veloaxe.com\/fr\/wp-json\/wp\/v2\/product_brand?post=1089"},{"taxonomy":"product_cat","embeddable":true,"href":"https:\/\/veloaxe.com\/fr\/wp-json\/wp\/v2\/product_cat?post=1089"},{"taxonomy":"product_tag","embeddable":true,"href":"https:\/\/veloaxe.com\/fr\/wp-json\/wp\/v2\/product_tag?post=1089"}],"curies":[{"name":"wp","href":"https:\/\/api.w.org\/{rel}","templated":true}]}}