{"id":1094,"date":"2022-08-25T17:34:19","date_gmt":"2022-08-25T17:34:19","guid":{"rendered":"https:\/\/veloaxe.com\/?post_type=product&#038;p=1094"},"modified":"2025-10-28T09:43:21","modified_gmt":"2025-10-28T09:43:21","slug":"luz-sigma-aura-80-nuggets-2-flash-usb-led","status":"publish","type":"product","link":"https:\/\/veloaxe.com\/fr\/producto\/luz-sigma-aura-80-nuggets-2-flash-usb-led\/","title":{"rendered":"KIT LUZ SIGMA AURA 80 + Nuggets 2 flash USB \/ LED"},"content":{"rendered":"<p><span style=\"color: #000000;\">La luz <strong>SIGAM AURA 80<\/strong> ofrece un alcance de 90 y una luminosidad de<strong> 80 LUX<\/strong>. El<strong> AURA 80 USB<\/strong> ilumina las carreteras y caminos de forma <strong>\u00d3PTIMA<\/strong>, garantizando adem\u00e1s una mejor visibilidad lateral gracias a su LUZ GU\u00cdA, para una mayor seguridad en el tr\u00e1fico rodado. Esta iluminaci\u00f3n homologada para uso en carretera cumplir\u00e1 con todas las expectativas de los ciclistas deportivos y ciclistas urbanos. <\/span><span style=\"color: #000000;\">3 modos de iluminaci\u00f3n, que van desde los 80 LUX en modo EST\u00c1NDAR hasta los 20 LUX en modo ECO sin olvidar los 60 LUX en modo MID, proporcionan una luminosidad \u00d3PTIMA tanto en ciudad como fuera de carretera. La autonom\u00eda es de 4 a 15 horas dependiendo del modo utilizado.<\/span><\/p>\n<p><span style=\"color: #000000;\">El <strong>NUGGETS 2 FLASH<\/strong> tiene una nueva luz LED trasera, ha sido dise\u00f1ado para el uso diario en la ciudad o en el camino. Esto garantiza una alta seguridad, combinada con la carga USB. Con su LED de alta potencia de 0,5 WATT y una visibilidad lateral de m\u00e1s de 220\u00b0, los <strong>NUGGETS<\/strong> garantizan una seguridad muy alta con una visibilidad perfecta de hasta 400 metros. Se adapta a todas las bicicletas. Autonom\u00eda 8 horas, resistente al agua.<\/span><\/p>\n<p>&nbsp;<\/p>\n<p><span style=\"color: #000000;\">Bater\u00eda: Li-Ion con funci\u00f3n de carga MICRO USB integrada.<\/span><\/p>\n<p>&nbsp;<\/p>","protected":false},"excerpt":{"rendered":"<p>La luz SIGAM AURA 80 ofrece un alcance de 90 y una luminosidad de 80 LUX. El AURA 80 USB ilumina las carreteras y caminos de forma \u00d3PTIMA, garantizando adem\u00e1s una mejor visibilidad lateral gracias a su LUZ GU\u00cdA, para una mayor seguridad en el tr\u00e1fico rodado. Esta iluminaci\u00f3n homologada para uso en carretera cumplir\u00e1 [&hellip;]<\/p>\n","protected":false},"featured_media":1129,"comment_status":"open","ping_status":"closed","template":"","meta":[],"product_brand":[],"product_cat":[80,89,91],"product_tag":[],"class_list":{"0":"post-1094","1":"product","2":"type-product","3":"status-publish","4":"has-post-thumbnail","6":"product_cat-accesorios","7":"product_cat-luces-para-bicicletas-con-led","8":"product_cat-luces-led-con-usb","9":"product_shipping_class-no-bicicletas","11":"first","12":"instock","13":"sale","14":"shipping-taxable","15":"purchasable","16":"product-type-simple"},"yoast_head":"<!-- This site is optimized with the Yoast SEO plugin v27.6 - https:\/\/yoast.com\/product\/yoast-seo-wordpress\/ -->\n<title>KIT LUZ SIGMA AURA 80 \/ NUGGETS 2 - VELOAXE.COM<\/title>\n<meta name=\"description\" content=\"KIT LUZ SIGMA AURA 80 \/ NUGGETS 2 FLASH USB LEB en VELOAXE.COM por so\u0301lo 59,99 \u20ac. Env\u00edo desde 4,49 euros, facilidad de pago disponible hasta 12X.\" \/>\n<meta name=\"robots\" content=\"index, follow, max-snippet:-1, max-image-preview:large, max-video-preview:-1\" \/>\n<link rel=\"canonical\" href=\"https:\/\/veloaxe.com\/fr\/produit\/luz-sigma-aura-80-nuggets-2-flash-usb-led\/\" \/>\n<meta property=\"og:locale\" content=\"fr_FR\" \/>\n<meta property=\"og:type\" content=\"article\" \/>\n<meta property=\"og:title\" content=\"KIT LUZ SIGMA AURA 80 \/ NUGGETS 2 - VELOAXE.COM\" \/>\n<meta property=\"og:description\" content=\"KIT LUZ SIGMA AURA 80 \/ NUGGETS 2 FLASH USB LEB en VELOAXE.COM por so\u0301lo 59,99 \u20ac. Env\u00edo desde 4,49 euros, facilidad de pago disponible hasta 12X.\" \/>\n<meta property=\"og:url\" content=\"https:\/\/veloaxe.com\/fr\/produit\/luz-sigma-aura-80-nuggets-2-flash-usb-led\/\" \/>\n<meta property=\"og:site_name\" content=\"Tienda de bicicletas | VELOAXE\" \/>\n<meta property=\"article:publisher\" content=\"https:\/\/www.facebook.com\/veloaxe\" \/>\n<meta property=\"article:modified_time\" content=\"2025-10-28T09:43:21+00:00\" \/>\n<meta property=\"og:image\" content=\"https:\/\/veloaxe.com\/wp-content\/uploads\/2022\/08\/1200_1500_14____1__kit-eclairage-aura-80-usb_7935-e1666001090205.jpg\" \/>\n\t<meta property=\"og:image:width\" content=\"806\" \/>\n\t<meta property=\"og:image:height\" content=\"783\" \/>\n\t<meta property=\"og:image:type\" content=\"image\/jpeg\" \/>\n<meta name=\"twitter:card\" content=\"summary_large_image\" \/>\n<meta name=\"twitter:label1\" content=\"Dur\u00e9e de lecture estim\u00e9e\" \/>\n\t<meta name=\"twitter:data1\" content=\"2 minutes\" \/>\n<script type=\"application\/ld+json\" class=\"yoast-schema-graph\">{\"@context\":\"https:\\\/\\\/schema.org\",\"@graph\":[{\"@type\":\"WebPage\",\"@id\":\"https:\\\/\\\/veloaxe.com\\\/producto\\\/luz-sigma-aura-80-nuggets-2-flash-usb-led\\\/\",\"url\":\"https:\\\/\\\/veloaxe.com\\\/producto\\\/luz-sigma-aura-80-nuggets-2-flash-usb-led\\\/\",\"name\":\"KIT LUZ SIGMA AURA 80 \\\/ NUGGETS 2 - VELOAXE.COM\",\"isPartOf\":{\"@id\":\"https:\\\/\\\/veloaxe.com\\\/#website\"},\"primaryImageOfPage\":{\"@id\":\"https:\\\/\\\/veloaxe.com\\\/producto\\\/luz-sigma-aura-80-nuggets-2-flash-usb-led\\\/#primaryimage\"},\"image\":{\"@id\":\"https:\\\/\\\/veloaxe.com\\\/producto\\\/luz-sigma-aura-80-nuggets-2-flash-usb-led\\\/#primaryimage\"},\"thumbnailUrl\":\"https:\\\/\\\/veloaxe.com\\\/wp-content\\\/uploads\\\/2022\\\/08\\\/1200_1500_14____1__kit-eclairage-aura-80-usb_7935-e1666001090205.jpg\",\"datePublished\":\"2022-08-25T17:34:19+00:00\",\"dateModified\":\"2025-10-28T09:43:21+00:00\",\"description\":\"KIT LUZ SIGMA AURA 80 \\\/ NUGGETS 2 FLASH USB LEB en VELOAXE.COM por so\u0301lo 59,99 \u20ac. Env\u00edo desde 4,49 euros, facilidad de pago disponible hasta 12X.\",\"breadcrumb\":{\"@id\":\"https:\\\/\\\/veloaxe.com\\\/producto\\\/luz-sigma-aura-80-nuggets-2-flash-usb-led\\\/#breadcrumb\"},\"inLanguage\":\"fr-FR\",\"potentialAction\":[{\"@type\":\"ReadAction\",\"target\":[\"https:\\\/\\\/veloaxe.com\\\/producto\\\/luz-sigma-aura-80-nuggets-2-flash-usb-led\\\/\"]}]},{\"@type\":\"ImageObject\",\"inLanguage\":\"fr-FR\",\"@id\":\"https:\\\/\\\/veloaxe.com\\\/producto\\\/luz-sigma-aura-80-nuggets-2-flash-usb-led\\\/#primaryimage\",\"url\":\"https:\\\/\\\/veloaxe.com\\\/wp-content\\\/uploads\\\/2022\\\/08\\\/1200_1500_14____1__kit-eclairage-aura-80-usb_7935-e1666001090205.jpg\",\"contentUrl\":\"https:\\\/\\\/veloaxe.com\\\/wp-content\\\/uploads\\\/2022\\\/08\\\/1200_1500_14____1__kit-eclairage-aura-80-usb_7935-e1666001090205.jpg\",\"width\":806,\"height\":783,\"caption\":\"kit-luz-bicicleta-sigma-aura-80\"},{\"@type\":\"BreadcrumbList\",\"@id\":\"https:\\\/\\\/veloaxe.com\\\/producto\\\/luz-sigma-aura-80-nuggets-2-flash-usb-led\\\/#breadcrumb\",\"itemListElement\":[{\"@type\":\"ListItem\",\"position\":1,\"name\":\"Portada\",\"item\":\"https:\\\/\\\/veloaxe.com\\\/\"},{\"@type\":\"ListItem\",\"position\":2,\"name\":\"Shop\",\"item\":\"https:\\\/\\\/paleturquoise-herring-271034.hostingersite.com\\\/shop\\\/\"},{\"@type\":\"ListItem\",\"position\":3,\"name\":\"KIT LUZ SIGMA AURA 80 + Nuggets 2 flash USB \\\/ LED\"}]},{\"@type\":\"WebSite\",\"@id\":\"https:\\\/\\\/veloaxe.com\\\/#website\",\"url\":\"https:\\\/\\\/veloaxe.com\\\/\",\"name\":\"Tienda de bicicletas | VELOAXE\",\"description\":\"Descubre una amplia selecci\u00f3n de bicicletas de alta calidad, desde modelos urbanos y de monta\u00f1a hasta bicicletas de carretera de \u00faltima generaci\u00f3n. Con un servicio experto y accesorios especializados, estamos comprometidos a brindarte la mejor experiencia ciclista.\",\"publisher\":{\"@id\":\"https:\\\/\\\/veloaxe.com\\\/#organization\"},\"potentialAction\":[{\"@type\":\"SearchAction\",\"target\":{\"@type\":\"EntryPoint\",\"urlTemplate\":\"https:\\\/\\\/veloaxe.com\\\/?s={search_term_string}\"},\"query-input\":{\"@type\":\"PropertyValueSpecification\",\"valueRequired\":true,\"valueName\":\"search_term_string\"}}],\"inLanguage\":\"fr-FR\"},{\"@type\":\"Organization\",\"@id\":\"https:\\\/\\\/veloaxe.com\\\/#organization\",\"name\":\"Tienda de bicicletas | VELOAXE\",\"url\":\"https:\\\/\\\/veloaxe.com\\\/\",\"logo\":{\"@type\":\"ImageObject\",\"inLanguage\":\"fr-FR\",\"@id\":\"https:\\\/\\\/veloaxe.com\\\/#\\\/schema\\\/logo\\\/image\\\/\",\"url\":\"https:\\\/\\\/veloaxe.com\\\/wp-content\\\/uploads\\\/2026\\\/01\\\/cropped-logo-1.jpg\",\"contentUrl\":\"https:\\\/\\\/veloaxe.com\\\/wp-content\\\/uploads\\\/2026\\\/01\\\/cropped-logo-1.jpg\",\"width\":1273,\"height\":363,\"caption\":\"Tienda de bicicletas | VELOAXE\"},\"image\":{\"@id\":\"https:\\\/\\\/veloaxe.com\\\/#\\\/schema\\\/logo\\\/image\\\/\"},\"sameAs\":[\"https:\\\/\\\/www.facebook.com\\\/veloaxe\"]}]}<\/script>\n<!-- \/ Yoast SEO plugin. -->","yoast_head_json":{"title":"KIT LUZ SIGMA AURA 80 \/ NUGGETS 2 - VELOAXE.COM","description":"KIT LUZ SIGMA AURA 80 \/ NUGGETS 2 FLASH USB LEB en VELOAXE.COM por so\u0301lo 59,99 \u20ac. Env\u00edo desde 4,49 euros, facilidad de pago disponible hasta 12X.","robots":{"index":"index","follow":"follow","max-snippet":"max-snippet:-1","max-image-preview":"max-image-preview:large","max-video-preview":"max-video-preview:-1"},"canonical":"https:\/\/veloaxe.com\/fr\/produit\/luz-sigma-aura-80-nuggets-2-flash-usb-led\/","og_locale":"fr_FR","og_type":"article","og_title":"KIT LUZ SIGMA AURA 80 \/ NUGGETS 2 - VELOAXE.COM","og_description":"KIT LUZ SIGMA AURA 80 \/ NUGGETS 2 FLASH USB LEB en VELOAXE.COM por so\u0301lo 59,99 \u20ac. Env\u00edo desde 4,49 euros, facilidad de pago disponible hasta 12X.","og_url":"https:\/\/veloaxe.com\/fr\/produit\/luz-sigma-aura-80-nuggets-2-flash-usb-led\/","og_site_name":"Tienda de bicicletas | VELOAXE","article_publisher":"https:\/\/www.facebook.com\/veloaxe","article_modified_time":"2025-10-28T09:43:21+00:00","og_image":[{"width":806,"height":783,"url":"https:\/\/veloaxe.com\/wp-content\/uploads\/2022\/08\/1200_1500_14____1__kit-eclairage-aura-80-usb_7935-e1666001090205.jpg","type":"image\/jpeg"}],"twitter_card":"summary_large_image","twitter_misc":{"Dur\u00e9e de lecture estim\u00e9e":"2 minutes"},"schema":{"@context":"https:\/\/schema.org","@graph":[{"@type":"WebPage","@id":"https:\/\/veloaxe.com\/producto\/luz-sigma-aura-80-nuggets-2-flash-usb-led\/","url":"https:\/\/veloaxe.com\/producto\/luz-sigma-aura-80-nuggets-2-flash-usb-led\/","name":"KIT LUZ SIGMA AURA 80 \/ NUGGETS 2 - VELOAXE.COM","isPartOf":{"@id":"https:\/\/veloaxe.com\/#website"},"primaryImageOfPage":{"@id":"https:\/\/veloaxe.com\/producto\/luz-sigma-aura-80-nuggets-2-flash-usb-led\/#primaryimage"},"image":{"@id":"https:\/\/veloaxe.com\/producto\/luz-sigma-aura-80-nuggets-2-flash-usb-led\/#primaryimage"},"thumbnailUrl":"https:\/\/veloaxe.com\/wp-content\/uploads\/2022\/08\/1200_1500_14____1__kit-eclairage-aura-80-usb_7935-e1666001090205.jpg","datePublished":"2022-08-25T17:34:19+00:00","dateModified":"2025-10-28T09:43:21+00:00","description":"KIT LUZ SIGMA AURA 80 \/ NUGGETS 2 FLASH USB LEB en VELOAXE.COM por so\u0301lo 59,99 \u20ac. Env\u00edo desde 4,49 euros, facilidad de pago disponible hasta 12X.","breadcrumb":{"@id":"https:\/\/veloaxe.com\/producto\/luz-sigma-aura-80-nuggets-2-flash-usb-led\/#breadcrumb"},"inLanguage":"fr-FR","potentialAction":[{"@type":"ReadAction","target":["https:\/\/veloaxe.com\/producto\/luz-sigma-aura-80-nuggets-2-flash-usb-led\/"]}]},{"@type":"ImageObject","inLanguage":"fr-FR","@id":"https:\/\/veloaxe.com\/producto\/luz-sigma-aura-80-nuggets-2-flash-usb-led\/#primaryimage","url":"https:\/\/veloaxe.com\/wp-content\/uploads\/2022\/08\/1200_1500_14____1__kit-eclairage-aura-80-usb_7935-e1666001090205.jpg","contentUrl":"https:\/\/veloaxe.com\/wp-content\/uploads\/2022\/08\/1200_1500_14____1__kit-eclairage-aura-80-usb_7935-e1666001090205.jpg","width":806,"height":783,"caption":"kit-luz-bicicleta-sigma-aura-80"},{"@type":"BreadcrumbList","@id":"https:\/\/veloaxe.com\/producto\/luz-sigma-aura-80-nuggets-2-flash-usb-led\/#breadcrumb","itemListElement":[{"@type":"ListItem","position":1,"name":"Portada","item":"https:\/\/veloaxe.com\/"},{"@type":"ListItem","position":2,"name":"Shop","item":"https:\/\/paleturquoise-herring-271034.hostingersite.com\/shop\/"},{"@type":"ListItem","position":3,"name":"KIT LUZ SIGMA AURA 80 + Nuggets 2 flash USB \/ LED"}]},{"@type":"WebSite","@id":"https:\/\/veloaxe.com\/#website","url":"https:\/\/veloaxe.com\/","name":"Boutique de v\u00e9lo en ligne | VELOAXE","description":"Descubre una amplia selecci\u00f3n de bicicletas de alta calidad, desde modelos urbanos y de monta\u00f1a hasta bicicletas de carretera de \u00faltima generaci\u00f3n. Con un servicio experto y accesorios especializados, estamos comprometidos a brindarte la mejor experiencia ciclista.","publisher":{"@id":"https:\/\/veloaxe.com\/#organization"},"potentialAction":[{"@type":"SearchAction","target":{"@type":"EntryPoint","urlTemplate":"https:\/\/veloaxe.com\/?s={search_term_string}"},"query-input":{"@type":"PropertyValueSpecification","valueRequired":true,"valueName":"search_term_string"}}],"inLanguage":"fr-FR"},{"@type":"Organization","@id":"https:\/\/veloaxe.com\/#organization","name":"Boutique de v\u00e9lo en ligne | VELOAXE","url":"https:\/\/veloaxe.com\/","logo":{"@type":"ImageObject","inLanguage":"fr-FR","@id":"https:\/\/veloaxe.com\/#\/schema\/logo\/image\/","url":"https:\/\/veloaxe.com\/wp-content\/uploads\/2026\/01\/cropped-logo-1.jpg","contentUrl":"https:\/\/veloaxe.com\/wp-content\/uploads\/2026\/01\/cropped-logo-1.jpg","width":1273,"height":363,"caption":"Tienda de bicicletas | VELOAXE"},"image":{"@id":"https:\/\/veloaxe.com\/#\/schema\/logo\/image\/"},"sameAs":["https:\/\/www.facebook.com\/veloaxe"]}]}},"_links":{"self":[{"href":"https:\/\/veloaxe.com\/fr\/wp-json\/wp\/v2\/product\/1094","targetHints":{"allow":["GET"]}}],"collection":[{"href":"https:\/\/veloaxe.com\/fr\/wp-json\/wp\/v2\/product"}],"about":[{"href":"https:\/\/veloaxe.com\/fr\/wp-json\/wp\/v2\/types\/product"}],"replies":[{"embeddable":true,"href":"https:\/\/veloaxe.com\/fr\/wp-json\/wp\/v2\/comments?post=1094"}],"wp:featuredmedia":[{"embeddable":true,"href":"https:\/\/veloaxe.com\/fr\/wp-json\/wp\/v2\/media\/1129"}],"wp:attachment":[{"href":"https:\/\/veloaxe.com\/fr\/wp-json\/wp\/v2\/media?parent=1094"}],"wp:term":[{"taxonomy":"product_brand","embeddable":true,"href":"https:\/\/veloaxe.com\/fr\/wp-json\/wp\/v2\/product_brand?post=1094"},{"taxonomy":"product_cat","embeddable":true,"href":"https:\/\/veloaxe.com\/fr\/wp-json\/wp\/v2\/product_cat?post=1094"},{"taxonomy":"product_tag","embeddable":true,"href":"https:\/\/veloaxe.com\/fr\/wp-json\/wp\/v2\/product_tag?post=1094"}],"curies":[{"name":"wp","href":"https:\/\/api.w.org\/{rel}","templated":true}]}}