{"id":1095,"date":"2022-08-25T17:34:19","date_gmt":"2022-08-25T17:34:19","guid":{"rendered":"https:\/\/veloaxe.com\/?post_type=product&#038;p=1095"},"modified":"2025-10-28T17:15:12","modified_gmt":"2025-10-28T17:15:12","slug":"luz-delantera-sigma-buster-2000","status":"publish","type":"product","link":"https:\/\/veloaxe.com\/fr\/produit\/luz-delantera-sigma-buster-2000\/","title":{"rendered":"LUZ DELANTERA SIGMA BUSTER 2000"},"content":{"rendered":"<p><!-- DESCRIPTION --><\/p>\n<div id=\"description\" class=\"tab-pane fade in active\" style=\"background-color: #fff; padding: 10px;\" role=\"tabpanel\">\n<p><span style=\"font-family: helvetica; color: #000000;\"><span style=\"font-size: 18.6667px;\"> Con sus <strong>2000 L\u00daMENES<\/strong>, la <strong>SIGMA<\/strong> <strong>BUSTER 2000<\/strong> es la luz de alta potencia ideal para <strong>SENDEROS, GRAVAS y LARGAS DISTANCIAS<\/strong> para visibilidad diurna. Una potente bater\u00eda y un mando a distancia ultraligero dotado de botones fluorescentes tambi\u00e9n se suministran con la luz <strong>SIGMA<\/strong> <strong>BUSTER 2000<\/strong>. Con una autonom\u00eda de 2,5 a 20 horas, esta iluminaci\u00f3n se convertir\u00e1 r\u00e1pidamente en la compa\u00f1era imprescindible de todas tus salidas nocturnas. La bater\u00eda se conecta al marco de forma segura.<\/span><\/span><\/p>\n<\/div>","protected":false},"excerpt":{"rendered":"<p>Con sus 2000 L\u00daMENES, la SIGMA BUSTER 2000 es la luz de alta potencia ideal para SENDEROS, GRAVAS y LARGAS DISTANCIAS para visibilidad diurna. Una potente bater\u00eda y un mando a distancia ultraligero dotado de botones fluorescentes tambi\u00e9n se suministran con la luz SIGMA BUSTER 2000. Con una autonom\u00eda de 2,5 a 20 horas, esta [&hellip;]<\/p>\n","protected":false},"featured_media":1115,"comment_status":"open","ping_status":"closed","template":"","meta":[],"product_brand":[],"product_cat":[80,89,91],"product_tag":[],"class_list":{"0":"post-1095","1":"product","2":"type-product","3":"status-publish","4":"has-post-thumbnail","6":"product_cat-accesorios","7":"product_cat-luces-para-bicicletas-con-led","8":"product_cat-luces-led-con-usb","9":"product_shipping_class-no-bicicletas","11":"first","12":"instock","13":"sale","14":"shipping-taxable","15":"purchasable","16":"product-type-simple"},"yoast_head":"<!-- This site is optimized with the Yoast SEO plugin v27.6 - https:\/\/yoast.com\/product\/yoast-seo-wordpress\/ -->\n<title>LUZ DELANTERA SIGMA BUSTER 2000 - Tienda de bicicletas | VELOAXE<\/title>\n<meta name=\"description\" content=\"LUZ SIGMA BUSTER 2000 DELANTERA en VELOAXE.COM por so\u0301lo 179,99 \u20ac. Env\u00edo desde 4,49 euros, facilidad de pago disponible hasta 12X.\" \/>\n<meta name=\"robots\" content=\"index, follow, max-snippet:-1, max-image-preview:large, max-video-preview:-1\" \/>\n<link rel=\"canonical\" href=\"https:\/\/veloaxe.com\/fr\/produit\/luz-delantera-sigma-buster-2000\/\" \/>\n<meta property=\"og:locale\" content=\"fr_FR\" \/>\n<meta property=\"og:type\" content=\"article\" \/>\n<meta property=\"og:title\" content=\"LUZ DELANTERA SIGMA BUSTER 2000 - Tienda de bicicletas | VELOAXE\" \/>\n<meta property=\"og:description\" content=\"LUZ SIGMA BUSTER 2000 DELANTERA en VELOAXE.COM por so\u0301lo 179,99 \u20ac. Env\u00edo desde 4,49 euros, facilidad de pago disponible hasta 12X.\" \/>\n<meta property=\"og:url\" content=\"https:\/\/veloaxe.com\/fr\/produit\/luz-delantera-sigma-buster-2000\/\" \/>\n<meta property=\"og:site_name\" content=\"Tienda de bicicletas | VELOAXE\" \/>\n<meta property=\"article:publisher\" content=\"https:\/\/www.facebook.com\/veloaxe\" \/>\n<meta property=\"article:modified_time\" content=\"2025-10-28T17:15:12+00:00\" \/>\n<meta property=\"og:image\" content=\"https:\/\/veloaxe.com\/wp-content\/uploads\/2022\/08\/1200_1500_20____1__lumiere-sigma-buster-2000_7933-e1666000410900.jpg\" \/>\n\t<meta property=\"og:image:width\" content=\"720\" \/>\n\t<meta property=\"og:image:height\" content=\"495\" \/>\n\t<meta property=\"og:image:type\" content=\"image\/jpeg\" \/>\n<meta name=\"twitter:card\" content=\"summary_large_image\" \/>\n<meta name=\"twitter:label1\" content=\"Dur\u00e9e de lecture estim\u00e9e\" \/>\n\t<meta name=\"twitter:data1\" content=\"1 minute\" \/>\n<script type=\"application\/ld+json\" class=\"yoast-schema-graph\">{\"@context\":\"https:\\\/\\\/schema.org\",\"@graph\":[{\"@type\":\"WebPage\",\"@id\":\"https:\\\/\\\/veloaxe.com\\\/producto\\\/luz-delantera-sigma-buster-2000\\\/\",\"url\":\"https:\\\/\\\/veloaxe.com\\\/producto\\\/luz-delantera-sigma-buster-2000\\\/\",\"name\":\"LUZ DELANTERA SIGMA BUSTER 2000 - Tienda de bicicletas | VELOAXE\",\"isPartOf\":{\"@id\":\"https:\\\/\\\/veloaxe.com\\\/#website\"},\"primaryImageOfPage\":{\"@id\":\"https:\\\/\\\/veloaxe.com\\\/producto\\\/luz-delantera-sigma-buster-2000\\\/#primaryimage\"},\"image\":{\"@id\":\"https:\\\/\\\/veloaxe.com\\\/producto\\\/luz-delantera-sigma-buster-2000\\\/#primaryimage\"},\"thumbnailUrl\":\"https:\\\/\\\/veloaxe.com\\\/wp-content\\\/uploads\\\/2022\\\/08\\\/1200_1500_20____1__lumiere-sigma-buster-2000_7933-e1666000410900.jpg\",\"datePublished\":\"2022-08-25T17:34:19+00:00\",\"dateModified\":\"2025-10-28T17:15:12+00:00\",\"description\":\"LUZ SIGMA BUSTER 2000 DELANTERA en VELOAXE.COM por so\u0301lo 179,99 \u20ac. Env\u00edo desde 4,49 euros, facilidad de pago disponible hasta 12X.\",\"breadcrumb\":{\"@id\":\"https:\\\/\\\/veloaxe.com\\\/producto\\\/luz-delantera-sigma-buster-2000\\\/#breadcrumb\"},\"inLanguage\":\"fr-FR\",\"potentialAction\":[{\"@type\":\"ReadAction\",\"target\":[\"https:\\\/\\\/veloaxe.com\\\/producto\\\/luz-delantera-sigma-buster-2000\\\/\"]}]},{\"@type\":\"ImageObject\",\"inLanguage\":\"fr-FR\",\"@id\":\"https:\\\/\\\/veloaxe.com\\\/producto\\\/luz-delantera-sigma-buster-2000\\\/#primaryimage\",\"url\":\"https:\\\/\\\/veloaxe.com\\\/wp-content\\\/uploads\\\/2022\\\/08\\\/1200_1500_20____1__lumiere-sigma-buster-2000_7933-e1666000410900.jpg\",\"contentUrl\":\"https:\\\/\\\/veloaxe.com\\\/wp-content\\\/uploads\\\/2022\\\/08\\\/1200_1500_20____1__lumiere-sigma-buster-2000_7933-e1666000410900.jpg\",\"width\":720,\"height\":495,\"caption\":\"luz-bicicleta-sigma-buster-2000\"},{\"@type\":\"BreadcrumbList\",\"@id\":\"https:\\\/\\\/veloaxe.com\\\/producto\\\/luz-delantera-sigma-buster-2000\\\/#breadcrumb\",\"itemListElement\":[{\"@type\":\"ListItem\",\"position\":1,\"name\":\"Portada\",\"item\":\"https:\\\/\\\/paleturquoise-herring-271034.hostingersite.com\\\/\"},{\"@type\":\"ListItem\",\"position\":2,\"name\":\"Shop\",\"item\":\"https:\\\/\\\/paleturquoise-herring-271034.hostingersite.com\\\/shop\\\/\"},{\"@type\":\"ListItem\",\"position\":3,\"name\":\"LUZ DELANTERA SIGMA BUSTER 2000\"}]},{\"@type\":\"WebSite\",\"@id\":\"https:\\\/\\\/veloaxe.com\\\/#website\",\"url\":\"https:\\\/\\\/veloaxe.com\\\/\",\"name\":\"Tienda de bicicletas | VELOAXE\",\"description\":\"Descubre una amplia selecci\u00f3n de bicicletas de alta calidad, desde modelos urbanos y de monta\u00f1a hasta bicicletas de carretera de \u00faltima generaci\u00f3n. Con un servicio experto y accesorios especializados, estamos comprometidos a brindarte la mejor experiencia ciclista.\",\"publisher\":{\"@id\":\"https:\\\/\\\/veloaxe.com\\\/#organization\"},\"potentialAction\":[{\"@type\":\"SearchAction\",\"target\":{\"@type\":\"EntryPoint\",\"urlTemplate\":\"https:\\\/\\\/veloaxe.com\\\/?s={search_term_string}\"},\"query-input\":{\"@type\":\"PropertyValueSpecification\",\"valueRequired\":true,\"valueName\":\"search_term_string\"}}],\"inLanguage\":\"fr-FR\"},{\"@type\":\"Organization\",\"@id\":\"https:\\\/\\\/veloaxe.com\\\/#organization\",\"name\":\"Tienda de bicicletas | VELOAXE\",\"url\":\"https:\\\/\\\/veloaxe.com\\\/\",\"logo\":{\"@type\":\"ImageObject\",\"inLanguage\":\"fr-FR\",\"@id\":\"https:\\\/\\\/veloaxe.com\\\/#\\\/schema\\\/logo\\\/image\\\/\",\"url\":\"https:\\\/\\\/veloaxe.com\\\/wp-content\\\/uploads\\\/2026\\\/01\\\/cropped-logo-1.jpg\",\"contentUrl\":\"https:\\\/\\\/veloaxe.com\\\/wp-content\\\/uploads\\\/2026\\\/01\\\/cropped-logo-1.jpg\",\"width\":1273,\"height\":363,\"caption\":\"Tienda de bicicletas | VELOAXE\"},\"image\":{\"@id\":\"https:\\\/\\\/veloaxe.com\\\/#\\\/schema\\\/logo\\\/image\\\/\"},\"sameAs\":[\"https:\\\/\\\/www.facebook.com\\\/veloaxe\"]}]}<\/script>\n<!-- \/ Yoast SEO plugin. -->","yoast_head_json":{"title":"LUZ DELANTERA SIGMA BUSTER 2000 - Tienda de bicicletas | VELOAXE","description":"LUZ SIGMA BUSTER 2000 DELANTERA en VELOAXE.COM por so\u0301lo 179,99 \u20ac. Env\u00edo desde 4,49 euros, facilidad de pago disponible hasta 12X.","robots":{"index":"index","follow":"follow","max-snippet":"max-snippet:-1","max-image-preview":"max-image-preview:large","max-video-preview":"max-video-preview:-1"},"canonical":"https:\/\/veloaxe.com\/fr\/produit\/luz-delantera-sigma-buster-2000\/","og_locale":"fr_FR","og_type":"article","og_title":"LUZ DELANTERA SIGMA BUSTER 2000 - Tienda de bicicletas | VELOAXE","og_description":"LUZ SIGMA BUSTER 2000 DELANTERA en VELOAXE.COM por so\u0301lo 179,99 \u20ac. Env\u00edo desde 4,49 euros, facilidad de pago disponible hasta 12X.","og_url":"https:\/\/veloaxe.com\/fr\/produit\/luz-delantera-sigma-buster-2000\/","og_site_name":"Tienda de bicicletas | VELOAXE","article_publisher":"https:\/\/www.facebook.com\/veloaxe","article_modified_time":"2025-10-28T17:15:12+00:00","og_image":[{"width":720,"height":495,"url":"https:\/\/veloaxe.com\/wp-content\/uploads\/2022\/08\/1200_1500_20____1__lumiere-sigma-buster-2000_7933-e1666000410900.jpg","type":"image\/jpeg"}],"twitter_card":"summary_large_image","twitter_misc":{"Dur\u00e9e de lecture estim\u00e9e":"1 minute"},"schema":{"@context":"https:\/\/schema.org","@graph":[{"@type":"WebPage","@id":"https:\/\/veloaxe.com\/producto\/luz-delantera-sigma-buster-2000\/","url":"https:\/\/veloaxe.com\/producto\/luz-delantera-sigma-buster-2000\/","name":"LUZ DELANTERA SIGMA BUSTER 2000 - Tienda de bicicletas | VELOAXE","isPartOf":{"@id":"https:\/\/veloaxe.com\/#website"},"primaryImageOfPage":{"@id":"https:\/\/veloaxe.com\/producto\/luz-delantera-sigma-buster-2000\/#primaryimage"},"image":{"@id":"https:\/\/veloaxe.com\/producto\/luz-delantera-sigma-buster-2000\/#primaryimage"},"thumbnailUrl":"https:\/\/veloaxe.com\/wp-content\/uploads\/2022\/08\/1200_1500_20____1__lumiere-sigma-buster-2000_7933-e1666000410900.jpg","datePublished":"2022-08-25T17:34:19+00:00","dateModified":"2025-10-28T17:15:12+00:00","description":"LUZ SIGMA BUSTER 2000 DELANTERA en VELOAXE.COM por so\u0301lo 179,99 \u20ac. Env\u00edo desde 4,49 euros, facilidad de pago disponible hasta 12X.","breadcrumb":{"@id":"https:\/\/veloaxe.com\/producto\/luz-delantera-sigma-buster-2000\/#breadcrumb"},"inLanguage":"fr-FR","potentialAction":[{"@type":"ReadAction","target":["https:\/\/veloaxe.com\/producto\/luz-delantera-sigma-buster-2000\/"]}]},{"@type":"ImageObject","inLanguage":"fr-FR","@id":"https:\/\/veloaxe.com\/producto\/luz-delantera-sigma-buster-2000\/#primaryimage","url":"https:\/\/veloaxe.com\/wp-content\/uploads\/2022\/08\/1200_1500_20____1__lumiere-sigma-buster-2000_7933-e1666000410900.jpg","contentUrl":"https:\/\/veloaxe.com\/wp-content\/uploads\/2022\/08\/1200_1500_20____1__lumiere-sigma-buster-2000_7933-e1666000410900.jpg","width":720,"height":495,"caption":"luz-bicicleta-sigma-buster-2000"},{"@type":"BreadcrumbList","@id":"https:\/\/veloaxe.com\/producto\/luz-delantera-sigma-buster-2000\/#breadcrumb","itemListElement":[{"@type":"ListItem","position":1,"name":"Portada","item":"https:\/\/paleturquoise-herring-271034.hostingersite.com\/"},{"@type":"ListItem","position":2,"name":"Shop","item":"https:\/\/paleturquoise-herring-271034.hostingersite.com\/shop\/"},{"@type":"ListItem","position":3,"name":"LUZ DELANTERA SIGMA BUSTER 2000"}]},{"@type":"WebSite","@id":"https:\/\/veloaxe.com\/#website","url":"https:\/\/veloaxe.com\/","name":"Boutique de v\u00e9lo en ligne | VELOAXE","description":"Descubre una amplia selecci\u00f3n de bicicletas de alta calidad, desde modelos urbanos y de monta\u00f1a hasta bicicletas de carretera de \u00faltima generaci\u00f3n. Con un servicio experto y accesorios especializados, estamos comprometidos a brindarte la mejor experiencia ciclista.","publisher":{"@id":"https:\/\/veloaxe.com\/#organization"},"potentialAction":[{"@type":"SearchAction","target":{"@type":"EntryPoint","urlTemplate":"https:\/\/veloaxe.com\/?s={search_term_string}"},"query-input":{"@type":"PropertyValueSpecification","valueRequired":true,"valueName":"search_term_string"}}],"inLanguage":"fr-FR"},{"@type":"Organization","@id":"https:\/\/veloaxe.com\/#organization","name":"Boutique de v\u00e9lo en ligne | VELOAXE","url":"https:\/\/veloaxe.com\/","logo":{"@type":"ImageObject","inLanguage":"fr-FR","@id":"https:\/\/veloaxe.com\/#\/schema\/logo\/image\/","url":"https:\/\/veloaxe.com\/wp-content\/uploads\/2026\/01\/cropped-logo-1.jpg","contentUrl":"https:\/\/veloaxe.com\/wp-content\/uploads\/2026\/01\/cropped-logo-1.jpg","width":1273,"height":363,"caption":"Tienda de bicicletas | VELOAXE"},"image":{"@id":"https:\/\/veloaxe.com\/#\/schema\/logo\/image\/"},"sameAs":["https:\/\/www.facebook.com\/veloaxe"]}]}},"_links":{"self":[{"href":"https:\/\/veloaxe.com\/fr\/wp-json\/wp\/v2\/product\/1095","targetHints":{"allow":["GET"]}}],"collection":[{"href":"https:\/\/veloaxe.com\/fr\/wp-json\/wp\/v2\/product"}],"about":[{"href":"https:\/\/veloaxe.com\/fr\/wp-json\/wp\/v2\/types\/product"}],"replies":[{"embeddable":true,"href":"https:\/\/veloaxe.com\/fr\/wp-json\/wp\/v2\/comments?post=1095"}],"wp:featuredmedia":[{"embeddable":true,"href":"https:\/\/veloaxe.com\/fr\/wp-json\/wp\/v2\/media\/1115"}],"wp:attachment":[{"href":"https:\/\/veloaxe.com\/fr\/wp-json\/wp\/v2\/media?parent=1095"}],"wp:term":[{"taxonomy":"product_brand","embeddable":true,"href":"https:\/\/veloaxe.com\/fr\/wp-json\/wp\/v2\/product_brand?post=1095"},{"taxonomy":"product_cat","embeddable":true,"href":"https:\/\/veloaxe.com\/fr\/wp-json\/wp\/v2\/product_cat?post=1095"},{"taxonomy":"product_tag","embeddable":true,"href":"https:\/\/veloaxe.com\/fr\/wp-json\/wp\/v2\/product_tag?post=1095"}],"curies":[{"name":"wp","href":"https:\/\/api.w.org\/{rel}","templated":true}]}}