{"id":1104,"date":"2022-08-25T17:34:19","date_gmt":"2022-08-25T17:34:19","guid":{"rendered":"https:\/\/veloaxe.com\/?post_type=product&#038;p=1104"},"modified":"2025-10-28T18:16:50","modified_gmt":"2025-10-28T18:16:50","slug":"portabebe-bellelli-b1-standard","status":"publish","type":"product","link":"https:\/\/veloaxe.com\/fr\/produit\/portabebe-bellelli-b1-standard\/","title":{"rendered":"PORTABEBE BELLELLI B1 STANDARD"},"content":{"rendered":"<p><span style=\"color: #000000;\">La mochila portabeb\u00e9s <strong>BELLELLI B1<\/strong> es ideal para todas tus salidas en familia. Ligero y f\u00e1cil de montar, su hijo estar\u00e1 en total <strong>SEGURIDAD<\/strong> con el apoyo de dos correas de tela a la altura del cuerpo y dos correas de pl\u00e1stico para sujetar los pies. El portabeb\u00e9s <strong>BELLELLI B1<\/strong> tiene una c\u00f3moda espuma. El pl\u00e1stico utilizado para la fabricaci\u00f3n no es t\u00f3xico y no supone ning\u00fan peligro para la salud del ni\u00f1o.<\/span><\/p>\n<p><span style=\"color: #000000;\">Aprobado seg\u00fan las normas EUROPEAS: EN14344<\/span><\/p>\n<p><span style=\"color: #000000;\">Peso m\u00e1ximo 15 kg<\/span><\/p>","protected":false},"excerpt":{"rendered":"<p>La mochila portabeb\u00e9s BELLELLI B1 es ideal para todas tus salidas en familia. Ligero y f\u00e1cil de montar, su hijo estar\u00e1 en total SEGURIDAD con el apoyo de dos correas de tela a la altura del cuerpo y dos correas de pl\u00e1stico para sujetar los pies. El portabeb\u00e9s BELLELLI B1 tiene una c\u00f3moda espuma. El [&hellip;]<\/p>\n","protected":false},"featured_media":1144,"comment_status":"open","ping_status":"closed","template":"","meta":[],"product_brand":[],"product_cat":[97,96,73],"product_tag":[],"class_list":{"0":"post-1104","1":"product","2":"type-product","3":"status-publish","4":"has-post-thumbnail","6":"product_cat-portabebes-para-bicicleta","7":"product_cat-remolques-portabebes-para-bicicleta","8":"product_cat-bicicleta-de-urbana","9":"product_shipping_class-no-bicicletas","11":"first","12":"instock","13":"sale","14":"shipping-taxable","15":"purchasable","16":"product-type-simple"},"yoast_head":"<!-- This site is optimized with the Yoast SEO plugin v27.6 - https:\/\/yoast.com\/product\/yoast-seo-wordpress\/ -->\n<title>PORTABEBE BELLELLI B1 STANDARD - Tienda de bicicletas | VELOAXE<\/title>\n<meta name=\"description\" content=\"PORTABEBE BELLELLI B1 STANDARD en VELOAXE.COM por so\u0301lo 49,99 \u20ac. Env\u00edo desde 4,49 euros, facilidad de pago disponible hasta 12X.\" \/>\n<meta name=\"robots\" content=\"index, follow, max-snippet:-1, max-image-preview:large, max-video-preview:-1\" \/>\n<link rel=\"canonical\" href=\"https:\/\/veloaxe.com\/fr\/produit\/portabebe-bellelli-b1-standard\/\" \/>\n<meta property=\"og:locale\" content=\"fr_FR\" \/>\n<meta property=\"og:type\" content=\"article\" \/>\n<meta property=\"og:title\" content=\"PORTABEBE BELLELLI B1 STANDARD - Tienda de bicicletas | VELOAXE\" \/>\n<meta property=\"og:description\" content=\"PORTABEBE BELLELLI B1 STANDARD en VELOAXE.COM por so\u0301lo 49,99 \u20ac. Env\u00edo desde 4,49 euros, facilidad de pago disponible hasta 12X.\" \/>\n<meta property=\"og:url\" content=\"https:\/\/veloaxe.com\/fr\/produit\/portabebe-bellelli-b1-standard\/\" \/>\n<meta property=\"og:site_name\" content=\"Tienda de bicicletas | VELOAXE\" \/>\n<meta property=\"article:publisher\" content=\"https:\/\/www.facebook.com\/veloaxe\" \/>\n<meta property=\"article:modified_time\" content=\"2025-10-28T18:16:50+00:00\" \/>\n<meta property=\"og:image\" content=\"https:\/\/veloaxe.com\/wp-content\/uploads\/2022\/08\/1200_1500_25____1__porte-bebe-b1_6811-e1665999695404.jpg\" \/>\n\t<meta property=\"og:image:width\" content=\"768\" \/>\n\t<meta property=\"og:image:height\" content=\"948\" \/>\n\t<meta property=\"og:image:type\" content=\"image\/jpeg\" \/>\n<meta name=\"twitter:card\" content=\"summary_large_image\" \/>\n<meta name=\"twitter:label1\" content=\"Dur\u00e9e de lecture estim\u00e9e\" \/>\n\t<meta name=\"twitter:data1\" content=\"1 minute\" \/>\n<script type=\"application\/ld+json\" class=\"yoast-schema-graph\">{\"@context\":\"https:\\\/\\\/schema.org\",\"@graph\":[{\"@type\":\"WebPage\",\"@id\":\"https:\\\/\\\/veloaxe.com\\\/producto\\\/portabebe-bellelli-b1-standard\\\/\",\"url\":\"https:\\\/\\\/veloaxe.com\\\/producto\\\/portabebe-bellelli-b1-standard\\\/\",\"name\":\"PORTABEBE BELLELLI B1 STANDARD - Tienda de bicicletas | VELOAXE\",\"isPartOf\":{\"@id\":\"https:\\\/\\\/veloaxe.com\\\/#website\"},\"primaryImageOfPage\":{\"@id\":\"https:\\\/\\\/veloaxe.com\\\/producto\\\/portabebe-bellelli-b1-standard\\\/#primaryimage\"},\"image\":{\"@id\":\"https:\\\/\\\/veloaxe.com\\\/producto\\\/portabebe-bellelli-b1-standard\\\/#primaryimage\"},\"thumbnailUrl\":\"https:\\\/\\\/veloaxe.com\\\/wp-content\\\/uploads\\\/2022\\\/08\\\/1200_1500_25____1__porte-bebe-b1_6811-e1665999695404.jpg\",\"datePublished\":\"2022-08-25T17:34:19+00:00\",\"dateModified\":\"2025-10-28T18:16:50+00:00\",\"description\":\"PORTABEBE BELLELLI B1 STANDARD en VELOAXE.COM por so\u0301lo 49,99 \u20ac. Env\u00edo desde 4,49 euros, facilidad de pago disponible hasta 12X.\",\"breadcrumb\":{\"@id\":\"https:\\\/\\\/veloaxe.com\\\/producto\\\/portabebe-bellelli-b1-standard\\\/#breadcrumb\"},\"inLanguage\":\"fr-FR\",\"potentialAction\":[{\"@type\":\"ReadAction\",\"target\":[\"https:\\\/\\\/veloaxe.com\\\/producto\\\/portabebe-bellelli-b1-standard\\\/\"]}]},{\"@type\":\"ImageObject\",\"inLanguage\":\"fr-FR\",\"@id\":\"https:\\\/\\\/veloaxe.com\\\/producto\\\/portabebe-bellelli-b1-standard\\\/#primaryimage\",\"url\":\"https:\\\/\\\/veloaxe.com\\\/wp-content\\\/uploads\\\/2022\\\/08\\\/1200_1500_25____1__porte-bebe-b1_6811-e1665999695404.jpg\",\"contentUrl\":\"https:\\\/\\\/veloaxe.com\\\/wp-content\\\/uploads\\\/2022\\\/08\\\/1200_1500_25____1__porte-bebe-b1_6811-e1665999695404.jpg\",\"width\":768,\"height\":948,\"caption\":\"portabebe-bicicleta-bellelli\"},{\"@type\":\"BreadcrumbList\",\"@id\":\"https:\\\/\\\/veloaxe.com\\\/producto\\\/portabebe-bellelli-b1-standard\\\/#breadcrumb\",\"itemListElement\":[{\"@type\":\"ListItem\",\"position\":1,\"name\":\"Portada\",\"item\":\"https:\\\/\\\/paleturquoise-herring-271034.hostingersite.com\\\/\"},{\"@type\":\"ListItem\",\"position\":2,\"name\":\"Shop\",\"item\":\"https:\\\/\\\/paleturquoise-herring-271034.hostingersite.com\\\/shop\\\/\"},{\"@type\":\"ListItem\",\"position\":3,\"name\":\"PORTABEBE BELLELLI B1 STANDARD\"}]},{\"@type\":\"WebSite\",\"@id\":\"https:\\\/\\\/veloaxe.com\\\/#website\",\"url\":\"https:\\\/\\\/veloaxe.com\\\/\",\"name\":\"Tienda de bicicletas | VELOAXE\",\"description\":\"Descubre una amplia selecci\u00f3n de bicicletas de alta calidad, desde modelos urbanos y de monta\u00f1a hasta bicicletas de carretera de \u00faltima generaci\u00f3n. Con un servicio experto y accesorios especializados, estamos comprometidos a brindarte la mejor experiencia ciclista.\",\"publisher\":{\"@id\":\"https:\\\/\\\/veloaxe.com\\\/#organization\"},\"potentialAction\":[{\"@type\":\"SearchAction\",\"target\":{\"@type\":\"EntryPoint\",\"urlTemplate\":\"https:\\\/\\\/veloaxe.com\\\/?s={search_term_string}\"},\"query-input\":{\"@type\":\"PropertyValueSpecification\",\"valueRequired\":true,\"valueName\":\"search_term_string\"}}],\"inLanguage\":\"fr-FR\"},{\"@type\":\"Organization\",\"@id\":\"https:\\\/\\\/veloaxe.com\\\/#organization\",\"name\":\"Tienda de bicicletas | VELOAXE\",\"url\":\"https:\\\/\\\/veloaxe.com\\\/\",\"logo\":{\"@type\":\"ImageObject\",\"inLanguage\":\"fr-FR\",\"@id\":\"https:\\\/\\\/veloaxe.com\\\/#\\\/schema\\\/logo\\\/image\\\/\",\"url\":\"https:\\\/\\\/veloaxe.com\\\/wp-content\\\/uploads\\\/2026\\\/01\\\/cropped-logo-1.jpg\",\"contentUrl\":\"https:\\\/\\\/veloaxe.com\\\/wp-content\\\/uploads\\\/2026\\\/01\\\/cropped-logo-1.jpg\",\"width\":1273,\"height\":363,\"caption\":\"Tienda de bicicletas | VELOAXE\"},\"image\":{\"@id\":\"https:\\\/\\\/veloaxe.com\\\/#\\\/schema\\\/logo\\\/image\\\/\"},\"sameAs\":[\"https:\\\/\\\/www.facebook.com\\\/veloaxe\"]}]}<\/script>\n<!-- \/ Yoast SEO plugin. -->","yoast_head_json":{"title":"PORTABEBE BELLELLI B1 STANDARD - Tienda de bicicletas | VELOAXE","description":"PORTABEBE BELLELLI B1 STANDARD en VELOAXE.COM por so\u0301lo 49,99 \u20ac. Env\u00edo desde 4,49 euros, facilidad de pago disponible hasta 12X.","robots":{"index":"index","follow":"follow","max-snippet":"max-snippet:-1","max-image-preview":"max-image-preview:large","max-video-preview":"max-video-preview:-1"},"canonical":"https:\/\/veloaxe.com\/fr\/produit\/portabebe-bellelli-b1-standard\/","og_locale":"fr_FR","og_type":"article","og_title":"PORTABEBE BELLELLI B1 STANDARD - Tienda de bicicletas | VELOAXE","og_description":"PORTABEBE BELLELLI B1 STANDARD en VELOAXE.COM por so\u0301lo 49,99 \u20ac. Env\u00edo desde 4,49 euros, facilidad de pago disponible hasta 12X.","og_url":"https:\/\/veloaxe.com\/fr\/produit\/portabebe-bellelli-b1-standard\/","og_site_name":"Tienda de bicicletas | VELOAXE","article_publisher":"https:\/\/www.facebook.com\/veloaxe","article_modified_time":"2025-10-28T18:16:50+00:00","og_image":[{"width":768,"height":948,"url":"https:\/\/veloaxe.com\/wp-content\/uploads\/2022\/08\/1200_1500_25____1__porte-bebe-b1_6811-e1665999695404.jpg","type":"image\/jpeg"}],"twitter_card":"summary_large_image","twitter_misc":{"Dur\u00e9e de lecture estim\u00e9e":"1 minute"},"schema":{"@context":"https:\/\/schema.org","@graph":[{"@type":"WebPage","@id":"https:\/\/veloaxe.com\/producto\/portabebe-bellelli-b1-standard\/","url":"https:\/\/veloaxe.com\/producto\/portabebe-bellelli-b1-standard\/","name":"PORTABEBE BELLELLI B1 STANDARD - Tienda de bicicletas | VELOAXE","isPartOf":{"@id":"https:\/\/veloaxe.com\/#website"},"primaryImageOfPage":{"@id":"https:\/\/veloaxe.com\/producto\/portabebe-bellelli-b1-standard\/#primaryimage"},"image":{"@id":"https:\/\/veloaxe.com\/producto\/portabebe-bellelli-b1-standard\/#primaryimage"},"thumbnailUrl":"https:\/\/veloaxe.com\/wp-content\/uploads\/2022\/08\/1200_1500_25____1__porte-bebe-b1_6811-e1665999695404.jpg","datePublished":"2022-08-25T17:34:19+00:00","dateModified":"2025-10-28T18:16:50+00:00","description":"PORTABEBE BELLELLI B1 STANDARD en VELOAXE.COM por so\u0301lo 49,99 \u20ac. Env\u00edo desde 4,49 euros, facilidad de pago disponible hasta 12X.","breadcrumb":{"@id":"https:\/\/veloaxe.com\/producto\/portabebe-bellelli-b1-standard\/#breadcrumb"},"inLanguage":"fr-FR","potentialAction":[{"@type":"ReadAction","target":["https:\/\/veloaxe.com\/producto\/portabebe-bellelli-b1-standard\/"]}]},{"@type":"ImageObject","inLanguage":"fr-FR","@id":"https:\/\/veloaxe.com\/producto\/portabebe-bellelli-b1-standard\/#primaryimage","url":"https:\/\/veloaxe.com\/wp-content\/uploads\/2022\/08\/1200_1500_25____1__porte-bebe-b1_6811-e1665999695404.jpg","contentUrl":"https:\/\/veloaxe.com\/wp-content\/uploads\/2022\/08\/1200_1500_25____1__porte-bebe-b1_6811-e1665999695404.jpg","width":768,"height":948,"caption":"portabebe-bicicleta-bellelli"},{"@type":"BreadcrumbList","@id":"https:\/\/veloaxe.com\/producto\/portabebe-bellelli-b1-standard\/#breadcrumb","itemListElement":[{"@type":"ListItem","position":1,"name":"Portada","item":"https:\/\/paleturquoise-herring-271034.hostingersite.com\/"},{"@type":"ListItem","position":2,"name":"Shop","item":"https:\/\/paleturquoise-herring-271034.hostingersite.com\/shop\/"},{"@type":"ListItem","position":3,"name":"PORTABEBE BELLELLI B1 STANDARD"}]},{"@type":"WebSite","@id":"https:\/\/veloaxe.com\/#website","url":"https:\/\/veloaxe.com\/","name":"Boutique de v\u00e9lo en ligne | VELOAXE","description":"Descubre una amplia selecci\u00f3n de bicicletas de alta calidad, desde modelos urbanos y de monta\u00f1a hasta bicicletas de carretera de \u00faltima generaci\u00f3n. Con un servicio experto y accesorios especializados, estamos comprometidos a brindarte la mejor experiencia ciclista.","publisher":{"@id":"https:\/\/veloaxe.com\/#organization"},"potentialAction":[{"@type":"SearchAction","target":{"@type":"EntryPoint","urlTemplate":"https:\/\/veloaxe.com\/?s={search_term_string}"},"query-input":{"@type":"PropertyValueSpecification","valueRequired":true,"valueName":"search_term_string"}}],"inLanguage":"fr-FR"},{"@type":"Organization","@id":"https:\/\/veloaxe.com\/#organization","name":"Boutique de v\u00e9lo en ligne | VELOAXE","url":"https:\/\/veloaxe.com\/","logo":{"@type":"ImageObject","inLanguage":"fr-FR","@id":"https:\/\/veloaxe.com\/#\/schema\/logo\/image\/","url":"https:\/\/veloaxe.com\/wp-content\/uploads\/2026\/01\/cropped-logo-1.jpg","contentUrl":"https:\/\/veloaxe.com\/wp-content\/uploads\/2026\/01\/cropped-logo-1.jpg","width":1273,"height":363,"caption":"Tienda de bicicletas | VELOAXE"},"image":{"@id":"https:\/\/veloaxe.com\/#\/schema\/logo\/image\/"},"sameAs":["https:\/\/www.facebook.com\/veloaxe"]}]}},"_links":{"self":[{"href":"https:\/\/veloaxe.com\/fr\/wp-json\/wp\/v2\/product\/1104","targetHints":{"allow":["GET"]}}],"collection":[{"href":"https:\/\/veloaxe.com\/fr\/wp-json\/wp\/v2\/product"}],"about":[{"href":"https:\/\/veloaxe.com\/fr\/wp-json\/wp\/v2\/types\/product"}],"replies":[{"embeddable":true,"href":"https:\/\/veloaxe.com\/fr\/wp-json\/wp\/v2\/comments?post=1104"}],"wp:featuredmedia":[{"embeddable":true,"href":"https:\/\/veloaxe.com\/fr\/wp-json\/wp\/v2\/media\/1144"}],"wp:attachment":[{"href":"https:\/\/veloaxe.com\/fr\/wp-json\/wp\/v2\/media?parent=1104"}],"wp:term":[{"taxonomy":"product_brand","embeddable":true,"href":"https:\/\/veloaxe.com\/fr\/wp-json\/wp\/v2\/product_brand?post=1104"},{"taxonomy":"product_cat","embeddable":true,"href":"https:\/\/veloaxe.com\/fr\/wp-json\/wp\/v2\/product_cat?post=1104"},{"taxonomy":"product_tag","embeddable":true,"href":"https:\/\/veloaxe.com\/fr\/wp-json\/wp\/v2\/product_tag?post=1104"}],"curies":[{"name":"wp","href":"https:\/\/api.w.org\/{rel}","templated":true}]}}