{"id":1107,"date":"2022-08-25T17:34:19","date_gmt":"2022-08-25T17:34:19","guid":{"rendered":"https:\/\/veloaxe.com\/?post_type=product&#038;p=1107"},"modified":"2025-10-28T18:28:23","modified_gmt":"2025-10-28T18:28:23","slug":"remolque-bellelli-eco-trailer-maxi","status":"publish","type":"product","link":"https:\/\/veloaxe.com\/fr\/produit\/remolque-bellelli-eco-trailer-maxi\/","title":{"rendered":"REMOLQUE BELLELLI Eco Trailer Maxi"},"content":{"rendered":"<p><span style=\"color: #000000;\">El <strong>BELLELLI ECO TRAILER<\/strong>\u00a0se acopla f\u00e1cilmente a la tija del sill\u00edn de la bicicleta. Con una capacidad de <strong>60 litros<\/strong> para un peso m\u00e1ximo de <strong>35 kg<\/strong> completamente cargado, este remolque es ideal para la ciudad. El remolque <strong>BELELLI<\/strong> tiene un sistema de seguridad adicional. Tambi\u00e9n se puede utilizar a mano.<\/span><\/p>","protected":false},"excerpt":{"rendered":"<p>El BELLELLI ECO TRAILER\u00a0se acopla f\u00e1cilmente a la tija del sill\u00edn de la bicicleta. Con una capacidad de 60 litros para un peso m\u00e1ximo de 35 kg completamente cargado, este remolque es ideal para la ciudad. El remolque BELELLI tiene un sistema de seguridad adicional. Tambi\u00e9n se puede utilizar a mano.<\/p>","protected":false},"featured_media":1148,"comment_status":"open","ping_status":"closed","template":"","meta":[],"product_brand":[],"product_cat":[98,96,73],"product_tag":[],"class_list":{"0":"post-1107","1":"product","2":"type-product","3":"status-publish","4":"has-post-thumbnail","6":"product_cat-remolque-de-bicicleta","7":"product_cat-remolques-portabebes-para-bicicleta","8":"product_cat-bicicleta-de-urbana","9":"product_shipping_class-no-bicicletas","11":"first","12":"instock","13":"sale","14":"shipping-taxable","15":"purchasable","16":"product-type-simple"},"yoast_head":"<!-- This site is optimized with the Yoast SEO plugin v27.6 - https:\/\/yoast.com\/product\/yoast-seo-wordpress\/ -->\n<title>REMOLQUE BELLELLI Eco Trailer Maxi - Tienda de bicicletas | VELOAXE<\/title>\n<meta name=\"description\" content=\"REMOLQUE BELLELLI ECO TRAIL MAXI en VELOAXE.COM por so\u0301lo 97,99 \u20ac. Env\u00edo desde 4,49 euros, facilidad de pago disponible hasta 12X.\" \/>\n<meta name=\"robots\" content=\"index, follow, max-snippet:-1, max-image-preview:large, max-video-preview:-1\" \/>\n<link rel=\"canonical\" href=\"https:\/\/paleturquoise-herring-271034.hostingersite.com\/producto\/remolque-bellelli-eco-trailer-maxi\/\" \/>\n<meta property=\"og:locale\" content=\"fr_FR\" \/>\n<meta property=\"og:type\" content=\"article\" \/>\n<meta property=\"og:title\" content=\"REMOLQUE BELLELLI Eco Trailer Maxi - Tienda de bicicletas | VELOAXE\" \/>\n<meta property=\"og:description\" content=\"REMOLQUE BELLELLI ECO TRAIL MAXI en VELOAXE.COM por so\u0301lo 97,99 \u20ac. Env\u00edo desde 4,49 euros, facilidad de pago disponible hasta 12X.\" \/>\n<meta property=\"og:url\" content=\"https:\/\/paleturquoise-herring-271034.hostingersite.com\/producto\/remolque-bellelli-eco-trailer-maxi\/\" \/>\n<meta property=\"og:site_name\" content=\"Tienda de bicicletas | VELOAXE\" \/>\n<meta property=\"article:publisher\" content=\"https:\/\/www.facebook.com\/veloaxe\" \/>\n<meta property=\"article:modified_time\" content=\"2025-10-28T18:28:23+00:00\" \/>\n<meta property=\"og:image\" content=\"https:\/\/paleturquoise-herring-271034.hostingersite.com\/wp-content\/uploads\/2022\/08\/1200_1500_27____1__remorque-velo_3809-e1665998406353.jpg\" \/>\n\t<meta property=\"og:image:width\" content=\"1200\" \/>\n\t<meta property=\"og:image:height\" content=\"982\" \/>\n\t<meta property=\"og:image:type\" content=\"image\/jpeg\" \/>\n<meta name=\"twitter:card\" content=\"summary_large_image\" \/>\n<meta name=\"twitter:label1\" content=\"Dur\u00e9e de lecture estim\u00e9e\" \/>\n\t<meta name=\"twitter:data1\" content=\"1 minute\" \/>\n<script type=\"application\/ld+json\" class=\"yoast-schema-graph\">{\"@context\":\"https:\\\/\\\/schema.org\",\"@graph\":[{\"@type\":\"WebPage\",\"@id\":\"https:\\\/\\\/paleturquoise-herring-271034.hostingersite.com\\\/producto\\\/remolque-bellelli-eco-trailer-maxi\\\/\",\"url\":\"https:\\\/\\\/paleturquoise-herring-271034.hostingersite.com\\\/producto\\\/remolque-bellelli-eco-trailer-maxi\\\/\",\"name\":\"REMOLQUE BELLELLI Eco Trailer Maxi - Tienda de bicicletas | VELOAXE\",\"isPartOf\":{\"@id\":\"https:\\\/\\\/veloaxe.com\\\/#website\"},\"primaryImageOfPage\":{\"@id\":\"https:\\\/\\\/paleturquoise-herring-271034.hostingersite.com\\\/producto\\\/remolque-bellelli-eco-trailer-maxi\\\/#primaryimage\"},\"image\":{\"@id\":\"https:\\\/\\\/paleturquoise-herring-271034.hostingersite.com\\\/producto\\\/remolque-bellelli-eco-trailer-maxi\\\/#primaryimage\"},\"thumbnailUrl\":\"https:\\\/\\\/veloaxe.com\\\/wp-content\\\/uploads\\\/2022\\\/08\\\/1200_1500_27____1__remorque-velo_3809-e1665998406353.jpg\",\"datePublished\":\"2022-08-25T17:34:19+00:00\",\"dateModified\":\"2025-10-28T18:28:23+00:00\",\"description\":\"REMOLQUE BELLELLI ECO TRAIL MAXI en VELOAXE.COM por so\u0301lo 97,99 \u20ac. Env\u00edo desde 4,49 euros, facilidad de pago disponible hasta 12X.\",\"breadcrumb\":{\"@id\":\"https:\\\/\\\/paleturquoise-herring-271034.hostingersite.com\\\/producto\\\/remolque-bellelli-eco-trailer-maxi\\\/#breadcrumb\"},\"inLanguage\":\"fr-FR\",\"potentialAction\":[{\"@type\":\"ReadAction\",\"target\":[\"https:\\\/\\\/paleturquoise-herring-271034.hostingersite.com\\\/producto\\\/remolque-bellelli-eco-trailer-maxi\\\/\"]}]},{\"@type\":\"ImageObject\",\"inLanguage\":\"fr-FR\",\"@id\":\"https:\\\/\\\/paleturquoise-herring-271034.hostingersite.com\\\/producto\\\/remolque-bellelli-eco-trailer-maxi\\\/#primaryimage\",\"url\":\"https:\\\/\\\/veloaxe.com\\\/wp-content\\\/uploads\\\/2022\\\/08\\\/1200_1500_27____1__remorque-velo_3809-e1665998406353.jpg\",\"contentUrl\":\"https:\\\/\\\/veloaxe.com\\\/wp-content\\\/uploads\\\/2022\\\/08\\\/1200_1500_27____1__remorque-velo_3809-e1665998406353.jpg\",\"width\":1200,\"height\":982,\"caption\":\"remolque-bicicleta-eco-trailer-bellelli\"},{\"@type\":\"BreadcrumbList\",\"@id\":\"https:\\\/\\\/paleturquoise-herring-271034.hostingersite.com\\\/producto\\\/remolque-bellelli-eco-trailer-maxi\\\/#breadcrumb\",\"itemListElement\":[{\"@type\":\"ListItem\",\"position\":1,\"name\":\"Portada\",\"item\":\"https:\\\/\\\/paleturquoise-herring-271034.hostingersite.com\\\/\"},{\"@type\":\"ListItem\",\"position\":2,\"name\":\"Shop\",\"item\":\"https:\\\/\\\/paleturquoise-herring-271034.hostingersite.com\\\/shop\\\/\"},{\"@type\":\"ListItem\",\"position\":3,\"name\":\"REMOLQUE BELLELLI Eco Trailer Maxi\"}]},{\"@type\":\"WebSite\",\"@id\":\"https:\\\/\\\/veloaxe.com\\\/#website\",\"url\":\"https:\\\/\\\/veloaxe.com\\\/\",\"name\":\"Tienda de bicicletas | VELOAXE\",\"description\":\"Descubre una amplia selecci\u00f3n de bicicletas de alta calidad, desde modelos urbanos y de monta\u00f1a hasta bicicletas de carretera de \u00faltima generaci\u00f3n. Con un servicio experto y accesorios especializados, estamos comprometidos a brindarte la mejor experiencia ciclista.\",\"publisher\":{\"@id\":\"https:\\\/\\\/veloaxe.com\\\/#organization\"},\"potentialAction\":[{\"@type\":\"SearchAction\",\"target\":{\"@type\":\"EntryPoint\",\"urlTemplate\":\"https:\\\/\\\/veloaxe.com\\\/?s={search_term_string}\"},\"query-input\":{\"@type\":\"PropertyValueSpecification\",\"valueRequired\":true,\"valueName\":\"search_term_string\"}}],\"inLanguage\":\"fr-FR\"},{\"@type\":\"Organization\",\"@id\":\"https:\\\/\\\/veloaxe.com\\\/#organization\",\"name\":\"Tienda de bicicletas | VELOAXE\",\"url\":\"https:\\\/\\\/veloaxe.com\\\/\",\"logo\":{\"@type\":\"ImageObject\",\"inLanguage\":\"fr-FR\",\"@id\":\"https:\\\/\\\/veloaxe.com\\\/#\\\/schema\\\/logo\\\/image\\\/\",\"url\":\"https:\\\/\\\/veloaxe.com\\\/wp-content\\\/uploads\\\/2026\\\/01\\\/cropped-logo-1.jpg\",\"contentUrl\":\"https:\\\/\\\/veloaxe.com\\\/wp-content\\\/uploads\\\/2026\\\/01\\\/cropped-logo-1.jpg\",\"width\":1273,\"height\":363,\"caption\":\"Tienda de bicicletas | VELOAXE\"},\"image\":{\"@id\":\"https:\\\/\\\/veloaxe.com\\\/#\\\/schema\\\/logo\\\/image\\\/\"},\"sameAs\":[\"https:\\\/\\\/www.facebook.com\\\/veloaxe\"]}]}<\/script>\n<!-- \/ Yoast SEO plugin. -->","yoast_head_json":{"title":"REMOLQUE BELLELLI Eco Trailer Maxi - Tienda de bicicletas | VELOAXE","description":"REMOLQUE BELLELLI ECO TRAIL MAXI en VELOAXE.COM por so\u0301lo 97,99 \u20ac. Env\u00edo desde 4,49 euros, facilidad de pago disponible hasta 12X.","robots":{"index":"index","follow":"follow","max-snippet":"max-snippet:-1","max-image-preview":"max-image-preview:large","max-video-preview":"max-video-preview:-1"},"canonical":"https:\/\/paleturquoise-herring-271034.hostingersite.com\/producto\/remolque-bellelli-eco-trailer-maxi\/","og_locale":"fr_FR","og_type":"article","og_title":"REMOLQUE BELLELLI Eco Trailer Maxi - Tienda de bicicletas | VELOAXE","og_description":"REMOLQUE BELLELLI ECO TRAIL MAXI en VELOAXE.COM por so\u0301lo 97,99 \u20ac. Env\u00edo desde 4,49 euros, facilidad de pago disponible hasta 12X.","og_url":"https:\/\/paleturquoise-herring-271034.hostingersite.com\/producto\/remolque-bellelli-eco-trailer-maxi\/","og_site_name":"Tienda de bicicletas | VELOAXE","article_publisher":"https:\/\/www.facebook.com\/veloaxe","article_modified_time":"2025-10-28T18:28:23+00:00","og_image":[{"width":1200,"height":982,"url":"https:\/\/paleturquoise-herring-271034.hostingersite.com\/wp-content\/uploads\/2022\/08\/1200_1500_27____1__remorque-velo_3809-e1665998406353.jpg","type":"image\/jpeg"}],"twitter_card":"summary_large_image","twitter_misc":{"Dur\u00e9e de lecture estim\u00e9e":"1 minute"},"schema":{"@context":"https:\/\/schema.org","@graph":[{"@type":"WebPage","@id":"https:\/\/paleturquoise-herring-271034.hostingersite.com\/producto\/remolque-bellelli-eco-trailer-maxi\/","url":"https:\/\/paleturquoise-herring-271034.hostingersite.com\/producto\/remolque-bellelli-eco-trailer-maxi\/","name":"REMOLQUE BELLELLI Eco Trailer Maxi - Tienda de bicicletas | VELOAXE","isPartOf":{"@id":"https:\/\/veloaxe.com\/#website"},"primaryImageOfPage":{"@id":"https:\/\/paleturquoise-herring-271034.hostingersite.com\/producto\/remolque-bellelli-eco-trailer-maxi\/#primaryimage"},"image":{"@id":"https:\/\/paleturquoise-herring-271034.hostingersite.com\/producto\/remolque-bellelli-eco-trailer-maxi\/#primaryimage"},"thumbnailUrl":"https:\/\/veloaxe.com\/wp-content\/uploads\/2022\/08\/1200_1500_27____1__remorque-velo_3809-e1665998406353.jpg","datePublished":"2022-08-25T17:34:19+00:00","dateModified":"2025-10-28T18:28:23+00:00","description":"REMOLQUE BELLELLI ECO TRAIL MAXI en VELOAXE.COM por so\u0301lo 97,99 \u20ac. Env\u00edo desde 4,49 euros, facilidad de pago disponible hasta 12X.","breadcrumb":{"@id":"https:\/\/paleturquoise-herring-271034.hostingersite.com\/producto\/remolque-bellelli-eco-trailer-maxi\/#breadcrumb"},"inLanguage":"fr-FR","potentialAction":[{"@type":"ReadAction","target":["https:\/\/paleturquoise-herring-271034.hostingersite.com\/producto\/remolque-bellelli-eco-trailer-maxi\/"]}]},{"@type":"ImageObject","inLanguage":"fr-FR","@id":"https:\/\/paleturquoise-herring-271034.hostingersite.com\/producto\/remolque-bellelli-eco-trailer-maxi\/#primaryimage","url":"https:\/\/veloaxe.com\/wp-content\/uploads\/2022\/08\/1200_1500_27____1__remorque-velo_3809-e1665998406353.jpg","contentUrl":"https:\/\/veloaxe.com\/wp-content\/uploads\/2022\/08\/1200_1500_27____1__remorque-velo_3809-e1665998406353.jpg","width":1200,"height":982,"caption":"remolque-bicicleta-eco-trailer-bellelli"},{"@type":"BreadcrumbList","@id":"https:\/\/paleturquoise-herring-271034.hostingersite.com\/producto\/remolque-bellelli-eco-trailer-maxi\/#breadcrumb","itemListElement":[{"@type":"ListItem","position":1,"name":"Portada","item":"https:\/\/paleturquoise-herring-271034.hostingersite.com\/"},{"@type":"ListItem","position":2,"name":"Shop","item":"https:\/\/paleturquoise-herring-271034.hostingersite.com\/shop\/"},{"@type":"ListItem","position":3,"name":"REMOLQUE BELLELLI Eco Trailer Maxi"}]},{"@type":"WebSite","@id":"https:\/\/veloaxe.com\/#website","url":"https:\/\/veloaxe.com\/","name":"Boutique de v\u00e9lo en ligne | VELOAXE","description":"Descubre una amplia selecci\u00f3n de bicicletas de alta calidad, desde modelos urbanos y de monta\u00f1a hasta bicicletas de carretera de \u00faltima generaci\u00f3n. Con un servicio experto y accesorios especializados, estamos comprometidos a brindarte la mejor experiencia ciclista.","publisher":{"@id":"https:\/\/veloaxe.com\/#organization"},"potentialAction":[{"@type":"SearchAction","target":{"@type":"EntryPoint","urlTemplate":"https:\/\/veloaxe.com\/?s={search_term_string}"},"query-input":{"@type":"PropertyValueSpecification","valueRequired":true,"valueName":"search_term_string"}}],"inLanguage":"fr-FR"},{"@type":"Organization","@id":"https:\/\/veloaxe.com\/#organization","name":"Boutique de v\u00e9lo en ligne | VELOAXE","url":"https:\/\/veloaxe.com\/","logo":{"@type":"ImageObject","inLanguage":"fr-FR","@id":"https:\/\/veloaxe.com\/#\/schema\/logo\/image\/","url":"https:\/\/veloaxe.com\/wp-content\/uploads\/2026\/01\/cropped-logo-1.jpg","contentUrl":"https:\/\/veloaxe.com\/wp-content\/uploads\/2026\/01\/cropped-logo-1.jpg","width":1273,"height":363,"caption":"Tienda de bicicletas | VELOAXE"},"image":{"@id":"https:\/\/veloaxe.com\/#\/schema\/logo\/image\/"},"sameAs":["https:\/\/www.facebook.com\/veloaxe"]}]}},"_links":{"self":[{"href":"https:\/\/veloaxe.com\/fr\/wp-json\/wp\/v2\/product\/1107","targetHints":{"allow":["GET"]}}],"collection":[{"href":"https:\/\/veloaxe.com\/fr\/wp-json\/wp\/v2\/product"}],"about":[{"href":"https:\/\/veloaxe.com\/fr\/wp-json\/wp\/v2\/types\/product"}],"replies":[{"embeddable":true,"href":"https:\/\/veloaxe.com\/fr\/wp-json\/wp\/v2\/comments?post=1107"}],"wp:featuredmedia":[{"embeddable":true,"href":"https:\/\/veloaxe.com\/fr\/wp-json\/wp\/v2\/media\/1148"}],"wp:attachment":[{"href":"https:\/\/veloaxe.com\/fr\/wp-json\/wp\/v2\/media?parent=1107"}],"wp:term":[{"taxonomy":"product_brand","embeddable":true,"href":"https:\/\/veloaxe.com\/fr\/wp-json\/wp\/v2\/product_brand?post=1107"},{"taxonomy":"product_cat","embeddable":true,"href":"https:\/\/veloaxe.com\/fr\/wp-json\/wp\/v2\/product_cat?post=1107"},{"taxonomy":"product_tag","embeddable":true,"href":"https:\/\/veloaxe.com\/fr\/wp-json\/wp\/v2\/product_tag?post=1107"}],"curies":[{"name":"wp","href":"https:\/\/api.w.org\/{rel}","templated":true}]}}