{"id":11184,"date":"2023-05-09T08:57:13","date_gmt":"2023-05-09T08:57:13","guid":{"rendered":"https:\/\/veloaxe.com\/?post_type=product&#038;p=11184"},"modified":"2025-08-30T05:34:41","modified_gmt":"2025-08-30T05:34:41","slug":"cable-electronico-shimano-ew-sd50-para-di2-800mm","status":"publish","type":"product","link":"https:\/\/veloaxe.com\/fr\/produit\/cable-electronico-shimano-ew-sd50-para-di2-800mm\/","title":{"rendered":"CABLE ELECTRONICO SHIMANO EW-SD50 PARA DI2 &#8211; 800mm"},"content":{"rendered":"<p>El cable <strong>SHIMANO DI2 EW-SD50<\/strong> te permite conectar tu cambio <strong>DI2 E-TUBE<\/strong> con tus mandos <strong>DI2<\/strong>. Montado en pasaje interno permite conectar cualquier elemento DI2 al conector de 4 pines que se encuentra en el cuadro de tu bicicleta.<\/p>\n<p>Transmite se\u00f1ales interactivas y alimentaci\u00f3n el\u00e9ctrica a cada uno de los componentes electr\u00f3nicos con su conexi\u00f3n \u201cplug &amp; play\u201d<br \/>\nConector compacto e impermeable<br \/>\nF\u00e1cil de insertar en el cuadro<br \/>\nCon brida para el tendido de cable integrado (EW-SD50-I)<\/p>","protected":false},"excerpt":{"rendered":"<p>El cable SHIMANO DI2 EW-SD50 te permite conectar tu cambio DI2 E-TUBE con tus mandos DI2. Montado en pasaje interno permite conectar cualquier elemento DI2 al conector de 4 pines que se encuentra en el cuadro de tu bicicleta. Transmite se\u00f1ales interactivas y alimentaci\u00f3n el\u00e9ctrica a cada uno de los componentes electr\u00f3nicos con su conexi\u00f3n [&hellip;]<\/p>\n","protected":false},"featured_media":11173,"comment_status":"closed","ping_status":"closed","template":"","meta":[],"product_brand":[],"product_cat":[204,27],"product_tag":[],"class_list":{"0":"post-11184","1":"product","2":"type-product","3":"status-publish","4":"has-post-thumbnail","6":"product_cat-accesorios-electronicos","7":"product_cat-transmision-para-bicicleta","8":"product_shipping_class-no-bicicletas","10":"first","11":"instock","12":"sale","13":"shipping-taxable","14":"purchasable","15":"product-type-simple"},"yoast_head":"<!-- This site is optimized with the Yoast SEO plugin v27.6 - https:\/\/yoast.com\/product\/yoast-seo-wordpress\/ -->\n<title>CABLE SHIMANO EW-SD50 PARA DI2 - WWW.VELOAXE.COM<\/title>\n<meta name=\"description\" content=\"CABLE ELECTRONICO SHIMANO EW-SD50 PARA DI2 800mm - encuentra todos los componentes electronicos shimano DI2 al mejor precio. Facilidad de paga hasta 12x.\" \/>\n<meta name=\"robots\" content=\"index, follow, max-snippet:-1, max-image-preview:large, max-video-preview:-1\" \/>\n<link rel=\"canonical\" href=\"https:\/\/veloaxe.com\/fr\/produit\/cable-electronico-shimano-ew-sd50-para-di2-800mm\/\" \/>\n<meta property=\"og:locale\" content=\"fr_FR\" \/>\n<meta property=\"og:type\" content=\"article\" \/>\n<meta property=\"og:title\" content=\"CABLE SHIMANO EW-SD50 PARA DI2 - WWW.VELOAXE.COM\" \/>\n<meta property=\"og:description\" content=\"CABLE ELECTRONICO SHIMANO EW-SD50 PARA DI2 800mm - encuentra todos los componentes electronicos shimano DI2 al mejor precio. Facilidad de paga hasta 12x.\" \/>\n<meta property=\"og:url\" content=\"https:\/\/veloaxe.com\/fr\/produit\/cable-electronico-shimano-ew-sd50-para-di2-800mm\/\" \/>\n<meta property=\"og:site_name\" content=\"Tienda de bicicletas | VELOAXE\" \/>\n<meta property=\"article:publisher\" content=\"https:\/\/www.facebook.com\/veloaxe\" \/>\n<meta property=\"article:modified_time\" content=\"2025-08-30T05:34:41+00:00\" \/>\n<meta property=\"og:image\" content=\"https:\/\/veloaxe.com\/wp-content\/uploads\/2023\/05\/cable-shimano-ew-sd50-di2-2.jpg\" \/>\n\t<meta property=\"og:image:width\" content=\"1500\" \/>\n\t<meta property=\"og:image:height\" content=\"1020\" \/>\n\t<meta property=\"og:image:type\" content=\"image\/jpeg\" \/>\n<meta name=\"twitter:card\" content=\"summary_large_image\" \/>\n<meta name=\"twitter:label1\" content=\"Dur\u00e9e de lecture estim\u00e9e\" \/>\n\t<meta name=\"twitter:data1\" content=\"1 minute\" \/>\n<script type=\"application\/ld+json\" class=\"yoast-schema-graph\">{\"@context\":\"https:\\\/\\\/schema.org\",\"@graph\":[{\"@type\":\"WebPage\",\"@id\":\"https:\\\/\\\/veloaxe.com\\\/producto\\\/cable-electronico-shimano-ew-sd50-para-di2-800mm\\\/\",\"url\":\"https:\\\/\\\/veloaxe.com\\\/producto\\\/cable-electronico-shimano-ew-sd50-para-di2-800mm\\\/\",\"name\":\"CABLE SHIMANO EW-SD50 PARA DI2 - WWW.VELOAXE.COM\",\"isPartOf\":{\"@id\":\"https:\\\/\\\/veloaxe.com\\\/#website\"},\"primaryImageOfPage\":{\"@id\":\"https:\\\/\\\/veloaxe.com\\\/producto\\\/cable-electronico-shimano-ew-sd50-para-di2-800mm\\\/#primaryimage\"},\"image\":{\"@id\":\"https:\\\/\\\/veloaxe.com\\\/producto\\\/cable-electronico-shimano-ew-sd50-para-di2-800mm\\\/#primaryimage\"},\"thumbnailUrl\":\"https:\\\/\\\/veloaxe.com\\\/wp-content\\\/uploads\\\/2023\\\/05\\\/cable-shimano-ew-sd50-di2-2.jpg\",\"datePublished\":\"2023-05-09T08:57:13+00:00\",\"dateModified\":\"2025-08-30T05:34:41+00:00\",\"description\":\"CABLE ELECTRONICO SHIMANO EW-SD50 PARA DI2 800mm - encuentra todos los componentes electronicos shimano DI2 al mejor precio. Facilidad de paga hasta 12x.\",\"breadcrumb\":{\"@id\":\"https:\\\/\\\/veloaxe.com\\\/producto\\\/cable-electronico-shimano-ew-sd50-para-di2-800mm\\\/#breadcrumb\"},\"inLanguage\":\"fr-FR\",\"potentialAction\":[{\"@type\":\"ReadAction\",\"target\":[\"https:\\\/\\\/veloaxe.com\\\/producto\\\/cable-electronico-shimano-ew-sd50-para-di2-800mm\\\/\"]}]},{\"@type\":\"ImageObject\",\"inLanguage\":\"fr-FR\",\"@id\":\"https:\\\/\\\/veloaxe.com\\\/producto\\\/cable-electronico-shimano-ew-sd50-para-di2-800mm\\\/#primaryimage\",\"url\":\"https:\\\/\\\/veloaxe.com\\\/wp-content\\\/uploads\\\/2023\\\/05\\\/cable-shimano-ew-sd50-di2-2.jpg\",\"contentUrl\":\"https:\\\/\\\/veloaxe.com\\\/wp-content\\\/uploads\\\/2023\\\/05\\\/cable-shimano-ew-sd50-di2-2.jpg\",\"width\":1500,\"height\":1020,\"caption\":\"cable-shimano-ew-sd50-di2\"},{\"@type\":\"BreadcrumbList\",\"@id\":\"https:\\\/\\\/veloaxe.com\\\/producto\\\/cable-electronico-shimano-ew-sd50-para-di2-800mm\\\/#breadcrumb\",\"itemListElement\":[{\"@type\":\"ListItem\",\"position\":1,\"name\":\"Portada\",\"item\":\"https:\\\/\\\/paleturquoise-herring-271034.hostingersite.com\\\/\"},{\"@type\":\"ListItem\",\"position\":2,\"name\":\"Shop\",\"item\":\"https:\\\/\\\/paleturquoise-herring-271034.hostingersite.com\\\/shop\\\/\"},{\"@type\":\"ListItem\",\"position\":3,\"name\":\"CABLE ELECTRONICO SHIMANO EW-SD50 PARA DI2 &#8211; 800mm\"}]},{\"@type\":\"WebSite\",\"@id\":\"https:\\\/\\\/veloaxe.com\\\/#website\",\"url\":\"https:\\\/\\\/veloaxe.com\\\/\",\"name\":\"Tienda de bicicletas | VELOAXE\",\"description\":\"Descubre una amplia selecci\u00f3n de bicicletas de alta calidad, desde modelos urbanos y de monta\u00f1a hasta bicicletas de carretera de \u00faltima generaci\u00f3n. Con un servicio experto y accesorios especializados, estamos comprometidos a brindarte la mejor experiencia ciclista.\",\"publisher\":{\"@id\":\"https:\\\/\\\/veloaxe.com\\\/#organization\"},\"potentialAction\":[{\"@type\":\"SearchAction\",\"target\":{\"@type\":\"EntryPoint\",\"urlTemplate\":\"https:\\\/\\\/veloaxe.com\\\/?s={search_term_string}\"},\"query-input\":{\"@type\":\"PropertyValueSpecification\",\"valueRequired\":true,\"valueName\":\"search_term_string\"}}],\"inLanguage\":\"fr-FR\"},{\"@type\":\"Organization\",\"@id\":\"https:\\\/\\\/veloaxe.com\\\/#organization\",\"name\":\"Tienda de bicicletas | VELOAXE\",\"url\":\"https:\\\/\\\/veloaxe.com\\\/\",\"logo\":{\"@type\":\"ImageObject\",\"inLanguage\":\"fr-FR\",\"@id\":\"https:\\\/\\\/veloaxe.com\\\/#\\\/schema\\\/logo\\\/image\\\/\",\"url\":\"https:\\\/\\\/veloaxe.com\\\/wp-content\\\/uploads\\\/2026\\\/01\\\/cropped-logo-1.jpg\",\"contentUrl\":\"https:\\\/\\\/veloaxe.com\\\/wp-content\\\/uploads\\\/2026\\\/01\\\/cropped-logo-1.jpg\",\"width\":1273,\"height\":363,\"caption\":\"Tienda de bicicletas | VELOAXE\"},\"image\":{\"@id\":\"https:\\\/\\\/veloaxe.com\\\/#\\\/schema\\\/logo\\\/image\\\/\"},\"sameAs\":[\"https:\\\/\\\/www.facebook.com\\\/veloaxe\"]}]}<\/script>\n<!-- \/ Yoast SEO plugin. -->","yoast_head_json":{"title":"CABLE SHIMANO EW-SD50 PARA DI2 - WWW.VELOAXE.COM","description":"CABLE ELECTRONICO SHIMANO EW-SD50 PARA DI2 800mm - encuentra todos los componentes electronicos shimano DI2 al mejor precio. Facilidad de paga hasta 12x.","robots":{"index":"index","follow":"follow","max-snippet":"max-snippet:-1","max-image-preview":"max-image-preview:large","max-video-preview":"max-video-preview:-1"},"canonical":"https:\/\/veloaxe.com\/fr\/produit\/cable-electronico-shimano-ew-sd50-para-di2-800mm\/","og_locale":"fr_FR","og_type":"article","og_title":"CABLE SHIMANO EW-SD50 PARA DI2 - WWW.VELOAXE.COM","og_description":"CABLE ELECTRONICO SHIMANO EW-SD50 PARA DI2 800mm - encuentra todos los componentes electronicos shimano DI2 al mejor precio. Facilidad de paga hasta 12x.","og_url":"https:\/\/veloaxe.com\/fr\/produit\/cable-electronico-shimano-ew-sd50-para-di2-800mm\/","og_site_name":"Tienda de bicicletas | VELOAXE","article_publisher":"https:\/\/www.facebook.com\/veloaxe","article_modified_time":"2025-08-30T05:34:41+00:00","og_image":[{"width":1500,"height":1020,"url":"https:\/\/veloaxe.com\/wp-content\/uploads\/2023\/05\/cable-shimano-ew-sd50-di2-2.jpg","type":"image\/jpeg"}],"twitter_card":"summary_large_image","twitter_misc":{"Dur\u00e9e de lecture estim\u00e9e":"1 minute"},"schema":{"@context":"https:\/\/schema.org","@graph":[{"@type":"WebPage","@id":"https:\/\/veloaxe.com\/producto\/cable-electronico-shimano-ew-sd50-para-di2-800mm\/","url":"https:\/\/veloaxe.com\/producto\/cable-electronico-shimano-ew-sd50-para-di2-800mm\/","name":"CABLE SHIMANO EW-SD50 PARA DI2 - WWW.VELOAXE.COM","isPartOf":{"@id":"https:\/\/veloaxe.com\/#website"},"primaryImageOfPage":{"@id":"https:\/\/veloaxe.com\/producto\/cable-electronico-shimano-ew-sd50-para-di2-800mm\/#primaryimage"},"image":{"@id":"https:\/\/veloaxe.com\/producto\/cable-electronico-shimano-ew-sd50-para-di2-800mm\/#primaryimage"},"thumbnailUrl":"https:\/\/veloaxe.com\/wp-content\/uploads\/2023\/05\/cable-shimano-ew-sd50-di2-2.jpg","datePublished":"2023-05-09T08:57:13+00:00","dateModified":"2025-08-30T05:34:41+00:00","description":"CABLE ELECTRONICO SHIMANO EW-SD50 PARA DI2 800mm - encuentra todos los componentes electronicos shimano DI2 al mejor precio. Facilidad de paga hasta 12x.","breadcrumb":{"@id":"https:\/\/veloaxe.com\/producto\/cable-electronico-shimano-ew-sd50-para-di2-800mm\/#breadcrumb"},"inLanguage":"fr-FR","potentialAction":[{"@type":"ReadAction","target":["https:\/\/veloaxe.com\/producto\/cable-electronico-shimano-ew-sd50-para-di2-800mm\/"]}]},{"@type":"ImageObject","inLanguage":"fr-FR","@id":"https:\/\/veloaxe.com\/producto\/cable-electronico-shimano-ew-sd50-para-di2-800mm\/#primaryimage","url":"https:\/\/veloaxe.com\/wp-content\/uploads\/2023\/05\/cable-shimano-ew-sd50-di2-2.jpg","contentUrl":"https:\/\/veloaxe.com\/wp-content\/uploads\/2023\/05\/cable-shimano-ew-sd50-di2-2.jpg","width":1500,"height":1020,"caption":"cable-shimano-ew-sd50-di2"},{"@type":"BreadcrumbList","@id":"https:\/\/veloaxe.com\/producto\/cable-electronico-shimano-ew-sd50-para-di2-800mm\/#breadcrumb","itemListElement":[{"@type":"ListItem","position":1,"name":"Portada","item":"https:\/\/paleturquoise-herring-271034.hostingersite.com\/"},{"@type":"ListItem","position":2,"name":"Shop","item":"https:\/\/paleturquoise-herring-271034.hostingersite.com\/shop\/"},{"@type":"ListItem","position":3,"name":"CABLE ELECTRONICO SHIMANO EW-SD50 PARA DI2 &#8211; 800mm"}]},{"@type":"WebSite","@id":"https:\/\/veloaxe.com\/#website","url":"https:\/\/veloaxe.com\/","name":"Boutique de v\u00e9lo en ligne | VELOAXE","description":"Descubre una amplia selecci\u00f3n de bicicletas de alta calidad, desde modelos urbanos y de monta\u00f1a hasta bicicletas de carretera de \u00faltima generaci\u00f3n. Con un servicio experto y accesorios especializados, estamos comprometidos a brindarte la mejor experiencia ciclista.","publisher":{"@id":"https:\/\/veloaxe.com\/#organization"},"potentialAction":[{"@type":"SearchAction","target":{"@type":"EntryPoint","urlTemplate":"https:\/\/veloaxe.com\/?s={search_term_string}"},"query-input":{"@type":"PropertyValueSpecification","valueRequired":true,"valueName":"search_term_string"}}],"inLanguage":"fr-FR"},{"@type":"Organization","@id":"https:\/\/veloaxe.com\/#organization","name":"Boutique de v\u00e9lo en ligne | VELOAXE","url":"https:\/\/veloaxe.com\/","logo":{"@type":"ImageObject","inLanguage":"fr-FR","@id":"https:\/\/veloaxe.com\/#\/schema\/logo\/image\/","url":"https:\/\/veloaxe.com\/wp-content\/uploads\/2026\/01\/cropped-logo-1.jpg","contentUrl":"https:\/\/veloaxe.com\/wp-content\/uploads\/2026\/01\/cropped-logo-1.jpg","width":1273,"height":363,"caption":"Tienda de bicicletas | VELOAXE"},"image":{"@id":"https:\/\/veloaxe.com\/#\/schema\/logo\/image\/"},"sameAs":["https:\/\/www.facebook.com\/veloaxe"]}]}},"_links":{"self":[{"href":"https:\/\/veloaxe.com\/fr\/wp-json\/wp\/v2\/product\/11184","targetHints":{"allow":["GET"]}}],"collection":[{"href":"https:\/\/veloaxe.com\/fr\/wp-json\/wp\/v2\/product"}],"about":[{"href":"https:\/\/veloaxe.com\/fr\/wp-json\/wp\/v2\/types\/product"}],"replies":[{"embeddable":true,"href":"https:\/\/veloaxe.com\/fr\/wp-json\/wp\/v2\/comments?post=11184"}],"wp:featuredmedia":[{"embeddable":true,"href":"https:\/\/veloaxe.com\/fr\/wp-json\/wp\/v2\/media\/11173"}],"wp:attachment":[{"href":"https:\/\/veloaxe.com\/fr\/wp-json\/wp\/v2\/media?parent=11184"}],"wp:term":[{"taxonomy":"product_brand","embeddable":true,"href":"https:\/\/veloaxe.com\/fr\/wp-json\/wp\/v2\/product_brand?post=11184"},{"taxonomy":"product_cat","embeddable":true,"href":"https:\/\/veloaxe.com\/fr\/wp-json\/wp\/v2\/product_cat?post=11184"},{"taxonomy":"product_tag","embeddable":true,"href":"https:\/\/veloaxe.com\/fr\/wp-json\/wp\/v2\/product_tag?post=11184"}],"curies":[{"name":"wp","href":"https:\/\/api.w.org\/{rel}","templated":true}]}}