{"id":11214,"date":"2023-05-12T06:45:23","date_gmt":"2023-05-12T06:45:23","guid":{"rendered":"https:\/\/veloaxe.com\/?post_type=product&#038;p=11214"},"modified":"2026-04-07T18:14:07","modified_gmt":"2026-04-07T18:14:07","slug":"bateria-externa-shimano-sm-btr1a-di2","status":"publish","type":"product","link":"https:\/\/veloaxe.com\/fr\/producto\/bateria-externa-shimano-sm-btr1a-di2\/","title":{"rendered":"BATERIA EXTERNA SHIMANO SM-BTR1A DI2"},"content":{"rendered":"<p>La bater\u00eda externa SHIMANO SM-BTR1A DI2 est\u00e1 fabricada exclusivamente para los grupos SHIMANO DI2.<\/p>\n<p>La bater\u00eda se monta en el cuadro con los adaptadores proporcionados. La bater\u00eda SHIMANO DI2 permite un uso de aproximadamente 1500 km.<\/p>","protected":false},"excerpt":{"rendered":"<p>La bater\u00eda externa SHIMANO SM-BTR1A DI2 est\u00e1 fabricada exclusivamente para los grupos SHIMANO DI2. La bater\u00eda se monta en el cuadro con los adaptadores proporcionados. La bater\u00eda SHIMANO DI2 permite un uso de aproximadamente 1500 km.<\/p>","protected":false},"featured_media":11215,"comment_status":"closed","ping_status":"closed","template":"","meta":[],"product_brand":[],"product_cat":[204,27],"product_tag":[],"class_list":{"0":"post-11214","1":"product","2":"type-product","3":"status-publish","4":"has-post-thumbnail","6":"product_cat-accesorios-electronicos","7":"product_cat-transmision-para-bicicleta","8":"product_shipping_class-no-bicicletas","10":"first","11":"outofstock","12":"sale","13":"shipping-taxable","14":"purchasable","15":"product-type-simple"},"yoast_head":"<!-- This site is optimized with the Yoast SEO plugin v27.6 - https:\/\/yoast.com\/product\/yoast-seo-wordpress\/ -->\n<title>BATERIA SHIMANO DI2 SM-BTR1A - WWW.VELOAXE.COM<\/title>\n<meta name=\"description\" content=\"BATERIA EXTERNA SHIMANO SM-BTR1A PARA DI2 - encuentra todos los componentes electronicos shimano DI2 al mejor precio. Facilidad de paga hasta 12x.\" \/>\n<meta name=\"robots\" content=\"index, follow, max-snippet:-1, max-image-preview:large, max-video-preview:-1\" \/>\n<link rel=\"canonical\" href=\"https:\/\/paleturquoise-herring-271034.hostingersite.com\/producto\/bateria-externa-shimano-sm-btr1a-di2\/\" \/>\n<meta property=\"og:locale\" content=\"fr_FR\" \/>\n<meta property=\"og:type\" content=\"article\" \/>\n<meta property=\"og:title\" content=\"BATERIA SHIMANO DI2 SM-BTR1A - WWW.VELOAXE.COM\" \/>\n<meta property=\"og:description\" content=\"BATERIA EXTERNA SHIMANO SM-BTR1A PARA DI2 - encuentra todos los componentes electronicos shimano DI2 al mejor precio. Facilidad de paga hasta 12x.\" \/>\n<meta property=\"og:url\" content=\"https:\/\/paleturquoise-herring-271034.hostingersite.com\/producto\/bateria-externa-shimano-sm-btr1a-di2\/\" \/>\n<meta property=\"og:site_name\" content=\"Tienda de bicicletas | VELOAXE\" \/>\n<meta property=\"article:publisher\" content=\"https:\/\/www.facebook.com\/veloaxe\" \/>\n<meta property=\"article:modified_time\" content=\"2026-04-07T18:14:07+00:00\" \/>\n<meta property=\"og:image\" content=\"https:\/\/paleturquoise-herring-271034.hostingersite.com\/wp-content\/uploads\/2023\/05\/bateria-shimano-externa-di2.jpg\" \/>\n\t<meta property=\"og:image:width\" content=\"800\" \/>\n\t<meta property=\"og:image:height\" content=\"800\" \/>\n\t<meta property=\"og:image:type\" content=\"image\/jpeg\" \/>\n<meta name=\"twitter:card\" content=\"summary_large_image\" \/>\n<meta name=\"twitter:label1\" content=\"Dur\u00e9e de lecture estim\u00e9e\" \/>\n\t<meta name=\"twitter:data1\" content=\"1 minute\" \/>\n<script type=\"application\/ld+json\" class=\"yoast-schema-graph\">{\"@context\":\"https:\\\/\\\/schema.org\",\"@graph\":[{\"@type\":\"WebPage\",\"@id\":\"https:\\\/\\\/paleturquoise-herring-271034.hostingersite.com\\\/producto\\\/bateria-externa-shimano-sm-btr1a-di2\\\/\",\"url\":\"https:\\\/\\\/paleturquoise-herring-271034.hostingersite.com\\\/producto\\\/bateria-externa-shimano-sm-btr1a-di2\\\/\",\"name\":\"BATERIA SHIMANO DI2 SM-BTR1A - WWW.VELOAXE.COM\",\"isPartOf\":{\"@id\":\"https:\\\/\\\/veloaxe.com\\\/#website\"},\"primaryImageOfPage\":{\"@id\":\"https:\\\/\\\/paleturquoise-herring-271034.hostingersite.com\\\/producto\\\/bateria-externa-shimano-sm-btr1a-di2\\\/#primaryimage\"},\"image\":{\"@id\":\"https:\\\/\\\/paleturquoise-herring-271034.hostingersite.com\\\/producto\\\/bateria-externa-shimano-sm-btr1a-di2\\\/#primaryimage\"},\"thumbnailUrl\":\"https:\\\/\\\/veloaxe.com\\\/wp-content\\\/uploads\\\/2023\\\/05\\\/bateria-shimano-externa-di2.jpg\",\"datePublished\":\"2023-05-12T06:45:23+00:00\",\"dateModified\":\"2026-04-07T18:14:07+00:00\",\"description\":\"BATERIA EXTERNA SHIMANO SM-BTR1A PARA DI2 - encuentra todos los componentes electronicos shimano DI2 al mejor precio. Facilidad de paga hasta 12x.\",\"breadcrumb\":{\"@id\":\"https:\\\/\\\/paleturquoise-herring-271034.hostingersite.com\\\/producto\\\/bateria-externa-shimano-sm-btr1a-di2\\\/#breadcrumb\"},\"inLanguage\":\"fr-FR\",\"potentialAction\":[{\"@type\":\"ReadAction\",\"target\":[\"https:\\\/\\\/paleturquoise-herring-271034.hostingersite.com\\\/producto\\\/bateria-externa-shimano-sm-btr1a-di2\\\/\"]}]},{\"@type\":\"ImageObject\",\"inLanguage\":\"fr-FR\",\"@id\":\"https:\\\/\\\/paleturquoise-herring-271034.hostingersite.com\\\/producto\\\/bateria-externa-shimano-sm-btr1a-di2\\\/#primaryimage\",\"url\":\"https:\\\/\\\/veloaxe.com\\\/wp-content\\\/uploads\\\/2023\\\/05\\\/bateria-shimano-externa-di2.jpg\",\"contentUrl\":\"https:\\\/\\\/veloaxe.com\\\/wp-content\\\/uploads\\\/2023\\\/05\\\/bateria-shimano-externa-di2.jpg\",\"width\":800,\"height\":800,\"caption\":\"bateria-shimano-externa-di2\"},{\"@type\":\"BreadcrumbList\",\"@id\":\"https:\\\/\\\/paleturquoise-herring-271034.hostingersite.com\\\/producto\\\/bateria-externa-shimano-sm-btr1a-di2\\\/#breadcrumb\",\"itemListElement\":[{\"@type\":\"ListItem\",\"position\":1,\"name\":\"Portada\",\"item\":\"https:\\\/\\\/veloaxe.com\\\/\"},{\"@type\":\"ListItem\",\"position\":2,\"name\":\"Shop\",\"item\":\"https:\\\/\\\/paleturquoise-herring-271034.hostingersite.com\\\/shop\\\/\"},{\"@type\":\"ListItem\",\"position\":3,\"name\":\"BATERIA EXTERNA SHIMANO SM-BTR1A DI2\"}]},{\"@type\":\"WebSite\",\"@id\":\"https:\\\/\\\/veloaxe.com\\\/#website\",\"url\":\"https:\\\/\\\/veloaxe.com\\\/\",\"name\":\"Tienda de bicicletas | VELOAXE\",\"description\":\"Descubre una amplia selecci\u00f3n de bicicletas de alta calidad, desde modelos urbanos y de monta\u00f1a hasta bicicletas de carretera de \u00faltima generaci\u00f3n. Con un servicio experto y accesorios especializados, estamos comprometidos a brindarte la mejor experiencia ciclista.\",\"publisher\":{\"@id\":\"https:\\\/\\\/veloaxe.com\\\/#organization\"},\"potentialAction\":[{\"@type\":\"SearchAction\",\"target\":{\"@type\":\"EntryPoint\",\"urlTemplate\":\"https:\\\/\\\/veloaxe.com\\\/?s={search_term_string}\"},\"query-input\":{\"@type\":\"PropertyValueSpecification\",\"valueRequired\":true,\"valueName\":\"search_term_string\"}}],\"inLanguage\":\"fr-FR\"},{\"@type\":\"Organization\",\"@id\":\"https:\\\/\\\/veloaxe.com\\\/#organization\",\"name\":\"Tienda de bicicletas | VELOAXE\",\"url\":\"https:\\\/\\\/veloaxe.com\\\/\",\"logo\":{\"@type\":\"ImageObject\",\"inLanguage\":\"fr-FR\",\"@id\":\"https:\\\/\\\/veloaxe.com\\\/#\\\/schema\\\/logo\\\/image\\\/\",\"url\":\"https:\\\/\\\/veloaxe.com\\\/wp-content\\\/uploads\\\/2026\\\/01\\\/cropped-logo-1.jpg\",\"contentUrl\":\"https:\\\/\\\/veloaxe.com\\\/wp-content\\\/uploads\\\/2026\\\/01\\\/cropped-logo-1.jpg\",\"width\":1273,\"height\":363,\"caption\":\"Tienda de bicicletas | VELOAXE\"},\"image\":{\"@id\":\"https:\\\/\\\/veloaxe.com\\\/#\\\/schema\\\/logo\\\/image\\\/\"},\"sameAs\":[\"https:\\\/\\\/www.facebook.com\\\/veloaxe\"]}]}<\/script>\n<!-- \/ Yoast SEO plugin. -->","yoast_head_json":{"title":"BATERIA SHIMANO DI2 SM-BTR1A - WWW.VELOAXE.COM","description":"BATERIA EXTERNA SHIMANO SM-BTR1A PARA DI2 - encuentra todos los componentes electronicos shimano DI2 al mejor precio. Facilidad de paga hasta 12x.","robots":{"index":"index","follow":"follow","max-snippet":"max-snippet:-1","max-image-preview":"max-image-preview:large","max-video-preview":"max-video-preview:-1"},"canonical":"https:\/\/paleturquoise-herring-271034.hostingersite.com\/producto\/bateria-externa-shimano-sm-btr1a-di2\/","og_locale":"fr_FR","og_type":"article","og_title":"BATERIA SHIMANO DI2 SM-BTR1A - WWW.VELOAXE.COM","og_description":"BATERIA EXTERNA SHIMANO SM-BTR1A PARA DI2 - encuentra todos los componentes electronicos shimano DI2 al mejor precio. Facilidad de paga hasta 12x.","og_url":"https:\/\/paleturquoise-herring-271034.hostingersite.com\/producto\/bateria-externa-shimano-sm-btr1a-di2\/","og_site_name":"Tienda de bicicletas | VELOAXE","article_publisher":"https:\/\/www.facebook.com\/veloaxe","article_modified_time":"2026-04-07T18:14:07+00:00","og_image":[{"width":800,"height":800,"url":"https:\/\/paleturquoise-herring-271034.hostingersite.com\/wp-content\/uploads\/2023\/05\/bateria-shimano-externa-di2.jpg","type":"image\/jpeg"}],"twitter_card":"summary_large_image","twitter_misc":{"Dur\u00e9e de lecture estim\u00e9e":"1 minute"},"schema":{"@context":"https:\/\/schema.org","@graph":[{"@type":"WebPage","@id":"https:\/\/paleturquoise-herring-271034.hostingersite.com\/producto\/bateria-externa-shimano-sm-btr1a-di2\/","url":"https:\/\/paleturquoise-herring-271034.hostingersite.com\/producto\/bateria-externa-shimano-sm-btr1a-di2\/","name":"BATERIA SHIMANO DI2 SM-BTR1A - WWW.VELOAXE.COM","isPartOf":{"@id":"https:\/\/veloaxe.com\/#website"},"primaryImageOfPage":{"@id":"https:\/\/paleturquoise-herring-271034.hostingersite.com\/producto\/bateria-externa-shimano-sm-btr1a-di2\/#primaryimage"},"image":{"@id":"https:\/\/paleturquoise-herring-271034.hostingersite.com\/producto\/bateria-externa-shimano-sm-btr1a-di2\/#primaryimage"},"thumbnailUrl":"https:\/\/veloaxe.com\/wp-content\/uploads\/2023\/05\/bateria-shimano-externa-di2.jpg","datePublished":"2023-05-12T06:45:23+00:00","dateModified":"2026-04-07T18:14:07+00:00","description":"BATERIA EXTERNA SHIMANO SM-BTR1A PARA DI2 - encuentra todos los componentes electronicos shimano DI2 al mejor precio. Facilidad de paga hasta 12x.","breadcrumb":{"@id":"https:\/\/paleturquoise-herring-271034.hostingersite.com\/producto\/bateria-externa-shimano-sm-btr1a-di2\/#breadcrumb"},"inLanguage":"fr-FR","potentialAction":[{"@type":"ReadAction","target":["https:\/\/paleturquoise-herring-271034.hostingersite.com\/producto\/bateria-externa-shimano-sm-btr1a-di2\/"]}]},{"@type":"ImageObject","inLanguage":"fr-FR","@id":"https:\/\/paleturquoise-herring-271034.hostingersite.com\/producto\/bateria-externa-shimano-sm-btr1a-di2\/#primaryimage","url":"https:\/\/veloaxe.com\/wp-content\/uploads\/2023\/05\/bateria-shimano-externa-di2.jpg","contentUrl":"https:\/\/veloaxe.com\/wp-content\/uploads\/2023\/05\/bateria-shimano-externa-di2.jpg","width":800,"height":800,"caption":"bateria-shimano-externa-di2"},{"@type":"BreadcrumbList","@id":"https:\/\/paleturquoise-herring-271034.hostingersite.com\/producto\/bateria-externa-shimano-sm-btr1a-di2\/#breadcrumb","itemListElement":[{"@type":"ListItem","position":1,"name":"Portada","item":"https:\/\/veloaxe.com\/"},{"@type":"ListItem","position":2,"name":"Shop","item":"https:\/\/paleturquoise-herring-271034.hostingersite.com\/shop\/"},{"@type":"ListItem","position":3,"name":"BATERIA EXTERNA SHIMANO SM-BTR1A DI2"}]},{"@type":"WebSite","@id":"https:\/\/veloaxe.com\/#website","url":"https:\/\/veloaxe.com\/","name":"Boutique de v\u00e9lo en ligne | VELOAXE","description":"Descubre una amplia selecci\u00f3n de bicicletas de alta calidad, desde modelos urbanos y de monta\u00f1a hasta bicicletas de carretera de \u00faltima generaci\u00f3n. Con un servicio experto y accesorios especializados, estamos comprometidos a brindarte la mejor experiencia ciclista.","publisher":{"@id":"https:\/\/veloaxe.com\/#organization"},"potentialAction":[{"@type":"SearchAction","target":{"@type":"EntryPoint","urlTemplate":"https:\/\/veloaxe.com\/?s={search_term_string}"},"query-input":{"@type":"PropertyValueSpecification","valueRequired":true,"valueName":"search_term_string"}}],"inLanguage":"fr-FR"},{"@type":"Organization","@id":"https:\/\/veloaxe.com\/#organization","name":"Boutique de v\u00e9lo en ligne | VELOAXE","url":"https:\/\/veloaxe.com\/","logo":{"@type":"ImageObject","inLanguage":"fr-FR","@id":"https:\/\/veloaxe.com\/#\/schema\/logo\/image\/","url":"https:\/\/veloaxe.com\/wp-content\/uploads\/2026\/01\/cropped-logo-1.jpg","contentUrl":"https:\/\/veloaxe.com\/wp-content\/uploads\/2026\/01\/cropped-logo-1.jpg","width":1273,"height":363,"caption":"Tienda de bicicletas | VELOAXE"},"image":{"@id":"https:\/\/veloaxe.com\/#\/schema\/logo\/image\/"},"sameAs":["https:\/\/www.facebook.com\/veloaxe"]}]}},"_links":{"self":[{"href":"https:\/\/veloaxe.com\/fr\/wp-json\/wp\/v2\/product\/11214","targetHints":{"allow":["GET"]}}],"collection":[{"href":"https:\/\/veloaxe.com\/fr\/wp-json\/wp\/v2\/product"}],"about":[{"href":"https:\/\/veloaxe.com\/fr\/wp-json\/wp\/v2\/types\/product"}],"replies":[{"embeddable":true,"href":"https:\/\/veloaxe.com\/fr\/wp-json\/wp\/v2\/comments?post=11214"}],"wp:featuredmedia":[{"embeddable":true,"href":"https:\/\/veloaxe.com\/fr\/wp-json\/wp\/v2\/media\/11215"}],"wp:attachment":[{"href":"https:\/\/veloaxe.com\/fr\/wp-json\/wp\/v2\/media?parent=11214"}],"wp:term":[{"taxonomy":"product_brand","embeddable":true,"href":"https:\/\/veloaxe.com\/fr\/wp-json\/wp\/v2\/product_brand?post=11214"},{"taxonomy":"product_cat","embeddable":true,"href":"https:\/\/veloaxe.com\/fr\/wp-json\/wp\/v2\/product_cat?post=11214"},{"taxonomy":"product_tag","embeddable":true,"href":"https:\/\/veloaxe.com\/fr\/wp-json\/wp\/v2\/product_tag?post=11214"}],"curies":[{"name":"wp","href":"https:\/\/api.w.org\/{rel}","templated":true}]}}