{"id":11243,"date":"2023-05-31T08:04:27","date_gmt":"2023-05-31T08:04:27","guid":{"rendered":"https:\/\/veloaxe.com\/?post_type=product&#038;p=11243"},"modified":"2025-08-29T05:28:25","modified_gmt":"2025-08-29T05:28:25","slug":"ruedas-fulcrum-racing-zero-cmptzn-db-disc","status":"publish","type":"product","link":"https:\/\/veloaxe.com\/fr\/producto\/ruedas-fulcrum-racing-zero-cmptzn-db-disc\/","title":{"rendered":"RUEDAS FULCRUM RACING ZERO CMPTZN DB &#8211; DISC"},"content":{"rendered":"<p><strong>RUEDAS FULCRUM RACING ZERO CMPTZN DB DISC<\/strong>\u00a0&#8211; Design minimalista con acabado negro sobre negro. La familia Racing Zero da su bienvenido al nuevo miembro: <strong>FULCRUM Racing Zero CMPTZN DB<\/strong>! Estamos encantados de anunciar esta nueva versi\u00f2n en aluminio m\u00e0s ligera para disco de freno que beneficia del aspecto m\u00e0s minimalista de la gama Fulcrum.<br \/>\nEste juego de ruedas <strong>FULCRUM RACING ZERO CMPTZN DB DISC<\/strong> resistente y reactivo tiene los cojinetes CULT y el clasico radiado 2:1 con algunas partes en aluminio oversize y espesor doblado. La llanta en aluminio 2\u2013 WAY FIT Tubeless con perfil 30 mm, fabricado todo en Italia, tiene un dise\u00f1o esclusivo, ligero y pratico. Los dos bujes tienen birda oversize para optimizar las esquinas de los radios aerodinamicos en aluminio. Gracias a todas estas innovaciones la CMPTZ es ahora una incorporaci\u00f2n perfecta para la familia Racing Zero DB!<\/p>\n<p>PESO : 1570 grs<\/p>\n<p>LIMITE DE PESO : 120 kg (ciclista)<\/p>\n<p>ALTURA DE LA LLANTA : 30mm<\/p>\n<p>SISTEMA DE FRENADO : FRENO DE DISCO<\/p>\n<p>RODAMIENTOS CERAMICO CULT<\/p>","protected":false},"excerpt":{"rendered":"<p>RUEDAS FULCRUM RACING ZERO CMPTZN DB DISC\u00a0&#8211; Design minimalista con acabado negro sobre negro. La familia Racing Zero da su bienvenido al nuevo miembro: FULCRUM Racing Zero CMPTZN DB! Estamos encantados de anunciar esta nueva versi\u00f2n en aluminio m\u00e0s ligera para disco de freno que beneficia del aspecto m\u00e0s minimalista de la gama Fulcrum. Este [&hellip;]<\/p>\n","protected":false},"featured_media":11247,"comment_status":"closed","ping_status":"closed","template":"","meta":[],"product_brand":[],"product_cat":[16,38,45],"product_tag":[],"class_list":{"0":"post-11243","1":"product","2":"type-product","3":"status-publish","4":"has-post-thumbnail","6":"product_cat-carretera-gravel-bicicletas","7":"product_cat-ruedas-neumatico-tubular","8":"product_cat-ruedas-aluminio-carretera","9":"product_shipping_class-no-bicicletas","11":"first","12":"instock","13":"sale","14":"shipping-taxable","15":"purchasable","16":"product-type-variable"},"yoast_head":"<!-- This site is optimized with the Yoast SEO plugin v27.6 - https:\/\/yoast.com\/product\/yoast-seo-wordpress\/ -->\n<title>FULCRUM RACING ZERO CMPTZN DB DISC | VELOAXE.COM<\/title>\n<meta name=\"description\" content=\"RUEDAS FULCRUM RACING ZERO CMPTZN DB DISC - Est\u00e1n disponibles en nuestro sitio desde 1099 euros. Facilidad de pago hasta 12x en nuestro sitio.\" \/>\n<meta name=\"robots\" content=\"index, follow, max-snippet:-1, max-image-preview:large, max-video-preview:-1\" \/>\n<link rel=\"canonical\" href=\"https:\/\/veloaxe.com\/fr\/produit\/ruedas-fulcrum-racing-zero-cmptzn-db-disc\/\" \/>\n<meta property=\"og:locale\" content=\"fr_FR\" \/>\n<meta property=\"og:type\" content=\"article\" \/>\n<meta property=\"og:title\" content=\"FULCRUM RACING ZERO CMPTZN DB DISC | VELOAXE.COM\" \/>\n<meta property=\"og:description\" content=\"RUEDAS FULCRUM RACING ZERO CMPTZN DB DISC - Est\u00e1n disponibles en nuestro sitio desde 1099 euros. Facilidad de pago hasta 12x en nuestro sitio.\" \/>\n<meta property=\"og:url\" content=\"https:\/\/veloaxe.com\/fr\/produit\/ruedas-fulcrum-racing-zero-cmptzn-db-disc\/\" \/>\n<meta property=\"og:site_name\" content=\"Tienda de bicicletas | VELOAXE\" \/>\n<meta property=\"article:publisher\" content=\"https:\/\/www.facebook.com\/veloaxe\" \/>\n<meta property=\"article:modified_time\" content=\"2025-08-29T05:28:25+00:00\" \/>\n<meta property=\"og:image\" content=\"https:\/\/veloaxe.com\/wp-content\/uploads\/2023\/05\/ruedas-fulcrum-racing-zero-cmptzn-db-disco.jpg\" \/>\n\t<meta property=\"og:image:width\" content=\"819\" \/>\n\t<meta property=\"og:image:height\" content=\"792\" \/>\n\t<meta property=\"og:image:type\" content=\"image\/jpeg\" \/>\n<meta name=\"twitter:card\" content=\"summary_large_image\" \/>\n<meta name=\"twitter:label1\" content=\"Dur\u00e9e de lecture estim\u00e9e\" \/>\n\t<meta name=\"twitter:data1\" content=\"1 minute\" \/>\n<script type=\"application\/ld+json\" class=\"yoast-schema-graph\">{\"@context\":\"https:\\\/\\\/schema.org\",\"@graph\":[{\"@type\":\"WebPage\",\"@id\":\"https:\\\/\\\/veloaxe.com\\\/producto\\\/ruedas-fulcrum-racing-zero-cmptzn-db-disc\\\/\",\"url\":\"https:\\\/\\\/veloaxe.com\\\/producto\\\/ruedas-fulcrum-racing-zero-cmptzn-db-disc\\\/\",\"name\":\"FULCRUM RACING ZERO CMPTZN DB DISC | VELOAXE.COM\",\"isPartOf\":{\"@id\":\"https:\\\/\\\/veloaxe.com\\\/#website\"},\"primaryImageOfPage\":{\"@id\":\"https:\\\/\\\/veloaxe.com\\\/producto\\\/ruedas-fulcrum-racing-zero-cmptzn-db-disc\\\/#primaryimage\"},\"image\":{\"@id\":\"https:\\\/\\\/veloaxe.com\\\/producto\\\/ruedas-fulcrum-racing-zero-cmptzn-db-disc\\\/#primaryimage\"},\"thumbnailUrl\":\"https:\\\/\\\/veloaxe.com\\\/wp-content\\\/uploads\\\/2023\\\/05\\\/ruedas-fulcrum-racing-zero-cmptzn-db-disco.jpg\",\"datePublished\":\"2023-05-31T08:04:27+00:00\",\"dateModified\":\"2025-08-29T05:28:25+00:00\",\"description\":\"RUEDAS FULCRUM RACING ZERO CMPTZN DB DISC - Est\u00e1n disponibles en nuestro sitio desde 1099 euros. Facilidad de pago hasta 12x en nuestro sitio.\",\"breadcrumb\":{\"@id\":\"https:\\\/\\\/veloaxe.com\\\/producto\\\/ruedas-fulcrum-racing-zero-cmptzn-db-disc\\\/#breadcrumb\"},\"inLanguage\":\"fr-FR\",\"potentialAction\":[{\"@type\":\"ReadAction\",\"target\":[\"https:\\\/\\\/veloaxe.com\\\/producto\\\/ruedas-fulcrum-racing-zero-cmptzn-db-disc\\\/\"]}]},{\"@type\":\"ImageObject\",\"inLanguage\":\"fr-FR\",\"@id\":\"https:\\\/\\\/veloaxe.com\\\/producto\\\/ruedas-fulcrum-racing-zero-cmptzn-db-disc\\\/#primaryimage\",\"url\":\"https:\\\/\\\/veloaxe.com\\\/wp-content\\\/uploads\\\/2023\\\/05\\\/ruedas-fulcrum-racing-zero-cmptzn-db-disco.jpg\",\"contentUrl\":\"https:\\\/\\\/veloaxe.com\\\/wp-content\\\/uploads\\\/2023\\\/05\\\/ruedas-fulcrum-racing-zero-cmptzn-db-disco.jpg\",\"width\":819,\"height\":792,\"caption\":\"fulcrum-racing-zero-cmptzn-db-disc\"},{\"@type\":\"BreadcrumbList\",\"@id\":\"https:\\\/\\\/veloaxe.com\\\/producto\\\/ruedas-fulcrum-racing-zero-cmptzn-db-disc\\\/#breadcrumb\",\"itemListElement\":[{\"@type\":\"ListItem\",\"position\":1,\"name\":\"Portada\",\"item\":\"https:\\\/\\\/veloaxe.com\\\/\"},{\"@type\":\"ListItem\",\"position\":2,\"name\":\"Shop\",\"item\":\"https:\\\/\\\/paleturquoise-herring-271034.hostingersite.com\\\/shop\\\/\"},{\"@type\":\"ListItem\",\"position\":3,\"name\":\"RUEDAS FULCRUM RACING ZERO CMPTZN DB &#8211; DISC\"}]},{\"@type\":\"WebSite\",\"@id\":\"https:\\\/\\\/veloaxe.com\\\/#website\",\"url\":\"https:\\\/\\\/veloaxe.com\\\/\",\"name\":\"Tienda de bicicletas | VELOAXE\",\"description\":\"Descubre una amplia selecci\u00f3n de bicicletas de alta calidad, desde modelos urbanos y de monta\u00f1a hasta bicicletas de carretera de \u00faltima generaci\u00f3n. Con un servicio experto y accesorios especializados, estamos comprometidos a brindarte la mejor experiencia ciclista.\",\"publisher\":{\"@id\":\"https:\\\/\\\/veloaxe.com\\\/#organization\"},\"potentialAction\":[{\"@type\":\"SearchAction\",\"target\":{\"@type\":\"EntryPoint\",\"urlTemplate\":\"https:\\\/\\\/veloaxe.com\\\/?s={search_term_string}\"},\"query-input\":{\"@type\":\"PropertyValueSpecification\",\"valueRequired\":true,\"valueName\":\"search_term_string\"}}],\"inLanguage\":\"fr-FR\"},{\"@type\":\"Organization\",\"@id\":\"https:\\\/\\\/veloaxe.com\\\/#organization\",\"name\":\"Tienda de bicicletas | VELOAXE\",\"url\":\"https:\\\/\\\/veloaxe.com\\\/\",\"logo\":{\"@type\":\"ImageObject\",\"inLanguage\":\"fr-FR\",\"@id\":\"https:\\\/\\\/veloaxe.com\\\/#\\\/schema\\\/logo\\\/image\\\/\",\"url\":\"https:\\\/\\\/veloaxe.com\\\/wp-content\\\/uploads\\\/2026\\\/01\\\/cropped-logo-1.jpg\",\"contentUrl\":\"https:\\\/\\\/veloaxe.com\\\/wp-content\\\/uploads\\\/2026\\\/01\\\/cropped-logo-1.jpg\",\"width\":1273,\"height\":363,\"caption\":\"Tienda de bicicletas | VELOAXE\"},\"image\":{\"@id\":\"https:\\\/\\\/veloaxe.com\\\/#\\\/schema\\\/logo\\\/image\\\/\"},\"sameAs\":[\"https:\\\/\\\/www.facebook.com\\\/veloaxe\"]}]}<\/script>\n<!-- \/ Yoast SEO plugin. -->","yoast_head_json":{"title":"FULCRUM RACING ZERO CMPTZN DB DISC | VELOAXE.COM","description":"RUEDAS FULCRUM RACING ZERO CMPTZN DB DISC - Est\u00e1n disponibles en nuestro sitio desde 1099 euros. Facilidad de pago hasta 12x en nuestro sitio.","robots":{"index":"index","follow":"follow","max-snippet":"max-snippet:-1","max-image-preview":"max-image-preview:large","max-video-preview":"max-video-preview:-1"},"canonical":"https:\/\/veloaxe.com\/fr\/produit\/ruedas-fulcrum-racing-zero-cmptzn-db-disc\/","og_locale":"fr_FR","og_type":"article","og_title":"FULCRUM RACING ZERO CMPTZN DB DISC | VELOAXE.COM","og_description":"RUEDAS FULCRUM RACING ZERO CMPTZN DB DISC - Est\u00e1n disponibles en nuestro sitio desde 1099 euros. Facilidad de pago hasta 12x en nuestro sitio.","og_url":"https:\/\/veloaxe.com\/fr\/produit\/ruedas-fulcrum-racing-zero-cmptzn-db-disc\/","og_site_name":"Tienda de bicicletas | VELOAXE","article_publisher":"https:\/\/www.facebook.com\/veloaxe","article_modified_time":"2025-08-29T05:28:25+00:00","og_image":[{"width":819,"height":792,"url":"https:\/\/veloaxe.com\/wp-content\/uploads\/2023\/05\/ruedas-fulcrum-racing-zero-cmptzn-db-disco.jpg","type":"image\/jpeg"}],"twitter_card":"summary_large_image","twitter_misc":{"Dur\u00e9e de lecture estim\u00e9e":"1 minute"},"schema":{"@context":"https:\/\/schema.org","@graph":[{"@type":"WebPage","@id":"https:\/\/veloaxe.com\/producto\/ruedas-fulcrum-racing-zero-cmptzn-db-disc\/","url":"https:\/\/veloaxe.com\/producto\/ruedas-fulcrum-racing-zero-cmptzn-db-disc\/","name":"FULCRUM RACING ZERO CMPTZN DB DISC | VELOAXE.COM","isPartOf":{"@id":"https:\/\/veloaxe.com\/#website"},"primaryImageOfPage":{"@id":"https:\/\/veloaxe.com\/producto\/ruedas-fulcrum-racing-zero-cmptzn-db-disc\/#primaryimage"},"image":{"@id":"https:\/\/veloaxe.com\/producto\/ruedas-fulcrum-racing-zero-cmptzn-db-disc\/#primaryimage"},"thumbnailUrl":"https:\/\/veloaxe.com\/wp-content\/uploads\/2023\/05\/ruedas-fulcrum-racing-zero-cmptzn-db-disco.jpg","datePublished":"2023-05-31T08:04:27+00:00","dateModified":"2025-08-29T05:28:25+00:00","description":"RUEDAS FULCRUM RACING ZERO CMPTZN DB DISC - Est\u00e1n disponibles en nuestro sitio desde 1099 euros. Facilidad de pago hasta 12x en nuestro sitio.","breadcrumb":{"@id":"https:\/\/veloaxe.com\/producto\/ruedas-fulcrum-racing-zero-cmptzn-db-disc\/#breadcrumb"},"inLanguage":"fr-FR","potentialAction":[{"@type":"ReadAction","target":["https:\/\/veloaxe.com\/producto\/ruedas-fulcrum-racing-zero-cmptzn-db-disc\/"]}]},{"@type":"ImageObject","inLanguage":"fr-FR","@id":"https:\/\/veloaxe.com\/producto\/ruedas-fulcrum-racing-zero-cmptzn-db-disc\/#primaryimage","url":"https:\/\/veloaxe.com\/wp-content\/uploads\/2023\/05\/ruedas-fulcrum-racing-zero-cmptzn-db-disco.jpg","contentUrl":"https:\/\/veloaxe.com\/wp-content\/uploads\/2023\/05\/ruedas-fulcrum-racing-zero-cmptzn-db-disco.jpg","width":819,"height":792,"caption":"fulcrum-racing-zero-cmptzn-db-disc"},{"@type":"BreadcrumbList","@id":"https:\/\/veloaxe.com\/producto\/ruedas-fulcrum-racing-zero-cmptzn-db-disc\/#breadcrumb","itemListElement":[{"@type":"ListItem","position":1,"name":"Portada","item":"https:\/\/veloaxe.com\/"},{"@type":"ListItem","position":2,"name":"Shop","item":"https:\/\/paleturquoise-herring-271034.hostingersite.com\/shop\/"},{"@type":"ListItem","position":3,"name":"RUEDAS FULCRUM RACING ZERO CMPTZN DB &#8211; DISC"}]},{"@type":"WebSite","@id":"https:\/\/veloaxe.com\/#website","url":"https:\/\/veloaxe.com\/","name":"Boutique de v\u00e9lo en ligne | VELOAXE","description":"D\u00e9couvrez une large s\u00e9lection de v\u00e9los de haute qualit\u00e9, des mod\u00e8les urbains et de montagne aux v\u00e9los de route de pointe. Avec un service d'experts et des accessoires sp\u00e9cialis\u00e9s, nous nous engageons \u00e0 vous offrir la meilleure exp\u00e9rience de cyclisme.","publisher":{"@id":"https:\/\/veloaxe.com\/#organization"},"potentialAction":[{"@type":"SearchAction","target":{"@type":"EntryPoint","urlTemplate":"https:\/\/veloaxe.com\/?s={search_term_string}"},"query-input":{"@type":"PropertyValueSpecification","valueRequired":true,"valueName":"search_term_string"}}],"inLanguage":"fr-FR"},{"@type":"Organization","@id":"https:\/\/veloaxe.com\/#organization","name":"Boutique de v\u00e9lo en ligne | VELOAXE","url":"https:\/\/veloaxe.com\/","logo":{"@type":"ImageObject","inLanguage":"fr-FR","@id":"https:\/\/veloaxe.com\/#\/schema\/logo\/image\/","url":"https:\/\/veloaxe.com\/wp-content\/uploads\/2026\/01\/cropped-logo-1.jpg","contentUrl":"https:\/\/veloaxe.com\/wp-content\/uploads\/2026\/01\/cropped-logo-1.jpg","width":1273,"height":363,"caption":"Tienda de bicicletas | VELOAXE"},"image":{"@id":"https:\/\/veloaxe.com\/#\/schema\/logo\/image\/"},"sameAs":["https:\/\/www.facebook.com\/veloaxe"]}]}},"_links":{"self":[{"href":"https:\/\/veloaxe.com\/fr\/wp-json\/wp\/v2\/product\/11243","targetHints":{"allow":["GET"]}}],"collection":[{"href":"https:\/\/veloaxe.com\/fr\/wp-json\/wp\/v2\/product"}],"about":[{"href":"https:\/\/veloaxe.com\/fr\/wp-json\/wp\/v2\/types\/product"}],"replies":[{"embeddable":true,"href":"https:\/\/veloaxe.com\/fr\/wp-json\/wp\/v2\/comments?post=11243"}],"wp:featuredmedia":[{"embeddable":true,"href":"https:\/\/veloaxe.com\/fr\/wp-json\/wp\/v2\/media\/11247"}],"wp:attachment":[{"href":"https:\/\/veloaxe.com\/fr\/wp-json\/wp\/v2\/media?parent=11243"}],"wp:term":[{"taxonomy":"product_brand","embeddable":true,"href":"https:\/\/veloaxe.com\/fr\/wp-json\/wp\/v2\/product_brand?post=11243"},{"taxonomy":"product_cat","embeddable":true,"href":"https:\/\/veloaxe.com\/fr\/wp-json\/wp\/v2\/product_cat?post=11243"},{"taxonomy":"product_tag","embeddable":true,"href":"https:\/\/veloaxe.com\/fr\/wp-json\/wp\/v2\/product_tag?post=11243"}],"curies":[{"name":"wp","href":"https:\/\/api.w.org\/{rel}","templated":true}]}}