{"id":11287,"date":"2023-06-01T07:56:08","date_gmt":"2023-06-01T07:56:08","guid":{"rendered":"https:\/\/veloaxe.com\/?post_type=product&#038;p=11287"},"modified":"2025-08-29T04:56:57","modified_gmt":"2025-08-29T04:56:57","slug":"ruedas-fulcrum-racing-5","status":"publish","type":"product","link":"https:\/\/veloaxe.com\/fr\/producto\/ruedas-fulcrum-racing-5\/","title":{"rendered":"RUEDAS FULCRUM RACING 5"},"content":{"rendered":"<p><strong>RUEDAS FULCRUM RACING 5<\/strong> &#8211; Hemos integrando nuevos elementos para que este modelo siga estando al alcance de todos y contin\u00fae siendo perfectamente v\u00e1lido para competir. El nuevo perfil 17C &#8211; asim\u00e9trico de las llantas traseras y el nuevo dise\u00f1o con 20 radios ofrecen notables ventajas de rendimiento tanto en t\u00e9rminos de mayor rigidez lateral y torsional como de mayor reactividad. Es un dise\u00f1o que ofrece una mejor distribuci\u00f3n del tensado de los radios, con lo que se obtiene una rueda m\u00e1s r\u00edgida y de mayores prestaciones.<\/p>\n<p>Il <strong>FULCRUM RACING 5<\/strong> :<\/p>\n<p>PESO : 1750 grs<\/p>\n<p>LIMITE DE PESO : 109 kg (ciclista)<\/p>\n<p>ALTURA DE LA LLANTA : 24.5mm \/ 27.5 mm<\/p>\n<p>SISTEMA DE FRENADO : PASTILLA<\/p>","protected":false},"excerpt":{"rendered":"<p>RUEDAS FULCRUM RACING 5 &#8211; Hemos integrando nuevos elementos para que este modelo siga estando al alcance de todos y contin\u00fae siendo perfectamente v\u00e1lido para competir. El nuevo perfil 17C &#8211; asim\u00e9trico de las llantas traseras y el nuevo dise\u00f1o con 20 radios ofrecen notables ventajas de rendimiento tanto en t\u00e9rminos de mayor rigidez lateral [&hellip;]<\/p>\n","protected":false},"featured_media":11290,"comment_status":"closed","ping_status":"closed","template":"","meta":[],"product_brand":[],"product_cat":[16,38,45],"product_tag":[],"class_list":{"0":"post-11287","1":"product","2":"type-product","3":"status-publish","4":"has-post-thumbnail","6":"product_cat-carretera-gravel-bicicletas","7":"product_cat-ruedas-neumatico-tubular","8":"product_cat-ruedas-aluminio-carretera","9":"product_shipping_class-no-bicicletas","11":"first","12":"instock","13":"sale","14":"shipping-taxable","15":"purchasable","16":"product-type-variable"},"yoast_head":"<!-- This site is optimized with the Yoast SEO plugin v27.6 - https:\/\/yoast.com\/product\/yoast-seo-wordpress\/ -->\n<title>FULCRUM RACING 5 | VELOAXE.COM<\/title>\n<meta name=\"description\" content=\"RUEDAS FULCRUM RACING 5 est\u00e1n disponibles en nuestro sitio desde 280 euros. Facilidad de pago hasta 12x en nuestro sitio.\" \/>\n<meta name=\"robots\" content=\"index, follow, max-snippet:-1, max-image-preview:large, max-video-preview:-1\" \/>\n<link rel=\"canonical\" href=\"https:\/\/paleturquoise-herring-271034.hostingersite.com\/producto\/ruedas-fulcrum-racing-5\/\" \/>\n<meta property=\"og:locale\" content=\"fr_FR\" \/>\n<meta property=\"og:type\" content=\"article\" \/>\n<meta property=\"og:title\" content=\"FULCRUM RACING 5 | VELOAXE.COM\" \/>\n<meta property=\"og:description\" content=\"RUEDAS FULCRUM RACING 5 est\u00e1n disponibles en nuestro sitio desde 280 euros. Facilidad de pago hasta 12x en nuestro sitio.\" \/>\n<meta property=\"og:url\" content=\"https:\/\/paleturquoise-herring-271034.hostingersite.com\/producto\/ruedas-fulcrum-racing-5\/\" \/>\n<meta property=\"og:site_name\" content=\"Tienda de bicicletas | VELOAXE\" \/>\n<meta property=\"article:publisher\" content=\"https:\/\/www.facebook.com\/veloaxe\" \/>\n<meta property=\"article:modified_time\" content=\"2025-08-29T04:56:57+00:00\" \/>\n<meta property=\"og:image\" content=\"https:\/\/paleturquoise-herring-271034.hostingersite.com\/wp-content\/uploads\/2023\/06\/par-ruedas-fulcrum-racing-5.jpg\" \/>\n\t<meta property=\"og:image:width\" content=\"1037\" \/>\n\t<meta property=\"og:image:height\" content=\"821\" \/>\n\t<meta property=\"og:image:type\" content=\"image\/jpeg\" \/>\n<meta name=\"twitter:card\" content=\"summary_large_image\" \/>\n<meta name=\"twitter:label1\" content=\"Dur\u00e9e de lecture estim\u00e9e\" \/>\n\t<meta name=\"twitter:data1\" content=\"1 minute\" \/>\n<script type=\"application\/ld+json\" class=\"yoast-schema-graph\">{\"@context\":\"https:\\\/\\\/schema.org\",\"@graph\":[{\"@type\":\"WebPage\",\"@id\":\"https:\\\/\\\/paleturquoise-herring-271034.hostingersite.com\\\/producto\\\/ruedas-fulcrum-racing-5\\\/\",\"url\":\"https:\\\/\\\/paleturquoise-herring-271034.hostingersite.com\\\/producto\\\/ruedas-fulcrum-racing-5\\\/\",\"name\":\"FULCRUM RACING 5 | VELOAXE.COM\",\"isPartOf\":{\"@id\":\"https:\\\/\\\/veloaxe.com\\\/#website\"},\"primaryImageOfPage\":{\"@id\":\"https:\\\/\\\/paleturquoise-herring-271034.hostingersite.com\\\/producto\\\/ruedas-fulcrum-racing-5\\\/#primaryimage\"},\"image\":{\"@id\":\"https:\\\/\\\/paleturquoise-herring-271034.hostingersite.com\\\/producto\\\/ruedas-fulcrum-racing-5\\\/#primaryimage\"},\"thumbnailUrl\":\"https:\\\/\\\/veloaxe.com\\\/wp-content\\\/uploads\\\/2023\\\/06\\\/par-ruedas-fulcrum-racing-5.jpg\",\"datePublished\":\"2023-06-01T07:56:08+00:00\",\"dateModified\":\"2025-08-29T04:56:57+00:00\",\"description\":\"RUEDAS FULCRUM RACING 5 est\u00e1n disponibles en nuestro sitio desde 280 euros. Facilidad de pago hasta 12x en nuestro sitio.\",\"breadcrumb\":{\"@id\":\"https:\\\/\\\/paleturquoise-herring-271034.hostingersite.com\\\/producto\\\/ruedas-fulcrum-racing-5\\\/#breadcrumb\"},\"inLanguage\":\"fr-FR\",\"potentialAction\":[{\"@type\":\"ReadAction\",\"target\":[\"https:\\\/\\\/paleturquoise-herring-271034.hostingersite.com\\\/producto\\\/ruedas-fulcrum-racing-5\\\/\"]}]},{\"@type\":\"ImageObject\",\"inLanguage\":\"fr-FR\",\"@id\":\"https:\\\/\\\/paleturquoise-herring-271034.hostingersite.com\\\/producto\\\/ruedas-fulcrum-racing-5\\\/#primaryimage\",\"url\":\"https:\\\/\\\/veloaxe.com\\\/wp-content\\\/uploads\\\/2023\\\/06\\\/par-ruedas-fulcrum-racing-5.jpg\",\"contentUrl\":\"https:\\\/\\\/veloaxe.com\\\/wp-content\\\/uploads\\\/2023\\\/06\\\/par-ruedas-fulcrum-racing-5.jpg\",\"width\":1037,\"height\":821,\"caption\":\"fulcrum-racing-5\"},{\"@type\":\"BreadcrumbList\",\"@id\":\"https:\\\/\\\/paleturquoise-herring-271034.hostingersite.com\\\/producto\\\/ruedas-fulcrum-racing-5\\\/#breadcrumb\",\"itemListElement\":[{\"@type\":\"ListItem\",\"position\":1,\"name\":\"Portada\",\"item\":\"https:\\\/\\\/veloaxe.com\\\/\"},{\"@type\":\"ListItem\",\"position\":2,\"name\":\"Shop\",\"item\":\"https:\\\/\\\/paleturquoise-herring-271034.hostingersite.com\\\/shop\\\/\"},{\"@type\":\"ListItem\",\"position\":3,\"name\":\"RUEDAS FULCRUM RACING 5\"}]},{\"@type\":\"WebSite\",\"@id\":\"https:\\\/\\\/veloaxe.com\\\/#website\",\"url\":\"https:\\\/\\\/veloaxe.com\\\/\",\"name\":\"Tienda de bicicletas | VELOAXE\",\"description\":\"Descubre una amplia selecci\u00f3n de bicicletas de alta calidad, desde modelos urbanos y de monta\u00f1a hasta bicicletas de carretera de \u00faltima generaci\u00f3n. Con un servicio experto y accesorios especializados, estamos comprometidos a brindarte la mejor experiencia ciclista.\",\"publisher\":{\"@id\":\"https:\\\/\\\/veloaxe.com\\\/#organization\"},\"potentialAction\":[{\"@type\":\"SearchAction\",\"target\":{\"@type\":\"EntryPoint\",\"urlTemplate\":\"https:\\\/\\\/veloaxe.com\\\/?s={search_term_string}\"},\"query-input\":{\"@type\":\"PropertyValueSpecification\",\"valueRequired\":true,\"valueName\":\"search_term_string\"}}],\"inLanguage\":\"fr-FR\"},{\"@type\":\"Organization\",\"@id\":\"https:\\\/\\\/veloaxe.com\\\/#organization\",\"name\":\"Tienda de bicicletas | VELOAXE\",\"url\":\"https:\\\/\\\/veloaxe.com\\\/\",\"logo\":{\"@type\":\"ImageObject\",\"inLanguage\":\"fr-FR\",\"@id\":\"https:\\\/\\\/veloaxe.com\\\/#\\\/schema\\\/logo\\\/image\\\/\",\"url\":\"https:\\\/\\\/veloaxe.com\\\/wp-content\\\/uploads\\\/2026\\\/01\\\/cropped-logo-1.jpg\",\"contentUrl\":\"https:\\\/\\\/veloaxe.com\\\/wp-content\\\/uploads\\\/2026\\\/01\\\/cropped-logo-1.jpg\",\"width\":1273,\"height\":363,\"caption\":\"Tienda de bicicletas | VELOAXE\"},\"image\":{\"@id\":\"https:\\\/\\\/veloaxe.com\\\/#\\\/schema\\\/logo\\\/image\\\/\"},\"sameAs\":[\"https:\\\/\\\/www.facebook.com\\\/veloaxe\"]}]}<\/script>\n<!-- \/ Yoast SEO plugin. -->","yoast_head_json":{"title":"FULCRUM RACING 5 | VELOAXE.COM","description":"RUEDAS FULCRUM RACING 5 est\u00e1n disponibles en nuestro sitio desde 280 euros. Facilidad de pago hasta 12x en nuestro sitio.","robots":{"index":"index","follow":"follow","max-snippet":"max-snippet:-1","max-image-preview":"max-image-preview:large","max-video-preview":"max-video-preview:-1"},"canonical":"https:\/\/paleturquoise-herring-271034.hostingersite.com\/producto\/ruedas-fulcrum-racing-5\/","og_locale":"fr_FR","og_type":"article","og_title":"FULCRUM RACING 5 | VELOAXE.COM","og_description":"RUEDAS FULCRUM RACING 5 est\u00e1n disponibles en nuestro sitio desde 280 euros. Facilidad de pago hasta 12x en nuestro sitio.","og_url":"https:\/\/paleturquoise-herring-271034.hostingersite.com\/producto\/ruedas-fulcrum-racing-5\/","og_site_name":"Tienda de bicicletas | VELOAXE","article_publisher":"https:\/\/www.facebook.com\/veloaxe","article_modified_time":"2025-08-29T04:56:57+00:00","og_image":[{"width":1037,"height":821,"url":"https:\/\/paleturquoise-herring-271034.hostingersite.com\/wp-content\/uploads\/2023\/06\/par-ruedas-fulcrum-racing-5.jpg","type":"image\/jpeg"}],"twitter_card":"summary_large_image","twitter_misc":{"Dur\u00e9e de lecture estim\u00e9e":"1 minute"},"schema":{"@context":"https:\/\/schema.org","@graph":[{"@type":"WebPage","@id":"https:\/\/paleturquoise-herring-271034.hostingersite.com\/producto\/ruedas-fulcrum-racing-5\/","url":"https:\/\/paleturquoise-herring-271034.hostingersite.com\/producto\/ruedas-fulcrum-racing-5\/","name":"FULCRUM RACING 5 | VELOAXE.COM","isPartOf":{"@id":"https:\/\/veloaxe.com\/#website"},"primaryImageOfPage":{"@id":"https:\/\/paleturquoise-herring-271034.hostingersite.com\/producto\/ruedas-fulcrum-racing-5\/#primaryimage"},"image":{"@id":"https:\/\/paleturquoise-herring-271034.hostingersite.com\/producto\/ruedas-fulcrum-racing-5\/#primaryimage"},"thumbnailUrl":"https:\/\/veloaxe.com\/wp-content\/uploads\/2023\/06\/par-ruedas-fulcrum-racing-5.jpg","datePublished":"2023-06-01T07:56:08+00:00","dateModified":"2025-08-29T04:56:57+00:00","description":"RUEDAS FULCRUM RACING 5 est\u00e1n disponibles en nuestro sitio desde 280 euros. Facilidad de pago hasta 12x en nuestro sitio.","breadcrumb":{"@id":"https:\/\/paleturquoise-herring-271034.hostingersite.com\/producto\/ruedas-fulcrum-racing-5\/#breadcrumb"},"inLanguage":"fr-FR","potentialAction":[{"@type":"ReadAction","target":["https:\/\/paleturquoise-herring-271034.hostingersite.com\/producto\/ruedas-fulcrum-racing-5\/"]}]},{"@type":"ImageObject","inLanguage":"fr-FR","@id":"https:\/\/paleturquoise-herring-271034.hostingersite.com\/producto\/ruedas-fulcrum-racing-5\/#primaryimage","url":"https:\/\/veloaxe.com\/wp-content\/uploads\/2023\/06\/par-ruedas-fulcrum-racing-5.jpg","contentUrl":"https:\/\/veloaxe.com\/wp-content\/uploads\/2023\/06\/par-ruedas-fulcrum-racing-5.jpg","width":1037,"height":821,"caption":"fulcrum-racing-5"},{"@type":"BreadcrumbList","@id":"https:\/\/paleturquoise-herring-271034.hostingersite.com\/producto\/ruedas-fulcrum-racing-5\/#breadcrumb","itemListElement":[{"@type":"ListItem","position":1,"name":"Portada","item":"https:\/\/veloaxe.com\/"},{"@type":"ListItem","position":2,"name":"Shop","item":"https:\/\/paleturquoise-herring-271034.hostingersite.com\/shop\/"},{"@type":"ListItem","position":3,"name":"RUEDAS FULCRUM RACING 5"}]},{"@type":"WebSite","@id":"https:\/\/veloaxe.com\/#website","url":"https:\/\/veloaxe.com\/","name":"Boutique de v\u00e9lo en ligne | VELOAXE","description":"D\u00e9couvrez une large s\u00e9lection de v\u00e9los de haute qualit\u00e9, des mod\u00e8les urbains et de montagne aux v\u00e9los de route de pointe. Avec un service d'experts et des accessoires sp\u00e9cialis\u00e9s, nous nous engageons \u00e0 vous offrir la meilleure exp\u00e9rience de cyclisme.","publisher":{"@id":"https:\/\/veloaxe.com\/#organization"},"potentialAction":[{"@type":"SearchAction","target":{"@type":"EntryPoint","urlTemplate":"https:\/\/veloaxe.com\/?s={search_term_string}"},"query-input":{"@type":"PropertyValueSpecification","valueRequired":true,"valueName":"search_term_string"}}],"inLanguage":"fr-FR"},{"@type":"Organization","@id":"https:\/\/veloaxe.com\/#organization","name":"Boutique de v\u00e9lo en ligne | VELOAXE","url":"https:\/\/veloaxe.com\/","logo":{"@type":"ImageObject","inLanguage":"fr-FR","@id":"https:\/\/veloaxe.com\/#\/schema\/logo\/image\/","url":"https:\/\/veloaxe.com\/wp-content\/uploads\/2026\/01\/cropped-logo-1.jpg","contentUrl":"https:\/\/veloaxe.com\/wp-content\/uploads\/2026\/01\/cropped-logo-1.jpg","width":1273,"height":363,"caption":"Tienda de bicicletas | VELOAXE"},"image":{"@id":"https:\/\/veloaxe.com\/#\/schema\/logo\/image\/"},"sameAs":["https:\/\/www.facebook.com\/veloaxe"]}]}},"_links":{"self":[{"href":"https:\/\/veloaxe.com\/fr\/wp-json\/wp\/v2\/product\/11287","targetHints":{"allow":["GET"]}}],"collection":[{"href":"https:\/\/veloaxe.com\/fr\/wp-json\/wp\/v2\/product"}],"about":[{"href":"https:\/\/veloaxe.com\/fr\/wp-json\/wp\/v2\/types\/product"}],"replies":[{"embeddable":true,"href":"https:\/\/veloaxe.com\/fr\/wp-json\/wp\/v2\/comments?post=11287"}],"wp:featuredmedia":[{"embeddable":true,"href":"https:\/\/veloaxe.com\/fr\/wp-json\/wp\/v2\/media\/11290"}],"wp:attachment":[{"href":"https:\/\/veloaxe.com\/fr\/wp-json\/wp\/v2\/media?parent=11287"}],"wp:term":[{"taxonomy":"product_brand","embeddable":true,"href":"https:\/\/veloaxe.com\/fr\/wp-json\/wp\/v2\/product_brand?post=11287"},{"taxonomy":"product_cat","embeddable":true,"href":"https:\/\/veloaxe.com\/fr\/wp-json\/wp\/v2\/product_cat?post=11287"},{"taxonomy":"product_tag","embeddable":true,"href":"https:\/\/veloaxe.com\/fr\/wp-json\/wp\/v2\/product_tag?post=11287"}],"curies":[{"name":"wp","href":"https:\/\/api.w.org\/{rel}","templated":true}]}}