{"id":11297,"date":"2023-06-01T10:38:28","date_gmt":"2023-06-01T10:38:28","guid":{"rendered":"https:\/\/veloaxe.com\/?post_type=product&#038;p=11297"},"modified":"2025-08-27T05:45:56","modified_gmt":"2025-08-27T05:45:56","slug":"ruedas-fulcrum-racing-4-db","status":"publish","type":"product","link":"https:\/\/veloaxe.com\/fr\/producto\/ruedas-fulcrum-racing-4-db\/","title":{"rendered":"RUEDAS FULCRUM RACING 4 DB"},"content":{"rendered":"<p><strong>RUEDAS FULCRUM RACING 4 DB<\/strong>, gracias al perfil mediano de 34mm, las nuevas ruedas <strong>FULCRUM Racing 4 DB<\/strong> representan el equilibrio perfecto entre aerodin\u00e1mica, precisi\u00f3n de conducci\u00f3n y versatilidad, ideales para pedalear \u00e1gilmente en subida sin renunciar a la estabilidad cuando la velocidad aumenta: no por casualidad estas ruedas son utilizadas por el equipo Cofidis para los entrenamientos de la temporada.<\/p>\n<p>A diferencia del modelo 2018, la nueva versi\u00f3n presenta una llanta de aluminio con perfil fresado y aligerado por CNC y con canal interno m\u00e1s ancho, de 19mm (en el modelo anterior era de 17mm), que permite alojar f\u00e1cilmente cubiertas de 25mm. Adem\u00e1s, las ruedas est\u00e1n disponibles con tecnolog\u00eda 2 Way Fit, que da la posibilidad de elegir entre cubierta y tubeless (cinta tubeless instalada y v\u00e1lvulas incluidas). A nivel est\u00e9tico, la nueva l\u00ednea Racing 4 DB presenta un dise\u00f1o gr\u00e1fico grabado con l\u00e1ser, para un look m\u00e1s cautivador y una mayor resistencia a los agentes atmosf\u00e9ricos.<\/p>\n<p>PESO : 1710 grs<\/p>\n<p>LIMITE DE PESO : 120 kg (ciclista)<\/p>\n<p>ALTURA DE LA LLANTA : 34 mm<\/p>\n<p>SISTEMA DE FRENADO : Freno de disco<\/p>","protected":false},"excerpt":{"rendered":"<p>RUEDAS FULCRUM RACING 4 DB, gracias al perfil mediano de 34mm, las nuevas ruedas FULCRUM Racing 4 DB representan el equilibrio perfecto entre aerodin\u00e1mica, precisi\u00f3n de conducci\u00f3n y versatilidad, ideales para pedalear \u00e1gilmente en subida sin renunciar a la estabilidad cuando la velocidad aumenta: no por casualidad estas ruedas son utilizadas por el equipo Cofidis [&hellip;]<\/p>\n","protected":false},"featured_media":11301,"comment_status":"closed","ping_status":"closed","template":"","meta":[],"product_brand":[],"product_cat":[16,38,45],"product_tag":[],"class_list":{"0":"post-11297","1":"product","2":"type-product","3":"status-publish","4":"has-post-thumbnail","6":"product_cat-carretera-gravel-bicicletas","7":"product_cat-ruedas-neumatico-tubular","8":"product_cat-ruedas-aluminio-carretera","9":"product_shipping_class-no-bicicletas","11":"first","12":"instock","13":"sale","14":"shipping-taxable","15":"purchasable","16":"product-type-variable"},"yoast_head":"<!-- This site is optimized with the Yoast SEO plugin v27.6 - https:\/\/yoast.com\/product\/yoast-seo-wordpress\/ -->\n<title>FULCRUM RACING 4 DB | VELOAXE.COM<\/title>\n<meta name=\"description\" content=\"RUEDAS FULCRUM RACING 4 DB est\u00e1n disponibles en nuestro sitio desde 419 euros. Facilidad de pago hasta 12x en nuestro sitio.\" \/>\n<meta name=\"robots\" content=\"index, follow, max-snippet:-1, max-image-preview:large, max-video-preview:-1\" \/>\n<link rel=\"canonical\" href=\"https:\/\/veloaxe.com\/fr\/produit\/ruedas-fulcrum-racing-4-db\/\" \/>\n<meta property=\"og:locale\" content=\"fr_FR\" \/>\n<meta property=\"og:type\" content=\"article\" \/>\n<meta property=\"og:title\" content=\"FULCRUM RACING 4 DB | VELOAXE.COM\" \/>\n<meta property=\"og:description\" content=\"RUEDAS FULCRUM RACING 4 DB est\u00e1n disponibles en nuestro sitio desde 419 euros. Facilidad de pago hasta 12x en nuestro sitio.\" \/>\n<meta property=\"og:url\" content=\"https:\/\/veloaxe.com\/fr\/produit\/ruedas-fulcrum-racing-4-db\/\" \/>\n<meta property=\"og:site_name\" content=\"Tienda de bicicletas | VELOAXE\" \/>\n<meta property=\"article:publisher\" content=\"https:\/\/www.facebook.com\/veloaxe\" \/>\n<meta property=\"article:modified_time\" content=\"2025-08-27T05:45:56+00:00\" \/>\n<meta property=\"og:image\" content=\"https:\/\/veloaxe.com\/wp-content\/uploads\/2023\/06\/ruedas-fulcrum-racing-4-db.jpg\" \/>\n\t<meta property=\"og:image:width\" content=\"775\" \/>\n\t<meta property=\"og:image:height\" content=\"815\" \/>\n\t<meta property=\"og:image:type\" content=\"image\/jpeg\" \/>\n<meta name=\"twitter:card\" content=\"summary_large_image\" \/>\n<meta name=\"twitter:label1\" content=\"Dur\u00e9e de lecture estim\u00e9e\" \/>\n\t<meta name=\"twitter:data1\" content=\"2 minutes\" \/>\n<script type=\"application\/ld+json\" class=\"yoast-schema-graph\">{\"@context\":\"https:\\\/\\\/schema.org\",\"@graph\":[{\"@type\":\"WebPage\",\"@id\":\"https:\\\/\\\/veloaxe.com\\\/producto\\\/ruedas-fulcrum-racing-4-db\\\/\",\"url\":\"https:\\\/\\\/veloaxe.com\\\/producto\\\/ruedas-fulcrum-racing-4-db\\\/\",\"name\":\"FULCRUM RACING 4 DB | VELOAXE.COM\",\"isPartOf\":{\"@id\":\"https:\\\/\\\/veloaxe.com\\\/#website\"},\"primaryImageOfPage\":{\"@id\":\"https:\\\/\\\/veloaxe.com\\\/producto\\\/ruedas-fulcrum-racing-4-db\\\/#primaryimage\"},\"image\":{\"@id\":\"https:\\\/\\\/veloaxe.com\\\/producto\\\/ruedas-fulcrum-racing-4-db\\\/#primaryimage\"},\"thumbnailUrl\":\"https:\\\/\\\/veloaxe.com\\\/wp-content\\\/uploads\\\/2023\\\/06\\\/ruedas-fulcrum-racing-4-db.jpg\",\"datePublished\":\"2023-06-01T10:38:28+00:00\",\"dateModified\":\"2025-08-27T05:45:56+00:00\",\"description\":\"RUEDAS FULCRUM RACING 4 DB est\u00e1n disponibles en nuestro sitio desde 419 euros. Facilidad de pago hasta 12x en nuestro sitio.\",\"breadcrumb\":{\"@id\":\"https:\\\/\\\/veloaxe.com\\\/producto\\\/ruedas-fulcrum-racing-4-db\\\/#breadcrumb\"},\"inLanguage\":\"fr-FR\",\"potentialAction\":[{\"@type\":\"ReadAction\",\"target\":[\"https:\\\/\\\/veloaxe.com\\\/producto\\\/ruedas-fulcrum-racing-4-db\\\/\"]}]},{\"@type\":\"ImageObject\",\"inLanguage\":\"fr-FR\",\"@id\":\"https:\\\/\\\/veloaxe.com\\\/producto\\\/ruedas-fulcrum-racing-4-db\\\/#primaryimage\",\"url\":\"https:\\\/\\\/veloaxe.com\\\/wp-content\\\/uploads\\\/2023\\\/06\\\/ruedas-fulcrum-racing-4-db.jpg\",\"contentUrl\":\"https:\\\/\\\/veloaxe.com\\\/wp-content\\\/uploads\\\/2023\\\/06\\\/ruedas-fulcrum-racing-4-db.jpg\",\"width\":775,\"height\":815,\"caption\":\"fulcrum-racing-4-db\"},{\"@type\":\"BreadcrumbList\",\"@id\":\"https:\\\/\\\/veloaxe.com\\\/producto\\\/ruedas-fulcrum-racing-4-db\\\/#breadcrumb\",\"itemListElement\":[{\"@type\":\"ListItem\",\"position\":1,\"name\":\"Portada\",\"item\":\"https:\\\/\\\/veloaxe.com\\\/\"},{\"@type\":\"ListItem\",\"position\":2,\"name\":\"Shop\",\"item\":\"https:\\\/\\\/paleturquoise-herring-271034.hostingersite.com\\\/shop\\\/\"},{\"@type\":\"ListItem\",\"position\":3,\"name\":\"RUEDAS FULCRUM RACING 4 DB\"}]},{\"@type\":\"WebSite\",\"@id\":\"https:\\\/\\\/veloaxe.com\\\/#website\",\"url\":\"https:\\\/\\\/veloaxe.com\\\/\",\"name\":\"Tienda de bicicletas | VELOAXE\",\"description\":\"Descubre una amplia selecci\u00f3n de bicicletas de alta calidad, desde modelos urbanos y de monta\u00f1a hasta bicicletas de carretera de \u00faltima generaci\u00f3n. Con un servicio experto y accesorios especializados, estamos comprometidos a brindarte la mejor experiencia ciclista.\",\"publisher\":{\"@id\":\"https:\\\/\\\/veloaxe.com\\\/#organization\"},\"potentialAction\":[{\"@type\":\"SearchAction\",\"target\":{\"@type\":\"EntryPoint\",\"urlTemplate\":\"https:\\\/\\\/veloaxe.com\\\/?s={search_term_string}\"},\"query-input\":{\"@type\":\"PropertyValueSpecification\",\"valueRequired\":true,\"valueName\":\"search_term_string\"}}],\"inLanguage\":\"fr-FR\"},{\"@type\":\"Organization\",\"@id\":\"https:\\\/\\\/veloaxe.com\\\/#organization\",\"name\":\"Tienda de bicicletas | VELOAXE\",\"url\":\"https:\\\/\\\/veloaxe.com\\\/\",\"logo\":{\"@type\":\"ImageObject\",\"inLanguage\":\"fr-FR\",\"@id\":\"https:\\\/\\\/veloaxe.com\\\/#\\\/schema\\\/logo\\\/image\\\/\",\"url\":\"https:\\\/\\\/veloaxe.com\\\/wp-content\\\/uploads\\\/2026\\\/01\\\/cropped-logo-1.jpg\",\"contentUrl\":\"https:\\\/\\\/veloaxe.com\\\/wp-content\\\/uploads\\\/2026\\\/01\\\/cropped-logo-1.jpg\",\"width\":1273,\"height\":363,\"caption\":\"Tienda de bicicletas | VELOAXE\"},\"image\":{\"@id\":\"https:\\\/\\\/veloaxe.com\\\/#\\\/schema\\\/logo\\\/image\\\/\"},\"sameAs\":[\"https:\\\/\\\/www.facebook.com\\\/veloaxe\"]}]}<\/script>\n<!-- \/ Yoast SEO plugin. -->","yoast_head_json":{"title":"FULCRUM RACING 4 DB | VELOAXE.COM","description":"RUEDAS FULCRUM RACING 4 DB est\u00e1n disponibles en nuestro sitio desde 419 euros. Facilidad de pago hasta 12x en nuestro sitio.","robots":{"index":"index","follow":"follow","max-snippet":"max-snippet:-1","max-image-preview":"max-image-preview:large","max-video-preview":"max-video-preview:-1"},"canonical":"https:\/\/veloaxe.com\/fr\/produit\/ruedas-fulcrum-racing-4-db\/","og_locale":"fr_FR","og_type":"article","og_title":"FULCRUM RACING 4 DB | VELOAXE.COM","og_description":"RUEDAS FULCRUM RACING 4 DB est\u00e1n disponibles en nuestro sitio desde 419 euros. Facilidad de pago hasta 12x en nuestro sitio.","og_url":"https:\/\/veloaxe.com\/fr\/produit\/ruedas-fulcrum-racing-4-db\/","og_site_name":"Tienda de bicicletas | VELOAXE","article_publisher":"https:\/\/www.facebook.com\/veloaxe","article_modified_time":"2025-08-27T05:45:56+00:00","og_image":[{"width":775,"height":815,"url":"https:\/\/veloaxe.com\/wp-content\/uploads\/2023\/06\/ruedas-fulcrum-racing-4-db.jpg","type":"image\/jpeg"}],"twitter_card":"summary_large_image","twitter_misc":{"Dur\u00e9e de lecture estim\u00e9e":"2 minutes"},"schema":{"@context":"https:\/\/schema.org","@graph":[{"@type":"WebPage","@id":"https:\/\/veloaxe.com\/producto\/ruedas-fulcrum-racing-4-db\/","url":"https:\/\/veloaxe.com\/producto\/ruedas-fulcrum-racing-4-db\/","name":"FULCRUM RACING 4 DB | VELOAXE.COM","isPartOf":{"@id":"https:\/\/veloaxe.com\/#website"},"primaryImageOfPage":{"@id":"https:\/\/veloaxe.com\/producto\/ruedas-fulcrum-racing-4-db\/#primaryimage"},"image":{"@id":"https:\/\/veloaxe.com\/producto\/ruedas-fulcrum-racing-4-db\/#primaryimage"},"thumbnailUrl":"https:\/\/veloaxe.com\/wp-content\/uploads\/2023\/06\/ruedas-fulcrum-racing-4-db.jpg","datePublished":"2023-06-01T10:38:28+00:00","dateModified":"2025-08-27T05:45:56+00:00","description":"RUEDAS FULCRUM RACING 4 DB est\u00e1n disponibles en nuestro sitio desde 419 euros. Facilidad de pago hasta 12x en nuestro sitio.","breadcrumb":{"@id":"https:\/\/veloaxe.com\/producto\/ruedas-fulcrum-racing-4-db\/#breadcrumb"},"inLanguage":"fr-FR","potentialAction":[{"@type":"ReadAction","target":["https:\/\/veloaxe.com\/producto\/ruedas-fulcrum-racing-4-db\/"]}]},{"@type":"ImageObject","inLanguage":"fr-FR","@id":"https:\/\/veloaxe.com\/producto\/ruedas-fulcrum-racing-4-db\/#primaryimage","url":"https:\/\/veloaxe.com\/wp-content\/uploads\/2023\/06\/ruedas-fulcrum-racing-4-db.jpg","contentUrl":"https:\/\/veloaxe.com\/wp-content\/uploads\/2023\/06\/ruedas-fulcrum-racing-4-db.jpg","width":775,"height":815,"caption":"fulcrum-racing-4-db"},{"@type":"BreadcrumbList","@id":"https:\/\/veloaxe.com\/producto\/ruedas-fulcrum-racing-4-db\/#breadcrumb","itemListElement":[{"@type":"ListItem","position":1,"name":"Portada","item":"https:\/\/veloaxe.com\/"},{"@type":"ListItem","position":2,"name":"Shop","item":"https:\/\/paleturquoise-herring-271034.hostingersite.com\/shop\/"},{"@type":"ListItem","position":3,"name":"RUEDAS FULCRUM RACING 4 DB"}]},{"@type":"WebSite","@id":"https:\/\/veloaxe.com\/#website","url":"https:\/\/veloaxe.com\/","name":"Boutique de v\u00e9lo en ligne | VELOAXE","description":"D\u00e9couvrez une large s\u00e9lection de v\u00e9los de haute qualit\u00e9, des mod\u00e8les urbains et de montagne aux v\u00e9los de route de pointe. Avec un service d'experts et des accessoires sp\u00e9cialis\u00e9s, nous nous engageons \u00e0 vous offrir la meilleure exp\u00e9rience de cyclisme.","publisher":{"@id":"https:\/\/veloaxe.com\/#organization"},"potentialAction":[{"@type":"SearchAction","target":{"@type":"EntryPoint","urlTemplate":"https:\/\/veloaxe.com\/?s={search_term_string}"},"query-input":{"@type":"PropertyValueSpecification","valueRequired":true,"valueName":"search_term_string"}}],"inLanguage":"fr-FR"},{"@type":"Organization","@id":"https:\/\/veloaxe.com\/#organization","name":"Boutique de v\u00e9lo en ligne | VELOAXE","url":"https:\/\/veloaxe.com\/","logo":{"@type":"ImageObject","inLanguage":"fr-FR","@id":"https:\/\/veloaxe.com\/#\/schema\/logo\/image\/","url":"https:\/\/veloaxe.com\/wp-content\/uploads\/2026\/01\/cropped-logo-1.jpg","contentUrl":"https:\/\/veloaxe.com\/wp-content\/uploads\/2026\/01\/cropped-logo-1.jpg","width":1273,"height":363,"caption":"Tienda de bicicletas | VELOAXE"},"image":{"@id":"https:\/\/veloaxe.com\/#\/schema\/logo\/image\/"},"sameAs":["https:\/\/www.facebook.com\/veloaxe"]}]}},"_links":{"self":[{"href":"https:\/\/veloaxe.com\/fr\/wp-json\/wp\/v2\/product\/11297","targetHints":{"allow":["GET"]}}],"collection":[{"href":"https:\/\/veloaxe.com\/fr\/wp-json\/wp\/v2\/product"}],"about":[{"href":"https:\/\/veloaxe.com\/fr\/wp-json\/wp\/v2\/types\/product"}],"replies":[{"embeddable":true,"href":"https:\/\/veloaxe.com\/fr\/wp-json\/wp\/v2\/comments?post=11297"}],"wp:featuredmedia":[{"embeddable":true,"href":"https:\/\/veloaxe.com\/fr\/wp-json\/wp\/v2\/media\/11301"}],"wp:attachment":[{"href":"https:\/\/veloaxe.com\/fr\/wp-json\/wp\/v2\/media?parent=11297"}],"wp:term":[{"taxonomy":"product_brand","embeddable":true,"href":"https:\/\/veloaxe.com\/fr\/wp-json\/wp\/v2\/product_brand?post=11297"},{"taxonomy":"product_cat","embeddable":true,"href":"https:\/\/veloaxe.com\/fr\/wp-json\/wp\/v2\/product_cat?post=11297"},{"taxonomy":"product_tag","embeddable":true,"href":"https:\/\/veloaxe.com\/fr\/wp-json\/wp\/v2\/product_tag?post=11297"}],"curies":[{"name":"wp","href":"https:\/\/api.w.org\/{rel}","templated":true}]}}