{"id":11454,"date":"2023-06-05T07:12:08","date_gmt":"2023-06-05T07:12:08","guid":{"rendered":"https:\/\/veloaxe.com\/?post_type=product&#038;p=11454"},"modified":"2025-08-26T05:19:08","modified_gmt":"2025-08-26T05:19:08","slug":"ruedas-fulcrum-e-racing-4","status":"publish","type":"product","link":"https:\/\/veloaxe.com\/fr\/producto\/ruedas-fulcrum-e-racing-4\/","title":{"rendered":"RUEDAS FULCRUM E-RACING 4"},"content":{"rendered":"<p>la ruedas<strong>\u00a0FULCRUM E-RACING 4<\/strong> &#8211; Conscientes de la creciente difusi\u00f3n de las bicicletas con pedaleo asistido, hemos desarrollado la primera rueda all-rounder dedicada a este segmento de mercado. Fulcrum posee una comprobada tradici\u00f3n en el mundo E-MTB, por eso hemos asociado la pericia t\u00e9cnica a las demandas avanzadas de las bicicletas modernas y del nuevo modo de practicar ciclismo.<\/p>\n<p>Partimos entonces del desarrollo de un perfil de llanta especial, con canal interno de 22 mm (adecuado para cubiertas de 30 a 45 mm), cabecillas largas autobloqueantes y radios dedicados. Como se observ\u00f3 ya en el desarrollo de las ruedas E-MTB, el motor aumenta la carga sobre el sistema rueda libre, que debe resistir cargas torsionales mayores y durante per\u00edodos prolongados: precisamente en este detalle hemos centrado nuestra atenci\u00f3n.<\/p>\n<p>Las ruedas <strong>FULCRUM E-RACING 4<\/strong> &#8211; Siendo el punto de conjunci\u00f3n y transferencia de la fuerza motriz de la caja de pi\u00f1ones al cuerpo de la rueda, el sistema del cuerpo de rueda libre se ve sometido a un mayor estr\u00e9s debido al aumento de las potencias y de los tirones causados al intervenir el motor; por este motivo, ha sido necesario utilizar un cuerpo de rueda libre de acero templado con engranajes dedicados, capaz de soportar una tensi\u00f3n de rotura superior en un 30%. Los an\u00e1lisis en laboratorio del comportamiento de los trinquetes en ciclos superiores a mil millones de usos dan resultados claros: el acero cementado promete una duraci\u00f3n aproximadamente 2 veces superior a la del modelo de Ergal utilizado en las bicicletas de carretera tradicionales.<\/p>\n<p>PESO : 1870 grs<\/p>\n<p>LIMITE DE PESO : 135 kg (ciclista)<\/p>\n<p>ALTURA DE LA LLANTA : 34 mm<\/p>\n<p>SISTEMA DE FRENADO : Freno de disco<\/p>\n<p>LLANTAS : 700cc<\/p>\n<p><strong>SHIMANO HG 11\/12v &#8211; SRAM XDR\u00a0<\/strong><\/p>","protected":false},"excerpt":{"rendered":"<p>la ruedas\u00a0FULCRUM E-RACING 4 &#8211; Conscientes de la creciente difusi\u00f3n de las bicicletas con pedaleo asistido, hemos desarrollado la primera rueda all-rounder dedicada a este segmento de mercado. Fulcrum posee una comprobada tradici\u00f3n en el mundo E-MTB, por eso hemos asociado la pericia t\u00e9cnica a las demandas avanzadas de las bicicletas modernas y del nuevo [&hellip;]<\/p>\n","protected":false},"featured_media":11459,"comment_status":"closed","ping_status":"closed","template":"","meta":[],"product_brand":[],"product_cat":[16,38,45],"product_tag":[],"class_list":{"0":"post-11454","1":"product","2":"type-product","3":"status-publish","4":"has-post-thumbnail","6":"product_cat-carretera-gravel-bicicletas","7":"product_cat-ruedas-neumatico-tubular","8":"product_cat-ruedas-aluminio-carretera","9":"product_shipping_class-no-bicicletas","11":"first","12":"instock","13":"sale","14":"shipping-taxable","15":"purchasable","16":"product-type-variable"},"yoast_head":"<!-- This site is optimized with the Yoast SEO plugin v27.6 - https:\/\/yoast.com\/product\/yoast-seo-wordpress\/ -->\n<title>RUEDAS FULCRUM E-RACING 4 | WWW.VELOAXE.COM<\/title>\n<meta name=\"description\" content=\"RUEDAS FULCRUM E-RACING 4 est\u00e1n disponibles en nuestro sitio desde 469 euros. Facilidad de pago hasta 12x en nuestro sitio.\" \/>\n<meta name=\"robots\" content=\"index, follow, max-snippet:-1, max-image-preview:large, max-video-preview:-1\" \/>\n<link rel=\"canonical\" href=\"https:\/\/paleturquoise-herring-271034.hostingersite.com\/producto\/ruedas-fulcrum-e-racing-4\/\" \/>\n<meta property=\"og:locale\" content=\"fr_FR\" \/>\n<meta property=\"og:type\" content=\"article\" \/>\n<meta property=\"og:title\" content=\"RUEDAS FULCRUM E-RACING 4 | WWW.VELOAXE.COM\" \/>\n<meta property=\"og:description\" content=\"RUEDAS FULCRUM E-RACING 4 est\u00e1n disponibles en nuestro sitio desde 469 euros. Facilidad de pago hasta 12x en nuestro sitio.\" \/>\n<meta property=\"og:url\" content=\"https:\/\/paleturquoise-herring-271034.hostingersite.com\/producto\/ruedas-fulcrum-e-racing-4\/\" \/>\n<meta property=\"og:site_name\" content=\"Tienda de bicicletas | VELOAXE\" \/>\n<meta property=\"article:publisher\" content=\"https:\/\/www.facebook.com\/veloaxe\" \/>\n<meta property=\"article:modified_time\" content=\"2025-08-26T05:19:08+00:00\" \/>\n<meta property=\"og:image\" content=\"https:\/\/paleturquoise-herring-271034.hostingersite.com\/wp-content\/uploads\/2023\/06\/ruedas-e-bike-fulcrum-e-racing-4.jpg\" \/>\n\t<meta property=\"og:image:width\" content=\"964\" \/>\n\t<meta property=\"og:image:height\" content=\"785\" \/>\n\t<meta property=\"og:image:type\" content=\"image\/jpeg\" \/>\n<meta name=\"twitter:card\" content=\"summary_large_image\" \/>\n<meta name=\"twitter:label1\" content=\"Dur\u00e9e de lecture estim\u00e9e\" \/>\n\t<meta name=\"twitter:data1\" content=\"2 minutes\" \/>\n<script type=\"application\/ld+json\" class=\"yoast-schema-graph\">{\"@context\":\"https:\\\/\\\/schema.org\",\"@graph\":[{\"@type\":\"WebPage\",\"@id\":\"https:\\\/\\\/paleturquoise-herring-271034.hostingersite.com\\\/producto\\\/ruedas-fulcrum-e-racing-4\\\/\",\"url\":\"https:\\\/\\\/paleturquoise-herring-271034.hostingersite.com\\\/producto\\\/ruedas-fulcrum-e-racing-4\\\/\",\"name\":\"RUEDAS FULCRUM E-RACING 4 | WWW.VELOAXE.COM\",\"isPartOf\":{\"@id\":\"https:\\\/\\\/veloaxe.com\\\/#website\"},\"primaryImageOfPage\":{\"@id\":\"https:\\\/\\\/paleturquoise-herring-271034.hostingersite.com\\\/producto\\\/ruedas-fulcrum-e-racing-4\\\/#primaryimage\"},\"image\":{\"@id\":\"https:\\\/\\\/paleturquoise-herring-271034.hostingersite.com\\\/producto\\\/ruedas-fulcrum-e-racing-4\\\/#primaryimage\"},\"thumbnailUrl\":\"https:\\\/\\\/veloaxe.com\\\/wp-content\\\/uploads\\\/2023\\\/06\\\/ruedas-e-bike-fulcrum-e-racing-4.jpg\",\"datePublished\":\"2023-06-05T07:12:08+00:00\",\"dateModified\":\"2025-08-26T05:19:08+00:00\",\"description\":\"RUEDAS FULCRUM E-RACING 4 est\u00e1n disponibles en nuestro sitio desde 469 euros. Facilidad de pago hasta 12x en nuestro sitio.\",\"breadcrumb\":{\"@id\":\"https:\\\/\\\/paleturquoise-herring-271034.hostingersite.com\\\/producto\\\/ruedas-fulcrum-e-racing-4\\\/#breadcrumb\"},\"inLanguage\":\"fr-FR\",\"potentialAction\":[{\"@type\":\"ReadAction\",\"target\":[\"https:\\\/\\\/paleturquoise-herring-271034.hostingersite.com\\\/producto\\\/ruedas-fulcrum-e-racing-4\\\/\"]}]},{\"@type\":\"ImageObject\",\"inLanguage\":\"fr-FR\",\"@id\":\"https:\\\/\\\/paleturquoise-herring-271034.hostingersite.com\\\/producto\\\/ruedas-fulcrum-e-racing-4\\\/#primaryimage\",\"url\":\"https:\\\/\\\/veloaxe.com\\\/wp-content\\\/uploads\\\/2023\\\/06\\\/ruedas-e-bike-fulcrum-e-racing-4.jpg\",\"contentUrl\":\"https:\\\/\\\/veloaxe.com\\\/wp-content\\\/uploads\\\/2023\\\/06\\\/ruedas-e-bike-fulcrum-e-racing-4.jpg\",\"width\":964,\"height\":785,\"caption\":\"ruedas-e-bike-fulcrum-e-racing-4\"},{\"@type\":\"BreadcrumbList\",\"@id\":\"https:\\\/\\\/paleturquoise-herring-271034.hostingersite.com\\\/producto\\\/ruedas-fulcrum-e-racing-4\\\/#breadcrumb\",\"itemListElement\":[{\"@type\":\"ListItem\",\"position\":1,\"name\":\"Portada\",\"item\":\"https:\\\/\\\/veloaxe.com\\\/\"},{\"@type\":\"ListItem\",\"position\":2,\"name\":\"Shop\",\"item\":\"https:\\\/\\\/paleturquoise-herring-271034.hostingersite.com\\\/shop\\\/\"},{\"@type\":\"ListItem\",\"position\":3,\"name\":\"RUEDAS FULCRUM E-RACING 4\"}]},{\"@type\":\"WebSite\",\"@id\":\"https:\\\/\\\/veloaxe.com\\\/#website\",\"url\":\"https:\\\/\\\/veloaxe.com\\\/\",\"name\":\"Tienda de bicicletas | VELOAXE\",\"description\":\"Descubre una amplia selecci\u00f3n de bicicletas de alta calidad, desde modelos urbanos y de monta\u00f1a hasta bicicletas de carretera de \u00faltima generaci\u00f3n. Con un servicio experto y accesorios especializados, estamos comprometidos a brindarte la mejor experiencia ciclista.\",\"publisher\":{\"@id\":\"https:\\\/\\\/veloaxe.com\\\/#organization\"},\"potentialAction\":[{\"@type\":\"SearchAction\",\"target\":{\"@type\":\"EntryPoint\",\"urlTemplate\":\"https:\\\/\\\/veloaxe.com\\\/?s={search_term_string}\"},\"query-input\":{\"@type\":\"PropertyValueSpecification\",\"valueRequired\":true,\"valueName\":\"search_term_string\"}}],\"inLanguage\":\"fr-FR\"},{\"@type\":\"Organization\",\"@id\":\"https:\\\/\\\/veloaxe.com\\\/#organization\",\"name\":\"Tienda de bicicletas | VELOAXE\",\"url\":\"https:\\\/\\\/veloaxe.com\\\/\",\"logo\":{\"@type\":\"ImageObject\",\"inLanguage\":\"fr-FR\",\"@id\":\"https:\\\/\\\/veloaxe.com\\\/#\\\/schema\\\/logo\\\/image\\\/\",\"url\":\"https:\\\/\\\/veloaxe.com\\\/wp-content\\\/uploads\\\/2026\\\/01\\\/cropped-logo-1.jpg\",\"contentUrl\":\"https:\\\/\\\/veloaxe.com\\\/wp-content\\\/uploads\\\/2026\\\/01\\\/cropped-logo-1.jpg\",\"width\":1273,\"height\":363,\"caption\":\"Tienda de bicicletas | VELOAXE\"},\"image\":{\"@id\":\"https:\\\/\\\/veloaxe.com\\\/#\\\/schema\\\/logo\\\/image\\\/\"},\"sameAs\":[\"https:\\\/\\\/www.facebook.com\\\/veloaxe\"]}]}<\/script>\n<!-- \/ Yoast SEO plugin. -->","yoast_head_json":{"title":"RUEDAS FULCRUM E-RACING 4 | WWW.VELOAXE.COM","description":"RUEDAS FULCRUM E-RACING 4 est\u00e1n disponibles en nuestro sitio desde 469 euros. Facilidad de pago hasta 12x en nuestro sitio.","robots":{"index":"index","follow":"follow","max-snippet":"max-snippet:-1","max-image-preview":"max-image-preview:large","max-video-preview":"max-video-preview:-1"},"canonical":"https:\/\/paleturquoise-herring-271034.hostingersite.com\/producto\/ruedas-fulcrum-e-racing-4\/","og_locale":"fr_FR","og_type":"article","og_title":"RUEDAS FULCRUM E-RACING 4 | WWW.VELOAXE.COM","og_description":"RUEDAS FULCRUM E-RACING 4 est\u00e1n disponibles en nuestro sitio desde 469 euros. Facilidad de pago hasta 12x en nuestro sitio.","og_url":"https:\/\/paleturquoise-herring-271034.hostingersite.com\/producto\/ruedas-fulcrum-e-racing-4\/","og_site_name":"Tienda de bicicletas | VELOAXE","article_publisher":"https:\/\/www.facebook.com\/veloaxe","article_modified_time":"2025-08-26T05:19:08+00:00","og_image":[{"width":964,"height":785,"url":"https:\/\/paleturquoise-herring-271034.hostingersite.com\/wp-content\/uploads\/2023\/06\/ruedas-e-bike-fulcrum-e-racing-4.jpg","type":"image\/jpeg"}],"twitter_card":"summary_large_image","twitter_misc":{"Dur\u00e9e de lecture estim\u00e9e":"2 minutes"},"schema":{"@context":"https:\/\/schema.org","@graph":[{"@type":"WebPage","@id":"https:\/\/paleturquoise-herring-271034.hostingersite.com\/producto\/ruedas-fulcrum-e-racing-4\/","url":"https:\/\/paleturquoise-herring-271034.hostingersite.com\/producto\/ruedas-fulcrum-e-racing-4\/","name":"RUEDAS FULCRUM E-RACING 4 | WWW.VELOAXE.COM","isPartOf":{"@id":"https:\/\/veloaxe.com\/#website"},"primaryImageOfPage":{"@id":"https:\/\/paleturquoise-herring-271034.hostingersite.com\/producto\/ruedas-fulcrum-e-racing-4\/#primaryimage"},"image":{"@id":"https:\/\/paleturquoise-herring-271034.hostingersite.com\/producto\/ruedas-fulcrum-e-racing-4\/#primaryimage"},"thumbnailUrl":"https:\/\/veloaxe.com\/wp-content\/uploads\/2023\/06\/ruedas-e-bike-fulcrum-e-racing-4.jpg","datePublished":"2023-06-05T07:12:08+00:00","dateModified":"2025-08-26T05:19:08+00:00","description":"RUEDAS FULCRUM E-RACING 4 est\u00e1n disponibles en nuestro sitio desde 469 euros. Facilidad de pago hasta 12x en nuestro sitio.","breadcrumb":{"@id":"https:\/\/paleturquoise-herring-271034.hostingersite.com\/producto\/ruedas-fulcrum-e-racing-4\/#breadcrumb"},"inLanguage":"fr-FR","potentialAction":[{"@type":"ReadAction","target":["https:\/\/paleturquoise-herring-271034.hostingersite.com\/producto\/ruedas-fulcrum-e-racing-4\/"]}]},{"@type":"ImageObject","inLanguage":"fr-FR","@id":"https:\/\/paleturquoise-herring-271034.hostingersite.com\/producto\/ruedas-fulcrum-e-racing-4\/#primaryimage","url":"https:\/\/veloaxe.com\/wp-content\/uploads\/2023\/06\/ruedas-e-bike-fulcrum-e-racing-4.jpg","contentUrl":"https:\/\/veloaxe.com\/wp-content\/uploads\/2023\/06\/ruedas-e-bike-fulcrum-e-racing-4.jpg","width":964,"height":785,"caption":"ruedas-e-bike-fulcrum-e-racing-4"},{"@type":"BreadcrumbList","@id":"https:\/\/paleturquoise-herring-271034.hostingersite.com\/producto\/ruedas-fulcrum-e-racing-4\/#breadcrumb","itemListElement":[{"@type":"ListItem","position":1,"name":"Portada","item":"https:\/\/veloaxe.com\/"},{"@type":"ListItem","position":2,"name":"Shop","item":"https:\/\/paleturquoise-herring-271034.hostingersite.com\/shop\/"},{"@type":"ListItem","position":3,"name":"RUEDAS FULCRUM E-RACING 4"}]},{"@type":"WebSite","@id":"https:\/\/veloaxe.com\/#website","url":"https:\/\/veloaxe.com\/","name":"Boutique de v\u00e9lo en ligne | VELOAXE","description":"D\u00e9couvrez une large s\u00e9lection de v\u00e9los de haute qualit\u00e9, des mod\u00e8les urbains et de montagne aux v\u00e9los de route de pointe. Avec un service d'experts et des accessoires sp\u00e9cialis\u00e9s, nous nous engageons \u00e0 vous offrir la meilleure exp\u00e9rience de cyclisme.","publisher":{"@id":"https:\/\/veloaxe.com\/#organization"},"potentialAction":[{"@type":"SearchAction","target":{"@type":"EntryPoint","urlTemplate":"https:\/\/veloaxe.com\/?s={search_term_string}"},"query-input":{"@type":"PropertyValueSpecification","valueRequired":true,"valueName":"search_term_string"}}],"inLanguage":"fr-FR"},{"@type":"Organization","@id":"https:\/\/veloaxe.com\/#organization","name":"Boutique de v\u00e9lo en ligne | VELOAXE","url":"https:\/\/veloaxe.com\/","logo":{"@type":"ImageObject","inLanguage":"fr-FR","@id":"https:\/\/veloaxe.com\/#\/schema\/logo\/image\/","url":"https:\/\/veloaxe.com\/wp-content\/uploads\/2026\/01\/cropped-logo-1.jpg","contentUrl":"https:\/\/veloaxe.com\/wp-content\/uploads\/2026\/01\/cropped-logo-1.jpg","width":1273,"height":363,"caption":"Tienda de bicicletas | VELOAXE"},"image":{"@id":"https:\/\/veloaxe.com\/#\/schema\/logo\/image\/"},"sameAs":["https:\/\/www.facebook.com\/veloaxe"]}]}},"_links":{"self":[{"href":"https:\/\/veloaxe.com\/fr\/wp-json\/wp\/v2\/product\/11454","targetHints":{"allow":["GET"]}}],"collection":[{"href":"https:\/\/veloaxe.com\/fr\/wp-json\/wp\/v2\/product"}],"about":[{"href":"https:\/\/veloaxe.com\/fr\/wp-json\/wp\/v2\/types\/product"}],"replies":[{"embeddable":true,"href":"https:\/\/veloaxe.com\/fr\/wp-json\/wp\/v2\/comments?post=11454"}],"wp:featuredmedia":[{"embeddable":true,"href":"https:\/\/veloaxe.com\/fr\/wp-json\/wp\/v2\/media\/11459"}],"wp:attachment":[{"href":"https:\/\/veloaxe.com\/fr\/wp-json\/wp\/v2\/media?parent=11454"}],"wp:term":[{"taxonomy":"product_brand","embeddable":true,"href":"https:\/\/veloaxe.com\/fr\/wp-json\/wp\/v2\/product_brand?post=11454"},{"taxonomy":"product_cat","embeddable":true,"href":"https:\/\/veloaxe.com\/fr\/wp-json\/wp\/v2\/product_cat?post=11454"},{"taxonomy":"product_tag","embeddable":true,"href":"https:\/\/veloaxe.com\/fr\/wp-json\/wp\/v2\/product_tag?post=11454"}],"curies":[{"name":"wp","href":"https:\/\/api.w.org\/{rel}","templated":true}]}}