{"id":11537,"date":"2023-06-08T16:02:02","date_gmt":"2023-06-08T16:02:02","guid":{"rendered":"https:\/\/veloaxe.com\/?post_type=product&#038;p=11537"},"modified":"2025-08-25T16:49:13","modified_gmt":"2025-08-25T16:49:13","slug":"gps-bryton-rider-15-neo-e","status":"publish","type":"product","link":"https:\/\/veloaxe.com\/fr\/produit\/gps-bryton-rider-15-neo-e\/","title":{"rendered":"GPS BRYTON RIDER 15 NEO E"},"content":{"rendered":"<p>El <strong>GPS BRYTON RIDER 15 NEO E<\/strong>, tiene una pantalla de 2&#8243; para ver mejor los datos escritos en el GPS. La pantalla de alta calidad acoplada proporciona una lectura clara desde cualquier \u00e1ngulo y en cualquier entorno sin interferencias. Su sistema de localizaci\u00f3n GPS es ultrapreciso, Gracias a la compatibilidad con el Sistema Global de Navegaci\u00f3n por Sat\u00e9lite (GNSS), el <strong>GPS BRYTON RIDER 15 NEO E<\/strong>\u00a0proporciona una cobertura m\u00e1s amplia en cualquier tipo de geograf\u00eda, incluso en zonas con gran densidad de \u00e1rboles y edificios o en las monta\u00f1as, adem\u00e1s de cubrir una variedad m\u00e1s amplia de regiones al incorporar los sat\u00e9lites <strong><em>GPS (EE. UU.), Galileo (EUR) y QZSS (Jap\u00f3n)<\/em><\/strong>. El gps <strong>BRYTON<\/strong> est\u00e1 equipado con una potente bater\u00eda para una duraci\u00f3n de uso de hasta <em><strong>16 horas de autonom\u00eda<\/strong><\/em>. Con 21 funciones, el <strong>GPS BRYTON RIDER 15 NEO<\/strong> es el compa\u00f1ero ideal para tus salidas por carretera o mtb.<br \/>\n\u00bfNecesitas conducir de noche? No te preocupes porque <strong>BRYTON<\/strong> gps est\u00e1 equipado con retroiluminaci\u00f3n. Puedes configurar tu GPS BRYTON con tu m\u00f3vil para recibir tu (<em>E-mail TEXTO o llamada<\/em>) en tu gps.<\/p>\n<pre id=\"tw-target-text\" class=\"tw-data-text tw-text-large tw-ta\" dir=\"ltr\" data-placeholder=\"Traduction\"><span class=\"Y2IQFc\" lang=\"es\">Tambi\u00e9n disponible para sincronizaci\u00f3n la aplicaci\u00f3n m\u00f3vil \"<strong><em>BRYTON ACTIVE<\/em><\/strong>\"\r\n\r\nPeso : 51g<\/span><\/pre>","protected":false},"excerpt":{"rendered":"<p>El GPS BRYTON RIDER 15 NEO E, tiene una pantalla de 2&#8243; para ver mejor los datos escritos en el GPS. La pantalla de alta calidad acoplada proporciona una lectura clara desde cualquier \u00e1ngulo y en cualquier entorno sin interferencias. Su sistema de localizaci\u00f3n GPS es ultrapreciso, Gracias a la compatibilidad con el Sistema Global [&hellip;]<\/p>\n","protected":false},"featured_media":11540,"comment_status":"closed","ping_status":"closed","template":"","meta":[],"product_brand":[],"product_cat":[205,85],"product_tag":[],"class_list":{"0":"post-11537","1":"product","2":"type-product","3":"status-publish","4":"has-post-thumbnail","6":"product_cat-gps","7":"product_cat-gps-cuentakilometro-reloj-gps","8":"product_shipping_class-no-bicicletas","10":"first","11":"instock","12":"sale","13":"shipping-taxable","14":"purchasable","15":"product-type-simple"},"yoast_head":"<!-- This site is optimized with the Yoast SEO plugin v27.6 - https:\/\/yoast.com\/product\/yoast-seo-wordpress\/ -->\n<title>GPS BRYTON RIDER 15 NEO E | Tienda de bicicletas | VELOAXE<\/title>\n<meta name=\"description\" content=\"GPS BRYTON RIDER 15 NEO E en veloaxe.com por so\u0301lo 55,95 \u20ac. Toda la gama BRYTON est\u00e1 en nuestro sitio. Envi\u0301o GRATIS para compras superiores a 200\u20ac.\" \/>\n<meta name=\"robots\" content=\"index, follow, max-snippet:-1, max-image-preview:large, max-video-preview:-1\" \/>\n<link rel=\"canonical\" href=\"https:\/\/veloaxe.com\/fr\/produit\/gps-bryton-rider-15-neo-e\/\" \/>\n<meta property=\"og:locale\" content=\"fr_FR\" \/>\n<meta property=\"og:type\" content=\"article\" \/>\n<meta property=\"og:title\" content=\"GPS BRYTON RIDER 15 NEO E | Tienda de bicicletas | VELOAXE\" \/>\n<meta property=\"og:description\" content=\"GPS BRYTON RIDER 15 NEO E en veloaxe.com por so\u0301lo 55,95 \u20ac. Toda la gama BRYTON est\u00e1 en nuestro sitio. Envi\u0301o GRATIS para compras superiores a 200\u20ac.\" \/>\n<meta property=\"og:url\" content=\"https:\/\/veloaxe.com\/fr\/produit\/gps-bryton-rider-15-neo-e\/\" \/>\n<meta property=\"og:site_name\" content=\"Tienda de bicicletas | VELOAXE\" \/>\n<meta property=\"article:publisher\" content=\"https:\/\/www.facebook.com\/veloaxe\" \/>\n<meta property=\"article:modified_time\" content=\"2025-08-25T16:49:13+00:00\" \/>\n<meta property=\"og:image\" content=\"https:\/\/veloaxe.com\/wp-content\/uploads\/2023\/06\/gps-bryton-rider-15-neo.jpg\" \/>\n\t<meta property=\"og:image:width\" content=\"700\" \/>\n\t<meta property=\"og:image:height\" content=\"828\" \/>\n\t<meta property=\"og:image:type\" content=\"image\/jpeg\" \/>\n<meta name=\"twitter:card\" content=\"summary_large_image\" \/>\n<meta name=\"twitter:label1\" content=\"Dur\u00e9e de lecture estim\u00e9e\" \/>\n\t<meta name=\"twitter:data1\" content=\"2 minutes\" \/>\n<script type=\"application\/ld+json\" class=\"yoast-schema-graph\">{\"@context\":\"https:\\\/\\\/schema.org\",\"@graph\":[{\"@type\":\"WebPage\",\"@id\":\"https:\\\/\\\/veloaxe.com\\\/producto\\\/gps-bryton-rider-15-neo-e\\\/\",\"url\":\"https:\\\/\\\/veloaxe.com\\\/producto\\\/gps-bryton-rider-15-neo-e\\\/\",\"name\":\"GPS BRYTON RIDER 15 NEO E | Tienda de bicicletas | VELOAXE\",\"isPartOf\":{\"@id\":\"https:\\\/\\\/veloaxe.com\\\/#website\"},\"primaryImageOfPage\":{\"@id\":\"https:\\\/\\\/veloaxe.com\\\/producto\\\/gps-bryton-rider-15-neo-e\\\/#primaryimage\"},\"image\":{\"@id\":\"https:\\\/\\\/veloaxe.com\\\/producto\\\/gps-bryton-rider-15-neo-e\\\/#primaryimage\"},\"thumbnailUrl\":\"https:\\\/\\\/veloaxe.com\\\/wp-content\\\/uploads\\\/2023\\\/06\\\/gps-bryton-rider-15-neo.jpg\",\"datePublished\":\"2023-06-08T16:02:02+00:00\",\"dateModified\":\"2025-08-25T16:49:13+00:00\",\"description\":\"GPS BRYTON RIDER 15 NEO E en veloaxe.com por so\u0301lo 55,95 \u20ac. Toda la gama BRYTON est\u00e1 en nuestro sitio. Envi\u0301o GRATIS para compras superiores a 200\u20ac.\",\"breadcrumb\":{\"@id\":\"https:\\\/\\\/veloaxe.com\\\/producto\\\/gps-bryton-rider-15-neo-e\\\/#breadcrumb\"},\"inLanguage\":\"fr-FR\",\"potentialAction\":[{\"@type\":\"ReadAction\",\"target\":[\"https:\\\/\\\/veloaxe.com\\\/producto\\\/gps-bryton-rider-15-neo-e\\\/\"]}]},{\"@type\":\"ImageObject\",\"inLanguage\":\"fr-FR\",\"@id\":\"https:\\\/\\\/veloaxe.com\\\/producto\\\/gps-bryton-rider-15-neo-e\\\/#primaryimage\",\"url\":\"https:\\\/\\\/veloaxe.com\\\/wp-content\\\/uploads\\\/2023\\\/06\\\/gps-bryton-rider-15-neo.jpg\",\"contentUrl\":\"https:\\\/\\\/veloaxe.com\\\/wp-content\\\/uploads\\\/2023\\\/06\\\/gps-bryton-rider-15-neo.jpg\",\"width\":700,\"height\":828,\"caption\":\"gps-bryton-rider-15-neo\"},{\"@type\":\"BreadcrumbList\",\"@id\":\"https:\\\/\\\/veloaxe.com\\\/producto\\\/gps-bryton-rider-15-neo-e\\\/#breadcrumb\",\"itemListElement\":[{\"@type\":\"ListItem\",\"position\":1,\"name\":\"Portada\",\"item\":\"https:\\\/\\\/paleturquoise-herring-271034.hostingersite.com\\\/\"},{\"@type\":\"ListItem\",\"position\":2,\"name\":\"Shop\",\"item\":\"https:\\\/\\\/paleturquoise-herring-271034.hostingersite.com\\\/shop\\\/\"},{\"@type\":\"ListItem\",\"position\":3,\"name\":\"GPS BRYTON RIDER 15 NEO E\"}]},{\"@type\":\"WebSite\",\"@id\":\"https:\\\/\\\/veloaxe.com\\\/#website\",\"url\":\"https:\\\/\\\/veloaxe.com\\\/\",\"name\":\"Tienda de bicicletas | VELOAXE\",\"description\":\"Descubre una amplia selecci\u00f3n de bicicletas de alta calidad, desde modelos urbanos y de monta\u00f1a hasta bicicletas de carretera de \u00faltima generaci\u00f3n. Con un servicio experto y accesorios especializados, estamos comprometidos a brindarte la mejor experiencia ciclista.\",\"publisher\":{\"@id\":\"https:\\\/\\\/veloaxe.com\\\/#organization\"},\"potentialAction\":[{\"@type\":\"SearchAction\",\"target\":{\"@type\":\"EntryPoint\",\"urlTemplate\":\"https:\\\/\\\/veloaxe.com\\\/?s={search_term_string}\"},\"query-input\":{\"@type\":\"PropertyValueSpecification\",\"valueRequired\":true,\"valueName\":\"search_term_string\"}}],\"inLanguage\":\"fr-FR\"},{\"@type\":\"Organization\",\"@id\":\"https:\\\/\\\/veloaxe.com\\\/#organization\",\"name\":\"Tienda de bicicletas | VELOAXE\",\"url\":\"https:\\\/\\\/veloaxe.com\\\/\",\"logo\":{\"@type\":\"ImageObject\",\"inLanguage\":\"fr-FR\",\"@id\":\"https:\\\/\\\/veloaxe.com\\\/#\\\/schema\\\/logo\\\/image\\\/\",\"url\":\"https:\\\/\\\/veloaxe.com\\\/wp-content\\\/uploads\\\/2026\\\/01\\\/cropped-logo-1.jpg\",\"contentUrl\":\"https:\\\/\\\/veloaxe.com\\\/wp-content\\\/uploads\\\/2026\\\/01\\\/cropped-logo-1.jpg\",\"width\":1273,\"height\":363,\"caption\":\"Tienda de bicicletas | VELOAXE\"},\"image\":{\"@id\":\"https:\\\/\\\/veloaxe.com\\\/#\\\/schema\\\/logo\\\/image\\\/\"},\"sameAs\":[\"https:\\\/\\\/www.facebook.com\\\/veloaxe\"]}]}<\/script>\n<!-- \/ Yoast SEO plugin. -->","yoast_head_json":{"title":"GPS BRYTON RIDER 15 NEO E | Tienda de bicicletas | VELOAXE","description":"GPS BRYTON RIDER 15 NEO E en veloaxe.com por so\u0301lo 55,95 \u20ac. Toda la gama BRYTON est\u00e1 en nuestro sitio. Envi\u0301o GRATIS para compras superiores a 200\u20ac.","robots":{"index":"index","follow":"follow","max-snippet":"max-snippet:-1","max-image-preview":"max-image-preview:large","max-video-preview":"max-video-preview:-1"},"canonical":"https:\/\/veloaxe.com\/fr\/produit\/gps-bryton-rider-15-neo-e\/","og_locale":"fr_FR","og_type":"article","og_title":"GPS BRYTON RIDER 15 NEO E | Tienda de bicicletas | VELOAXE","og_description":"GPS BRYTON RIDER 15 NEO E en veloaxe.com por so\u0301lo 55,95 \u20ac. Toda la gama BRYTON est\u00e1 en nuestro sitio. Envi\u0301o GRATIS para compras superiores a 200\u20ac.","og_url":"https:\/\/veloaxe.com\/fr\/produit\/gps-bryton-rider-15-neo-e\/","og_site_name":"Tienda de bicicletas | VELOAXE","article_publisher":"https:\/\/www.facebook.com\/veloaxe","article_modified_time":"2025-08-25T16:49:13+00:00","og_image":[{"width":700,"height":828,"url":"https:\/\/veloaxe.com\/wp-content\/uploads\/2023\/06\/gps-bryton-rider-15-neo.jpg","type":"image\/jpeg"}],"twitter_card":"summary_large_image","twitter_misc":{"Dur\u00e9e de lecture estim\u00e9e":"2 minutes"},"schema":{"@context":"https:\/\/schema.org","@graph":[{"@type":"WebPage","@id":"https:\/\/veloaxe.com\/producto\/gps-bryton-rider-15-neo-e\/","url":"https:\/\/veloaxe.com\/producto\/gps-bryton-rider-15-neo-e\/","name":"GPS BRYTON RIDER 15 NEO E | Tienda de bicicletas | VELOAXE","isPartOf":{"@id":"https:\/\/veloaxe.com\/#website"},"primaryImageOfPage":{"@id":"https:\/\/veloaxe.com\/producto\/gps-bryton-rider-15-neo-e\/#primaryimage"},"image":{"@id":"https:\/\/veloaxe.com\/producto\/gps-bryton-rider-15-neo-e\/#primaryimage"},"thumbnailUrl":"https:\/\/veloaxe.com\/wp-content\/uploads\/2023\/06\/gps-bryton-rider-15-neo.jpg","datePublished":"2023-06-08T16:02:02+00:00","dateModified":"2025-08-25T16:49:13+00:00","description":"GPS BRYTON RIDER 15 NEO E en veloaxe.com por so\u0301lo 55,95 \u20ac. Toda la gama BRYTON est\u00e1 en nuestro sitio. Envi\u0301o GRATIS para compras superiores a 200\u20ac.","breadcrumb":{"@id":"https:\/\/veloaxe.com\/producto\/gps-bryton-rider-15-neo-e\/#breadcrumb"},"inLanguage":"fr-FR","potentialAction":[{"@type":"ReadAction","target":["https:\/\/veloaxe.com\/producto\/gps-bryton-rider-15-neo-e\/"]}]},{"@type":"ImageObject","inLanguage":"fr-FR","@id":"https:\/\/veloaxe.com\/producto\/gps-bryton-rider-15-neo-e\/#primaryimage","url":"https:\/\/veloaxe.com\/wp-content\/uploads\/2023\/06\/gps-bryton-rider-15-neo.jpg","contentUrl":"https:\/\/veloaxe.com\/wp-content\/uploads\/2023\/06\/gps-bryton-rider-15-neo.jpg","width":700,"height":828,"caption":"gps-bryton-rider-15-neo"},{"@type":"BreadcrumbList","@id":"https:\/\/veloaxe.com\/producto\/gps-bryton-rider-15-neo-e\/#breadcrumb","itemListElement":[{"@type":"ListItem","position":1,"name":"Portada","item":"https:\/\/paleturquoise-herring-271034.hostingersite.com\/"},{"@type":"ListItem","position":2,"name":"Shop","item":"https:\/\/paleturquoise-herring-271034.hostingersite.com\/shop\/"},{"@type":"ListItem","position":3,"name":"GPS BRYTON RIDER 15 NEO E"}]},{"@type":"WebSite","@id":"https:\/\/veloaxe.com\/#website","url":"https:\/\/veloaxe.com\/","name":"Boutique de v\u00e9lo en ligne | VELOAXE","description":"Descubre una amplia selecci\u00f3n de bicicletas de alta calidad, desde modelos urbanos y de monta\u00f1a hasta bicicletas de carretera de \u00faltima generaci\u00f3n. Con un servicio experto y accesorios especializados, estamos comprometidos a brindarte la mejor experiencia ciclista.","publisher":{"@id":"https:\/\/veloaxe.com\/#organization"},"potentialAction":[{"@type":"SearchAction","target":{"@type":"EntryPoint","urlTemplate":"https:\/\/veloaxe.com\/?s={search_term_string}"},"query-input":{"@type":"PropertyValueSpecification","valueRequired":true,"valueName":"search_term_string"}}],"inLanguage":"fr-FR"},{"@type":"Organization","@id":"https:\/\/veloaxe.com\/#organization","name":"Boutique de v\u00e9lo en ligne | VELOAXE","url":"https:\/\/veloaxe.com\/","logo":{"@type":"ImageObject","inLanguage":"fr-FR","@id":"https:\/\/veloaxe.com\/#\/schema\/logo\/image\/","url":"https:\/\/veloaxe.com\/wp-content\/uploads\/2026\/01\/cropped-logo-1.jpg","contentUrl":"https:\/\/veloaxe.com\/wp-content\/uploads\/2026\/01\/cropped-logo-1.jpg","width":1273,"height":363,"caption":"Tienda de bicicletas | VELOAXE"},"image":{"@id":"https:\/\/veloaxe.com\/#\/schema\/logo\/image\/"},"sameAs":["https:\/\/www.facebook.com\/veloaxe"]}]}},"_links":{"self":[{"href":"https:\/\/veloaxe.com\/fr\/wp-json\/wp\/v2\/product\/11537","targetHints":{"allow":["GET"]}}],"collection":[{"href":"https:\/\/veloaxe.com\/fr\/wp-json\/wp\/v2\/product"}],"about":[{"href":"https:\/\/veloaxe.com\/fr\/wp-json\/wp\/v2\/types\/product"}],"replies":[{"embeddable":true,"href":"https:\/\/veloaxe.com\/fr\/wp-json\/wp\/v2\/comments?post=11537"}],"wp:featuredmedia":[{"embeddable":true,"href":"https:\/\/veloaxe.com\/fr\/wp-json\/wp\/v2\/media\/11540"}],"wp:attachment":[{"href":"https:\/\/veloaxe.com\/fr\/wp-json\/wp\/v2\/media?parent=11537"}],"wp:term":[{"taxonomy":"product_brand","embeddable":true,"href":"https:\/\/veloaxe.com\/fr\/wp-json\/wp\/v2\/product_brand?post=11537"},{"taxonomy":"product_cat","embeddable":true,"href":"https:\/\/veloaxe.com\/fr\/wp-json\/wp\/v2\/product_cat?post=11537"},{"taxonomy":"product_tag","embeddable":true,"href":"https:\/\/veloaxe.com\/fr\/wp-json\/wp\/v2\/product_tag?post=11537"}],"curies":[{"name":"wp","href":"https:\/\/api.w.org\/{rel}","templated":true}]}}