{"id":11544,"date":"2023-06-09T08:53:44","date_gmt":"2023-06-09T08:53:44","guid":{"rendered":"https:\/\/veloaxe.com\/?post_type=product&#038;p=11544"},"modified":"2025-08-25T16:44:09","modified_gmt":"2025-08-25T16:44:09","slug":"gps-bryton-rider-420-e","status":"publish","type":"product","link":"https:\/\/veloaxe.com\/fr\/producto\/gps-bryton-rider-420-e\/","title":{"rendered":"GPS BRYTON RIDER 420 E"},"content":{"rendered":"<p>El <strong>GPS BRYTON RIDER 420 E <\/strong>, tiene una pantalla de 2,3&#8243; para ver mejor los datos escritos en el GPS. La pantalla de alta calidad acoplada proporciona una lectura clara desde cualquier \u00e1ngulo y en cualquier entorno sin interferencias. Su sistema de localizaci\u00f3n GPS es ultrapreciso, Gracias a la compatibilidad con el Sistema Global de Navegaci\u00f3n por Sat\u00e9lite (FULL GNSS), el <strong>GPS BRYTON RIDER 420 E<\/strong>\u00a0proporciona una cobertura m\u00e1s amplia en cualquier tipo de geograf\u00eda, incluso en zonas con gran densidad de \u00e1rboles y edificios o en las monta\u00f1as, adem\u00e1s de cubrir una variedad m\u00e1s amplia de regiones al incorporar los sat\u00e9lites <strong><em>GPS (EE. UU.), Galileo (EUR), Glonass (Russia), BDS (China) y QZSS (Jap\u00f3n)<\/em><\/strong>. Ahora es posible planificar y crear viajes a trav\u00e9s de la aplicaci\u00f3n Bryton Active, importar trayectos (.gpx) desde plataformas de terceros a Bryton Active y sincronizar autom\u00e1ticamente trayectos desde Strava, Komoot y Ride con GPS para que la computadora Rider 420 sea su gu\u00eda personal. El dispositivo ofrece informaci\u00f3n para nombres de carreteras, distancia y direcci\u00f3n antes de cada giro. El gps <strong>BRYTON<\/strong> est\u00e1 equipado con una potente bater\u00eda para una duraci\u00f3n de uso de hasta <strong>35<\/strong><em><strong>\u00a0horas de autonom\u00eda<\/strong><\/em>. Es compatible con los sensores ANT+ y BLE, el objetivo del Rider 420 es aumentar la compatibilidad y la funcionalidad de los medidores de potencia ANT+; para ello, permite que los usuarios introduzcan f\u00e1cilmente la longitud de biela y calibren sus medidores de potencia para obtener valores de potencia m\u00e1s precisos . Con 80 funciones, el <strong>GPS BRYTON RIDER 420 E<\/strong>\u00a0es el compa\u00f1ero ideal para tus salidas por carretera o mtb.<br \/>\n\u00bfNecesitas conducir de noche? No te preocupes porque <strong>BRYTON<\/strong> gps est\u00e1 equipado con retroiluminaci\u00f3n. Puedes configurar tu GPS BRYTON con tu m\u00f3vil para recibir tu (<em>E-mail TEXTO o llamada<\/em>) en tu gps.<\/p>\n<pre id=\"tw-target-text\" class=\"tw-data-text tw-text-large tw-ta\" dir=\"ltr\" data-placeholder=\"Traduction\"><span class=\"Y2IQFc\" lang=\"es\">Tambi\u00e9n disponible para sincronizaci\u00f3n la aplicaci\u00f3n m\u00f3vil \"<strong><em>BRYTON ACTIVE<\/em><\/strong>\"\r\n\r\nPeso : 67g\r\nCompatibilidad con los sensores ANT+ y BLE ( cadencia, cardio, potentiometro biela o pedales...)  \r\nCompatibilidad con SMART TRAINER ( Rodillo)\r\nCompatibilidad con radar de bicicleta\r\nCompatibilidad con sesi\u00f3n de ejercicios TrainingPeaks\r\n\r\n<\/span><\/pre>","protected":false},"excerpt":{"rendered":"<p>El GPS BRYTON RIDER 420 E , tiene una pantalla de 2,3&#8243; para ver mejor los datos escritos en el GPS. La pantalla de alta calidad acoplada proporciona una lectura clara desde cualquier \u00e1ngulo y en cualquier entorno sin interferencias. Su sistema de localizaci\u00f3n GPS es ultrapreciso, Gracias a la compatibilidad con el Sistema Global [&hellip;]<\/p>\n","protected":false},"featured_media":11545,"comment_status":"closed","ping_status":"closed","template":"","meta":[],"product_brand":[],"product_cat":[205,85],"product_tag":[],"class_list":{"0":"post-11544","1":"product","2":"type-product","3":"status-publish","4":"has-post-thumbnail","6":"product_cat-gps","7":"product_cat-gps-cuentakilometro-reloj-gps","8":"product_shipping_class-no-bicicletas","10":"first","11":"instock","12":"sale","13":"shipping-taxable","14":"purchasable","15":"product-type-simple"},"yoast_head":"<!-- This site is optimized with the Yoast SEO plugin v27.6 - https:\/\/yoast.com\/product\/yoast-seo-wordpress\/ -->\n<title>GPS BRYTON RIDER 420 E | Tienda de bicicletas | VELOAXE<\/title>\n<meta name=\"description\" content=\"GPS BRYTON RIDER 420 E, en veloaxe.com por so\u0301lo 99,95 \u20ac. Toda la gama BRYTON est\u00e1 en nuestro sitio. Envi\u0301o GRATIS para compras superiores a 200\u20ac.\" \/>\n<meta name=\"robots\" content=\"index, follow, max-snippet:-1, max-image-preview:large, max-video-preview:-1\" \/>\n<link rel=\"canonical\" href=\"https:\/\/veloaxe.com\/fr\/produit\/gps-bryton-rider-420-e\/\" \/>\n<meta property=\"og:locale\" content=\"fr_FR\" \/>\n<meta property=\"og:type\" content=\"article\" \/>\n<meta property=\"og:title\" content=\"GPS BRYTON RIDER 420 E | Tienda de bicicletas | VELOAXE\" \/>\n<meta property=\"og:description\" content=\"GPS BRYTON RIDER 420 E, en veloaxe.com por so\u0301lo 99,95 \u20ac. Toda la gama BRYTON est\u00e1 en nuestro sitio. Envi\u0301o GRATIS para compras superiores a 200\u20ac.\" \/>\n<meta property=\"og:url\" content=\"https:\/\/veloaxe.com\/fr\/produit\/gps-bryton-rider-420-e\/\" \/>\n<meta property=\"og:site_name\" content=\"Tienda de bicicletas | VELOAXE\" \/>\n<meta property=\"article:publisher\" content=\"https:\/\/www.facebook.com\/veloaxe\" \/>\n<meta property=\"article:modified_time\" content=\"2025-08-25T16:44:09+00:00\" \/>\n<meta property=\"og:image\" content=\"https:\/\/veloaxe.com\/wp-content\/uploads\/2023\/06\/gps-rider-420-e.jpg\" \/>\n\t<meta property=\"og:image:width\" content=\"700\" \/>\n\t<meta property=\"og:image:height\" content=\"828\" \/>\n\t<meta property=\"og:image:type\" content=\"image\/jpeg\" \/>\n<meta name=\"twitter:card\" content=\"summary_large_image\" \/>\n<meta name=\"twitter:label1\" content=\"Dur\u00e9e de lecture estim\u00e9e\" \/>\n\t<meta name=\"twitter:data1\" content=\"2 minutes\" \/>\n<script type=\"application\/ld+json\" class=\"yoast-schema-graph\">{\"@context\":\"https:\\\/\\\/schema.org\",\"@graph\":[{\"@type\":\"WebPage\",\"@id\":\"https:\\\/\\\/veloaxe.com\\\/producto\\\/gps-bryton-rider-420-e\\\/\",\"url\":\"https:\\\/\\\/veloaxe.com\\\/producto\\\/gps-bryton-rider-420-e\\\/\",\"name\":\"GPS BRYTON RIDER 420 E | Tienda de bicicletas | VELOAXE\",\"isPartOf\":{\"@id\":\"https:\\\/\\\/veloaxe.com\\\/#website\"},\"primaryImageOfPage\":{\"@id\":\"https:\\\/\\\/veloaxe.com\\\/producto\\\/gps-bryton-rider-420-e\\\/#primaryimage\"},\"image\":{\"@id\":\"https:\\\/\\\/veloaxe.com\\\/producto\\\/gps-bryton-rider-420-e\\\/#primaryimage\"},\"thumbnailUrl\":\"https:\\\/\\\/veloaxe.com\\\/wp-content\\\/uploads\\\/2023\\\/06\\\/gps-rider-420-e.jpg\",\"datePublished\":\"2023-06-09T08:53:44+00:00\",\"dateModified\":\"2025-08-25T16:44:09+00:00\",\"description\":\"GPS BRYTON RIDER 420 E, en veloaxe.com por so\u0301lo 99,95 \u20ac. Toda la gama BRYTON est\u00e1 en nuestro sitio. Envi\u0301o GRATIS para compras superiores a 200\u20ac.\",\"breadcrumb\":{\"@id\":\"https:\\\/\\\/veloaxe.com\\\/producto\\\/gps-bryton-rider-420-e\\\/#breadcrumb\"},\"inLanguage\":\"fr-FR\",\"potentialAction\":[{\"@type\":\"ReadAction\",\"target\":[\"https:\\\/\\\/veloaxe.com\\\/producto\\\/gps-bryton-rider-420-e\\\/\"]}]},{\"@type\":\"ImageObject\",\"inLanguage\":\"fr-FR\",\"@id\":\"https:\\\/\\\/veloaxe.com\\\/producto\\\/gps-bryton-rider-420-e\\\/#primaryimage\",\"url\":\"https:\\\/\\\/veloaxe.com\\\/wp-content\\\/uploads\\\/2023\\\/06\\\/gps-rider-420-e.jpg\",\"contentUrl\":\"https:\\\/\\\/veloaxe.com\\\/wp-content\\\/uploads\\\/2023\\\/06\\\/gps-rider-420-e.jpg\",\"width\":700,\"height\":828,\"caption\":\"gps-bryton-rider-420-e\"},{\"@type\":\"BreadcrumbList\",\"@id\":\"https:\\\/\\\/veloaxe.com\\\/producto\\\/gps-bryton-rider-420-e\\\/#breadcrumb\",\"itemListElement\":[{\"@type\":\"ListItem\",\"position\":1,\"name\":\"Portada\",\"item\":\"https:\\\/\\\/veloaxe.com\\\/\"},{\"@type\":\"ListItem\",\"position\":2,\"name\":\"Shop\",\"item\":\"https:\\\/\\\/paleturquoise-herring-271034.hostingersite.com\\\/shop\\\/\"},{\"@type\":\"ListItem\",\"position\":3,\"name\":\"GPS BRYTON RIDER 420 E\"}]},{\"@type\":\"WebSite\",\"@id\":\"https:\\\/\\\/veloaxe.com\\\/#website\",\"url\":\"https:\\\/\\\/veloaxe.com\\\/\",\"name\":\"Tienda de bicicletas | VELOAXE\",\"description\":\"Descubre una amplia selecci\u00f3n de bicicletas de alta calidad, desde modelos urbanos y de monta\u00f1a hasta bicicletas de carretera de \u00faltima generaci\u00f3n. Con un servicio experto y accesorios especializados, estamos comprometidos a brindarte la mejor experiencia ciclista.\",\"publisher\":{\"@id\":\"https:\\\/\\\/veloaxe.com\\\/#organization\"},\"potentialAction\":[{\"@type\":\"SearchAction\",\"target\":{\"@type\":\"EntryPoint\",\"urlTemplate\":\"https:\\\/\\\/veloaxe.com\\\/?s={search_term_string}\"},\"query-input\":{\"@type\":\"PropertyValueSpecification\",\"valueRequired\":true,\"valueName\":\"search_term_string\"}}],\"inLanguage\":\"fr-FR\"},{\"@type\":\"Organization\",\"@id\":\"https:\\\/\\\/veloaxe.com\\\/#organization\",\"name\":\"Tienda de bicicletas | VELOAXE\",\"url\":\"https:\\\/\\\/veloaxe.com\\\/\",\"logo\":{\"@type\":\"ImageObject\",\"inLanguage\":\"fr-FR\",\"@id\":\"https:\\\/\\\/veloaxe.com\\\/#\\\/schema\\\/logo\\\/image\\\/\",\"url\":\"https:\\\/\\\/veloaxe.com\\\/wp-content\\\/uploads\\\/2026\\\/01\\\/cropped-logo-1.jpg\",\"contentUrl\":\"https:\\\/\\\/veloaxe.com\\\/wp-content\\\/uploads\\\/2026\\\/01\\\/cropped-logo-1.jpg\",\"width\":1273,\"height\":363,\"caption\":\"Tienda de bicicletas | VELOAXE\"},\"image\":{\"@id\":\"https:\\\/\\\/veloaxe.com\\\/#\\\/schema\\\/logo\\\/image\\\/\"},\"sameAs\":[\"https:\\\/\\\/www.facebook.com\\\/veloaxe\"]}]}<\/script>\n<!-- \/ Yoast SEO plugin. -->","yoast_head_json":{"title":"GPS BRYTON RIDER 420 E | Tienda de bicicletas | VELOAXE","description":"GPS BRYTON RIDER 420 E, en veloaxe.com por so\u0301lo 99,95 \u20ac. Toda la gama BRYTON est\u00e1 en nuestro sitio. Envi\u0301o GRATIS para compras superiores a 200\u20ac.","robots":{"index":"index","follow":"follow","max-snippet":"max-snippet:-1","max-image-preview":"max-image-preview:large","max-video-preview":"max-video-preview:-1"},"canonical":"https:\/\/veloaxe.com\/fr\/produit\/gps-bryton-rider-420-e\/","og_locale":"fr_FR","og_type":"article","og_title":"GPS BRYTON RIDER 420 E | Tienda de bicicletas | VELOAXE","og_description":"GPS BRYTON RIDER 420 E, en veloaxe.com por so\u0301lo 99,95 \u20ac. Toda la gama BRYTON est\u00e1 en nuestro sitio. Envi\u0301o GRATIS para compras superiores a 200\u20ac.","og_url":"https:\/\/veloaxe.com\/fr\/produit\/gps-bryton-rider-420-e\/","og_site_name":"Tienda de bicicletas | VELOAXE","article_publisher":"https:\/\/www.facebook.com\/veloaxe","article_modified_time":"2025-08-25T16:44:09+00:00","og_image":[{"width":700,"height":828,"url":"https:\/\/veloaxe.com\/wp-content\/uploads\/2023\/06\/gps-rider-420-e.jpg","type":"image\/jpeg"}],"twitter_card":"summary_large_image","twitter_misc":{"Dur\u00e9e de lecture estim\u00e9e":"2 minutes"},"schema":{"@context":"https:\/\/schema.org","@graph":[{"@type":"WebPage","@id":"https:\/\/veloaxe.com\/producto\/gps-bryton-rider-420-e\/","url":"https:\/\/veloaxe.com\/producto\/gps-bryton-rider-420-e\/","name":"GPS BRYTON RIDER 420 E | Tienda de bicicletas | VELOAXE","isPartOf":{"@id":"https:\/\/veloaxe.com\/#website"},"primaryImageOfPage":{"@id":"https:\/\/veloaxe.com\/producto\/gps-bryton-rider-420-e\/#primaryimage"},"image":{"@id":"https:\/\/veloaxe.com\/producto\/gps-bryton-rider-420-e\/#primaryimage"},"thumbnailUrl":"https:\/\/veloaxe.com\/wp-content\/uploads\/2023\/06\/gps-rider-420-e.jpg","datePublished":"2023-06-09T08:53:44+00:00","dateModified":"2025-08-25T16:44:09+00:00","description":"GPS BRYTON RIDER 420 E, en veloaxe.com por so\u0301lo 99,95 \u20ac. Toda la gama BRYTON est\u00e1 en nuestro sitio. Envi\u0301o GRATIS para compras superiores a 200\u20ac.","breadcrumb":{"@id":"https:\/\/veloaxe.com\/producto\/gps-bryton-rider-420-e\/#breadcrumb"},"inLanguage":"fr-FR","potentialAction":[{"@type":"ReadAction","target":["https:\/\/veloaxe.com\/producto\/gps-bryton-rider-420-e\/"]}]},{"@type":"ImageObject","inLanguage":"fr-FR","@id":"https:\/\/veloaxe.com\/producto\/gps-bryton-rider-420-e\/#primaryimage","url":"https:\/\/veloaxe.com\/wp-content\/uploads\/2023\/06\/gps-rider-420-e.jpg","contentUrl":"https:\/\/veloaxe.com\/wp-content\/uploads\/2023\/06\/gps-rider-420-e.jpg","width":700,"height":828,"caption":"gps-bryton-rider-420-e"},{"@type":"BreadcrumbList","@id":"https:\/\/veloaxe.com\/producto\/gps-bryton-rider-420-e\/#breadcrumb","itemListElement":[{"@type":"ListItem","position":1,"name":"Portada","item":"https:\/\/veloaxe.com\/"},{"@type":"ListItem","position":2,"name":"Shop","item":"https:\/\/paleturquoise-herring-271034.hostingersite.com\/shop\/"},{"@type":"ListItem","position":3,"name":"GPS BRYTON RIDER 420 E"}]},{"@type":"WebSite","@id":"https:\/\/veloaxe.com\/#website","url":"https:\/\/veloaxe.com\/","name":"Boutique de v\u00e9lo en ligne | VELOAXE","description":"Descubre una amplia selecci\u00f3n de bicicletas de alta calidad, desde modelos urbanos y de monta\u00f1a hasta bicicletas de carretera de \u00faltima generaci\u00f3n. Con un servicio experto y accesorios especializados, estamos comprometidos a brindarte la mejor experiencia ciclista.","publisher":{"@id":"https:\/\/veloaxe.com\/#organization"},"potentialAction":[{"@type":"SearchAction","target":{"@type":"EntryPoint","urlTemplate":"https:\/\/veloaxe.com\/?s={search_term_string}"},"query-input":{"@type":"PropertyValueSpecification","valueRequired":true,"valueName":"search_term_string"}}],"inLanguage":"fr-FR"},{"@type":"Organization","@id":"https:\/\/veloaxe.com\/#organization","name":"Boutique de v\u00e9lo en ligne | VELOAXE","url":"https:\/\/veloaxe.com\/","logo":{"@type":"ImageObject","inLanguage":"fr-FR","@id":"https:\/\/veloaxe.com\/#\/schema\/logo\/image\/","url":"https:\/\/veloaxe.com\/wp-content\/uploads\/2026\/01\/cropped-logo-1.jpg","contentUrl":"https:\/\/veloaxe.com\/wp-content\/uploads\/2026\/01\/cropped-logo-1.jpg","width":1273,"height":363,"caption":"Tienda de bicicletas | VELOAXE"},"image":{"@id":"https:\/\/veloaxe.com\/#\/schema\/logo\/image\/"},"sameAs":["https:\/\/www.facebook.com\/veloaxe"]}]}},"_links":{"self":[{"href":"https:\/\/veloaxe.com\/fr\/wp-json\/wp\/v2\/product\/11544","targetHints":{"allow":["GET"]}}],"collection":[{"href":"https:\/\/veloaxe.com\/fr\/wp-json\/wp\/v2\/product"}],"about":[{"href":"https:\/\/veloaxe.com\/fr\/wp-json\/wp\/v2\/types\/product"}],"replies":[{"embeddable":true,"href":"https:\/\/veloaxe.com\/fr\/wp-json\/wp\/v2\/comments?post=11544"}],"wp:featuredmedia":[{"embeddable":true,"href":"https:\/\/veloaxe.com\/fr\/wp-json\/wp\/v2\/media\/11545"}],"wp:attachment":[{"href":"https:\/\/veloaxe.com\/fr\/wp-json\/wp\/v2\/media?parent=11544"}],"wp:term":[{"taxonomy":"product_brand","embeddable":true,"href":"https:\/\/veloaxe.com\/fr\/wp-json\/wp\/v2\/product_brand?post=11544"},{"taxonomy":"product_cat","embeddable":true,"href":"https:\/\/veloaxe.com\/fr\/wp-json\/wp\/v2\/product_cat?post=11544"},{"taxonomy":"product_tag","embeddable":true,"href":"https:\/\/veloaxe.com\/fr\/wp-json\/wp\/v2\/product_tag?post=11544"}],"curies":[{"name":"wp","href":"https:\/\/api.w.org\/{rel}","templated":true}]}}