{"id":11579,"date":"2023-06-13T08:28:38","date_gmt":"2023-06-13T08:28:38","guid":{"rendered":"https:\/\/veloaxe.com\/?post_type=product&#038;p=11579"},"modified":"2025-08-25T08:00:57","modified_gmt":"2025-08-25T08:00:57","slug":"sensor-de-cadencia-bryton-ant-bluethooth","status":"publish","type":"product","link":"https:\/\/veloaxe.com\/fr\/produit\/sensor-de-cadencia-bryton-ant-bluethooth\/","title":{"rendered":"SENSOR DE CADENCIA BRYTON ANT+ \/ BLUETOOTH"},"content":{"rendered":"<p><strong>Sensor de cadencia BRYTON inteligente. <\/strong>El sensor de cadencia <strong>BRYTON<\/strong> inteligente se aplica a las tecnolog\u00edas <em><strong>ANT+ y Bluetooth<\/strong><\/em>. Transmite de forma inal\u00e1mbrica los datos de la cadencia a los equipos de ciclismo y a los tel\u00e9fonos inteligentes. Sin imanes ni otros tipos de piezas, es mucho m\u00e1s f\u00e1cil de instalar.<\/p>\n<p>Para : MTB &#8211; CARRETERA &#8211; GRAVEL &#8211; VAE<\/p>","protected":false},"excerpt":{"rendered":"<p>Sensor de cadencia BRYTON inteligente. El sensor de cadencia BRYTON inteligente se aplica a las tecnolog\u00edas ANT+ y Bluetooth. Transmite de forma inal\u00e1mbrica los datos de la cadencia a los equipos de ciclismo y a los tel\u00e9fonos inteligentes. Sin imanes ni otros tipos de piezas, es mucho m\u00e1s f\u00e1cil de instalar. Para : MTB &#8211; [&hellip;]<\/p>\n","protected":false},"featured_media":11580,"comment_status":"closed","ping_status":"closed","template":"","meta":[],"product_brand":[],"product_cat":[205,85],"product_tag":[],"class_list":{"0":"post-11579","1":"product","2":"type-product","3":"status-publish","4":"has-post-thumbnail","6":"product_cat-gps","7":"product_cat-gps-cuentakilometro-reloj-gps","8":"product_shipping_class-no-bicicletas","10":"first","11":"instock","12":"sale","13":"shipping-taxable","14":"purchasable","15":"product-type-simple"},"yoast_head":"<!-- This site is optimized with the Yoast SEO plugin v27.6 - https:\/\/yoast.com\/product\/yoast-seo-wordpress\/ -->\n<title>SENSOR DE CADENCIA BRYTON ANT+ \/ BLE | VELOAXE.COM<\/title>\n<meta name=\"description\" content=\"SENSOR DE CADENCIA BRYTON ANT+ \/ BLUETOOTH en veloaxe.com por so\u0301lo 33,49 \u20ac. Descubre toda la gama BRYTON. Envi\u0301o GRATIS para compras superiores a 200\u20ac.\" \/>\n<meta name=\"robots\" content=\"index, follow, max-snippet:-1, max-image-preview:large, max-video-preview:-1\" \/>\n<link rel=\"canonical\" href=\"https:\/\/veloaxe.com\/fr\/produit\/sensor-de-cadencia-bryton-ant-bluethooth\/\" \/>\n<meta property=\"og:locale\" content=\"fr_FR\" \/>\n<meta property=\"og:type\" content=\"article\" \/>\n<meta property=\"og:title\" content=\"SENSOR DE CADENCIA BRYTON ANT+ \/ BLE | VELOAXE.COM\" \/>\n<meta property=\"og:description\" content=\"SENSOR DE CADENCIA BRYTON ANT+ \/ BLUETOOTH en veloaxe.com por so\u0301lo 33,49 \u20ac. Descubre toda la gama BRYTON. Envi\u0301o GRATIS para compras superiores a 200\u20ac.\" \/>\n<meta property=\"og:url\" content=\"https:\/\/veloaxe.com\/fr\/produit\/sensor-de-cadencia-bryton-ant-bluethooth\/\" \/>\n<meta property=\"og:site_name\" content=\"Tienda de bicicletas | VELOAXE\" \/>\n<meta property=\"article:publisher\" content=\"https:\/\/www.facebook.com\/veloaxe\" \/>\n<meta property=\"article:modified_time\" content=\"2025-08-25T08:00:57+00:00\" \/>\n<meta property=\"og:image\" content=\"https:\/\/veloaxe.com\/wp-content\/uploads\/2023\/06\/sensor-cadencia-bryton.jpg\" \/>\n\t<meta property=\"og:image:width\" content=\"700\" \/>\n\t<meta property=\"og:image:height\" content=\"828\" \/>\n\t<meta property=\"og:image:type\" content=\"image\/jpeg\" \/>\n<meta name=\"twitter:card\" content=\"summary_large_image\" \/>\n<meta name=\"twitter:label1\" content=\"Dur\u00e9e de lecture estim\u00e9e\" \/>\n\t<meta name=\"twitter:data1\" content=\"1 minute\" \/>\n<script type=\"application\/ld+json\" class=\"yoast-schema-graph\">{\"@context\":\"https:\\\/\\\/schema.org\",\"@graph\":[{\"@type\":\"WebPage\",\"@id\":\"https:\\\/\\\/veloaxe.com\\\/producto\\\/sensor-de-cadencia-bryton-ant-bluethooth\\\/\",\"url\":\"https:\\\/\\\/veloaxe.com\\\/producto\\\/sensor-de-cadencia-bryton-ant-bluethooth\\\/\",\"name\":\"SENSOR DE CADENCIA BRYTON ANT+ \\\/ BLE | VELOAXE.COM\",\"isPartOf\":{\"@id\":\"https:\\\/\\\/veloaxe.com\\\/#website\"},\"primaryImageOfPage\":{\"@id\":\"https:\\\/\\\/veloaxe.com\\\/producto\\\/sensor-de-cadencia-bryton-ant-bluethooth\\\/#primaryimage\"},\"image\":{\"@id\":\"https:\\\/\\\/veloaxe.com\\\/producto\\\/sensor-de-cadencia-bryton-ant-bluethooth\\\/#primaryimage\"},\"thumbnailUrl\":\"https:\\\/\\\/veloaxe.com\\\/wp-content\\\/uploads\\\/2023\\\/06\\\/sensor-cadencia-bryton.jpg\",\"datePublished\":\"2023-06-13T08:28:38+00:00\",\"dateModified\":\"2025-08-25T08:00:57+00:00\",\"description\":\"SENSOR DE CADENCIA BRYTON ANT+ \\\/ BLUETOOTH en veloaxe.com por so\u0301lo 33,49 \u20ac. Descubre toda la gama BRYTON. Envi\u0301o GRATIS para compras superiores a 200\u20ac.\",\"breadcrumb\":{\"@id\":\"https:\\\/\\\/veloaxe.com\\\/producto\\\/sensor-de-cadencia-bryton-ant-bluethooth\\\/#breadcrumb\"},\"inLanguage\":\"fr-FR\",\"potentialAction\":[{\"@type\":\"ReadAction\",\"target\":[\"https:\\\/\\\/veloaxe.com\\\/producto\\\/sensor-de-cadencia-bryton-ant-bluethooth\\\/\"]}]},{\"@type\":\"ImageObject\",\"inLanguage\":\"fr-FR\",\"@id\":\"https:\\\/\\\/veloaxe.com\\\/producto\\\/sensor-de-cadencia-bryton-ant-bluethooth\\\/#primaryimage\",\"url\":\"https:\\\/\\\/veloaxe.com\\\/wp-content\\\/uploads\\\/2023\\\/06\\\/sensor-cadencia-bryton.jpg\",\"contentUrl\":\"https:\\\/\\\/veloaxe.com\\\/wp-content\\\/uploads\\\/2023\\\/06\\\/sensor-cadencia-bryton.jpg\",\"width\":700,\"height\":828,\"caption\":\"sensor-cadencia-bryton\"},{\"@type\":\"BreadcrumbList\",\"@id\":\"https:\\\/\\\/veloaxe.com\\\/producto\\\/sensor-de-cadencia-bryton-ant-bluethooth\\\/#breadcrumb\",\"itemListElement\":[{\"@type\":\"ListItem\",\"position\":1,\"name\":\"Portada\",\"item\":\"https:\\\/\\\/paleturquoise-herring-271034.hostingersite.com\\\/\"},{\"@type\":\"ListItem\",\"position\":2,\"name\":\"Shop\",\"item\":\"https:\\\/\\\/paleturquoise-herring-271034.hostingersite.com\\\/shop\\\/\"},{\"@type\":\"ListItem\",\"position\":3,\"name\":\"SENSOR DE CADENCIA BRYTON ANT+ \\\/ BLUETOOTH\"}]},{\"@type\":\"WebSite\",\"@id\":\"https:\\\/\\\/veloaxe.com\\\/#website\",\"url\":\"https:\\\/\\\/veloaxe.com\\\/\",\"name\":\"Tienda de bicicletas | VELOAXE\",\"description\":\"Descubre una amplia selecci\u00f3n de bicicletas de alta calidad, desde modelos urbanos y de monta\u00f1a hasta bicicletas de carretera de \u00faltima generaci\u00f3n. Con un servicio experto y accesorios especializados, estamos comprometidos a brindarte la mejor experiencia ciclista.\",\"publisher\":{\"@id\":\"https:\\\/\\\/veloaxe.com\\\/#organization\"},\"potentialAction\":[{\"@type\":\"SearchAction\",\"target\":{\"@type\":\"EntryPoint\",\"urlTemplate\":\"https:\\\/\\\/veloaxe.com\\\/?s={search_term_string}\"},\"query-input\":{\"@type\":\"PropertyValueSpecification\",\"valueRequired\":true,\"valueName\":\"search_term_string\"}}],\"inLanguage\":\"fr-FR\"},{\"@type\":\"Organization\",\"@id\":\"https:\\\/\\\/veloaxe.com\\\/#organization\",\"name\":\"Tienda de bicicletas | VELOAXE\",\"url\":\"https:\\\/\\\/veloaxe.com\\\/\",\"logo\":{\"@type\":\"ImageObject\",\"inLanguage\":\"fr-FR\",\"@id\":\"https:\\\/\\\/veloaxe.com\\\/#\\\/schema\\\/logo\\\/image\\\/\",\"url\":\"https:\\\/\\\/veloaxe.com\\\/wp-content\\\/uploads\\\/2026\\\/01\\\/cropped-logo-1.jpg\",\"contentUrl\":\"https:\\\/\\\/veloaxe.com\\\/wp-content\\\/uploads\\\/2026\\\/01\\\/cropped-logo-1.jpg\",\"width\":1273,\"height\":363,\"caption\":\"Tienda de bicicletas | VELOAXE\"},\"image\":{\"@id\":\"https:\\\/\\\/veloaxe.com\\\/#\\\/schema\\\/logo\\\/image\\\/\"},\"sameAs\":[\"https:\\\/\\\/www.facebook.com\\\/veloaxe\"]}]}<\/script>\n<!-- \/ Yoast SEO plugin. -->","yoast_head_json":{"title":"SENSOR DE CADENCIA BRYTON ANT+ \/ BLE | VELOAXE.COM","description":"SENSOR DE CADENCIA BRYTON ANT+ \/ BLUETOOTH en veloaxe.com por so\u0301lo 33,49 \u20ac. Descubre toda la gama BRYTON. Envi\u0301o GRATIS para compras superiores a 200\u20ac.","robots":{"index":"index","follow":"follow","max-snippet":"max-snippet:-1","max-image-preview":"max-image-preview:large","max-video-preview":"max-video-preview:-1"},"canonical":"https:\/\/veloaxe.com\/fr\/produit\/sensor-de-cadencia-bryton-ant-bluethooth\/","og_locale":"fr_FR","og_type":"article","og_title":"SENSOR DE CADENCIA BRYTON ANT+ \/ BLE | VELOAXE.COM","og_description":"SENSOR DE CADENCIA BRYTON ANT+ \/ BLUETOOTH en veloaxe.com por so\u0301lo 33,49 \u20ac. Descubre toda la gama BRYTON. Envi\u0301o GRATIS para compras superiores a 200\u20ac.","og_url":"https:\/\/veloaxe.com\/fr\/produit\/sensor-de-cadencia-bryton-ant-bluethooth\/","og_site_name":"Tienda de bicicletas | VELOAXE","article_publisher":"https:\/\/www.facebook.com\/veloaxe","article_modified_time":"2025-08-25T08:00:57+00:00","og_image":[{"width":700,"height":828,"url":"https:\/\/veloaxe.com\/wp-content\/uploads\/2023\/06\/sensor-cadencia-bryton.jpg","type":"image\/jpeg"}],"twitter_card":"summary_large_image","twitter_misc":{"Dur\u00e9e de lecture estim\u00e9e":"1 minute"},"schema":{"@context":"https:\/\/schema.org","@graph":[{"@type":"WebPage","@id":"https:\/\/veloaxe.com\/producto\/sensor-de-cadencia-bryton-ant-bluethooth\/","url":"https:\/\/veloaxe.com\/producto\/sensor-de-cadencia-bryton-ant-bluethooth\/","name":"SENSOR DE CADENCIA BRYTON ANT+ \/ BLE | VELOAXE.COM","isPartOf":{"@id":"https:\/\/veloaxe.com\/#website"},"primaryImageOfPage":{"@id":"https:\/\/veloaxe.com\/producto\/sensor-de-cadencia-bryton-ant-bluethooth\/#primaryimage"},"image":{"@id":"https:\/\/veloaxe.com\/producto\/sensor-de-cadencia-bryton-ant-bluethooth\/#primaryimage"},"thumbnailUrl":"https:\/\/veloaxe.com\/wp-content\/uploads\/2023\/06\/sensor-cadencia-bryton.jpg","datePublished":"2023-06-13T08:28:38+00:00","dateModified":"2025-08-25T08:00:57+00:00","description":"SENSOR DE CADENCIA BRYTON ANT+ \/ BLUETOOTH en veloaxe.com por so\u0301lo 33,49 \u20ac. Descubre toda la gama BRYTON. Envi\u0301o GRATIS para compras superiores a 200\u20ac.","breadcrumb":{"@id":"https:\/\/veloaxe.com\/producto\/sensor-de-cadencia-bryton-ant-bluethooth\/#breadcrumb"},"inLanguage":"fr-FR","potentialAction":[{"@type":"ReadAction","target":["https:\/\/veloaxe.com\/producto\/sensor-de-cadencia-bryton-ant-bluethooth\/"]}]},{"@type":"ImageObject","inLanguage":"fr-FR","@id":"https:\/\/veloaxe.com\/producto\/sensor-de-cadencia-bryton-ant-bluethooth\/#primaryimage","url":"https:\/\/veloaxe.com\/wp-content\/uploads\/2023\/06\/sensor-cadencia-bryton.jpg","contentUrl":"https:\/\/veloaxe.com\/wp-content\/uploads\/2023\/06\/sensor-cadencia-bryton.jpg","width":700,"height":828,"caption":"sensor-cadencia-bryton"},{"@type":"BreadcrumbList","@id":"https:\/\/veloaxe.com\/producto\/sensor-de-cadencia-bryton-ant-bluethooth\/#breadcrumb","itemListElement":[{"@type":"ListItem","position":1,"name":"Portada","item":"https:\/\/paleturquoise-herring-271034.hostingersite.com\/"},{"@type":"ListItem","position":2,"name":"Shop","item":"https:\/\/paleturquoise-herring-271034.hostingersite.com\/shop\/"},{"@type":"ListItem","position":3,"name":"SENSOR DE CADENCIA BRYTON ANT+ \/ BLUETOOTH"}]},{"@type":"WebSite","@id":"https:\/\/veloaxe.com\/#website","url":"https:\/\/veloaxe.com\/","name":"Boutique de v\u00e9lo en ligne | VELOAXE","description":"Descubre una amplia selecci\u00f3n de bicicletas de alta calidad, desde modelos urbanos y de monta\u00f1a hasta bicicletas de carretera de \u00faltima generaci\u00f3n. Con un servicio experto y accesorios especializados, estamos comprometidos a brindarte la mejor experiencia ciclista.","publisher":{"@id":"https:\/\/veloaxe.com\/#organization"},"potentialAction":[{"@type":"SearchAction","target":{"@type":"EntryPoint","urlTemplate":"https:\/\/veloaxe.com\/?s={search_term_string}"},"query-input":{"@type":"PropertyValueSpecification","valueRequired":true,"valueName":"search_term_string"}}],"inLanguage":"fr-FR"},{"@type":"Organization","@id":"https:\/\/veloaxe.com\/#organization","name":"Boutique de v\u00e9lo en ligne | VELOAXE","url":"https:\/\/veloaxe.com\/","logo":{"@type":"ImageObject","inLanguage":"fr-FR","@id":"https:\/\/veloaxe.com\/#\/schema\/logo\/image\/","url":"https:\/\/veloaxe.com\/wp-content\/uploads\/2026\/01\/cropped-logo-1.jpg","contentUrl":"https:\/\/veloaxe.com\/wp-content\/uploads\/2026\/01\/cropped-logo-1.jpg","width":1273,"height":363,"caption":"Tienda de bicicletas | VELOAXE"},"image":{"@id":"https:\/\/veloaxe.com\/#\/schema\/logo\/image\/"},"sameAs":["https:\/\/www.facebook.com\/veloaxe"]}]}},"_links":{"self":[{"href":"https:\/\/veloaxe.com\/fr\/wp-json\/wp\/v2\/product\/11579","targetHints":{"allow":["GET"]}}],"collection":[{"href":"https:\/\/veloaxe.com\/fr\/wp-json\/wp\/v2\/product"}],"about":[{"href":"https:\/\/veloaxe.com\/fr\/wp-json\/wp\/v2\/types\/product"}],"replies":[{"embeddable":true,"href":"https:\/\/veloaxe.com\/fr\/wp-json\/wp\/v2\/comments?post=11579"}],"wp:featuredmedia":[{"embeddable":true,"href":"https:\/\/veloaxe.com\/fr\/wp-json\/wp\/v2\/media\/11580"}],"wp:attachment":[{"href":"https:\/\/veloaxe.com\/fr\/wp-json\/wp\/v2\/media?parent=11579"}],"wp:term":[{"taxonomy":"product_brand","embeddable":true,"href":"https:\/\/veloaxe.com\/fr\/wp-json\/wp\/v2\/product_brand?post=11579"},{"taxonomy":"product_cat","embeddable":true,"href":"https:\/\/veloaxe.com\/fr\/wp-json\/wp\/v2\/product_cat?post=11579"},{"taxonomy":"product_tag","embeddable":true,"href":"https:\/\/veloaxe.com\/fr\/wp-json\/wp\/v2\/product_tag?post=11579"}],"curies":[{"name":"wp","href":"https:\/\/api.w.org\/{rel}","templated":true}]}}