{"id":11621,"date":"2023-06-14T08:24:06","date_gmt":"2023-06-14T08:24:06","guid":{"rendered":"https:\/\/veloaxe.com\/?post_type=product&#038;p=11621"},"modified":"2025-08-25T07:51:23","modified_gmt":"2025-08-25T07:51:23","slug":"soporte-gps-bryton-race","status":"publish","type":"product","link":"https:\/\/veloaxe.com\/fr\/produit\/soporte-gps-bryton-race\/","title":{"rendered":"SOPORTE GPS BRYTON RACE"},"content":{"rendered":"<p>El soporte <strong>GPS<\/strong> <strong>BRYTON RACE<\/strong> est\u00e1 dise\u00f1ado para ciclistas profesionales y SOLO est\u00e1 dise\u00f1ado para manillares Aero integrados. La calidad y la durabilidad son la elecci\u00f3n perfecta para sus computadoras de bicicleta con GPS de <strong>BRYTON<\/strong>. El soporte <strong>GPS Bryton RACE<\/strong> est\u00e1 dise\u00f1ado para ofrecer una vista de pantalla m\u00e1s natural que el soporte para bicicleta convencional. Tambi\u00e9n ayuda a reducir la resistencia al aire provocada por el aire durante las sesiones de ejercicios. El dise\u00f1o de aluminio CNC del soporte Race de Bryton es m\u00e1s avanzado y seguro que nunca. Nuestro objetivo es construir la actualizaci\u00f3n definitiva para los usuarios de <strong>BRYTON<\/strong>, y saber que ha bloqueado y colocado perfectamente su Bryton en la bicicleta.<\/p>\n<p>Para : MTB &#8211; CARRETERA &#8211; GRAVEL &#8211; VAE<\/p>","protected":false},"excerpt":{"rendered":"<p>El soporte GPS BRYTON RACE est\u00e1 dise\u00f1ado para ciclistas profesionales y SOLO est\u00e1 dise\u00f1ado para manillares Aero integrados. La calidad y la durabilidad son la elecci\u00f3n perfecta para sus computadoras de bicicleta con GPS de BRYTON. El soporte GPS Bryton RACE est\u00e1 dise\u00f1ado para ofrecer una vista de pantalla m\u00e1s natural que el soporte para [&hellip;]<\/p>\n","protected":false},"featured_media":11622,"comment_status":"closed","ping_status":"closed","template":"","meta":[],"product_brand":[],"product_cat":[205,85],"product_tag":[],"class_list":{"0":"post-11621","1":"product","2":"type-product","3":"status-publish","4":"has-post-thumbnail","6":"product_cat-gps","7":"product_cat-gps-cuentakilometro-reloj-gps","8":"product_shipping_class-no-bicicletas","10":"first","11":"instock","12":"sale","13":"shipping-taxable","14":"purchasable","15":"product-type-simple"},"yoast_head":"<!-- This site is optimized with the Yoast SEO plugin v27.6 - https:\/\/yoast.com\/product\/yoast-seo-wordpress\/ -->\n<title>SOPORTE GPS BRYTON RACE | VELOAXE.COM<\/title>\n<meta name=\"description\" content=\"SOPORTE GPS BRYTON RACE para manillar aero en veloaxe.com por so\u0301lo 33,49 \u20ac. Descubre toda la gama BRYTON al mejor precio.\" \/>\n<meta name=\"robots\" content=\"index, follow, max-snippet:-1, max-image-preview:large, max-video-preview:-1\" \/>\n<link rel=\"canonical\" href=\"https:\/\/veloaxe.com\/fr\/produit\/soporte-gps-bryton-race\/\" \/>\n<meta property=\"og:locale\" content=\"fr_FR\" \/>\n<meta property=\"og:type\" content=\"article\" \/>\n<meta property=\"og:title\" content=\"SOPORTE GPS BRYTON RACE | VELOAXE.COM\" \/>\n<meta property=\"og:description\" content=\"SOPORTE GPS BRYTON RACE para manillar aero en veloaxe.com por so\u0301lo 33,49 \u20ac. Descubre toda la gama BRYTON al mejor precio.\" \/>\n<meta property=\"og:url\" content=\"https:\/\/veloaxe.com\/fr\/produit\/soporte-gps-bryton-race\/\" \/>\n<meta property=\"og:site_name\" content=\"Tienda de bicicletas | VELOAXE\" \/>\n<meta property=\"article:publisher\" content=\"https:\/\/www.facebook.com\/veloaxe\" \/>\n<meta property=\"article:modified_time\" content=\"2025-08-25T07:51:23+00:00\" \/>\n<meta property=\"og:image\" content=\"https:\/\/veloaxe.com\/wp-content\/uploads\/2023\/06\/soporte-gps-bryton.jpg\" \/>\n\t<meta property=\"og:image:width\" content=\"700\" \/>\n\t<meta property=\"og:image:height\" content=\"828\" \/>\n\t<meta property=\"og:image:type\" content=\"image\/jpeg\" \/>\n<meta name=\"twitter:card\" content=\"summary_large_image\" \/>\n<meta name=\"twitter:label1\" content=\"Dur\u00e9e de lecture estim\u00e9e\" \/>\n\t<meta name=\"twitter:data1\" content=\"1 minute\" \/>\n<script type=\"application\/ld+json\" class=\"yoast-schema-graph\">{\"@context\":\"https:\\\/\\\/schema.org\",\"@graph\":[{\"@type\":\"WebPage\",\"@id\":\"https:\\\/\\\/veloaxe.com\\\/producto\\\/soporte-gps-bryton-race\\\/\",\"url\":\"https:\\\/\\\/veloaxe.com\\\/producto\\\/soporte-gps-bryton-race\\\/\",\"name\":\"SOPORTE GPS BRYTON RACE | VELOAXE.COM\",\"isPartOf\":{\"@id\":\"https:\\\/\\\/veloaxe.com\\\/#website\"},\"primaryImageOfPage\":{\"@id\":\"https:\\\/\\\/veloaxe.com\\\/producto\\\/soporte-gps-bryton-race\\\/#primaryimage\"},\"image\":{\"@id\":\"https:\\\/\\\/veloaxe.com\\\/producto\\\/soporte-gps-bryton-race\\\/#primaryimage\"},\"thumbnailUrl\":\"https:\\\/\\\/veloaxe.com\\\/wp-content\\\/uploads\\\/2023\\\/06\\\/soporte-gps-bryton.jpg\",\"datePublished\":\"2023-06-14T08:24:06+00:00\",\"dateModified\":\"2025-08-25T07:51:23+00:00\",\"description\":\"SOPORTE GPS BRYTON RACE para manillar aero en veloaxe.com por so\u0301lo 33,49 \u20ac. Descubre toda la gama BRYTON al mejor precio.\",\"breadcrumb\":{\"@id\":\"https:\\\/\\\/veloaxe.com\\\/producto\\\/soporte-gps-bryton-race\\\/#breadcrumb\"},\"inLanguage\":\"fr-FR\",\"potentialAction\":[{\"@type\":\"ReadAction\",\"target\":[\"https:\\\/\\\/veloaxe.com\\\/producto\\\/soporte-gps-bryton-race\\\/\"]}]},{\"@type\":\"ImageObject\",\"inLanguage\":\"fr-FR\",\"@id\":\"https:\\\/\\\/veloaxe.com\\\/producto\\\/soporte-gps-bryton-race\\\/#primaryimage\",\"url\":\"https:\\\/\\\/veloaxe.com\\\/wp-content\\\/uploads\\\/2023\\\/06\\\/soporte-gps-bryton.jpg\",\"contentUrl\":\"https:\\\/\\\/veloaxe.com\\\/wp-content\\\/uploads\\\/2023\\\/06\\\/soporte-gps-bryton.jpg\",\"width\":700,\"height\":828,\"caption\":\"soporte-gps-bryton\"},{\"@type\":\"BreadcrumbList\",\"@id\":\"https:\\\/\\\/veloaxe.com\\\/producto\\\/soporte-gps-bryton-race\\\/#breadcrumb\",\"itemListElement\":[{\"@type\":\"ListItem\",\"position\":1,\"name\":\"Portada\",\"item\":\"https:\\\/\\\/paleturquoise-herring-271034.hostingersite.com\\\/\"},{\"@type\":\"ListItem\",\"position\":2,\"name\":\"Shop\",\"item\":\"https:\\\/\\\/paleturquoise-herring-271034.hostingersite.com\\\/shop\\\/\"},{\"@type\":\"ListItem\",\"position\":3,\"name\":\"SOPORTE GPS BRYTON RACE\"}]},{\"@type\":\"WebSite\",\"@id\":\"https:\\\/\\\/veloaxe.com\\\/#website\",\"url\":\"https:\\\/\\\/veloaxe.com\\\/\",\"name\":\"Tienda de bicicletas | VELOAXE\",\"description\":\"Descubre una amplia selecci\u00f3n de bicicletas de alta calidad, desde modelos urbanos y de monta\u00f1a hasta bicicletas de carretera de \u00faltima generaci\u00f3n. Con un servicio experto y accesorios especializados, estamos comprometidos a brindarte la mejor experiencia ciclista.\",\"publisher\":{\"@id\":\"https:\\\/\\\/veloaxe.com\\\/#organization\"},\"potentialAction\":[{\"@type\":\"SearchAction\",\"target\":{\"@type\":\"EntryPoint\",\"urlTemplate\":\"https:\\\/\\\/veloaxe.com\\\/?s={search_term_string}\"},\"query-input\":{\"@type\":\"PropertyValueSpecification\",\"valueRequired\":true,\"valueName\":\"search_term_string\"}}],\"inLanguage\":\"fr-FR\"},{\"@type\":\"Organization\",\"@id\":\"https:\\\/\\\/veloaxe.com\\\/#organization\",\"name\":\"Tienda de bicicletas | VELOAXE\",\"url\":\"https:\\\/\\\/veloaxe.com\\\/\",\"logo\":{\"@type\":\"ImageObject\",\"inLanguage\":\"fr-FR\",\"@id\":\"https:\\\/\\\/veloaxe.com\\\/#\\\/schema\\\/logo\\\/image\\\/\",\"url\":\"https:\\\/\\\/veloaxe.com\\\/wp-content\\\/uploads\\\/2026\\\/01\\\/cropped-logo-1.jpg\",\"contentUrl\":\"https:\\\/\\\/veloaxe.com\\\/wp-content\\\/uploads\\\/2026\\\/01\\\/cropped-logo-1.jpg\",\"width\":1273,\"height\":363,\"caption\":\"Tienda de bicicletas | VELOAXE\"},\"image\":{\"@id\":\"https:\\\/\\\/veloaxe.com\\\/#\\\/schema\\\/logo\\\/image\\\/\"},\"sameAs\":[\"https:\\\/\\\/www.facebook.com\\\/veloaxe\"]}]}<\/script>\n<!-- \/ Yoast SEO plugin. -->","yoast_head_json":{"title":"SOPORTE GPS BRYTON RACE | VELOAXE.COM","description":"SOPORTE GPS BRYTON RACE para manillar aero en veloaxe.com por so\u0301lo 33,49 \u20ac. Descubre toda la gama BRYTON al mejor precio.","robots":{"index":"index","follow":"follow","max-snippet":"max-snippet:-1","max-image-preview":"max-image-preview:large","max-video-preview":"max-video-preview:-1"},"canonical":"https:\/\/veloaxe.com\/fr\/produit\/soporte-gps-bryton-race\/","og_locale":"fr_FR","og_type":"article","og_title":"SOPORTE GPS BRYTON RACE | VELOAXE.COM","og_description":"SOPORTE GPS BRYTON RACE para manillar aero en veloaxe.com por so\u0301lo 33,49 \u20ac. Descubre toda la gama BRYTON al mejor precio.","og_url":"https:\/\/veloaxe.com\/fr\/produit\/soporte-gps-bryton-race\/","og_site_name":"Tienda de bicicletas | VELOAXE","article_publisher":"https:\/\/www.facebook.com\/veloaxe","article_modified_time":"2025-08-25T07:51:23+00:00","og_image":[{"width":700,"height":828,"url":"https:\/\/veloaxe.com\/wp-content\/uploads\/2023\/06\/soporte-gps-bryton.jpg","type":"image\/jpeg"}],"twitter_card":"summary_large_image","twitter_misc":{"Dur\u00e9e de lecture estim\u00e9e":"1 minute"},"schema":{"@context":"https:\/\/schema.org","@graph":[{"@type":"WebPage","@id":"https:\/\/veloaxe.com\/producto\/soporte-gps-bryton-race\/","url":"https:\/\/veloaxe.com\/producto\/soporte-gps-bryton-race\/","name":"SOPORTE GPS BRYTON RACE | VELOAXE.COM","isPartOf":{"@id":"https:\/\/veloaxe.com\/#website"},"primaryImageOfPage":{"@id":"https:\/\/veloaxe.com\/producto\/soporte-gps-bryton-race\/#primaryimage"},"image":{"@id":"https:\/\/veloaxe.com\/producto\/soporte-gps-bryton-race\/#primaryimage"},"thumbnailUrl":"https:\/\/veloaxe.com\/wp-content\/uploads\/2023\/06\/soporte-gps-bryton.jpg","datePublished":"2023-06-14T08:24:06+00:00","dateModified":"2025-08-25T07:51:23+00:00","description":"SOPORTE GPS BRYTON RACE para manillar aero en veloaxe.com por so\u0301lo 33,49 \u20ac. Descubre toda la gama BRYTON al mejor precio.","breadcrumb":{"@id":"https:\/\/veloaxe.com\/producto\/soporte-gps-bryton-race\/#breadcrumb"},"inLanguage":"fr-FR","potentialAction":[{"@type":"ReadAction","target":["https:\/\/veloaxe.com\/producto\/soporte-gps-bryton-race\/"]}]},{"@type":"ImageObject","inLanguage":"fr-FR","@id":"https:\/\/veloaxe.com\/producto\/soporte-gps-bryton-race\/#primaryimage","url":"https:\/\/veloaxe.com\/wp-content\/uploads\/2023\/06\/soporte-gps-bryton.jpg","contentUrl":"https:\/\/veloaxe.com\/wp-content\/uploads\/2023\/06\/soporte-gps-bryton.jpg","width":700,"height":828,"caption":"soporte-gps-bryton"},{"@type":"BreadcrumbList","@id":"https:\/\/veloaxe.com\/producto\/soporte-gps-bryton-race\/#breadcrumb","itemListElement":[{"@type":"ListItem","position":1,"name":"Portada","item":"https:\/\/paleturquoise-herring-271034.hostingersite.com\/"},{"@type":"ListItem","position":2,"name":"Shop","item":"https:\/\/paleturquoise-herring-271034.hostingersite.com\/shop\/"},{"@type":"ListItem","position":3,"name":"SOPORTE GPS BRYTON RACE"}]},{"@type":"WebSite","@id":"https:\/\/veloaxe.com\/#website","url":"https:\/\/veloaxe.com\/","name":"Boutique de v\u00e9lo en ligne | VELOAXE","description":"Descubre una amplia selecci\u00f3n de bicicletas de alta calidad, desde modelos urbanos y de monta\u00f1a hasta bicicletas de carretera de \u00faltima generaci\u00f3n. Con un servicio experto y accesorios especializados, estamos comprometidos a brindarte la mejor experiencia ciclista.","publisher":{"@id":"https:\/\/veloaxe.com\/#organization"},"potentialAction":[{"@type":"SearchAction","target":{"@type":"EntryPoint","urlTemplate":"https:\/\/veloaxe.com\/?s={search_term_string}"},"query-input":{"@type":"PropertyValueSpecification","valueRequired":true,"valueName":"search_term_string"}}],"inLanguage":"fr-FR"},{"@type":"Organization","@id":"https:\/\/veloaxe.com\/#organization","name":"Boutique de v\u00e9lo en ligne | VELOAXE","url":"https:\/\/veloaxe.com\/","logo":{"@type":"ImageObject","inLanguage":"fr-FR","@id":"https:\/\/veloaxe.com\/#\/schema\/logo\/image\/","url":"https:\/\/veloaxe.com\/wp-content\/uploads\/2026\/01\/cropped-logo-1.jpg","contentUrl":"https:\/\/veloaxe.com\/wp-content\/uploads\/2026\/01\/cropped-logo-1.jpg","width":1273,"height":363,"caption":"Tienda de bicicletas | VELOAXE"},"image":{"@id":"https:\/\/veloaxe.com\/#\/schema\/logo\/image\/"},"sameAs":["https:\/\/www.facebook.com\/veloaxe"]}]}},"_links":{"self":[{"href":"https:\/\/veloaxe.com\/fr\/wp-json\/wp\/v2\/product\/11621","targetHints":{"allow":["GET"]}}],"collection":[{"href":"https:\/\/veloaxe.com\/fr\/wp-json\/wp\/v2\/product"}],"about":[{"href":"https:\/\/veloaxe.com\/fr\/wp-json\/wp\/v2\/types\/product"}],"replies":[{"embeddable":true,"href":"https:\/\/veloaxe.com\/fr\/wp-json\/wp\/v2\/comments?post=11621"}],"wp:featuredmedia":[{"embeddable":true,"href":"https:\/\/veloaxe.com\/fr\/wp-json\/wp\/v2\/media\/11622"}],"wp:attachment":[{"href":"https:\/\/veloaxe.com\/fr\/wp-json\/wp\/v2\/media?parent=11621"}],"wp:term":[{"taxonomy":"product_brand","embeddable":true,"href":"https:\/\/veloaxe.com\/fr\/wp-json\/wp\/v2\/product_brand?post=11621"},{"taxonomy":"product_cat","embeddable":true,"href":"https:\/\/veloaxe.com\/fr\/wp-json\/wp\/v2\/product_cat?post=11621"},{"taxonomy":"product_tag","embeddable":true,"href":"https:\/\/veloaxe.com\/fr\/wp-json\/wp\/v2\/product_tag?post=11621"}],"curies":[{"name":"wp","href":"https:\/\/api.w.org\/{rel}","templated":true}]}}