{"id":11958,"date":"2023-09-10T12:18:03","date_gmt":"2023-09-10T12:18:03","guid":{"rendered":"https:\/\/veloaxe.com\/?post_type=product&#038;p=11958"},"modified":"2025-12-18T10:43:33","modified_gmt":"2025-12-18T10:43:33","slug":"sensa-giulia-gf-2026-shimano-105-di2-12v-rojo","status":"publish","type":"product","link":"https:\/\/veloaxe.com\/fr\/produit\/sensa-giulia-gf-2026-shimano-105-di2-12v-rojo\/","title":{"rendered":"SENSA GIULIA GF 2026 &#8211; SHIMANO 105 DI2 12v &#8211; Rojo"},"content":{"rendered":"<p>La nueva bicicleta de carretera <strong>SENSA GIULIA GF 2026<\/strong>\u00a0es la bicicleta m\u00e1s c\u00f3moda y vers\u00e1til de la marca. Eficaz en carretera, grava o adoquines, esta bicicleta te permitir\u00e1 ir r\u00e1pidamente en todo tipo de superficies. La <strong>SENSA GIULIA GF<\/strong> es adecuada para ciclistas de todos los niveles capaces de ganar carreras o para aquellos que deseen realizar largas salidas con amigos. Es una bicicleta ultravers\u00e1til en su funcionalidad. Enrutamiento de cables interno, posible montaje DI2, tija de sill\u00edn no integrada, cuadro dise\u00f1ado para acomodar neum\u00e1ticos m\u00e1s anchos.<\/p>\n<p>En resumen, la nueva <strong>SENSA GIULIA GF 2026<\/strong>\u00a0es m\u00e1s ligera, m\u00e1s r\u00e1pida y m\u00e1s precisa para un pedaleo m\u00e1s eficiente. \u00bfQuieres la mejor bicicleta del momento? <em><strong>AQU\u00cd LO TIENES<\/strong><\/em> !<\/p>\n<p>CUADRO : GENERATION 5 FULL CARBONE &#8211; ESP MOULDING &#8211; CFD OPTIMIZED (970grs)<\/p>\n<p>HORQUILLA : SUPRA FULL CARBON MONOCOQUE &#8211; AIRFLOW 2 (355grs)<\/p>\n<p>TIJA DE SILLIN : SUPRA RACE LINE CARBONE EVO<\/p>\n<p>SILLIN : SELLE ITALIA MODEL X<\/p>\n<p>MANILLAR : <strong>SUPRA SPEED LINE ALU<\/strong><\/p>\n<p>POTENCIA : <strong>SUPRA SPEED LINE ALU<\/strong><\/p>\n<p>MANETAS : SHIMANO 105 DI2 DISC R7170<\/p>\n<p>FRENOS : SHIMANO 105 HIDRAULICO<\/p>\n<p>DESVIADOR DELANTERO : SHIMANO 105 DI2 R7170<\/p>\n<p>CAMBIO TRASERO : SHIMANO 105 DI2 R7170<\/p>\n<p>BIELA : SHIMANO 105 R7170 (50&#215;34)<\/p>\n<p>CASSETTE : SHIMANO 105 R7170 11&#215;34<\/p>\n<p>RUEDAS : <strong>SUPRA RA PRO DISC (1800 grs)<\/strong><\/p>\n<p>CUBIERTAS : VITTORIA RUBINO PRO 700&#215;28<\/p>\n<p><em>FOTO NO CONTRACTUAL<\/em><\/p>\n<p><strong>DISPONIBLE FULL OPTION con ruedas y manillar carbono :\u00a0<\/strong><\/p>","protected":false},"excerpt":{"rendered":"<p>La nueva bicicleta de carretera SENSA GIULIA GF 2026\u00a0es la bicicleta m\u00e1s c\u00f3moda y vers\u00e1til de la marca. Eficaz en carretera, grava o adoquines, esta bicicleta te permitir\u00e1 ir r\u00e1pidamente en todo tipo de superficies. La SENSA GIULIA GF es adecuada para ciclistas de todos los niveles capaces de ganar carreras o para aquellos que [&hellip;]<\/p>\n","protected":false},"featured_media":20336,"comment_status":"closed","ping_status":"closed","template":"","meta":[],"product_brand":[],"product_cat":[126,17,16],"product_tag":[],"class_list":{"0":"post-11958","1":"product","2":"type-product","3":"status-publish","4":"has-post-thumbnail","6":"product_cat-bicicleta-de-carbono","7":"product_cat-bicicletas-completas-de-carretera","8":"product_cat-carretera-gravel-bicicletas","9":"product_shipping_class-bicicletas","11":"first","12":"instock","13":"sale","14":"shipping-taxable","15":"purchasable","16":"product-type-variable"},"yoast_head":"<!-- This site is optimized with the Yoast SEO plugin v27.6 - https:\/\/yoast.com\/product\/yoast-seo-wordpress\/ -->\n<title>SENSA GIULIA GF 2026 SHIMANO 105 DI2 - VELOAXE.COM<\/title>\n<meta name=\"description\" content=\"SENSA GIULIA GF 2026 SHIMANO 105 DI2 - est\u00e1n disponibles en nuestro sitio desde 2999 euros. Facilidad de pago hasta 12x en nuestro sitio.\" \/>\n<meta name=\"robots\" content=\"index, follow, max-snippet:-1, max-image-preview:large, max-video-preview:-1\" \/>\n<link rel=\"canonical\" href=\"https:\/\/paleturquoise-herring-271034.hostingersite.com\/producto\/sensa-giulia-gf-2026-shimano-105-di2-12v-rojo\/\" \/>\n<meta property=\"og:locale\" content=\"fr_FR\" \/>\n<meta property=\"og:type\" content=\"article\" \/>\n<meta property=\"og:title\" content=\"SENSA GIULIA GF 2026 SHIMANO 105 DI2 - VELOAXE.COM\" \/>\n<meta property=\"og:description\" content=\"SENSA GIULIA GF 2026 SHIMANO 105 DI2 - est\u00e1n disponibles en nuestro sitio desde 2999 euros. Facilidad de pago hasta 12x en nuestro sitio.\" \/>\n<meta property=\"og:url\" content=\"https:\/\/paleturquoise-herring-271034.hostingersite.com\/producto\/sensa-giulia-gf-2026-shimano-105-di2-12v-rojo\/\" \/>\n<meta property=\"og:site_name\" content=\"Tienda de bicicletas | VELOAXE\" \/>\n<meta property=\"article:publisher\" content=\"https:\/\/www.facebook.com\/veloaxe\" \/>\n<meta property=\"article:modified_time\" content=\"2025-12-18T10:43:33+00:00\" \/>\n<meta property=\"og:image\" content=\"https:\/\/paleturquoise-herring-271034.hostingersite.com\/wp-content\/uploads\/2023\/09\/Sensa-Giulia-GF-Rojo-2026-scaled.jpg\" \/>\n\t<meta property=\"og:image:width\" content=\"2560\" \/>\n\t<meta property=\"og:image:height\" content=\"1669\" \/>\n\t<meta property=\"og:image:type\" content=\"image\/jpeg\" \/>\n<meta name=\"twitter:card\" content=\"summary_large_image\" \/>\n<meta name=\"twitter:label1\" content=\"Dur\u00e9e de lecture estim\u00e9e\" \/>\n\t<meta name=\"twitter:data1\" content=\"2 minutes\" \/>\n<script type=\"application\/ld+json\" class=\"yoast-schema-graph\">{\"@context\":\"https:\\\/\\\/schema.org\",\"@graph\":[{\"@type\":\"WebPage\",\"@id\":\"https:\\\/\\\/paleturquoise-herring-271034.hostingersite.com\\\/producto\\\/sensa-giulia-gf-2026-shimano-105-di2-12v-rojo\\\/\",\"url\":\"https:\\\/\\\/paleturquoise-herring-271034.hostingersite.com\\\/producto\\\/sensa-giulia-gf-2026-shimano-105-di2-12v-rojo\\\/\",\"name\":\"SENSA GIULIA GF 2026 SHIMANO 105 DI2 - VELOAXE.COM\",\"isPartOf\":{\"@id\":\"https:\\\/\\\/veloaxe.com\\\/#website\"},\"primaryImageOfPage\":{\"@id\":\"https:\\\/\\\/paleturquoise-herring-271034.hostingersite.com\\\/producto\\\/sensa-giulia-gf-2026-shimano-105-di2-12v-rojo\\\/#primaryimage\"},\"image\":{\"@id\":\"https:\\\/\\\/paleturquoise-herring-271034.hostingersite.com\\\/producto\\\/sensa-giulia-gf-2026-shimano-105-di2-12v-rojo\\\/#primaryimage\"},\"thumbnailUrl\":\"https:\\\/\\\/veloaxe.com\\\/wp-content\\\/uploads\\\/2023\\\/09\\\/Sensa-Giulia-GF-Rojo-2026-scaled.jpg\",\"datePublished\":\"2023-09-10T12:18:03+00:00\",\"dateModified\":\"2025-12-18T10:43:33+00:00\",\"description\":\"SENSA GIULIA GF 2026 SHIMANO 105 DI2 - est\u00e1n disponibles en nuestro sitio desde 2999 euros. Facilidad de pago hasta 12x en nuestro sitio.\",\"breadcrumb\":{\"@id\":\"https:\\\/\\\/paleturquoise-herring-271034.hostingersite.com\\\/producto\\\/sensa-giulia-gf-2026-shimano-105-di2-12v-rojo\\\/#breadcrumb\"},\"inLanguage\":\"fr-FR\",\"potentialAction\":[{\"@type\":\"ReadAction\",\"target\":[\"https:\\\/\\\/paleturquoise-herring-271034.hostingersite.com\\\/producto\\\/sensa-giulia-gf-2026-shimano-105-di2-12v-rojo\\\/\"]}]},{\"@type\":\"ImageObject\",\"inLanguage\":\"fr-FR\",\"@id\":\"https:\\\/\\\/paleturquoise-herring-271034.hostingersite.com\\\/producto\\\/sensa-giulia-gf-2026-shimano-105-di2-12v-rojo\\\/#primaryimage\",\"url\":\"https:\\\/\\\/veloaxe.com\\\/wp-content\\\/uploads\\\/2023\\\/09\\\/Sensa-Giulia-GF-Rojo-2026-scaled.jpg\",\"contentUrl\":\"https:\\\/\\\/veloaxe.com\\\/wp-content\\\/uploads\\\/2023\\\/09\\\/Sensa-Giulia-GF-Rojo-2026-scaled.jpg\",\"width\":2560,\"height\":1669,\"caption\":\"Sensa-Giulia-GF-Rojo-2026\"},{\"@type\":\"BreadcrumbList\",\"@id\":\"https:\\\/\\\/paleturquoise-herring-271034.hostingersite.com\\\/producto\\\/sensa-giulia-gf-2026-shimano-105-di2-12v-rojo\\\/#breadcrumb\",\"itemListElement\":[{\"@type\":\"ListItem\",\"position\":1,\"name\":\"Portada\",\"item\":\"https:\\\/\\\/paleturquoise-herring-271034.hostingersite.com\\\/\"},{\"@type\":\"ListItem\",\"position\":2,\"name\":\"Shop\",\"item\":\"https:\\\/\\\/paleturquoise-herring-271034.hostingersite.com\\\/shop\\\/\"},{\"@type\":\"ListItem\",\"position\":3,\"name\":\"SENSA GIULIA GF 2026 &#8211; SHIMANO 105 DI2 12v &#8211; Rojo\"}]},{\"@type\":\"WebSite\",\"@id\":\"https:\\\/\\\/veloaxe.com\\\/#website\",\"url\":\"https:\\\/\\\/veloaxe.com\\\/\",\"name\":\"Tienda de bicicletas | VELOAXE\",\"description\":\"Descubre una amplia selecci\u00f3n de bicicletas de alta calidad, desde modelos urbanos y de monta\u00f1a hasta bicicletas de carretera de \u00faltima generaci\u00f3n. Con un servicio experto y accesorios especializados, estamos comprometidos a brindarte la mejor experiencia ciclista.\",\"publisher\":{\"@id\":\"https:\\\/\\\/veloaxe.com\\\/#organization\"},\"potentialAction\":[{\"@type\":\"SearchAction\",\"target\":{\"@type\":\"EntryPoint\",\"urlTemplate\":\"https:\\\/\\\/veloaxe.com\\\/?s={search_term_string}\"},\"query-input\":{\"@type\":\"PropertyValueSpecification\",\"valueRequired\":true,\"valueName\":\"search_term_string\"}}],\"inLanguage\":\"fr-FR\"},{\"@type\":\"Organization\",\"@id\":\"https:\\\/\\\/veloaxe.com\\\/#organization\",\"name\":\"Tienda de bicicletas | VELOAXE\",\"url\":\"https:\\\/\\\/veloaxe.com\\\/\",\"logo\":{\"@type\":\"ImageObject\",\"inLanguage\":\"fr-FR\",\"@id\":\"https:\\\/\\\/veloaxe.com\\\/#\\\/schema\\\/logo\\\/image\\\/\",\"url\":\"https:\\\/\\\/veloaxe.com\\\/wp-content\\\/uploads\\\/2026\\\/01\\\/cropped-logo-1.jpg\",\"contentUrl\":\"https:\\\/\\\/veloaxe.com\\\/wp-content\\\/uploads\\\/2026\\\/01\\\/cropped-logo-1.jpg\",\"width\":1273,\"height\":363,\"caption\":\"Tienda de bicicletas | VELOAXE\"},\"image\":{\"@id\":\"https:\\\/\\\/veloaxe.com\\\/#\\\/schema\\\/logo\\\/image\\\/\"},\"sameAs\":[\"https:\\\/\\\/www.facebook.com\\\/veloaxe\"]}]}<\/script>\n<!-- \/ Yoast SEO plugin. -->","yoast_head_json":{"title":"SENSA GIULIA GF 2026 SHIMANO 105 DI2 - VELOAXE.COM","description":"SENSA GIULIA GF 2026 SHIMANO 105 DI2 - est\u00e1n disponibles en nuestro sitio desde 2999 euros. Facilidad de pago hasta 12x en nuestro sitio.","robots":{"index":"index","follow":"follow","max-snippet":"max-snippet:-1","max-image-preview":"max-image-preview:large","max-video-preview":"max-video-preview:-1"},"canonical":"https:\/\/paleturquoise-herring-271034.hostingersite.com\/producto\/sensa-giulia-gf-2026-shimano-105-di2-12v-rojo\/","og_locale":"fr_FR","og_type":"article","og_title":"SENSA GIULIA GF 2026 SHIMANO 105 DI2 - VELOAXE.COM","og_description":"SENSA GIULIA GF 2026 SHIMANO 105 DI2 - est\u00e1n disponibles en nuestro sitio desde 2999 euros. Facilidad de pago hasta 12x en nuestro sitio.","og_url":"https:\/\/paleturquoise-herring-271034.hostingersite.com\/producto\/sensa-giulia-gf-2026-shimano-105-di2-12v-rojo\/","og_site_name":"Tienda de bicicletas | VELOAXE","article_publisher":"https:\/\/www.facebook.com\/veloaxe","article_modified_time":"2025-12-18T10:43:33+00:00","og_image":[{"width":2560,"height":1669,"url":"https:\/\/paleturquoise-herring-271034.hostingersite.com\/wp-content\/uploads\/2023\/09\/Sensa-Giulia-GF-Rojo-2026-scaled.jpg","type":"image\/jpeg"}],"twitter_card":"summary_large_image","twitter_misc":{"Dur\u00e9e de lecture estim\u00e9e":"2 minutes"},"schema":{"@context":"https:\/\/schema.org","@graph":[{"@type":"WebPage","@id":"https:\/\/paleturquoise-herring-271034.hostingersite.com\/producto\/sensa-giulia-gf-2026-shimano-105-di2-12v-rojo\/","url":"https:\/\/paleturquoise-herring-271034.hostingersite.com\/producto\/sensa-giulia-gf-2026-shimano-105-di2-12v-rojo\/","name":"SENSA GIULIA GF 2026 SHIMANO 105 DI2 - VELOAXE.COM","isPartOf":{"@id":"https:\/\/veloaxe.com\/#website"},"primaryImageOfPage":{"@id":"https:\/\/paleturquoise-herring-271034.hostingersite.com\/producto\/sensa-giulia-gf-2026-shimano-105-di2-12v-rojo\/#primaryimage"},"image":{"@id":"https:\/\/paleturquoise-herring-271034.hostingersite.com\/producto\/sensa-giulia-gf-2026-shimano-105-di2-12v-rojo\/#primaryimage"},"thumbnailUrl":"https:\/\/veloaxe.com\/wp-content\/uploads\/2023\/09\/Sensa-Giulia-GF-Rojo-2026-scaled.jpg","datePublished":"2023-09-10T12:18:03+00:00","dateModified":"2025-12-18T10:43:33+00:00","description":"SENSA GIULIA GF 2026 SHIMANO 105 DI2 - est\u00e1n disponibles en nuestro sitio desde 2999 euros. Facilidad de pago hasta 12x en nuestro sitio.","breadcrumb":{"@id":"https:\/\/paleturquoise-herring-271034.hostingersite.com\/producto\/sensa-giulia-gf-2026-shimano-105-di2-12v-rojo\/#breadcrumb"},"inLanguage":"fr-FR","potentialAction":[{"@type":"ReadAction","target":["https:\/\/paleturquoise-herring-271034.hostingersite.com\/producto\/sensa-giulia-gf-2026-shimano-105-di2-12v-rojo\/"]}]},{"@type":"ImageObject","inLanguage":"fr-FR","@id":"https:\/\/paleturquoise-herring-271034.hostingersite.com\/producto\/sensa-giulia-gf-2026-shimano-105-di2-12v-rojo\/#primaryimage","url":"https:\/\/veloaxe.com\/wp-content\/uploads\/2023\/09\/Sensa-Giulia-GF-Rojo-2026-scaled.jpg","contentUrl":"https:\/\/veloaxe.com\/wp-content\/uploads\/2023\/09\/Sensa-Giulia-GF-Rojo-2026-scaled.jpg","width":2560,"height":1669,"caption":"Sensa-Giulia-GF-Rojo-2026"},{"@type":"BreadcrumbList","@id":"https:\/\/paleturquoise-herring-271034.hostingersite.com\/producto\/sensa-giulia-gf-2026-shimano-105-di2-12v-rojo\/#breadcrumb","itemListElement":[{"@type":"ListItem","position":1,"name":"Portada","item":"https:\/\/paleturquoise-herring-271034.hostingersite.com\/"},{"@type":"ListItem","position":2,"name":"Shop","item":"https:\/\/paleturquoise-herring-271034.hostingersite.com\/shop\/"},{"@type":"ListItem","position":3,"name":"SENSA GIULIA GF 2026 &#8211; SHIMANO 105 DI2 12v &#8211; Rojo"}]},{"@type":"WebSite","@id":"https:\/\/veloaxe.com\/#website","url":"https:\/\/veloaxe.com\/","name":"Boutique de v\u00e9lo en ligne | VELOAXE","description":"Descubre una amplia selecci\u00f3n de bicicletas de alta calidad, desde modelos urbanos y de monta\u00f1a hasta bicicletas de carretera de \u00faltima generaci\u00f3n. Con un servicio experto y accesorios especializados, estamos comprometidos a brindarte la mejor experiencia ciclista.","publisher":{"@id":"https:\/\/veloaxe.com\/#organization"},"potentialAction":[{"@type":"SearchAction","target":{"@type":"EntryPoint","urlTemplate":"https:\/\/veloaxe.com\/?s={search_term_string}"},"query-input":{"@type":"PropertyValueSpecification","valueRequired":true,"valueName":"search_term_string"}}],"inLanguage":"fr-FR"},{"@type":"Organization","@id":"https:\/\/veloaxe.com\/#organization","name":"Boutique de v\u00e9lo en ligne | VELOAXE","url":"https:\/\/veloaxe.com\/","logo":{"@type":"ImageObject","inLanguage":"fr-FR","@id":"https:\/\/veloaxe.com\/#\/schema\/logo\/image\/","url":"https:\/\/veloaxe.com\/wp-content\/uploads\/2026\/01\/cropped-logo-1.jpg","contentUrl":"https:\/\/veloaxe.com\/wp-content\/uploads\/2026\/01\/cropped-logo-1.jpg","width":1273,"height":363,"caption":"Tienda de bicicletas | VELOAXE"},"image":{"@id":"https:\/\/veloaxe.com\/#\/schema\/logo\/image\/"},"sameAs":["https:\/\/www.facebook.com\/veloaxe"]}]}},"_links":{"self":[{"href":"https:\/\/veloaxe.com\/fr\/wp-json\/wp\/v2\/product\/11958","targetHints":{"allow":["GET"]}}],"collection":[{"href":"https:\/\/veloaxe.com\/fr\/wp-json\/wp\/v2\/product"}],"about":[{"href":"https:\/\/veloaxe.com\/fr\/wp-json\/wp\/v2\/types\/product"}],"replies":[{"embeddable":true,"href":"https:\/\/veloaxe.com\/fr\/wp-json\/wp\/v2\/comments?post=11958"}],"wp:featuredmedia":[{"embeddable":true,"href":"https:\/\/veloaxe.com\/fr\/wp-json\/wp\/v2\/media\/20336"}],"wp:attachment":[{"href":"https:\/\/veloaxe.com\/fr\/wp-json\/wp\/v2\/media?parent=11958"}],"wp:term":[{"taxonomy":"product_brand","embeddable":true,"href":"https:\/\/veloaxe.com\/fr\/wp-json\/wp\/v2\/product_brand?post=11958"},{"taxonomy":"product_cat","embeddable":true,"href":"https:\/\/veloaxe.com\/fr\/wp-json\/wp\/v2\/product_cat?post=11958"},{"taxonomy":"product_tag","embeddable":true,"href":"https:\/\/veloaxe.com\/fr\/wp-json\/wp\/v2\/product_tag?post=11958"}],"curies":[{"name":"wp","href":"https:\/\/api.w.org\/{rel}","templated":true}]}}