{"id":12365,"date":"2023-09-29T08:55:24","date_gmt":"2023-09-29T08:55:24","guid":{"rendered":"https:\/\/veloaxe.com\/?post_type=product&#038;p=12365"},"modified":"2025-08-21T07:12:45","modified_gmt":"2025-08-21T07:12:45","slug":"cambio-mtb-sram-xx1-eagle-12v","status":"publish","type":"product","link":"https:\/\/veloaxe.com\/fr\/produit\/cambio-mtb-sram-xx1-eagle-12v\/","title":{"rendered":"CAMBIO MTB SRAM XX1 EAGLE 12v"},"content":{"rendered":"<p>El nuevo cambio trasero <strong>SRAM XX1 EAGLE 12v <\/strong>est\u00e1 dise\u00f1ado para transmisiones de <strong>12v<\/strong> velocidades. Permite cambios de marcha suaves y precisos sin tirones. El desviador <strong>SRAM XX1 EAGLE 12v<\/strong> es compatible con transmisiones de <strong>12v. <\/strong>El nuevo cambio trasero <strong>SRAM XX1 EAGLE<\/strong> tiene un nuevo dise\u00f1o de la caja que mejora la gesti\u00f3n de la cadena. Dise\u00f1ado para funcionar con los nuevos cassettes EAGLE 10-52, tambi\u00e9n funciona con los antiguos 10-50, dando al ciclista opci\u00f3n a elegir.<\/p>\n<p>12 velocidades.<br \/>\nCantidad m\u00e1xima dientes admitidos: 52.<br \/>\nColor: Gris Lunar.<br \/>\nPeso: 264 g.<\/p>","protected":false},"excerpt":{"rendered":"<p>El nuevo cambio trasero SRAM XX1 EAGLE 12v est\u00e1 dise\u00f1ado para transmisiones de 12v velocidades. Permite cambios de marcha suaves y precisos sin tirones. El desviador SRAM XX1 EAGLE 12v es compatible con transmisiones de 12v. El nuevo cambio trasero SRAM XX1 EAGLE tiene un nuevo dise\u00f1o de la caja que mejora la gesti\u00f3n de [&hellip;]<\/p>\n","protected":false},"featured_media":12366,"comment_status":"closed","ping_status":"closed","template":"","meta":[],"product_brand":[],"product_cat":[46,206,55],"product_tag":[],"class_list":{"0":"post-12365","1":"product","2":"type-product","3":"status-publish","4":"has-post-thumbnail","6":"product_cat-btt-bicicleta-de-montana","7":"product_cat-cambio-mtb","8":"product_cat-transmision-para-bicicleta-de-montana","9":"product_shipping_class-no-bicicletas","11":"first","12":"instock","13":"sale","14":"shipping-taxable","15":"purchasable","16":"product-type-simple"},"yoast_head":"<!-- This site is optimized with the Yoast SEO plugin v27.6 - https:\/\/yoast.com\/product\/yoast-seo-wordpress\/ -->\n<title>CAMBIO MTB SRAM XX1 EAGLE 12v | VELOAXE.COM<\/title>\n<meta name=\"description\" content=\"CAMBIO MTB SRAM XX1 EAGLE 12v - \u00bfNecesitas cambiar tu desviador? Disponemos de una amplia variedad al mejor precio. Con facilidad de Pago.\" \/>\n<meta name=\"robots\" content=\"index, follow, max-snippet:-1, max-image-preview:large, max-video-preview:-1\" \/>\n<link rel=\"canonical\" href=\"https:\/\/veloaxe.com\/fr\/produit\/cambio-mtb-sram-xx1-eagle-12v\/\" \/>\n<meta property=\"og:locale\" content=\"fr_FR\" \/>\n<meta property=\"og:type\" content=\"article\" \/>\n<meta property=\"og:title\" content=\"CAMBIO MTB SRAM XX1 EAGLE 12v | VELOAXE.COM\" \/>\n<meta property=\"og:description\" content=\"CAMBIO MTB SRAM XX1 EAGLE 12v - \u00bfNecesitas cambiar tu desviador? Disponemos de una amplia variedad al mejor precio. Con facilidad de Pago.\" \/>\n<meta property=\"og:url\" content=\"https:\/\/veloaxe.com\/fr\/produit\/cambio-mtb-sram-xx1-eagle-12v\/\" \/>\n<meta property=\"og:site_name\" content=\"Tienda de bicicletas | VELOAXE\" \/>\n<meta property=\"article:publisher\" content=\"https:\/\/www.facebook.com\/veloaxe\" \/>\n<meta property=\"article:modified_time\" content=\"2025-08-21T07:12:45+00:00\" \/>\n<meta property=\"og:image\" content=\"https:\/\/veloaxe.com\/wp-content\/uploads\/2023\/09\/cambio-mtb-sram-xx1-12v.jpg\" \/>\n\t<meta property=\"og:image:width\" content=\"800\" \/>\n\t<meta property=\"og:image:height\" content=\"800\" \/>\n\t<meta property=\"og:image:type\" content=\"image\/jpeg\" \/>\n<meta name=\"twitter:card\" content=\"summary_large_image\" \/>\n<meta name=\"twitter:label1\" content=\"Dur\u00e9e de lecture estim\u00e9e\" \/>\n\t<meta name=\"twitter:data1\" content=\"1 minute\" \/>\n<script type=\"application\/ld+json\" class=\"yoast-schema-graph\">{\"@context\":\"https:\\\/\\\/schema.org\",\"@graph\":[{\"@type\":\"WebPage\",\"@id\":\"https:\\\/\\\/veloaxe.com\\\/producto\\\/cambio-mtb-sram-xx1-eagle-12v\\\/\",\"url\":\"https:\\\/\\\/veloaxe.com\\\/producto\\\/cambio-mtb-sram-xx1-eagle-12v\\\/\",\"name\":\"CAMBIO MTB SRAM XX1 EAGLE 12v | VELOAXE.COM\",\"isPartOf\":{\"@id\":\"https:\\\/\\\/veloaxe.com\\\/#website\"},\"primaryImageOfPage\":{\"@id\":\"https:\\\/\\\/veloaxe.com\\\/producto\\\/cambio-mtb-sram-xx1-eagle-12v\\\/#primaryimage\"},\"image\":{\"@id\":\"https:\\\/\\\/veloaxe.com\\\/producto\\\/cambio-mtb-sram-xx1-eagle-12v\\\/#primaryimage\"},\"thumbnailUrl\":\"https:\\\/\\\/veloaxe.com\\\/wp-content\\\/uploads\\\/2023\\\/09\\\/cambio-mtb-sram-xx1-12v.jpg\",\"datePublished\":\"2023-09-29T08:55:24+00:00\",\"dateModified\":\"2025-08-21T07:12:45+00:00\",\"description\":\"CAMBIO MTB SRAM XX1 EAGLE 12v - \u00bfNecesitas cambiar tu desviador? Disponemos de una amplia variedad al mejor precio. Con facilidad de Pago.\",\"breadcrumb\":{\"@id\":\"https:\\\/\\\/veloaxe.com\\\/producto\\\/cambio-mtb-sram-xx1-eagle-12v\\\/#breadcrumb\"},\"inLanguage\":\"fr-FR\",\"potentialAction\":[{\"@type\":\"ReadAction\",\"target\":[\"https:\\\/\\\/veloaxe.com\\\/producto\\\/cambio-mtb-sram-xx1-eagle-12v\\\/\"]}]},{\"@type\":\"ImageObject\",\"inLanguage\":\"fr-FR\",\"@id\":\"https:\\\/\\\/veloaxe.com\\\/producto\\\/cambio-mtb-sram-xx1-eagle-12v\\\/#primaryimage\",\"url\":\"https:\\\/\\\/veloaxe.com\\\/wp-content\\\/uploads\\\/2023\\\/09\\\/cambio-mtb-sram-xx1-12v.jpg\",\"contentUrl\":\"https:\\\/\\\/veloaxe.com\\\/wp-content\\\/uploads\\\/2023\\\/09\\\/cambio-mtb-sram-xx1-12v.jpg\",\"width\":800,\"height\":800,\"caption\":\"cambio-mtb-sram-xx1-12v\"},{\"@type\":\"BreadcrumbList\",\"@id\":\"https:\\\/\\\/veloaxe.com\\\/producto\\\/cambio-mtb-sram-xx1-eagle-12v\\\/#breadcrumb\",\"itemListElement\":[{\"@type\":\"ListItem\",\"position\":1,\"name\":\"Portada\",\"item\":\"https:\\\/\\\/paleturquoise-herring-271034.hostingersite.com\\\/\"},{\"@type\":\"ListItem\",\"position\":2,\"name\":\"Shop\",\"item\":\"https:\\\/\\\/paleturquoise-herring-271034.hostingersite.com\\\/shop\\\/\"},{\"@type\":\"ListItem\",\"position\":3,\"name\":\"CAMBIO MTB SRAM XX1 EAGLE 12v\"}]},{\"@type\":\"WebSite\",\"@id\":\"https:\\\/\\\/veloaxe.com\\\/#website\",\"url\":\"https:\\\/\\\/veloaxe.com\\\/\",\"name\":\"Tienda de bicicletas | VELOAXE\",\"description\":\"Descubre una amplia selecci\u00f3n de bicicletas de alta calidad, desde modelos urbanos y de monta\u00f1a hasta bicicletas de carretera de \u00faltima generaci\u00f3n. Con un servicio experto y accesorios especializados, estamos comprometidos a brindarte la mejor experiencia ciclista.\",\"publisher\":{\"@id\":\"https:\\\/\\\/veloaxe.com\\\/#organization\"},\"potentialAction\":[{\"@type\":\"SearchAction\",\"target\":{\"@type\":\"EntryPoint\",\"urlTemplate\":\"https:\\\/\\\/veloaxe.com\\\/?s={search_term_string}\"},\"query-input\":{\"@type\":\"PropertyValueSpecification\",\"valueRequired\":true,\"valueName\":\"search_term_string\"}}],\"inLanguage\":\"fr-FR\"},{\"@type\":\"Organization\",\"@id\":\"https:\\\/\\\/veloaxe.com\\\/#organization\",\"name\":\"Tienda de bicicletas | VELOAXE\",\"url\":\"https:\\\/\\\/veloaxe.com\\\/\",\"logo\":{\"@type\":\"ImageObject\",\"inLanguage\":\"fr-FR\",\"@id\":\"https:\\\/\\\/veloaxe.com\\\/#\\\/schema\\\/logo\\\/image\\\/\",\"url\":\"https:\\\/\\\/veloaxe.com\\\/wp-content\\\/uploads\\\/2026\\\/01\\\/cropped-logo-1.jpg\",\"contentUrl\":\"https:\\\/\\\/veloaxe.com\\\/wp-content\\\/uploads\\\/2026\\\/01\\\/cropped-logo-1.jpg\",\"width\":1273,\"height\":363,\"caption\":\"Tienda de bicicletas | VELOAXE\"},\"image\":{\"@id\":\"https:\\\/\\\/veloaxe.com\\\/#\\\/schema\\\/logo\\\/image\\\/\"},\"sameAs\":[\"https:\\\/\\\/www.facebook.com\\\/veloaxe\"]}]}<\/script>\n<!-- \/ Yoast SEO plugin. -->","yoast_head_json":{"title":"CAMBIO MTB SRAM XX1 EAGLE 12v | VELOAXE.COM","description":"CAMBIO MTB SRAM XX1 EAGLE 12v - \u00bfNecesitas cambiar tu desviador? Disponemos de una amplia variedad al mejor precio. Con facilidad de Pago.","robots":{"index":"index","follow":"follow","max-snippet":"max-snippet:-1","max-image-preview":"max-image-preview:large","max-video-preview":"max-video-preview:-1"},"canonical":"https:\/\/veloaxe.com\/fr\/produit\/cambio-mtb-sram-xx1-eagle-12v\/","og_locale":"fr_FR","og_type":"article","og_title":"CAMBIO MTB SRAM XX1 EAGLE 12v | VELOAXE.COM","og_description":"CAMBIO MTB SRAM XX1 EAGLE 12v - \u00bfNecesitas cambiar tu desviador? Disponemos de una amplia variedad al mejor precio. Con facilidad de Pago.","og_url":"https:\/\/veloaxe.com\/fr\/produit\/cambio-mtb-sram-xx1-eagle-12v\/","og_site_name":"Tienda de bicicletas | VELOAXE","article_publisher":"https:\/\/www.facebook.com\/veloaxe","article_modified_time":"2025-08-21T07:12:45+00:00","og_image":[{"width":800,"height":800,"url":"https:\/\/veloaxe.com\/wp-content\/uploads\/2023\/09\/cambio-mtb-sram-xx1-12v.jpg","type":"image\/jpeg"}],"twitter_card":"summary_large_image","twitter_misc":{"Dur\u00e9e de lecture estim\u00e9e":"1 minute"},"schema":{"@context":"https:\/\/schema.org","@graph":[{"@type":"WebPage","@id":"https:\/\/veloaxe.com\/producto\/cambio-mtb-sram-xx1-eagle-12v\/","url":"https:\/\/veloaxe.com\/producto\/cambio-mtb-sram-xx1-eagle-12v\/","name":"CAMBIO MTB SRAM XX1 EAGLE 12v | VELOAXE.COM","isPartOf":{"@id":"https:\/\/veloaxe.com\/#website"},"primaryImageOfPage":{"@id":"https:\/\/veloaxe.com\/producto\/cambio-mtb-sram-xx1-eagle-12v\/#primaryimage"},"image":{"@id":"https:\/\/veloaxe.com\/producto\/cambio-mtb-sram-xx1-eagle-12v\/#primaryimage"},"thumbnailUrl":"https:\/\/veloaxe.com\/wp-content\/uploads\/2023\/09\/cambio-mtb-sram-xx1-12v.jpg","datePublished":"2023-09-29T08:55:24+00:00","dateModified":"2025-08-21T07:12:45+00:00","description":"CAMBIO MTB SRAM XX1 EAGLE 12v - \u00bfNecesitas cambiar tu desviador? Disponemos de una amplia variedad al mejor precio. Con facilidad de Pago.","breadcrumb":{"@id":"https:\/\/veloaxe.com\/producto\/cambio-mtb-sram-xx1-eagle-12v\/#breadcrumb"},"inLanguage":"fr-FR","potentialAction":[{"@type":"ReadAction","target":["https:\/\/veloaxe.com\/producto\/cambio-mtb-sram-xx1-eagle-12v\/"]}]},{"@type":"ImageObject","inLanguage":"fr-FR","@id":"https:\/\/veloaxe.com\/producto\/cambio-mtb-sram-xx1-eagle-12v\/#primaryimage","url":"https:\/\/veloaxe.com\/wp-content\/uploads\/2023\/09\/cambio-mtb-sram-xx1-12v.jpg","contentUrl":"https:\/\/veloaxe.com\/wp-content\/uploads\/2023\/09\/cambio-mtb-sram-xx1-12v.jpg","width":800,"height":800,"caption":"cambio-mtb-sram-xx1-12v"},{"@type":"BreadcrumbList","@id":"https:\/\/veloaxe.com\/producto\/cambio-mtb-sram-xx1-eagle-12v\/#breadcrumb","itemListElement":[{"@type":"ListItem","position":1,"name":"Portada","item":"https:\/\/paleturquoise-herring-271034.hostingersite.com\/"},{"@type":"ListItem","position":2,"name":"Shop","item":"https:\/\/paleturquoise-herring-271034.hostingersite.com\/shop\/"},{"@type":"ListItem","position":3,"name":"CAMBIO MTB SRAM XX1 EAGLE 12v"}]},{"@type":"WebSite","@id":"https:\/\/veloaxe.com\/#website","url":"https:\/\/veloaxe.com\/","name":"Boutique de v\u00e9lo en ligne | VELOAXE","description":"Descubre una amplia selecci\u00f3n de bicicletas de alta calidad, desde modelos urbanos y de monta\u00f1a hasta bicicletas de carretera de \u00faltima generaci\u00f3n. Con un servicio experto y accesorios especializados, estamos comprometidos a brindarte la mejor experiencia ciclista.","publisher":{"@id":"https:\/\/veloaxe.com\/#organization"},"potentialAction":[{"@type":"SearchAction","target":{"@type":"EntryPoint","urlTemplate":"https:\/\/veloaxe.com\/?s={search_term_string}"},"query-input":{"@type":"PropertyValueSpecification","valueRequired":true,"valueName":"search_term_string"}}],"inLanguage":"fr-FR"},{"@type":"Organization","@id":"https:\/\/veloaxe.com\/#organization","name":"Boutique de v\u00e9lo en ligne | VELOAXE","url":"https:\/\/veloaxe.com\/","logo":{"@type":"ImageObject","inLanguage":"fr-FR","@id":"https:\/\/veloaxe.com\/#\/schema\/logo\/image\/","url":"https:\/\/veloaxe.com\/wp-content\/uploads\/2026\/01\/cropped-logo-1.jpg","contentUrl":"https:\/\/veloaxe.com\/wp-content\/uploads\/2026\/01\/cropped-logo-1.jpg","width":1273,"height":363,"caption":"Tienda de bicicletas | VELOAXE"},"image":{"@id":"https:\/\/veloaxe.com\/#\/schema\/logo\/image\/"},"sameAs":["https:\/\/www.facebook.com\/veloaxe"]}]}},"_links":{"self":[{"href":"https:\/\/veloaxe.com\/fr\/wp-json\/wp\/v2\/product\/12365","targetHints":{"allow":["GET"]}}],"collection":[{"href":"https:\/\/veloaxe.com\/fr\/wp-json\/wp\/v2\/product"}],"about":[{"href":"https:\/\/veloaxe.com\/fr\/wp-json\/wp\/v2\/types\/product"}],"replies":[{"embeddable":true,"href":"https:\/\/veloaxe.com\/fr\/wp-json\/wp\/v2\/comments?post=12365"}],"wp:featuredmedia":[{"embeddable":true,"href":"https:\/\/veloaxe.com\/fr\/wp-json\/wp\/v2\/media\/12366"}],"wp:attachment":[{"href":"https:\/\/veloaxe.com\/fr\/wp-json\/wp\/v2\/media?parent=12365"}],"wp:term":[{"taxonomy":"product_brand","embeddable":true,"href":"https:\/\/veloaxe.com\/fr\/wp-json\/wp\/v2\/product_brand?post=12365"},{"taxonomy":"product_cat","embeddable":true,"href":"https:\/\/veloaxe.com\/fr\/wp-json\/wp\/v2\/product_cat?post=12365"},{"taxonomy":"product_tag","embeddable":true,"href":"https:\/\/veloaxe.com\/fr\/wp-json\/wp\/v2\/product_tag?post=12365"}],"curies":[{"name":"wp","href":"https:\/\/api.w.org\/{rel}","templated":true}]}}