{"id":12411,"date":"2023-10-03T16:50:27","date_gmt":"2023-10-03T16:50:27","guid":{"rendered":"https:\/\/veloaxe.com\/?post_type=product&#038;p=12411"},"modified":"2025-08-21T05:59:35","modified_gmt":"2025-08-21T05:59:35","slug":"cambio-carretera-sram-red-etap-axs-d1-larga-12v","status":"publish","type":"product","link":"https:\/\/veloaxe.com\/fr\/producto\/cambio-carretera-sram-red-etap-axs-d1-larga-12v\/","title":{"rendered":"CAMBIO CARRETERA SRAM RED ETAP AXS D1 LARGA &#8211; 12v"},"content":{"rendered":"<p>El nuevo cambio trasero <strong>SRAM RED ETAP AXS D1 <\/strong>est\u00e1 dise\u00f1ado para transmisiones de <strong>12v<\/strong> velocidades. Permite cambios de marcha suaves y precisos sin tirones. El desviador <strong>SRAM RED ETAP AXS D1 <\/strong>es compatible con transmisiones de<strong> 12v <\/strong>maximo 36D. El cambio <strong>SRAM RED ETAP AXS D1<\/strong>\u00a0tiene Exact Actuation, una relaci\u00f3n de transmisi\u00f3n entre la palanca de cambio y el desviador que posibilita espacios precisos de 3mm entre todas las velocidades.<\/p>\n<p>Util\u00edzalo junto al cassette XG-1270, para un maximo rango y con pi\u00f1ones de hasta 10-36, para que siempre tengas el cambio que necesitas.<br \/>\nComb\u00ednalo con los platos 1x o 2x de tu preferencia para personalizar tus desarrollos.<br \/>\nLa gesti\u00f3n de la cadena Orbit, las poleas X-SYNC y los rodamientos cer\u00e1micos garantizar\u00e1n silencio, eficiencia y durabilidad durante kil\u00f3metros.<br \/>\nMotor y transmisi\u00f3n de se\u00f1al mejorados para cambios m\u00e1s rapidos.<br \/>\nCompatible con las bater\u00edas eTap existentes.<\/p>\n<p>&nbsp;<\/p>","protected":false},"excerpt":{"rendered":"<p>El nuevo cambio trasero SRAM RED ETAP AXS D1 est\u00e1 dise\u00f1ado para transmisiones de 12v velocidades. Permite cambios de marcha suaves y precisos sin tirones. El desviador SRAM RED ETAP AXS D1 es compatible con transmisiones de 12v maximo 36D. El cambio SRAM RED ETAP AXS D1\u00a0tiene Exact Actuation, una relaci\u00f3n de transmisi\u00f3n entre la [&hellip;]<\/p>\n","protected":false},"featured_media":12410,"comment_status":"closed","ping_status":"closed","template":"","meta":[],"product_brand":[],"product_cat":[207,27],"product_tag":[],"class_list":{"0":"post-12411","1":"product","2":"type-product","3":"status-publish","4":"has-post-thumbnail","6":"product_cat-cambio-carretera","7":"product_cat-transmision-para-bicicleta","8":"product_shipping_class-no-bicicletas","10":"first","11":"instock","12":"sale","13":"shipping-taxable","14":"purchasable","15":"product-type-simple"},"yoast_head":"<!-- This site is optimized with the Yoast SEO plugin v27.6 - https:\/\/yoast.com\/product\/yoast-seo-wordpress\/ -->\n<title>CAMBIO SRAM RED ETAP AXS D1 LARGA 12v | VELOAXE.COM<\/title>\n<meta name=\"description\" content=\"CAMBIO SRAM RED ETAP AXS LARGA 12v - \u00bfNecesitas cambiar tu desviador? Disponemos de una amplia variedad al mejor precio. Con facilidad de Pago de 3 a 12X.\" \/>\n<meta name=\"robots\" content=\"index, follow, max-snippet:-1, max-image-preview:large, max-video-preview:-1\" \/>\n<link rel=\"canonical\" href=\"https:\/\/veloaxe.com\/fr\/produit\/cambio-carretera-sram-red-etap-axs-d1-larga-12v\/\" \/>\n<meta property=\"og:locale\" content=\"fr_FR\" \/>\n<meta property=\"og:type\" content=\"article\" \/>\n<meta property=\"og:title\" content=\"CAMBIO SRAM RED ETAP AXS D1 LARGA 12v | VELOAXE.COM\" \/>\n<meta property=\"og:description\" content=\"CAMBIO SRAM RED ETAP AXS LARGA 12v - \u00bfNecesitas cambiar tu desviador? Disponemos de una amplia variedad al mejor precio. Con facilidad de Pago de 3 a 12X.\" \/>\n<meta property=\"og:url\" content=\"https:\/\/veloaxe.com\/fr\/produit\/cambio-carretera-sram-red-etap-axs-d1-larga-12v\/\" \/>\n<meta property=\"og:site_name\" content=\"Tienda de bicicletas | VELOAXE\" \/>\n<meta property=\"article:publisher\" content=\"https:\/\/www.facebook.com\/veloaxe\" \/>\n<meta property=\"article:modified_time\" content=\"2025-08-21T05:59:35+00:00\" \/>\n<meta property=\"og:image\" content=\"https:\/\/veloaxe.com\/wp-content\/uploads\/2023\/10\/cambio-sram-red-etap-axs-12v.jpg\" \/>\n\t<meta property=\"og:image:width\" content=\"800\" \/>\n\t<meta property=\"og:image:height\" content=\"800\" \/>\n\t<meta property=\"og:image:type\" content=\"image\/jpeg\" \/>\n<meta name=\"twitter:card\" content=\"summary_large_image\" \/>\n<meta name=\"twitter:label1\" content=\"Dur\u00e9e de lecture estim\u00e9e\" \/>\n\t<meta name=\"twitter:data1\" content=\"1 minute\" \/>\n<script type=\"application\/ld+json\" class=\"yoast-schema-graph\">{\"@context\":\"https:\\\/\\\/schema.org\",\"@graph\":[{\"@type\":\"WebPage\",\"@id\":\"https:\\\/\\\/veloaxe.com\\\/producto\\\/cambio-carretera-sram-red-etap-axs-d1-larga-12v\\\/\",\"url\":\"https:\\\/\\\/veloaxe.com\\\/producto\\\/cambio-carretera-sram-red-etap-axs-d1-larga-12v\\\/\",\"name\":\"CAMBIO SRAM RED ETAP AXS D1 LARGA 12v | VELOAXE.COM\",\"isPartOf\":{\"@id\":\"https:\\\/\\\/veloaxe.com\\\/#website\"},\"primaryImageOfPage\":{\"@id\":\"https:\\\/\\\/veloaxe.com\\\/producto\\\/cambio-carretera-sram-red-etap-axs-d1-larga-12v\\\/#primaryimage\"},\"image\":{\"@id\":\"https:\\\/\\\/veloaxe.com\\\/producto\\\/cambio-carretera-sram-red-etap-axs-d1-larga-12v\\\/#primaryimage\"},\"thumbnailUrl\":\"https:\\\/\\\/veloaxe.com\\\/wp-content\\\/uploads\\\/2023\\\/10\\\/cambio-sram-red-etap-axs-12v.jpg\",\"datePublished\":\"2023-10-03T16:50:27+00:00\",\"dateModified\":\"2025-08-21T05:59:35+00:00\",\"description\":\"CAMBIO SRAM RED ETAP AXS LARGA 12v - \u00bfNecesitas cambiar tu desviador? Disponemos de una amplia variedad al mejor precio. Con facilidad de Pago de 3 a 12X.\",\"breadcrumb\":{\"@id\":\"https:\\\/\\\/veloaxe.com\\\/producto\\\/cambio-carretera-sram-red-etap-axs-d1-larga-12v\\\/#breadcrumb\"},\"inLanguage\":\"fr-FR\",\"potentialAction\":[{\"@type\":\"ReadAction\",\"target\":[\"https:\\\/\\\/veloaxe.com\\\/producto\\\/cambio-carretera-sram-red-etap-axs-d1-larga-12v\\\/\"]}]},{\"@type\":\"ImageObject\",\"inLanguage\":\"fr-FR\",\"@id\":\"https:\\\/\\\/veloaxe.com\\\/producto\\\/cambio-carretera-sram-red-etap-axs-d1-larga-12v\\\/#primaryimage\",\"url\":\"https:\\\/\\\/veloaxe.com\\\/wp-content\\\/uploads\\\/2023\\\/10\\\/cambio-sram-red-etap-axs-12v.jpg\",\"contentUrl\":\"https:\\\/\\\/veloaxe.com\\\/wp-content\\\/uploads\\\/2023\\\/10\\\/cambio-sram-red-etap-axs-12v.jpg\",\"width\":800,\"height\":800,\"caption\":\"cambio-sram-red-etap-axs-12v\"},{\"@type\":\"BreadcrumbList\",\"@id\":\"https:\\\/\\\/veloaxe.com\\\/producto\\\/cambio-carretera-sram-red-etap-axs-d1-larga-12v\\\/#breadcrumb\",\"itemListElement\":[{\"@type\":\"ListItem\",\"position\":1,\"name\":\"Portada\",\"item\":\"https:\\\/\\\/veloaxe.com\\\/\"},{\"@type\":\"ListItem\",\"position\":2,\"name\":\"Shop\",\"item\":\"https:\\\/\\\/paleturquoise-herring-271034.hostingersite.com\\\/shop\\\/\"},{\"@type\":\"ListItem\",\"position\":3,\"name\":\"CAMBIO CARRETERA SRAM RED ETAP AXS D1 LARGA &#8211; 12v\"}]},{\"@type\":\"WebSite\",\"@id\":\"https:\\\/\\\/veloaxe.com\\\/#website\",\"url\":\"https:\\\/\\\/veloaxe.com\\\/\",\"name\":\"Tienda de bicicletas | VELOAXE\",\"description\":\"Descubre una amplia selecci\u00f3n de bicicletas de alta calidad, desde modelos urbanos y de monta\u00f1a hasta bicicletas de carretera de \u00faltima generaci\u00f3n. Con un servicio experto y accesorios especializados, estamos comprometidos a brindarte la mejor experiencia ciclista.\",\"publisher\":{\"@id\":\"https:\\\/\\\/veloaxe.com\\\/#organization\"},\"potentialAction\":[{\"@type\":\"SearchAction\",\"target\":{\"@type\":\"EntryPoint\",\"urlTemplate\":\"https:\\\/\\\/veloaxe.com\\\/?s={search_term_string}\"},\"query-input\":{\"@type\":\"PropertyValueSpecification\",\"valueRequired\":true,\"valueName\":\"search_term_string\"}}],\"inLanguage\":\"fr-FR\"},{\"@type\":\"Organization\",\"@id\":\"https:\\\/\\\/veloaxe.com\\\/#organization\",\"name\":\"Tienda de bicicletas | VELOAXE\",\"url\":\"https:\\\/\\\/veloaxe.com\\\/\",\"logo\":{\"@type\":\"ImageObject\",\"inLanguage\":\"fr-FR\",\"@id\":\"https:\\\/\\\/veloaxe.com\\\/#\\\/schema\\\/logo\\\/image\\\/\",\"url\":\"https:\\\/\\\/veloaxe.com\\\/wp-content\\\/uploads\\\/2026\\\/01\\\/cropped-logo-1.jpg\",\"contentUrl\":\"https:\\\/\\\/veloaxe.com\\\/wp-content\\\/uploads\\\/2026\\\/01\\\/cropped-logo-1.jpg\",\"width\":1273,\"height\":363,\"caption\":\"Tienda de bicicletas | VELOAXE\"},\"image\":{\"@id\":\"https:\\\/\\\/veloaxe.com\\\/#\\\/schema\\\/logo\\\/image\\\/\"},\"sameAs\":[\"https:\\\/\\\/www.facebook.com\\\/veloaxe\"]}]}<\/script>\n<!-- \/ Yoast SEO plugin. -->","yoast_head_json":{"title":"CAMBIO SRAM RED ETAP AXS D1 LARGA 12v | VELOAXE.COM","description":"CAMBIO SRAM RED ETAP AXS LARGA 12v - \u00bfNecesitas cambiar tu desviador? Disponemos de una amplia variedad al mejor precio. Con facilidad de Pago de 3 a 12X.","robots":{"index":"index","follow":"follow","max-snippet":"max-snippet:-1","max-image-preview":"max-image-preview:large","max-video-preview":"max-video-preview:-1"},"canonical":"https:\/\/veloaxe.com\/fr\/produit\/cambio-carretera-sram-red-etap-axs-d1-larga-12v\/","og_locale":"fr_FR","og_type":"article","og_title":"CAMBIO SRAM RED ETAP AXS D1 LARGA 12v | VELOAXE.COM","og_description":"CAMBIO SRAM RED ETAP AXS LARGA 12v - \u00bfNecesitas cambiar tu desviador? Disponemos de una amplia variedad al mejor precio. Con facilidad de Pago de 3 a 12X.","og_url":"https:\/\/veloaxe.com\/fr\/produit\/cambio-carretera-sram-red-etap-axs-d1-larga-12v\/","og_site_name":"Tienda de bicicletas | VELOAXE","article_publisher":"https:\/\/www.facebook.com\/veloaxe","article_modified_time":"2025-08-21T05:59:35+00:00","og_image":[{"width":800,"height":800,"url":"https:\/\/veloaxe.com\/wp-content\/uploads\/2023\/10\/cambio-sram-red-etap-axs-12v.jpg","type":"image\/jpeg"}],"twitter_card":"summary_large_image","twitter_misc":{"Dur\u00e9e de lecture estim\u00e9e":"1 minute"},"schema":{"@context":"https:\/\/schema.org","@graph":[{"@type":"WebPage","@id":"https:\/\/veloaxe.com\/producto\/cambio-carretera-sram-red-etap-axs-d1-larga-12v\/","url":"https:\/\/veloaxe.com\/producto\/cambio-carretera-sram-red-etap-axs-d1-larga-12v\/","name":"CAMBIO SRAM RED ETAP AXS D1 LARGA 12v | VELOAXE.COM","isPartOf":{"@id":"https:\/\/veloaxe.com\/#website"},"primaryImageOfPage":{"@id":"https:\/\/veloaxe.com\/producto\/cambio-carretera-sram-red-etap-axs-d1-larga-12v\/#primaryimage"},"image":{"@id":"https:\/\/veloaxe.com\/producto\/cambio-carretera-sram-red-etap-axs-d1-larga-12v\/#primaryimage"},"thumbnailUrl":"https:\/\/veloaxe.com\/wp-content\/uploads\/2023\/10\/cambio-sram-red-etap-axs-12v.jpg","datePublished":"2023-10-03T16:50:27+00:00","dateModified":"2025-08-21T05:59:35+00:00","description":"CAMBIO SRAM RED ETAP AXS LARGA 12v - \u00bfNecesitas cambiar tu desviador? Disponemos de una amplia variedad al mejor precio. Con facilidad de Pago de 3 a 12X.","breadcrumb":{"@id":"https:\/\/veloaxe.com\/producto\/cambio-carretera-sram-red-etap-axs-d1-larga-12v\/#breadcrumb"},"inLanguage":"fr-FR","potentialAction":[{"@type":"ReadAction","target":["https:\/\/veloaxe.com\/producto\/cambio-carretera-sram-red-etap-axs-d1-larga-12v\/"]}]},{"@type":"ImageObject","inLanguage":"fr-FR","@id":"https:\/\/veloaxe.com\/producto\/cambio-carretera-sram-red-etap-axs-d1-larga-12v\/#primaryimage","url":"https:\/\/veloaxe.com\/wp-content\/uploads\/2023\/10\/cambio-sram-red-etap-axs-12v.jpg","contentUrl":"https:\/\/veloaxe.com\/wp-content\/uploads\/2023\/10\/cambio-sram-red-etap-axs-12v.jpg","width":800,"height":800,"caption":"cambio-sram-red-etap-axs-12v"},{"@type":"BreadcrumbList","@id":"https:\/\/veloaxe.com\/producto\/cambio-carretera-sram-red-etap-axs-d1-larga-12v\/#breadcrumb","itemListElement":[{"@type":"ListItem","position":1,"name":"Portada","item":"https:\/\/veloaxe.com\/"},{"@type":"ListItem","position":2,"name":"Shop","item":"https:\/\/paleturquoise-herring-271034.hostingersite.com\/shop\/"},{"@type":"ListItem","position":3,"name":"CAMBIO CARRETERA SRAM RED ETAP AXS D1 LARGA &#8211; 12v"}]},{"@type":"WebSite","@id":"https:\/\/veloaxe.com\/#website","url":"https:\/\/veloaxe.com\/","name":"Boutique de v\u00e9lo en ligne | VELOAXE","description":"Descubre una amplia selecci\u00f3n de bicicletas de alta calidad, desde modelos urbanos y de monta\u00f1a hasta bicicletas de carretera de \u00faltima generaci\u00f3n. Con un servicio experto y accesorios especializados, estamos comprometidos a brindarte la mejor experiencia ciclista.","publisher":{"@id":"https:\/\/veloaxe.com\/#organization"},"potentialAction":[{"@type":"SearchAction","target":{"@type":"EntryPoint","urlTemplate":"https:\/\/veloaxe.com\/?s={search_term_string}"},"query-input":{"@type":"PropertyValueSpecification","valueRequired":true,"valueName":"search_term_string"}}],"inLanguage":"fr-FR"},{"@type":"Organization","@id":"https:\/\/veloaxe.com\/#organization","name":"Boutique de v\u00e9lo en ligne | VELOAXE","url":"https:\/\/veloaxe.com\/","logo":{"@type":"ImageObject","inLanguage":"fr-FR","@id":"https:\/\/veloaxe.com\/#\/schema\/logo\/image\/","url":"https:\/\/veloaxe.com\/wp-content\/uploads\/2026\/01\/cropped-logo-1.jpg","contentUrl":"https:\/\/veloaxe.com\/wp-content\/uploads\/2026\/01\/cropped-logo-1.jpg","width":1273,"height":363,"caption":"Tienda de bicicletas | VELOAXE"},"image":{"@id":"https:\/\/veloaxe.com\/#\/schema\/logo\/image\/"},"sameAs":["https:\/\/www.facebook.com\/veloaxe"]}]}},"_links":{"self":[{"href":"https:\/\/veloaxe.com\/fr\/wp-json\/wp\/v2\/product\/12411","targetHints":{"allow":["GET"]}}],"collection":[{"href":"https:\/\/veloaxe.com\/fr\/wp-json\/wp\/v2\/product"}],"about":[{"href":"https:\/\/veloaxe.com\/fr\/wp-json\/wp\/v2\/types\/product"}],"replies":[{"embeddable":true,"href":"https:\/\/veloaxe.com\/fr\/wp-json\/wp\/v2\/comments?post=12411"}],"wp:featuredmedia":[{"embeddable":true,"href":"https:\/\/veloaxe.com\/fr\/wp-json\/wp\/v2\/media\/12410"}],"wp:attachment":[{"href":"https:\/\/veloaxe.com\/fr\/wp-json\/wp\/v2\/media?parent=12411"}],"wp:term":[{"taxonomy":"product_brand","embeddable":true,"href":"https:\/\/veloaxe.com\/fr\/wp-json\/wp\/v2\/product_brand?post=12411"},{"taxonomy":"product_cat","embeddable":true,"href":"https:\/\/veloaxe.com\/fr\/wp-json\/wp\/v2\/product_cat?post=12411"},{"taxonomy":"product_tag","embeddable":true,"href":"https:\/\/veloaxe.com\/fr\/wp-json\/wp\/v2\/product_tag?post=12411"}],"curies":[{"name":"wp","href":"https:\/\/api.w.org\/{rel}","templated":true}]}}