{"id":12464,"date":"2023-10-05T08:58:07","date_gmt":"2023-10-05T08:58:07","guid":{"rendered":"https:\/\/veloaxe.com\/?post_type=product&#038;p=12464"},"modified":"2025-08-20T07:34:18","modified_gmt":"2025-08-20T07:34:18","slug":"desviador-sram-red-etap-axs-braze-on","status":"publish","type":"product","link":"https:\/\/veloaxe.com\/fr\/producto\/desviador-sram-red-etap-axs-braze-on\/","title":{"rendered":"DESVIADOR SRAM RED ETAP AXS &#8211; BRAZE ON"},"content":{"rendered":"<p>El desviador delantero <strong>SRAM RED eTap AXS<\/strong>\u00a0aprovecha este importante avance representado por la gama de cambios X-Range\u2122. Dise\u00f1ado para dejar el m\u00e1ximo espacio para el neum\u00e1tico trasero, satisface las exigencias del ciclismo actual. Y por supuesto, los cambios son n\u00edtidos y precisos.<\/p>\n<p>AXS para una f\u00e1cil personalizaci\u00f3n.<br \/>\nLa forma elegante y aerodin\u00e1mica proporciona mayor espacio libre para neum\u00e1ticos anchos.<br \/>\nLa tecnolog\u00eda SRAM Yaw no requiere ajuste de la horquilla, cuyo nuevo perfil est\u00e1 optimizado para las nuevas combinaciones de platos SRAM RED\u00ae.<br \/>\nLos cambios m\u00e1s receptivos, r\u00e1pidos y precisos hasta el momento.<br \/>\nCompatible con bater\u00edas eTap existentes.<\/p>","protected":false},"excerpt":{"rendered":"<p>El desviador delantero SRAM RED eTap AXS\u00a0aprovecha este importante avance representado por la gama de cambios X-Range\u2122. Dise\u00f1ado para dejar el m\u00e1ximo espacio para el neum\u00e1tico trasero, satisface las exigencias del ciclismo actual. Y por supuesto, los cambios son n\u00edtidos y precisos. AXS para una f\u00e1cil personalizaci\u00f3n. La forma elegante y aerodin\u00e1mica proporciona mayor espacio [&hellip;]<\/p>\n","protected":false},"featured_media":12465,"comment_status":"closed","ping_status":"closed","template":"","meta":[],"product_brand":[],"product_cat":[208,27],"product_tag":[],"class_list":{"0":"post-12464","1":"product","2":"type-product","3":"status-publish","4":"has-post-thumbnail","6":"product_cat-desviadores-carretera","7":"product_cat-transmision-para-bicicleta","8":"product_shipping_class-no-bicicletas","10":"first","11":"instock","12":"sale","13":"shipping-taxable","14":"purchasable","15":"product-type-simple"},"yoast_head":"<!-- This site is optimized with the Yoast SEO plugin v27.6 - https:\/\/yoast.com\/product\/yoast-seo-wordpress\/ -->\n<title>DESVIADOR SRAM RED AXS ETAP | VELOAXE.COM<\/title>\n<meta name=\"description\" content=\"DESVIADOR SRAM RED AXS ETAP BRAZE ON - \u00bfNecesitas cambiar tu desviador SRAM? Disponemos de una amplia variedad al mejor precio.\" \/>\n<meta name=\"robots\" content=\"index, follow, max-snippet:-1, max-image-preview:large, max-video-preview:-1\" \/>\n<link rel=\"canonical\" href=\"https:\/\/veloaxe.com\/fr\/produit\/desviador-sram-red-etap-axs-braze-on\/\" \/>\n<meta property=\"og:locale\" content=\"fr_FR\" \/>\n<meta property=\"og:type\" content=\"article\" \/>\n<meta property=\"og:title\" content=\"DESVIADOR SRAM RED AXS ETAP | VELOAXE.COM\" \/>\n<meta property=\"og:description\" content=\"DESVIADOR SRAM RED AXS ETAP BRAZE ON - \u00bfNecesitas cambiar tu desviador SRAM? Disponemos de una amplia variedad al mejor precio.\" \/>\n<meta property=\"og:url\" content=\"https:\/\/veloaxe.com\/fr\/produit\/desviador-sram-red-etap-axs-braze-on\/\" \/>\n<meta property=\"og:site_name\" content=\"Tienda de bicicletas | VELOAXE\" \/>\n<meta property=\"article:publisher\" content=\"https:\/\/www.facebook.com\/veloaxe\" \/>\n<meta property=\"article:modified_time\" content=\"2025-08-20T07:34:18+00:00\" \/>\n<meta property=\"og:image\" content=\"https:\/\/veloaxe.com\/wp-content\/uploads\/2023\/10\/desviador-sram-red-etap-axs.jpg\" \/>\n\t<meta property=\"og:image:width\" content=\"1000\" \/>\n\t<meta property=\"og:image:height\" content=\"1000\" \/>\n\t<meta property=\"og:image:type\" content=\"image\/jpeg\" \/>\n<meta name=\"twitter:card\" content=\"summary_large_image\" \/>\n<meta name=\"twitter:label1\" content=\"Dur\u00e9e de lecture estim\u00e9e\" \/>\n\t<meta name=\"twitter:data1\" content=\"1 minute\" \/>\n<script type=\"application\/ld+json\" class=\"yoast-schema-graph\">{\"@context\":\"https:\\\/\\\/schema.org\",\"@graph\":[{\"@type\":\"WebPage\",\"@id\":\"https:\\\/\\\/veloaxe.com\\\/producto\\\/desviador-sram-red-etap-axs-braze-on\\\/\",\"url\":\"https:\\\/\\\/veloaxe.com\\\/producto\\\/desviador-sram-red-etap-axs-braze-on\\\/\",\"name\":\"DESVIADOR SRAM RED AXS ETAP | VELOAXE.COM\",\"isPartOf\":{\"@id\":\"https:\\\/\\\/veloaxe.com\\\/#website\"},\"primaryImageOfPage\":{\"@id\":\"https:\\\/\\\/veloaxe.com\\\/producto\\\/desviador-sram-red-etap-axs-braze-on\\\/#primaryimage\"},\"image\":{\"@id\":\"https:\\\/\\\/veloaxe.com\\\/producto\\\/desviador-sram-red-etap-axs-braze-on\\\/#primaryimage\"},\"thumbnailUrl\":\"https:\\\/\\\/veloaxe.com\\\/wp-content\\\/uploads\\\/2023\\\/10\\\/desviador-sram-red-etap-axs.jpg\",\"datePublished\":\"2023-10-05T08:58:07+00:00\",\"dateModified\":\"2025-08-20T07:34:18+00:00\",\"description\":\"DESVIADOR SRAM RED AXS ETAP BRAZE ON - \u00bfNecesitas cambiar tu desviador SRAM? Disponemos de una amplia variedad al mejor precio.\",\"breadcrumb\":{\"@id\":\"https:\\\/\\\/veloaxe.com\\\/producto\\\/desviador-sram-red-etap-axs-braze-on\\\/#breadcrumb\"},\"inLanguage\":\"fr-FR\",\"potentialAction\":[{\"@type\":\"ReadAction\",\"target\":[\"https:\\\/\\\/veloaxe.com\\\/producto\\\/desviador-sram-red-etap-axs-braze-on\\\/\"]}]},{\"@type\":\"ImageObject\",\"inLanguage\":\"fr-FR\",\"@id\":\"https:\\\/\\\/veloaxe.com\\\/producto\\\/desviador-sram-red-etap-axs-braze-on\\\/#primaryimage\",\"url\":\"https:\\\/\\\/veloaxe.com\\\/wp-content\\\/uploads\\\/2023\\\/10\\\/desviador-sram-red-etap-axs.jpg\",\"contentUrl\":\"https:\\\/\\\/veloaxe.com\\\/wp-content\\\/uploads\\\/2023\\\/10\\\/desviador-sram-red-etap-axs.jpg\",\"width\":1000,\"height\":1000,\"caption\":\"desviador-sram-red-etap-axs\"},{\"@type\":\"BreadcrumbList\",\"@id\":\"https:\\\/\\\/veloaxe.com\\\/producto\\\/desviador-sram-red-etap-axs-braze-on\\\/#breadcrumb\",\"itemListElement\":[{\"@type\":\"ListItem\",\"position\":1,\"name\":\"Portada\",\"item\":\"https:\\\/\\\/veloaxe.com\\\/\"},{\"@type\":\"ListItem\",\"position\":2,\"name\":\"Shop\",\"item\":\"https:\\\/\\\/paleturquoise-herring-271034.hostingersite.com\\\/shop\\\/\"},{\"@type\":\"ListItem\",\"position\":3,\"name\":\"DESVIADOR SRAM RED ETAP AXS &#8211; BRAZE ON\"}]},{\"@type\":\"WebSite\",\"@id\":\"https:\\\/\\\/veloaxe.com\\\/#website\",\"url\":\"https:\\\/\\\/veloaxe.com\\\/\",\"name\":\"Tienda de bicicletas | VELOAXE\",\"description\":\"Descubre una amplia selecci\u00f3n de bicicletas de alta calidad, desde modelos urbanos y de monta\u00f1a hasta bicicletas de carretera de \u00faltima generaci\u00f3n. Con un servicio experto y accesorios especializados, estamos comprometidos a brindarte la mejor experiencia ciclista.\",\"publisher\":{\"@id\":\"https:\\\/\\\/veloaxe.com\\\/#organization\"},\"potentialAction\":[{\"@type\":\"SearchAction\",\"target\":{\"@type\":\"EntryPoint\",\"urlTemplate\":\"https:\\\/\\\/veloaxe.com\\\/?s={search_term_string}\"},\"query-input\":{\"@type\":\"PropertyValueSpecification\",\"valueRequired\":true,\"valueName\":\"search_term_string\"}}],\"inLanguage\":\"fr-FR\"},{\"@type\":\"Organization\",\"@id\":\"https:\\\/\\\/veloaxe.com\\\/#organization\",\"name\":\"Tienda de bicicletas | VELOAXE\",\"url\":\"https:\\\/\\\/veloaxe.com\\\/\",\"logo\":{\"@type\":\"ImageObject\",\"inLanguage\":\"fr-FR\",\"@id\":\"https:\\\/\\\/veloaxe.com\\\/#\\\/schema\\\/logo\\\/image\\\/\",\"url\":\"https:\\\/\\\/veloaxe.com\\\/wp-content\\\/uploads\\\/2026\\\/01\\\/cropped-logo-1.jpg\",\"contentUrl\":\"https:\\\/\\\/veloaxe.com\\\/wp-content\\\/uploads\\\/2026\\\/01\\\/cropped-logo-1.jpg\",\"width\":1273,\"height\":363,\"caption\":\"Tienda de bicicletas | VELOAXE\"},\"image\":{\"@id\":\"https:\\\/\\\/veloaxe.com\\\/#\\\/schema\\\/logo\\\/image\\\/\"},\"sameAs\":[\"https:\\\/\\\/www.facebook.com\\\/veloaxe\"]}]}<\/script>\n<!-- \/ Yoast SEO plugin. -->","yoast_head_json":{"title":"DESVIADOR SRAM RED AXS ETAP | VELOAXE.COM","description":"DESVIADOR SRAM RED AXS ETAP BRAZE ON - \u00bfNecesitas cambiar tu desviador SRAM? Disponemos de una amplia variedad al mejor precio.","robots":{"index":"index","follow":"follow","max-snippet":"max-snippet:-1","max-image-preview":"max-image-preview:large","max-video-preview":"max-video-preview:-1"},"canonical":"https:\/\/veloaxe.com\/fr\/produit\/desviador-sram-red-etap-axs-braze-on\/","og_locale":"fr_FR","og_type":"article","og_title":"DESVIADOR SRAM RED AXS ETAP | VELOAXE.COM","og_description":"DESVIADOR SRAM RED AXS ETAP BRAZE ON - \u00bfNecesitas cambiar tu desviador SRAM? Disponemos de una amplia variedad al mejor precio.","og_url":"https:\/\/veloaxe.com\/fr\/produit\/desviador-sram-red-etap-axs-braze-on\/","og_site_name":"Tienda de bicicletas | VELOAXE","article_publisher":"https:\/\/www.facebook.com\/veloaxe","article_modified_time":"2025-08-20T07:34:18+00:00","og_image":[{"width":1000,"height":1000,"url":"https:\/\/veloaxe.com\/wp-content\/uploads\/2023\/10\/desviador-sram-red-etap-axs.jpg","type":"image\/jpeg"}],"twitter_card":"summary_large_image","twitter_misc":{"Dur\u00e9e de lecture estim\u00e9e":"1 minute"},"schema":{"@context":"https:\/\/schema.org","@graph":[{"@type":"WebPage","@id":"https:\/\/veloaxe.com\/producto\/desviador-sram-red-etap-axs-braze-on\/","url":"https:\/\/veloaxe.com\/producto\/desviador-sram-red-etap-axs-braze-on\/","name":"DESVIADOR SRAM RED AXS ETAP | VELOAXE.COM","isPartOf":{"@id":"https:\/\/veloaxe.com\/#website"},"primaryImageOfPage":{"@id":"https:\/\/veloaxe.com\/producto\/desviador-sram-red-etap-axs-braze-on\/#primaryimage"},"image":{"@id":"https:\/\/veloaxe.com\/producto\/desviador-sram-red-etap-axs-braze-on\/#primaryimage"},"thumbnailUrl":"https:\/\/veloaxe.com\/wp-content\/uploads\/2023\/10\/desviador-sram-red-etap-axs.jpg","datePublished":"2023-10-05T08:58:07+00:00","dateModified":"2025-08-20T07:34:18+00:00","description":"DESVIADOR SRAM RED AXS ETAP BRAZE ON - \u00bfNecesitas cambiar tu desviador SRAM? Disponemos de una amplia variedad al mejor precio.","breadcrumb":{"@id":"https:\/\/veloaxe.com\/producto\/desviador-sram-red-etap-axs-braze-on\/#breadcrumb"},"inLanguage":"fr-FR","potentialAction":[{"@type":"ReadAction","target":["https:\/\/veloaxe.com\/producto\/desviador-sram-red-etap-axs-braze-on\/"]}]},{"@type":"ImageObject","inLanguage":"fr-FR","@id":"https:\/\/veloaxe.com\/producto\/desviador-sram-red-etap-axs-braze-on\/#primaryimage","url":"https:\/\/veloaxe.com\/wp-content\/uploads\/2023\/10\/desviador-sram-red-etap-axs.jpg","contentUrl":"https:\/\/veloaxe.com\/wp-content\/uploads\/2023\/10\/desviador-sram-red-etap-axs.jpg","width":1000,"height":1000,"caption":"desviador-sram-red-etap-axs"},{"@type":"BreadcrumbList","@id":"https:\/\/veloaxe.com\/producto\/desviador-sram-red-etap-axs-braze-on\/#breadcrumb","itemListElement":[{"@type":"ListItem","position":1,"name":"Portada","item":"https:\/\/veloaxe.com\/"},{"@type":"ListItem","position":2,"name":"Shop","item":"https:\/\/paleturquoise-herring-271034.hostingersite.com\/shop\/"},{"@type":"ListItem","position":3,"name":"DESVIADOR SRAM RED ETAP AXS &#8211; BRAZE ON"}]},{"@type":"WebSite","@id":"https:\/\/veloaxe.com\/#website","url":"https:\/\/veloaxe.com\/","name":"Boutique de v\u00e9lo en ligne | VELOAXE","description":"Descubre una amplia selecci\u00f3n de bicicletas de alta calidad, desde modelos urbanos y de monta\u00f1a hasta bicicletas de carretera de \u00faltima generaci\u00f3n. Con un servicio experto y accesorios especializados, estamos comprometidos a brindarte la mejor experiencia ciclista.","publisher":{"@id":"https:\/\/veloaxe.com\/#organization"},"potentialAction":[{"@type":"SearchAction","target":{"@type":"EntryPoint","urlTemplate":"https:\/\/veloaxe.com\/?s={search_term_string}"},"query-input":{"@type":"PropertyValueSpecification","valueRequired":true,"valueName":"search_term_string"}}],"inLanguage":"fr-FR"},{"@type":"Organization","@id":"https:\/\/veloaxe.com\/#organization","name":"Boutique de v\u00e9lo en ligne | VELOAXE","url":"https:\/\/veloaxe.com\/","logo":{"@type":"ImageObject","inLanguage":"fr-FR","@id":"https:\/\/veloaxe.com\/#\/schema\/logo\/image\/","url":"https:\/\/veloaxe.com\/wp-content\/uploads\/2026\/01\/cropped-logo-1.jpg","contentUrl":"https:\/\/veloaxe.com\/wp-content\/uploads\/2026\/01\/cropped-logo-1.jpg","width":1273,"height":363,"caption":"Tienda de bicicletas | VELOAXE"},"image":{"@id":"https:\/\/veloaxe.com\/#\/schema\/logo\/image\/"},"sameAs":["https:\/\/www.facebook.com\/veloaxe"]}]}},"_links":{"self":[{"href":"https:\/\/veloaxe.com\/fr\/wp-json\/wp\/v2\/product\/12464","targetHints":{"allow":["GET"]}}],"collection":[{"href":"https:\/\/veloaxe.com\/fr\/wp-json\/wp\/v2\/product"}],"about":[{"href":"https:\/\/veloaxe.com\/fr\/wp-json\/wp\/v2\/types\/product"}],"replies":[{"embeddable":true,"href":"https:\/\/veloaxe.com\/fr\/wp-json\/wp\/v2\/comments?post=12464"}],"wp:featuredmedia":[{"embeddable":true,"href":"https:\/\/veloaxe.com\/fr\/wp-json\/wp\/v2\/media\/12465"}],"wp:attachment":[{"href":"https:\/\/veloaxe.com\/fr\/wp-json\/wp\/v2\/media?parent=12464"}],"wp:term":[{"taxonomy":"product_brand","embeddable":true,"href":"https:\/\/veloaxe.com\/fr\/wp-json\/wp\/v2\/product_brand?post=12464"},{"taxonomy":"product_cat","embeddable":true,"href":"https:\/\/veloaxe.com\/fr\/wp-json\/wp\/v2\/product_cat?post=12464"},{"taxonomy":"product_tag","embeddable":true,"href":"https:\/\/veloaxe.com\/fr\/wp-json\/wp\/v2\/product_tag?post=12464"}],"curies":[{"name":"wp","href":"https:\/\/api.w.org\/{rel}","templated":true}]}}