{"id":12520,"date":"2023-10-11T06:35:23","date_gmt":"2023-10-11T06:35:23","guid":{"rendered":"https:\/\/veloaxe.com\/?post_type=product&#038;p=12520"},"modified":"2025-08-20T06:31:46","modified_gmt":"2025-08-20T06:31:46","slug":"levier-de-frein-gauche-sram-force-axs-d2-a-fixation-plate","status":"publish","type":"product","link":"https:\/\/veloaxe.com\/fr\/producto\/maneta-izquierda-sram-force-axs-d2-flat-mount\/","title":{"rendered":"Levier gauche SRAM FORCE AXS D2 \u2013 Fixation plate"},"content":{"rendered":"<p>Levier <strong>SRAM FORCE AXS D2<\/strong>, De petits changements peuvent faire toute la diff\u00e9rence. Nous avons optimis\u00e9 la forme du levier Force AXS pour une meilleure prise en main et une adaptation \u00e0 une plus grande vari\u00e9t\u00e9 de tailles de mains. Vous pouvez ainsi acc\u00e9l\u00e9rer en toute confiance en ville, donner le meilleur de vous-m\u00eame sur un parcours de cyclocross boueux ou encaisser les vibrations d&#039;une longue descente sur gravier. La puissance et la modulation de nos freins \u00e0 disque hydrauliques, r\u00e9put\u00e9s pour leur qualit\u00e9, restent inchang\u00e9es. La logique de passage des vitesses intuitive et les leviers faciles \u00e0 rep\u00e9rer rendent ces commandes, il faut bien le dire, tout simplement exceptionnelles.<\/p>\n<p>CARACT\u00c9RISTIQUES :<\/p>\n<p>\u2013 Dot\u00e9 de la technologie AXS pour une installation facile, une personnalisation optimale et une fiabilit\u00e9 accrue.<br \/>\n\u2013 Logique eTap pour une commutation intuitive.<br \/>\n\u2013 Forme du levier optimis\u00e9e pour s&#039;adapter \u00e0 une plus grande vari\u00e9t\u00e9 de tailles de mains.<br \/>\n\u2013 Levier de frein en carbone pour r\u00e9duire le poids.<br \/>\n\u2013 Leviers de vitesse et capots avec d\u00e9tails en relief, pour un meilleur contr\u00f4le et un confort accru.<br \/>\n\u2013 Technologie de pointe pour une purge facile et propre.<br \/>\n\u2013 Ajustement de la port\u00e9e pour une adaptation \u00e0 diff\u00e9rentes tailles de mains.<\/p>","protected":false},"excerpt":{"rendered":"<p>Maneta SRAM FORCE AXS D2, los peque\u00f1os cambios pueden marcar una gran diferencia. Hemos optimizado la forma de la capucha de la maneta del Force AXS con m\u00e1s agarre de los dedos, y as\u00ed se ajusta a m\u00e1s tama\u00f1os de manos, para que puedas acelerar con confianza en las calles de las ciudades, apretar a [&hellip;]<\/p>\n","protected":false},"featured_media":12521,"comment_status":"closed","ping_status":"closed","template":"","meta":[],"product_brand":[],"product_cat":[16,32,27],"product_tag":[],"class_list":{"0":"post-12520","1":"product","2":"type-product","3":"status-publish","4":"has-post-thumbnail","6":"product_cat-carretera-gravel-bicicletas","7":"product_cat-par-de-manetas","8":"product_cat-transmision-para-bicicleta","9":"product_shipping_class-no-bicicletas","11":"first","12":"instock","13":"sale","14":"shipping-taxable","15":"purchasable","16":"product-type-simple"},"yoast_head":"<!-- This site is optimized with the Yoast SEO plugin v27.6 - https:\/\/yoast.com\/product\/yoast-seo-wordpress\/ -->\n<title>MANETA IZQUIERDA SRAM FORCE AXS D2 | VELOAXE.COM<\/title>\n<meta name=\"description\" content=\"MANETA IZQUIERDA SRAM FORCE AXS D2 - en veloaxe.com por so\u0301lo 339 \u20ac. Gastos de envi\u0301o GRATIS para compras superiores a 99\u20ac. env\u00edo r\u00e1pido en 48h.\" \/>\n<meta name=\"robots\" content=\"index, follow, max-snippet:-1, max-image-preview:large, max-video-preview:-1\" \/>\n<link rel=\"canonical\" href=\"https:\/\/veloaxe.com\/fr\/produit\/levier-de-frein-gauche-sram-force-axs-d2-a-fixation-plate\/\" \/>\n<meta property=\"og:locale\" content=\"fr_FR\" \/>\n<meta property=\"og:type\" content=\"article\" \/>\n<meta property=\"og:title\" content=\"MANETA IZQUIERDA SRAM FORCE AXS D2 | VELOAXE.COM\" \/>\n<meta property=\"og:description\" content=\"MANETA IZQUIERDA SRAM FORCE AXS D2 - en veloaxe.com por so\u0301lo 339 \u20ac. Gastos de envi\u0301o GRATIS para compras superiores a 99\u20ac. env\u00edo r\u00e1pido en 48h.\" \/>\n<meta property=\"og:url\" content=\"https:\/\/veloaxe.com\/fr\/produit\/levier-de-frein-gauche-sram-force-axs-d2-a-fixation-plate\/\" \/>\n<meta property=\"og:site_name\" content=\"Tienda de bicicletas | VELOAXE\" \/>\n<meta property=\"article:publisher\" content=\"https:\/\/www.facebook.com\/veloaxe\" \/>\n<meta property=\"article:modified_time\" content=\"2025-08-20T06:31:46+00:00\" \/>\n<meta property=\"og:image\" content=\"https:\/\/veloaxe.com\/wp-content\/uploads\/2023\/10\/maneta-sram-force-axs-d2-izquierda.jpg\" \/>\n\t<meta property=\"og:image:width\" content=\"1000\" \/>\n\t<meta property=\"og:image:height\" content=\"1000\" \/>\n\t<meta property=\"og:image:type\" content=\"image\/jpeg\" \/>\n<meta name=\"twitter:card\" content=\"summary_large_image\" \/>\n<meta name=\"twitter:label1\" content=\"Dur\u00e9e de lecture estim\u00e9e\" \/>\n\t<meta name=\"twitter:data1\" content=\"2 minutes\" \/>\n<script type=\"application\/ld+json\" class=\"yoast-schema-graph\">{\"@context\":\"https:\\\/\\\/schema.org\",\"@graph\":[{\"@type\":\"WebPage\",\"@id\":\"https:\\\/\\\/veloaxe.com\\\/producto\\\/maneta-izquierda-sram-force-axs-d2-flat-mount\\\/\",\"url\":\"https:\\\/\\\/veloaxe.com\\\/producto\\\/maneta-izquierda-sram-force-axs-d2-flat-mount\\\/\",\"name\":\"MANETA IZQUIERDA SRAM FORCE AXS D2 | VELOAXE.COM\",\"isPartOf\":{\"@id\":\"https:\\\/\\\/veloaxe.com\\\/#website\"},\"primaryImageOfPage\":{\"@id\":\"https:\\\/\\\/veloaxe.com\\\/producto\\\/maneta-izquierda-sram-force-axs-d2-flat-mount\\\/#primaryimage\"},\"image\":{\"@id\":\"https:\\\/\\\/veloaxe.com\\\/producto\\\/maneta-izquierda-sram-force-axs-d2-flat-mount\\\/#primaryimage\"},\"thumbnailUrl\":\"https:\\\/\\\/veloaxe.com\\\/wp-content\\\/uploads\\\/2023\\\/10\\\/maneta-sram-force-axs-d2-izquierda.jpg\",\"datePublished\":\"2023-10-11T06:35:23+00:00\",\"dateModified\":\"2025-08-20T06:31:46+00:00\",\"description\":\"MANETA IZQUIERDA SRAM FORCE AXS D2 - en veloaxe.com por so\u0301lo 339 \u20ac. Gastos de envi\u0301o GRATIS para compras superiores a 99\u20ac. env\u00edo r\u00e1pido en 48h.\",\"breadcrumb\":{\"@id\":\"https:\\\/\\\/veloaxe.com\\\/producto\\\/maneta-izquierda-sram-force-axs-d2-flat-mount\\\/#breadcrumb\"},\"inLanguage\":\"fr-FR\",\"potentialAction\":[{\"@type\":\"ReadAction\",\"target\":[\"https:\\\/\\\/veloaxe.com\\\/producto\\\/maneta-izquierda-sram-force-axs-d2-flat-mount\\\/\"]}]},{\"@type\":\"ImageObject\",\"inLanguage\":\"fr-FR\",\"@id\":\"https:\\\/\\\/veloaxe.com\\\/producto\\\/maneta-izquierda-sram-force-axs-d2-flat-mount\\\/#primaryimage\",\"url\":\"https:\\\/\\\/veloaxe.com\\\/wp-content\\\/uploads\\\/2023\\\/10\\\/maneta-sram-force-axs-d2-izquierda.jpg\",\"contentUrl\":\"https:\\\/\\\/veloaxe.com\\\/wp-content\\\/uploads\\\/2023\\\/10\\\/maneta-sram-force-axs-d2-izquierda.jpg\",\"width\":1000,\"height\":1000,\"caption\":\"maneta-sram-force-axs-d2-izquierda\"},{\"@type\":\"BreadcrumbList\",\"@id\":\"https:\\\/\\\/veloaxe.com\\\/producto\\\/maneta-izquierda-sram-force-axs-d2-flat-mount\\\/#breadcrumb\",\"itemListElement\":[{\"@type\":\"ListItem\",\"position\":1,\"name\":\"Portada\",\"item\":\"https:\\\/\\\/veloaxe.com\\\/\"},{\"@type\":\"ListItem\",\"position\":2,\"name\":\"Shop\",\"item\":\"https:\\\/\\\/paleturquoise-herring-271034.hostingersite.com\\\/shop\\\/\"},{\"@type\":\"ListItem\",\"position\":3,\"name\":\"MANETA IZQUIERDA SRAM FORCE AXS D2 &#8211; FLAT MOUNT\"}]},{\"@type\":\"WebSite\",\"@id\":\"https:\\\/\\\/veloaxe.com\\\/#website\",\"url\":\"https:\\\/\\\/veloaxe.com\\\/\",\"name\":\"Tienda de bicicletas | VELOAXE\",\"description\":\"Descubre una amplia selecci\u00f3n de bicicletas de alta calidad, desde modelos urbanos y de monta\u00f1a hasta bicicletas de carretera de \u00faltima generaci\u00f3n. Con un servicio experto y accesorios especializados, estamos comprometidos a brindarte la mejor experiencia ciclista.\",\"publisher\":{\"@id\":\"https:\\\/\\\/veloaxe.com\\\/#organization\"},\"potentialAction\":[{\"@type\":\"SearchAction\",\"target\":{\"@type\":\"EntryPoint\",\"urlTemplate\":\"https:\\\/\\\/veloaxe.com\\\/?s={search_term_string}\"},\"query-input\":{\"@type\":\"PropertyValueSpecification\",\"valueRequired\":true,\"valueName\":\"search_term_string\"}}],\"inLanguage\":\"fr-FR\"},{\"@type\":\"Organization\",\"@id\":\"https:\\\/\\\/veloaxe.com\\\/#organization\",\"name\":\"Tienda de bicicletas | VELOAXE\",\"url\":\"https:\\\/\\\/veloaxe.com\\\/\",\"logo\":{\"@type\":\"ImageObject\",\"inLanguage\":\"fr-FR\",\"@id\":\"https:\\\/\\\/veloaxe.com\\\/#\\\/schema\\\/logo\\\/image\\\/\",\"url\":\"https:\\\/\\\/veloaxe.com\\\/wp-content\\\/uploads\\\/2026\\\/01\\\/cropped-logo-1.jpg\",\"contentUrl\":\"https:\\\/\\\/veloaxe.com\\\/wp-content\\\/uploads\\\/2026\\\/01\\\/cropped-logo-1.jpg\",\"width\":1273,\"height\":363,\"caption\":\"Tienda de bicicletas | VELOAXE\"},\"image\":{\"@id\":\"https:\\\/\\\/veloaxe.com\\\/#\\\/schema\\\/logo\\\/image\\\/\"},\"sameAs\":[\"https:\\\/\\\/www.facebook.com\\\/veloaxe\"]}]}<\/script>\n<!-- \/ Yoast SEO plugin. -->","yoast_head_json":{"title":"Levier gauche SRAM FORCE AXS D2 | VELOAXE.COM","description":"Manette de d\u00e9railleur gauche SRAM FORCE AXS D2 - disponible sur veloaxe.com pour seulement 339 \u20ac. Livraison gratuite d\u00e8s 99 \u20ac d&#039;achat. Livraison rapide en 48h.","robots":{"index":"index","follow":"follow","max-snippet":"max-snippet:-1","max-image-preview":"max-image-preview:large","max-video-preview":"max-video-preview:-1"},"canonical":"https:\/\/veloaxe.com\/fr\/produit\/levier-de-frein-gauche-sram-force-axs-d2-a-fixation-plate\/","og_locale":"fr_FR","og_type":"article","og_title":"MANETA IZQUIERDA SRAM FORCE AXS D2 | VELOAXE.COM","og_description":"MANETA IZQUIERDA SRAM FORCE AXS D2 - en veloaxe.com por so\u0301lo 339 \u20ac. Gastos de envi\u0301o GRATIS para compras superiores a 99\u20ac. env\u00edo r\u00e1pido en 48h.","og_url":"https:\/\/veloaxe.com\/fr\/produit\/levier-de-frein-gauche-sram-force-axs-d2-a-fixation-plate\/","og_site_name":"Tienda de bicicletas | VELOAXE","article_publisher":"https:\/\/www.facebook.com\/veloaxe","article_modified_time":"2025-08-20T06:31:46+00:00","og_image":[{"width":1000,"height":1000,"url":"https:\/\/veloaxe.com\/wp-content\/uploads\/2023\/10\/maneta-sram-force-axs-d2-izquierda.jpg","type":"image\/jpeg"}],"twitter_card":"summary_large_image","twitter_misc":{"Dur\u00e9e de lecture estim\u00e9e":"2 minutes"},"schema":{"@context":"https:\/\/schema.org","@graph":[{"@type":"WebPage","@id":"https:\/\/veloaxe.com\/producto\/maneta-izquierda-sram-force-axs-d2-flat-mount\/","url":"https:\/\/veloaxe.com\/producto\/maneta-izquierda-sram-force-axs-d2-flat-mount\/","name":"Levier gauche SRAM FORCE AXS D2 | VELOAXE.COM","isPartOf":{"@id":"https:\/\/veloaxe.com\/#website"},"primaryImageOfPage":{"@id":"https:\/\/veloaxe.com\/producto\/maneta-izquierda-sram-force-axs-d2-flat-mount\/#primaryimage"},"image":{"@id":"https:\/\/veloaxe.com\/producto\/maneta-izquierda-sram-force-axs-d2-flat-mount\/#primaryimage"},"thumbnailUrl":"https:\/\/veloaxe.com\/wp-content\/uploads\/2023\/10\/maneta-sram-force-axs-d2-izquierda.jpg","datePublished":"2023-10-11T06:35:23+00:00","dateModified":"2025-08-20T06:31:46+00:00","description":"Manette de d\u00e9railleur gauche SRAM FORCE AXS D2 - disponible sur veloaxe.com pour seulement 339 \u20ac. Livraison gratuite d\u00e8s 99 \u20ac d&#039;achat. Livraison rapide en 48h.","breadcrumb":{"@id":"https:\/\/veloaxe.com\/producto\/maneta-izquierda-sram-force-axs-d2-flat-mount\/#breadcrumb"},"inLanguage":"fr-FR","potentialAction":[{"@type":"ReadAction","target":["https:\/\/veloaxe.com\/producto\/maneta-izquierda-sram-force-axs-d2-flat-mount\/"]}]},{"@type":"ImageObject","inLanguage":"fr-FR","@id":"https:\/\/veloaxe.com\/producto\/maneta-izquierda-sram-force-axs-d2-flat-mount\/#primaryimage","url":"https:\/\/veloaxe.com\/wp-content\/uploads\/2023\/10\/maneta-sram-force-axs-d2-izquierda.jpg","contentUrl":"https:\/\/veloaxe.com\/wp-content\/uploads\/2023\/10\/maneta-sram-force-axs-d2-izquierda.jpg","width":1000,"height":1000,"caption":"maneta-sram-force-axs-d2-izquierda"},{"@type":"BreadcrumbList","@id":"https:\/\/veloaxe.com\/producto\/maneta-izquierda-sram-force-axs-d2-flat-mount\/#breadcrumb","itemListElement":[{"@type":"ListItem","position":1,"name":"Portada","item":"https:\/\/veloaxe.com\/"},{"@type":"ListItem","position":2,"name":"Shop","item":"https:\/\/paleturquoise-herring-271034.hostingersite.com\/shop\/"},{"@type":"ListItem","position":3,"name":"MANETA IZQUIERDA SRAM FORCE AXS D2 &#8211; FLAT MOUNT"}]},{"@type":"WebSite","@id":"https:\/\/veloaxe.com\/#website","url":"https:\/\/veloaxe.com\/","name":"Boutique de v\u00e9lo en ligne | VELOAXE","description":"D\u00e9couvrez une large s\u00e9lection de v\u00e9los de haute qualit\u00e9, des mod\u00e8les urbains et de montagne aux v\u00e9los de route de pointe. Avec un service d'experts et des accessoires sp\u00e9cialis\u00e9s, nous nous engageons \u00e0 vous offrir la meilleure exp\u00e9rience de cyclisme.","publisher":{"@id":"https:\/\/veloaxe.com\/#organization"},"potentialAction":[{"@type":"SearchAction","target":{"@type":"EntryPoint","urlTemplate":"https:\/\/veloaxe.com\/?s={search_term_string}"},"query-input":{"@type":"PropertyValueSpecification","valueRequired":true,"valueName":"search_term_string"}}],"inLanguage":"fr-FR"},{"@type":"Organization","@id":"https:\/\/veloaxe.com\/#organization","name":"Boutique de v\u00e9lo en ligne | VELOAXE","url":"https:\/\/veloaxe.com\/","logo":{"@type":"ImageObject","inLanguage":"fr-FR","@id":"https:\/\/veloaxe.com\/#\/schema\/logo\/image\/","url":"https:\/\/veloaxe.com\/wp-content\/uploads\/2026\/01\/cropped-logo-1.jpg","contentUrl":"https:\/\/veloaxe.com\/wp-content\/uploads\/2026\/01\/cropped-logo-1.jpg","width":1273,"height":363,"caption":"Tienda de bicicletas | VELOAXE"},"image":{"@id":"https:\/\/veloaxe.com\/#\/schema\/logo\/image\/"},"sameAs":["https:\/\/www.facebook.com\/veloaxe"]}]}},"_links":{"self":[{"href":"https:\/\/veloaxe.com\/fr\/wp-json\/wp\/v2\/product\/12520","targetHints":{"allow":["GET"]}}],"collection":[{"href":"https:\/\/veloaxe.com\/fr\/wp-json\/wp\/v2\/product"}],"about":[{"href":"https:\/\/veloaxe.com\/fr\/wp-json\/wp\/v2\/types\/product"}],"replies":[{"embeddable":true,"href":"https:\/\/veloaxe.com\/fr\/wp-json\/wp\/v2\/comments?post=12520"}],"wp:featuredmedia":[{"embeddable":true,"href":"https:\/\/veloaxe.com\/fr\/wp-json\/wp\/v2\/media\/12521"}],"wp:attachment":[{"href":"https:\/\/veloaxe.com\/fr\/wp-json\/wp\/v2\/media?parent=12520"}],"wp:term":[{"taxonomy":"product_brand","embeddable":true,"href":"https:\/\/veloaxe.com\/fr\/wp-json\/wp\/v2\/product_brand?post=12520"},{"taxonomy":"product_cat","embeddable":true,"href":"https:\/\/veloaxe.com\/fr\/wp-json\/wp\/v2\/product_cat?post=12520"},{"taxonomy":"product_tag","embeddable":true,"href":"https:\/\/veloaxe.com\/fr\/wp-json\/wp\/v2\/product_tag?post=12520"}],"curies":[{"name":"wp","href":"https:\/\/api.w.org\/{rel}","templated":true}]}}