{"id":12523,"date":"2023-10-12T07:09:36","date_gmt":"2023-10-12T07:09:36","guid":{"rendered":"https:\/\/veloaxe.com\/?post_type=product&#038;p=12523"},"modified":"2025-08-20T06:29:42","modified_gmt":"2025-08-20T06:29:42","slug":"levier-gauche-sram-rival-22","status":"publish","type":"product","link":"https:\/\/veloaxe.com\/fr\/producto\/maneta-izquierda-sram-rival-22\/","title":{"rendered":"Levier de d\u00e9railleur gauche SRAM RIVAL 22"},"content":{"rendered":"<p>Levier <strong>SRAM RIVAL 22<\/strong> Pourquoi se contenter d&#039;un d\u00e9railleur bas de gamme, version compliqu\u00e9e de celui utilis\u00e9 par les pros, alors qu&#039;il existe un groupe complet qui r\u00e9pond parfaitement \u00e0 vos besoins\u00a0? Vos besoins sont diff\u00e9rents de ceux des pros, et non inf\u00e9rieurs. Ils \u00e9voluent au rythme de votre pratique du v\u00e9lo, que vous soyez passionn\u00e9 de comp\u00e9tition ou d&#039;aventure. <strong>SRAM Rival 22<\/strong> Il offre des performances exceptionnelles pour une large gamme de v\u00e9los et de disciplines. Les leviers de vitesses et de freins <strong>SRAM Rival 22<\/strong> Ils proposent des leviers textur\u00e9s ErgoFit tr\u00e8s confortables qui am\u00e9liorent la prise en main. <strong>SRAM Rival 22<\/strong> C&#039;est le groupe qu&#039;il vous faut pour tout : route, gravel ou cyclocross.<\/p>\n<p>CARACT\u00c9RISTIQUES :<\/p>\n<p>\u2013 La conception ErgoFit de SRAM RED am\u00e9liore l&#039;adh\u00e9rence et le maintien des doigts.<br \/>\n\u2013 R\u00e9glage de la port\u00e9e ind\u00e9pendant des leviers de vitesse et de frein, pour un ajustement parfait.<br \/>\n\u2013 Le syst\u00e8me ZERO LOSS s&#039;enclenche imm\u00e9diatement d\u00e8s qu&#039;on appuie sur le bouton.<br \/>\n\u2013 Boutons en aluminium forg\u00e9 durable, textur\u00e9s au laser pour un toucher agr\u00e9able.<\/p>","protected":false},"excerpt":{"rendered":"<p>Maneta SRAM RIVAL 22 \u00bfPorqu\u00e9 conformarse con un cambio que es la versi\u00f3n barata y complicada del que llevan los pros, cuando existe un grupo que te da el 100% de lo que pides? Tus necesidades son distintas, no inferiores, a las de los pros. Se trata de unas necesidades que cambian y evolucionan en [&hellip;]<\/p>\n","protected":false},"featured_media":12494,"comment_status":"closed","ping_status":"closed","template":"","meta":[],"product_brand":[],"product_cat":[16,32,27],"product_tag":[],"class_list":{"0":"post-12523","1":"product","2":"type-product","3":"status-publish","4":"has-post-thumbnail","6":"product_cat-carretera-gravel-bicicletas","7":"product_cat-par-de-manetas","8":"product_cat-transmision-para-bicicleta","9":"product_shipping_class-no-bicicletas","11":"first","12":"instock","13":"sale","14":"shipping-taxable","15":"purchasable","16":"product-type-simple"},"yoast_head":"<!-- This site is optimized with the Yoast SEO plugin v27.6 - https:\/\/yoast.com\/product\/yoast-seo-wordpress\/ -->\n<title>MANETA IZQUIERDA SRAM RIVAL 22 | VELOAXE.COM<\/title>\n<meta name=\"description\" content=\"MANETA IZQUIERDA SRAM RIVAL 22 - en veloaxe.com por so\u0301lo 119 \u20ac. Gastos de envi\u0301o GRATIS para compras superiores a 99\u20ac. env\u00edo r\u00e1pido en 48h.\" \/>\n<meta name=\"robots\" content=\"index, follow, max-snippet:-1, max-image-preview:large, max-video-preview:-1\" \/>\n<link rel=\"canonical\" href=\"https:\/\/veloaxe.com\/fr\/produit\/levier-gauche-sram-rival-22\/\" \/>\n<meta property=\"og:locale\" content=\"fr_FR\" \/>\n<meta property=\"og:type\" content=\"article\" \/>\n<meta property=\"og:title\" content=\"MANETA IZQUIERDA SRAM RIVAL 22 | VELOAXE.COM\" \/>\n<meta property=\"og:description\" content=\"MANETA IZQUIERDA SRAM RIVAL 22 - en veloaxe.com por so\u0301lo 119 \u20ac. Gastos de envi\u0301o GRATIS para compras superiores a 99\u20ac. env\u00edo r\u00e1pido en 48h.\" \/>\n<meta property=\"og:url\" content=\"https:\/\/veloaxe.com\/fr\/produit\/levier-gauche-sram-rival-22\/\" \/>\n<meta property=\"og:site_name\" content=\"Tienda de bicicletas | VELOAXE\" \/>\n<meta property=\"article:publisher\" content=\"https:\/\/www.facebook.com\/veloaxe\" \/>\n<meta property=\"article:modified_time\" content=\"2025-08-20T06:29:42+00:00\" \/>\n<meta property=\"og:image\" content=\"https:\/\/veloaxe.com\/wp-content\/uploads\/2023\/10\/par-de-manetas-sram-rival-22.jpeg\" \/>\n\t<meta property=\"og:image:width\" content=\"1000\" \/>\n\t<meta property=\"og:image:height\" content=\"1000\" \/>\n\t<meta property=\"og:image:type\" content=\"image\/jpeg\" \/>\n<meta name=\"twitter:card\" content=\"summary_large_image\" \/>\n<meta name=\"twitter:label1\" content=\"Dur\u00e9e de lecture estim\u00e9e\" \/>\n\t<meta name=\"twitter:data1\" content=\"2 minutes\" \/>\n<script type=\"application\/ld+json\" class=\"yoast-schema-graph\">{\"@context\":\"https:\\\/\\\/schema.org\",\"@graph\":[{\"@type\":\"WebPage\",\"@id\":\"https:\\\/\\\/veloaxe.com\\\/producto\\\/maneta-izquierda-sram-rival-22\\\/\",\"url\":\"https:\\\/\\\/veloaxe.com\\\/producto\\\/maneta-izquierda-sram-rival-22\\\/\",\"name\":\"MANETA IZQUIERDA SRAM RIVAL 22 | VELOAXE.COM\",\"isPartOf\":{\"@id\":\"https:\\\/\\\/veloaxe.com\\\/#website\"},\"primaryImageOfPage\":{\"@id\":\"https:\\\/\\\/veloaxe.com\\\/producto\\\/maneta-izquierda-sram-rival-22\\\/#primaryimage\"},\"image\":{\"@id\":\"https:\\\/\\\/veloaxe.com\\\/producto\\\/maneta-izquierda-sram-rival-22\\\/#primaryimage\"},\"thumbnailUrl\":\"https:\\\/\\\/veloaxe.com\\\/wp-content\\\/uploads\\\/2023\\\/10\\\/par-de-manetas-sram-rival-22.jpeg\",\"datePublished\":\"2023-10-12T07:09:36+00:00\",\"dateModified\":\"2025-08-20T06:29:42+00:00\",\"description\":\"MANETA IZQUIERDA SRAM RIVAL 22 - en veloaxe.com por so\u0301lo 119 \u20ac. Gastos de envi\u0301o GRATIS para compras superiores a 99\u20ac. env\u00edo r\u00e1pido en 48h.\",\"breadcrumb\":{\"@id\":\"https:\\\/\\\/veloaxe.com\\\/producto\\\/maneta-izquierda-sram-rival-22\\\/#breadcrumb\"},\"inLanguage\":\"fr-FR\",\"potentialAction\":[{\"@type\":\"ReadAction\",\"target\":[\"https:\\\/\\\/veloaxe.com\\\/producto\\\/maneta-izquierda-sram-rival-22\\\/\"]}]},{\"@type\":\"ImageObject\",\"inLanguage\":\"fr-FR\",\"@id\":\"https:\\\/\\\/veloaxe.com\\\/producto\\\/maneta-izquierda-sram-rival-22\\\/#primaryimage\",\"url\":\"https:\\\/\\\/veloaxe.com\\\/wp-content\\\/uploads\\\/2023\\\/10\\\/par-de-manetas-sram-rival-22.jpeg\",\"contentUrl\":\"https:\\\/\\\/veloaxe.com\\\/wp-content\\\/uploads\\\/2023\\\/10\\\/par-de-manetas-sram-rival-22.jpeg\",\"width\":1000,\"height\":1000,\"caption\":\"par-de-manetas-sram-rival-22\"},{\"@type\":\"BreadcrumbList\",\"@id\":\"https:\\\/\\\/veloaxe.com\\\/producto\\\/maneta-izquierda-sram-rival-22\\\/#breadcrumb\",\"itemListElement\":[{\"@type\":\"ListItem\",\"position\":1,\"name\":\"Portada\",\"item\":\"https:\\\/\\\/veloaxe.com\\\/\"},{\"@type\":\"ListItem\",\"position\":2,\"name\":\"Shop\",\"item\":\"https:\\\/\\\/paleturquoise-herring-271034.hostingersite.com\\\/shop\\\/\"},{\"@type\":\"ListItem\",\"position\":3,\"name\":\"MANETA IZQUIERDA SRAM RIVAL 22\"}]},{\"@type\":\"WebSite\",\"@id\":\"https:\\\/\\\/veloaxe.com\\\/#website\",\"url\":\"https:\\\/\\\/veloaxe.com\\\/\",\"name\":\"Tienda de bicicletas | VELOAXE\",\"description\":\"Descubre una amplia selecci\u00f3n de bicicletas de alta calidad, desde modelos urbanos y de monta\u00f1a hasta bicicletas de carretera de \u00faltima generaci\u00f3n. Con un servicio experto y accesorios especializados, estamos comprometidos a brindarte la mejor experiencia ciclista.\",\"publisher\":{\"@id\":\"https:\\\/\\\/veloaxe.com\\\/#organization\"},\"potentialAction\":[{\"@type\":\"SearchAction\",\"target\":{\"@type\":\"EntryPoint\",\"urlTemplate\":\"https:\\\/\\\/veloaxe.com\\\/?s={search_term_string}\"},\"query-input\":{\"@type\":\"PropertyValueSpecification\",\"valueRequired\":true,\"valueName\":\"search_term_string\"}}],\"inLanguage\":\"fr-FR\"},{\"@type\":\"Organization\",\"@id\":\"https:\\\/\\\/veloaxe.com\\\/#organization\",\"name\":\"Tienda de bicicletas | VELOAXE\",\"url\":\"https:\\\/\\\/veloaxe.com\\\/\",\"logo\":{\"@type\":\"ImageObject\",\"inLanguage\":\"fr-FR\",\"@id\":\"https:\\\/\\\/veloaxe.com\\\/#\\\/schema\\\/logo\\\/image\\\/\",\"url\":\"https:\\\/\\\/veloaxe.com\\\/wp-content\\\/uploads\\\/2026\\\/01\\\/cropped-logo-1.jpg\",\"contentUrl\":\"https:\\\/\\\/veloaxe.com\\\/wp-content\\\/uploads\\\/2026\\\/01\\\/cropped-logo-1.jpg\",\"width\":1273,\"height\":363,\"caption\":\"Tienda de bicicletas | VELOAXE\"},\"image\":{\"@id\":\"https:\\\/\\\/veloaxe.com\\\/#\\\/schema\\\/logo\\\/image\\\/\"},\"sameAs\":[\"https:\\\/\\\/www.facebook.com\\\/veloaxe\"]}]}<\/script>\n<!-- \/ Yoast SEO plugin. -->","yoast_head_json":{"title":"Levier de d\u00e9railleur gauche SRAM RIVAL 22 | VELOAXE.COM","description":"Manette de d\u00e9railleur gauche SRAM RIVAL 22 - disponible sur veloaxe.com \u00e0 seulement 119 \u20ac. Livraison gratuite d\u00e8s 99 \u20ac d&#039;achat. Livraison rapide en 48h.","robots":{"index":"index","follow":"follow","max-snippet":"max-snippet:-1","max-image-preview":"max-image-preview:large","max-video-preview":"max-video-preview:-1"},"canonical":"https:\/\/veloaxe.com\/fr\/produit\/levier-gauche-sram-rival-22\/","og_locale":"fr_FR","og_type":"article","og_title":"MANETA IZQUIERDA SRAM RIVAL 22 | VELOAXE.COM","og_description":"MANETA IZQUIERDA SRAM RIVAL 22 - en veloaxe.com por so\u0301lo 119 \u20ac. Gastos de envi\u0301o GRATIS para compras superiores a 99\u20ac. env\u00edo r\u00e1pido en 48h.","og_url":"https:\/\/veloaxe.com\/fr\/produit\/levier-gauche-sram-rival-22\/","og_site_name":"Tienda de bicicletas | VELOAXE","article_publisher":"https:\/\/www.facebook.com\/veloaxe","article_modified_time":"2025-08-20T06:29:42+00:00","og_image":[{"width":1000,"height":1000,"url":"https:\/\/veloaxe.com\/wp-content\/uploads\/2023\/10\/par-de-manetas-sram-rival-22.jpeg","type":"image\/jpeg"}],"twitter_card":"summary_large_image","twitter_misc":{"Dur\u00e9e de lecture estim\u00e9e":"2 minutes"},"schema":{"@context":"https:\/\/schema.org","@graph":[{"@type":"WebPage","@id":"https:\/\/veloaxe.com\/producto\/maneta-izquierda-sram-rival-22\/","url":"https:\/\/veloaxe.com\/producto\/maneta-izquierda-sram-rival-22\/","name":"Levier de d\u00e9railleur gauche SRAM RIVAL 22 | VELOAXE.COM","isPartOf":{"@id":"https:\/\/veloaxe.com\/#website"},"primaryImageOfPage":{"@id":"https:\/\/veloaxe.com\/producto\/maneta-izquierda-sram-rival-22\/#primaryimage"},"image":{"@id":"https:\/\/veloaxe.com\/producto\/maneta-izquierda-sram-rival-22\/#primaryimage"},"thumbnailUrl":"https:\/\/veloaxe.com\/wp-content\/uploads\/2023\/10\/par-de-manetas-sram-rival-22.jpeg","datePublished":"2023-10-12T07:09:36+00:00","dateModified":"2025-08-20T06:29:42+00:00","description":"Manette de d\u00e9railleur gauche SRAM RIVAL 22 - disponible sur veloaxe.com \u00e0 seulement 119 \u20ac. Livraison gratuite d\u00e8s 99 \u20ac d&#039;achat. Livraison rapide en 48h.","breadcrumb":{"@id":"https:\/\/veloaxe.com\/producto\/maneta-izquierda-sram-rival-22\/#breadcrumb"},"inLanguage":"fr-FR","potentialAction":[{"@type":"ReadAction","target":["https:\/\/veloaxe.com\/producto\/maneta-izquierda-sram-rival-22\/"]}]},{"@type":"ImageObject","inLanguage":"fr-FR","@id":"https:\/\/veloaxe.com\/producto\/maneta-izquierda-sram-rival-22\/#primaryimage","url":"https:\/\/veloaxe.com\/wp-content\/uploads\/2023\/10\/par-de-manetas-sram-rival-22.jpeg","contentUrl":"https:\/\/veloaxe.com\/wp-content\/uploads\/2023\/10\/par-de-manetas-sram-rival-22.jpeg","width":1000,"height":1000,"caption":"par-de-manetas-sram-rival-22"},{"@type":"BreadcrumbList","@id":"https:\/\/veloaxe.com\/producto\/maneta-izquierda-sram-rival-22\/#breadcrumb","itemListElement":[{"@type":"ListItem","position":1,"name":"Portada","item":"https:\/\/veloaxe.com\/"},{"@type":"ListItem","position":2,"name":"Shop","item":"https:\/\/paleturquoise-herring-271034.hostingersite.com\/shop\/"},{"@type":"ListItem","position":3,"name":"MANETA IZQUIERDA SRAM RIVAL 22"}]},{"@type":"WebSite","@id":"https:\/\/veloaxe.com\/#website","url":"https:\/\/veloaxe.com\/","name":"Boutique de v\u00e9lo en ligne | VELOAXE","description":"D\u00e9couvrez une large s\u00e9lection de v\u00e9los de haute qualit\u00e9, des mod\u00e8les urbains et de montagne aux v\u00e9los de route de pointe. Avec un service d'experts et des accessoires sp\u00e9cialis\u00e9s, nous nous engageons \u00e0 vous offrir la meilleure exp\u00e9rience de cyclisme.","publisher":{"@id":"https:\/\/veloaxe.com\/#organization"},"potentialAction":[{"@type":"SearchAction","target":{"@type":"EntryPoint","urlTemplate":"https:\/\/veloaxe.com\/?s={search_term_string}"},"query-input":{"@type":"PropertyValueSpecification","valueRequired":true,"valueName":"search_term_string"}}],"inLanguage":"fr-FR"},{"@type":"Organization","@id":"https:\/\/veloaxe.com\/#organization","name":"Boutique de v\u00e9lo en ligne | VELOAXE","url":"https:\/\/veloaxe.com\/","logo":{"@type":"ImageObject","inLanguage":"fr-FR","@id":"https:\/\/veloaxe.com\/#\/schema\/logo\/image\/","url":"https:\/\/veloaxe.com\/wp-content\/uploads\/2026\/01\/cropped-logo-1.jpg","contentUrl":"https:\/\/veloaxe.com\/wp-content\/uploads\/2026\/01\/cropped-logo-1.jpg","width":1273,"height":363,"caption":"Tienda de bicicletas | VELOAXE"},"image":{"@id":"https:\/\/veloaxe.com\/#\/schema\/logo\/image\/"},"sameAs":["https:\/\/www.facebook.com\/veloaxe"]}]}},"_links":{"self":[{"href":"https:\/\/veloaxe.com\/fr\/wp-json\/wp\/v2\/product\/12523","targetHints":{"allow":["GET"]}}],"collection":[{"href":"https:\/\/veloaxe.com\/fr\/wp-json\/wp\/v2\/product"}],"about":[{"href":"https:\/\/veloaxe.com\/fr\/wp-json\/wp\/v2\/types\/product"}],"replies":[{"embeddable":true,"href":"https:\/\/veloaxe.com\/fr\/wp-json\/wp\/v2\/comments?post=12523"}],"wp:featuredmedia":[{"embeddable":true,"href":"https:\/\/veloaxe.com\/fr\/wp-json\/wp\/v2\/media\/12494"}],"wp:attachment":[{"href":"https:\/\/veloaxe.com\/fr\/wp-json\/wp\/v2\/media?parent=12523"}],"wp:term":[{"taxonomy":"product_brand","embeddable":true,"href":"https:\/\/veloaxe.com\/fr\/wp-json\/wp\/v2\/product_brand?post=12523"},{"taxonomy":"product_cat","embeddable":true,"href":"https:\/\/veloaxe.com\/fr\/wp-json\/wp\/v2\/product_cat?post=12523"},{"taxonomy":"product_tag","embeddable":true,"href":"https:\/\/veloaxe.com\/fr\/wp-json\/wp\/v2\/product_tag?post=12523"}],"curies":[{"name":"wp","href":"https:\/\/api.w.org\/{rel}","templated":true}]}}