{"id":12544,"date":"2023-10-18T07:51:14","date_gmt":"2023-10-18T07:51:14","guid":{"rendered":"https:\/\/veloaxe.com\/?post_type=product&#038;p=12544"},"modified":"2025-08-09T14:31:04","modified_gmt":"2025-08-09T14:31:04","slug":"par-maneta-campagnolo-chorus-2x12v","status":"publish","type":"product","link":"https:\/\/veloaxe.com\/fr\/producto\/par-maneta-campagnolo-chorus-2x12v\/","title":{"rendered":"PAR MANETA CAMPAGNOLO CHORUS 2x12v"},"content":{"rendered":"<p>El nuevo <strong>PAR MANETA CAMPAGNOLO CHORUS 2x12v<\/strong> est\u00e1ndar, no s\u00f3lo ergon\u00f3mico sino tambi\u00e9n personalizable, encuentra su continuaci\u00f3n en el dise\u00f1o de las palancas Chorus. Adem\u00e1s de la palanca del freno, construida en aluminio pero recubierta por un revestimiento que destaca el acabado y la sensaci\u00f3n t\u00e1ctil al contacto con la mano, los Ergopower Chorus son casi id\u00e9nticos a los mandos Super Record y Record.<\/p>\n<p>Las caracter\u00edsticas ergon\u00f3micas, como el nuevo dise\u00f1o de las manetas, el dise\u00f1o de la palanca del freno y las palancas de la transmisi\u00f3n m\u00e1s grandes se unen a caracter\u00edsticas que dan al mando Ergopower una forma \u00fanica ideal para las exigencias del ciclista. El mando Ergopower ofrece diferentes posiciones para adaptarse mejor a manos de diferentes tama\u00f1os. La comprobada filosof\u00eda one-lever-one-action de Campagnolo asegura un control claro, independientemente de las condiciones y de la posici\u00f3n en la que se encuentre el ciclista.<\/p>\n<p>Para accionar el cambio de 12 velocidades, la<strong> PAR MANETA CAMPAGNOLO CHORUS 2x12v<\/strong> utiliza el mecanismo interno Ultra-Shift, que permite desplazar hasta 5 pi\u00f1ones en bajada y 3 en subida, con un solo movimiento. Los mandos Chorus ofrecen las mismas prestaciones de cambio altamente duraderas y suaves de los otros grupos de 12 velocidades, gracias a los nuevos cables y a sus alojamientos.<\/p>\n<p>Peso : 362 grs<\/p>","protected":false},"excerpt":{"rendered":"<p>El nuevo PAR MANETA CAMPAGNOLO CHORUS 2x12v est\u00e1ndar, no s\u00f3lo ergon\u00f3mico sino tambi\u00e9n personalizable, encuentra su continuaci\u00f3n en el dise\u00f1o de las palancas Chorus. Adem\u00e1s de la palanca del freno, construida en aluminio pero recubierta por un revestimiento que destaca el acabado y la sensaci\u00f3n t\u00e1ctil al contacto con la mano, los Ergopower Chorus son [&hellip;]<\/p>\n","protected":false},"featured_media":12545,"comment_status":"closed","ping_status":"closed","template":"","meta":[],"product_brand":[],"product_cat":[16,32,27],"product_tag":[],"class_list":{"0":"post-12544","1":"product","2":"type-product","3":"status-publish","4":"has-post-thumbnail","6":"product_cat-carretera-gravel-bicicletas","7":"product_cat-par-de-manetas","8":"product_cat-transmision-para-bicicleta","9":"product_shipping_class-no-bicicletas","11":"first","12":"instock","13":"sale","14":"shipping-taxable","15":"purchasable","16":"product-type-simple"},"yoast_head":"<!-- This site is optimized with the Yoast SEO plugin v27.6 - https:\/\/yoast.com\/product\/yoast-seo-wordpress\/ -->\n<title>PAR MANETA CAMPAGNOLO CHORUS 12v | VELOAXE.COM<\/title>\n<meta name=\"description\" content=\"PAR MANETA CAMPAGNOLO CHORUS 12v - en veloaxe.com por so\u0301lo 239 \u20ac. Gastos de envi\u0301o GRATIS para compras superiores a 99\u20ac. env\u00edo r\u00e1pido en 48h.\" \/>\n<meta name=\"robots\" content=\"index, follow, max-snippet:-1, max-image-preview:large, max-video-preview:-1\" \/>\n<link rel=\"canonical\" href=\"https:\/\/veloaxe.com\/fr\/produit\/par-maneta-campagnolo-chorus-2x12v\/\" \/>\n<meta property=\"og:locale\" content=\"fr_FR\" \/>\n<meta property=\"og:type\" content=\"article\" \/>\n<meta property=\"og:title\" content=\"PAR MANETA CAMPAGNOLO CHORUS 12v | VELOAXE.COM\" \/>\n<meta property=\"og:description\" content=\"PAR MANETA CAMPAGNOLO CHORUS 12v - en veloaxe.com por so\u0301lo 239 \u20ac. Gastos de envi\u0301o GRATIS para compras superiores a 99\u20ac. env\u00edo r\u00e1pido en 48h.\" \/>\n<meta property=\"og:url\" content=\"https:\/\/veloaxe.com\/fr\/produit\/par-maneta-campagnolo-chorus-2x12v\/\" \/>\n<meta property=\"og:site_name\" content=\"Tienda de bicicletas | VELOAXE\" \/>\n<meta property=\"article:publisher\" content=\"https:\/\/www.facebook.com\/veloaxe\" \/>\n<meta property=\"article:modified_time\" content=\"2025-08-09T14:31:04+00:00\" \/>\n<meta property=\"og:image\" content=\"https:\/\/veloaxe.com\/wp-content\/uploads\/2023\/10\/manetas-campagnolo-chorus-12v.jpg\" \/>\n\t<meta property=\"og:image:width\" content=\"700\" \/>\n\t<meta property=\"og:image:height\" content=\"828\" \/>\n\t<meta property=\"og:image:type\" content=\"image\/jpeg\" \/>\n<meta name=\"twitter:card\" content=\"summary_large_image\" \/>\n<meta name=\"twitter:label1\" content=\"Dur\u00e9e de lecture estim\u00e9e\" \/>\n\t<meta name=\"twitter:data1\" content=\"2 minutes\" \/>\n<script type=\"application\/ld+json\" class=\"yoast-schema-graph\">{\"@context\":\"https:\\\/\\\/schema.org\",\"@graph\":[{\"@type\":\"WebPage\",\"@id\":\"https:\\\/\\\/veloaxe.com\\\/producto\\\/par-maneta-campagnolo-chorus-2x12v\\\/\",\"url\":\"https:\\\/\\\/veloaxe.com\\\/producto\\\/par-maneta-campagnolo-chorus-2x12v\\\/\",\"name\":\"PAR MANETA CAMPAGNOLO CHORUS 12v | VELOAXE.COM\",\"isPartOf\":{\"@id\":\"https:\\\/\\\/veloaxe.com\\\/#website\"},\"primaryImageOfPage\":{\"@id\":\"https:\\\/\\\/veloaxe.com\\\/producto\\\/par-maneta-campagnolo-chorus-2x12v\\\/#primaryimage\"},\"image\":{\"@id\":\"https:\\\/\\\/veloaxe.com\\\/producto\\\/par-maneta-campagnolo-chorus-2x12v\\\/#primaryimage\"},\"thumbnailUrl\":\"https:\\\/\\\/veloaxe.com\\\/wp-content\\\/uploads\\\/2023\\\/10\\\/manetas-campagnolo-chorus-12v.jpg\",\"datePublished\":\"2023-10-18T07:51:14+00:00\",\"dateModified\":\"2025-08-09T14:31:04+00:00\",\"description\":\"PAR MANETA CAMPAGNOLO CHORUS 12v - en veloaxe.com por so\u0301lo 239 \u20ac. Gastos de envi\u0301o GRATIS para compras superiores a 99\u20ac. env\u00edo r\u00e1pido en 48h.\",\"breadcrumb\":{\"@id\":\"https:\\\/\\\/veloaxe.com\\\/producto\\\/par-maneta-campagnolo-chorus-2x12v\\\/#breadcrumb\"},\"inLanguage\":\"fr-FR\",\"potentialAction\":[{\"@type\":\"ReadAction\",\"target\":[\"https:\\\/\\\/veloaxe.com\\\/producto\\\/par-maneta-campagnolo-chorus-2x12v\\\/\"]}]},{\"@type\":\"ImageObject\",\"inLanguage\":\"fr-FR\",\"@id\":\"https:\\\/\\\/veloaxe.com\\\/producto\\\/par-maneta-campagnolo-chorus-2x12v\\\/#primaryimage\",\"url\":\"https:\\\/\\\/veloaxe.com\\\/wp-content\\\/uploads\\\/2023\\\/10\\\/manetas-campagnolo-chorus-12v.jpg\",\"contentUrl\":\"https:\\\/\\\/veloaxe.com\\\/wp-content\\\/uploads\\\/2023\\\/10\\\/manetas-campagnolo-chorus-12v.jpg\",\"width\":700,\"height\":828,\"caption\":\"maneta-campagnolo-chorus-12v\"},{\"@type\":\"BreadcrumbList\",\"@id\":\"https:\\\/\\\/veloaxe.com\\\/producto\\\/par-maneta-campagnolo-chorus-2x12v\\\/#breadcrumb\",\"itemListElement\":[{\"@type\":\"ListItem\",\"position\":1,\"name\":\"Portada\",\"item\":\"https:\\\/\\\/veloaxe.com\\\/\"},{\"@type\":\"ListItem\",\"position\":2,\"name\":\"Shop\",\"item\":\"https:\\\/\\\/paleturquoise-herring-271034.hostingersite.com\\\/shop\\\/\"},{\"@type\":\"ListItem\",\"position\":3,\"name\":\"PAR MANETA CAMPAGNOLO CHORUS 2x12v\"}]},{\"@type\":\"WebSite\",\"@id\":\"https:\\\/\\\/veloaxe.com\\\/#website\",\"url\":\"https:\\\/\\\/veloaxe.com\\\/\",\"name\":\"Tienda de bicicletas | VELOAXE\",\"description\":\"Descubre una amplia selecci\u00f3n de bicicletas de alta calidad, desde modelos urbanos y de monta\u00f1a hasta bicicletas de carretera de \u00faltima generaci\u00f3n. Con un servicio experto y accesorios especializados, estamos comprometidos a brindarte la mejor experiencia ciclista.\",\"publisher\":{\"@id\":\"https:\\\/\\\/veloaxe.com\\\/#organization\"},\"potentialAction\":[{\"@type\":\"SearchAction\",\"target\":{\"@type\":\"EntryPoint\",\"urlTemplate\":\"https:\\\/\\\/veloaxe.com\\\/?s={search_term_string}\"},\"query-input\":{\"@type\":\"PropertyValueSpecification\",\"valueRequired\":true,\"valueName\":\"search_term_string\"}}],\"inLanguage\":\"fr-FR\"},{\"@type\":\"Organization\",\"@id\":\"https:\\\/\\\/veloaxe.com\\\/#organization\",\"name\":\"Tienda de bicicletas | VELOAXE\",\"url\":\"https:\\\/\\\/veloaxe.com\\\/\",\"logo\":{\"@type\":\"ImageObject\",\"inLanguage\":\"fr-FR\",\"@id\":\"https:\\\/\\\/veloaxe.com\\\/#\\\/schema\\\/logo\\\/image\\\/\",\"url\":\"https:\\\/\\\/veloaxe.com\\\/wp-content\\\/uploads\\\/2026\\\/01\\\/cropped-logo-1.jpg\",\"contentUrl\":\"https:\\\/\\\/veloaxe.com\\\/wp-content\\\/uploads\\\/2026\\\/01\\\/cropped-logo-1.jpg\",\"width\":1273,\"height\":363,\"caption\":\"Tienda de bicicletas | VELOAXE\"},\"image\":{\"@id\":\"https:\\\/\\\/veloaxe.com\\\/#\\\/schema\\\/logo\\\/image\\\/\"},\"sameAs\":[\"https:\\\/\\\/www.facebook.com\\\/veloaxe\"]}]}<\/script>\n<!-- \/ Yoast SEO plugin. -->","yoast_head_json":{"title":"PAR MANETA CAMPAGNOLO CHORUS 12v | VELOAXE.COM","description":"PAR MANETA CAMPAGNOLO CHORUS 12v - en veloaxe.com por so\u0301lo 239 \u20ac. Gastos de envi\u0301o GRATIS para compras superiores a 99\u20ac. env\u00edo r\u00e1pido en 48h.","robots":{"index":"index","follow":"follow","max-snippet":"max-snippet:-1","max-image-preview":"max-image-preview:large","max-video-preview":"max-video-preview:-1"},"canonical":"https:\/\/veloaxe.com\/fr\/produit\/par-maneta-campagnolo-chorus-2x12v\/","og_locale":"fr_FR","og_type":"article","og_title":"PAR MANETA CAMPAGNOLO CHORUS 12v | VELOAXE.COM","og_description":"PAR MANETA CAMPAGNOLO CHORUS 12v - en veloaxe.com por so\u0301lo 239 \u20ac. Gastos de envi\u0301o GRATIS para compras superiores a 99\u20ac. env\u00edo r\u00e1pido en 48h.","og_url":"https:\/\/veloaxe.com\/fr\/produit\/par-maneta-campagnolo-chorus-2x12v\/","og_site_name":"Tienda de bicicletas | VELOAXE","article_publisher":"https:\/\/www.facebook.com\/veloaxe","article_modified_time":"2025-08-09T14:31:04+00:00","og_image":[{"width":700,"height":828,"url":"https:\/\/veloaxe.com\/wp-content\/uploads\/2023\/10\/manetas-campagnolo-chorus-12v.jpg","type":"image\/jpeg"}],"twitter_card":"summary_large_image","twitter_misc":{"Dur\u00e9e de lecture estim\u00e9e":"2 minutes"},"schema":{"@context":"https:\/\/schema.org","@graph":[{"@type":"WebPage","@id":"https:\/\/veloaxe.com\/producto\/par-maneta-campagnolo-chorus-2x12v\/","url":"https:\/\/veloaxe.com\/producto\/par-maneta-campagnolo-chorus-2x12v\/","name":"PAR MANETA CAMPAGNOLO CHORUS 12v | VELOAXE.COM","isPartOf":{"@id":"https:\/\/veloaxe.com\/#website"},"primaryImageOfPage":{"@id":"https:\/\/veloaxe.com\/producto\/par-maneta-campagnolo-chorus-2x12v\/#primaryimage"},"image":{"@id":"https:\/\/veloaxe.com\/producto\/par-maneta-campagnolo-chorus-2x12v\/#primaryimage"},"thumbnailUrl":"https:\/\/veloaxe.com\/wp-content\/uploads\/2023\/10\/manetas-campagnolo-chorus-12v.jpg","datePublished":"2023-10-18T07:51:14+00:00","dateModified":"2025-08-09T14:31:04+00:00","description":"PAR MANETA CAMPAGNOLO CHORUS 12v - en veloaxe.com por so\u0301lo 239 \u20ac. Gastos de envi\u0301o GRATIS para compras superiores a 99\u20ac. env\u00edo r\u00e1pido en 48h.","breadcrumb":{"@id":"https:\/\/veloaxe.com\/producto\/par-maneta-campagnolo-chorus-2x12v\/#breadcrumb"},"inLanguage":"fr-FR","potentialAction":[{"@type":"ReadAction","target":["https:\/\/veloaxe.com\/producto\/par-maneta-campagnolo-chorus-2x12v\/"]}]},{"@type":"ImageObject","inLanguage":"fr-FR","@id":"https:\/\/veloaxe.com\/producto\/par-maneta-campagnolo-chorus-2x12v\/#primaryimage","url":"https:\/\/veloaxe.com\/wp-content\/uploads\/2023\/10\/manetas-campagnolo-chorus-12v.jpg","contentUrl":"https:\/\/veloaxe.com\/wp-content\/uploads\/2023\/10\/manetas-campagnolo-chorus-12v.jpg","width":700,"height":828,"caption":"maneta-campagnolo-chorus-12v"},{"@type":"BreadcrumbList","@id":"https:\/\/veloaxe.com\/producto\/par-maneta-campagnolo-chorus-2x12v\/#breadcrumb","itemListElement":[{"@type":"ListItem","position":1,"name":"Portada","item":"https:\/\/veloaxe.com\/"},{"@type":"ListItem","position":2,"name":"Shop","item":"https:\/\/paleturquoise-herring-271034.hostingersite.com\/shop\/"},{"@type":"ListItem","position":3,"name":"PAR MANETA CAMPAGNOLO CHORUS 2x12v"}]},{"@type":"WebSite","@id":"https:\/\/veloaxe.com\/#website","url":"https:\/\/veloaxe.com\/","name":"Boutique de v\u00e9lo en ligne | VELOAXE","description":"Descubre una amplia selecci\u00f3n de bicicletas de alta calidad, desde modelos urbanos y de monta\u00f1a hasta bicicletas de carretera de \u00faltima generaci\u00f3n. Con un servicio experto y accesorios especializados, estamos comprometidos a brindarte la mejor experiencia ciclista.","publisher":{"@id":"https:\/\/veloaxe.com\/#organization"},"potentialAction":[{"@type":"SearchAction","target":{"@type":"EntryPoint","urlTemplate":"https:\/\/veloaxe.com\/?s={search_term_string}"},"query-input":{"@type":"PropertyValueSpecification","valueRequired":true,"valueName":"search_term_string"}}],"inLanguage":"fr-FR"},{"@type":"Organization","@id":"https:\/\/veloaxe.com\/#organization","name":"Boutique de v\u00e9lo en ligne | VELOAXE","url":"https:\/\/veloaxe.com\/","logo":{"@type":"ImageObject","inLanguage":"fr-FR","@id":"https:\/\/veloaxe.com\/#\/schema\/logo\/image\/","url":"https:\/\/veloaxe.com\/wp-content\/uploads\/2026\/01\/cropped-logo-1.jpg","contentUrl":"https:\/\/veloaxe.com\/wp-content\/uploads\/2026\/01\/cropped-logo-1.jpg","width":1273,"height":363,"caption":"Tienda de bicicletas | VELOAXE"},"image":{"@id":"https:\/\/veloaxe.com\/#\/schema\/logo\/image\/"},"sameAs":["https:\/\/www.facebook.com\/veloaxe"]}]}},"_links":{"self":[{"href":"https:\/\/veloaxe.com\/fr\/wp-json\/wp\/v2\/product\/12544","targetHints":{"allow":["GET"]}}],"collection":[{"href":"https:\/\/veloaxe.com\/fr\/wp-json\/wp\/v2\/product"}],"about":[{"href":"https:\/\/veloaxe.com\/fr\/wp-json\/wp\/v2\/types\/product"}],"replies":[{"embeddable":true,"href":"https:\/\/veloaxe.com\/fr\/wp-json\/wp\/v2\/comments?post=12544"}],"wp:featuredmedia":[{"embeddable":true,"href":"https:\/\/veloaxe.com\/fr\/wp-json\/wp\/v2\/media\/12545"}],"wp:attachment":[{"href":"https:\/\/veloaxe.com\/fr\/wp-json\/wp\/v2\/media?parent=12544"}],"wp:term":[{"taxonomy":"product_brand","embeddable":true,"href":"https:\/\/veloaxe.com\/fr\/wp-json\/wp\/v2\/product_brand?post=12544"},{"taxonomy":"product_cat","embeddable":true,"href":"https:\/\/veloaxe.com\/fr\/wp-json\/wp\/v2\/product_cat?post=12544"},{"taxonomy":"product_tag","embeddable":true,"href":"https:\/\/veloaxe.com\/fr\/wp-json\/wp\/v2\/product_tag?post=12544"}],"curies":[{"name":"wp","href":"https:\/\/api.w.org\/{rel}","templated":true}]}}