{"id":12550,"date":"2023-10-18T15:35:28","date_gmt":"2023-10-18T15:35:28","guid":{"rendered":"https:\/\/veloaxe.com\/?post_type=product&#038;p=12550"},"modified":"2025-08-09T14:20:14","modified_gmt":"2025-08-09T14:20:14","slug":"maneta-izquierda-campagnolo-chorus-hidraulico-160mm","status":"publish","type":"product","link":"https:\/\/veloaxe.com\/fr\/producto\/maneta-izquierda-campagnolo-chorus-hidraulico-160mm\/","title":{"rendered":"MANETA IZQUIERDA CAMPAGNOLO CHORUS HIDRAULICO 160mm"},"content":{"rendered":"<p>La nueva <strong>MANETA IZQUIERDA CAMPAGNOLO CHORUS HIDRAULICO 12v<\/strong> est\u00e1ndar, no s\u00f3lo ergon\u00f3mico sino tambi\u00e9n personalizable, encuentra su continuaci\u00f3n en el dise\u00f1o de las palancas Chorus. Adem\u00e1s de la palanca del freno, construida en aluminio pero recubierta por un revestimiento que destaca el acabado y la sensaci\u00f3n t\u00e1ctil al contacto con la mano, los Ergopower Chorus son casi id\u00e9nticos a los mandos Super Record y Record.<\/p>\n<p>Las caracter\u00edsticas ergon\u00f3micas, como el nuevo dise\u00f1o de las manetas, el dise\u00f1o de la palanca del freno y las palancas de la transmisi\u00f3n m\u00e1s grandes se unen a caracter\u00edsticas que dan al mando Ergopower una forma \u00fanica ideal para las exigencias del ciclista. El mando Ergopower ofrece diferentes posiciones para adaptarse mejor a manos de diferentes tama\u00f1os. La comprobada filosof\u00eda one-lever-one-action de Campagnolo asegura un control claro, independientemente de las condiciones y de la posici\u00f3n en la que se encuentre el ciclista.<\/p>\n<p>Para accionar el cambio de 12 velocidades, la maneta CAMPAGNOLO CHORUS IZQUIERDA\u00a0 utiliza el mecanismo interno Ultra-Shift, que permite desplazar hasta 5 pi\u00f1ones en bajada y 3 en subida, con un solo movimiento. Los mandos Chorus ofrecen las mismas prestaciones de cambio altamente duraderas y suaves de los otros grupos de 12 velocidades, gracias a los nuevos cables y a sus alojamientos.<\/p>\n<p>Peso : 488\u00a0grs<\/p>\n<p>Freno : hidraulico<\/p>\n<p>DISCO : 160mm<\/p>","protected":false},"excerpt":{"rendered":"<p>La nueva MANETA IZQUIERDA CAMPAGNOLO CHORUS HIDRAULICO 12v est\u00e1ndar, no s\u00f3lo ergon\u00f3mico sino tambi\u00e9n personalizable, encuentra su continuaci\u00f3n en el dise\u00f1o de las palancas Chorus. Adem\u00e1s de la palanca del freno, construida en aluminio pero recubierta por un revestimiento que destaca el acabado y la sensaci\u00f3n t\u00e1ctil al contacto con la mano, los Ergopower Chorus [&hellip;]<\/p>\n","protected":false},"featured_media":12548,"comment_status":"closed","ping_status":"closed","template":"","meta":[],"product_brand":[],"product_cat":[16,32,27],"product_tag":[],"class_list":{"0":"post-12550","1":"product","2":"type-product","3":"status-publish","4":"has-post-thumbnail","6":"product_cat-carretera-gravel-bicicletas","7":"product_cat-par-de-manetas","8":"product_cat-transmision-para-bicicleta","9":"product_shipping_class-no-bicicletas","11":"first","12":"instock","13":"sale","14":"shipping-taxable","15":"purchasable","16":"product-type-simple"},"yoast_head":"<!-- This site is optimized with the Yoast SEO plugin v27.6 - https:\/\/yoast.com\/product\/yoast-seo-wordpress\/ -->\n<title>MANETA CAMPAGNOLO CHORUS IZQUIERDA 12v | VELOAXE<\/title>\n<meta name=\"description\" content=\"MANETA IZQUIERDA CAMPAGNOLO CHORUS HIDRAULICO 12v - en veloaxe.com por so\u0301lo 349 \u20ac. Gastos de envi\u0301o GRATIS para compras superiores a 99\u20ac. Env\u00edo r\u00e1pido.\" \/>\n<meta name=\"robots\" content=\"index, follow, max-snippet:-1, max-image-preview:large, max-video-preview:-1\" \/>\n<link rel=\"canonical\" href=\"https:\/\/paleturquoise-herring-271034.hostingersite.com\/producto\/maneta-izquierda-campagnolo-chorus-hidraulico-160mm\/\" \/>\n<meta property=\"og:locale\" content=\"fr_FR\" \/>\n<meta property=\"og:type\" content=\"article\" \/>\n<meta property=\"og:title\" content=\"MANETA CAMPAGNOLO CHORUS IZQUIERDA 12v | VELOAXE\" \/>\n<meta property=\"og:description\" content=\"MANETA IZQUIERDA CAMPAGNOLO CHORUS HIDRAULICO 12v - en veloaxe.com por so\u0301lo 349 \u20ac. Gastos de envi\u0301o GRATIS para compras superiores a 99\u20ac. Env\u00edo r\u00e1pido.\" \/>\n<meta property=\"og:url\" content=\"https:\/\/paleturquoise-herring-271034.hostingersite.com\/producto\/maneta-izquierda-campagnolo-chorus-hidraulico-160mm\/\" \/>\n<meta property=\"og:site_name\" content=\"Tienda de bicicletas | VELOAXE\" \/>\n<meta property=\"article:publisher\" content=\"https:\/\/www.facebook.com\/veloaxe\" \/>\n<meta property=\"article:modified_time\" content=\"2025-08-09T14:20:14+00:00\" \/>\n<meta property=\"og:image\" content=\"https:\/\/paleturquoise-herring-271034.hostingersite.com\/wp-content\/uploads\/2023\/10\/maneta-campagnolo-chorus-12v.jpg\" \/>\n\t<meta property=\"og:image:width\" content=\"800\" \/>\n\t<meta property=\"og:image:height\" content=\"800\" \/>\n\t<meta property=\"og:image:type\" content=\"image\/jpeg\" \/>\n<meta name=\"twitter:card\" content=\"summary_large_image\" \/>\n<meta name=\"twitter:label1\" content=\"Dur\u00e9e de lecture estim\u00e9e\" \/>\n\t<meta name=\"twitter:data1\" content=\"2 minutes\" \/>\n<script type=\"application\/ld+json\" class=\"yoast-schema-graph\">{\"@context\":\"https:\\\/\\\/schema.org\",\"@graph\":[{\"@type\":\"WebPage\",\"@id\":\"https:\\\/\\\/paleturquoise-herring-271034.hostingersite.com\\\/producto\\\/maneta-izquierda-campagnolo-chorus-hidraulico-160mm\\\/\",\"url\":\"https:\\\/\\\/paleturquoise-herring-271034.hostingersite.com\\\/producto\\\/maneta-izquierda-campagnolo-chorus-hidraulico-160mm\\\/\",\"name\":\"MANETA CAMPAGNOLO CHORUS IZQUIERDA 12v | VELOAXE\",\"isPartOf\":{\"@id\":\"https:\\\/\\\/veloaxe.com\\\/#website\"},\"primaryImageOfPage\":{\"@id\":\"https:\\\/\\\/paleturquoise-herring-271034.hostingersite.com\\\/producto\\\/maneta-izquierda-campagnolo-chorus-hidraulico-160mm\\\/#primaryimage\"},\"image\":{\"@id\":\"https:\\\/\\\/paleturquoise-herring-271034.hostingersite.com\\\/producto\\\/maneta-izquierda-campagnolo-chorus-hidraulico-160mm\\\/#primaryimage\"},\"thumbnailUrl\":\"https:\\\/\\\/veloaxe.com\\\/wp-content\\\/uploads\\\/2023\\\/10\\\/maneta-campagnolo-chorus-12v.jpg\",\"datePublished\":\"2023-10-18T15:35:28+00:00\",\"dateModified\":\"2025-08-09T14:20:14+00:00\",\"description\":\"MANETA IZQUIERDA CAMPAGNOLO CHORUS HIDRAULICO 12v - en veloaxe.com por so\u0301lo 349 \u20ac. Gastos de envi\u0301o GRATIS para compras superiores a 99\u20ac. Env\u00edo r\u00e1pido.\",\"breadcrumb\":{\"@id\":\"https:\\\/\\\/paleturquoise-herring-271034.hostingersite.com\\\/producto\\\/maneta-izquierda-campagnolo-chorus-hidraulico-160mm\\\/#breadcrumb\"},\"inLanguage\":\"fr-FR\",\"potentialAction\":[{\"@type\":\"ReadAction\",\"target\":[\"https:\\\/\\\/paleturquoise-herring-271034.hostingersite.com\\\/producto\\\/maneta-izquierda-campagnolo-chorus-hidraulico-160mm\\\/\"]}]},{\"@type\":\"ImageObject\",\"inLanguage\":\"fr-FR\",\"@id\":\"https:\\\/\\\/paleturquoise-herring-271034.hostingersite.com\\\/producto\\\/maneta-izquierda-campagnolo-chorus-hidraulico-160mm\\\/#primaryimage\",\"url\":\"https:\\\/\\\/veloaxe.com\\\/wp-content\\\/uploads\\\/2023\\\/10\\\/maneta-campagnolo-chorus-12v.jpg\",\"contentUrl\":\"https:\\\/\\\/veloaxe.com\\\/wp-content\\\/uploads\\\/2023\\\/10\\\/maneta-campagnolo-chorus-12v.jpg\",\"width\":800,\"height\":800,\"caption\":\"manetas-campagnolo-chorus-12v\"},{\"@type\":\"BreadcrumbList\",\"@id\":\"https:\\\/\\\/paleturquoise-herring-271034.hostingersite.com\\\/producto\\\/maneta-izquierda-campagnolo-chorus-hidraulico-160mm\\\/#breadcrumb\",\"itemListElement\":[{\"@type\":\"ListItem\",\"position\":1,\"name\":\"Portada\",\"item\":\"https:\\\/\\\/veloaxe.com\\\/\"},{\"@type\":\"ListItem\",\"position\":2,\"name\":\"Shop\",\"item\":\"https:\\\/\\\/paleturquoise-herring-271034.hostingersite.com\\\/shop\\\/\"},{\"@type\":\"ListItem\",\"position\":3,\"name\":\"MANETA IZQUIERDA CAMPAGNOLO CHORUS HIDRAULICO 160mm\"}]},{\"@type\":\"WebSite\",\"@id\":\"https:\\\/\\\/veloaxe.com\\\/#website\",\"url\":\"https:\\\/\\\/veloaxe.com\\\/\",\"name\":\"Tienda de bicicletas | VELOAXE\",\"description\":\"Descubre una amplia selecci\u00f3n de bicicletas de alta calidad, desde modelos urbanos y de monta\u00f1a hasta bicicletas de carretera de \u00faltima generaci\u00f3n. Con un servicio experto y accesorios especializados, estamos comprometidos a brindarte la mejor experiencia ciclista.\",\"publisher\":{\"@id\":\"https:\\\/\\\/veloaxe.com\\\/#organization\"},\"potentialAction\":[{\"@type\":\"SearchAction\",\"target\":{\"@type\":\"EntryPoint\",\"urlTemplate\":\"https:\\\/\\\/veloaxe.com\\\/?s={search_term_string}\"},\"query-input\":{\"@type\":\"PropertyValueSpecification\",\"valueRequired\":true,\"valueName\":\"search_term_string\"}}],\"inLanguage\":\"fr-FR\"},{\"@type\":\"Organization\",\"@id\":\"https:\\\/\\\/veloaxe.com\\\/#organization\",\"name\":\"Tienda de bicicletas | VELOAXE\",\"url\":\"https:\\\/\\\/veloaxe.com\\\/\",\"logo\":{\"@type\":\"ImageObject\",\"inLanguage\":\"fr-FR\",\"@id\":\"https:\\\/\\\/veloaxe.com\\\/#\\\/schema\\\/logo\\\/image\\\/\",\"url\":\"https:\\\/\\\/veloaxe.com\\\/wp-content\\\/uploads\\\/2026\\\/01\\\/cropped-logo-1.jpg\",\"contentUrl\":\"https:\\\/\\\/veloaxe.com\\\/wp-content\\\/uploads\\\/2026\\\/01\\\/cropped-logo-1.jpg\",\"width\":1273,\"height\":363,\"caption\":\"Tienda de bicicletas | VELOAXE\"},\"image\":{\"@id\":\"https:\\\/\\\/veloaxe.com\\\/#\\\/schema\\\/logo\\\/image\\\/\"},\"sameAs\":[\"https:\\\/\\\/www.facebook.com\\\/veloaxe\"]}]}<\/script>\n<!-- \/ Yoast SEO plugin. -->","yoast_head_json":{"title":"MANETA CAMPAGNOLO CHORUS IZQUIERDA 12v | VELOAXE","description":"MANETA IZQUIERDA CAMPAGNOLO CHORUS HIDRAULICO 12v - en veloaxe.com por so\u0301lo 349 \u20ac. Gastos de envi\u0301o GRATIS para compras superiores a 99\u20ac. Env\u00edo r\u00e1pido.","robots":{"index":"index","follow":"follow","max-snippet":"max-snippet:-1","max-image-preview":"max-image-preview:large","max-video-preview":"max-video-preview:-1"},"canonical":"https:\/\/paleturquoise-herring-271034.hostingersite.com\/producto\/maneta-izquierda-campagnolo-chorus-hidraulico-160mm\/","og_locale":"fr_FR","og_type":"article","og_title":"MANETA CAMPAGNOLO CHORUS IZQUIERDA 12v | VELOAXE","og_description":"MANETA IZQUIERDA CAMPAGNOLO CHORUS HIDRAULICO 12v - en veloaxe.com por so\u0301lo 349 \u20ac. Gastos de envi\u0301o GRATIS para compras superiores a 99\u20ac. Env\u00edo r\u00e1pido.","og_url":"https:\/\/paleturquoise-herring-271034.hostingersite.com\/producto\/maneta-izquierda-campagnolo-chorus-hidraulico-160mm\/","og_site_name":"Tienda de bicicletas | VELOAXE","article_publisher":"https:\/\/www.facebook.com\/veloaxe","article_modified_time":"2025-08-09T14:20:14+00:00","og_image":[{"width":800,"height":800,"url":"https:\/\/paleturquoise-herring-271034.hostingersite.com\/wp-content\/uploads\/2023\/10\/maneta-campagnolo-chorus-12v.jpg","type":"image\/jpeg"}],"twitter_card":"summary_large_image","twitter_misc":{"Dur\u00e9e de lecture estim\u00e9e":"2 minutes"},"schema":{"@context":"https:\/\/schema.org","@graph":[{"@type":"WebPage","@id":"https:\/\/paleturquoise-herring-271034.hostingersite.com\/producto\/maneta-izquierda-campagnolo-chorus-hidraulico-160mm\/","url":"https:\/\/paleturquoise-herring-271034.hostingersite.com\/producto\/maneta-izquierda-campagnolo-chorus-hidraulico-160mm\/","name":"MANETA CAMPAGNOLO CHORUS IZQUIERDA 12v | VELOAXE","isPartOf":{"@id":"https:\/\/veloaxe.com\/#website"},"primaryImageOfPage":{"@id":"https:\/\/paleturquoise-herring-271034.hostingersite.com\/producto\/maneta-izquierda-campagnolo-chorus-hidraulico-160mm\/#primaryimage"},"image":{"@id":"https:\/\/paleturquoise-herring-271034.hostingersite.com\/producto\/maneta-izquierda-campagnolo-chorus-hidraulico-160mm\/#primaryimage"},"thumbnailUrl":"https:\/\/veloaxe.com\/wp-content\/uploads\/2023\/10\/maneta-campagnolo-chorus-12v.jpg","datePublished":"2023-10-18T15:35:28+00:00","dateModified":"2025-08-09T14:20:14+00:00","description":"MANETA IZQUIERDA CAMPAGNOLO CHORUS HIDRAULICO 12v - en veloaxe.com por so\u0301lo 349 \u20ac. Gastos de envi\u0301o GRATIS para compras superiores a 99\u20ac. Env\u00edo r\u00e1pido.","breadcrumb":{"@id":"https:\/\/paleturquoise-herring-271034.hostingersite.com\/producto\/maneta-izquierda-campagnolo-chorus-hidraulico-160mm\/#breadcrumb"},"inLanguage":"fr-FR","potentialAction":[{"@type":"ReadAction","target":["https:\/\/paleturquoise-herring-271034.hostingersite.com\/producto\/maneta-izquierda-campagnolo-chorus-hidraulico-160mm\/"]}]},{"@type":"ImageObject","inLanguage":"fr-FR","@id":"https:\/\/paleturquoise-herring-271034.hostingersite.com\/producto\/maneta-izquierda-campagnolo-chorus-hidraulico-160mm\/#primaryimage","url":"https:\/\/veloaxe.com\/wp-content\/uploads\/2023\/10\/maneta-campagnolo-chorus-12v.jpg","contentUrl":"https:\/\/veloaxe.com\/wp-content\/uploads\/2023\/10\/maneta-campagnolo-chorus-12v.jpg","width":800,"height":800,"caption":"manetas-campagnolo-chorus-12v"},{"@type":"BreadcrumbList","@id":"https:\/\/paleturquoise-herring-271034.hostingersite.com\/producto\/maneta-izquierda-campagnolo-chorus-hidraulico-160mm\/#breadcrumb","itemListElement":[{"@type":"ListItem","position":1,"name":"Portada","item":"https:\/\/veloaxe.com\/"},{"@type":"ListItem","position":2,"name":"Shop","item":"https:\/\/paleturquoise-herring-271034.hostingersite.com\/shop\/"},{"@type":"ListItem","position":3,"name":"MANETA IZQUIERDA CAMPAGNOLO CHORUS HIDRAULICO 160mm"}]},{"@type":"WebSite","@id":"https:\/\/veloaxe.com\/#website","url":"https:\/\/veloaxe.com\/","name":"Boutique de v\u00e9lo en ligne | VELOAXE","description":"Descubre una amplia selecci\u00f3n de bicicletas de alta calidad, desde modelos urbanos y de monta\u00f1a hasta bicicletas de carretera de \u00faltima generaci\u00f3n. Con un servicio experto y accesorios especializados, estamos comprometidos a brindarte la mejor experiencia ciclista.","publisher":{"@id":"https:\/\/veloaxe.com\/#organization"},"potentialAction":[{"@type":"SearchAction","target":{"@type":"EntryPoint","urlTemplate":"https:\/\/veloaxe.com\/?s={search_term_string}"},"query-input":{"@type":"PropertyValueSpecification","valueRequired":true,"valueName":"search_term_string"}}],"inLanguage":"fr-FR"},{"@type":"Organization","@id":"https:\/\/veloaxe.com\/#organization","name":"Boutique de v\u00e9lo en ligne | VELOAXE","url":"https:\/\/veloaxe.com\/","logo":{"@type":"ImageObject","inLanguage":"fr-FR","@id":"https:\/\/veloaxe.com\/#\/schema\/logo\/image\/","url":"https:\/\/veloaxe.com\/wp-content\/uploads\/2026\/01\/cropped-logo-1.jpg","contentUrl":"https:\/\/veloaxe.com\/wp-content\/uploads\/2026\/01\/cropped-logo-1.jpg","width":1273,"height":363,"caption":"Tienda de bicicletas | VELOAXE"},"image":{"@id":"https:\/\/veloaxe.com\/#\/schema\/logo\/image\/"},"sameAs":["https:\/\/www.facebook.com\/veloaxe"]}]}},"_links":{"self":[{"href":"https:\/\/veloaxe.com\/fr\/wp-json\/wp\/v2\/product\/12550","targetHints":{"allow":["GET"]}}],"collection":[{"href":"https:\/\/veloaxe.com\/fr\/wp-json\/wp\/v2\/product"}],"about":[{"href":"https:\/\/veloaxe.com\/fr\/wp-json\/wp\/v2\/types\/product"}],"replies":[{"embeddable":true,"href":"https:\/\/veloaxe.com\/fr\/wp-json\/wp\/v2\/comments?post=12550"}],"wp:featuredmedia":[{"embeddable":true,"href":"https:\/\/veloaxe.com\/fr\/wp-json\/wp\/v2\/media\/12548"}],"wp:attachment":[{"href":"https:\/\/veloaxe.com\/fr\/wp-json\/wp\/v2\/media?parent=12550"}],"wp:term":[{"taxonomy":"product_brand","embeddable":true,"href":"https:\/\/veloaxe.com\/fr\/wp-json\/wp\/v2\/product_brand?post=12550"},{"taxonomy":"product_cat","embeddable":true,"href":"https:\/\/veloaxe.com\/fr\/wp-json\/wp\/v2\/product_cat?post=12550"},{"taxonomy":"product_tag","embeddable":true,"href":"https:\/\/veloaxe.com\/fr\/wp-json\/wp\/v2\/product_tag?post=12550"}],"curies":[{"name":"wp","href":"https:\/\/api.w.org\/{rel}","templated":true}]}}