{"id":12584,"date":"2023-10-22T09:17:15","date_gmt":"2023-10-22T09:17:15","guid":{"rendered":"https:\/\/veloaxe.com\/?post_type=product&#038;p=12584"},"modified":"2025-09-09T08:12:10","modified_gmt":"2025-09-09T08:12:10","slug":"sensa-romagna-gravel-xp-grx-negro-azul","status":"publish","type":"product","link":"https:\/\/veloaxe.com\/fr\/producto\/sensa-romagna-gravel-xp-grx-negro-azul\/","title":{"rendered":"SENSA ROMAGNA GRAVEL XP GRX &#8211; Negro \/ Azul"},"content":{"rendered":"<p>La nueva bicicleta gravel <strong>SENSA ROMAGNA GRAVEL XP 2026<\/strong>\u00a0es la bicicleta m\u00e1s c\u00f3moda y vers\u00e1til de la marca. Grava o adoquines, esta bicicleta te permitir\u00e1 ir r\u00e1pidamente en todo tipo de superficies. La base del marco dise\u00f1ada sobre el modelo SENSA ROMAGNA con un marco trasero suavizado ofrece m\u00e1s comodidad y facilidad de uso. Su cuadro est\u00e1 dise\u00f1ado para montar neum\u00e1ticos de hasta 47 mm. La <strong>SENSA ROMAGNA XP GRAVEL<\/strong>\u00a0es adecuada para ciclistas de todos los niveles capaces de ganar carreras o para aquellos que deseen realizar largas salidas con amigos. Es una bicicleta ultravers\u00e1til en su funcionalidad. Enrutamiento de cables interno, posible montaje DI2, tija de sill\u00edn no integrada, cuadro dise\u00f1ado para acomodar neum\u00e1ticos m\u00e1s anchos.<\/p>\n<p>En resumen, la nueva <strong>SENSA ROMAGNA XP GRAVEL 2026<\/strong>\u00a0es m\u00e1s ligera, m\u00e1s r\u00e1pida y m\u00e1s precisa para un pedaleo m\u00e1s eficiente. \u00bfQuieres la mejor bicicleta del momento? <em><strong>AQU\u00cd LO TIENES<\/strong><\/em> !<\/p>\n<p>CUADRO : ALUMINIO 6061 HYDROFORMED &#8211; FLAT MOUNT &#8211; CABLE INTEGRED<\/p>\n<p>HORQUILLA : SUPRA FULL CARBON MONOCOQUE XD<\/p>\n<p>TIJA DE SILLIN : SUPRA COMP LINE<\/p>\n<p>SILLIN : SELLE ITALIA MODEL X<\/p>\n<p>MANILLAR : SUPRA COMP LINE<\/p>\n<p>POTENCIA : SUPRA COMP LINE<\/p>\n<p>MANETAS : SHIMANO GRX DISC 2*12v<\/p>\n<p>FRENOS : SHIMANO GRX HIDRAULICO<\/p>\n<p>DESVIADOR DELANTERO : SHIMANO GRX 2v<\/p>\n<p>CAMBIO TRASERO : SHIMANO GRX 12v<\/p>\n<p>BIELA : SHIMANO GRX (46&#215;30)<\/p>\n<p>CASSETTE : SHIMANO GRX 12v 11&#215;34<\/p>\n<p>RUEDAS : SUPRA GA PRO DISC<\/p>\n<p>CUBIERTAS : VITTORIA TERRENO DRY 40mm<\/p>\n<p>&nbsp;<\/p>","protected":false},"excerpt":{"rendered":"<p>La nueva bicicleta gravel SENSA ROMAGNA GRAVEL XP 2026\u00a0es la bicicleta m\u00e1s c\u00f3moda y vers\u00e1til de la marca. Grava o adoquines, esta bicicleta te permitir\u00e1 ir r\u00e1pidamente en todo tipo de superficies. La base del marco dise\u00f1ada sobre el modelo SENSA ROMAGNA con un marco trasero suavizado ofrece m\u00e1s comodidad y facilidad de uso. Su [&hellip;]<\/p>\n","protected":false},"featured_media":20601,"comment_status":"closed","ping_status":"closed","template":"","meta":[],"product_brand":[],"product_cat":[16,188],"product_tag":[],"class_list":{"0":"post-12584","1":"product","2":"type-product","3":"status-publish","4":"has-post-thumbnail","6":"product_cat-carretera-gravel-bicicletas","7":"product_cat-gravel-aluminio-crabono-e-gravel","8":"product_shipping_class-bicicletas","10":"first","11":"instock","12":"sale","13":"shipping-taxable","14":"purchasable","15":"product-type-variable"},"yoast_head":"<!-- This site is optimized with the Yoast SEO plugin v27.6 - https:\/\/yoast.com\/product\/yoast-seo-wordpress\/ -->\n<title>SENSA ROMAGNA GRAVEL XP GRX 2026 - VELOAXE.COM<\/title>\n<meta name=\"description\" content=\"SENSA ROMAGNA GRAVEL XP GRX 2x12v - Est\u00e1n disponibles en nuestro sitio desde 1669 euros. Facilidad de pago hasta 12x en nuestro sitio.\" \/>\n<meta name=\"robots\" content=\"index, follow, max-snippet:-1, max-image-preview:large, max-video-preview:-1\" \/>\n<link rel=\"canonical\" href=\"https:\/\/veloaxe.com\/fr\/produit\/sensa-romagna-gravel-xp-grx-negro-azul\/\" \/>\n<meta property=\"og:locale\" content=\"fr_FR\" \/>\n<meta property=\"og:type\" content=\"article\" \/>\n<meta property=\"og:title\" content=\"SENSA ROMAGNA GRAVEL XP GRX 2026 - VELOAXE.COM\" \/>\n<meta property=\"og:description\" content=\"SENSA ROMAGNA GRAVEL XP GRX 2x12v - Est\u00e1n disponibles en nuestro sitio desde 1669 euros. Facilidad de pago hasta 12x en nuestro sitio.\" \/>\n<meta property=\"og:url\" content=\"https:\/\/veloaxe.com\/fr\/produit\/sensa-romagna-gravel-xp-grx-negro-azul\/\" \/>\n<meta property=\"og:site_name\" content=\"Tienda de bicicletas | VELOAXE\" \/>\n<meta property=\"article:publisher\" content=\"https:\/\/www.facebook.com\/veloaxe\" \/>\n<meta property=\"article:modified_time\" content=\"2025-09-09T08:12:10+00:00\" \/>\n<meta property=\"og:image\" content=\"https:\/\/veloaxe.com\/wp-content\/uploads\/2023\/10\/Sensa-Romagna-Gravel-XP-GRX-2x12-2026-scaled.jpg\" \/>\n\t<meta property=\"og:image:width\" content=\"2560\" \/>\n\t<meta property=\"og:image:height\" content=\"1669\" \/>\n\t<meta property=\"og:image:type\" content=\"image\/jpeg\" \/>\n<meta name=\"twitter:card\" content=\"summary_large_image\" \/>\n<meta name=\"twitter:label1\" content=\"Dur\u00e9e de lecture estim\u00e9e\" \/>\n\t<meta name=\"twitter:data1\" content=\"2 minutes\" \/>\n<script type=\"application\/ld+json\" class=\"yoast-schema-graph\">{\"@context\":\"https:\\\/\\\/schema.org\",\"@graph\":[{\"@type\":\"WebPage\",\"@id\":\"https:\\\/\\\/veloaxe.com\\\/producto\\\/sensa-romagna-gravel-xp-grx-negro-azul\\\/\",\"url\":\"https:\\\/\\\/veloaxe.com\\\/producto\\\/sensa-romagna-gravel-xp-grx-negro-azul\\\/\",\"name\":\"SENSA ROMAGNA GRAVEL XP GRX 2026 - VELOAXE.COM\",\"isPartOf\":{\"@id\":\"https:\\\/\\\/veloaxe.com\\\/#website\"},\"primaryImageOfPage\":{\"@id\":\"https:\\\/\\\/veloaxe.com\\\/producto\\\/sensa-romagna-gravel-xp-grx-negro-azul\\\/#primaryimage\"},\"image\":{\"@id\":\"https:\\\/\\\/veloaxe.com\\\/producto\\\/sensa-romagna-gravel-xp-grx-negro-azul\\\/#primaryimage\"},\"thumbnailUrl\":\"https:\\\/\\\/veloaxe.com\\\/wp-content\\\/uploads\\\/2023\\\/10\\\/Sensa-Romagna-Gravel-XP-GRX-2x12-2026-scaled.jpg\",\"datePublished\":\"2023-10-22T09:17:15+00:00\",\"dateModified\":\"2025-09-09T08:12:10+00:00\",\"description\":\"SENSA ROMAGNA GRAVEL XP GRX 2x12v - Est\u00e1n disponibles en nuestro sitio desde 1669 euros. Facilidad de pago hasta 12x en nuestro sitio.\",\"breadcrumb\":{\"@id\":\"https:\\\/\\\/veloaxe.com\\\/producto\\\/sensa-romagna-gravel-xp-grx-negro-azul\\\/#breadcrumb\"},\"inLanguage\":\"fr-FR\",\"potentialAction\":[{\"@type\":\"ReadAction\",\"target\":[\"https:\\\/\\\/veloaxe.com\\\/producto\\\/sensa-romagna-gravel-xp-grx-negro-azul\\\/\"]}]},{\"@type\":\"ImageObject\",\"inLanguage\":\"fr-FR\",\"@id\":\"https:\\\/\\\/veloaxe.com\\\/producto\\\/sensa-romagna-gravel-xp-grx-negro-azul\\\/#primaryimage\",\"url\":\"https:\\\/\\\/veloaxe.com\\\/wp-content\\\/uploads\\\/2023\\\/10\\\/Sensa-Romagna-Gravel-XP-GRX-2x12-2026-scaled.jpg\",\"contentUrl\":\"https:\\\/\\\/veloaxe.com\\\/wp-content\\\/uploads\\\/2023\\\/10\\\/Sensa-Romagna-Gravel-XP-GRX-2x12-2026-scaled.jpg\",\"width\":2560,\"height\":1669,\"caption\":\"Sensa-Romagna-Gravel-XP-GRX-2x12-2026\"},{\"@type\":\"BreadcrumbList\",\"@id\":\"https:\\\/\\\/veloaxe.com\\\/producto\\\/sensa-romagna-gravel-xp-grx-negro-azul\\\/#breadcrumb\",\"itemListElement\":[{\"@type\":\"ListItem\",\"position\":1,\"name\":\"Portada\",\"item\":\"https:\\\/\\\/veloaxe.com\\\/\"},{\"@type\":\"ListItem\",\"position\":2,\"name\":\"Shop\",\"item\":\"https:\\\/\\\/paleturquoise-herring-271034.hostingersite.com\\\/shop\\\/\"},{\"@type\":\"ListItem\",\"position\":3,\"name\":\"SENSA ROMAGNA GRAVEL XP GRX &#8211; Negro \\\/ Azul\"}]},{\"@type\":\"WebSite\",\"@id\":\"https:\\\/\\\/veloaxe.com\\\/#website\",\"url\":\"https:\\\/\\\/veloaxe.com\\\/\",\"name\":\"Tienda de bicicletas | VELOAXE\",\"description\":\"Descubre una amplia selecci\u00f3n de bicicletas de alta calidad, desde modelos urbanos y de monta\u00f1a hasta bicicletas de carretera de \u00faltima generaci\u00f3n. Con un servicio experto y accesorios especializados, estamos comprometidos a brindarte la mejor experiencia ciclista.\",\"publisher\":{\"@id\":\"https:\\\/\\\/veloaxe.com\\\/#organization\"},\"potentialAction\":[{\"@type\":\"SearchAction\",\"target\":{\"@type\":\"EntryPoint\",\"urlTemplate\":\"https:\\\/\\\/veloaxe.com\\\/?s={search_term_string}\"},\"query-input\":{\"@type\":\"PropertyValueSpecification\",\"valueRequired\":true,\"valueName\":\"search_term_string\"}}],\"inLanguage\":\"fr-FR\"},{\"@type\":\"Organization\",\"@id\":\"https:\\\/\\\/veloaxe.com\\\/#organization\",\"name\":\"Tienda de bicicletas | VELOAXE\",\"url\":\"https:\\\/\\\/veloaxe.com\\\/\",\"logo\":{\"@type\":\"ImageObject\",\"inLanguage\":\"fr-FR\",\"@id\":\"https:\\\/\\\/veloaxe.com\\\/#\\\/schema\\\/logo\\\/image\\\/\",\"url\":\"https:\\\/\\\/veloaxe.com\\\/wp-content\\\/uploads\\\/2026\\\/01\\\/cropped-logo-1.jpg\",\"contentUrl\":\"https:\\\/\\\/veloaxe.com\\\/wp-content\\\/uploads\\\/2026\\\/01\\\/cropped-logo-1.jpg\",\"width\":1273,\"height\":363,\"caption\":\"Tienda de bicicletas | VELOAXE\"},\"image\":{\"@id\":\"https:\\\/\\\/veloaxe.com\\\/#\\\/schema\\\/logo\\\/image\\\/\"},\"sameAs\":[\"https:\\\/\\\/www.facebook.com\\\/veloaxe\"]}]}<\/script>\n<!-- \/ Yoast SEO plugin. -->","yoast_head_json":{"title":"SENSA ROMAGNA GRAVEL XP GRX 2026 - VELOAXE.COM","description":"SENSA ROMAGNA GRAVEL XP GRX 2x12v - Est\u00e1n disponibles en nuestro sitio desde 1669 euros. Facilidad de pago hasta 12x en nuestro sitio.","robots":{"index":"index","follow":"follow","max-snippet":"max-snippet:-1","max-image-preview":"max-image-preview:large","max-video-preview":"max-video-preview:-1"},"canonical":"https:\/\/veloaxe.com\/fr\/produit\/sensa-romagna-gravel-xp-grx-negro-azul\/","og_locale":"fr_FR","og_type":"article","og_title":"SENSA ROMAGNA GRAVEL XP GRX 2026 - VELOAXE.COM","og_description":"SENSA ROMAGNA GRAVEL XP GRX 2x12v - Est\u00e1n disponibles en nuestro sitio desde 1669 euros. Facilidad de pago hasta 12x en nuestro sitio.","og_url":"https:\/\/veloaxe.com\/fr\/produit\/sensa-romagna-gravel-xp-grx-negro-azul\/","og_site_name":"Tienda de bicicletas | VELOAXE","article_publisher":"https:\/\/www.facebook.com\/veloaxe","article_modified_time":"2025-09-09T08:12:10+00:00","og_image":[{"width":2560,"height":1669,"url":"https:\/\/veloaxe.com\/wp-content\/uploads\/2023\/10\/Sensa-Romagna-Gravel-XP-GRX-2x12-2026-scaled.jpg","type":"image\/jpeg"}],"twitter_card":"summary_large_image","twitter_misc":{"Dur\u00e9e de lecture estim\u00e9e":"2 minutes"},"schema":{"@context":"https:\/\/schema.org","@graph":[{"@type":"WebPage","@id":"https:\/\/veloaxe.com\/producto\/sensa-romagna-gravel-xp-grx-negro-azul\/","url":"https:\/\/veloaxe.com\/producto\/sensa-romagna-gravel-xp-grx-negro-azul\/","name":"SENSA ROMAGNA GRAVEL XP GRX 2026 - VELOAXE.COM","isPartOf":{"@id":"https:\/\/veloaxe.com\/#website"},"primaryImageOfPage":{"@id":"https:\/\/veloaxe.com\/producto\/sensa-romagna-gravel-xp-grx-negro-azul\/#primaryimage"},"image":{"@id":"https:\/\/veloaxe.com\/producto\/sensa-romagna-gravel-xp-grx-negro-azul\/#primaryimage"},"thumbnailUrl":"https:\/\/veloaxe.com\/wp-content\/uploads\/2023\/10\/Sensa-Romagna-Gravel-XP-GRX-2x12-2026-scaled.jpg","datePublished":"2023-10-22T09:17:15+00:00","dateModified":"2025-09-09T08:12:10+00:00","description":"SENSA ROMAGNA GRAVEL XP GRX 2x12v - Est\u00e1n disponibles en nuestro sitio desde 1669 euros. Facilidad de pago hasta 12x en nuestro sitio.","breadcrumb":{"@id":"https:\/\/veloaxe.com\/producto\/sensa-romagna-gravel-xp-grx-negro-azul\/#breadcrumb"},"inLanguage":"fr-FR","potentialAction":[{"@type":"ReadAction","target":["https:\/\/veloaxe.com\/producto\/sensa-romagna-gravel-xp-grx-negro-azul\/"]}]},{"@type":"ImageObject","inLanguage":"fr-FR","@id":"https:\/\/veloaxe.com\/producto\/sensa-romagna-gravel-xp-grx-negro-azul\/#primaryimage","url":"https:\/\/veloaxe.com\/wp-content\/uploads\/2023\/10\/Sensa-Romagna-Gravel-XP-GRX-2x12-2026-scaled.jpg","contentUrl":"https:\/\/veloaxe.com\/wp-content\/uploads\/2023\/10\/Sensa-Romagna-Gravel-XP-GRX-2x12-2026-scaled.jpg","width":2560,"height":1669,"caption":"Sensa-Romagna-Gravel-XP-GRX-2x12-2026"},{"@type":"BreadcrumbList","@id":"https:\/\/veloaxe.com\/producto\/sensa-romagna-gravel-xp-grx-negro-azul\/#breadcrumb","itemListElement":[{"@type":"ListItem","position":1,"name":"Portada","item":"https:\/\/veloaxe.com\/"},{"@type":"ListItem","position":2,"name":"Shop","item":"https:\/\/paleturquoise-herring-271034.hostingersite.com\/shop\/"},{"@type":"ListItem","position":3,"name":"SENSA ROMAGNA GRAVEL XP GRX &#8211; Negro \/ Azul"}]},{"@type":"WebSite","@id":"https:\/\/veloaxe.com\/#website","url":"https:\/\/veloaxe.com\/","name":"Boutique de v\u00e9lo en ligne | VELOAXE","description":"D\u00e9couvrez une large s\u00e9lection de v\u00e9los de haute qualit\u00e9, des mod\u00e8les urbains et de montagne aux v\u00e9los de route de pointe. Avec un service d'experts et des accessoires sp\u00e9cialis\u00e9s, nous nous engageons \u00e0 vous offrir la meilleure exp\u00e9rience de cyclisme.","publisher":{"@id":"https:\/\/veloaxe.com\/#organization"},"potentialAction":[{"@type":"SearchAction","target":{"@type":"EntryPoint","urlTemplate":"https:\/\/veloaxe.com\/?s={search_term_string}"},"query-input":{"@type":"PropertyValueSpecification","valueRequired":true,"valueName":"search_term_string"}}],"inLanguage":"fr-FR"},{"@type":"Organization","@id":"https:\/\/veloaxe.com\/#organization","name":"Boutique de v\u00e9lo en ligne | VELOAXE","url":"https:\/\/veloaxe.com\/","logo":{"@type":"ImageObject","inLanguage":"fr-FR","@id":"https:\/\/veloaxe.com\/#\/schema\/logo\/image\/","url":"https:\/\/veloaxe.com\/wp-content\/uploads\/2026\/01\/cropped-logo-1.jpg","contentUrl":"https:\/\/veloaxe.com\/wp-content\/uploads\/2026\/01\/cropped-logo-1.jpg","width":1273,"height":363,"caption":"Tienda de bicicletas | VELOAXE"},"image":{"@id":"https:\/\/veloaxe.com\/#\/schema\/logo\/image\/"},"sameAs":["https:\/\/www.facebook.com\/veloaxe"]}]}},"_links":{"self":[{"href":"https:\/\/veloaxe.com\/fr\/wp-json\/wp\/v2\/product\/12584","targetHints":{"allow":["GET"]}}],"collection":[{"href":"https:\/\/veloaxe.com\/fr\/wp-json\/wp\/v2\/product"}],"about":[{"href":"https:\/\/veloaxe.com\/fr\/wp-json\/wp\/v2\/types\/product"}],"replies":[{"embeddable":true,"href":"https:\/\/veloaxe.com\/fr\/wp-json\/wp\/v2\/comments?post=12584"}],"wp:featuredmedia":[{"embeddable":true,"href":"https:\/\/veloaxe.com\/fr\/wp-json\/wp\/v2\/media\/20601"}],"wp:attachment":[{"href":"https:\/\/veloaxe.com\/fr\/wp-json\/wp\/v2\/media?parent=12584"}],"wp:term":[{"taxonomy":"product_brand","embeddable":true,"href":"https:\/\/veloaxe.com\/fr\/wp-json\/wp\/v2\/product_brand?post=12584"},{"taxonomy":"product_cat","embeddable":true,"href":"https:\/\/veloaxe.com\/fr\/wp-json\/wp\/v2\/product_cat?post=12584"},{"taxonomy":"product_tag","embeddable":true,"href":"https:\/\/veloaxe.com\/fr\/wp-json\/wp\/v2\/product_tag?post=12584"}],"curies":[{"name":"wp","href":"https:\/\/api.w.org\/{rel}","templated":true}]}}