{"id":12590,"date":"2023-10-23T07:38:43","date_gmt":"2023-10-23T07:38:43","guid":{"rendered":"https:\/\/veloaxe.com\/?post_type=product&#038;p=12590"},"modified":"2025-08-09T07:11:50","modified_gmt":"2025-08-09T07:11:50","slug":"gravel-coluer-arenal-6-6-shimano-grx-verde","status":"publish","type":"product","link":"https:\/\/veloaxe.com\/fr\/producto\/gravel-coluer-arenal-6-6-shimano-grx-verde\/","title":{"rendered":"GRAVEL COLUER ARENAL 6.6 &#8211; SHIMANO GRX &#8211; VERDE"},"content":{"rendered":"<p><span style=\"color: #000000;\">La NUEVA bicicleta de gravel carbono 2025 <b>COLUER ARENAL 6.6<\/b>\u00a0ha sido desarrollada con la ayuda de mec\u00e1nicos y antiguos ciclistas de gravel <strong>UCI PROFESSIONAL<\/strong> en las caminos m\u00e1s exigentes de <strong>FRANCIA<\/strong> y <strong>ESPA\u00d1A<\/strong>. El objetivo, llevar todo su potencial al M\u00e1ximo, en puertos m\u00edticos, con largas subidas y exigentes bajadas. Este recopil\u00f3 datos muy valiosos para su configuraci\u00f3n <strong>FINAL<\/strong>. El gravel <strong>COLUER ARENAL 6.6<\/strong> una bicicleta de alto rendimiento donde el m\u00e1s m\u00ednimo detalle ha sido revisado una y otra vez para tener la bicicleta <strong>PERFECTA<\/strong>. C\u00f3moda, Vers\u00e1til, con una geometr\u00eda estudiada para que la potencia se transmita de forma m\u00e1s eficiente a las ruedas traseras, lo que te permitir\u00e1 subir sin dificultad y rodar largas distancias. Si est\u00e1s acostumbrado a subir a los podios, ir a los grupos delanteros, colocar ataques precisos o recorrer caminos interminables, esta es la bicicleta que necesitas.<\/span><\/p>\n<p>&nbsp;<\/p>\n<p><span style=\"color: #000000;\"><strong>CUADRO<\/strong> : NUEVO CUADRO Carbono HMC, geometr\u00eda gravel, m\u00faltiples acoples para bidones y accesorios, direcci\u00f3n 1.5, cableado interno, eje 12x142mm, disco flat mount<\/span><\/p>\n<p><span style=\"color: #000000;\"><strong>HORQUILLA<\/strong> : Carbono monocasco<\/span><\/p>\n<p><span style=\"color: #000000;\"><strong>TIGES DE SELLE V\u00c9LO<\/strong> : ICON SUPERNOVA<\/span><\/p>\n<p><span style=\"color: #000000;\"><strong>POTENCES V\u00c9LO<\/strong> : ICON SUPERNOVA<\/span><\/p>\n<p><span style=\"color: #000000;\"><strong>CINTRES VTT<\/strong> : ICON GRAVEL<\/span><\/p>\n<p><span style=\"color: #000000;\"><strong>RUEDAS<\/strong> : ICON GRAVEL 23<\/span><\/p>\n<p><span style=\"color: #000000;\"><strong>NEUM\u00c1TICOS<\/strong> : CONTINENTAL TERRA TRAIL<\/span><\/p>\n<p><span style=\"color: #000000;\"><strong>SILL\u00cdN<\/strong> : SELLE ITALIA X<\/span><\/p>\n<p><span style=\"color: #000000;\"><strong>FRENOS<\/strong> : SHIMANO GRX 800 HIDRAULICO<\/span><\/p>\n<p><span style=\"color: #000000;\"><strong>DESVIADOR DELANTERO<\/strong> : SHIMANO GRX 800<\/span><\/p>\n<p><span style=\"color: #000000;\"><strong>CAMBIO TRASERO<\/strong> : SHIMANO GRX 800<\/span><\/p>\n<p><span style=\"color: #000000;\"><strong>MANETAS DE CAMBIO<\/strong> : SHIMANO GRX 600 2x11v<\/span><\/p>\n<p><span style=\"color: #000000;\"><strong>P\u00c9DALIERS V\u00c9LO<\/strong> : SHIMANO GRX 600 46&#215;30<\/span><\/p>\n<p><span style=\"color: #000000;\"><strong>CASSETTES V\u00c9LO<\/strong> : SHIMANO GRX 11&#215;34<\/span><\/p>\n<p><span style=\"color: #000000;\">Las ruedas y el grupo de la foto pueden no ser contractuales.<\/span><\/p>\n<p><span style=\"color: #000000;\">Para m\u00e1s informaci\u00f3n, cont\u00e1ctenos: +33 06 24 22 72 58<\/span><\/p>","protected":false},"excerpt":{"rendered":"<p>La NUEVA bicicleta de gravel carbono 2025 COLUER ARENAL 6.6\u00a0ha sido desarrollada con la ayuda de mec\u00e1nicos y antiguos ciclistas de gravel UCI PROFESSIONAL en las caminos m\u00e1s exigentes de FRANCIA y ESPA\u00d1A. El objetivo, llevar todo su potencial al M\u00e1ximo, en puertos m\u00edticos, con largas subidas y exigentes bajadas. Este recopil\u00f3 datos muy valiosos [&hellip;]<\/p>\n","protected":false},"featured_media":12596,"comment_status":"open","ping_status":"closed","template":"","meta":[],"product_brand":[],"product_cat":[16,188],"product_tag":[],"class_list":{"0":"post-12590","1":"product","2":"type-product","3":"status-publish","4":"has-post-thumbnail","6":"product_cat-carretera-gravel-bicicletas","7":"product_cat-gravel-aluminio-crabono-e-gravel","8":"product_shipping_class-bicicletas","10":"first","11":"instock","12":"sale","13":"shipping-taxable","14":"purchasable","15":"product-type-variable"},"yoast_head":"<!-- This site is optimized with the Yoast SEO plugin v27.6 - https:\/\/yoast.com\/product\/yoast-seo-wordpress\/ -->\n<title>COLUER ARENAL 6.6 - CARBONO | VELOAXE.COM<\/title>\n<meta name=\"description\" content=\"GRAVEL COLUER ARENAL 6.6 - SHIMANO GRX - Encuentra bicicletas de gravel de carbono COLUER ARENAL al precio de 2790 \u20ac. Facilidad de pago en 3x \/ 9X \/12x.\" \/>\n<meta name=\"robots\" content=\"index, follow, max-snippet:-1, max-image-preview:large, max-video-preview:-1\" \/>\n<link rel=\"canonical\" href=\"https:\/\/veloaxe.com\/fr\/produit\/gravel-coluer-arenal-6-6-shimano-grx-verde\/\" \/>\n<meta property=\"og:locale\" content=\"fr_FR\" \/>\n<meta property=\"og:type\" content=\"article\" \/>\n<meta property=\"og:title\" content=\"COLUER ARENAL 6.6 - CARBONO | VELOAXE.COM\" \/>\n<meta property=\"og:description\" content=\"GRAVEL COLUER ARENAL 6.6 - SHIMANO GRX - Encuentra bicicletas de gravel de carbono COLUER ARENAL al precio de 2790 \u20ac. Facilidad de pago en 3x \/ 9X \/12x.\" \/>\n<meta property=\"og:url\" content=\"https:\/\/veloaxe.com\/fr\/produit\/gravel-coluer-arenal-6-6-shimano-grx-verde\/\" \/>\n<meta property=\"og:site_name\" content=\"Tienda de bicicletas | VELOAXE\" \/>\n<meta property=\"article:publisher\" content=\"https:\/\/www.facebook.com\/veloaxe\" \/>\n<meta property=\"article:modified_time\" content=\"2025-08-09T07:11:50+00:00\" \/>\n<meta property=\"og:image\" content=\"https:\/\/veloaxe.com\/wp-content\/uploads\/2023\/10\/gravel-coluer-arenal-6.3-verde.jpg\" \/>\n\t<meta property=\"og:image:width\" content=\"1499\" \/>\n\t<meta property=\"og:image:height\" content=\"900\" \/>\n\t<meta property=\"og:image:type\" content=\"image\/jpeg\" \/>\n<meta name=\"twitter:card\" content=\"summary_large_image\" \/>\n<meta name=\"twitter:label1\" content=\"Dur\u00e9e de lecture estim\u00e9e\" \/>\n\t<meta name=\"twitter:data1\" content=\"2 minutes\" \/>\n<script type=\"application\/ld+json\" class=\"yoast-schema-graph\">{\"@context\":\"https:\\\/\\\/schema.org\",\"@graph\":[{\"@type\":\"WebPage\",\"@id\":\"https:\\\/\\\/veloaxe.com\\\/producto\\\/gravel-coluer-arenal-6-6-shimano-grx-verde\\\/\",\"url\":\"https:\\\/\\\/veloaxe.com\\\/producto\\\/gravel-coluer-arenal-6-6-shimano-grx-verde\\\/\",\"name\":\"COLUER ARENAL 6.6 - CARBONO | VELOAXE.COM\",\"isPartOf\":{\"@id\":\"https:\\\/\\\/veloaxe.com\\\/#website\"},\"primaryImageOfPage\":{\"@id\":\"https:\\\/\\\/veloaxe.com\\\/producto\\\/gravel-coluer-arenal-6-6-shimano-grx-verde\\\/#primaryimage\"},\"image\":{\"@id\":\"https:\\\/\\\/veloaxe.com\\\/producto\\\/gravel-coluer-arenal-6-6-shimano-grx-verde\\\/#primaryimage\"},\"thumbnailUrl\":\"https:\\\/\\\/veloaxe.com\\\/wp-content\\\/uploads\\\/2023\\\/10\\\/gravel-coluer-arenal-6.3-verde.jpg\",\"datePublished\":\"2023-10-23T07:38:43+00:00\",\"dateModified\":\"2025-08-09T07:11:50+00:00\",\"description\":\"GRAVEL COLUER ARENAL 6.6 - SHIMANO GRX - Encuentra bicicletas de gravel de carbono COLUER ARENAL al precio de 2790 \u20ac. Facilidad de pago en 3x \\\/ 9X \\\/12x.\",\"breadcrumb\":{\"@id\":\"https:\\\/\\\/veloaxe.com\\\/producto\\\/gravel-coluer-arenal-6-6-shimano-grx-verde\\\/#breadcrumb\"},\"inLanguage\":\"fr-FR\",\"potentialAction\":[{\"@type\":\"ReadAction\",\"target\":[\"https:\\\/\\\/veloaxe.com\\\/producto\\\/gravel-coluer-arenal-6-6-shimano-grx-verde\\\/\"]}]},{\"@type\":\"ImageObject\",\"inLanguage\":\"fr-FR\",\"@id\":\"https:\\\/\\\/veloaxe.com\\\/producto\\\/gravel-coluer-arenal-6-6-shimano-grx-verde\\\/#primaryimage\",\"url\":\"https:\\\/\\\/veloaxe.com\\\/wp-content\\\/uploads\\\/2023\\\/10\\\/gravel-coluer-arenal-6.3-verde.jpg\",\"contentUrl\":\"https:\\\/\\\/veloaxe.com\\\/wp-content\\\/uploads\\\/2023\\\/10\\\/gravel-coluer-arenal-6.3-verde.jpg\",\"width\":1499,\"height\":900,\"caption\":\"gravel-coluer-arenal-6.3-verde\"},{\"@type\":\"BreadcrumbList\",\"@id\":\"https:\\\/\\\/veloaxe.com\\\/producto\\\/gravel-coluer-arenal-6-6-shimano-grx-verde\\\/#breadcrumb\",\"itemListElement\":[{\"@type\":\"ListItem\",\"position\":1,\"name\":\"Portada\",\"item\":\"https:\\\/\\\/veloaxe.com\\\/\"},{\"@type\":\"ListItem\",\"position\":2,\"name\":\"Shop\",\"item\":\"https:\\\/\\\/paleturquoise-herring-271034.hostingersite.com\\\/shop\\\/\"},{\"@type\":\"ListItem\",\"position\":3,\"name\":\"GRAVEL COLUER ARENAL 6.6 &#8211; SHIMANO GRX &#8211; VERDE\"}]},{\"@type\":\"WebSite\",\"@id\":\"https:\\\/\\\/veloaxe.com\\\/#website\",\"url\":\"https:\\\/\\\/veloaxe.com\\\/\",\"name\":\"Tienda de bicicletas | VELOAXE\",\"description\":\"Descubre una amplia selecci\u00f3n de bicicletas de alta calidad, desde modelos urbanos y de monta\u00f1a hasta bicicletas de carretera de \u00faltima generaci\u00f3n. Con un servicio experto y accesorios especializados, estamos comprometidos a brindarte la mejor experiencia ciclista.\",\"publisher\":{\"@id\":\"https:\\\/\\\/veloaxe.com\\\/#organization\"},\"potentialAction\":[{\"@type\":\"SearchAction\",\"target\":{\"@type\":\"EntryPoint\",\"urlTemplate\":\"https:\\\/\\\/veloaxe.com\\\/?s={search_term_string}\"},\"query-input\":{\"@type\":\"PropertyValueSpecification\",\"valueRequired\":true,\"valueName\":\"search_term_string\"}}],\"inLanguage\":\"fr-FR\"},{\"@type\":\"Organization\",\"@id\":\"https:\\\/\\\/veloaxe.com\\\/#organization\",\"name\":\"Tienda de bicicletas | VELOAXE\",\"url\":\"https:\\\/\\\/veloaxe.com\\\/\",\"logo\":{\"@type\":\"ImageObject\",\"inLanguage\":\"fr-FR\",\"@id\":\"https:\\\/\\\/veloaxe.com\\\/#\\\/schema\\\/logo\\\/image\\\/\",\"url\":\"https:\\\/\\\/veloaxe.com\\\/wp-content\\\/uploads\\\/2026\\\/01\\\/cropped-logo-1.jpg\",\"contentUrl\":\"https:\\\/\\\/veloaxe.com\\\/wp-content\\\/uploads\\\/2026\\\/01\\\/cropped-logo-1.jpg\",\"width\":1273,\"height\":363,\"caption\":\"Tienda de bicicletas | VELOAXE\"},\"image\":{\"@id\":\"https:\\\/\\\/veloaxe.com\\\/#\\\/schema\\\/logo\\\/image\\\/\"},\"sameAs\":[\"https:\\\/\\\/www.facebook.com\\\/veloaxe\"]}]}<\/script>\n<!-- \/ Yoast SEO plugin. -->","yoast_head_json":{"title":"COLUER ARENAL 6.6 - CARBONO | VELOAXE.COM","description":"GRAVEL COLUER ARENAL 6.6 - SHIMANO GRX - Encuentra bicicletas de gravel de carbono COLUER ARENAL al precio de 2790 \u20ac. Facilidad de pago en 3x \/ 9X \/12x.","robots":{"index":"index","follow":"follow","max-snippet":"max-snippet:-1","max-image-preview":"max-image-preview:large","max-video-preview":"max-video-preview:-1"},"canonical":"https:\/\/veloaxe.com\/fr\/produit\/gravel-coluer-arenal-6-6-shimano-grx-verde\/","og_locale":"fr_FR","og_type":"article","og_title":"COLUER ARENAL 6.6 - CARBONO | VELOAXE.COM","og_description":"GRAVEL COLUER ARENAL 6.6 - SHIMANO GRX - Encuentra bicicletas de gravel de carbono COLUER ARENAL al precio de 2790 \u20ac. Facilidad de pago en 3x \/ 9X \/12x.","og_url":"https:\/\/veloaxe.com\/fr\/produit\/gravel-coluer-arenal-6-6-shimano-grx-verde\/","og_site_name":"Tienda de bicicletas | VELOAXE","article_publisher":"https:\/\/www.facebook.com\/veloaxe","article_modified_time":"2025-08-09T07:11:50+00:00","og_image":[{"width":1499,"height":900,"url":"https:\/\/veloaxe.com\/wp-content\/uploads\/2023\/10\/gravel-coluer-arenal-6.3-verde.jpg","type":"image\/jpeg"}],"twitter_card":"summary_large_image","twitter_misc":{"Dur\u00e9e de lecture estim\u00e9e":"2 minutes"},"schema":{"@context":"https:\/\/schema.org","@graph":[{"@type":"WebPage","@id":"https:\/\/veloaxe.com\/producto\/gravel-coluer-arenal-6-6-shimano-grx-verde\/","url":"https:\/\/veloaxe.com\/producto\/gravel-coluer-arenal-6-6-shimano-grx-verde\/","name":"COLUER ARENAL 6.6 - CARBONO | VELOAXE.COM","isPartOf":{"@id":"https:\/\/veloaxe.com\/#website"},"primaryImageOfPage":{"@id":"https:\/\/veloaxe.com\/producto\/gravel-coluer-arenal-6-6-shimano-grx-verde\/#primaryimage"},"image":{"@id":"https:\/\/veloaxe.com\/producto\/gravel-coluer-arenal-6-6-shimano-grx-verde\/#primaryimage"},"thumbnailUrl":"https:\/\/veloaxe.com\/wp-content\/uploads\/2023\/10\/gravel-coluer-arenal-6.3-verde.jpg","datePublished":"2023-10-23T07:38:43+00:00","dateModified":"2025-08-09T07:11:50+00:00","description":"GRAVEL COLUER ARENAL 6.6 - SHIMANO GRX - Encuentra bicicletas de gravel de carbono COLUER ARENAL al precio de 2790 \u20ac. Facilidad de pago en 3x \/ 9X \/12x.","breadcrumb":{"@id":"https:\/\/veloaxe.com\/producto\/gravel-coluer-arenal-6-6-shimano-grx-verde\/#breadcrumb"},"inLanguage":"fr-FR","potentialAction":[{"@type":"ReadAction","target":["https:\/\/veloaxe.com\/producto\/gravel-coluer-arenal-6-6-shimano-grx-verde\/"]}]},{"@type":"ImageObject","inLanguage":"fr-FR","@id":"https:\/\/veloaxe.com\/producto\/gravel-coluer-arenal-6-6-shimano-grx-verde\/#primaryimage","url":"https:\/\/veloaxe.com\/wp-content\/uploads\/2023\/10\/gravel-coluer-arenal-6.3-verde.jpg","contentUrl":"https:\/\/veloaxe.com\/wp-content\/uploads\/2023\/10\/gravel-coluer-arenal-6.3-verde.jpg","width":1499,"height":900,"caption":"gravel-coluer-arenal-6.3-verde"},{"@type":"BreadcrumbList","@id":"https:\/\/veloaxe.com\/producto\/gravel-coluer-arenal-6-6-shimano-grx-verde\/#breadcrumb","itemListElement":[{"@type":"ListItem","position":1,"name":"Portada","item":"https:\/\/veloaxe.com\/"},{"@type":"ListItem","position":2,"name":"Shop","item":"https:\/\/paleturquoise-herring-271034.hostingersite.com\/shop\/"},{"@type":"ListItem","position":3,"name":"GRAVEL COLUER ARENAL 6.6 &#8211; SHIMANO GRX &#8211; VERDE"}]},{"@type":"WebSite","@id":"https:\/\/veloaxe.com\/#website","url":"https:\/\/veloaxe.com\/","name":"Boutique de v\u00e9lo en ligne | VELOAXE","description":"D\u00e9couvrez une large s\u00e9lection de v\u00e9los de haute qualit\u00e9, des mod\u00e8les urbains et de montagne aux v\u00e9los de route de pointe. Avec un service d'experts et des accessoires sp\u00e9cialis\u00e9s, nous nous engageons \u00e0 vous offrir la meilleure exp\u00e9rience de cyclisme.","publisher":{"@id":"https:\/\/veloaxe.com\/#organization"},"potentialAction":[{"@type":"SearchAction","target":{"@type":"EntryPoint","urlTemplate":"https:\/\/veloaxe.com\/?s={search_term_string}"},"query-input":{"@type":"PropertyValueSpecification","valueRequired":true,"valueName":"search_term_string"}}],"inLanguage":"fr-FR"},{"@type":"Organization","@id":"https:\/\/veloaxe.com\/#organization","name":"Boutique de v\u00e9lo en ligne | VELOAXE","url":"https:\/\/veloaxe.com\/","logo":{"@type":"ImageObject","inLanguage":"fr-FR","@id":"https:\/\/veloaxe.com\/#\/schema\/logo\/image\/","url":"https:\/\/veloaxe.com\/wp-content\/uploads\/2026\/01\/cropped-logo-1.jpg","contentUrl":"https:\/\/veloaxe.com\/wp-content\/uploads\/2026\/01\/cropped-logo-1.jpg","width":1273,"height":363,"caption":"Tienda de bicicletas | VELOAXE"},"image":{"@id":"https:\/\/veloaxe.com\/#\/schema\/logo\/image\/"},"sameAs":["https:\/\/www.facebook.com\/veloaxe"]}]}},"_links":{"self":[{"href":"https:\/\/veloaxe.com\/fr\/wp-json\/wp\/v2\/product\/12590","targetHints":{"allow":["GET"]}}],"collection":[{"href":"https:\/\/veloaxe.com\/fr\/wp-json\/wp\/v2\/product"}],"about":[{"href":"https:\/\/veloaxe.com\/fr\/wp-json\/wp\/v2\/types\/product"}],"replies":[{"embeddable":true,"href":"https:\/\/veloaxe.com\/fr\/wp-json\/wp\/v2\/comments?post=12590"}],"wp:featuredmedia":[{"embeddable":true,"href":"https:\/\/veloaxe.com\/fr\/wp-json\/wp\/v2\/media\/12596"}],"wp:attachment":[{"href":"https:\/\/veloaxe.com\/fr\/wp-json\/wp\/v2\/media?parent=12590"}],"wp:term":[{"taxonomy":"product_brand","embeddable":true,"href":"https:\/\/veloaxe.com\/fr\/wp-json\/wp\/v2\/product_brand?post=12590"},{"taxonomy":"product_cat","embeddable":true,"href":"https:\/\/veloaxe.com\/fr\/wp-json\/wp\/v2\/product_cat?post=12590"},{"taxonomy":"product_tag","embeddable":true,"href":"https:\/\/veloaxe.com\/fr\/wp-json\/wp\/v2\/product_tag?post=12590"}],"curies":[{"name":"wp","href":"https:\/\/api.w.org\/{rel}","templated":true}]}}