{"id":12625,"date":"2023-10-23T17:02:54","date_gmt":"2023-10-23T17:02:54","guid":{"rendered":"https:\/\/veloaxe.com\/?post_type=product&#038;p=12625"},"modified":"2025-05-28T08:28:38","modified_gmt":"2025-05-28T08:28:38","slug":"gravel-coluer-karman-4-4-sram-apex-xplr-gris","status":"publish","type":"product","link":"https:\/\/veloaxe.com\/fr\/producto\/gravel-coluer-karman-4-4-sram-apex-xplr-gris\/","title":{"rendered":"GRAVEL COLUER KARMAN 4.4 SRAM APEX XPLR &#8211; GRIS"},"content":{"rendered":"<p><span style=\"color: #000000;\">La NUEVA bicicleta gravel 2025 <b>COLUER KARMAN 4.4<\/b>\u00a0ha sido desarrollada con la ayuda de mec\u00e1nicos y antiguos ciclistas de gravel <strong>UCI PROFESSIONAL<\/strong> en las caminos m\u00e1s exigentes de <strong>FRANCIA<\/strong> y <strong>ESPA\u00d1A<\/strong>. El objetivo, llevar todo su potencial al M\u00e1ximo, en puertos m\u00edticos, con largas subidas y exigentes bajadas. Este recopil\u00f3 datos muy valiosos para su configuraci\u00f3n <strong>FINAL<\/strong>. El gravel <strong>COLUER KARMAN 4.4<\/strong> es una bicicleta de alto rendimiento donde el m\u00e1s m\u00ednimo detalle ha sido revisado una y otra vez para tener la bicicleta <strong>PERFECTA<\/strong>. C\u00f3moda, Vers\u00e1til, con una geometr\u00eda estudiada para que la potencia se transmita de forma m\u00e1s eficiente a las ruedas traseras, lo que te permitir\u00e1 subir sin dificultad y rodar largas distancias. Si est\u00e1s acostumbrado a subir a los podios, ir a los grupos delanteros, colocar ataques precisos o recorrer caminos interminables, esta es la bicicleta que necesitas.<\/span><\/p>\n<p>&nbsp;<\/p>\n<p><span style=\"color: #000000;\"><strong>CUADRO<\/strong> : NUEVO CUADRO Aluminio 7005, geometr\u00eda gravel, m\u00faltiples acoples para bidones y accesorios, direcci\u00f3n 1.5, cableado interno, eje 12x142mm, disco flat mount<\/span><\/p>\n<p><span style=\"color: #000000;\"><strong>HORQUILLA<\/strong> : Carbono monocasco<\/span><\/p>\n<p><span style=\"color: #000000;\"><strong>TIGES DE SELLE V\u00c9LO<\/strong> : ICON SUPERNOVA<\/span><\/p>\n<p><span style=\"color: #000000;\"><strong>POTENCES V\u00c9LO<\/strong> : ICON SUPERNOVA<\/span><\/p>\n<p><span style=\"color: #000000;\"><strong>CINTRES VTT<\/strong> : ICON GRAVEL<\/span><\/p>\n<p><span style=\"color: #000000;\"><strong>RUEDAS<\/strong> : ICON GRAVEL 23<\/span><\/p>\n<p><span style=\"color: #000000;\"><strong>NEUM\u00c1TICOS<\/strong> : CONTINENTAL TERRA TRAIL<\/span><\/p>\n<p><span style=\"color: #000000;\"><strong>SILL\u00cdN<\/strong> : SELLE ITALIA X<\/span><\/p>\n<p><span style=\"color: #000000;\"><strong>FRENOS<\/strong> : SRAM APEX HIDRAULICO<\/span><\/p>\n<p><span style=\"color: #000000;\"><strong>DESVIADOR DELANTERO<\/strong> : SIN<\/span><\/p>\n<p><span style=\"color: #000000;\"><strong>CAMBIO TRASERO<\/strong> : SRAM APEX XPLR<\/span><\/p>\n<p><span style=\"color: #000000;\"><strong>MANETAS DE CAMBIO<\/strong> : SRAM APEX 1x12v<\/span><\/p>\n<p><span style=\"color: #000000;\"><strong>P\u00c9DALIERS V\u00c9LO<\/strong> : SRAM APEX WIDE 40D<\/span><\/p>\n<p><span style=\"color: #000000;\"><strong>CASSETTES V\u00c9LO<\/strong> : SRAM XPLR 11-44D<\/span><\/p>\n<p><span style=\"color: #000000;\">Las ruedas y el grupo de la foto pueden no ser contractuales.<\/span><\/p>\n<p><span style=\"color: #000000;\">Para m\u00e1s informaci\u00f3n, cont\u00e1ctenos: +33 06 24 22 72 58<\/span><\/p>","protected":false},"excerpt":{"rendered":"<p>La NUEVA bicicleta gravel 2025 COLUER KARMAN 4.4\u00a0ha sido desarrollada con la ayuda de mec\u00e1nicos y antiguos ciclistas de gravel UCI PROFESSIONAL en las caminos m\u00e1s exigentes de FRANCIA y ESPA\u00d1A. El objetivo, llevar todo su potencial al M\u00e1ximo, en puertos m\u00edticos, con largas subidas y exigentes bajadas. Este recopil\u00f3 datos muy valiosos para su [&hellip;]<\/p>\n","protected":false},"featured_media":12630,"comment_status":"open","ping_status":"closed","template":"","meta":[],"product_brand":[],"product_cat":[16,188],"product_tag":[],"class_list":{"0":"post-12625","1":"product","2":"type-product","3":"status-publish","4":"has-post-thumbnail","6":"product_cat-carretera-gravel-bicicletas","7":"product_cat-gravel-aluminio-crabono-e-gravel","8":"product_shipping_class-bicicletas","10":"first","11":"instock","12":"sale","13":"shipping-taxable","14":"purchasable","15":"product-type-variable"},"yoast_head":"<!-- This site is optimized with the Yoast SEO plugin v27.6 - https:\/\/yoast.com\/product\/yoast-seo-wordpress\/ -->\n<title>GRAVEL COLUER KARMAN 4.4 - SRAM APEX | VELOAXE.COM<\/title>\n<meta name=\"description\" content=\"GRAVEL COLUER KARMAN 4.4 SRAM APEX - Encuentra bicicletas de gravel de aluminio COLUER KARMAN 4.4 al precio de 1700 \u20ac. Facilidad de pago en 3x \/ 9X \/12x.\" \/>\n<meta name=\"robots\" content=\"index, follow, max-snippet:-1, max-image-preview:large, max-video-preview:-1\" \/>\n<link rel=\"canonical\" href=\"https:\/\/veloaxe.com\/fr\/produit\/gravel-coluer-karman-4-4-sram-apex-xplr-gris\/\" \/>\n<meta property=\"og:locale\" content=\"fr_FR\" \/>\n<meta property=\"og:type\" content=\"article\" \/>\n<meta property=\"og:title\" content=\"GRAVEL COLUER KARMAN 4.4 - SRAM APEX | VELOAXE.COM\" \/>\n<meta property=\"og:description\" content=\"GRAVEL COLUER KARMAN 4.4 SRAM APEX - Encuentra bicicletas de gravel de aluminio COLUER KARMAN 4.4 al precio de 1700 \u20ac. Facilidad de pago en 3x \/ 9X \/12x.\" \/>\n<meta property=\"og:url\" content=\"https:\/\/veloaxe.com\/fr\/produit\/gravel-coluer-karman-4-4-sram-apex-xplr-gris\/\" \/>\n<meta property=\"og:site_name\" content=\"Tienda de bicicletas | VELOAXE\" \/>\n<meta property=\"article:publisher\" content=\"https:\/\/www.facebook.com\/veloaxe\" \/>\n<meta property=\"article:modified_time\" content=\"2025-05-28T08:28:38+00:00\" \/>\n<meta property=\"og:image\" content=\"https:\/\/veloaxe.com\/wp-content\/uploads\/2023\/10\/gravel-coluer-karman-4.4.jpg\" \/>\n\t<meta property=\"og:image:width\" content=\"1316\" \/>\n\t<meta property=\"og:image:height\" content=\"789\" \/>\n\t<meta property=\"og:image:type\" content=\"image\/jpeg\" \/>\n<meta name=\"twitter:card\" content=\"summary_large_image\" \/>\n<meta name=\"twitter:label1\" content=\"Dur\u00e9e de lecture estim\u00e9e\" \/>\n\t<meta name=\"twitter:data1\" content=\"2 minutes\" \/>\n<script type=\"application\/ld+json\" class=\"yoast-schema-graph\">{\"@context\":\"https:\\\/\\\/schema.org\",\"@graph\":[{\"@type\":\"WebPage\",\"@id\":\"https:\\\/\\\/veloaxe.com\\\/producto\\\/gravel-coluer-karman-4-4-sram-apex-xplr-gris\\\/\",\"url\":\"https:\\\/\\\/veloaxe.com\\\/producto\\\/gravel-coluer-karman-4-4-sram-apex-xplr-gris\\\/\",\"name\":\"GRAVEL COLUER KARMAN 4.4 - SRAM APEX | VELOAXE.COM\",\"isPartOf\":{\"@id\":\"https:\\\/\\\/veloaxe.com\\\/#website\"},\"primaryImageOfPage\":{\"@id\":\"https:\\\/\\\/veloaxe.com\\\/producto\\\/gravel-coluer-karman-4-4-sram-apex-xplr-gris\\\/#primaryimage\"},\"image\":{\"@id\":\"https:\\\/\\\/veloaxe.com\\\/producto\\\/gravel-coluer-karman-4-4-sram-apex-xplr-gris\\\/#primaryimage\"},\"thumbnailUrl\":\"https:\\\/\\\/veloaxe.com\\\/wp-content\\\/uploads\\\/2023\\\/10\\\/gravel-coluer-karman-4.4.jpg\",\"datePublished\":\"2023-10-23T17:02:54+00:00\",\"dateModified\":\"2025-05-28T08:28:38+00:00\",\"description\":\"GRAVEL COLUER KARMAN 4.4 SRAM APEX - Encuentra bicicletas de gravel de aluminio COLUER KARMAN 4.4 al precio de 1700 \u20ac. Facilidad de pago en 3x \\\/ 9X \\\/12x.\",\"breadcrumb\":{\"@id\":\"https:\\\/\\\/veloaxe.com\\\/producto\\\/gravel-coluer-karman-4-4-sram-apex-xplr-gris\\\/#breadcrumb\"},\"inLanguage\":\"fr-FR\",\"potentialAction\":[{\"@type\":\"ReadAction\",\"target\":[\"https:\\\/\\\/veloaxe.com\\\/producto\\\/gravel-coluer-karman-4-4-sram-apex-xplr-gris\\\/\"]}]},{\"@type\":\"ImageObject\",\"inLanguage\":\"fr-FR\",\"@id\":\"https:\\\/\\\/veloaxe.com\\\/producto\\\/gravel-coluer-karman-4-4-sram-apex-xplr-gris\\\/#primaryimage\",\"url\":\"https:\\\/\\\/veloaxe.com\\\/wp-content\\\/uploads\\\/2023\\\/10\\\/gravel-coluer-karman-4.4.jpg\",\"contentUrl\":\"https:\\\/\\\/veloaxe.com\\\/wp-content\\\/uploads\\\/2023\\\/10\\\/gravel-coluer-karman-4.4.jpg\",\"width\":1316,\"height\":789,\"caption\":\"gravel-coluer-karman-4.4\"},{\"@type\":\"BreadcrumbList\",\"@id\":\"https:\\\/\\\/veloaxe.com\\\/producto\\\/gravel-coluer-karman-4-4-sram-apex-xplr-gris\\\/#breadcrumb\",\"itemListElement\":[{\"@type\":\"ListItem\",\"position\":1,\"name\":\"Portada\",\"item\":\"https:\\\/\\\/veloaxe.com\\\/\"},{\"@type\":\"ListItem\",\"position\":2,\"name\":\"Shop\",\"item\":\"https:\\\/\\\/paleturquoise-herring-271034.hostingersite.com\\\/shop\\\/\"},{\"@type\":\"ListItem\",\"position\":3,\"name\":\"GRAVEL COLUER KARMAN 4.4 SRAM APEX XPLR &#8211; GRIS\"}]},{\"@type\":\"WebSite\",\"@id\":\"https:\\\/\\\/veloaxe.com\\\/#website\",\"url\":\"https:\\\/\\\/veloaxe.com\\\/\",\"name\":\"Tienda de bicicletas | VELOAXE\",\"description\":\"Descubre una amplia selecci\u00f3n de bicicletas de alta calidad, desde modelos urbanos y de monta\u00f1a hasta bicicletas de carretera de \u00faltima generaci\u00f3n. Con un servicio experto y accesorios especializados, estamos comprometidos a brindarte la mejor experiencia ciclista.\",\"publisher\":{\"@id\":\"https:\\\/\\\/veloaxe.com\\\/#organization\"},\"potentialAction\":[{\"@type\":\"SearchAction\",\"target\":{\"@type\":\"EntryPoint\",\"urlTemplate\":\"https:\\\/\\\/veloaxe.com\\\/?s={search_term_string}\"},\"query-input\":{\"@type\":\"PropertyValueSpecification\",\"valueRequired\":true,\"valueName\":\"search_term_string\"}}],\"inLanguage\":\"fr-FR\"},{\"@type\":\"Organization\",\"@id\":\"https:\\\/\\\/veloaxe.com\\\/#organization\",\"name\":\"Tienda de bicicletas | VELOAXE\",\"url\":\"https:\\\/\\\/veloaxe.com\\\/\",\"logo\":{\"@type\":\"ImageObject\",\"inLanguage\":\"fr-FR\",\"@id\":\"https:\\\/\\\/veloaxe.com\\\/#\\\/schema\\\/logo\\\/image\\\/\",\"url\":\"https:\\\/\\\/veloaxe.com\\\/wp-content\\\/uploads\\\/2026\\\/01\\\/cropped-logo-1.jpg\",\"contentUrl\":\"https:\\\/\\\/veloaxe.com\\\/wp-content\\\/uploads\\\/2026\\\/01\\\/cropped-logo-1.jpg\",\"width\":1273,\"height\":363,\"caption\":\"Tienda de bicicletas | VELOAXE\"},\"image\":{\"@id\":\"https:\\\/\\\/veloaxe.com\\\/#\\\/schema\\\/logo\\\/image\\\/\"},\"sameAs\":[\"https:\\\/\\\/www.facebook.com\\\/veloaxe\"]}]}<\/script>\n<!-- \/ Yoast SEO plugin. -->","yoast_head_json":{"title":"GRAVEL COLUER KARMAN 4.4 - SRAM APEX | VELOAXE.COM","description":"GRAVEL COLUER KARMAN 4.4 SRAM APEX - Encuentra bicicletas de gravel de aluminio COLUER KARMAN 4.4 al precio de 1700 \u20ac. Facilidad de pago en 3x \/ 9X \/12x.","robots":{"index":"index","follow":"follow","max-snippet":"max-snippet:-1","max-image-preview":"max-image-preview:large","max-video-preview":"max-video-preview:-1"},"canonical":"https:\/\/veloaxe.com\/fr\/produit\/gravel-coluer-karman-4-4-sram-apex-xplr-gris\/","og_locale":"fr_FR","og_type":"article","og_title":"GRAVEL COLUER KARMAN 4.4 - SRAM APEX | VELOAXE.COM","og_description":"GRAVEL COLUER KARMAN 4.4 SRAM APEX - Encuentra bicicletas de gravel de aluminio COLUER KARMAN 4.4 al precio de 1700 \u20ac. Facilidad de pago en 3x \/ 9X \/12x.","og_url":"https:\/\/veloaxe.com\/fr\/produit\/gravel-coluer-karman-4-4-sram-apex-xplr-gris\/","og_site_name":"Tienda de bicicletas | VELOAXE","article_publisher":"https:\/\/www.facebook.com\/veloaxe","article_modified_time":"2025-05-28T08:28:38+00:00","og_image":[{"width":1316,"height":789,"url":"https:\/\/veloaxe.com\/wp-content\/uploads\/2023\/10\/gravel-coluer-karman-4.4.jpg","type":"image\/jpeg"}],"twitter_card":"summary_large_image","twitter_misc":{"Dur\u00e9e de lecture estim\u00e9e":"2 minutes"},"schema":{"@context":"https:\/\/schema.org","@graph":[{"@type":"WebPage","@id":"https:\/\/veloaxe.com\/producto\/gravel-coluer-karman-4-4-sram-apex-xplr-gris\/","url":"https:\/\/veloaxe.com\/producto\/gravel-coluer-karman-4-4-sram-apex-xplr-gris\/","name":"GRAVEL COLUER KARMAN 4.4 - SRAM APEX | VELOAXE.COM","isPartOf":{"@id":"https:\/\/veloaxe.com\/#website"},"primaryImageOfPage":{"@id":"https:\/\/veloaxe.com\/producto\/gravel-coluer-karman-4-4-sram-apex-xplr-gris\/#primaryimage"},"image":{"@id":"https:\/\/veloaxe.com\/producto\/gravel-coluer-karman-4-4-sram-apex-xplr-gris\/#primaryimage"},"thumbnailUrl":"https:\/\/veloaxe.com\/wp-content\/uploads\/2023\/10\/gravel-coluer-karman-4.4.jpg","datePublished":"2023-10-23T17:02:54+00:00","dateModified":"2025-05-28T08:28:38+00:00","description":"GRAVEL COLUER KARMAN 4.4 SRAM APEX - Encuentra bicicletas de gravel de aluminio COLUER KARMAN 4.4 al precio de 1700 \u20ac. Facilidad de pago en 3x \/ 9X \/12x.","breadcrumb":{"@id":"https:\/\/veloaxe.com\/producto\/gravel-coluer-karman-4-4-sram-apex-xplr-gris\/#breadcrumb"},"inLanguage":"fr-FR","potentialAction":[{"@type":"ReadAction","target":["https:\/\/veloaxe.com\/producto\/gravel-coluer-karman-4-4-sram-apex-xplr-gris\/"]}]},{"@type":"ImageObject","inLanguage":"fr-FR","@id":"https:\/\/veloaxe.com\/producto\/gravel-coluer-karman-4-4-sram-apex-xplr-gris\/#primaryimage","url":"https:\/\/veloaxe.com\/wp-content\/uploads\/2023\/10\/gravel-coluer-karman-4.4.jpg","contentUrl":"https:\/\/veloaxe.com\/wp-content\/uploads\/2023\/10\/gravel-coluer-karman-4.4.jpg","width":1316,"height":789,"caption":"gravel-coluer-karman-4.4"},{"@type":"BreadcrumbList","@id":"https:\/\/veloaxe.com\/producto\/gravel-coluer-karman-4-4-sram-apex-xplr-gris\/#breadcrumb","itemListElement":[{"@type":"ListItem","position":1,"name":"Portada","item":"https:\/\/veloaxe.com\/"},{"@type":"ListItem","position":2,"name":"Shop","item":"https:\/\/paleturquoise-herring-271034.hostingersite.com\/shop\/"},{"@type":"ListItem","position":3,"name":"GRAVEL COLUER KARMAN 4.4 SRAM APEX XPLR &#8211; GRIS"}]},{"@type":"WebSite","@id":"https:\/\/veloaxe.com\/#website","url":"https:\/\/veloaxe.com\/","name":"Boutique de v\u00e9lo en ligne | VELOAXE","description":"D\u00e9couvrez une large s\u00e9lection de v\u00e9los de haute qualit\u00e9, des mod\u00e8les urbains et de montagne aux v\u00e9los de route de pointe. Avec un service d'experts et des accessoires sp\u00e9cialis\u00e9s, nous nous engageons \u00e0 vous offrir la meilleure exp\u00e9rience de cyclisme.","publisher":{"@id":"https:\/\/veloaxe.com\/#organization"},"potentialAction":[{"@type":"SearchAction","target":{"@type":"EntryPoint","urlTemplate":"https:\/\/veloaxe.com\/?s={search_term_string}"},"query-input":{"@type":"PropertyValueSpecification","valueRequired":true,"valueName":"search_term_string"}}],"inLanguage":"fr-FR"},{"@type":"Organization","@id":"https:\/\/veloaxe.com\/#organization","name":"Boutique de v\u00e9lo en ligne | VELOAXE","url":"https:\/\/veloaxe.com\/","logo":{"@type":"ImageObject","inLanguage":"fr-FR","@id":"https:\/\/veloaxe.com\/#\/schema\/logo\/image\/","url":"https:\/\/veloaxe.com\/wp-content\/uploads\/2026\/01\/cropped-logo-1.jpg","contentUrl":"https:\/\/veloaxe.com\/wp-content\/uploads\/2026\/01\/cropped-logo-1.jpg","width":1273,"height":363,"caption":"Tienda de bicicletas | VELOAXE"},"image":{"@id":"https:\/\/veloaxe.com\/#\/schema\/logo\/image\/"},"sameAs":["https:\/\/www.facebook.com\/veloaxe"]}]}},"_links":{"self":[{"href":"https:\/\/veloaxe.com\/fr\/wp-json\/wp\/v2\/product\/12625","targetHints":{"allow":["GET"]}}],"collection":[{"href":"https:\/\/veloaxe.com\/fr\/wp-json\/wp\/v2\/product"}],"about":[{"href":"https:\/\/veloaxe.com\/fr\/wp-json\/wp\/v2\/types\/product"}],"replies":[{"embeddable":true,"href":"https:\/\/veloaxe.com\/fr\/wp-json\/wp\/v2\/comments?post=12625"}],"wp:featuredmedia":[{"embeddable":true,"href":"https:\/\/veloaxe.com\/fr\/wp-json\/wp\/v2\/media\/12630"}],"wp:attachment":[{"href":"https:\/\/veloaxe.com\/fr\/wp-json\/wp\/v2\/media?parent=12625"}],"wp:term":[{"taxonomy":"product_brand","embeddable":true,"href":"https:\/\/veloaxe.com\/fr\/wp-json\/wp\/v2\/product_brand?post=12625"},{"taxonomy":"product_cat","embeddable":true,"href":"https:\/\/veloaxe.com\/fr\/wp-json\/wp\/v2\/product_cat?post=12625"},{"taxonomy":"product_tag","embeddable":true,"href":"https:\/\/veloaxe.com\/fr\/wp-json\/wp\/v2\/product_tag?post=12625"}],"curies":[{"name":"wp","href":"https:\/\/api.w.org\/{rel}","templated":true}]}}