{"id":1308,"date":"2022-08-25T17:35:25","date_gmt":"2022-08-25T17:35:25","guid":{"rendered":"https:\/\/veloaxe.com\/?post_type=product&#038;p=1308"},"modified":"2025-10-27T07:57:22","modified_gmt":"2025-10-27T07:57:22","slug":"spray-eliminador-barro-soudal-1-litro","status":"publish","type":"product","link":"https:\/\/veloaxe.com\/fr\/produit\/spray-eliminador-barro-soudal-1-litro\/","title":{"rendered":"SPRAY ELIMINADOR BARRO SOUDAL &#8211; 1L"},"content":{"rendered":"<p><span style=\"color: #000000;\">Limpiador <strong>PROFESIONAL ANTIFANGO de SOUDAL<\/strong>, socio del equipo <strong>PRO UCI LOTTO SOUDAL<\/strong>. Listo para usar y potente dise\u00f1ado para eliminar eficazmente las manchas dif\u00edciles. Apto para todas las superficies, neum\u00e1ticos, sill\u00edn, transmisi\u00f3n, etc&#8230; Roc\u00ede el limpiador sobre las partes muy sucias. Dejar actuar el producto unos minutos. Las manchas de barro o dif\u00edciles se pueden eliminar con una esponja o un cepillo. Usando una manguera, enjuague completamente con agua, luego limpie o seque al aire.<\/span><\/p>\n<p><span style=\"color: #000000;\">&#8211; Limpia y desengrasa<\/span><\/p>\n<p><span style=\"color: #000000;\">&#8211; Alto poder desengrasante<\/span><\/p>\n<p><span style=\"color: #000000;\">&#8211; Apto para todas las superficies, <strong>CARBONO, ALUMINIO o TITANIO<\/strong><\/span><\/p>","protected":false},"excerpt":{"rendered":"<p>Limpiador PROFESIONAL ANTIFANGO de SOUDAL, socio del equipo PRO UCI LOTTO SOUDAL. Listo para usar y potente dise\u00f1ado para eliminar eficazmente las manchas dif\u00edciles. Apto para todas las superficies, neum\u00e1ticos, sill\u00edn, transmisi\u00f3n, etc&#8230; Roc\u00ede el limpiador sobre las partes muy sucias. Dejar actuar el producto unos minutos. Las manchas de barro o dif\u00edciles se pueden [&hellip;]<\/p>\n","protected":false},"featured_media":1345,"comment_status":"open","ping_status":"closed","template":"","meta":[],"product_brand":[],"product_cat":[121,122,120],"product_tag":[],"class_list":{"0":"post-1308","1":"product","2":"type-product","3":"status-publish","4":"has-post-thumbnail","6":"product_cat-limpiador-y-desengrasante-para-bicicleta","7":"product_cat-limpiador-y-desengrasante-de-bicicleta","8":"product_cat-taller-mantenimiento-para-bicicleta","9":"product_shipping_class-no-bicicletas","11":"first","12":"instock","13":"sale","14":"shipping-taxable","15":"purchasable","16":"product-type-simple"},"yoast_head":"<!-- This site is optimized with the Yoast SEO plugin v27.6 - https:\/\/yoast.com\/product\/yoast-seo-wordpress\/ -->\n<title>SPRAY ELIMINADOR BARRO SOUDAL - 1L - Tienda de bicicletas | VELOAXE<\/title>\n<meta name=\"description\" content=\"SPRAY ELIMINADOR BARRO SOUDAL 1 LITRO en VELOAXE.COM por so\u0301lo 11,99 \u20ac. Env\u00edo desde 4,49 euros, facilidad de pago disponible hasta 12X.\" \/>\n<meta name=\"robots\" content=\"index, follow, max-snippet:-1, max-image-preview:large, max-video-preview:-1\" \/>\n<link rel=\"canonical\" href=\"https:\/\/veloaxe.com\/fr\/produit\/spray-eliminador-barro-soudal-1-litro\/\" \/>\n<meta property=\"og:locale\" content=\"fr_FR\" \/>\n<meta property=\"og:type\" content=\"article\" \/>\n<meta property=\"og:title\" content=\"SPRAY ELIMINADOR BARRO SOUDAL - 1L - Tienda de bicicletas | VELOAXE\" \/>\n<meta property=\"og:description\" content=\"SPRAY ELIMINADOR BARRO SOUDAL 1 LITRO en VELOAXE.COM por so\u0301lo 11,99 \u20ac. Env\u00edo desde 4,49 euros, facilidad de pago disponible hasta 12X.\" \/>\n<meta property=\"og:url\" content=\"https:\/\/veloaxe.com\/fr\/produit\/spray-eliminador-barro-soudal-1-litro\/\" \/>\n<meta property=\"og:site_name\" content=\"Tienda de bicicletas | VELOAXE\" \/>\n<meta property=\"article:publisher\" content=\"https:\/\/www.facebook.com\/veloaxe\" \/>\n<meta property=\"article:modified_time\" content=\"2025-10-27T07:57:22+00:00\" \/>\n<meta property=\"og:image\" content=\"https:\/\/veloaxe.com\/wp-content\/uploads\/2022\/08\/1200_1500_33____1__anti-boue-soudal_6453-e1665906982110.jpg\" \/>\n\t<meta property=\"og:image:width\" content=\"487\" \/>\n\t<meta property=\"og:image:height\" content=\"667\" \/>\n\t<meta property=\"og:image:type\" content=\"image\/jpeg\" \/>\n<meta name=\"twitter:card\" content=\"summary_large_image\" \/>\n<meta name=\"twitter:label1\" content=\"Dur\u00e9e de lecture estim\u00e9e\" \/>\n\t<meta name=\"twitter:data1\" content=\"1 minute\" \/>\n<script type=\"application\/ld+json\" class=\"yoast-schema-graph\">{\"@context\":\"https:\\\/\\\/schema.org\",\"@graph\":[{\"@type\":\"WebPage\",\"@id\":\"https:\\\/\\\/veloaxe.com\\\/producto\\\/spray-eliminador-barro-soudal-1-litro\\\/\",\"url\":\"https:\\\/\\\/veloaxe.com\\\/producto\\\/spray-eliminador-barro-soudal-1-litro\\\/\",\"name\":\"SPRAY ELIMINADOR BARRO SOUDAL - 1L - Tienda de bicicletas | VELOAXE\",\"isPartOf\":{\"@id\":\"https:\\\/\\\/veloaxe.com\\\/#website\"},\"primaryImageOfPage\":{\"@id\":\"https:\\\/\\\/veloaxe.com\\\/producto\\\/spray-eliminador-barro-soudal-1-litro\\\/#primaryimage\"},\"image\":{\"@id\":\"https:\\\/\\\/veloaxe.com\\\/producto\\\/spray-eliminador-barro-soudal-1-litro\\\/#primaryimage\"},\"thumbnailUrl\":\"https:\\\/\\\/veloaxe.com\\\/wp-content\\\/uploads\\\/2022\\\/08\\\/1200_1500_33____1__anti-boue-soudal_6453-e1665906982110.jpg\",\"datePublished\":\"2022-08-25T17:35:25+00:00\",\"dateModified\":\"2025-10-27T07:57:22+00:00\",\"description\":\"SPRAY ELIMINADOR BARRO SOUDAL 1 LITRO en VELOAXE.COM por so\u0301lo 11,99 \u20ac. Env\u00edo desde 4,49 euros, facilidad de pago disponible hasta 12X.\",\"breadcrumb\":{\"@id\":\"https:\\\/\\\/veloaxe.com\\\/producto\\\/spray-eliminador-barro-soudal-1-litro\\\/#breadcrumb\"},\"inLanguage\":\"fr-FR\",\"potentialAction\":[{\"@type\":\"ReadAction\",\"target\":[\"https:\\\/\\\/veloaxe.com\\\/producto\\\/spray-eliminador-barro-soudal-1-litro\\\/\"]}]},{\"@type\":\"ImageObject\",\"inLanguage\":\"fr-FR\",\"@id\":\"https:\\\/\\\/veloaxe.com\\\/producto\\\/spray-eliminador-barro-soudal-1-litro\\\/#primaryimage\",\"url\":\"https:\\\/\\\/veloaxe.com\\\/wp-content\\\/uploads\\\/2022\\\/08\\\/1200_1500_33____1__anti-boue-soudal_6453-e1665906982110.jpg\",\"contentUrl\":\"https:\\\/\\\/veloaxe.com\\\/wp-content\\\/uploads\\\/2022\\\/08\\\/1200_1500_33____1__anti-boue-soudal_6453-e1665906982110.jpg\",\"width\":487,\"height\":667,\"caption\":\"limpiador-bicicleta-soudal\"},{\"@type\":\"BreadcrumbList\",\"@id\":\"https:\\\/\\\/veloaxe.com\\\/producto\\\/spray-eliminador-barro-soudal-1-litro\\\/#breadcrumb\",\"itemListElement\":[{\"@type\":\"ListItem\",\"position\":1,\"name\":\"Portada\",\"item\":\"https:\\\/\\\/paleturquoise-herring-271034.hostingersite.com\\\/\"},{\"@type\":\"ListItem\",\"position\":2,\"name\":\"Shop\",\"item\":\"https:\\\/\\\/paleturquoise-herring-271034.hostingersite.com\\\/shop\\\/\"},{\"@type\":\"ListItem\",\"position\":3,\"name\":\"SPRAY ELIMINADOR BARRO SOUDAL &#8211; 1L\"}]},{\"@type\":\"WebSite\",\"@id\":\"https:\\\/\\\/veloaxe.com\\\/#website\",\"url\":\"https:\\\/\\\/veloaxe.com\\\/\",\"name\":\"Tienda de bicicletas | VELOAXE\",\"description\":\"Descubre una amplia selecci\u00f3n de bicicletas de alta calidad, desde modelos urbanos y de monta\u00f1a hasta bicicletas de carretera de \u00faltima generaci\u00f3n. Con un servicio experto y accesorios especializados, estamos comprometidos a brindarte la mejor experiencia ciclista.\",\"publisher\":{\"@id\":\"https:\\\/\\\/veloaxe.com\\\/#organization\"},\"potentialAction\":[{\"@type\":\"SearchAction\",\"target\":{\"@type\":\"EntryPoint\",\"urlTemplate\":\"https:\\\/\\\/veloaxe.com\\\/?s={search_term_string}\"},\"query-input\":{\"@type\":\"PropertyValueSpecification\",\"valueRequired\":true,\"valueName\":\"search_term_string\"}}],\"inLanguage\":\"fr-FR\"},{\"@type\":\"Organization\",\"@id\":\"https:\\\/\\\/veloaxe.com\\\/#organization\",\"name\":\"Tienda de bicicletas | VELOAXE\",\"url\":\"https:\\\/\\\/veloaxe.com\\\/\",\"logo\":{\"@type\":\"ImageObject\",\"inLanguage\":\"fr-FR\",\"@id\":\"https:\\\/\\\/veloaxe.com\\\/#\\\/schema\\\/logo\\\/image\\\/\",\"url\":\"https:\\\/\\\/veloaxe.com\\\/wp-content\\\/uploads\\\/2026\\\/01\\\/cropped-logo-1.jpg\",\"contentUrl\":\"https:\\\/\\\/veloaxe.com\\\/wp-content\\\/uploads\\\/2026\\\/01\\\/cropped-logo-1.jpg\",\"width\":1273,\"height\":363,\"caption\":\"Tienda de bicicletas | VELOAXE\"},\"image\":{\"@id\":\"https:\\\/\\\/veloaxe.com\\\/#\\\/schema\\\/logo\\\/image\\\/\"},\"sameAs\":[\"https:\\\/\\\/www.facebook.com\\\/veloaxe\"]}]}<\/script>\n<!-- \/ Yoast SEO plugin. -->","yoast_head_json":{"title":"SPRAY ELIMINADOR BARRO SOUDAL - 1L - Tienda de bicicletas | VELOAXE","description":"SPRAY ELIMINADOR BARRO SOUDAL 1 LITRO en VELOAXE.COM por so\u0301lo 11,99 \u20ac. Env\u00edo desde 4,49 euros, facilidad de pago disponible hasta 12X.","robots":{"index":"index","follow":"follow","max-snippet":"max-snippet:-1","max-image-preview":"max-image-preview:large","max-video-preview":"max-video-preview:-1"},"canonical":"https:\/\/veloaxe.com\/fr\/produit\/spray-eliminador-barro-soudal-1-litro\/","og_locale":"fr_FR","og_type":"article","og_title":"SPRAY ELIMINADOR BARRO SOUDAL - 1L - Tienda de bicicletas | VELOAXE","og_description":"SPRAY ELIMINADOR BARRO SOUDAL 1 LITRO en VELOAXE.COM por so\u0301lo 11,99 \u20ac. Env\u00edo desde 4,49 euros, facilidad de pago disponible hasta 12X.","og_url":"https:\/\/veloaxe.com\/fr\/produit\/spray-eliminador-barro-soudal-1-litro\/","og_site_name":"Tienda de bicicletas | VELOAXE","article_publisher":"https:\/\/www.facebook.com\/veloaxe","article_modified_time":"2025-10-27T07:57:22+00:00","og_image":[{"width":487,"height":667,"url":"https:\/\/veloaxe.com\/wp-content\/uploads\/2022\/08\/1200_1500_33____1__anti-boue-soudal_6453-e1665906982110.jpg","type":"image\/jpeg"}],"twitter_card":"summary_large_image","twitter_misc":{"Dur\u00e9e de lecture estim\u00e9e":"1 minute"},"schema":{"@context":"https:\/\/schema.org","@graph":[{"@type":"WebPage","@id":"https:\/\/veloaxe.com\/producto\/spray-eliminador-barro-soudal-1-litro\/","url":"https:\/\/veloaxe.com\/producto\/spray-eliminador-barro-soudal-1-litro\/","name":"SPRAY ELIMINADOR BARRO SOUDAL - 1L - Tienda de bicicletas | VELOAXE","isPartOf":{"@id":"https:\/\/veloaxe.com\/#website"},"primaryImageOfPage":{"@id":"https:\/\/veloaxe.com\/producto\/spray-eliminador-barro-soudal-1-litro\/#primaryimage"},"image":{"@id":"https:\/\/veloaxe.com\/producto\/spray-eliminador-barro-soudal-1-litro\/#primaryimage"},"thumbnailUrl":"https:\/\/veloaxe.com\/wp-content\/uploads\/2022\/08\/1200_1500_33____1__anti-boue-soudal_6453-e1665906982110.jpg","datePublished":"2022-08-25T17:35:25+00:00","dateModified":"2025-10-27T07:57:22+00:00","description":"SPRAY ELIMINADOR BARRO SOUDAL 1 LITRO en VELOAXE.COM por so\u0301lo 11,99 \u20ac. Env\u00edo desde 4,49 euros, facilidad de pago disponible hasta 12X.","breadcrumb":{"@id":"https:\/\/veloaxe.com\/producto\/spray-eliminador-barro-soudal-1-litro\/#breadcrumb"},"inLanguage":"fr-FR","potentialAction":[{"@type":"ReadAction","target":["https:\/\/veloaxe.com\/producto\/spray-eliminador-barro-soudal-1-litro\/"]}]},{"@type":"ImageObject","inLanguage":"fr-FR","@id":"https:\/\/veloaxe.com\/producto\/spray-eliminador-barro-soudal-1-litro\/#primaryimage","url":"https:\/\/veloaxe.com\/wp-content\/uploads\/2022\/08\/1200_1500_33____1__anti-boue-soudal_6453-e1665906982110.jpg","contentUrl":"https:\/\/veloaxe.com\/wp-content\/uploads\/2022\/08\/1200_1500_33____1__anti-boue-soudal_6453-e1665906982110.jpg","width":487,"height":667,"caption":"limpiador-bicicleta-soudal"},{"@type":"BreadcrumbList","@id":"https:\/\/veloaxe.com\/producto\/spray-eliminador-barro-soudal-1-litro\/#breadcrumb","itemListElement":[{"@type":"ListItem","position":1,"name":"Portada","item":"https:\/\/paleturquoise-herring-271034.hostingersite.com\/"},{"@type":"ListItem","position":2,"name":"Shop","item":"https:\/\/paleturquoise-herring-271034.hostingersite.com\/shop\/"},{"@type":"ListItem","position":3,"name":"SPRAY ELIMINADOR BARRO SOUDAL &#8211; 1L"}]},{"@type":"WebSite","@id":"https:\/\/veloaxe.com\/#website","url":"https:\/\/veloaxe.com\/","name":"Boutique de v\u00e9lo en ligne | VELOAXE","description":"Descubre una amplia selecci\u00f3n de bicicletas de alta calidad, desde modelos urbanos y de monta\u00f1a hasta bicicletas de carretera de \u00faltima generaci\u00f3n. Con un servicio experto y accesorios especializados, estamos comprometidos a brindarte la mejor experiencia ciclista.","publisher":{"@id":"https:\/\/veloaxe.com\/#organization"},"potentialAction":[{"@type":"SearchAction","target":{"@type":"EntryPoint","urlTemplate":"https:\/\/veloaxe.com\/?s={search_term_string}"},"query-input":{"@type":"PropertyValueSpecification","valueRequired":true,"valueName":"search_term_string"}}],"inLanguage":"fr-FR"},{"@type":"Organization","@id":"https:\/\/veloaxe.com\/#organization","name":"Boutique de v\u00e9lo en ligne | VELOAXE","url":"https:\/\/veloaxe.com\/","logo":{"@type":"ImageObject","inLanguage":"fr-FR","@id":"https:\/\/veloaxe.com\/#\/schema\/logo\/image\/","url":"https:\/\/veloaxe.com\/wp-content\/uploads\/2026\/01\/cropped-logo-1.jpg","contentUrl":"https:\/\/veloaxe.com\/wp-content\/uploads\/2026\/01\/cropped-logo-1.jpg","width":1273,"height":363,"caption":"Tienda de bicicletas | VELOAXE"},"image":{"@id":"https:\/\/veloaxe.com\/#\/schema\/logo\/image\/"},"sameAs":["https:\/\/www.facebook.com\/veloaxe"]}]}},"_links":{"self":[{"href":"https:\/\/veloaxe.com\/fr\/wp-json\/wp\/v2\/product\/1308","targetHints":{"allow":["GET"]}}],"collection":[{"href":"https:\/\/veloaxe.com\/fr\/wp-json\/wp\/v2\/product"}],"about":[{"href":"https:\/\/veloaxe.com\/fr\/wp-json\/wp\/v2\/types\/product"}],"replies":[{"embeddable":true,"href":"https:\/\/veloaxe.com\/fr\/wp-json\/wp\/v2\/comments?post=1308"}],"wp:featuredmedia":[{"embeddable":true,"href":"https:\/\/veloaxe.com\/fr\/wp-json\/wp\/v2\/media\/1345"}],"wp:attachment":[{"href":"https:\/\/veloaxe.com\/fr\/wp-json\/wp\/v2\/media?parent=1308"}],"wp:term":[{"taxonomy":"product_brand","embeddable":true,"href":"https:\/\/veloaxe.com\/fr\/wp-json\/wp\/v2\/product_brand?post=1308"},{"taxonomy":"product_cat","embeddable":true,"href":"https:\/\/veloaxe.com\/fr\/wp-json\/wp\/v2\/product_cat?post=1308"},{"taxonomy":"product_tag","embeddable":true,"href":"https:\/\/veloaxe.com\/fr\/wp-json\/wp\/v2\/product_tag?post=1308"}],"curies":[{"name":"wp","href":"https:\/\/api.w.org\/{rel}","templated":true}]}}