{"id":13084,"date":"2024-01-08T17:37:50","date_gmt":"2024-01-08T17:37:50","guid":{"rendered":"https:\/\/veloaxe.com\/?post_type=product&#038;p=13084"},"modified":"2025-05-27T09:11:46","modified_gmt":"2025-05-27T09:11:46","slug":"maneta-izquierda-campagnolo-super-record-wireless-12v-160mm","status":"publish","type":"product","link":"https:\/\/veloaxe.com\/fr\/producto\/maneta-izquierda-campagnolo-super-record-wireless-12v-160mm\/","title":{"rendered":"MANETA IZQUIERDA CAMPAGNOLO SUPER RECORD WIRELESS 12v &#8211; 160mm"},"content":{"rendered":"<p>Las nuevas <strong>MANETA CAMPAGNOLO SUPER RECORD WIRELESS<\/strong> pueden llegar hasta 2 a\u00f1os de uso sin necesidad de sustituir la bater\u00eda. El mando se apaga con una tecla oculta pero f\u00e1cilmente accesible, situada dentro del cuerpo del mando. El led que se encuentra dentro del cuerpo del mando ser\u00e1 el punto de contacto visual para se\u00f1alar si la bater\u00eda est\u00e1 descargada, y el nivel de carga se puede controlar mediante la aplicaci\u00f3n MyCampy 3.0.<\/p>\n<p>Las teclas del cambio se encuentran en la maneta del freno para garantizar a todos los ciclistas un f\u00e1cil acceso tanto desde un agarre alto como desde un agarre bajo durante el pedaleo. Las teclas del cambio poseen el perfecto equilibrio entre la fuerza aplicativa y el feedback t\u00e1ctil que permite percibir el accionamiento.<\/p>\n<p>Las pinzas de freno <strong>CAMPAGNOLO SUPER RECORD WIRELESS<\/strong> aseguran una frenada potente y modulable en cualquier situaci\u00f3n gracias a los pistones de 22 mil\u00edmetros de di\u00e1metro. El retorno de las pastillas se ha optimizado para asegurar la ausencia de rozamientos en el momento de soltar la maneta del freno. Una l\u00e1mina met\u00e1lica especial situada entre la pastilla y el pist\u00f3n de la pinza amortigua las vibraciones durante la frenada.<\/p>\n<p>Las diferentes pinzas de freno Campagnolo han sido dise\u00f1adas para el montaje en combinaci\u00f3n con el disco elegido por el usuario, asegurando siempre prestaciones de alto nivel: de hecho es posible elegir la pinza de freno con disco de 140 mm (para ciclistas de un peso no superior a 82 kg) o 160 mm de di\u00e1metro.<\/p>\n<p><strong>MANETA CAMPAGNOLO SUPER RECORD WIRELESS 12v &#8211; 160mm :<\/strong>\u00a0La ergonom\u00eda del mando es a\u00fan m\u00e1s eficiente y eficaz gracias a una nueva forma del cuerpo del mando que permite un agarre alto c\u00f3modo y firme. &#8211; Facilidad de instalaci\u00f3n La ausencia de conductores y cables lo hace f\u00e1cil de instalar &#8211; Cambio r\u00e1pido El enganche inmediato del cambio permite accionar<\/p>\n<p>&nbsp;<\/p>","protected":false},"excerpt":{"rendered":"<p>Las nuevas MANETA CAMPAGNOLO SUPER RECORD WIRELESS pueden llegar hasta 2 a\u00f1os de uso sin necesidad de sustituir la bater\u00eda. El mando se apaga con una tecla oculta pero f\u00e1cilmente accesible, situada dentro del cuerpo del mando. El led que se encuentra dentro del cuerpo del mando ser\u00e1 el punto de contacto visual para se\u00f1alar [&hellip;]<\/p>\n","protected":false},"featured_media":13076,"comment_status":"closed","ping_status":"closed","template":"","meta":[],"product_brand":[],"product_cat":[16,32,27],"product_tag":[],"class_list":{"0":"post-13084","1":"product","2":"type-product","3":"status-publish","4":"has-post-thumbnail","6":"product_cat-carretera-gravel-bicicletas","7":"product_cat-par-de-manetas","8":"product_cat-transmision-para-bicicleta","9":"product_shipping_class-no-bicicletas","11":"first","12":"instock","13":"sale","14":"shipping-taxable","15":"purchasable","16":"product-type-simple"},"yoast_head":"<!-- This site is optimized with the Yoast SEO plugin v27.6 - https:\/\/yoast.com\/product\/yoast-seo-wordpress\/ -->\n<title>MANETA CAMPAGNOLO SUPER RECORD WIRELESS 12v<\/title>\n<meta name=\"description\" content=\"MANETA CAMPAGNOLO SUPER RECORD WIRELESS 12v IZQUIERDA - Encuentra la marca campagnolo al mejor precio en nuestro sitio. Env\u00edo r\u00e1pido.\" \/>\n<meta name=\"robots\" content=\"index, follow, max-snippet:-1, max-image-preview:large, max-video-preview:-1\" \/>\n<link rel=\"canonical\" href=\"https:\/\/veloaxe.com\/fr\/produit\/maneta-izquierda-campagnolo-super-record-wireless-12v-160mm\/\" \/>\n<meta property=\"og:locale\" content=\"fr_FR\" \/>\n<meta property=\"og:type\" content=\"article\" \/>\n<meta property=\"og:title\" content=\"MANETA CAMPAGNOLO SUPER RECORD WIRELESS 12v\" \/>\n<meta property=\"og:description\" content=\"MANETA CAMPAGNOLO SUPER RECORD WIRELESS 12v IZQUIERDA - Encuentra la marca campagnolo al mejor precio en nuestro sitio. Env\u00edo r\u00e1pido.\" \/>\n<meta property=\"og:url\" content=\"https:\/\/veloaxe.com\/fr\/produit\/maneta-izquierda-campagnolo-super-record-wireless-12v-160mm\/\" \/>\n<meta property=\"og:site_name\" content=\"Tienda de bicicletas | VELOAXE\" \/>\n<meta property=\"article:publisher\" content=\"https:\/\/www.facebook.com\/veloaxe\" \/>\n<meta property=\"article:modified_time\" content=\"2025-05-27T09:11:46+00:00\" \/>\n<meta property=\"og:image\" content=\"https:\/\/veloaxe.com\/wp-content\/uploads\/2024\/01\/maneta-campagnolo-super-record-wireless.jpg\" \/>\n\t<meta property=\"og:image:width\" content=\"553\" \/>\n\t<meta property=\"og:image:height\" content=\"724\" \/>\n\t<meta property=\"og:image:type\" content=\"image\/jpeg\" \/>\n<meta name=\"twitter:card\" content=\"summary_large_image\" \/>\n<meta name=\"twitter:label1\" content=\"Dur\u00e9e de lecture estim\u00e9e\" \/>\n\t<meta name=\"twitter:data1\" content=\"2 minutes\" \/>\n<script type=\"application\/ld+json\" class=\"yoast-schema-graph\">{\"@context\":\"https:\\\/\\\/schema.org\",\"@graph\":[{\"@type\":\"WebPage\",\"@id\":\"https:\\\/\\\/veloaxe.com\\\/producto\\\/maneta-izquierda-campagnolo-super-record-wireless-12v-160mm\\\/\",\"url\":\"https:\\\/\\\/veloaxe.com\\\/producto\\\/maneta-izquierda-campagnolo-super-record-wireless-12v-160mm\\\/\",\"name\":\"MANETA CAMPAGNOLO SUPER RECORD WIRELESS 12v\",\"isPartOf\":{\"@id\":\"https:\\\/\\\/veloaxe.com\\\/#website\"},\"primaryImageOfPage\":{\"@id\":\"https:\\\/\\\/veloaxe.com\\\/producto\\\/maneta-izquierda-campagnolo-super-record-wireless-12v-160mm\\\/#primaryimage\"},\"image\":{\"@id\":\"https:\\\/\\\/veloaxe.com\\\/producto\\\/maneta-izquierda-campagnolo-super-record-wireless-12v-160mm\\\/#primaryimage\"},\"thumbnailUrl\":\"https:\\\/\\\/veloaxe.com\\\/wp-content\\\/uploads\\\/2024\\\/01\\\/maneta-campagnolo-super-record-wireless.jpg\",\"datePublished\":\"2024-01-08T17:37:50+00:00\",\"dateModified\":\"2025-05-27T09:11:46+00:00\",\"description\":\"MANETA CAMPAGNOLO SUPER RECORD WIRELESS 12v IZQUIERDA - Encuentra la marca campagnolo al mejor precio en nuestro sitio. Env\u00edo r\u00e1pido.\",\"breadcrumb\":{\"@id\":\"https:\\\/\\\/veloaxe.com\\\/producto\\\/maneta-izquierda-campagnolo-super-record-wireless-12v-160mm\\\/#breadcrumb\"},\"inLanguage\":\"fr-FR\",\"potentialAction\":[{\"@type\":\"ReadAction\",\"target\":[\"https:\\\/\\\/veloaxe.com\\\/producto\\\/maneta-izquierda-campagnolo-super-record-wireless-12v-160mm\\\/\"]}]},{\"@type\":\"ImageObject\",\"inLanguage\":\"fr-FR\",\"@id\":\"https:\\\/\\\/veloaxe.com\\\/producto\\\/maneta-izquierda-campagnolo-super-record-wireless-12v-160mm\\\/#primaryimage\",\"url\":\"https:\\\/\\\/veloaxe.com\\\/wp-content\\\/uploads\\\/2024\\\/01\\\/maneta-campagnolo-super-record-wireless.jpg\",\"contentUrl\":\"https:\\\/\\\/veloaxe.com\\\/wp-content\\\/uploads\\\/2024\\\/01\\\/maneta-campagnolo-super-record-wireless.jpg\",\"width\":553,\"height\":724,\"caption\":\"maneta-campagnolo-super-record-wireless-12v\"},{\"@type\":\"BreadcrumbList\",\"@id\":\"https:\\\/\\\/veloaxe.com\\\/producto\\\/maneta-izquierda-campagnolo-super-record-wireless-12v-160mm\\\/#breadcrumb\",\"itemListElement\":[{\"@type\":\"ListItem\",\"position\":1,\"name\":\"Portada\",\"item\":\"https:\\\/\\\/veloaxe.com\\\/\"},{\"@type\":\"ListItem\",\"position\":2,\"name\":\"Shop\",\"item\":\"https:\\\/\\\/paleturquoise-herring-271034.hostingersite.com\\\/shop\\\/\"},{\"@type\":\"ListItem\",\"position\":3,\"name\":\"MANETA IZQUIERDA CAMPAGNOLO SUPER RECORD WIRELESS 12v &#8211; 160mm\"}]},{\"@type\":\"WebSite\",\"@id\":\"https:\\\/\\\/veloaxe.com\\\/#website\",\"url\":\"https:\\\/\\\/veloaxe.com\\\/\",\"name\":\"Tienda de bicicletas | VELOAXE\",\"description\":\"Descubre una amplia selecci\u00f3n de bicicletas de alta calidad, desde modelos urbanos y de monta\u00f1a hasta bicicletas de carretera de \u00faltima generaci\u00f3n. Con un servicio experto y accesorios especializados, estamos comprometidos a brindarte la mejor experiencia ciclista.\",\"publisher\":{\"@id\":\"https:\\\/\\\/veloaxe.com\\\/#organization\"},\"potentialAction\":[{\"@type\":\"SearchAction\",\"target\":{\"@type\":\"EntryPoint\",\"urlTemplate\":\"https:\\\/\\\/veloaxe.com\\\/?s={search_term_string}\"},\"query-input\":{\"@type\":\"PropertyValueSpecification\",\"valueRequired\":true,\"valueName\":\"search_term_string\"}}],\"inLanguage\":\"fr-FR\"},{\"@type\":\"Organization\",\"@id\":\"https:\\\/\\\/veloaxe.com\\\/#organization\",\"name\":\"Tienda de bicicletas | VELOAXE\",\"url\":\"https:\\\/\\\/veloaxe.com\\\/\",\"logo\":{\"@type\":\"ImageObject\",\"inLanguage\":\"fr-FR\",\"@id\":\"https:\\\/\\\/veloaxe.com\\\/#\\\/schema\\\/logo\\\/image\\\/\",\"url\":\"https:\\\/\\\/veloaxe.com\\\/wp-content\\\/uploads\\\/2026\\\/01\\\/cropped-logo-1.jpg\",\"contentUrl\":\"https:\\\/\\\/veloaxe.com\\\/wp-content\\\/uploads\\\/2026\\\/01\\\/cropped-logo-1.jpg\",\"width\":1273,\"height\":363,\"caption\":\"Tienda de bicicletas | VELOAXE\"},\"image\":{\"@id\":\"https:\\\/\\\/veloaxe.com\\\/#\\\/schema\\\/logo\\\/image\\\/\"},\"sameAs\":[\"https:\\\/\\\/www.facebook.com\\\/veloaxe\"]}]}<\/script>\n<!-- \/ Yoast SEO plugin. -->","yoast_head_json":{"title":"MANETA CAMPAGNOLO SUPER RECORD WIRELESS 12v","description":"MANETA CAMPAGNOLO SUPER RECORD WIRELESS 12v IZQUIERDA - Encuentra la marca campagnolo al mejor precio en nuestro sitio. Env\u00edo r\u00e1pido.","robots":{"index":"index","follow":"follow","max-snippet":"max-snippet:-1","max-image-preview":"max-image-preview:large","max-video-preview":"max-video-preview:-1"},"canonical":"https:\/\/veloaxe.com\/fr\/produit\/maneta-izquierda-campagnolo-super-record-wireless-12v-160mm\/","og_locale":"fr_FR","og_type":"article","og_title":"MANETA CAMPAGNOLO SUPER RECORD WIRELESS 12v","og_description":"MANETA CAMPAGNOLO SUPER RECORD WIRELESS 12v IZQUIERDA - Encuentra la marca campagnolo al mejor precio en nuestro sitio. Env\u00edo r\u00e1pido.","og_url":"https:\/\/veloaxe.com\/fr\/produit\/maneta-izquierda-campagnolo-super-record-wireless-12v-160mm\/","og_site_name":"Tienda de bicicletas | VELOAXE","article_publisher":"https:\/\/www.facebook.com\/veloaxe","article_modified_time":"2025-05-27T09:11:46+00:00","og_image":[{"width":553,"height":724,"url":"https:\/\/veloaxe.com\/wp-content\/uploads\/2024\/01\/maneta-campagnolo-super-record-wireless.jpg","type":"image\/jpeg"}],"twitter_card":"summary_large_image","twitter_misc":{"Dur\u00e9e de lecture estim\u00e9e":"2 minutes"},"schema":{"@context":"https:\/\/schema.org","@graph":[{"@type":"WebPage","@id":"https:\/\/veloaxe.com\/producto\/maneta-izquierda-campagnolo-super-record-wireless-12v-160mm\/","url":"https:\/\/veloaxe.com\/producto\/maneta-izquierda-campagnolo-super-record-wireless-12v-160mm\/","name":"MANETA CAMPAGNOLO SUPER RECORD WIRELESS 12v","isPartOf":{"@id":"https:\/\/veloaxe.com\/#website"},"primaryImageOfPage":{"@id":"https:\/\/veloaxe.com\/producto\/maneta-izquierda-campagnolo-super-record-wireless-12v-160mm\/#primaryimage"},"image":{"@id":"https:\/\/veloaxe.com\/producto\/maneta-izquierda-campagnolo-super-record-wireless-12v-160mm\/#primaryimage"},"thumbnailUrl":"https:\/\/veloaxe.com\/wp-content\/uploads\/2024\/01\/maneta-campagnolo-super-record-wireless.jpg","datePublished":"2024-01-08T17:37:50+00:00","dateModified":"2025-05-27T09:11:46+00:00","description":"MANETA CAMPAGNOLO SUPER RECORD WIRELESS 12v IZQUIERDA - Encuentra la marca campagnolo al mejor precio en nuestro sitio. Env\u00edo r\u00e1pido.","breadcrumb":{"@id":"https:\/\/veloaxe.com\/producto\/maneta-izquierda-campagnolo-super-record-wireless-12v-160mm\/#breadcrumb"},"inLanguage":"fr-FR","potentialAction":[{"@type":"ReadAction","target":["https:\/\/veloaxe.com\/producto\/maneta-izquierda-campagnolo-super-record-wireless-12v-160mm\/"]}]},{"@type":"ImageObject","inLanguage":"fr-FR","@id":"https:\/\/veloaxe.com\/producto\/maneta-izquierda-campagnolo-super-record-wireless-12v-160mm\/#primaryimage","url":"https:\/\/veloaxe.com\/wp-content\/uploads\/2024\/01\/maneta-campagnolo-super-record-wireless.jpg","contentUrl":"https:\/\/veloaxe.com\/wp-content\/uploads\/2024\/01\/maneta-campagnolo-super-record-wireless.jpg","width":553,"height":724,"caption":"maneta-campagnolo-super-record-wireless-12v"},{"@type":"BreadcrumbList","@id":"https:\/\/veloaxe.com\/producto\/maneta-izquierda-campagnolo-super-record-wireless-12v-160mm\/#breadcrumb","itemListElement":[{"@type":"ListItem","position":1,"name":"Portada","item":"https:\/\/veloaxe.com\/"},{"@type":"ListItem","position":2,"name":"Shop","item":"https:\/\/paleturquoise-herring-271034.hostingersite.com\/shop\/"},{"@type":"ListItem","position":3,"name":"MANETA IZQUIERDA CAMPAGNOLO SUPER RECORD WIRELESS 12v &#8211; 160mm"}]},{"@type":"WebSite","@id":"https:\/\/veloaxe.com\/#website","url":"https:\/\/veloaxe.com\/","name":"Boutique de v\u00e9lo en ligne | VELOAXE","description":"Descubre una amplia selecci\u00f3n de bicicletas de alta calidad, desde modelos urbanos y de monta\u00f1a hasta bicicletas de carretera de \u00faltima generaci\u00f3n. Con un servicio experto y accesorios especializados, estamos comprometidos a brindarte la mejor experiencia ciclista.","publisher":{"@id":"https:\/\/veloaxe.com\/#organization"},"potentialAction":[{"@type":"SearchAction","target":{"@type":"EntryPoint","urlTemplate":"https:\/\/veloaxe.com\/?s={search_term_string}"},"query-input":{"@type":"PropertyValueSpecification","valueRequired":true,"valueName":"search_term_string"}}],"inLanguage":"fr-FR"},{"@type":"Organization","@id":"https:\/\/veloaxe.com\/#organization","name":"Boutique de v\u00e9lo en ligne | VELOAXE","url":"https:\/\/veloaxe.com\/","logo":{"@type":"ImageObject","inLanguage":"fr-FR","@id":"https:\/\/veloaxe.com\/#\/schema\/logo\/image\/","url":"https:\/\/veloaxe.com\/wp-content\/uploads\/2026\/01\/cropped-logo-1.jpg","contentUrl":"https:\/\/veloaxe.com\/wp-content\/uploads\/2026\/01\/cropped-logo-1.jpg","width":1273,"height":363,"caption":"Tienda de bicicletas | VELOAXE"},"image":{"@id":"https:\/\/veloaxe.com\/#\/schema\/logo\/image\/"},"sameAs":["https:\/\/www.facebook.com\/veloaxe"]}]}},"_links":{"self":[{"href":"https:\/\/veloaxe.com\/fr\/wp-json\/wp\/v2\/product\/13084","targetHints":{"allow":["GET"]}}],"collection":[{"href":"https:\/\/veloaxe.com\/fr\/wp-json\/wp\/v2\/product"}],"about":[{"href":"https:\/\/veloaxe.com\/fr\/wp-json\/wp\/v2\/types\/product"}],"replies":[{"embeddable":true,"href":"https:\/\/veloaxe.com\/fr\/wp-json\/wp\/v2\/comments?post=13084"}],"wp:featuredmedia":[{"embeddable":true,"href":"https:\/\/veloaxe.com\/fr\/wp-json\/wp\/v2\/media\/13076"}],"wp:attachment":[{"href":"https:\/\/veloaxe.com\/fr\/wp-json\/wp\/v2\/media?parent=13084"}],"wp:term":[{"taxonomy":"product_brand","embeddable":true,"href":"https:\/\/veloaxe.com\/fr\/wp-json\/wp\/v2\/product_brand?post=13084"},{"taxonomy":"product_cat","embeddable":true,"href":"https:\/\/veloaxe.com\/fr\/wp-json\/wp\/v2\/product_cat?post=13084"},{"taxonomy":"product_tag","embeddable":true,"href":"https:\/\/veloaxe.com\/fr\/wp-json\/wp\/v2\/product_tag?post=13084"}],"curies":[{"name":"wp","href":"https:\/\/api.w.org\/{rel}","templated":true}]}}