{"id":1310,"date":"2022-08-25T17:35:25","date_gmt":"2022-08-25T17:35:25","guid":{"rendered":"https:\/\/veloaxe.com\/?post_type=product&#038;p=1310"},"modified":"2025-10-27T08:02:19","modified_gmt":"2025-10-27T08:02:19","slug":"limpiador-de-bicicleta-soudal-1-litro","status":"publish","type":"product","link":"https:\/\/veloaxe.com\/fr\/produit\/limpiador-de-bicicleta-soudal-1-litro\/","title":{"rendered":"LIMPIADOR DE BICICLETA SOUDAL &#8211; 1L"},"content":{"rendered":"<p><span style=\"color: #000000;\">Detergente <strong>PROFESIONAL de SOUDAL<\/strong>, socio del equipo <strong>PRO UCI LOTTO SOUDAL<\/strong>, para la limpieza completa de la bicicleta. Perfecto para eliminar r\u00e1pidamente el barro y todo tipo de suciedad. Apto para todas las superficies (MATTE o BRILLANTE), componentes y ruedas de la bicicleta. A\u00f1adir una buena dosis de <strong>BIKE CLEANER<\/strong> en agua tibia (proporci\u00f3n de 1\/10 aproximadamente). Aplique el agua jabonosa a toda la bicicleta. Para mejores resultados, use una esponja o un cepillo para lugares menos accesibles. Deja que la capa de espuma act\u00fae sobre la bicicleta durante unos instantes. Enjuague bien con agua y luego seque o seque al aire.<\/span><\/p>\n<p><span style=\"color: #000000;\">&#8211; Elimina suciedad, arena, polvo seco, lodos&#8230;<\/span><\/p>\n<p><span style=\"color: #000000;\">&#8211; Uso diluido<\/span><\/p>\n<p><span style=\"color: #000000;\">&#8211; No es inflamable<\/span><\/p>\n<p><span style=\"color: #000000;\">&#8211; NO contiene \u00e1cidos ni disolventes nocivos<\/span><\/p>","protected":false},"excerpt":{"rendered":"<p>Detergente PROFESIONAL de SOUDAL, socio del equipo PRO UCI LOTTO SOUDAL, para la limpieza completa de la bicicleta. Perfecto para eliminar r\u00e1pidamente el barro y todo tipo de suciedad. Apto para todas las superficies (MATTE o BRILLANTE), componentes y ruedas de la bicicleta. A\u00f1adir una buena dosis de BIKE CLEANER en agua tibia (proporci\u00f3n de [&hellip;]<\/p>\n","protected":false},"featured_media":1351,"comment_status":"open","ping_status":"closed","template":"","meta":[],"product_brand":[],"product_cat":[121,122,120],"product_tag":[],"class_list":{"0":"post-1310","1":"product","2":"type-product","3":"status-publish","4":"has-post-thumbnail","6":"product_cat-limpiador-y-desengrasante-para-bicicleta","7":"product_cat-limpiador-y-desengrasante-de-bicicleta","8":"product_cat-taller-mantenimiento-para-bicicleta","9":"product_shipping_class-no-bicicletas","11":"first","12":"instock","13":"sale","14":"shipping-taxable","15":"purchasable","16":"product-type-simple"},"yoast_head":"<!-- This site is optimized with the Yoast SEO plugin v27.6 - https:\/\/yoast.com\/product\/yoast-seo-wordpress\/ -->\n<title>LIMPIADOR DE BICICLETA SOUDAL - 1L - Tienda de bicicletas | VELOAXE<\/title>\n<meta name=\"description\" content=\"LIMPIADOR DE BICICLETA SOUDAL 1 LITRO en VELOAXE.COM por so\u0301lo 12,49 \u20ac. Env\u00edo desde 4,49 euros, facilidad de pago disponible hasta 12X.\" \/>\n<meta name=\"robots\" content=\"index, follow, max-snippet:-1, max-image-preview:large, max-video-preview:-1\" \/>\n<link rel=\"canonical\" href=\"https:\/\/veloaxe.com\/fr\/produit\/limpiador-de-bicicleta-soudal-1-litro\/\" \/>\n<meta property=\"og:locale\" content=\"fr_FR\" \/>\n<meta property=\"og:type\" content=\"article\" \/>\n<meta property=\"og:title\" content=\"LIMPIADOR DE BICICLETA SOUDAL - 1L - Tienda de bicicletas | VELOAXE\" \/>\n<meta property=\"og:description\" content=\"LIMPIADOR DE BICICLETA SOUDAL 1 LITRO en VELOAXE.COM por so\u0301lo 12,49 \u20ac. Env\u00edo desde 4,49 euros, facilidad de pago disponible hasta 12X.\" \/>\n<meta property=\"og:url\" content=\"https:\/\/veloaxe.com\/fr\/produit\/limpiador-de-bicicleta-soudal-1-litro\/\" \/>\n<meta property=\"og:site_name\" content=\"Tienda de bicicletas | VELOAXE\" \/>\n<meta property=\"article:publisher\" content=\"https:\/\/www.facebook.com\/veloaxe\" \/>\n<meta property=\"article:modified_time\" content=\"2025-10-27T08:02:19+00:00\" \/>\n<meta property=\"og:image\" content=\"https:\/\/veloaxe.com\/wp-content\/uploads\/2022\/08\/1200_1500_33____1__bike-cleaner-soudal_6451-e1665906656647.jpg\" \/>\n\t<meta property=\"og:image:width\" content=\"461\" \/>\n\t<meta property=\"og:image:height\" content=\"656\" \/>\n\t<meta property=\"og:image:type\" content=\"image\/jpeg\" \/>\n<meta name=\"twitter:card\" content=\"summary_large_image\" \/>\n<meta name=\"twitter:label1\" content=\"Dur\u00e9e de lecture estim\u00e9e\" \/>\n\t<meta name=\"twitter:data1\" content=\"1 minute\" \/>\n<script type=\"application\/ld+json\" class=\"yoast-schema-graph\">{\"@context\":\"https:\\\/\\\/schema.org\",\"@graph\":[{\"@type\":\"WebPage\",\"@id\":\"https:\\\/\\\/veloaxe.com\\\/producto\\\/limpiador-de-bicicleta-soudal-1-litro\\\/\",\"url\":\"https:\\\/\\\/veloaxe.com\\\/producto\\\/limpiador-de-bicicleta-soudal-1-litro\\\/\",\"name\":\"LIMPIADOR DE BICICLETA SOUDAL - 1L - Tienda de bicicletas | VELOAXE\",\"isPartOf\":{\"@id\":\"https:\\\/\\\/veloaxe.com\\\/#website\"},\"primaryImageOfPage\":{\"@id\":\"https:\\\/\\\/veloaxe.com\\\/producto\\\/limpiador-de-bicicleta-soudal-1-litro\\\/#primaryimage\"},\"image\":{\"@id\":\"https:\\\/\\\/veloaxe.com\\\/producto\\\/limpiador-de-bicicleta-soudal-1-litro\\\/#primaryimage\"},\"thumbnailUrl\":\"https:\\\/\\\/veloaxe.com\\\/wp-content\\\/uploads\\\/2022\\\/08\\\/1200_1500_33____1__bike-cleaner-soudal_6451-e1665906656647.jpg\",\"datePublished\":\"2022-08-25T17:35:25+00:00\",\"dateModified\":\"2025-10-27T08:02:19+00:00\",\"description\":\"LIMPIADOR DE BICICLETA SOUDAL 1 LITRO en VELOAXE.COM por so\u0301lo 12,49 \u20ac. Env\u00edo desde 4,49 euros, facilidad de pago disponible hasta 12X.\",\"breadcrumb\":{\"@id\":\"https:\\\/\\\/veloaxe.com\\\/producto\\\/limpiador-de-bicicleta-soudal-1-litro\\\/#breadcrumb\"},\"inLanguage\":\"fr-FR\",\"potentialAction\":[{\"@type\":\"ReadAction\",\"target\":[\"https:\\\/\\\/veloaxe.com\\\/producto\\\/limpiador-de-bicicleta-soudal-1-litro\\\/\"]}]},{\"@type\":\"ImageObject\",\"inLanguage\":\"fr-FR\",\"@id\":\"https:\\\/\\\/veloaxe.com\\\/producto\\\/limpiador-de-bicicleta-soudal-1-litro\\\/#primaryimage\",\"url\":\"https:\\\/\\\/veloaxe.com\\\/wp-content\\\/uploads\\\/2022\\\/08\\\/1200_1500_33____1__bike-cleaner-soudal_6451-e1665906656647.jpg\",\"contentUrl\":\"https:\\\/\\\/veloaxe.com\\\/wp-content\\\/uploads\\\/2022\\\/08\\\/1200_1500_33____1__bike-cleaner-soudal_6451-e1665906656647.jpg\",\"width\":461,\"height\":656,\"caption\":\"limpiador-de-bicicleta-soudal\"},{\"@type\":\"BreadcrumbList\",\"@id\":\"https:\\\/\\\/veloaxe.com\\\/producto\\\/limpiador-de-bicicleta-soudal-1-litro\\\/#breadcrumb\",\"itemListElement\":[{\"@type\":\"ListItem\",\"position\":1,\"name\":\"Portada\",\"item\":\"https:\\\/\\\/paleturquoise-herring-271034.hostingersite.com\\\/\"},{\"@type\":\"ListItem\",\"position\":2,\"name\":\"Shop\",\"item\":\"https:\\\/\\\/paleturquoise-herring-271034.hostingersite.com\\\/shop\\\/\"},{\"@type\":\"ListItem\",\"position\":3,\"name\":\"LIMPIADOR DE BICICLETA SOUDAL &#8211; 1L\"}]},{\"@type\":\"WebSite\",\"@id\":\"https:\\\/\\\/veloaxe.com\\\/#website\",\"url\":\"https:\\\/\\\/veloaxe.com\\\/\",\"name\":\"Tienda de bicicletas | VELOAXE\",\"description\":\"Descubre una amplia selecci\u00f3n de bicicletas de alta calidad, desde modelos urbanos y de monta\u00f1a hasta bicicletas de carretera de \u00faltima generaci\u00f3n. Con un servicio experto y accesorios especializados, estamos comprometidos a brindarte la mejor experiencia ciclista.\",\"publisher\":{\"@id\":\"https:\\\/\\\/veloaxe.com\\\/#organization\"},\"potentialAction\":[{\"@type\":\"SearchAction\",\"target\":{\"@type\":\"EntryPoint\",\"urlTemplate\":\"https:\\\/\\\/veloaxe.com\\\/?s={search_term_string}\"},\"query-input\":{\"@type\":\"PropertyValueSpecification\",\"valueRequired\":true,\"valueName\":\"search_term_string\"}}],\"inLanguage\":\"fr-FR\"},{\"@type\":\"Organization\",\"@id\":\"https:\\\/\\\/veloaxe.com\\\/#organization\",\"name\":\"Tienda de bicicletas | VELOAXE\",\"url\":\"https:\\\/\\\/veloaxe.com\\\/\",\"logo\":{\"@type\":\"ImageObject\",\"inLanguage\":\"fr-FR\",\"@id\":\"https:\\\/\\\/veloaxe.com\\\/#\\\/schema\\\/logo\\\/image\\\/\",\"url\":\"https:\\\/\\\/veloaxe.com\\\/wp-content\\\/uploads\\\/2026\\\/01\\\/cropped-logo-1.jpg\",\"contentUrl\":\"https:\\\/\\\/veloaxe.com\\\/wp-content\\\/uploads\\\/2026\\\/01\\\/cropped-logo-1.jpg\",\"width\":1273,\"height\":363,\"caption\":\"Tienda de bicicletas | VELOAXE\"},\"image\":{\"@id\":\"https:\\\/\\\/veloaxe.com\\\/#\\\/schema\\\/logo\\\/image\\\/\"},\"sameAs\":[\"https:\\\/\\\/www.facebook.com\\\/veloaxe\"]}]}<\/script>\n<!-- \/ Yoast SEO plugin. -->","yoast_head_json":{"title":"LIMPIADOR DE BICICLETA SOUDAL - 1L - Tienda de bicicletas | VELOAXE","description":"LIMPIADOR DE BICICLETA SOUDAL 1 LITRO en VELOAXE.COM por so\u0301lo 12,49 \u20ac. Env\u00edo desde 4,49 euros, facilidad de pago disponible hasta 12X.","robots":{"index":"index","follow":"follow","max-snippet":"max-snippet:-1","max-image-preview":"max-image-preview:large","max-video-preview":"max-video-preview:-1"},"canonical":"https:\/\/veloaxe.com\/fr\/produit\/limpiador-de-bicicleta-soudal-1-litro\/","og_locale":"fr_FR","og_type":"article","og_title":"LIMPIADOR DE BICICLETA SOUDAL - 1L - Tienda de bicicletas | VELOAXE","og_description":"LIMPIADOR DE BICICLETA SOUDAL 1 LITRO en VELOAXE.COM por so\u0301lo 12,49 \u20ac. Env\u00edo desde 4,49 euros, facilidad de pago disponible hasta 12X.","og_url":"https:\/\/veloaxe.com\/fr\/produit\/limpiador-de-bicicleta-soudal-1-litro\/","og_site_name":"Tienda de bicicletas | VELOAXE","article_publisher":"https:\/\/www.facebook.com\/veloaxe","article_modified_time":"2025-10-27T08:02:19+00:00","og_image":[{"width":461,"height":656,"url":"https:\/\/veloaxe.com\/wp-content\/uploads\/2022\/08\/1200_1500_33____1__bike-cleaner-soudal_6451-e1665906656647.jpg","type":"image\/jpeg"}],"twitter_card":"summary_large_image","twitter_misc":{"Dur\u00e9e de lecture estim\u00e9e":"1 minute"},"schema":{"@context":"https:\/\/schema.org","@graph":[{"@type":"WebPage","@id":"https:\/\/veloaxe.com\/producto\/limpiador-de-bicicleta-soudal-1-litro\/","url":"https:\/\/veloaxe.com\/producto\/limpiador-de-bicicleta-soudal-1-litro\/","name":"LIMPIADOR DE BICICLETA SOUDAL - 1L - Tienda de bicicletas | VELOAXE","isPartOf":{"@id":"https:\/\/veloaxe.com\/#website"},"primaryImageOfPage":{"@id":"https:\/\/veloaxe.com\/producto\/limpiador-de-bicicleta-soudal-1-litro\/#primaryimage"},"image":{"@id":"https:\/\/veloaxe.com\/producto\/limpiador-de-bicicleta-soudal-1-litro\/#primaryimage"},"thumbnailUrl":"https:\/\/veloaxe.com\/wp-content\/uploads\/2022\/08\/1200_1500_33____1__bike-cleaner-soudal_6451-e1665906656647.jpg","datePublished":"2022-08-25T17:35:25+00:00","dateModified":"2025-10-27T08:02:19+00:00","description":"LIMPIADOR DE BICICLETA SOUDAL 1 LITRO en VELOAXE.COM por so\u0301lo 12,49 \u20ac. Env\u00edo desde 4,49 euros, facilidad de pago disponible hasta 12X.","breadcrumb":{"@id":"https:\/\/veloaxe.com\/producto\/limpiador-de-bicicleta-soudal-1-litro\/#breadcrumb"},"inLanguage":"fr-FR","potentialAction":[{"@type":"ReadAction","target":["https:\/\/veloaxe.com\/producto\/limpiador-de-bicicleta-soudal-1-litro\/"]}]},{"@type":"ImageObject","inLanguage":"fr-FR","@id":"https:\/\/veloaxe.com\/producto\/limpiador-de-bicicleta-soudal-1-litro\/#primaryimage","url":"https:\/\/veloaxe.com\/wp-content\/uploads\/2022\/08\/1200_1500_33____1__bike-cleaner-soudal_6451-e1665906656647.jpg","contentUrl":"https:\/\/veloaxe.com\/wp-content\/uploads\/2022\/08\/1200_1500_33____1__bike-cleaner-soudal_6451-e1665906656647.jpg","width":461,"height":656,"caption":"limpiador-de-bicicleta-soudal"},{"@type":"BreadcrumbList","@id":"https:\/\/veloaxe.com\/producto\/limpiador-de-bicicleta-soudal-1-litro\/#breadcrumb","itemListElement":[{"@type":"ListItem","position":1,"name":"Portada","item":"https:\/\/paleturquoise-herring-271034.hostingersite.com\/"},{"@type":"ListItem","position":2,"name":"Shop","item":"https:\/\/paleturquoise-herring-271034.hostingersite.com\/shop\/"},{"@type":"ListItem","position":3,"name":"LIMPIADOR DE BICICLETA SOUDAL &#8211; 1L"}]},{"@type":"WebSite","@id":"https:\/\/veloaxe.com\/#website","url":"https:\/\/veloaxe.com\/","name":"Boutique de v\u00e9lo en ligne | VELOAXE","description":"Descubre una amplia selecci\u00f3n de bicicletas de alta calidad, desde modelos urbanos y de monta\u00f1a hasta bicicletas de carretera de \u00faltima generaci\u00f3n. Con un servicio experto y accesorios especializados, estamos comprometidos a brindarte la mejor experiencia ciclista.","publisher":{"@id":"https:\/\/veloaxe.com\/#organization"},"potentialAction":[{"@type":"SearchAction","target":{"@type":"EntryPoint","urlTemplate":"https:\/\/veloaxe.com\/?s={search_term_string}"},"query-input":{"@type":"PropertyValueSpecification","valueRequired":true,"valueName":"search_term_string"}}],"inLanguage":"fr-FR"},{"@type":"Organization","@id":"https:\/\/veloaxe.com\/#organization","name":"Boutique de v\u00e9lo en ligne | VELOAXE","url":"https:\/\/veloaxe.com\/","logo":{"@type":"ImageObject","inLanguage":"fr-FR","@id":"https:\/\/veloaxe.com\/#\/schema\/logo\/image\/","url":"https:\/\/veloaxe.com\/wp-content\/uploads\/2026\/01\/cropped-logo-1.jpg","contentUrl":"https:\/\/veloaxe.com\/wp-content\/uploads\/2026\/01\/cropped-logo-1.jpg","width":1273,"height":363,"caption":"Tienda de bicicletas | VELOAXE"},"image":{"@id":"https:\/\/veloaxe.com\/#\/schema\/logo\/image\/"},"sameAs":["https:\/\/www.facebook.com\/veloaxe"]}]}},"_links":{"self":[{"href":"https:\/\/veloaxe.com\/fr\/wp-json\/wp\/v2\/product\/1310","targetHints":{"allow":["GET"]}}],"collection":[{"href":"https:\/\/veloaxe.com\/fr\/wp-json\/wp\/v2\/product"}],"about":[{"href":"https:\/\/veloaxe.com\/fr\/wp-json\/wp\/v2\/types\/product"}],"replies":[{"embeddable":true,"href":"https:\/\/veloaxe.com\/fr\/wp-json\/wp\/v2\/comments?post=1310"}],"wp:featuredmedia":[{"embeddable":true,"href":"https:\/\/veloaxe.com\/fr\/wp-json\/wp\/v2\/media\/1351"}],"wp:attachment":[{"href":"https:\/\/veloaxe.com\/fr\/wp-json\/wp\/v2\/media?parent=1310"}],"wp:term":[{"taxonomy":"product_brand","embeddable":true,"href":"https:\/\/veloaxe.com\/fr\/wp-json\/wp\/v2\/product_brand?post=1310"},{"taxonomy":"product_cat","embeddable":true,"href":"https:\/\/veloaxe.com\/fr\/wp-json\/wp\/v2\/product_cat?post=1310"},{"taxonomy":"product_tag","embeddable":true,"href":"https:\/\/veloaxe.com\/fr\/wp-json\/wp\/v2\/product_tag?post=1310"}],"curies":[{"name":"wp","href":"https:\/\/api.w.org\/{rel}","templated":true}]}}