{"id":1531,"date":"2022-08-25T17:36:21","date_gmt":"2022-08-25T17:36:21","guid":{"rendered":"https:\/\/veloaxe.com\/?post_type=product&#038;p=1531"},"modified":"2025-10-26T08:39:20","modified_gmt":"2025-10-26T08:39:20","slug":"manillar-deda-zero-1-rhm-negro","status":"publish","type":"product","link":"https:\/\/veloaxe.com\/fr\/produit\/manillar-deda-zero-1-rhm-negro\/","title":{"rendered":"MANILLAR DEDA ZERO 1 RHM &#8211; Negro"},"content":{"rendered":"<p><!-- DESCRIPTION --><\/p>\n<div id=\"description\" class=\"tab-pane fade in active\" style=\"background-color: #fff; padding: 10px;\" role=\"tabpanel\">\n<p><span style=\"color: #000000;\">El manillar <strong>DEDA Zero 1 RHM<\/strong> es la soluci\u00f3n para equipar tu bicicleta de carretera o reemplazar tu manillar roto! Con la geometr\u00eda compacta RHM (Rapid Hand Movement), ofrece un agarre muy c\u00f3modo. El manillar Zero est\u00e1 dise\u00f1ado en aluminio ligero 6061, lo que le permite combinar ligereza y solidez.<\/span><\/p>\n<p><span style=\"color: #000000;\">Di\u00e1metro en 31,8 mm<\/span><\/p>\n<p><span style=\"color: #000000;\">Ca\u00edda 130 mm<\/span><\/p>\n<p>&nbsp;<\/p>\n<p>&nbsp;<\/p>\n<\/div>","protected":false},"excerpt":{"rendered":"<p>El manillar DEDA Zero 1 RHM es la soluci\u00f3n para equipar tu bicicleta de carretera o reemplazar tu manillar roto! Con la geometr\u00eda compacta RHM (Rapid Hand Movement), ofrece un agarre muy c\u00f3modo. El manillar Zero est\u00e1 dise\u00f1ado en aluminio ligero 6061, lo que le permite combinar ligereza y solidez. Di\u00e1metro en 31,8 mm Ca\u00edda [&hellip;]<\/p>\n","protected":false},"featured_media":4313,"comment_status":"open","ping_status":"closed","template":"","meta":[],"product_brand":[],"product_cat":[16,19,24,129],"product_tag":[],"class_list":{"0":"post-1531","1":"product","2":"type-product","3":"status-publish","4":"has-post-thumbnail","6":"product_cat-carretera-gravel-bicicletas","7":"product_cat-componentes-de-bicicletas","8":"product_cat-manillar-aero-extensiones","9":"product_cat-manillar-carretera","10":"product_shipping_class-no-bicicletas","12":"first","13":"instock","14":"sale","15":"shipping-taxable","16":"purchasable","17":"product-type-variable"},"yoast_head":"<!-- This site is optimized with the Yoast SEO plugin v27.6 - https:\/\/yoast.com\/product\/yoast-seo-wordpress\/ -->\n<title>MANILLAR DEDA ZERO 1 RHM - Negro - Tienda de bicicletas | VELOAXE<\/title>\n<meta name=\"description\" content=\"MANILLAR DEDA ZERO 1 - El manillar de aluminio DEDA ZERO 1 est\u00e1 disponible en varios tama\u00f1os. Garantiza una buena posici\u00f3n sobre la bicicleta.\" \/>\n<meta name=\"robots\" content=\"index, follow, max-snippet:-1, max-image-preview:large, max-video-preview:-1\" \/>\n<link rel=\"canonical\" href=\"https:\/\/veloaxe.com\/fr\/produit\/manillar-deda-zero-1-rhm-negro\/\" \/>\n<meta property=\"og:locale\" content=\"fr_FR\" \/>\n<meta property=\"og:type\" content=\"article\" \/>\n<meta property=\"og:title\" content=\"MANILLAR DEDA ZERO 1 RHM - Negro - Tienda de bicicletas | VELOAXE\" \/>\n<meta property=\"og:description\" content=\"MANILLAR DEDA ZERO 1 - El manillar de aluminio DEDA ZERO 1 est\u00e1 disponible en varios tama\u00f1os. Garantiza una buena posici\u00f3n sobre la bicicleta.\" \/>\n<meta property=\"og:url\" content=\"https:\/\/veloaxe.com\/fr\/produit\/manillar-deda-zero-1-rhm-negro\/\" \/>\n<meta property=\"og:site_name\" content=\"Tienda de bicicletas | VELOAXE\" \/>\n<meta property=\"article:publisher\" content=\"https:\/\/www.facebook.com\/veloaxe\" \/>\n<meta property=\"article:modified_time\" content=\"2025-10-26T08:39:20+00:00\" \/>\n<meta property=\"og:image\" content=\"https:\/\/veloaxe.com\/wp-content\/uploads\/2022\/08\/manillar_deda_zero_1.jpg\" \/>\n\t<meta property=\"og:image:width\" content=\"2000\" \/>\n\t<meta property=\"og:image:height\" content=\"1146\" \/>\n\t<meta property=\"og:image:type\" content=\"image\/jpeg\" \/>\n<meta name=\"twitter:card\" content=\"summary_large_image\" \/>\n<meta name=\"twitter:label1\" content=\"Dur\u00e9e de lecture estim\u00e9e\" \/>\n\t<meta name=\"twitter:data1\" content=\"1 minute\" \/>\n<script type=\"application\/ld+json\" class=\"yoast-schema-graph\">{\"@context\":\"https:\\\/\\\/schema.org\",\"@graph\":[{\"@type\":\"WebPage\",\"@id\":\"https:\\\/\\\/veloaxe.com\\\/producto\\\/manillar-deda-zero-1-rhm-negro\\\/\",\"url\":\"https:\\\/\\\/veloaxe.com\\\/producto\\\/manillar-deda-zero-1-rhm-negro\\\/\",\"name\":\"MANILLAR DEDA ZERO 1 RHM - Negro - Tienda de bicicletas | VELOAXE\",\"isPartOf\":{\"@id\":\"https:\\\/\\\/veloaxe.com\\\/#website\"},\"primaryImageOfPage\":{\"@id\":\"https:\\\/\\\/veloaxe.com\\\/producto\\\/manillar-deda-zero-1-rhm-negro\\\/#primaryimage\"},\"image\":{\"@id\":\"https:\\\/\\\/veloaxe.com\\\/producto\\\/manillar-deda-zero-1-rhm-negro\\\/#primaryimage\"},\"thumbnailUrl\":\"https:\\\/\\\/veloaxe.com\\\/wp-content\\\/uploads\\\/2022\\\/08\\\/manillar_deda_zero_1.jpg\",\"datePublished\":\"2022-08-25T17:36:21+00:00\",\"dateModified\":\"2025-10-26T08:39:20+00:00\",\"description\":\"MANILLAR DEDA ZERO 1 - El manillar de aluminio DEDA ZERO 1 est\u00e1 disponible en varios tama\u00f1os. Garantiza una buena posici\u00f3n sobre la bicicleta.\",\"breadcrumb\":{\"@id\":\"https:\\\/\\\/veloaxe.com\\\/producto\\\/manillar-deda-zero-1-rhm-negro\\\/#breadcrumb\"},\"inLanguage\":\"fr-FR\",\"potentialAction\":[{\"@type\":\"ReadAction\",\"target\":[\"https:\\\/\\\/veloaxe.com\\\/producto\\\/manillar-deda-zero-1-rhm-negro\\\/\"]}]},{\"@type\":\"ImageObject\",\"inLanguage\":\"fr-FR\",\"@id\":\"https:\\\/\\\/veloaxe.com\\\/producto\\\/manillar-deda-zero-1-rhm-negro\\\/#primaryimage\",\"url\":\"https:\\\/\\\/veloaxe.com\\\/wp-content\\\/uploads\\\/2022\\\/08\\\/manillar_deda_zero_1.jpg\",\"contentUrl\":\"https:\\\/\\\/veloaxe.com\\\/wp-content\\\/uploads\\\/2022\\\/08\\\/manillar_deda_zero_1.jpg\",\"width\":2000,\"height\":1146,\"caption\":\"Manillar deda zero 1 para bicicleta.\"},{\"@type\":\"BreadcrumbList\",\"@id\":\"https:\\\/\\\/veloaxe.com\\\/producto\\\/manillar-deda-zero-1-rhm-negro\\\/#breadcrumb\",\"itemListElement\":[{\"@type\":\"ListItem\",\"position\":1,\"name\":\"Portada\",\"item\":\"https:\\\/\\\/paleturquoise-herring-271034.hostingersite.com\\\/\"},{\"@type\":\"ListItem\",\"position\":2,\"name\":\"Shop\",\"item\":\"https:\\\/\\\/paleturquoise-herring-271034.hostingersite.com\\\/shop\\\/\"},{\"@type\":\"ListItem\",\"position\":3,\"name\":\"MANILLAR DEDA ZERO 1 RHM &#8211; Negro\"}]},{\"@type\":\"WebSite\",\"@id\":\"https:\\\/\\\/veloaxe.com\\\/#website\",\"url\":\"https:\\\/\\\/veloaxe.com\\\/\",\"name\":\"Tienda de bicicletas | VELOAXE\",\"description\":\"Descubre una amplia selecci\u00f3n de bicicletas de alta calidad, desde modelos urbanos y de monta\u00f1a hasta bicicletas de carretera de \u00faltima generaci\u00f3n. Con un servicio experto y accesorios especializados, estamos comprometidos a brindarte la mejor experiencia ciclista.\",\"publisher\":{\"@id\":\"https:\\\/\\\/veloaxe.com\\\/#organization\"},\"potentialAction\":[{\"@type\":\"SearchAction\",\"target\":{\"@type\":\"EntryPoint\",\"urlTemplate\":\"https:\\\/\\\/veloaxe.com\\\/?s={search_term_string}\"},\"query-input\":{\"@type\":\"PropertyValueSpecification\",\"valueRequired\":true,\"valueName\":\"search_term_string\"}}],\"inLanguage\":\"fr-FR\"},{\"@type\":\"Organization\",\"@id\":\"https:\\\/\\\/veloaxe.com\\\/#organization\",\"name\":\"Tienda de bicicletas | VELOAXE\",\"url\":\"https:\\\/\\\/veloaxe.com\\\/\",\"logo\":{\"@type\":\"ImageObject\",\"inLanguage\":\"fr-FR\",\"@id\":\"https:\\\/\\\/veloaxe.com\\\/#\\\/schema\\\/logo\\\/image\\\/\",\"url\":\"https:\\\/\\\/veloaxe.com\\\/wp-content\\\/uploads\\\/2026\\\/01\\\/cropped-logo-1.jpg\",\"contentUrl\":\"https:\\\/\\\/veloaxe.com\\\/wp-content\\\/uploads\\\/2026\\\/01\\\/cropped-logo-1.jpg\",\"width\":1273,\"height\":363,\"caption\":\"Tienda de bicicletas | VELOAXE\"},\"image\":{\"@id\":\"https:\\\/\\\/veloaxe.com\\\/#\\\/schema\\\/logo\\\/image\\\/\"},\"sameAs\":[\"https:\\\/\\\/www.facebook.com\\\/veloaxe\"]}]}<\/script>\n<!-- \/ Yoast SEO plugin. -->","yoast_head_json":{"title":"MANILLAR DEDA ZERO 1 RHM - Negro - Tienda de bicicletas | VELOAXE","description":"MANILLAR DEDA ZERO 1 - El manillar de aluminio DEDA ZERO 1 est\u00e1 disponible en varios tama\u00f1os. Garantiza una buena posici\u00f3n sobre la bicicleta.","robots":{"index":"index","follow":"follow","max-snippet":"max-snippet:-1","max-image-preview":"max-image-preview:large","max-video-preview":"max-video-preview:-1"},"canonical":"https:\/\/veloaxe.com\/fr\/produit\/manillar-deda-zero-1-rhm-negro\/","og_locale":"fr_FR","og_type":"article","og_title":"MANILLAR DEDA ZERO 1 RHM - Negro - Tienda de bicicletas | VELOAXE","og_description":"MANILLAR DEDA ZERO 1 - El manillar de aluminio DEDA ZERO 1 est\u00e1 disponible en varios tama\u00f1os. Garantiza una buena posici\u00f3n sobre la bicicleta.","og_url":"https:\/\/veloaxe.com\/fr\/produit\/manillar-deda-zero-1-rhm-negro\/","og_site_name":"Tienda de bicicletas | VELOAXE","article_publisher":"https:\/\/www.facebook.com\/veloaxe","article_modified_time":"2025-10-26T08:39:20+00:00","og_image":[{"width":2000,"height":1146,"url":"https:\/\/veloaxe.com\/wp-content\/uploads\/2022\/08\/manillar_deda_zero_1.jpg","type":"image\/jpeg"}],"twitter_card":"summary_large_image","twitter_misc":{"Dur\u00e9e de lecture estim\u00e9e":"1 minute"},"schema":{"@context":"https:\/\/schema.org","@graph":[{"@type":"WebPage","@id":"https:\/\/veloaxe.com\/producto\/manillar-deda-zero-1-rhm-negro\/","url":"https:\/\/veloaxe.com\/producto\/manillar-deda-zero-1-rhm-negro\/","name":"MANILLAR DEDA ZERO 1 RHM - Negro - Tienda de bicicletas | VELOAXE","isPartOf":{"@id":"https:\/\/veloaxe.com\/#website"},"primaryImageOfPage":{"@id":"https:\/\/veloaxe.com\/producto\/manillar-deda-zero-1-rhm-negro\/#primaryimage"},"image":{"@id":"https:\/\/veloaxe.com\/producto\/manillar-deda-zero-1-rhm-negro\/#primaryimage"},"thumbnailUrl":"https:\/\/veloaxe.com\/wp-content\/uploads\/2022\/08\/manillar_deda_zero_1.jpg","datePublished":"2022-08-25T17:36:21+00:00","dateModified":"2025-10-26T08:39:20+00:00","description":"MANILLAR DEDA ZERO 1 - El manillar de aluminio DEDA ZERO 1 est\u00e1 disponible en varios tama\u00f1os. Garantiza una buena posici\u00f3n sobre la bicicleta.","breadcrumb":{"@id":"https:\/\/veloaxe.com\/producto\/manillar-deda-zero-1-rhm-negro\/#breadcrumb"},"inLanguage":"fr-FR","potentialAction":[{"@type":"ReadAction","target":["https:\/\/veloaxe.com\/producto\/manillar-deda-zero-1-rhm-negro\/"]}]},{"@type":"ImageObject","inLanguage":"fr-FR","@id":"https:\/\/veloaxe.com\/producto\/manillar-deda-zero-1-rhm-negro\/#primaryimage","url":"https:\/\/veloaxe.com\/wp-content\/uploads\/2022\/08\/manillar_deda_zero_1.jpg","contentUrl":"https:\/\/veloaxe.com\/wp-content\/uploads\/2022\/08\/manillar_deda_zero_1.jpg","width":2000,"height":1146,"caption":"Manillar deda zero 1 para bicicleta."},{"@type":"BreadcrumbList","@id":"https:\/\/veloaxe.com\/producto\/manillar-deda-zero-1-rhm-negro\/#breadcrumb","itemListElement":[{"@type":"ListItem","position":1,"name":"Portada","item":"https:\/\/paleturquoise-herring-271034.hostingersite.com\/"},{"@type":"ListItem","position":2,"name":"Shop","item":"https:\/\/paleturquoise-herring-271034.hostingersite.com\/shop\/"},{"@type":"ListItem","position":3,"name":"MANILLAR DEDA ZERO 1 RHM &#8211; Negro"}]},{"@type":"WebSite","@id":"https:\/\/veloaxe.com\/#website","url":"https:\/\/veloaxe.com\/","name":"Boutique de v\u00e9lo en ligne | VELOAXE","description":"Descubre una amplia selecci\u00f3n de bicicletas de alta calidad, desde modelos urbanos y de monta\u00f1a hasta bicicletas de carretera de \u00faltima generaci\u00f3n. Con un servicio experto y accesorios especializados, estamos comprometidos a brindarte la mejor experiencia ciclista.","publisher":{"@id":"https:\/\/veloaxe.com\/#organization"},"potentialAction":[{"@type":"SearchAction","target":{"@type":"EntryPoint","urlTemplate":"https:\/\/veloaxe.com\/?s={search_term_string}"},"query-input":{"@type":"PropertyValueSpecification","valueRequired":true,"valueName":"search_term_string"}}],"inLanguage":"fr-FR"},{"@type":"Organization","@id":"https:\/\/veloaxe.com\/#organization","name":"Boutique de v\u00e9lo en ligne | VELOAXE","url":"https:\/\/veloaxe.com\/","logo":{"@type":"ImageObject","inLanguage":"fr-FR","@id":"https:\/\/veloaxe.com\/#\/schema\/logo\/image\/","url":"https:\/\/veloaxe.com\/wp-content\/uploads\/2026\/01\/cropped-logo-1.jpg","contentUrl":"https:\/\/veloaxe.com\/wp-content\/uploads\/2026\/01\/cropped-logo-1.jpg","width":1273,"height":363,"caption":"Tienda de bicicletas | VELOAXE"},"image":{"@id":"https:\/\/veloaxe.com\/#\/schema\/logo\/image\/"},"sameAs":["https:\/\/www.facebook.com\/veloaxe"]}]}},"_links":{"self":[{"href":"https:\/\/veloaxe.com\/fr\/wp-json\/wp\/v2\/product\/1531","targetHints":{"allow":["GET"]}}],"collection":[{"href":"https:\/\/veloaxe.com\/fr\/wp-json\/wp\/v2\/product"}],"about":[{"href":"https:\/\/veloaxe.com\/fr\/wp-json\/wp\/v2\/types\/product"}],"replies":[{"embeddable":true,"href":"https:\/\/veloaxe.com\/fr\/wp-json\/wp\/v2\/comments?post=1531"}],"wp:featuredmedia":[{"embeddable":true,"href":"https:\/\/veloaxe.com\/fr\/wp-json\/wp\/v2\/media\/4313"}],"wp:attachment":[{"href":"https:\/\/veloaxe.com\/fr\/wp-json\/wp\/v2\/media?parent=1531"}],"wp:term":[{"taxonomy":"product_brand","embeddable":true,"href":"https:\/\/veloaxe.com\/fr\/wp-json\/wp\/v2\/product_brand?post=1531"},{"taxonomy":"product_cat","embeddable":true,"href":"https:\/\/veloaxe.com\/fr\/wp-json\/wp\/v2\/product_cat?post=1531"},{"taxonomy":"product_tag","embeddable":true,"href":"https:\/\/veloaxe.com\/fr\/wp-json\/wp\/v2\/product_tag?post=1531"}],"curies":[{"name":"wp","href":"https:\/\/api.w.org\/{rel}","templated":true}]}}