{"id":15325,"date":"2024-02-17T20:06:35","date_gmt":"2024-02-17T20:06:35","guid":{"rendered":"https:\/\/veloaxe.com\/?post_type=product&#038;p=15325"},"modified":"2025-05-27T08:21:08","modified_gmt":"2025-05-27T08:21:08","slug":"ruedas-wrc-tbl-42mm-disc-carbono","status":"publish","type":"product","link":"https:\/\/veloaxe.com\/fr\/producto\/ruedas-wrc-tbl-42mm-disc-carbono\/","title":{"rendered":"PAR RUEDAS WRC TBL 42mm &#8211; DISC &#8211; CARBONO"},"content":{"rendered":"<p>Par ruedas conor wrc carbono. Cuando la carrera se ponga dura, el perfil medio del WRC 42mm, un modelo sin c\u00e1mara especialmente valorado por los ciclistas profesionales, te respaldar\u00e1: son r\u00e1pidos siempre y en todas partes. La aerodin\u00e1mica del perfil NACA y la perfecta laminaci\u00f3n de las capas de carbono UD permiten a CONOR WRC construir una rueda estable y perfectamente equilibrada, en parte gracias al ancho externo de 28 mm, que crea un conjunto aerodin\u00e1mico con neum\u00e1ticos de 28 mm o 25 mm. La configuraci\u00f3n est\u00e1ndar incluye radios Sapim de tiro recto y buje RD50; En. resumen, las\u00a0 par ruedas CONOR WRC 42 te llevar\u00e1n r\u00e1pidamente a trav\u00e9s de las competiciones m\u00e1s feroces.<\/p>\n<p>CUERPO : SHIMANO HG11\/12v<\/p>\n<p>FRENO : DISCO CENTER LOCK<\/p>\n<p>TBL : SI<\/p>\n<p>PESOS : 1480 GRS<\/p>\n<p>EJE : 12 mm<\/p>\n<p>&nbsp;<\/p>","protected":false},"excerpt":{"rendered":"<p>Par ruedas conor wrc carbono. Cuando la carrera se ponga dura, el perfil medio del WRC 42mm, un modelo sin c\u00e1mara especialmente valorado por los ciclistas profesionales, te respaldar\u00e1: son r\u00e1pidos siempre y en todas partes. La aerodin\u00e1mica del perfil NACA y la perfecta laminaci\u00f3n de las capas de carbono UD permiten a CONOR WRC [&hellip;]<\/p>\n","protected":false},"featured_media":15326,"comment_status":"closed","ping_status":"closed","template":"","meta":[],"product_brand":[],"product_cat":[16,38,133],"product_tag":[],"class_list":{"0":"post-15325","1":"product","2":"type-product","3":"status-publish","4":"has-post-thumbnail","6":"product_cat-carretera-gravel-bicicletas","7":"product_cat-ruedas-neumatico-tubular","8":"product_cat-ruedas-carbono-carretera","9":"product_shipping_class-no-bicicletas","11":"first","12":"instock","13":"sale","14":"shipping-taxable","15":"purchasable","16":"product-type-simple"},"yoast_head":"<!-- This site is optimized with the Yoast SEO plugin v27.6 - https:\/\/yoast.com\/product\/yoast-seo-wordpress\/ -->\n<title>PAR RUEDAS WRC TBL 42mm - DISC - CARBONO - Tienda de bicicletas | VELOAXE<\/title>\n<meta name=\"description\" content=\"PAR RUEDAS CONOR WRC TBL 42mm DISC CARBONO - Un par de ruedas de carbono para bicicleta de carretera al mejor precio. Disponible en nuestro sitio.\" \/>\n<meta name=\"robots\" content=\"index, follow, max-snippet:-1, max-image-preview:large, max-video-preview:-1\" \/>\n<link rel=\"canonical\" href=\"https:\/\/veloaxe.com\/fr\/produit\/ruedas-wrc-tbl-42mm-disc-carbono\/\" \/>\n<meta property=\"og:locale\" content=\"fr_FR\" \/>\n<meta property=\"og:type\" content=\"article\" \/>\n<meta property=\"og:title\" content=\"PAR RUEDAS WRC TBL 42mm - DISC - CARBONO - Tienda de bicicletas | VELOAXE\" \/>\n<meta property=\"og:description\" content=\"PAR RUEDAS CONOR WRC TBL 42mm DISC CARBONO - Un par de ruedas de carbono para bicicleta de carretera al mejor precio. Disponible en nuestro sitio.\" \/>\n<meta property=\"og:url\" content=\"https:\/\/veloaxe.com\/fr\/produit\/ruedas-wrc-tbl-42mm-disc-carbono\/\" \/>\n<meta property=\"og:site_name\" content=\"Tienda de bicicletas | VELOAXE\" \/>\n<meta property=\"article:publisher\" content=\"https:\/\/www.facebook.com\/veloaxe\" \/>\n<meta property=\"article:modified_time\" content=\"2025-05-27T08:21:08+00:00\" \/>\n<meta property=\"og:image\" content=\"https:\/\/veloaxe.com\/wp-content\/uploads\/2024\/02\/conor-par-ruedas-carretera-disc-carbon-42-mm-28.jpg\" \/>\n\t<meta property=\"og:image:width\" content=\"600\" \/>\n\t<meta property=\"og:image:height\" content=\"600\" \/>\n\t<meta property=\"og:image:type\" content=\"image\/jpeg\" \/>\n<meta name=\"twitter:card\" content=\"summary_large_image\" \/>\n<meta name=\"twitter:label1\" content=\"Dur\u00e9e de lecture estim\u00e9e\" \/>\n\t<meta name=\"twitter:data1\" content=\"1 minute\" \/>\n<script type=\"application\/ld+json\" class=\"yoast-schema-graph\">{\"@context\":\"https:\\\/\\\/schema.org\",\"@graph\":[{\"@type\":\"WebPage\",\"@id\":\"https:\\\/\\\/veloaxe.com\\\/producto\\\/ruedas-wrc-tbl-42mm-disc-carbono\\\/\",\"url\":\"https:\\\/\\\/veloaxe.com\\\/producto\\\/ruedas-wrc-tbl-42mm-disc-carbono\\\/\",\"name\":\"PAR RUEDAS WRC TBL 42mm - DISC - CARBONO - Tienda de bicicletas | VELOAXE\",\"isPartOf\":{\"@id\":\"https:\\\/\\\/veloaxe.com\\\/#website\"},\"primaryImageOfPage\":{\"@id\":\"https:\\\/\\\/veloaxe.com\\\/producto\\\/ruedas-wrc-tbl-42mm-disc-carbono\\\/#primaryimage\"},\"image\":{\"@id\":\"https:\\\/\\\/veloaxe.com\\\/producto\\\/ruedas-wrc-tbl-42mm-disc-carbono\\\/#primaryimage\"},\"thumbnailUrl\":\"https:\\\/\\\/veloaxe.com\\\/wp-content\\\/uploads\\\/2024\\\/02\\\/conor-par-ruedas-carretera-disc-carbon-42-mm-28.jpg\",\"datePublished\":\"2024-02-17T20:06:35+00:00\",\"dateModified\":\"2025-05-27T08:21:08+00:00\",\"description\":\"PAR RUEDAS CONOR WRC TBL 42mm DISC CARBONO - Un par de ruedas de carbono para bicicleta de carretera al mejor precio. Disponible en nuestro sitio.\",\"breadcrumb\":{\"@id\":\"https:\\\/\\\/veloaxe.com\\\/producto\\\/ruedas-wrc-tbl-42mm-disc-carbono\\\/#breadcrumb\"},\"inLanguage\":\"fr-FR\",\"potentialAction\":[{\"@type\":\"ReadAction\",\"target\":[\"https:\\\/\\\/veloaxe.com\\\/producto\\\/ruedas-wrc-tbl-42mm-disc-carbono\\\/\"]}]},{\"@type\":\"ImageObject\",\"inLanguage\":\"fr-FR\",\"@id\":\"https:\\\/\\\/veloaxe.com\\\/producto\\\/ruedas-wrc-tbl-42mm-disc-carbono\\\/#primaryimage\",\"url\":\"https:\\\/\\\/veloaxe.com\\\/wp-content\\\/uploads\\\/2024\\\/02\\\/conor-par-ruedas-carretera-disc-carbon-42-mm-28.jpg\",\"contentUrl\":\"https:\\\/\\\/veloaxe.com\\\/wp-content\\\/uploads\\\/2024\\\/02\\\/conor-par-ruedas-carretera-disc-carbon-42-mm-28.jpg\",\"width\":600,\"height\":600,\"caption\":\"conor-par-ruedas-carretera-disc-carbon-42-mm-28\"},{\"@type\":\"BreadcrumbList\",\"@id\":\"https:\\\/\\\/veloaxe.com\\\/producto\\\/ruedas-wrc-tbl-42mm-disc-carbono\\\/#breadcrumb\",\"itemListElement\":[{\"@type\":\"ListItem\",\"position\":1,\"name\":\"Portada\",\"item\":\"https:\\\/\\\/veloaxe.com\\\/\"},{\"@type\":\"ListItem\",\"position\":2,\"name\":\"Shop\",\"item\":\"https:\\\/\\\/paleturquoise-herring-271034.hostingersite.com\\\/shop\\\/\"},{\"@type\":\"ListItem\",\"position\":3,\"name\":\"PAR RUEDAS WRC TBL 42mm &#8211; DISC &#8211; CARBONO\"}]},{\"@type\":\"WebSite\",\"@id\":\"https:\\\/\\\/veloaxe.com\\\/#website\",\"url\":\"https:\\\/\\\/veloaxe.com\\\/\",\"name\":\"Tienda de bicicletas | VELOAXE\",\"description\":\"Descubre una amplia selecci\u00f3n de bicicletas de alta calidad, desde modelos urbanos y de monta\u00f1a hasta bicicletas de carretera de \u00faltima generaci\u00f3n. Con un servicio experto y accesorios especializados, estamos comprometidos a brindarte la mejor experiencia ciclista.\",\"publisher\":{\"@id\":\"https:\\\/\\\/veloaxe.com\\\/#organization\"},\"potentialAction\":[{\"@type\":\"SearchAction\",\"target\":{\"@type\":\"EntryPoint\",\"urlTemplate\":\"https:\\\/\\\/veloaxe.com\\\/?s={search_term_string}\"},\"query-input\":{\"@type\":\"PropertyValueSpecification\",\"valueRequired\":true,\"valueName\":\"search_term_string\"}}],\"inLanguage\":\"fr-FR\"},{\"@type\":\"Organization\",\"@id\":\"https:\\\/\\\/veloaxe.com\\\/#organization\",\"name\":\"Tienda de bicicletas | VELOAXE\",\"url\":\"https:\\\/\\\/veloaxe.com\\\/\",\"logo\":{\"@type\":\"ImageObject\",\"inLanguage\":\"fr-FR\",\"@id\":\"https:\\\/\\\/veloaxe.com\\\/#\\\/schema\\\/logo\\\/image\\\/\",\"url\":\"https:\\\/\\\/veloaxe.com\\\/wp-content\\\/uploads\\\/2026\\\/01\\\/cropped-logo-1.jpg\",\"contentUrl\":\"https:\\\/\\\/veloaxe.com\\\/wp-content\\\/uploads\\\/2026\\\/01\\\/cropped-logo-1.jpg\",\"width\":1273,\"height\":363,\"caption\":\"Tienda de bicicletas | VELOAXE\"},\"image\":{\"@id\":\"https:\\\/\\\/veloaxe.com\\\/#\\\/schema\\\/logo\\\/image\\\/\"},\"sameAs\":[\"https:\\\/\\\/www.facebook.com\\\/veloaxe\"]}]}<\/script>\n<!-- \/ Yoast SEO plugin. -->","yoast_head_json":{"title":"PAR RUEDAS WRC TBL 42mm - DISC - CARBONO - Tienda de bicicletas | VELOAXE","description":"PAR RUEDAS CONOR WRC TBL 42mm DISC CARBONO - Un par de ruedas de carbono para bicicleta de carretera al mejor precio. Disponible en nuestro sitio.","robots":{"index":"index","follow":"follow","max-snippet":"max-snippet:-1","max-image-preview":"max-image-preview:large","max-video-preview":"max-video-preview:-1"},"canonical":"https:\/\/veloaxe.com\/fr\/produit\/ruedas-wrc-tbl-42mm-disc-carbono\/","og_locale":"fr_FR","og_type":"article","og_title":"PAR RUEDAS WRC TBL 42mm - DISC - CARBONO - Tienda de bicicletas | VELOAXE","og_description":"PAR RUEDAS CONOR WRC TBL 42mm DISC CARBONO - Un par de ruedas de carbono para bicicleta de carretera al mejor precio. Disponible en nuestro sitio.","og_url":"https:\/\/veloaxe.com\/fr\/produit\/ruedas-wrc-tbl-42mm-disc-carbono\/","og_site_name":"Tienda de bicicletas | VELOAXE","article_publisher":"https:\/\/www.facebook.com\/veloaxe","article_modified_time":"2025-05-27T08:21:08+00:00","og_image":[{"width":600,"height":600,"url":"https:\/\/veloaxe.com\/wp-content\/uploads\/2024\/02\/conor-par-ruedas-carretera-disc-carbon-42-mm-28.jpg","type":"image\/jpeg"}],"twitter_card":"summary_large_image","twitter_misc":{"Dur\u00e9e de lecture estim\u00e9e":"1 minute"},"schema":{"@context":"https:\/\/schema.org","@graph":[{"@type":"WebPage","@id":"https:\/\/veloaxe.com\/producto\/ruedas-wrc-tbl-42mm-disc-carbono\/","url":"https:\/\/veloaxe.com\/producto\/ruedas-wrc-tbl-42mm-disc-carbono\/","name":"PAR RUEDAS WRC TBL 42mm - DISC - CARBONO - Tienda de bicicletas | VELOAXE","isPartOf":{"@id":"https:\/\/veloaxe.com\/#website"},"primaryImageOfPage":{"@id":"https:\/\/veloaxe.com\/producto\/ruedas-wrc-tbl-42mm-disc-carbono\/#primaryimage"},"image":{"@id":"https:\/\/veloaxe.com\/producto\/ruedas-wrc-tbl-42mm-disc-carbono\/#primaryimage"},"thumbnailUrl":"https:\/\/veloaxe.com\/wp-content\/uploads\/2024\/02\/conor-par-ruedas-carretera-disc-carbon-42-mm-28.jpg","datePublished":"2024-02-17T20:06:35+00:00","dateModified":"2025-05-27T08:21:08+00:00","description":"PAR RUEDAS CONOR WRC TBL 42mm DISC CARBONO - Un par de ruedas de carbono para bicicleta de carretera al mejor precio. Disponible en nuestro sitio.","breadcrumb":{"@id":"https:\/\/veloaxe.com\/producto\/ruedas-wrc-tbl-42mm-disc-carbono\/#breadcrumb"},"inLanguage":"fr-FR","potentialAction":[{"@type":"ReadAction","target":["https:\/\/veloaxe.com\/producto\/ruedas-wrc-tbl-42mm-disc-carbono\/"]}]},{"@type":"ImageObject","inLanguage":"fr-FR","@id":"https:\/\/veloaxe.com\/producto\/ruedas-wrc-tbl-42mm-disc-carbono\/#primaryimage","url":"https:\/\/veloaxe.com\/wp-content\/uploads\/2024\/02\/conor-par-ruedas-carretera-disc-carbon-42-mm-28.jpg","contentUrl":"https:\/\/veloaxe.com\/wp-content\/uploads\/2024\/02\/conor-par-ruedas-carretera-disc-carbon-42-mm-28.jpg","width":600,"height":600,"caption":"conor-par-ruedas-carretera-disc-carbon-42-mm-28"},{"@type":"BreadcrumbList","@id":"https:\/\/veloaxe.com\/producto\/ruedas-wrc-tbl-42mm-disc-carbono\/#breadcrumb","itemListElement":[{"@type":"ListItem","position":1,"name":"Portada","item":"https:\/\/veloaxe.com\/"},{"@type":"ListItem","position":2,"name":"Shop","item":"https:\/\/paleturquoise-herring-271034.hostingersite.com\/shop\/"},{"@type":"ListItem","position":3,"name":"PAR RUEDAS WRC TBL 42mm &#8211; DISC &#8211; CARBONO"}]},{"@type":"WebSite","@id":"https:\/\/veloaxe.com\/#website","url":"https:\/\/veloaxe.com\/","name":"Boutique de v\u00e9lo en ligne | VELOAXE","description":"D\u00e9couvrez une large s\u00e9lection de v\u00e9los de haute qualit\u00e9, des mod\u00e8les urbains et de montagne aux v\u00e9los de route de pointe. Avec un service d'experts et des accessoires sp\u00e9cialis\u00e9s, nous nous engageons \u00e0 vous offrir la meilleure exp\u00e9rience de cyclisme.","publisher":{"@id":"https:\/\/veloaxe.com\/#organization"},"potentialAction":[{"@type":"SearchAction","target":{"@type":"EntryPoint","urlTemplate":"https:\/\/veloaxe.com\/?s={search_term_string}"},"query-input":{"@type":"PropertyValueSpecification","valueRequired":true,"valueName":"search_term_string"}}],"inLanguage":"fr-FR"},{"@type":"Organization","@id":"https:\/\/veloaxe.com\/#organization","name":"Boutique de v\u00e9lo en ligne | VELOAXE","url":"https:\/\/veloaxe.com\/","logo":{"@type":"ImageObject","inLanguage":"fr-FR","@id":"https:\/\/veloaxe.com\/#\/schema\/logo\/image\/","url":"https:\/\/veloaxe.com\/wp-content\/uploads\/2026\/01\/cropped-logo-1.jpg","contentUrl":"https:\/\/veloaxe.com\/wp-content\/uploads\/2026\/01\/cropped-logo-1.jpg","width":1273,"height":363,"caption":"Tienda de bicicletas | VELOAXE"},"image":{"@id":"https:\/\/veloaxe.com\/#\/schema\/logo\/image\/"},"sameAs":["https:\/\/www.facebook.com\/veloaxe"]}]}},"_links":{"self":[{"href":"https:\/\/veloaxe.com\/fr\/wp-json\/wp\/v2\/product\/15325","targetHints":{"allow":["GET"]}}],"collection":[{"href":"https:\/\/veloaxe.com\/fr\/wp-json\/wp\/v2\/product"}],"about":[{"href":"https:\/\/veloaxe.com\/fr\/wp-json\/wp\/v2\/types\/product"}],"replies":[{"embeddable":true,"href":"https:\/\/veloaxe.com\/fr\/wp-json\/wp\/v2\/comments?post=15325"}],"wp:featuredmedia":[{"embeddable":true,"href":"https:\/\/veloaxe.com\/fr\/wp-json\/wp\/v2\/media\/15326"}],"wp:attachment":[{"href":"https:\/\/veloaxe.com\/fr\/wp-json\/wp\/v2\/media?parent=15325"}],"wp:term":[{"taxonomy":"product_brand","embeddable":true,"href":"https:\/\/veloaxe.com\/fr\/wp-json\/wp\/v2\/product_brand?post=15325"},{"taxonomy":"product_cat","embeddable":true,"href":"https:\/\/veloaxe.com\/fr\/wp-json\/wp\/v2\/product_cat?post=15325"},{"taxonomy":"product_tag","embeddable":true,"href":"https:\/\/veloaxe.com\/fr\/wp-json\/wp\/v2\/product_tag?post=15325"}],"curies":[{"name":"wp","href":"https:\/\/api.w.org\/{rel}","templated":true}]}}