{"id":16177,"date":"2024-05-08T07:31:29","date_gmt":"2024-05-08T07:31:29","guid":{"rendered":"https:\/\/veloaxe.com\/?post_type=product&#038;p=16177"},"modified":"2025-05-21T08:19:22","modified_gmt":"2025-05-21T08:19:22","slug":"coluer-invicta-5-8-sram-rival-axs-12v-blanco","status":"publish","type":"product","link":"https:\/\/veloaxe.com\/fr\/produit\/coluer-invicta-5-8-sram-rival-axs-12v-blanco\/","title":{"rendered":"COLUER INVICTA 5.8 &#8211; SRAM RIVAL AXS 12v &#8211; BLANCO"},"content":{"rendered":"<p><span style=\"color: #000000;\">La NUEVA bicicleta de carretera 2025 <strong>COLUER INVICTA 5.8<\/strong> ha sido desarrollada con la ayuda de mec\u00e1nicos y antiguos ciclistas de carretera <strong>UCI PROFESSIONAL<\/strong> en las carreteras m\u00e1s exigentes de <strong>FRANCIA<\/strong> y <strong>ESPA\u00d1A<\/strong>. El objetivo, llevar todo su potencial al M\u00e1ximo, en puertos m\u00edticos, con largas subidas y exigentes bajadas. Este recopil\u00f3 datos muy valiosos para su configuraci\u00f3n <strong>FINAL<\/strong>. He aqu\u00ed una bicicleta de alto rendimiento donde el m\u00e1s m\u00ednimo detalle ha sido revisado una y otra vez para tener la bicicleta <strong>PERFECTA<\/strong>. <\/span><\/p>\n<p><span style=\"color: #000000;\">C\u00f3moda, Vers\u00e1til, con una geometr\u00eda estudiada para que la potencia se transmita de forma m\u00e1s eficiente a las ruedas traseras, lo que te permitir\u00e1 subir sin dificultad y rodar largas distancias. Si est\u00e1s acostumbrado a subir a los podios, ir a los grupos delanteros, colocar ataques precisos o recorrer caminos interminables, esta es la bicicleta que necesitas. La bicicleta de carretera <strong>COLUER INVICTA 5.8<\/strong> es ligera y eficiente, es ideal para salidas en bicicleta de carretera.<\/span><\/p>\n<p>&nbsp;<\/p>\n<p><span style=\"color: #000000;\"><strong>CUADRO<\/strong> : NUEVO CUADRO Carbono HMC, Geometr\u00eda de competici\u00f3n RD, Sistema de cableado interno, Ejes de pedalier BB86 y Juego de direcci\u00f3n de 1\/8-1\/5<\/span><\/p>\n<p><span style=\"color: #000000;\"><strong>HORQUILLA<\/strong> : Carbono monocasco<\/span><\/p>\n<p><span style=\"color: #000000;\"><strong>TIJA DEL ASIENTO<\/strong> : ICON SUPERNOVA<\/span><\/p>\n<p><span style=\"color: #000000;\"><strong>POTENCES V\u00c9LO<\/strong> : ICON SUPERNOVA INTEGRADO<\/span><\/p>\n<p><span style=\"color: #000000;\"><strong>CINTRES VTT<\/strong> : ICON SUPERNOVA<\/span><\/p>\n<p><span style=\"color: #000000;\"><strong>RUEDAS<\/strong> : FULCRUM RACING 4<\/span><\/p>\n<p><span style=\"color: #000000;\"><strong>PNEUS ROUTE<\/strong> : VITTORIA RUBINO IV<\/span><\/p>\n<p><span style=\"color: #000000;\"><strong>SILL\u00cdN<\/strong> : SELLE ITALIA X<\/span><\/p>\n<p><span style=\"color: #000000;\"><strong>FRENOS<\/strong> : Sram RIVAL DISCO HYDRAULICO 160\/160mm<\/span><\/p>\n<p><span style=\"color: #000000;\"><strong>DESVIADOR DELANTERO<\/strong> : Sram RIVAL AXS<\/span><\/p>\n<p><span style=\"color: #000000;\"><strong>CAMBIO TRASERO<\/strong> : SRAM RIVAL AXS<\/span><\/p>\n<p><span style=\"color: #000000;\"><strong>MANETAS DE CAMBIO<\/strong> : SRAM RIVAL AXS 2&#215;12<\/span><\/p>\n<p><span style=\"color: #000000;\"><strong>P\u00c9DALIERS V\u00c9LO<\/strong> : SRAM RIVAL AXS 35&#215;48<\/span><\/p>\n<p><span style=\"color: #000000;\"><strong>CASSETTES V\u00c9LO<\/strong> : SRAM RIVAL 10&#215;36<\/span><\/p>\n<p><span style=\"color: #000000;\">Las ruedas y el grupo de la foto pueden no ser contractuales.<\/span><\/p>\n<p><span style=\"color: #000000;\">Para m\u00e1s informaci\u00f3n, cont\u00e1ctenos: +33 06 24 22 72 58<\/span><\/p>","protected":false},"excerpt":{"rendered":"<p>La NUEVA bicicleta de carretera 2025 COLUER INVICTA 5.8 ha sido desarrollada con la ayuda de mec\u00e1nicos y antiguos ciclistas de carretera UCI PROFESSIONAL en las carreteras m\u00e1s exigentes de FRANCIA y ESPA\u00d1A. El objetivo, llevar todo su potencial al M\u00e1ximo, en puertos m\u00edticos, con largas subidas y exigentes bajadas. Este recopil\u00f3 datos muy valiosos [&hellip;]<\/p>\n","protected":false},"featured_media":16183,"comment_status":"open","ping_status":"closed","template":"","meta":[],"product_brand":[],"product_cat":[126,17,16],"product_tag":[],"class_list":{"0":"post-16177","1":"product","2":"type-product","3":"status-publish","4":"has-post-thumbnail","6":"product_cat-bicicleta-de-carbono","7":"product_cat-bicicletas-completas-de-carretera","8":"product_cat-carretera-gravel-bicicletas","9":"product_shipping_class-bicicletas","11":"first","12":"instock","13":"sale","14":"shipping-taxable","15":"purchasable","16":"product-type-variable"},"yoast_head":"<!-- This site is optimized with the Yoast SEO plugin v27.6 - https:\/\/yoast.com\/product\/yoast-seo-wordpress\/ -->\n<title>BICICLETA COLUER INVICTA 5.8 SRAM AXS | VELOAXE.COM<\/title>\n<meta name=\"description\" content=\"COLUER INVICTA 5.8 - SRAM RIVAL AXS 12v - Encuentra bicicletas de carretera de carbono COLUER INVICTA al precio de 3290 \u20ac. Env\u00edos a Espa\u00f1a y Europa.\" \/>\n<meta name=\"robots\" content=\"index, follow, max-snippet:-1, max-image-preview:large, max-video-preview:-1\" \/>\n<link rel=\"canonical\" href=\"https:\/\/veloaxe.com\/fr\/produit\/coluer-invicta-5-8-sram-rival-axs-12v-blanco\/\" \/>\n<meta property=\"og:locale\" content=\"fr_FR\" \/>\n<meta property=\"og:type\" content=\"article\" \/>\n<meta property=\"og:title\" content=\"BICICLETA COLUER INVICTA 5.8 SRAM AXS | VELOAXE.COM\" \/>\n<meta property=\"og:description\" content=\"COLUER INVICTA 5.8 - SRAM RIVAL AXS 12v - Encuentra bicicletas de carretera de carbono COLUER INVICTA al precio de 3290 \u20ac. Env\u00edos a Espa\u00f1a y Europa.\" \/>\n<meta property=\"og:url\" content=\"https:\/\/veloaxe.com\/fr\/produit\/coluer-invicta-5-8-sram-rival-axs-12v-blanco\/\" \/>\n<meta property=\"og:site_name\" content=\"Tienda de bicicletas | VELOAXE\" \/>\n<meta property=\"article:publisher\" content=\"https:\/\/www.facebook.com\/veloaxe\" \/>\n<meta property=\"article:modified_time\" content=\"2025-05-21T08:19:22+00:00\" \/>\n<meta property=\"og:image\" content=\"https:\/\/veloaxe.com\/wp-content\/uploads\/2024\/05\/coluer-invicta-7.8-blanco.jpg\" \/>\n\t<meta property=\"og:image:width\" content=\"1259\" \/>\n\t<meta property=\"og:image:height\" content=\"745\" \/>\n\t<meta property=\"og:image:type\" content=\"image\/jpeg\" \/>\n<meta name=\"twitter:card\" content=\"summary_large_image\" \/>\n<meta name=\"twitter:label1\" content=\"Dur\u00e9e de lecture estim\u00e9e\" \/>\n\t<meta name=\"twitter:data1\" content=\"2 minutes\" \/>\n<script type=\"application\/ld+json\" class=\"yoast-schema-graph\">{\"@context\":\"https:\\\/\\\/schema.org\",\"@graph\":[{\"@type\":\"WebPage\",\"@id\":\"https:\\\/\\\/veloaxe.com\\\/producto\\\/coluer-invicta-5-8-sram-rival-axs-12v-blanco\\\/\",\"url\":\"https:\\\/\\\/veloaxe.com\\\/producto\\\/coluer-invicta-5-8-sram-rival-axs-12v-blanco\\\/\",\"name\":\"BICICLETA COLUER INVICTA 5.8 SRAM AXS | VELOAXE.COM\",\"isPartOf\":{\"@id\":\"https:\\\/\\\/veloaxe.com\\\/#website\"},\"primaryImageOfPage\":{\"@id\":\"https:\\\/\\\/veloaxe.com\\\/producto\\\/coluer-invicta-5-8-sram-rival-axs-12v-blanco\\\/#primaryimage\"},\"image\":{\"@id\":\"https:\\\/\\\/veloaxe.com\\\/producto\\\/coluer-invicta-5-8-sram-rival-axs-12v-blanco\\\/#primaryimage\"},\"thumbnailUrl\":\"https:\\\/\\\/veloaxe.com\\\/wp-content\\\/uploads\\\/2024\\\/05\\\/coluer-invicta-7.8-blanco.jpg\",\"datePublished\":\"2024-05-08T07:31:29+00:00\",\"dateModified\":\"2025-05-21T08:19:22+00:00\",\"description\":\"COLUER INVICTA 5.8 - SRAM RIVAL AXS 12v - Encuentra bicicletas de carretera de carbono COLUER INVICTA al precio de 3290 \u20ac. Env\u00edos a Espa\u00f1a y Europa.\",\"breadcrumb\":{\"@id\":\"https:\\\/\\\/veloaxe.com\\\/producto\\\/coluer-invicta-5-8-sram-rival-axs-12v-blanco\\\/#breadcrumb\"},\"inLanguage\":\"fr-FR\",\"potentialAction\":[{\"@type\":\"ReadAction\",\"target\":[\"https:\\\/\\\/veloaxe.com\\\/producto\\\/coluer-invicta-5-8-sram-rival-axs-12v-blanco\\\/\"]}]},{\"@type\":\"ImageObject\",\"inLanguage\":\"fr-FR\",\"@id\":\"https:\\\/\\\/veloaxe.com\\\/producto\\\/coluer-invicta-5-8-sram-rival-axs-12v-blanco\\\/#primaryimage\",\"url\":\"https:\\\/\\\/veloaxe.com\\\/wp-content\\\/uploads\\\/2024\\\/05\\\/coluer-invicta-7.8-blanco.jpg\",\"contentUrl\":\"https:\\\/\\\/veloaxe.com\\\/wp-content\\\/uploads\\\/2024\\\/05\\\/coluer-invicta-7.8-blanco.jpg\",\"width\":1259,\"height\":745,\"caption\":\"coluer-invicta-7.8-blanco\"},{\"@type\":\"BreadcrumbList\",\"@id\":\"https:\\\/\\\/veloaxe.com\\\/producto\\\/coluer-invicta-5-8-sram-rival-axs-12v-blanco\\\/#breadcrumb\",\"itemListElement\":[{\"@type\":\"ListItem\",\"position\":1,\"name\":\"Portada\",\"item\":\"https:\\\/\\\/paleturquoise-herring-271034.hostingersite.com\\\/\"},{\"@type\":\"ListItem\",\"position\":2,\"name\":\"Shop\",\"item\":\"https:\\\/\\\/paleturquoise-herring-271034.hostingersite.com\\\/shop\\\/\"},{\"@type\":\"ListItem\",\"position\":3,\"name\":\"COLUER INVICTA 5.8 &#8211; SRAM RIVAL AXS 12v &#8211; BLANCO\"}]},{\"@type\":\"WebSite\",\"@id\":\"https:\\\/\\\/veloaxe.com\\\/#website\",\"url\":\"https:\\\/\\\/veloaxe.com\\\/\",\"name\":\"Tienda de bicicletas | VELOAXE\",\"description\":\"Descubre una amplia selecci\u00f3n de bicicletas de alta calidad, desde modelos urbanos y de monta\u00f1a hasta bicicletas de carretera de \u00faltima generaci\u00f3n. Con un servicio experto y accesorios especializados, estamos comprometidos a brindarte la mejor experiencia ciclista.\",\"publisher\":{\"@id\":\"https:\\\/\\\/veloaxe.com\\\/#organization\"},\"potentialAction\":[{\"@type\":\"SearchAction\",\"target\":{\"@type\":\"EntryPoint\",\"urlTemplate\":\"https:\\\/\\\/veloaxe.com\\\/?s={search_term_string}\"},\"query-input\":{\"@type\":\"PropertyValueSpecification\",\"valueRequired\":true,\"valueName\":\"search_term_string\"}}],\"inLanguage\":\"fr-FR\"},{\"@type\":\"Organization\",\"@id\":\"https:\\\/\\\/veloaxe.com\\\/#organization\",\"name\":\"Tienda de bicicletas | VELOAXE\",\"url\":\"https:\\\/\\\/veloaxe.com\\\/\",\"logo\":{\"@type\":\"ImageObject\",\"inLanguage\":\"fr-FR\",\"@id\":\"https:\\\/\\\/veloaxe.com\\\/#\\\/schema\\\/logo\\\/image\\\/\",\"url\":\"https:\\\/\\\/veloaxe.com\\\/wp-content\\\/uploads\\\/2026\\\/01\\\/cropped-logo-1.jpg\",\"contentUrl\":\"https:\\\/\\\/veloaxe.com\\\/wp-content\\\/uploads\\\/2026\\\/01\\\/cropped-logo-1.jpg\",\"width\":1273,\"height\":363,\"caption\":\"Tienda de bicicletas | VELOAXE\"},\"image\":{\"@id\":\"https:\\\/\\\/veloaxe.com\\\/#\\\/schema\\\/logo\\\/image\\\/\"},\"sameAs\":[\"https:\\\/\\\/www.facebook.com\\\/veloaxe\"]}]}<\/script>\n<!-- \/ Yoast SEO plugin. -->","yoast_head_json":{"title":"BICICLETA COLUER INVICTA 5.8 SRAM AXS | VELOAXE.COM","description":"COLUER INVICTA 5.8 - SRAM RIVAL AXS 12v - Encuentra bicicletas de carretera de carbono COLUER INVICTA al precio de 3290 \u20ac. Env\u00edos a Espa\u00f1a y Europa.","robots":{"index":"index","follow":"follow","max-snippet":"max-snippet:-1","max-image-preview":"max-image-preview:large","max-video-preview":"max-video-preview:-1"},"canonical":"https:\/\/veloaxe.com\/fr\/produit\/coluer-invicta-5-8-sram-rival-axs-12v-blanco\/","og_locale":"fr_FR","og_type":"article","og_title":"BICICLETA COLUER INVICTA 5.8 SRAM AXS | VELOAXE.COM","og_description":"COLUER INVICTA 5.8 - SRAM RIVAL AXS 12v - Encuentra bicicletas de carretera de carbono COLUER INVICTA al precio de 3290 \u20ac. Env\u00edos a Espa\u00f1a y Europa.","og_url":"https:\/\/veloaxe.com\/fr\/produit\/coluer-invicta-5-8-sram-rival-axs-12v-blanco\/","og_site_name":"Tienda de bicicletas | VELOAXE","article_publisher":"https:\/\/www.facebook.com\/veloaxe","article_modified_time":"2025-05-21T08:19:22+00:00","og_image":[{"width":1259,"height":745,"url":"https:\/\/veloaxe.com\/wp-content\/uploads\/2024\/05\/coluer-invicta-7.8-blanco.jpg","type":"image\/jpeg"}],"twitter_card":"summary_large_image","twitter_misc":{"Dur\u00e9e de lecture estim\u00e9e":"2 minutes"},"schema":{"@context":"https:\/\/schema.org","@graph":[{"@type":"WebPage","@id":"https:\/\/veloaxe.com\/producto\/coluer-invicta-5-8-sram-rival-axs-12v-blanco\/","url":"https:\/\/veloaxe.com\/producto\/coluer-invicta-5-8-sram-rival-axs-12v-blanco\/","name":"BICICLETA COLUER INVICTA 5.8 SRAM AXS | VELOAXE.COM","isPartOf":{"@id":"https:\/\/veloaxe.com\/#website"},"primaryImageOfPage":{"@id":"https:\/\/veloaxe.com\/producto\/coluer-invicta-5-8-sram-rival-axs-12v-blanco\/#primaryimage"},"image":{"@id":"https:\/\/veloaxe.com\/producto\/coluer-invicta-5-8-sram-rival-axs-12v-blanco\/#primaryimage"},"thumbnailUrl":"https:\/\/veloaxe.com\/wp-content\/uploads\/2024\/05\/coluer-invicta-7.8-blanco.jpg","datePublished":"2024-05-08T07:31:29+00:00","dateModified":"2025-05-21T08:19:22+00:00","description":"COLUER INVICTA 5.8 - SRAM RIVAL AXS 12v - Encuentra bicicletas de carretera de carbono COLUER INVICTA al precio de 3290 \u20ac. Env\u00edos a Espa\u00f1a y Europa.","breadcrumb":{"@id":"https:\/\/veloaxe.com\/producto\/coluer-invicta-5-8-sram-rival-axs-12v-blanco\/#breadcrumb"},"inLanguage":"fr-FR","potentialAction":[{"@type":"ReadAction","target":["https:\/\/veloaxe.com\/producto\/coluer-invicta-5-8-sram-rival-axs-12v-blanco\/"]}]},{"@type":"ImageObject","inLanguage":"fr-FR","@id":"https:\/\/veloaxe.com\/producto\/coluer-invicta-5-8-sram-rival-axs-12v-blanco\/#primaryimage","url":"https:\/\/veloaxe.com\/wp-content\/uploads\/2024\/05\/coluer-invicta-7.8-blanco.jpg","contentUrl":"https:\/\/veloaxe.com\/wp-content\/uploads\/2024\/05\/coluer-invicta-7.8-blanco.jpg","width":1259,"height":745,"caption":"coluer-invicta-7.8-blanco"},{"@type":"BreadcrumbList","@id":"https:\/\/veloaxe.com\/producto\/coluer-invicta-5-8-sram-rival-axs-12v-blanco\/#breadcrumb","itemListElement":[{"@type":"ListItem","position":1,"name":"Portada","item":"https:\/\/paleturquoise-herring-271034.hostingersite.com\/"},{"@type":"ListItem","position":2,"name":"Shop","item":"https:\/\/paleturquoise-herring-271034.hostingersite.com\/shop\/"},{"@type":"ListItem","position":3,"name":"COLUER INVICTA 5.8 &#8211; SRAM RIVAL AXS 12v &#8211; BLANCO"}]},{"@type":"WebSite","@id":"https:\/\/veloaxe.com\/#website","url":"https:\/\/veloaxe.com\/","name":"Boutique de v\u00e9lo en ligne | VELOAXE","description":"Descubre una amplia selecci\u00f3n de bicicletas de alta calidad, desde modelos urbanos y de monta\u00f1a hasta bicicletas de carretera de \u00faltima generaci\u00f3n. Con un servicio experto y accesorios especializados, estamos comprometidos a brindarte la mejor experiencia ciclista.","publisher":{"@id":"https:\/\/veloaxe.com\/#organization"},"potentialAction":[{"@type":"SearchAction","target":{"@type":"EntryPoint","urlTemplate":"https:\/\/veloaxe.com\/?s={search_term_string}"},"query-input":{"@type":"PropertyValueSpecification","valueRequired":true,"valueName":"search_term_string"}}],"inLanguage":"fr-FR"},{"@type":"Organization","@id":"https:\/\/veloaxe.com\/#organization","name":"Boutique de v\u00e9lo en ligne | VELOAXE","url":"https:\/\/veloaxe.com\/","logo":{"@type":"ImageObject","inLanguage":"fr-FR","@id":"https:\/\/veloaxe.com\/#\/schema\/logo\/image\/","url":"https:\/\/veloaxe.com\/wp-content\/uploads\/2026\/01\/cropped-logo-1.jpg","contentUrl":"https:\/\/veloaxe.com\/wp-content\/uploads\/2026\/01\/cropped-logo-1.jpg","width":1273,"height":363,"caption":"Tienda de bicicletas | VELOAXE"},"image":{"@id":"https:\/\/veloaxe.com\/#\/schema\/logo\/image\/"},"sameAs":["https:\/\/www.facebook.com\/veloaxe"]}]}},"_links":{"self":[{"href":"https:\/\/veloaxe.com\/fr\/wp-json\/wp\/v2\/product\/16177","targetHints":{"allow":["GET"]}}],"collection":[{"href":"https:\/\/veloaxe.com\/fr\/wp-json\/wp\/v2\/product"}],"about":[{"href":"https:\/\/veloaxe.com\/fr\/wp-json\/wp\/v2\/types\/product"}],"replies":[{"embeddable":true,"href":"https:\/\/veloaxe.com\/fr\/wp-json\/wp\/v2\/comments?post=16177"}],"wp:featuredmedia":[{"embeddable":true,"href":"https:\/\/veloaxe.com\/fr\/wp-json\/wp\/v2\/media\/16183"}],"wp:attachment":[{"href":"https:\/\/veloaxe.com\/fr\/wp-json\/wp\/v2\/media?parent=16177"}],"wp:term":[{"taxonomy":"product_brand","embeddable":true,"href":"https:\/\/veloaxe.com\/fr\/wp-json\/wp\/v2\/product_brand?post=16177"},{"taxonomy":"product_cat","embeddable":true,"href":"https:\/\/veloaxe.com\/fr\/wp-json\/wp\/v2\/product_cat?post=16177"},{"taxonomy":"product_tag","embeddable":true,"href":"https:\/\/veloaxe.com\/fr\/wp-json\/wp\/v2\/product_tag?post=16177"}],"curies":[{"name":"wp","href":"https:\/\/api.w.org\/{rel}","templated":true}]}}