{"id":16283,"date":"2024-06-08T12:05:48","date_gmt":"2024-06-08T12:05:48","guid":{"rendered":"https:\/\/veloaxe.com\/?post_type=product&#038;p=16283"},"modified":"2025-05-21T07:39:04","modified_gmt":"2025-05-21T07:39:04","slug":"alforja-basil-discovery-365d-l-20l","status":"publish","type":"product","link":"https:\/\/veloaxe.com\/fr\/produit\/alforja-basil-discovery-365d-l-20l\/","title":{"rendered":"ALFORJA BASIL DISCOVERY 365D L &#8211; 20L"},"content":{"rendered":"<p>Si buscas una alforja individual deportiva, ligera y compacta, \u00a1la alforja <strong>BASIL DISCOVERY 365D L<\/strong> es perfecta para ti! La bolsa negra est\u00e1 fabricada en poli\u00e9ster e incluye una funda impermeable para la lluvia. La alforja individual cabe en la parte trasera de su bicicleta y tiene una capacidad de 20 litros. Se puede enganchar f\u00e1cilmente a un bastidor mediante el sistema Hook-On. Adem\u00e1s, el bolso cuenta con mosquet\u00f3n para accesorios, bandolera extra\u00edble y llamativos detalles en azul verdoso. Gracias a su asa de transporte, la alforja <strong>BASIL DISCOVERY 365D L<\/strong> podr\u00e1 llevarse el bolso f\u00e1cilmente a las tiendas. La alforja tiene bolsillos con cremallera en la solapa y en la parte delantera, un pr\u00e1ctico cord\u00f3n para que tus cosas se mantengan en su sitio y pr\u00e1cticos bolsillos laterales el\u00e1sticos. Los reflectores en tres lados te hacen m\u00e1s visible en la oscuridad. Caracter\u00edsticas Ligero y compacto con un volumen de 9 litros Resistente al agua, incluye funda para la lluvia F\u00e1cil de enganchar al portaequipajes.<\/p>\n<p>Tama\u00f1o: 30 x 17 x 36 cm<br \/>\nModelo: Bolsa trasera<br \/>\nContenido (litros): 20<br \/>\nAdecuado para: bicicleta el\u00e9ctrica, bicicleta urbana, bicicleta de trekking urbana.<\/p>\n<p>&nbsp;<\/p>","protected":false},"excerpt":{"rendered":"<p>Si buscas una alforja individual deportiva, ligera y compacta, \u00a1la alforja BASIL DISCOVERY 365D L es perfecta para ti! La bolsa negra est\u00e1 fabricada en poli\u00e9ster e incluye una funda impermeable para la lluvia. La alforja individual cabe en la parte trasera de su bicicleta y tiene una capacidad de 20 litros. Se puede enganchar [&hellip;]<\/p>\n","protected":false},"featured_media":16269,"comment_status":"closed","ping_status":"closed","template":"","meta":[],"product_brand":[],"product_cat":[210,73],"product_tag":[],"class_list":{"0":"post-16283","1":"product","2":"type-product","3":"status-publish","4":"has-post-thumbnail","6":"product_cat-alforja-bicicleta","7":"product_cat-bicicleta-de-urbana","8":"product_shipping_class-no-bicicletas","10":"first","11":"instock","12":"sale","13":"shipping-taxable","14":"purchasable","15":"product-type-simple"},"yoast_head":"<!-- This site is optimized with the Yoast SEO plugin v27.6 - https:\/\/yoast.com\/product\/yoast-seo-wordpress\/ -->\n<title>BASIL DISCOVERY 365D L - 20 LITRO | VELOAXE<\/title>\n<meta name=\"description\" content=\"ALFORJA BASIL DISCOVERY 365D L - 20 LITRO | Gran selecci\u00f3n de alforja para bicicleta en tu web VELOAXE al mejor precio individual o doble.\" \/>\n<meta name=\"robots\" content=\"index, follow, max-snippet:-1, max-image-preview:large, max-video-preview:-1\" \/>\n<link rel=\"canonical\" href=\"https:\/\/veloaxe.com\/fr\/produit\/alforja-basil-discovery-365d-l-20l\/\" \/>\n<meta property=\"og:locale\" content=\"fr_FR\" \/>\n<meta property=\"og:type\" content=\"article\" \/>\n<meta property=\"og:title\" content=\"BASIL DISCOVERY 365D L - 20 LITRO | VELOAXE\" \/>\n<meta property=\"og:description\" content=\"ALFORJA BASIL DISCOVERY 365D L - 20 LITRO | Gran selecci\u00f3n de alforja para bicicleta en tu web VELOAXE al mejor precio individual o doble.\" \/>\n<meta property=\"og:url\" content=\"https:\/\/veloaxe.com\/fr\/produit\/alforja-basil-discovery-365d-l-20l\/\" \/>\n<meta property=\"og:site_name\" content=\"Tienda de bicicletas | VELOAXE\" \/>\n<meta property=\"article:publisher\" content=\"https:\/\/www.facebook.com\/veloaxe\" \/>\n<meta property=\"article:modified_time\" content=\"2025-05-21T07:39:04+00:00\" \/>\n<meta property=\"og:image\" content=\"https:\/\/veloaxe.com\/wp-content\/uploads\/2024\/06\/alforja-basil-discovery.jpg\" \/>\n\t<meta property=\"og:image:width\" content=\"756\" \/>\n\t<meta property=\"og:image:height\" content=\"756\" \/>\n\t<meta property=\"og:image:type\" content=\"image\/jpeg\" \/>\n<meta name=\"twitter:card\" content=\"summary_large_image\" \/>\n<meta name=\"twitter:label1\" content=\"Dur\u00e9e de lecture estim\u00e9e\" \/>\n\t<meta name=\"twitter:data1\" content=\"2 minutes\" \/>\n<script type=\"application\/ld+json\" class=\"yoast-schema-graph\">{\"@context\":\"https:\\\/\\\/schema.org\",\"@graph\":[{\"@type\":\"WebPage\",\"@id\":\"https:\\\/\\\/veloaxe.com\\\/producto\\\/alforja-basil-discovery-365d-l-20l\\\/\",\"url\":\"https:\\\/\\\/veloaxe.com\\\/producto\\\/alforja-basil-discovery-365d-l-20l\\\/\",\"name\":\"BASIL DISCOVERY 365D L - 20 LITRO | VELOAXE\",\"isPartOf\":{\"@id\":\"https:\\\/\\\/veloaxe.com\\\/#website\"},\"primaryImageOfPage\":{\"@id\":\"https:\\\/\\\/veloaxe.com\\\/producto\\\/alforja-basil-discovery-365d-l-20l\\\/#primaryimage\"},\"image\":{\"@id\":\"https:\\\/\\\/veloaxe.com\\\/producto\\\/alforja-basil-discovery-365d-l-20l\\\/#primaryimage\"},\"thumbnailUrl\":\"https:\\\/\\\/veloaxe.com\\\/wp-content\\\/uploads\\\/2024\\\/06\\\/alforja-basil-discovery.jpg\",\"datePublished\":\"2024-06-08T12:05:48+00:00\",\"dateModified\":\"2025-05-21T07:39:04+00:00\",\"description\":\"ALFORJA BASIL DISCOVERY 365D L - 20 LITRO | Gran selecci\u00f3n de alforja para bicicleta en tu web VELOAXE al mejor precio individual o doble.\",\"breadcrumb\":{\"@id\":\"https:\\\/\\\/veloaxe.com\\\/producto\\\/alforja-basil-discovery-365d-l-20l\\\/#breadcrumb\"},\"inLanguage\":\"fr-FR\",\"potentialAction\":[{\"@type\":\"ReadAction\",\"target\":[\"https:\\\/\\\/veloaxe.com\\\/producto\\\/alforja-basil-discovery-365d-l-20l\\\/\"]}]},{\"@type\":\"ImageObject\",\"inLanguage\":\"fr-FR\",\"@id\":\"https:\\\/\\\/veloaxe.com\\\/producto\\\/alforja-basil-discovery-365d-l-20l\\\/#primaryimage\",\"url\":\"https:\\\/\\\/veloaxe.com\\\/wp-content\\\/uploads\\\/2024\\\/06\\\/alforja-basil-discovery.jpg\",\"contentUrl\":\"https:\\\/\\\/veloaxe.com\\\/wp-content\\\/uploads\\\/2024\\\/06\\\/alforja-basil-discovery.jpg\",\"width\":756,\"height\":756,\"caption\":\"alforja-basil-discovery\"},{\"@type\":\"BreadcrumbList\",\"@id\":\"https:\\\/\\\/veloaxe.com\\\/producto\\\/alforja-basil-discovery-365d-l-20l\\\/#breadcrumb\",\"itemListElement\":[{\"@type\":\"ListItem\",\"position\":1,\"name\":\"Portada\",\"item\":\"https:\\\/\\\/paleturquoise-herring-271034.hostingersite.com\\\/\"},{\"@type\":\"ListItem\",\"position\":2,\"name\":\"Shop\",\"item\":\"https:\\\/\\\/paleturquoise-herring-271034.hostingersite.com\\\/shop\\\/\"},{\"@type\":\"ListItem\",\"position\":3,\"name\":\"ALFORJA BASIL DISCOVERY 365D L &#8211; 20L\"}]},{\"@type\":\"WebSite\",\"@id\":\"https:\\\/\\\/veloaxe.com\\\/#website\",\"url\":\"https:\\\/\\\/veloaxe.com\\\/\",\"name\":\"Tienda de bicicletas | VELOAXE\",\"description\":\"Descubre una amplia selecci\u00f3n de bicicletas de alta calidad, desde modelos urbanos y de monta\u00f1a hasta bicicletas de carretera de \u00faltima generaci\u00f3n. Con un servicio experto y accesorios especializados, estamos comprometidos a brindarte la mejor experiencia ciclista.\",\"publisher\":{\"@id\":\"https:\\\/\\\/veloaxe.com\\\/#organization\"},\"potentialAction\":[{\"@type\":\"SearchAction\",\"target\":{\"@type\":\"EntryPoint\",\"urlTemplate\":\"https:\\\/\\\/veloaxe.com\\\/?s={search_term_string}\"},\"query-input\":{\"@type\":\"PropertyValueSpecification\",\"valueRequired\":true,\"valueName\":\"search_term_string\"}}],\"inLanguage\":\"fr-FR\"},{\"@type\":\"Organization\",\"@id\":\"https:\\\/\\\/veloaxe.com\\\/#organization\",\"name\":\"Tienda de bicicletas | VELOAXE\",\"url\":\"https:\\\/\\\/veloaxe.com\\\/\",\"logo\":{\"@type\":\"ImageObject\",\"inLanguage\":\"fr-FR\",\"@id\":\"https:\\\/\\\/veloaxe.com\\\/#\\\/schema\\\/logo\\\/image\\\/\",\"url\":\"https:\\\/\\\/veloaxe.com\\\/wp-content\\\/uploads\\\/2026\\\/01\\\/cropped-logo-1.jpg\",\"contentUrl\":\"https:\\\/\\\/veloaxe.com\\\/wp-content\\\/uploads\\\/2026\\\/01\\\/cropped-logo-1.jpg\",\"width\":1273,\"height\":363,\"caption\":\"Tienda de bicicletas | VELOAXE\"},\"image\":{\"@id\":\"https:\\\/\\\/veloaxe.com\\\/#\\\/schema\\\/logo\\\/image\\\/\"},\"sameAs\":[\"https:\\\/\\\/www.facebook.com\\\/veloaxe\"]}]}<\/script>\n<!-- \/ Yoast SEO plugin. -->","yoast_head_json":{"title":"BASIL DISCOVERY 365D L - 20 LITRO | VELOAXE","description":"ALFORJA BASIL DISCOVERY 365D L - 20 LITRO | Gran selecci\u00f3n de alforja para bicicleta en tu web VELOAXE al mejor precio individual o doble.","robots":{"index":"index","follow":"follow","max-snippet":"max-snippet:-1","max-image-preview":"max-image-preview:large","max-video-preview":"max-video-preview:-1"},"canonical":"https:\/\/veloaxe.com\/fr\/produit\/alforja-basil-discovery-365d-l-20l\/","og_locale":"fr_FR","og_type":"article","og_title":"BASIL DISCOVERY 365D L - 20 LITRO | VELOAXE","og_description":"ALFORJA BASIL DISCOVERY 365D L - 20 LITRO | Gran selecci\u00f3n de alforja para bicicleta en tu web VELOAXE al mejor precio individual o doble.","og_url":"https:\/\/veloaxe.com\/fr\/produit\/alforja-basil-discovery-365d-l-20l\/","og_site_name":"Tienda de bicicletas | VELOAXE","article_publisher":"https:\/\/www.facebook.com\/veloaxe","article_modified_time":"2025-05-21T07:39:04+00:00","og_image":[{"width":756,"height":756,"url":"https:\/\/veloaxe.com\/wp-content\/uploads\/2024\/06\/alforja-basil-discovery.jpg","type":"image\/jpeg"}],"twitter_card":"summary_large_image","twitter_misc":{"Dur\u00e9e de lecture estim\u00e9e":"2 minutes"},"schema":{"@context":"https:\/\/schema.org","@graph":[{"@type":"WebPage","@id":"https:\/\/veloaxe.com\/producto\/alforja-basil-discovery-365d-l-20l\/","url":"https:\/\/veloaxe.com\/producto\/alforja-basil-discovery-365d-l-20l\/","name":"BASIL DISCOVERY 365D L - 20 LITRO | VELOAXE","isPartOf":{"@id":"https:\/\/veloaxe.com\/#website"},"primaryImageOfPage":{"@id":"https:\/\/veloaxe.com\/producto\/alforja-basil-discovery-365d-l-20l\/#primaryimage"},"image":{"@id":"https:\/\/veloaxe.com\/producto\/alforja-basil-discovery-365d-l-20l\/#primaryimage"},"thumbnailUrl":"https:\/\/veloaxe.com\/wp-content\/uploads\/2024\/06\/alforja-basil-discovery.jpg","datePublished":"2024-06-08T12:05:48+00:00","dateModified":"2025-05-21T07:39:04+00:00","description":"ALFORJA BASIL DISCOVERY 365D L - 20 LITRO | Gran selecci\u00f3n de alforja para bicicleta en tu web VELOAXE al mejor precio individual o doble.","breadcrumb":{"@id":"https:\/\/veloaxe.com\/producto\/alforja-basil-discovery-365d-l-20l\/#breadcrumb"},"inLanguage":"fr-FR","potentialAction":[{"@type":"ReadAction","target":["https:\/\/veloaxe.com\/producto\/alforja-basil-discovery-365d-l-20l\/"]}]},{"@type":"ImageObject","inLanguage":"fr-FR","@id":"https:\/\/veloaxe.com\/producto\/alforja-basil-discovery-365d-l-20l\/#primaryimage","url":"https:\/\/veloaxe.com\/wp-content\/uploads\/2024\/06\/alforja-basil-discovery.jpg","contentUrl":"https:\/\/veloaxe.com\/wp-content\/uploads\/2024\/06\/alforja-basil-discovery.jpg","width":756,"height":756,"caption":"alforja-basil-discovery"},{"@type":"BreadcrumbList","@id":"https:\/\/veloaxe.com\/producto\/alforja-basil-discovery-365d-l-20l\/#breadcrumb","itemListElement":[{"@type":"ListItem","position":1,"name":"Portada","item":"https:\/\/paleturquoise-herring-271034.hostingersite.com\/"},{"@type":"ListItem","position":2,"name":"Shop","item":"https:\/\/paleturquoise-herring-271034.hostingersite.com\/shop\/"},{"@type":"ListItem","position":3,"name":"ALFORJA BASIL DISCOVERY 365D L &#8211; 20L"}]},{"@type":"WebSite","@id":"https:\/\/veloaxe.com\/#website","url":"https:\/\/veloaxe.com\/","name":"Boutique de v\u00e9lo en ligne | VELOAXE","description":"Descubre una amplia selecci\u00f3n de bicicletas de alta calidad, desde modelos urbanos y de monta\u00f1a hasta bicicletas de carretera de \u00faltima generaci\u00f3n. Con un servicio experto y accesorios especializados, estamos comprometidos a brindarte la mejor experiencia ciclista.","publisher":{"@id":"https:\/\/veloaxe.com\/#organization"},"potentialAction":[{"@type":"SearchAction","target":{"@type":"EntryPoint","urlTemplate":"https:\/\/veloaxe.com\/?s={search_term_string}"},"query-input":{"@type":"PropertyValueSpecification","valueRequired":true,"valueName":"search_term_string"}}],"inLanguage":"fr-FR"},{"@type":"Organization","@id":"https:\/\/veloaxe.com\/#organization","name":"Boutique de v\u00e9lo en ligne | VELOAXE","url":"https:\/\/veloaxe.com\/","logo":{"@type":"ImageObject","inLanguage":"fr-FR","@id":"https:\/\/veloaxe.com\/#\/schema\/logo\/image\/","url":"https:\/\/veloaxe.com\/wp-content\/uploads\/2026\/01\/cropped-logo-1.jpg","contentUrl":"https:\/\/veloaxe.com\/wp-content\/uploads\/2026\/01\/cropped-logo-1.jpg","width":1273,"height":363,"caption":"Tienda de bicicletas | VELOAXE"},"image":{"@id":"https:\/\/veloaxe.com\/#\/schema\/logo\/image\/"},"sameAs":["https:\/\/www.facebook.com\/veloaxe"]}]}},"_links":{"self":[{"href":"https:\/\/veloaxe.com\/fr\/wp-json\/wp\/v2\/product\/16283","targetHints":{"allow":["GET"]}}],"collection":[{"href":"https:\/\/veloaxe.com\/fr\/wp-json\/wp\/v2\/product"}],"about":[{"href":"https:\/\/veloaxe.com\/fr\/wp-json\/wp\/v2\/types\/product"}],"replies":[{"embeddable":true,"href":"https:\/\/veloaxe.com\/fr\/wp-json\/wp\/v2\/comments?post=16283"}],"wp:featuredmedia":[{"embeddable":true,"href":"https:\/\/veloaxe.com\/fr\/wp-json\/wp\/v2\/media\/16269"}],"wp:attachment":[{"href":"https:\/\/veloaxe.com\/fr\/wp-json\/wp\/v2\/media?parent=16283"}],"wp:term":[{"taxonomy":"product_brand","embeddable":true,"href":"https:\/\/veloaxe.com\/fr\/wp-json\/wp\/v2\/product_brand?post=16283"},{"taxonomy":"product_cat","embeddable":true,"href":"https:\/\/veloaxe.com\/fr\/wp-json\/wp\/v2\/product_cat?post=16283"},{"taxonomy":"product_tag","embeddable":true,"href":"https:\/\/veloaxe.com\/fr\/wp-json\/wp\/v2\/product_tag?post=16283"}],"curies":[{"name":"wp","href":"https:\/\/api.w.org\/{rel}","templated":true}]}}