{"id":16309,"date":"2024-06-12T08:04:55","date_gmt":"2024-06-12T08:04:55","guid":{"rendered":"https:\/\/veloaxe.com\/?post_type=product&#038;p=16309"},"modified":"2025-05-21T07:25:59","modified_gmt":"2025-05-21T07:25:59","slug":"alforja-basil-go-doble-32l","status":"publish","type":"product","link":"https:\/\/veloaxe.com\/fr\/produit\/alforja-basil-go-doble-32l\/","title":{"rendered":"ALFORJA BASIL GO DOBLE 32L"},"content":{"rendered":"<p>La<strong>\u00a0Basil GO DOBLE<\/strong>, viene en negro cl\u00e1sico y es el billete perfecto para los ciclistas que buscan mucho espacio de almacenamiento cuando est\u00e1n en movimiento. Ya sea un paseo en bicicleta con amigos o un viaje al supermercado, aqu\u00ed tienes mucho espacio para una larga lista de art\u00edculos esenciales. La bolsa en s\u00ed se puede cerrar con llave, lo que significa que su contenido estar\u00e1 bien protegido mientras viaja, mientras que el cable de conexi\u00f3n mantiene ambos hemisferios de la bolsa unidos. El dise\u00f1o innovador de esta bolsa permite acoplar otros extras en la parte trasera de la bicicleta, incluidos asientos para ni\u00f1os y otros accesorios para portabeb\u00e9s. Los bolsillos laterales ofrecen espacio de almacenamiento adicional para botellas de bebidas y paraguas, con una capacidad total disponible de 32 litros.<\/p>\n<p>Esta<strong>\u00a0BASIL GO DOBLE<\/strong> se fija f\u00e1cilmente al portaequipajes de su bicicleta, incluidas las bicicletas el\u00e9ctricas. El bolso doble Basil GO tambi\u00e9n est\u00e1 disponible en azul denim si buscas un color alternativo. \u00bfTienes curiosidad por combinar alforjas y otros accesorios brillantes de Basil? Explore la colecci\u00f3n completa en l\u00ednea hoy. Caracter\u00edsticas: Los detalles reflectantes proporcionan una mayor visibilidad. Los bolsillos laterales el\u00e1sticos brindan almacenamiento secundario para art\u00edculos m\u00e1s peque\u00f1os.<\/p>","protected":false},"excerpt":{"rendered":"<p>La\u00a0Basil GO DOBLE, viene en negro cl\u00e1sico y es el billete perfecto para los ciclistas que buscan mucho espacio de almacenamiento cuando est\u00e1n en movimiento. Ya sea un paseo en bicicleta con amigos o un viaje al supermercado, aqu\u00ed tienes mucho espacio para una larga lista de art\u00edculos esenciales. La bolsa en s\u00ed se puede [&hellip;]<\/p>\n","protected":false},"featured_media":16310,"comment_status":"closed","ping_status":"closed","template":"","meta":[],"product_brand":[],"product_cat":[210,73],"product_tag":[],"class_list":{"0":"post-16309","1":"product","2":"type-product","3":"status-publish","4":"has-post-thumbnail","6":"product_cat-alforja-bicicleta","7":"product_cat-bicicleta-de-urbana","8":"product_shipping_class-no-bicicletas","10":"first","11":"instock","12":"sale","13":"shipping-taxable","14":"purchasable","15":"product-type-simple"},"yoast_head":"<!-- This site is optimized with the Yoast SEO plugin v27.6 - https:\/\/yoast.com\/product\/yoast-seo-wordpress\/ -->\n<title>BASIL GO DOBLE - 32 LITRO | VELOAXE<\/title>\n<meta name=\"description\" content=\"BASIL GO DOBLE 32L NEGRO | Gran selecci\u00f3n de alforja para bicicleta en tu web VELOAXE al mejor precio individual o doble.\" \/>\n<meta name=\"robots\" content=\"index, follow, max-snippet:-1, max-image-preview:large, max-video-preview:-1\" \/>\n<link rel=\"canonical\" href=\"https:\/\/veloaxe.com\/fr\/produit\/alforja-basil-go-doble-32l\/\" \/>\n<meta property=\"og:locale\" content=\"fr_FR\" \/>\n<meta property=\"og:type\" content=\"article\" \/>\n<meta property=\"og:title\" content=\"BASIL GO DOBLE - 32 LITRO | VELOAXE\" \/>\n<meta property=\"og:description\" content=\"BASIL GO DOBLE 32L NEGRO | Gran selecci\u00f3n de alforja para bicicleta en tu web VELOAXE al mejor precio individual o doble.\" \/>\n<meta property=\"og:url\" content=\"https:\/\/veloaxe.com\/fr\/produit\/alforja-basil-go-doble-32l\/\" \/>\n<meta property=\"og:site_name\" content=\"Tienda de bicicletas | VELOAXE\" \/>\n<meta property=\"article:publisher\" content=\"https:\/\/www.facebook.com\/veloaxe\" \/>\n<meta property=\"article:modified_time\" content=\"2025-05-21T07:25:59+00:00\" \/>\n<meta property=\"og:image\" content=\"https:\/\/veloaxe.com\/wp-content\/uploads\/2024\/06\/alforja-basil-go.webp\" \/>\n\t<meta property=\"og:image:width\" content=\"1000\" \/>\n\t<meta property=\"og:image:height\" content=\"1000\" \/>\n\t<meta property=\"og:image:type\" content=\"image\/webp\" \/>\n<meta name=\"twitter:card\" content=\"summary_large_image\" \/>\n<meta name=\"twitter:label1\" content=\"Dur\u00e9e de lecture estim\u00e9e\" \/>\n\t<meta name=\"twitter:data1\" content=\"2 minutes\" \/>\n<script type=\"application\/ld+json\" class=\"yoast-schema-graph\">{\"@context\":\"https:\\\/\\\/schema.org\",\"@graph\":[{\"@type\":\"WebPage\",\"@id\":\"https:\\\/\\\/veloaxe.com\\\/producto\\\/alforja-basil-go-doble-32l\\\/\",\"url\":\"https:\\\/\\\/veloaxe.com\\\/producto\\\/alforja-basil-go-doble-32l\\\/\",\"name\":\"BASIL GO DOBLE - 32 LITRO | VELOAXE\",\"isPartOf\":{\"@id\":\"https:\\\/\\\/veloaxe.com\\\/#website\"},\"primaryImageOfPage\":{\"@id\":\"https:\\\/\\\/veloaxe.com\\\/producto\\\/alforja-basil-go-doble-32l\\\/#primaryimage\"},\"image\":{\"@id\":\"https:\\\/\\\/veloaxe.com\\\/producto\\\/alforja-basil-go-doble-32l\\\/#primaryimage\"},\"thumbnailUrl\":\"https:\\\/\\\/veloaxe.com\\\/wp-content\\\/uploads\\\/2024\\\/06\\\/alforja-basil-go.webp\",\"datePublished\":\"2024-06-12T08:04:55+00:00\",\"dateModified\":\"2025-05-21T07:25:59+00:00\",\"description\":\"BASIL GO DOBLE 32L NEGRO | Gran selecci\u00f3n de alforja para bicicleta en tu web VELOAXE al mejor precio individual o doble.\",\"breadcrumb\":{\"@id\":\"https:\\\/\\\/veloaxe.com\\\/producto\\\/alforja-basil-go-doble-32l\\\/#breadcrumb\"},\"inLanguage\":\"fr-FR\",\"potentialAction\":[{\"@type\":\"ReadAction\",\"target\":[\"https:\\\/\\\/veloaxe.com\\\/producto\\\/alforja-basil-go-doble-32l\\\/\"]}]},{\"@type\":\"ImageObject\",\"inLanguage\":\"fr-FR\",\"@id\":\"https:\\\/\\\/veloaxe.com\\\/producto\\\/alforja-basil-go-doble-32l\\\/#primaryimage\",\"url\":\"https:\\\/\\\/veloaxe.com\\\/wp-content\\\/uploads\\\/2024\\\/06\\\/alforja-basil-go.webp\",\"contentUrl\":\"https:\\\/\\\/veloaxe.com\\\/wp-content\\\/uploads\\\/2024\\\/06\\\/alforja-basil-go.webp\",\"width\":1000,\"height\":1000,\"caption\":\"alforja-basil-go\"},{\"@type\":\"BreadcrumbList\",\"@id\":\"https:\\\/\\\/veloaxe.com\\\/producto\\\/alforja-basil-go-doble-32l\\\/#breadcrumb\",\"itemListElement\":[{\"@type\":\"ListItem\",\"position\":1,\"name\":\"Portada\",\"item\":\"https:\\\/\\\/paleturquoise-herring-271034.hostingersite.com\\\/\"},{\"@type\":\"ListItem\",\"position\":2,\"name\":\"Shop\",\"item\":\"https:\\\/\\\/paleturquoise-herring-271034.hostingersite.com\\\/shop\\\/\"},{\"@type\":\"ListItem\",\"position\":3,\"name\":\"ALFORJA BASIL GO DOBLE 32L\"}]},{\"@type\":\"WebSite\",\"@id\":\"https:\\\/\\\/veloaxe.com\\\/#website\",\"url\":\"https:\\\/\\\/veloaxe.com\\\/\",\"name\":\"Tienda de bicicletas | VELOAXE\",\"description\":\"Descubre una amplia selecci\u00f3n de bicicletas de alta calidad, desde modelos urbanos y de monta\u00f1a hasta bicicletas de carretera de \u00faltima generaci\u00f3n. Con un servicio experto y accesorios especializados, estamos comprometidos a brindarte la mejor experiencia ciclista.\",\"publisher\":{\"@id\":\"https:\\\/\\\/veloaxe.com\\\/#organization\"},\"potentialAction\":[{\"@type\":\"SearchAction\",\"target\":{\"@type\":\"EntryPoint\",\"urlTemplate\":\"https:\\\/\\\/veloaxe.com\\\/?s={search_term_string}\"},\"query-input\":{\"@type\":\"PropertyValueSpecification\",\"valueRequired\":true,\"valueName\":\"search_term_string\"}}],\"inLanguage\":\"fr-FR\"},{\"@type\":\"Organization\",\"@id\":\"https:\\\/\\\/veloaxe.com\\\/#organization\",\"name\":\"Tienda de bicicletas | VELOAXE\",\"url\":\"https:\\\/\\\/veloaxe.com\\\/\",\"logo\":{\"@type\":\"ImageObject\",\"inLanguage\":\"fr-FR\",\"@id\":\"https:\\\/\\\/veloaxe.com\\\/#\\\/schema\\\/logo\\\/image\\\/\",\"url\":\"https:\\\/\\\/veloaxe.com\\\/wp-content\\\/uploads\\\/2026\\\/01\\\/cropped-logo-1.jpg\",\"contentUrl\":\"https:\\\/\\\/veloaxe.com\\\/wp-content\\\/uploads\\\/2026\\\/01\\\/cropped-logo-1.jpg\",\"width\":1273,\"height\":363,\"caption\":\"Tienda de bicicletas | VELOAXE\"},\"image\":{\"@id\":\"https:\\\/\\\/veloaxe.com\\\/#\\\/schema\\\/logo\\\/image\\\/\"},\"sameAs\":[\"https:\\\/\\\/www.facebook.com\\\/veloaxe\"]}]}<\/script>\n<!-- \/ Yoast SEO plugin. -->","yoast_head_json":{"title":"BASIL GO DOBLE - 32 LITRO | VELOAXE","description":"BASIL GO DOBLE 32L NEGRO | Gran selecci\u00f3n de alforja para bicicleta en tu web VELOAXE al mejor precio individual o doble.","robots":{"index":"index","follow":"follow","max-snippet":"max-snippet:-1","max-image-preview":"max-image-preview:large","max-video-preview":"max-video-preview:-1"},"canonical":"https:\/\/veloaxe.com\/fr\/produit\/alforja-basil-go-doble-32l\/","og_locale":"fr_FR","og_type":"article","og_title":"BASIL GO DOBLE - 32 LITRO | VELOAXE","og_description":"BASIL GO DOBLE 32L NEGRO | Gran selecci\u00f3n de alforja para bicicleta en tu web VELOAXE al mejor precio individual o doble.","og_url":"https:\/\/veloaxe.com\/fr\/produit\/alforja-basil-go-doble-32l\/","og_site_name":"Tienda de bicicletas | VELOAXE","article_publisher":"https:\/\/www.facebook.com\/veloaxe","article_modified_time":"2025-05-21T07:25:59+00:00","og_image":[{"width":1000,"height":1000,"url":"https:\/\/veloaxe.com\/wp-content\/uploads\/2024\/06\/alforja-basil-go.webp","type":"image\/webp"}],"twitter_card":"summary_large_image","twitter_misc":{"Dur\u00e9e de lecture estim\u00e9e":"2 minutes"},"schema":{"@context":"https:\/\/schema.org","@graph":[{"@type":"WebPage","@id":"https:\/\/veloaxe.com\/producto\/alforja-basil-go-doble-32l\/","url":"https:\/\/veloaxe.com\/producto\/alforja-basil-go-doble-32l\/","name":"BASIL GO DOBLE - 32 LITRO | VELOAXE","isPartOf":{"@id":"https:\/\/veloaxe.com\/#website"},"primaryImageOfPage":{"@id":"https:\/\/veloaxe.com\/producto\/alforja-basil-go-doble-32l\/#primaryimage"},"image":{"@id":"https:\/\/veloaxe.com\/producto\/alforja-basil-go-doble-32l\/#primaryimage"},"thumbnailUrl":"https:\/\/veloaxe.com\/wp-content\/uploads\/2024\/06\/alforja-basil-go.webp","datePublished":"2024-06-12T08:04:55+00:00","dateModified":"2025-05-21T07:25:59+00:00","description":"BASIL GO DOBLE 32L NEGRO | Gran selecci\u00f3n de alforja para bicicleta en tu web VELOAXE al mejor precio individual o doble.","breadcrumb":{"@id":"https:\/\/veloaxe.com\/producto\/alforja-basil-go-doble-32l\/#breadcrumb"},"inLanguage":"fr-FR","potentialAction":[{"@type":"ReadAction","target":["https:\/\/veloaxe.com\/producto\/alforja-basil-go-doble-32l\/"]}]},{"@type":"ImageObject","inLanguage":"fr-FR","@id":"https:\/\/veloaxe.com\/producto\/alforja-basil-go-doble-32l\/#primaryimage","url":"https:\/\/veloaxe.com\/wp-content\/uploads\/2024\/06\/alforja-basil-go.webp","contentUrl":"https:\/\/veloaxe.com\/wp-content\/uploads\/2024\/06\/alforja-basil-go.webp","width":1000,"height":1000,"caption":"alforja-basil-go"},{"@type":"BreadcrumbList","@id":"https:\/\/veloaxe.com\/producto\/alforja-basil-go-doble-32l\/#breadcrumb","itemListElement":[{"@type":"ListItem","position":1,"name":"Portada","item":"https:\/\/paleturquoise-herring-271034.hostingersite.com\/"},{"@type":"ListItem","position":2,"name":"Shop","item":"https:\/\/paleturquoise-herring-271034.hostingersite.com\/shop\/"},{"@type":"ListItem","position":3,"name":"ALFORJA BASIL GO DOBLE 32L"}]},{"@type":"WebSite","@id":"https:\/\/veloaxe.com\/#website","url":"https:\/\/veloaxe.com\/","name":"Boutique de v\u00e9lo en ligne | VELOAXE","description":"Descubre una amplia selecci\u00f3n de bicicletas de alta calidad, desde modelos urbanos y de monta\u00f1a hasta bicicletas de carretera de \u00faltima generaci\u00f3n. Con un servicio experto y accesorios especializados, estamos comprometidos a brindarte la mejor experiencia ciclista.","publisher":{"@id":"https:\/\/veloaxe.com\/#organization"},"potentialAction":[{"@type":"SearchAction","target":{"@type":"EntryPoint","urlTemplate":"https:\/\/veloaxe.com\/?s={search_term_string}"},"query-input":{"@type":"PropertyValueSpecification","valueRequired":true,"valueName":"search_term_string"}}],"inLanguage":"fr-FR"},{"@type":"Organization","@id":"https:\/\/veloaxe.com\/#organization","name":"Boutique de v\u00e9lo en ligne | VELOAXE","url":"https:\/\/veloaxe.com\/","logo":{"@type":"ImageObject","inLanguage":"fr-FR","@id":"https:\/\/veloaxe.com\/#\/schema\/logo\/image\/","url":"https:\/\/veloaxe.com\/wp-content\/uploads\/2026\/01\/cropped-logo-1.jpg","contentUrl":"https:\/\/veloaxe.com\/wp-content\/uploads\/2026\/01\/cropped-logo-1.jpg","width":1273,"height":363,"caption":"Tienda de bicicletas | VELOAXE"},"image":{"@id":"https:\/\/veloaxe.com\/#\/schema\/logo\/image\/"},"sameAs":["https:\/\/www.facebook.com\/veloaxe"]}]}},"_links":{"self":[{"href":"https:\/\/veloaxe.com\/fr\/wp-json\/wp\/v2\/product\/16309","targetHints":{"allow":["GET"]}}],"collection":[{"href":"https:\/\/veloaxe.com\/fr\/wp-json\/wp\/v2\/product"}],"about":[{"href":"https:\/\/veloaxe.com\/fr\/wp-json\/wp\/v2\/types\/product"}],"replies":[{"embeddable":true,"href":"https:\/\/veloaxe.com\/fr\/wp-json\/wp\/v2\/comments?post=16309"}],"wp:featuredmedia":[{"embeddable":true,"href":"https:\/\/veloaxe.com\/fr\/wp-json\/wp\/v2\/media\/16310"}],"wp:attachment":[{"href":"https:\/\/veloaxe.com\/fr\/wp-json\/wp\/v2\/media?parent=16309"}],"wp:term":[{"taxonomy":"product_brand","embeddable":true,"href":"https:\/\/veloaxe.com\/fr\/wp-json\/wp\/v2\/product_brand?post=16309"},{"taxonomy":"product_cat","embeddable":true,"href":"https:\/\/veloaxe.com\/fr\/wp-json\/wp\/v2\/product_cat?post=16309"},{"taxonomy":"product_tag","embeddable":true,"href":"https:\/\/veloaxe.com\/fr\/wp-json\/wp\/v2\/product_tag?post=16309"}],"curies":[{"name":"wp","href":"https:\/\/api.w.org\/{rel}","templated":true}]}}