{"id":16321,"date":"2024-06-12T08:39:37","date_gmt":"2024-06-12T08:39:37","guid":{"rendered":"https:\/\/veloaxe.com\/?post_type=product&#038;p=16321"},"modified":"2025-05-21T07:17:40","modified_gmt":"2025-05-21T07:17:40","slug":"alforja-basil-go-16l-gris","status":"publish","type":"product","link":"https:\/\/veloaxe.com\/fr\/producto\/alforja-basil-go-16l-gris\/","title":{"rendered":"ALFORJA BASIL GO 16L &#8211; GRIS"},"content":{"rendered":"<p><strong>Alforja individual Basil Go<\/strong> es ideal para personas que disfrutan de la vida en movimiento. Esta bolsa, que se adapta f\u00e1cilmente a su bicicleta mediante el sistema de enganche, ofrece todo el almacenamiento que necesitar\u00e1 para sus aventuras diarias en su bicicleta. Los materiales de calidad garantizan que este bolso sea una opci\u00f3n resistente, mientras que el espacioso interior brinda toda la capacidad que necesita para las necesidades diarias. El compartimento principal se cierra herm\u00e9ticamente con un cord\u00f3n, lo que le brinda un acceso r\u00e1pido y f\u00e1cil a sus art\u00edculos.<\/p>\n<p>Adecuado para usar con todo tipo de portaequipajes, incluidas bicicletas el\u00e9ctricas, es una opci\u00f3n incre\u00edblemente vers\u00e1til. Una generosa capacidad de 16 litros y c\u00f3modas asas significan que puedes coger este bolso de compras y llev\u00e1rtelo contigo una vez que hayas cerrado tu bicicleta, llen\u00e1ndolo de cosas mientras compras, antes de volver a tu bicicleta m\u00e1s tarde. \u00bfBuscas m\u00e1s accesorios incre\u00edbles? Navegue en l\u00ednea hoy para ver qu\u00e9 otras delicias le esperan de la colecci\u00f3n <strong>Basil Go<\/strong>. Tiene una selecci\u00f3n de fundas para sillas de montar y otros accesorios interesantes, sin mencionar las variedades de tama\u00f1o doble de este bolso de compras esencial.<\/p>\n<p>Tama\u00f1o: 14 x 28 x 31 cm<br \/>\nVolumen: 16 litros<br \/>\nModelo: Bolsa trasera<br \/>\nBolsa doble o simple: Simple<br \/>\nAdecuado para: bicicleta el\u00e9ctrica, bicicleta urbana, bicicleta de trekking urbana.<\/p>","protected":false},"excerpt":{"rendered":"<p>Alforja individual Basil Go es ideal para personas que disfrutan de la vida en movimiento. Esta bolsa, que se adapta f\u00e1cilmente a su bicicleta mediante el sistema de enganche, ofrece todo el almacenamiento que necesitar\u00e1 para sus aventuras diarias en su bicicleta. Los materiales de calidad garantizan que este bolso sea una opci\u00f3n resistente, mientras [&hellip;]<\/p>\n","protected":false},"featured_media":16322,"comment_status":"closed","ping_status":"closed","template":"","meta":[],"product_brand":[],"product_cat":[210,73],"product_tag":[],"class_list":{"0":"post-16321","1":"product","2":"type-product","3":"status-publish","4":"has-post-thumbnail","6":"product_cat-alforja-bicicleta","7":"product_cat-bicicleta-de-urbana","8":"product_shipping_class-no-bicicletas","10":"first","11":"instock","12":"sale","13":"shipping-taxable","14":"purchasable","15":"product-type-simple"},"yoast_head":"<!-- This site is optimized with the Yoast SEO plugin v27.6 - https:\/\/yoast.com\/product\/yoast-seo-wordpress\/ -->\n<title>ALFORJA BASIL GO - 16 LITRO - GRIS | VELOAXE<\/title>\n<meta name=\"description\" content=\"ALFORJA BASIL GO 16L GRIS | Gran selecci\u00f3n de alforja BASIL para bicicleta en tu web VELOAXE al mejor precio individual o doble.\" \/>\n<meta name=\"robots\" content=\"index, follow, max-snippet:-1, max-image-preview:large, max-video-preview:-1\" \/>\n<link rel=\"canonical\" href=\"https:\/\/veloaxe.com\/fr\/produit\/alforja-basil-go-16l-gris\/\" \/>\n<meta property=\"og:locale\" content=\"fr_FR\" \/>\n<meta property=\"og:type\" content=\"article\" \/>\n<meta property=\"og:title\" content=\"ALFORJA BASIL GO - 16 LITRO - GRIS | VELOAXE\" \/>\n<meta property=\"og:description\" content=\"ALFORJA BASIL GO 16L GRIS | Gran selecci\u00f3n de alforja BASIL para bicicleta en tu web VELOAXE al mejor precio individual o doble.\" \/>\n<meta property=\"og:url\" content=\"https:\/\/veloaxe.com\/fr\/produit\/alforja-basil-go-16l-gris\/\" \/>\n<meta property=\"og:site_name\" content=\"Tienda de bicicletas | VELOAXE\" \/>\n<meta property=\"article:publisher\" content=\"https:\/\/www.facebook.com\/veloaxe\" \/>\n<meta property=\"article:modified_time\" content=\"2025-05-21T07:17:40+00:00\" \/>\n<meta property=\"og:image\" content=\"https:\/\/veloaxe.com\/wp-content\/uploads\/2024\/06\/alforja-basil-go-gris.jpg\" \/>\n\t<meta property=\"og:image:width\" content=\"756\" \/>\n\t<meta property=\"og:image:height\" content=\"756\" \/>\n\t<meta property=\"og:image:type\" content=\"image\/jpeg\" \/>\n<meta name=\"twitter:card\" content=\"summary_large_image\" \/>\n<meta name=\"twitter:label1\" content=\"Dur\u00e9e de lecture estim\u00e9e\" \/>\n\t<meta name=\"twitter:data1\" content=\"2 minutes\" \/>\n<script type=\"application\/ld+json\" class=\"yoast-schema-graph\">{\"@context\":\"https:\\\/\\\/schema.org\",\"@graph\":[{\"@type\":\"WebPage\",\"@id\":\"https:\\\/\\\/veloaxe.com\\\/producto\\\/alforja-basil-go-16l-gris\\\/\",\"url\":\"https:\\\/\\\/veloaxe.com\\\/producto\\\/alforja-basil-go-16l-gris\\\/\",\"name\":\"ALFORJA BASIL GO - 16 LITRO - GRIS | VELOAXE\",\"isPartOf\":{\"@id\":\"https:\\\/\\\/veloaxe.com\\\/#website\"},\"primaryImageOfPage\":{\"@id\":\"https:\\\/\\\/veloaxe.com\\\/producto\\\/alforja-basil-go-16l-gris\\\/#primaryimage\"},\"image\":{\"@id\":\"https:\\\/\\\/veloaxe.com\\\/producto\\\/alforja-basil-go-16l-gris\\\/#primaryimage\"},\"thumbnailUrl\":\"https:\\\/\\\/veloaxe.com\\\/wp-content\\\/uploads\\\/2024\\\/06\\\/alforja-basil-go-gris.jpg\",\"datePublished\":\"2024-06-12T08:39:37+00:00\",\"dateModified\":\"2025-05-21T07:17:40+00:00\",\"description\":\"ALFORJA BASIL GO 16L GRIS | Gran selecci\u00f3n de alforja BASIL para bicicleta en tu web VELOAXE al mejor precio individual o doble.\",\"breadcrumb\":{\"@id\":\"https:\\\/\\\/veloaxe.com\\\/producto\\\/alforja-basil-go-16l-gris\\\/#breadcrumb\"},\"inLanguage\":\"fr-FR\",\"potentialAction\":[{\"@type\":\"ReadAction\",\"target\":[\"https:\\\/\\\/veloaxe.com\\\/producto\\\/alforja-basil-go-16l-gris\\\/\"]}]},{\"@type\":\"ImageObject\",\"inLanguage\":\"fr-FR\",\"@id\":\"https:\\\/\\\/veloaxe.com\\\/producto\\\/alforja-basil-go-16l-gris\\\/#primaryimage\",\"url\":\"https:\\\/\\\/veloaxe.com\\\/wp-content\\\/uploads\\\/2024\\\/06\\\/alforja-basil-go-gris.jpg\",\"contentUrl\":\"https:\\\/\\\/veloaxe.com\\\/wp-content\\\/uploads\\\/2024\\\/06\\\/alforja-basil-go-gris.jpg\",\"width\":756,\"height\":756,\"caption\":\"alforja-basil-go-gris\"},{\"@type\":\"BreadcrumbList\",\"@id\":\"https:\\\/\\\/veloaxe.com\\\/producto\\\/alforja-basil-go-16l-gris\\\/#breadcrumb\",\"itemListElement\":[{\"@type\":\"ListItem\",\"position\":1,\"name\":\"Portada\",\"item\":\"https:\\\/\\\/veloaxe.com\\\/\"},{\"@type\":\"ListItem\",\"position\":2,\"name\":\"Shop\",\"item\":\"https:\\\/\\\/paleturquoise-herring-271034.hostingersite.com\\\/shop\\\/\"},{\"@type\":\"ListItem\",\"position\":3,\"name\":\"ALFORJA BASIL GO 16L &#8211; GRIS\"}]},{\"@type\":\"WebSite\",\"@id\":\"https:\\\/\\\/veloaxe.com\\\/#website\",\"url\":\"https:\\\/\\\/veloaxe.com\\\/\",\"name\":\"Tienda de bicicletas | VELOAXE\",\"description\":\"Descubre una amplia selecci\u00f3n de bicicletas de alta calidad, desde modelos urbanos y de monta\u00f1a hasta bicicletas de carretera de \u00faltima generaci\u00f3n. Con un servicio experto y accesorios especializados, estamos comprometidos a brindarte la mejor experiencia ciclista.\",\"publisher\":{\"@id\":\"https:\\\/\\\/veloaxe.com\\\/#organization\"},\"potentialAction\":[{\"@type\":\"SearchAction\",\"target\":{\"@type\":\"EntryPoint\",\"urlTemplate\":\"https:\\\/\\\/veloaxe.com\\\/?s={search_term_string}\"},\"query-input\":{\"@type\":\"PropertyValueSpecification\",\"valueRequired\":true,\"valueName\":\"search_term_string\"}}],\"inLanguage\":\"fr-FR\"},{\"@type\":\"Organization\",\"@id\":\"https:\\\/\\\/veloaxe.com\\\/#organization\",\"name\":\"Tienda de bicicletas | VELOAXE\",\"url\":\"https:\\\/\\\/veloaxe.com\\\/\",\"logo\":{\"@type\":\"ImageObject\",\"inLanguage\":\"fr-FR\",\"@id\":\"https:\\\/\\\/veloaxe.com\\\/#\\\/schema\\\/logo\\\/image\\\/\",\"url\":\"https:\\\/\\\/veloaxe.com\\\/wp-content\\\/uploads\\\/2026\\\/01\\\/cropped-logo-1.jpg\",\"contentUrl\":\"https:\\\/\\\/veloaxe.com\\\/wp-content\\\/uploads\\\/2026\\\/01\\\/cropped-logo-1.jpg\",\"width\":1273,\"height\":363,\"caption\":\"Tienda de bicicletas | VELOAXE\"},\"image\":{\"@id\":\"https:\\\/\\\/veloaxe.com\\\/#\\\/schema\\\/logo\\\/image\\\/\"},\"sameAs\":[\"https:\\\/\\\/www.facebook.com\\\/veloaxe\"]}]}<\/script>\n<!-- \/ Yoast SEO plugin. -->","yoast_head_json":{"title":"ALFORJA BASIL GO - 16 LITRO - GRIS | VELOAXE","description":"ALFORJA BASIL GO 16L GRIS | Gran selecci\u00f3n de alforja BASIL para bicicleta en tu web VELOAXE al mejor precio individual o doble.","robots":{"index":"index","follow":"follow","max-snippet":"max-snippet:-1","max-image-preview":"max-image-preview:large","max-video-preview":"max-video-preview:-1"},"canonical":"https:\/\/veloaxe.com\/fr\/produit\/alforja-basil-go-16l-gris\/","og_locale":"fr_FR","og_type":"article","og_title":"ALFORJA BASIL GO - 16 LITRO - GRIS | VELOAXE","og_description":"ALFORJA BASIL GO 16L GRIS | Gran selecci\u00f3n de alforja BASIL para bicicleta en tu web VELOAXE al mejor precio individual o doble.","og_url":"https:\/\/veloaxe.com\/fr\/produit\/alforja-basil-go-16l-gris\/","og_site_name":"Tienda de bicicletas | VELOAXE","article_publisher":"https:\/\/www.facebook.com\/veloaxe","article_modified_time":"2025-05-21T07:17:40+00:00","og_image":[{"width":756,"height":756,"url":"https:\/\/veloaxe.com\/wp-content\/uploads\/2024\/06\/alforja-basil-go-gris.jpg","type":"image\/jpeg"}],"twitter_card":"summary_large_image","twitter_misc":{"Dur\u00e9e de lecture estim\u00e9e":"2 minutes"},"schema":{"@context":"https:\/\/schema.org","@graph":[{"@type":"WebPage","@id":"https:\/\/veloaxe.com\/producto\/alforja-basil-go-16l-gris\/","url":"https:\/\/veloaxe.com\/producto\/alforja-basil-go-16l-gris\/","name":"ALFORJA BASIL GO - 16 LITRO - GRIS | VELOAXE","isPartOf":{"@id":"https:\/\/veloaxe.com\/#website"},"primaryImageOfPage":{"@id":"https:\/\/veloaxe.com\/producto\/alforja-basil-go-16l-gris\/#primaryimage"},"image":{"@id":"https:\/\/veloaxe.com\/producto\/alforja-basil-go-16l-gris\/#primaryimage"},"thumbnailUrl":"https:\/\/veloaxe.com\/wp-content\/uploads\/2024\/06\/alforja-basil-go-gris.jpg","datePublished":"2024-06-12T08:39:37+00:00","dateModified":"2025-05-21T07:17:40+00:00","description":"ALFORJA BASIL GO 16L GRIS | Gran selecci\u00f3n de alforja BASIL para bicicleta en tu web VELOAXE al mejor precio individual o doble.","breadcrumb":{"@id":"https:\/\/veloaxe.com\/producto\/alforja-basil-go-16l-gris\/#breadcrumb"},"inLanguage":"fr-FR","potentialAction":[{"@type":"ReadAction","target":["https:\/\/veloaxe.com\/producto\/alforja-basil-go-16l-gris\/"]}]},{"@type":"ImageObject","inLanguage":"fr-FR","@id":"https:\/\/veloaxe.com\/producto\/alforja-basil-go-16l-gris\/#primaryimage","url":"https:\/\/veloaxe.com\/wp-content\/uploads\/2024\/06\/alforja-basil-go-gris.jpg","contentUrl":"https:\/\/veloaxe.com\/wp-content\/uploads\/2024\/06\/alforja-basil-go-gris.jpg","width":756,"height":756,"caption":"alforja-basil-go-gris"},{"@type":"BreadcrumbList","@id":"https:\/\/veloaxe.com\/producto\/alforja-basil-go-16l-gris\/#breadcrumb","itemListElement":[{"@type":"ListItem","position":1,"name":"Portada","item":"https:\/\/veloaxe.com\/"},{"@type":"ListItem","position":2,"name":"Shop","item":"https:\/\/paleturquoise-herring-271034.hostingersite.com\/shop\/"},{"@type":"ListItem","position":3,"name":"ALFORJA BASIL GO 16L &#8211; GRIS"}]},{"@type":"WebSite","@id":"https:\/\/veloaxe.com\/#website","url":"https:\/\/veloaxe.com\/","name":"Boutique de v\u00e9lo en ligne | VELOAXE","description":"Descubre una amplia selecci\u00f3n de bicicletas de alta calidad, desde modelos urbanos y de monta\u00f1a hasta bicicletas de carretera de \u00faltima generaci\u00f3n. Con un servicio experto y accesorios especializados, estamos comprometidos a brindarte la mejor experiencia ciclista.","publisher":{"@id":"https:\/\/veloaxe.com\/#organization"},"potentialAction":[{"@type":"SearchAction","target":{"@type":"EntryPoint","urlTemplate":"https:\/\/veloaxe.com\/?s={search_term_string}"},"query-input":{"@type":"PropertyValueSpecification","valueRequired":true,"valueName":"search_term_string"}}],"inLanguage":"fr-FR"},{"@type":"Organization","@id":"https:\/\/veloaxe.com\/#organization","name":"Boutique de v\u00e9lo en ligne | VELOAXE","url":"https:\/\/veloaxe.com\/","logo":{"@type":"ImageObject","inLanguage":"fr-FR","@id":"https:\/\/veloaxe.com\/#\/schema\/logo\/image\/","url":"https:\/\/veloaxe.com\/wp-content\/uploads\/2026\/01\/cropped-logo-1.jpg","contentUrl":"https:\/\/veloaxe.com\/wp-content\/uploads\/2026\/01\/cropped-logo-1.jpg","width":1273,"height":363,"caption":"Tienda de bicicletas | VELOAXE"},"image":{"@id":"https:\/\/veloaxe.com\/#\/schema\/logo\/image\/"},"sameAs":["https:\/\/www.facebook.com\/veloaxe"]}]}},"_links":{"self":[{"href":"https:\/\/veloaxe.com\/fr\/wp-json\/wp\/v2\/product\/16321","targetHints":{"allow":["GET"]}}],"collection":[{"href":"https:\/\/veloaxe.com\/fr\/wp-json\/wp\/v2\/product"}],"about":[{"href":"https:\/\/veloaxe.com\/fr\/wp-json\/wp\/v2\/types\/product"}],"replies":[{"embeddable":true,"href":"https:\/\/veloaxe.com\/fr\/wp-json\/wp\/v2\/comments?post=16321"}],"wp:featuredmedia":[{"embeddable":true,"href":"https:\/\/veloaxe.com\/fr\/wp-json\/wp\/v2\/media\/16322"}],"wp:attachment":[{"href":"https:\/\/veloaxe.com\/fr\/wp-json\/wp\/v2\/media?parent=16321"}],"wp:term":[{"taxonomy":"product_brand","embeddable":true,"href":"https:\/\/veloaxe.com\/fr\/wp-json\/wp\/v2\/product_brand?post=16321"},{"taxonomy":"product_cat","embeddable":true,"href":"https:\/\/veloaxe.com\/fr\/wp-json\/wp\/v2\/product_cat?post=16321"},{"taxonomy":"product_tag","embeddable":true,"href":"https:\/\/veloaxe.com\/fr\/wp-json\/wp\/v2\/product_tag?post=16321"}],"curies":[{"name":"wp","href":"https:\/\/api.w.org\/{rel}","templated":true}]}}