{"id":16471,"date":"2024-06-27T05:27:50","date_gmt":"2024-06-27T05:27:50","guid":{"rendered":"https:\/\/veloaxe.com\/?post_type=product&#038;p=16471"},"modified":"2025-05-19T08:02:30","modified_gmt":"2025-05-19T08:02:30","slug":"esponja-microcelulas-expansiva-muc-off","status":"publish","type":"product","link":"https:\/\/veloaxe.com\/fr\/produit\/esponja-microcelulas-expansiva-muc-off\/","title":{"rendered":"ESPONJA MICROCELULAS EXPANSIVA MUC-OFF"},"content":{"rendered":"<p>La <strong>esponja microcelulas expansiva MUC-OFF<\/strong> est\u00e1 contorneada con una forma ergon\u00f3mica para una m\u00e1xima comodidad y facilidad de uso. Tambi\u00e9n la hemos envasado al vac\u00edo para que ocupe menos espacio y para utilizar menos materiales de embalaje. Sin embargo, no te preocupes, una vez que hayas abierto nuestra esponja rosa perfecta, se expande en un tama\u00f1o f\u00e1cil de usar, apto para bicicletas y ruedas.<\/p>","protected":false},"excerpt":{"rendered":"<p>La esponja microcelulas expansiva MUC-OFF est\u00e1 contorneada con una forma ergon\u00f3mica para una m\u00e1xima comodidad y facilidad de uso. Tambi\u00e9n la hemos envasado al vac\u00edo para que ocupe menos espacio y para utilizar menos materiales de embalaje. Sin embargo, no te preocupes, una vez que hayas abierto nuestra esponja rosa perfecta, se expande en un [&hellip;]<\/p>\n","protected":false},"featured_media":16472,"comment_status":"closed","ping_status":"closed","template":"","meta":[],"product_brand":[],"product_cat":[121,122],"product_tag":[],"class_list":{"0":"post-16471","1":"product","2":"type-product","3":"status-publish","4":"has-post-thumbnail","6":"product_cat-limpiador-y-desengrasante-para-bicicleta","7":"product_cat-limpiador-y-desengrasante-de-bicicleta","8":"product_shipping_class-no-bicicletas","10":"first","11":"instock","12":"sale","13":"shipping-taxable","14":"purchasable","15":"product-type-simple"},"yoast_head":"<!-- This site is optimized with the Yoast SEO plugin v27.6 - https:\/\/yoast.com\/product\/yoast-seo-wordpress\/ -->\n<title>ESPONJA MICROCELULAS EXPANSIVA MUC-OFF | VELOAXE<\/title>\n<meta name=\"description\" content=\"ESPONJA MICROCELULAS EXPANSIVA MUC-OFF - Productos de la marca MUC-OFF los puedes encontrar aqu\u00ed. Cepillo o producto de mantenimiento para tu bicicleta.\" \/>\n<meta name=\"robots\" content=\"index, follow, max-snippet:-1, max-image-preview:large, max-video-preview:-1\" \/>\n<link rel=\"canonical\" href=\"https:\/\/veloaxe.com\/fr\/produit\/esponja-microcelulas-expansiva-muc-off\/\" \/>\n<meta property=\"og:locale\" content=\"fr_FR\" \/>\n<meta property=\"og:type\" content=\"article\" \/>\n<meta property=\"og:title\" content=\"ESPONJA MICROCELULAS EXPANSIVA MUC-OFF | VELOAXE\" \/>\n<meta property=\"og:description\" content=\"ESPONJA MICROCELULAS EXPANSIVA MUC-OFF - Productos de la marca MUC-OFF los puedes encontrar aqu\u00ed. Cepillo o producto de mantenimiento para tu bicicleta.\" \/>\n<meta property=\"og:url\" content=\"https:\/\/veloaxe.com\/fr\/produit\/esponja-microcelulas-expansiva-muc-off\/\" \/>\n<meta property=\"og:site_name\" content=\"Tienda de bicicletas | VELOAXE\" \/>\n<meta property=\"article:publisher\" content=\"https:\/\/www.facebook.com\/veloaxe\" \/>\n<meta property=\"article:modified_time\" content=\"2025-05-19T08:02:30+00:00\" \/>\n<meta property=\"og:image\" content=\"https:\/\/veloaxe.com\/wp-content\/uploads\/2024\/06\/esponja-microcelula-muc-off.webp\" \/>\n\t<meta property=\"og:image:width\" content=\"1000\" \/>\n\t<meta property=\"og:image:height\" content=\"1000\" \/>\n\t<meta property=\"og:image:type\" content=\"image\/webp\" \/>\n<meta name=\"twitter:card\" content=\"summary_large_image\" \/>\n<meta name=\"twitter:label1\" content=\"Dur\u00e9e de lecture estim\u00e9e\" \/>\n\t<meta name=\"twitter:data1\" content=\"1 minute\" \/>\n<script type=\"application\/ld+json\" class=\"yoast-schema-graph\">{\"@context\":\"https:\\\/\\\/schema.org\",\"@graph\":[{\"@type\":\"WebPage\",\"@id\":\"https:\\\/\\\/veloaxe.com\\\/producto\\\/esponja-microcelulas-expansiva-muc-off\\\/\",\"url\":\"https:\\\/\\\/veloaxe.com\\\/producto\\\/esponja-microcelulas-expansiva-muc-off\\\/\",\"name\":\"ESPONJA MICROCELULAS EXPANSIVA MUC-OFF | VELOAXE\",\"isPartOf\":{\"@id\":\"https:\\\/\\\/veloaxe.com\\\/#website\"},\"primaryImageOfPage\":{\"@id\":\"https:\\\/\\\/veloaxe.com\\\/producto\\\/esponja-microcelulas-expansiva-muc-off\\\/#primaryimage\"},\"image\":{\"@id\":\"https:\\\/\\\/veloaxe.com\\\/producto\\\/esponja-microcelulas-expansiva-muc-off\\\/#primaryimage\"},\"thumbnailUrl\":\"https:\\\/\\\/veloaxe.com\\\/wp-content\\\/uploads\\\/2024\\\/06\\\/esponja-microcelula-muc-off.webp\",\"datePublished\":\"2024-06-27T05:27:50+00:00\",\"dateModified\":\"2025-05-19T08:02:30+00:00\",\"description\":\"ESPONJA MICROCELULAS EXPANSIVA MUC-OFF - Productos de la marca MUC-OFF los puedes encontrar aqu\u00ed. Cepillo o producto de mantenimiento para tu bicicleta.\",\"breadcrumb\":{\"@id\":\"https:\\\/\\\/veloaxe.com\\\/producto\\\/esponja-microcelulas-expansiva-muc-off\\\/#breadcrumb\"},\"inLanguage\":\"fr-FR\",\"potentialAction\":[{\"@type\":\"ReadAction\",\"target\":[\"https:\\\/\\\/veloaxe.com\\\/producto\\\/esponja-microcelulas-expansiva-muc-off\\\/\"]}]},{\"@type\":\"ImageObject\",\"inLanguage\":\"fr-FR\",\"@id\":\"https:\\\/\\\/veloaxe.com\\\/producto\\\/esponja-microcelulas-expansiva-muc-off\\\/#primaryimage\",\"url\":\"https:\\\/\\\/veloaxe.com\\\/wp-content\\\/uploads\\\/2024\\\/06\\\/esponja-microcelula-muc-off.webp\",\"contentUrl\":\"https:\\\/\\\/veloaxe.com\\\/wp-content\\\/uploads\\\/2024\\\/06\\\/esponja-microcelula-muc-off.webp\",\"width\":1000,\"height\":1000,\"caption\":\"esponja-microcelulas-muc-off\"},{\"@type\":\"BreadcrumbList\",\"@id\":\"https:\\\/\\\/veloaxe.com\\\/producto\\\/esponja-microcelulas-expansiva-muc-off\\\/#breadcrumb\",\"itemListElement\":[{\"@type\":\"ListItem\",\"position\":1,\"name\":\"Portada\",\"item\":\"https:\\\/\\\/paleturquoise-herring-271034.hostingersite.com\\\/\"},{\"@type\":\"ListItem\",\"position\":2,\"name\":\"Shop\",\"item\":\"https:\\\/\\\/paleturquoise-herring-271034.hostingersite.com\\\/shop\\\/\"},{\"@type\":\"ListItem\",\"position\":3,\"name\":\"ESPONJA MICROCELULAS EXPANSIVA MUC-OFF\"}]},{\"@type\":\"WebSite\",\"@id\":\"https:\\\/\\\/veloaxe.com\\\/#website\",\"url\":\"https:\\\/\\\/veloaxe.com\\\/\",\"name\":\"Tienda de bicicletas | VELOAXE\",\"description\":\"Descubre una amplia selecci\u00f3n de bicicletas de alta calidad, desde modelos urbanos y de monta\u00f1a hasta bicicletas de carretera de \u00faltima generaci\u00f3n. Con un servicio experto y accesorios especializados, estamos comprometidos a brindarte la mejor experiencia ciclista.\",\"publisher\":{\"@id\":\"https:\\\/\\\/veloaxe.com\\\/#organization\"},\"potentialAction\":[{\"@type\":\"SearchAction\",\"target\":{\"@type\":\"EntryPoint\",\"urlTemplate\":\"https:\\\/\\\/veloaxe.com\\\/?s={search_term_string}\"},\"query-input\":{\"@type\":\"PropertyValueSpecification\",\"valueRequired\":true,\"valueName\":\"search_term_string\"}}],\"inLanguage\":\"fr-FR\"},{\"@type\":\"Organization\",\"@id\":\"https:\\\/\\\/veloaxe.com\\\/#organization\",\"name\":\"Tienda de bicicletas | VELOAXE\",\"url\":\"https:\\\/\\\/veloaxe.com\\\/\",\"logo\":{\"@type\":\"ImageObject\",\"inLanguage\":\"fr-FR\",\"@id\":\"https:\\\/\\\/veloaxe.com\\\/#\\\/schema\\\/logo\\\/image\\\/\",\"url\":\"https:\\\/\\\/veloaxe.com\\\/wp-content\\\/uploads\\\/2026\\\/01\\\/cropped-logo-1.jpg\",\"contentUrl\":\"https:\\\/\\\/veloaxe.com\\\/wp-content\\\/uploads\\\/2026\\\/01\\\/cropped-logo-1.jpg\",\"width\":1273,\"height\":363,\"caption\":\"Tienda de bicicletas | VELOAXE\"},\"image\":{\"@id\":\"https:\\\/\\\/veloaxe.com\\\/#\\\/schema\\\/logo\\\/image\\\/\"},\"sameAs\":[\"https:\\\/\\\/www.facebook.com\\\/veloaxe\"]}]}<\/script>\n<!-- \/ Yoast SEO plugin. -->","yoast_head_json":{"title":"ESPONJA MICROCELULAS EXPANSIVA MUC-OFF | VELOAXE","description":"ESPONJA MICROCELULAS EXPANSIVA MUC-OFF - Productos de la marca MUC-OFF los puedes encontrar aqu\u00ed. Cepillo o producto de mantenimiento para tu bicicleta.","robots":{"index":"index","follow":"follow","max-snippet":"max-snippet:-1","max-image-preview":"max-image-preview:large","max-video-preview":"max-video-preview:-1"},"canonical":"https:\/\/veloaxe.com\/fr\/produit\/esponja-microcelulas-expansiva-muc-off\/","og_locale":"fr_FR","og_type":"article","og_title":"ESPONJA MICROCELULAS EXPANSIVA MUC-OFF | VELOAXE","og_description":"ESPONJA MICROCELULAS EXPANSIVA MUC-OFF - Productos de la marca MUC-OFF los puedes encontrar aqu\u00ed. Cepillo o producto de mantenimiento para tu bicicleta.","og_url":"https:\/\/veloaxe.com\/fr\/produit\/esponja-microcelulas-expansiva-muc-off\/","og_site_name":"Tienda de bicicletas | VELOAXE","article_publisher":"https:\/\/www.facebook.com\/veloaxe","article_modified_time":"2025-05-19T08:02:30+00:00","og_image":[{"width":1000,"height":1000,"url":"https:\/\/veloaxe.com\/wp-content\/uploads\/2024\/06\/esponja-microcelula-muc-off.webp","type":"image\/webp"}],"twitter_card":"summary_large_image","twitter_misc":{"Dur\u00e9e de lecture estim\u00e9e":"1 minute"},"schema":{"@context":"https:\/\/schema.org","@graph":[{"@type":"WebPage","@id":"https:\/\/veloaxe.com\/producto\/esponja-microcelulas-expansiva-muc-off\/","url":"https:\/\/veloaxe.com\/producto\/esponja-microcelulas-expansiva-muc-off\/","name":"ESPONJA MICROCELULAS EXPANSIVA MUC-OFF | VELOAXE","isPartOf":{"@id":"https:\/\/veloaxe.com\/#website"},"primaryImageOfPage":{"@id":"https:\/\/veloaxe.com\/producto\/esponja-microcelulas-expansiva-muc-off\/#primaryimage"},"image":{"@id":"https:\/\/veloaxe.com\/producto\/esponja-microcelulas-expansiva-muc-off\/#primaryimage"},"thumbnailUrl":"https:\/\/veloaxe.com\/wp-content\/uploads\/2024\/06\/esponja-microcelula-muc-off.webp","datePublished":"2024-06-27T05:27:50+00:00","dateModified":"2025-05-19T08:02:30+00:00","description":"ESPONJA MICROCELULAS EXPANSIVA MUC-OFF - Productos de la marca MUC-OFF los puedes encontrar aqu\u00ed. Cepillo o producto de mantenimiento para tu bicicleta.","breadcrumb":{"@id":"https:\/\/veloaxe.com\/producto\/esponja-microcelulas-expansiva-muc-off\/#breadcrumb"},"inLanguage":"fr-FR","potentialAction":[{"@type":"ReadAction","target":["https:\/\/veloaxe.com\/producto\/esponja-microcelulas-expansiva-muc-off\/"]}]},{"@type":"ImageObject","inLanguage":"fr-FR","@id":"https:\/\/veloaxe.com\/producto\/esponja-microcelulas-expansiva-muc-off\/#primaryimage","url":"https:\/\/veloaxe.com\/wp-content\/uploads\/2024\/06\/esponja-microcelula-muc-off.webp","contentUrl":"https:\/\/veloaxe.com\/wp-content\/uploads\/2024\/06\/esponja-microcelula-muc-off.webp","width":1000,"height":1000,"caption":"esponja-microcelulas-muc-off"},{"@type":"BreadcrumbList","@id":"https:\/\/veloaxe.com\/producto\/esponja-microcelulas-expansiva-muc-off\/#breadcrumb","itemListElement":[{"@type":"ListItem","position":1,"name":"Portada","item":"https:\/\/paleturquoise-herring-271034.hostingersite.com\/"},{"@type":"ListItem","position":2,"name":"Shop","item":"https:\/\/paleturquoise-herring-271034.hostingersite.com\/shop\/"},{"@type":"ListItem","position":3,"name":"ESPONJA MICROCELULAS EXPANSIVA MUC-OFF"}]},{"@type":"WebSite","@id":"https:\/\/veloaxe.com\/#website","url":"https:\/\/veloaxe.com\/","name":"Boutique de v\u00e9lo en ligne | VELOAXE","description":"Descubre una amplia selecci\u00f3n de bicicletas de alta calidad, desde modelos urbanos y de monta\u00f1a hasta bicicletas de carretera de \u00faltima generaci\u00f3n. Con un servicio experto y accesorios especializados, estamos comprometidos a brindarte la mejor experiencia ciclista.","publisher":{"@id":"https:\/\/veloaxe.com\/#organization"},"potentialAction":[{"@type":"SearchAction","target":{"@type":"EntryPoint","urlTemplate":"https:\/\/veloaxe.com\/?s={search_term_string}"},"query-input":{"@type":"PropertyValueSpecification","valueRequired":true,"valueName":"search_term_string"}}],"inLanguage":"fr-FR"},{"@type":"Organization","@id":"https:\/\/veloaxe.com\/#organization","name":"Boutique de v\u00e9lo en ligne | VELOAXE","url":"https:\/\/veloaxe.com\/","logo":{"@type":"ImageObject","inLanguage":"fr-FR","@id":"https:\/\/veloaxe.com\/#\/schema\/logo\/image\/","url":"https:\/\/veloaxe.com\/wp-content\/uploads\/2026\/01\/cropped-logo-1.jpg","contentUrl":"https:\/\/veloaxe.com\/wp-content\/uploads\/2026\/01\/cropped-logo-1.jpg","width":1273,"height":363,"caption":"Tienda de bicicletas | VELOAXE"},"image":{"@id":"https:\/\/veloaxe.com\/#\/schema\/logo\/image\/"},"sameAs":["https:\/\/www.facebook.com\/veloaxe"]}]}},"_links":{"self":[{"href":"https:\/\/veloaxe.com\/fr\/wp-json\/wp\/v2\/product\/16471","targetHints":{"allow":["GET"]}}],"collection":[{"href":"https:\/\/veloaxe.com\/fr\/wp-json\/wp\/v2\/product"}],"about":[{"href":"https:\/\/veloaxe.com\/fr\/wp-json\/wp\/v2\/types\/product"}],"replies":[{"embeddable":true,"href":"https:\/\/veloaxe.com\/fr\/wp-json\/wp\/v2\/comments?post=16471"}],"wp:featuredmedia":[{"embeddable":true,"href":"https:\/\/veloaxe.com\/fr\/wp-json\/wp\/v2\/media\/16472"}],"wp:attachment":[{"href":"https:\/\/veloaxe.com\/fr\/wp-json\/wp\/v2\/media?parent=16471"}],"wp:term":[{"taxonomy":"product_brand","embeddable":true,"href":"https:\/\/veloaxe.com\/fr\/wp-json\/wp\/v2\/product_brand?post=16471"},{"taxonomy":"product_cat","embeddable":true,"href":"https:\/\/veloaxe.com\/fr\/wp-json\/wp\/v2\/product_cat?post=16471"},{"taxonomy":"product_tag","embeddable":true,"href":"https:\/\/veloaxe.com\/fr\/wp-json\/wp\/v2\/product_tag?post=16471"}],"curies":[{"name":"wp","href":"https:\/\/api.w.org\/{rel}","templated":true}]}}