{"id":16476,"date":"2024-06-27T11:36:30","date_gmt":"2024-06-27T11:36:30","guid":{"rendered":"https:\/\/veloaxe.com\/?post_type=product&#038;p=16476"},"modified":"2025-05-19T07:54:39","modified_gmt":"2025-05-19T07:54:39","slug":"limpiador-para-bicicletas-concentrado-muc-off-5l","status":"publish","type":"product","link":"https:\/\/veloaxe.com\/fr\/producto\/limpiador-para-bicicletas-concentrado-muc-off-5l\/","title":{"rendered":"LIMPIADOR PARA BICICLETAS CONCENTRADO MUC-OFF &#8211; 5L"},"content":{"rendered":"<p>Para Bici o Motocicleta, para rellenar su limpiador Nano-Tech.<\/p>\n<p>\u00a1El Limpiador para bicicletas Concentrado MUC-OFF ha llegado! \u00a1As\u00ed es; nuestro implacable equipo de I+D ha hecho que nuestro Nano Tech Limpiador para bicicletas sea mucho mejor creando un pr\u00e1ctico recambio Concentrado! \u00a1Es el mismo limpiador premiado pero en forma concentrada!<\/p>\n<p>Cada 5L Concentrado se mezclar\u00e1 con agua para obtener hasta 20 litros de Limpiador para bicicletas.<\/p>\n<p>Reutilizar es incluso mejor para el medio ambiente que reciclar, y eso es lo que hace que Limpiador para bicicletas Concentrado sea tan sorprendente. Cada bolsa de Limpiador para bicicletas Concentrado utiliza un 89% menos de envases que el equivalente a 2 botellas de 1 litro Muc-Off Limpiador para bicicletas . As\u00ed que no tires tu vieja botella de Limpiador para bicicletas ; gu\u00e1rdala y salva el planeta. La cosa se pone a\u00fan mejor. \u00a1El Limpiador para bicicletas Concentrado tambi\u00e9n puede ser utilizado como un potente desengrasante en su forma Concentrado y realmente funciona como un encanto en Muc-Off&#8217;s X-3 Dirty Chain Machine! \u00bfC\u00f3mo es eso de la multiplicidad de usos?<\/p>\n<p>En caso de que te lo preguntes, Limpiador para bicicletas Concentrado es seguro para usar en el cuadro de tu bicicleta, Horquillas, cascos, amortiguadores, manillares, pu\u00f1os, asientos, puntos de giro, llantas, ruedas, radios, bujes, Frenos de disco, Suspensi\u00f3n piezas, engranajes\/pi\u00f1ones, aluminio, metal anodizado, pintura, cromo, fibra de carbono, acero, pl\u00e1sticos, compuestos, calcoman\u00edas y caucho. Si utiliza Limpiador para bicicletas Concentrado como desengrasante, simplemente apl\u00edquelo directamente en la zona de la cadena de transmisi\u00f3n directamente desde la bolsa. Deje actuar durante unos 30 segundos antes de agitar la zona con un cepillo y aclarar con agua dulce.<\/p>","protected":false},"excerpt":{"rendered":"<p>Para Bici o Motocicleta, para rellenar su limpiador Nano-Tech. \u00a1El Limpiador para bicicletas Concentrado MUC-OFF ha llegado! \u00a1As\u00ed es; nuestro implacable equipo de I+D ha hecho que nuestro Nano Tech Limpiador para bicicletas sea mucho mejor creando un pr\u00e1ctico recambio Concentrado! \u00a1Es el mismo limpiador premiado pero en forma concentrada! Cada 5L Concentrado se mezclar\u00e1 [&hellip;]<\/p>\n","protected":false},"featured_media":16477,"comment_status":"closed","ping_status":"closed","template":"","meta":[],"product_brand":[],"product_cat":[121,122],"product_tag":[],"class_list":{"0":"post-16476","1":"product","2":"type-product","3":"status-publish","4":"has-post-thumbnail","6":"product_cat-limpiador-y-desengrasante-para-bicicleta","7":"product_cat-limpiador-y-desengrasante-de-bicicleta","8":"product_shipping_class-no-bicicletas","10":"first","11":"instock","12":"sale","13":"shipping-taxable","14":"purchasable","15":"product-type-simple"},"yoast_head":"<!-- This site is optimized with the Yoast SEO plugin v27.6 - https:\/\/yoast.com\/product\/yoast-seo-wordpress\/ -->\n<title>LIMPIADOR PARA BICICLETAS CONCENTRADO MUC-OFF 5L<\/title>\n<meta name=\"description\" content=\"LIMPIADOR PARA BICICLETAS CONCENTRADO MUC-OFF 5L - Productos de la marca MUC-OFF los puedes encontrar aqu\u00ed. Cepillo o producto de mantenimiento.\" \/>\n<meta name=\"robots\" content=\"index, follow, max-snippet:-1, max-image-preview:large, max-video-preview:-1\" \/>\n<link rel=\"canonical\" href=\"https:\/\/paleturquoise-herring-271034.hostingersite.com\/producto\/limpiador-para-bicicletas-concentrado-muc-off-5l\/\" \/>\n<meta property=\"og:locale\" content=\"fr_FR\" \/>\n<meta property=\"og:type\" content=\"article\" \/>\n<meta property=\"og:title\" content=\"LIMPIADOR PARA BICICLETAS CONCENTRADO MUC-OFF 5L\" \/>\n<meta property=\"og:description\" content=\"LIMPIADOR PARA BICICLETAS CONCENTRADO MUC-OFF 5L - Productos de la marca MUC-OFF los puedes encontrar aqu\u00ed. Cepillo o producto de mantenimiento.\" \/>\n<meta property=\"og:url\" content=\"https:\/\/paleturquoise-herring-271034.hostingersite.com\/producto\/limpiador-para-bicicletas-concentrado-muc-off-5l\/\" \/>\n<meta property=\"og:site_name\" content=\"Tienda de bicicletas | VELOAXE\" \/>\n<meta property=\"article:publisher\" content=\"https:\/\/www.facebook.com\/veloaxe\" \/>\n<meta property=\"article:modified_time\" content=\"2025-05-19T07:54:39+00:00\" \/>\n<meta property=\"og:image\" content=\"https:\/\/paleturquoise-herring-271034.hostingersite.com\/wp-content\/uploads\/2024\/06\/limpiador-bicicletas-concentrado-muc-off.webp\" \/>\n\t<meta property=\"og:image:width\" content=\"1000\" \/>\n\t<meta property=\"og:image:height\" content=\"1000\" \/>\n\t<meta property=\"og:image:type\" content=\"image\/webp\" \/>\n<meta name=\"twitter:card\" content=\"summary_large_image\" \/>\n<meta name=\"twitter:label1\" content=\"Dur\u00e9e de lecture estim\u00e9e\" \/>\n\t<meta name=\"twitter:data1\" content=\"2 minutes\" \/>\n<script type=\"application\/ld+json\" class=\"yoast-schema-graph\">{\"@context\":\"https:\\\/\\\/schema.org\",\"@graph\":[{\"@type\":\"WebPage\",\"@id\":\"https:\\\/\\\/paleturquoise-herring-271034.hostingersite.com\\\/producto\\\/limpiador-para-bicicletas-concentrado-muc-off-5l\\\/\",\"url\":\"https:\\\/\\\/paleturquoise-herring-271034.hostingersite.com\\\/producto\\\/limpiador-para-bicicletas-concentrado-muc-off-5l\\\/\",\"name\":\"LIMPIADOR PARA BICICLETAS CONCENTRADO MUC-OFF 5L\",\"isPartOf\":{\"@id\":\"https:\\\/\\\/veloaxe.com\\\/#website\"},\"primaryImageOfPage\":{\"@id\":\"https:\\\/\\\/paleturquoise-herring-271034.hostingersite.com\\\/producto\\\/limpiador-para-bicicletas-concentrado-muc-off-5l\\\/#primaryimage\"},\"image\":{\"@id\":\"https:\\\/\\\/paleturquoise-herring-271034.hostingersite.com\\\/producto\\\/limpiador-para-bicicletas-concentrado-muc-off-5l\\\/#primaryimage\"},\"thumbnailUrl\":\"https:\\\/\\\/veloaxe.com\\\/wp-content\\\/uploads\\\/2024\\\/06\\\/limpiador-bicicletas-concentrado-muc-off.webp\",\"datePublished\":\"2024-06-27T11:36:30+00:00\",\"dateModified\":\"2025-05-19T07:54:39+00:00\",\"description\":\"LIMPIADOR PARA BICICLETAS CONCENTRADO MUC-OFF 5L - Productos de la marca MUC-OFF los puedes encontrar aqu\u00ed. Cepillo o producto de mantenimiento.\",\"breadcrumb\":{\"@id\":\"https:\\\/\\\/paleturquoise-herring-271034.hostingersite.com\\\/producto\\\/limpiador-para-bicicletas-concentrado-muc-off-5l\\\/#breadcrumb\"},\"inLanguage\":\"fr-FR\",\"potentialAction\":[{\"@type\":\"ReadAction\",\"target\":[\"https:\\\/\\\/paleturquoise-herring-271034.hostingersite.com\\\/producto\\\/limpiador-para-bicicletas-concentrado-muc-off-5l\\\/\"]}]},{\"@type\":\"ImageObject\",\"inLanguage\":\"fr-FR\",\"@id\":\"https:\\\/\\\/paleturquoise-herring-271034.hostingersite.com\\\/producto\\\/limpiador-para-bicicletas-concentrado-muc-off-5l\\\/#primaryimage\",\"url\":\"https:\\\/\\\/veloaxe.com\\\/wp-content\\\/uploads\\\/2024\\\/06\\\/limpiador-bicicletas-concentrado-muc-off.webp\",\"contentUrl\":\"https:\\\/\\\/veloaxe.com\\\/wp-content\\\/uploads\\\/2024\\\/06\\\/limpiador-bicicletas-concentrado-muc-off.webp\",\"width\":1000,\"height\":1000,\"caption\":\"limpiador-bicicletas-concentrado-muc-off\"},{\"@type\":\"BreadcrumbList\",\"@id\":\"https:\\\/\\\/paleturquoise-herring-271034.hostingersite.com\\\/producto\\\/limpiador-para-bicicletas-concentrado-muc-off-5l\\\/#breadcrumb\",\"itemListElement\":[{\"@type\":\"ListItem\",\"position\":1,\"name\":\"Portada\",\"item\":\"https:\\\/\\\/veloaxe.com\\\/\"},{\"@type\":\"ListItem\",\"position\":2,\"name\":\"Shop\",\"item\":\"https:\\\/\\\/paleturquoise-herring-271034.hostingersite.com\\\/shop\\\/\"},{\"@type\":\"ListItem\",\"position\":3,\"name\":\"LIMPIADOR PARA BICICLETAS CONCENTRADO MUC-OFF &#8211; 5L\"}]},{\"@type\":\"WebSite\",\"@id\":\"https:\\\/\\\/veloaxe.com\\\/#website\",\"url\":\"https:\\\/\\\/veloaxe.com\\\/\",\"name\":\"Tienda de bicicletas | VELOAXE\",\"description\":\"Descubre una amplia selecci\u00f3n de bicicletas de alta calidad, desde modelos urbanos y de monta\u00f1a hasta bicicletas de carretera de \u00faltima generaci\u00f3n. Con un servicio experto y accesorios especializados, estamos comprometidos a brindarte la mejor experiencia ciclista.\",\"publisher\":{\"@id\":\"https:\\\/\\\/veloaxe.com\\\/#organization\"},\"potentialAction\":[{\"@type\":\"SearchAction\",\"target\":{\"@type\":\"EntryPoint\",\"urlTemplate\":\"https:\\\/\\\/veloaxe.com\\\/?s={search_term_string}\"},\"query-input\":{\"@type\":\"PropertyValueSpecification\",\"valueRequired\":true,\"valueName\":\"search_term_string\"}}],\"inLanguage\":\"fr-FR\"},{\"@type\":\"Organization\",\"@id\":\"https:\\\/\\\/veloaxe.com\\\/#organization\",\"name\":\"Tienda de bicicletas | VELOAXE\",\"url\":\"https:\\\/\\\/veloaxe.com\\\/\",\"logo\":{\"@type\":\"ImageObject\",\"inLanguage\":\"fr-FR\",\"@id\":\"https:\\\/\\\/veloaxe.com\\\/#\\\/schema\\\/logo\\\/image\\\/\",\"url\":\"https:\\\/\\\/veloaxe.com\\\/wp-content\\\/uploads\\\/2026\\\/01\\\/cropped-logo-1.jpg\",\"contentUrl\":\"https:\\\/\\\/veloaxe.com\\\/wp-content\\\/uploads\\\/2026\\\/01\\\/cropped-logo-1.jpg\",\"width\":1273,\"height\":363,\"caption\":\"Tienda de bicicletas | VELOAXE\"},\"image\":{\"@id\":\"https:\\\/\\\/veloaxe.com\\\/#\\\/schema\\\/logo\\\/image\\\/\"},\"sameAs\":[\"https:\\\/\\\/www.facebook.com\\\/veloaxe\"]}]}<\/script>\n<!-- \/ Yoast SEO plugin. -->","yoast_head_json":{"title":"LIMPIADOR PARA BICICLETAS CONCENTRADO MUC-OFF 5L","description":"LIMPIADOR PARA BICICLETAS CONCENTRADO MUC-OFF 5L - Productos de la marca MUC-OFF los puedes encontrar aqu\u00ed. Cepillo o producto de mantenimiento.","robots":{"index":"index","follow":"follow","max-snippet":"max-snippet:-1","max-image-preview":"max-image-preview:large","max-video-preview":"max-video-preview:-1"},"canonical":"https:\/\/paleturquoise-herring-271034.hostingersite.com\/producto\/limpiador-para-bicicletas-concentrado-muc-off-5l\/","og_locale":"fr_FR","og_type":"article","og_title":"LIMPIADOR PARA BICICLETAS CONCENTRADO MUC-OFF 5L","og_description":"LIMPIADOR PARA BICICLETAS CONCENTRADO MUC-OFF 5L - Productos de la marca MUC-OFF los puedes encontrar aqu\u00ed. Cepillo o producto de mantenimiento.","og_url":"https:\/\/paleturquoise-herring-271034.hostingersite.com\/producto\/limpiador-para-bicicletas-concentrado-muc-off-5l\/","og_site_name":"Tienda de bicicletas | VELOAXE","article_publisher":"https:\/\/www.facebook.com\/veloaxe","article_modified_time":"2025-05-19T07:54:39+00:00","og_image":[{"width":1000,"height":1000,"url":"https:\/\/paleturquoise-herring-271034.hostingersite.com\/wp-content\/uploads\/2024\/06\/limpiador-bicicletas-concentrado-muc-off.webp","type":"image\/webp"}],"twitter_card":"summary_large_image","twitter_misc":{"Dur\u00e9e de lecture estim\u00e9e":"2 minutes"},"schema":{"@context":"https:\/\/schema.org","@graph":[{"@type":"WebPage","@id":"https:\/\/paleturquoise-herring-271034.hostingersite.com\/producto\/limpiador-para-bicicletas-concentrado-muc-off-5l\/","url":"https:\/\/paleturquoise-herring-271034.hostingersite.com\/producto\/limpiador-para-bicicletas-concentrado-muc-off-5l\/","name":"LIMPIADOR PARA BICICLETAS CONCENTRADO MUC-OFF 5L","isPartOf":{"@id":"https:\/\/veloaxe.com\/#website"},"primaryImageOfPage":{"@id":"https:\/\/paleturquoise-herring-271034.hostingersite.com\/producto\/limpiador-para-bicicletas-concentrado-muc-off-5l\/#primaryimage"},"image":{"@id":"https:\/\/paleturquoise-herring-271034.hostingersite.com\/producto\/limpiador-para-bicicletas-concentrado-muc-off-5l\/#primaryimage"},"thumbnailUrl":"https:\/\/veloaxe.com\/wp-content\/uploads\/2024\/06\/limpiador-bicicletas-concentrado-muc-off.webp","datePublished":"2024-06-27T11:36:30+00:00","dateModified":"2025-05-19T07:54:39+00:00","description":"LIMPIADOR PARA BICICLETAS CONCENTRADO MUC-OFF 5L - Productos de la marca MUC-OFF los puedes encontrar aqu\u00ed. Cepillo o producto de mantenimiento.","breadcrumb":{"@id":"https:\/\/paleturquoise-herring-271034.hostingersite.com\/producto\/limpiador-para-bicicletas-concentrado-muc-off-5l\/#breadcrumb"},"inLanguage":"fr-FR","potentialAction":[{"@type":"ReadAction","target":["https:\/\/paleturquoise-herring-271034.hostingersite.com\/producto\/limpiador-para-bicicletas-concentrado-muc-off-5l\/"]}]},{"@type":"ImageObject","inLanguage":"fr-FR","@id":"https:\/\/paleturquoise-herring-271034.hostingersite.com\/producto\/limpiador-para-bicicletas-concentrado-muc-off-5l\/#primaryimage","url":"https:\/\/veloaxe.com\/wp-content\/uploads\/2024\/06\/limpiador-bicicletas-concentrado-muc-off.webp","contentUrl":"https:\/\/veloaxe.com\/wp-content\/uploads\/2024\/06\/limpiador-bicicletas-concentrado-muc-off.webp","width":1000,"height":1000,"caption":"limpiador-bicicletas-concentrado-muc-off"},{"@type":"BreadcrumbList","@id":"https:\/\/paleturquoise-herring-271034.hostingersite.com\/producto\/limpiador-para-bicicletas-concentrado-muc-off-5l\/#breadcrumb","itemListElement":[{"@type":"ListItem","position":1,"name":"Portada","item":"https:\/\/veloaxe.com\/"},{"@type":"ListItem","position":2,"name":"Shop","item":"https:\/\/paleturquoise-herring-271034.hostingersite.com\/shop\/"},{"@type":"ListItem","position":3,"name":"LIMPIADOR PARA BICICLETAS CONCENTRADO MUC-OFF &#8211; 5L"}]},{"@type":"WebSite","@id":"https:\/\/veloaxe.com\/#website","url":"https:\/\/veloaxe.com\/","name":"Boutique de v\u00e9lo en ligne | VELOAXE","description":"Descubre una amplia selecci\u00f3n de bicicletas de alta calidad, desde modelos urbanos y de monta\u00f1a hasta bicicletas de carretera de \u00faltima generaci\u00f3n. Con un servicio experto y accesorios especializados, estamos comprometidos a brindarte la mejor experiencia ciclista.","publisher":{"@id":"https:\/\/veloaxe.com\/#organization"},"potentialAction":[{"@type":"SearchAction","target":{"@type":"EntryPoint","urlTemplate":"https:\/\/veloaxe.com\/?s={search_term_string}"},"query-input":{"@type":"PropertyValueSpecification","valueRequired":true,"valueName":"search_term_string"}}],"inLanguage":"fr-FR"},{"@type":"Organization","@id":"https:\/\/veloaxe.com\/#organization","name":"Boutique de v\u00e9lo en ligne | VELOAXE","url":"https:\/\/veloaxe.com\/","logo":{"@type":"ImageObject","inLanguage":"fr-FR","@id":"https:\/\/veloaxe.com\/#\/schema\/logo\/image\/","url":"https:\/\/veloaxe.com\/wp-content\/uploads\/2026\/01\/cropped-logo-1.jpg","contentUrl":"https:\/\/veloaxe.com\/wp-content\/uploads\/2026\/01\/cropped-logo-1.jpg","width":1273,"height":363,"caption":"Tienda de bicicletas | VELOAXE"},"image":{"@id":"https:\/\/veloaxe.com\/#\/schema\/logo\/image\/"},"sameAs":["https:\/\/www.facebook.com\/veloaxe"]}]}},"_links":{"self":[{"href":"https:\/\/veloaxe.com\/fr\/wp-json\/wp\/v2\/product\/16476","targetHints":{"allow":["GET"]}}],"collection":[{"href":"https:\/\/veloaxe.com\/fr\/wp-json\/wp\/v2\/product"}],"about":[{"href":"https:\/\/veloaxe.com\/fr\/wp-json\/wp\/v2\/types\/product"}],"replies":[{"embeddable":true,"href":"https:\/\/veloaxe.com\/fr\/wp-json\/wp\/v2\/comments?post=16476"}],"wp:featuredmedia":[{"embeddable":true,"href":"https:\/\/veloaxe.com\/fr\/wp-json\/wp\/v2\/media\/16477"}],"wp:attachment":[{"href":"https:\/\/veloaxe.com\/fr\/wp-json\/wp\/v2\/media?parent=16476"}],"wp:term":[{"taxonomy":"product_brand","embeddable":true,"href":"https:\/\/veloaxe.com\/fr\/wp-json\/wp\/v2\/product_brand?post=16476"},{"taxonomy":"product_cat","embeddable":true,"href":"https:\/\/veloaxe.com\/fr\/wp-json\/wp\/v2\/product_cat?post=16476"},{"taxonomy":"product_tag","embeddable":true,"href":"https:\/\/veloaxe.com\/fr\/wp-json\/wp\/v2\/product_tag?post=16476"}],"curies":[{"name":"wp","href":"https:\/\/api.w.org\/{rel}","templated":true}]}}