{"id":16492,"date":"2024-06-28T07:30:09","date_gmt":"2024-06-28T07:30:09","guid":{"rendered":"https:\/\/veloaxe.com\/?post_type=product&#038;p=16492"},"modified":"2025-05-19T07:31:00","modified_gmt":"2025-05-19T07:31:00","slug":"kit-limpieza-muc-off-family-bike-care","status":"publish","type":"product","link":"https:\/\/veloaxe.com\/fr\/producto\/kit-limpieza-muc-off-family-bike-care\/","title":{"rendered":"KIT LIMPIEZA MUC-OFF FAMILY BIKE CARE"},"content":{"rendered":"<p>\u00bfTe gusta viajar con tu familia?<\/p>\n<p>Haga de la limpieza de bicicletas un asunto familiar con nuestra <strong>KIT LIMPIEZA MUC-OFF FAMILY<\/strong>. Muchas manos hacen un trabajo ligero, especialmente cuando se combinan con nuestro proceso de 3 pasos Limpiar, Proteger y Lubricar que es lo suficientemente simple para que Ni\u00f1os eche una mano y har\u00e1 que la limpieza a granel sea una experiencia mucho m\u00e1s agradable&#8230; Por no hablar de que ayudar\u00e1 a que su flota familiar tenga un aspecto fresco y funcione mejor durante m\u00e1s tiempo.<\/p>\n<p>Nano Tech Limpiador para bicicletas 1L<br \/>\nLimpiador para bicicletas Concentrado 1L<br \/>\nLimpiador de cadena Bio 400ml<br \/>\nBio MO-94 400ml<br \/>\nBio Dry Lubricar 120ml<br \/>\nCepillo de ruedas y componentes<br \/>\nEsponja de microc\u00e9lulas expansiva<br \/>\nPremium Microfibra Cloth<br \/>\nBolsa de almacenamiento<\/p>","protected":false},"excerpt":{"rendered":"<p>\u00bfTe gusta viajar con tu familia? Haga de la limpieza de bicicletas un asunto familiar con nuestra KIT LIMPIEZA MUC-OFF FAMILY. Muchas manos hacen un trabajo ligero, especialmente cuando se combinan con nuestro proceso de 3 pasos Limpiar, Proteger y Lubricar que es lo suficientemente simple para que Ni\u00f1os eche una mano y har\u00e1 que [&hellip;]<\/p>\n","protected":false},"featured_media":16493,"comment_status":"closed","ping_status":"closed","template":"","meta":[],"product_brand":[],"product_cat":[121,122],"product_tag":[],"class_list":{"0":"post-16492","1":"product","2":"type-product","3":"status-publish","4":"has-post-thumbnail","6":"product_cat-limpiador-y-desengrasante-para-bicicleta","7":"product_cat-limpiador-y-desengrasante-de-bicicleta","8":"product_shipping_class-no-bicicletas","10":"first","11":"instock","12":"sale","13":"shipping-taxable","14":"purchasable","15":"product-type-simple"},"yoast_head":"<!-- This site is optimized with the Yoast SEO plugin v27.6 - https:\/\/yoast.com\/product\/yoast-seo-wordpress\/ -->\n<title>KIT LIMPIEZA MUC-OFF FAMILY BIKE CARE | VELOAXE.COM<\/title>\n<meta name=\"description\" content=\"KIT LIMPIEZA MUC-OFF FAMILY BIKE CARE - Productos de la marca MUC-OFF los puedes encontrar aqu\u00ed. Cepillo o producto de mantenimiento.\" \/>\n<meta name=\"robots\" content=\"index, follow, max-snippet:-1, max-image-preview:large, max-video-preview:-1\" \/>\n<link rel=\"canonical\" href=\"https:\/\/veloaxe.com\/fr\/produit\/kit-limpieza-muc-off-family-bike-care\/\" \/>\n<meta property=\"og:locale\" content=\"fr_FR\" \/>\n<meta property=\"og:type\" content=\"article\" \/>\n<meta property=\"og:title\" content=\"KIT LIMPIEZA MUC-OFF FAMILY BIKE CARE | VELOAXE.COM\" \/>\n<meta property=\"og:description\" content=\"KIT LIMPIEZA MUC-OFF FAMILY BIKE CARE - Productos de la marca MUC-OFF los puedes encontrar aqu\u00ed. Cepillo o producto de mantenimiento.\" \/>\n<meta property=\"og:url\" content=\"https:\/\/veloaxe.com\/fr\/produit\/kit-limpieza-muc-off-family-bike-care\/\" \/>\n<meta property=\"og:site_name\" content=\"Tienda de bicicletas | VELOAXE\" \/>\n<meta property=\"article:publisher\" content=\"https:\/\/www.facebook.com\/veloaxe\" \/>\n<meta property=\"article:modified_time\" content=\"2025-05-19T07:31:00+00:00\" \/>\n<meta property=\"og:image\" content=\"https:\/\/veloaxe.com\/wp-content\/uploads\/2024\/06\/kit-limpieza-muc-off-family-bike-care.jpg\" \/>\n\t<meta property=\"og:image:width\" content=\"1000\" \/>\n\t<meta property=\"og:image:height\" content=\"1000\" \/>\n\t<meta property=\"og:image:type\" content=\"image\/jpeg\" \/>\n<meta name=\"twitter:card\" content=\"summary_large_image\" \/>\n<meta name=\"twitter:label1\" content=\"Dur\u00e9e de lecture estim\u00e9e\" \/>\n\t<meta name=\"twitter:data1\" content=\"1 minute\" \/>\n<script type=\"application\/ld+json\" class=\"yoast-schema-graph\">{\"@context\":\"https:\\\/\\\/schema.org\",\"@graph\":[{\"@type\":\"WebPage\",\"@id\":\"https:\\\/\\\/veloaxe.com\\\/producto\\\/kit-limpieza-muc-off-family-bike-care\\\/\",\"url\":\"https:\\\/\\\/veloaxe.com\\\/producto\\\/kit-limpieza-muc-off-family-bike-care\\\/\",\"name\":\"KIT LIMPIEZA MUC-OFF FAMILY BIKE CARE | VELOAXE.COM\",\"isPartOf\":{\"@id\":\"https:\\\/\\\/veloaxe.com\\\/#website\"},\"primaryImageOfPage\":{\"@id\":\"https:\\\/\\\/veloaxe.com\\\/producto\\\/kit-limpieza-muc-off-family-bike-care\\\/#primaryimage\"},\"image\":{\"@id\":\"https:\\\/\\\/veloaxe.com\\\/producto\\\/kit-limpieza-muc-off-family-bike-care\\\/#primaryimage\"},\"thumbnailUrl\":\"https:\\\/\\\/veloaxe.com\\\/wp-content\\\/uploads\\\/2024\\\/06\\\/kit-limpieza-muc-off-family-bike-care.jpg\",\"datePublished\":\"2024-06-28T07:30:09+00:00\",\"dateModified\":\"2025-05-19T07:31:00+00:00\",\"description\":\"KIT LIMPIEZA MUC-OFF FAMILY BIKE CARE - Productos de la marca MUC-OFF los puedes encontrar aqu\u00ed. Cepillo o producto de mantenimiento.\",\"breadcrumb\":{\"@id\":\"https:\\\/\\\/veloaxe.com\\\/producto\\\/kit-limpieza-muc-off-family-bike-care\\\/#breadcrumb\"},\"inLanguage\":\"fr-FR\",\"potentialAction\":[{\"@type\":\"ReadAction\",\"target\":[\"https:\\\/\\\/veloaxe.com\\\/producto\\\/kit-limpieza-muc-off-family-bike-care\\\/\"]}]},{\"@type\":\"ImageObject\",\"inLanguage\":\"fr-FR\",\"@id\":\"https:\\\/\\\/veloaxe.com\\\/producto\\\/kit-limpieza-muc-off-family-bike-care\\\/#primaryimage\",\"url\":\"https:\\\/\\\/veloaxe.com\\\/wp-content\\\/uploads\\\/2024\\\/06\\\/kit-limpieza-muc-off-family-bike-care.jpg\",\"contentUrl\":\"https:\\\/\\\/veloaxe.com\\\/wp-content\\\/uploads\\\/2024\\\/06\\\/kit-limpieza-muc-off-family-bike-care.jpg\",\"width\":1000,\"height\":1000,\"caption\":\"kit-limpieza-muc-off-family-bike-care\"},{\"@type\":\"BreadcrumbList\",\"@id\":\"https:\\\/\\\/veloaxe.com\\\/producto\\\/kit-limpieza-muc-off-family-bike-care\\\/#breadcrumb\",\"itemListElement\":[{\"@type\":\"ListItem\",\"position\":1,\"name\":\"Portada\",\"item\":\"https:\\\/\\\/veloaxe.com\\\/\"},{\"@type\":\"ListItem\",\"position\":2,\"name\":\"Shop\",\"item\":\"https:\\\/\\\/paleturquoise-herring-271034.hostingersite.com\\\/shop\\\/\"},{\"@type\":\"ListItem\",\"position\":3,\"name\":\"KIT LIMPIEZA MUC-OFF FAMILY BIKE CARE\"}]},{\"@type\":\"WebSite\",\"@id\":\"https:\\\/\\\/veloaxe.com\\\/#website\",\"url\":\"https:\\\/\\\/veloaxe.com\\\/\",\"name\":\"Tienda de bicicletas | VELOAXE\",\"description\":\"Descubre una amplia selecci\u00f3n de bicicletas de alta calidad, desde modelos urbanos y de monta\u00f1a hasta bicicletas de carretera de \u00faltima generaci\u00f3n. Con un servicio experto y accesorios especializados, estamos comprometidos a brindarte la mejor experiencia ciclista.\",\"publisher\":{\"@id\":\"https:\\\/\\\/veloaxe.com\\\/#organization\"},\"potentialAction\":[{\"@type\":\"SearchAction\",\"target\":{\"@type\":\"EntryPoint\",\"urlTemplate\":\"https:\\\/\\\/veloaxe.com\\\/?s={search_term_string}\"},\"query-input\":{\"@type\":\"PropertyValueSpecification\",\"valueRequired\":true,\"valueName\":\"search_term_string\"}}],\"inLanguage\":\"fr-FR\"},{\"@type\":\"Organization\",\"@id\":\"https:\\\/\\\/veloaxe.com\\\/#organization\",\"name\":\"Tienda de bicicletas | VELOAXE\",\"url\":\"https:\\\/\\\/veloaxe.com\\\/\",\"logo\":{\"@type\":\"ImageObject\",\"inLanguage\":\"fr-FR\",\"@id\":\"https:\\\/\\\/veloaxe.com\\\/#\\\/schema\\\/logo\\\/image\\\/\",\"url\":\"https:\\\/\\\/veloaxe.com\\\/wp-content\\\/uploads\\\/2026\\\/01\\\/cropped-logo-1.jpg\",\"contentUrl\":\"https:\\\/\\\/veloaxe.com\\\/wp-content\\\/uploads\\\/2026\\\/01\\\/cropped-logo-1.jpg\",\"width\":1273,\"height\":363,\"caption\":\"Tienda de bicicletas | VELOAXE\"},\"image\":{\"@id\":\"https:\\\/\\\/veloaxe.com\\\/#\\\/schema\\\/logo\\\/image\\\/\"},\"sameAs\":[\"https:\\\/\\\/www.facebook.com\\\/veloaxe\"]}]}<\/script>\n<!-- \/ Yoast SEO plugin. -->","yoast_head_json":{"title":"KIT LIMPIEZA MUC-OFF FAMILY BIKE CARE | VELOAXE.COM","description":"KIT LIMPIEZA MUC-OFF FAMILY BIKE CARE - Productos de la marca MUC-OFF los puedes encontrar aqu\u00ed. Cepillo o producto de mantenimiento.","robots":{"index":"index","follow":"follow","max-snippet":"max-snippet:-1","max-image-preview":"max-image-preview:large","max-video-preview":"max-video-preview:-1"},"canonical":"https:\/\/veloaxe.com\/fr\/produit\/kit-limpieza-muc-off-family-bike-care\/","og_locale":"fr_FR","og_type":"article","og_title":"KIT LIMPIEZA MUC-OFF FAMILY BIKE CARE | VELOAXE.COM","og_description":"KIT LIMPIEZA MUC-OFF FAMILY BIKE CARE - Productos de la marca MUC-OFF los puedes encontrar aqu\u00ed. Cepillo o producto de mantenimiento.","og_url":"https:\/\/veloaxe.com\/fr\/produit\/kit-limpieza-muc-off-family-bike-care\/","og_site_name":"Tienda de bicicletas | VELOAXE","article_publisher":"https:\/\/www.facebook.com\/veloaxe","article_modified_time":"2025-05-19T07:31:00+00:00","og_image":[{"width":1000,"height":1000,"url":"https:\/\/veloaxe.com\/wp-content\/uploads\/2024\/06\/kit-limpieza-muc-off-family-bike-care.jpg","type":"image\/jpeg"}],"twitter_card":"summary_large_image","twitter_misc":{"Dur\u00e9e de lecture estim\u00e9e":"1 minute"},"schema":{"@context":"https:\/\/schema.org","@graph":[{"@type":"WebPage","@id":"https:\/\/veloaxe.com\/producto\/kit-limpieza-muc-off-family-bike-care\/","url":"https:\/\/veloaxe.com\/producto\/kit-limpieza-muc-off-family-bike-care\/","name":"KIT LIMPIEZA MUC-OFF FAMILY BIKE CARE | VELOAXE.COM","isPartOf":{"@id":"https:\/\/veloaxe.com\/#website"},"primaryImageOfPage":{"@id":"https:\/\/veloaxe.com\/producto\/kit-limpieza-muc-off-family-bike-care\/#primaryimage"},"image":{"@id":"https:\/\/veloaxe.com\/producto\/kit-limpieza-muc-off-family-bike-care\/#primaryimage"},"thumbnailUrl":"https:\/\/veloaxe.com\/wp-content\/uploads\/2024\/06\/kit-limpieza-muc-off-family-bike-care.jpg","datePublished":"2024-06-28T07:30:09+00:00","dateModified":"2025-05-19T07:31:00+00:00","description":"KIT LIMPIEZA MUC-OFF FAMILY BIKE CARE - Productos de la marca MUC-OFF los puedes encontrar aqu\u00ed. Cepillo o producto de mantenimiento.","breadcrumb":{"@id":"https:\/\/veloaxe.com\/producto\/kit-limpieza-muc-off-family-bike-care\/#breadcrumb"},"inLanguage":"fr-FR","potentialAction":[{"@type":"ReadAction","target":["https:\/\/veloaxe.com\/producto\/kit-limpieza-muc-off-family-bike-care\/"]}]},{"@type":"ImageObject","inLanguage":"fr-FR","@id":"https:\/\/veloaxe.com\/producto\/kit-limpieza-muc-off-family-bike-care\/#primaryimage","url":"https:\/\/veloaxe.com\/wp-content\/uploads\/2024\/06\/kit-limpieza-muc-off-family-bike-care.jpg","contentUrl":"https:\/\/veloaxe.com\/wp-content\/uploads\/2024\/06\/kit-limpieza-muc-off-family-bike-care.jpg","width":1000,"height":1000,"caption":"kit-limpieza-muc-off-family-bike-care"},{"@type":"BreadcrumbList","@id":"https:\/\/veloaxe.com\/producto\/kit-limpieza-muc-off-family-bike-care\/#breadcrumb","itemListElement":[{"@type":"ListItem","position":1,"name":"Portada","item":"https:\/\/veloaxe.com\/"},{"@type":"ListItem","position":2,"name":"Shop","item":"https:\/\/paleturquoise-herring-271034.hostingersite.com\/shop\/"},{"@type":"ListItem","position":3,"name":"KIT LIMPIEZA MUC-OFF FAMILY BIKE CARE"}]},{"@type":"WebSite","@id":"https:\/\/veloaxe.com\/#website","url":"https:\/\/veloaxe.com\/","name":"Boutique de v\u00e9lo en ligne | VELOAXE","description":"D\u00e9couvrez une large s\u00e9lection de v\u00e9los de haute qualit\u00e9, des mod\u00e8les urbains et de montagne aux v\u00e9los de route de pointe. Avec un service d'experts et des accessoires sp\u00e9cialis\u00e9s, nous nous engageons \u00e0 vous offrir la meilleure exp\u00e9rience de cyclisme.","publisher":{"@id":"https:\/\/veloaxe.com\/#organization"},"potentialAction":[{"@type":"SearchAction","target":{"@type":"EntryPoint","urlTemplate":"https:\/\/veloaxe.com\/?s={search_term_string}"},"query-input":{"@type":"PropertyValueSpecification","valueRequired":true,"valueName":"search_term_string"}}],"inLanguage":"fr-FR"},{"@type":"Organization","@id":"https:\/\/veloaxe.com\/#organization","name":"Boutique de v\u00e9lo en ligne | VELOAXE","url":"https:\/\/veloaxe.com\/","logo":{"@type":"ImageObject","inLanguage":"fr-FR","@id":"https:\/\/veloaxe.com\/#\/schema\/logo\/image\/","url":"https:\/\/veloaxe.com\/wp-content\/uploads\/2026\/01\/cropped-logo-1.jpg","contentUrl":"https:\/\/veloaxe.com\/wp-content\/uploads\/2026\/01\/cropped-logo-1.jpg","width":1273,"height":363,"caption":"Tienda de bicicletas | VELOAXE"},"image":{"@id":"https:\/\/veloaxe.com\/#\/schema\/logo\/image\/"},"sameAs":["https:\/\/www.facebook.com\/veloaxe"]}]}},"_links":{"self":[{"href":"https:\/\/veloaxe.com\/fr\/wp-json\/wp\/v2\/product\/16492","targetHints":{"allow":["GET"]}}],"collection":[{"href":"https:\/\/veloaxe.com\/fr\/wp-json\/wp\/v2\/product"}],"about":[{"href":"https:\/\/veloaxe.com\/fr\/wp-json\/wp\/v2\/types\/product"}],"replies":[{"embeddable":true,"href":"https:\/\/veloaxe.com\/fr\/wp-json\/wp\/v2\/comments?post=16492"}],"wp:featuredmedia":[{"embeddable":true,"href":"https:\/\/veloaxe.com\/fr\/wp-json\/wp\/v2\/media\/16493"}],"wp:attachment":[{"href":"https:\/\/veloaxe.com\/fr\/wp-json\/wp\/v2\/media?parent=16492"}],"wp:term":[{"taxonomy":"product_brand","embeddable":true,"href":"https:\/\/veloaxe.com\/fr\/wp-json\/wp\/v2\/product_brand?post=16492"},{"taxonomy":"product_cat","embeddable":true,"href":"https:\/\/veloaxe.com\/fr\/wp-json\/wp\/v2\/product_cat?post=16492"},{"taxonomy":"product_tag","embeddable":true,"href":"https:\/\/veloaxe.com\/fr\/wp-json\/wp\/v2\/product_tag?post=16492"}],"curies":[{"name":"wp","href":"https:\/\/api.w.org\/{rel}","templated":true}]}}