{"id":16510,"date":"2024-06-30T07:09:11","date_gmt":"2024-06-30T07:09:11","guid":{"rendered":"https:\/\/veloaxe.com\/?post_type=product&#038;p=16510"},"modified":"2025-05-19T07:08:32","modified_gmt":"2025-05-19T07:08:32","slug":"kit-muc-off-ultimate-para-e-bike","status":"publish","type":"product","link":"https:\/\/veloaxe.com\/fr\/producto\/kit-muc-off-ultimate-para-e-bike\/","title":{"rendered":"KIT MUC-OFF ULTIMATE PARA E-BIKE"},"content":{"rendered":"<p>\u00bfTriturador a tiempo completo de eBike ? Este Kits te va a gustar.<\/p>\n<p>El kit <strong>MUC-OFF ULTIMATE PARA E-BIKE<\/strong> tiene todo lo que puede necesitar para cuidar su bicicleta el\u00e9ctrica bici. \u00a1El Kits contiene dos de nuestros lubricantes espec\u00edficos eBike , que han sido formulados con un paquete \u00fanico de aditivos de lubricidad eBike que se r\u00eden de la torsi\u00f3n extra, y pueden soportar una paliza incluso de las transmisiones m\u00e1s potentes eBike ! \u00a1Comb\u00ednalo con un Paquete de limpiadores, pa\u00f1os, cepillos y sprays protectores y tendr\u00e1s una fiesta!<\/p>\n<p>eBike Seco Lubricar &#8211; 50ml<br \/>\neBike Wet Lubricar &#8211; 50ml<br \/>\nNano Tech Limpiador para bicicletas &#8211; 1L<br \/>\nLimpiador del sistema de transmisi\u00f3n &#8211; 500ml<br \/>\nHCB-1 &#8211; 400ml<br \/>\nMO-94 &#8211; 400ml<br \/>\nEsponja microcelular<br \/>\nCepillo de rascado<br \/>\nCepillo de dos puntas<br \/>\nCepillo de lavado suave<br \/>\nMicrofibra Tela<\/p>","protected":false},"excerpt":{"rendered":"<p>\u00bfTriturador a tiempo completo de eBike ? Este Kits te va a gustar. El kit MUC-OFF ULTIMATE PARA E-BIKE tiene todo lo que puede necesitar para cuidar su bicicleta el\u00e9ctrica bici. \u00a1El Kits contiene dos de nuestros lubricantes espec\u00edficos eBike , que han sido formulados con un paquete \u00fanico de aditivos de lubricidad eBike que [&hellip;]<\/p>\n","protected":false},"featured_media":16511,"comment_status":"closed","ping_status":"closed","template":"","meta":[],"product_brand":[],"product_cat":[121,122],"product_tag":[],"class_list":{"0":"post-16510","1":"product","2":"type-product","3":"status-publish","4":"has-post-thumbnail","6":"product_cat-limpiador-y-desengrasante-para-bicicleta","7":"product_cat-limpiador-y-desengrasante-de-bicicleta","8":"product_shipping_class-no-bicicletas","10":"first","11":"instock","12":"sale","13":"shipping-taxable","14":"purchasable","15":"product-type-simple"},"yoast_head":"<!-- This site is optimized with the Yoast SEO plugin v27.6 - https:\/\/yoast.com\/product\/yoast-seo-wordpress\/ -->\n<title>KIT MUC-OFF ULTIMATE PARA E-BIKE | VELOAXE.COM<\/title>\n<meta name=\"description\" content=\"KIT MUC-OFF ULTIMATE E-BIKE - Productos de la marca MUC-OFF los puedes encontrar aqu\u00ed. Cepillo o producto de mantenimiento para tu bicicleta.\" \/>\n<meta name=\"robots\" content=\"index, follow, max-snippet:-1, max-image-preview:large, max-video-preview:-1\" \/>\n<link rel=\"canonical\" href=\"https:\/\/veloaxe.com\/fr\/produit\/kit-muc-off-ultimate-para-e-bike\/\" \/>\n<meta property=\"og:locale\" content=\"fr_FR\" \/>\n<meta property=\"og:type\" content=\"article\" \/>\n<meta property=\"og:title\" content=\"KIT MUC-OFF ULTIMATE PARA E-BIKE | VELOAXE.COM\" \/>\n<meta property=\"og:description\" content=\"KIT MUC-OFF ULTIMATE E-BIKE - Productos de la marca MUC-OFF los puedes encontrar aqu\u00ed. Cepillo o producto de mantenimiento para tu bicicleta.\" \/>\n<meta property=\"og:url\" content=\"https:\/\/veloaxe.com\/fr\/produit\/kit-muc-off-ultimate-para-e-bike\/\" \/>\n<meta property=\"og:site_name\" content=\"Tienda de bicicletas | VELOAXE\" \/>\n<meta property=\"article:publisher\" content=\"https:\/\/www.facebook.com\/veloaxe\" \/>\n<meta property=\"article:modified_time\" content=\"2025-05-19T07:08:32+00:00\" \/>\n<meta property=\"og:image\" content=\"https:\/\/veloaxe.com\/wp-content\/uploads\/2024\/06\/kit-muc-off-ultimate-e-bike.jpg\" \/>\n\t<meta property=\"og:image:width\" content=\"1000\" \/>\n\t<meta property=\"og:image:height\" content=\"1000\" \/>\n\t<meta property=\"og:image:type\" content=\"image\/jpeg\" \/>\n<meta name=\"twitter:card\" content=\"summary_large_image\" \/>\n<meta name=\"twitter:label1\" content=\"Dur\u00e9e de lecture estim\u00e9e\" \/>\n\t<meta name=\"twitter:data1\" content=\"1 minute\" \/>\n<script type=\"application\/ld+json\" class=\"yoast-schema-graph\">{\"@context\":\"https:\\\/\\\/schema.org\",\"@graph\":[{\"@type\":\"WebPage\",\"@id\":\"https:\\\/\\\/veloaxe.com\\\/producto\\\/kit-muc-off-ultimate-para-e-bike\\\/\",\"url\":\"https:\\\/\\\/veloaxe.com\\\/producto\\\/kit-muc-off-ultimate-para-e-bike\\\/\",\"name\":\"KIT MUC-OFF ULTIMATE PARA E-BIKE | VELOAXE.COM\",\"isPartOf\":{\"@id\":\"https:\\\/\\\/veloaxe.com\\\/#website\"},\"primaryImageOfPage\":{\"@id\":\"https:\\\/\\\/veloaxe.com\\\/producto\\\/kit-muc-off-ultimate-para-e-bike\\\/#primaryimage\"},\"image\":{\"@id\":\"https:\\\/\\\/veloaxe.com\\\/producto\\\/kit-muc-off-ultimate-para-e-bike\\\/#primaryimage\"},\"thumbnailUrl\":\"https:\\\/\\\/veloaxe.com\\\/wp-content\\\/uploads\\\/2024\\\/06\\\/kit-muc-off-ultimate-e-bike.jpg\",\"datePublished\":\"2024-06-30T07:09:11+00:00\",\"dateModified\":\"2025-05-19T07:08:32+00:00\",\"description\":\"KIT MUC-OFF ULTIMATE E-BIKE - Productos de la marca MUC-OFF los puedes encontrar aqu\u00ed. Cepillo o producto de mantenimiento para tu bicicleta.\",\"breadcrumb\":{\"@id\":\"https:\\\/\\\/veloaxe.com\\\/producto\\\/kit-muc-off-ultimate-para-e-bike\\\/#breadcrumb\"},\"inLanguage\":\"fr-FR\",\"potentialAction\":[{\"@type\":\"ReadAction\",\"target\":[\"https:\\\/\\\/veloaxe.com\\\/producto\\\/kit-muc-off-ultimate-para-e-bike\\\/\"]}]},{\"@type\":\"ImageObject\",\"inLanguage\":\"fr-FR\",\"@id\":\"https:\\\/\\\/veloaxe.com\\\/producto\\\/kit-muc-off-ultimate-para-e-bike\\\/#primaryimage\",\"url\":\"https:\\\/\\\/veloaxe.com\\\/wp-content\\\/uploads\\\/2024\\\/06\\\/kit-muc-off-ultimate-e-bike.jpg\",\"contentUrl\":\"https:\\\/\\\/veloaxe.com\\\/wp-content\\\/uploads\\\/2024\\\/06\\\/kit-muc-off-ultimate-e-bike.jpg\",\"width\":1000,\"height\":1000,\"caption\":\"kit-muc-off-ultimate-e-bike\"},{\"@type\":\"BreadcrumbList\",\"@id\":\"https:\\\/\\\/veloaxe.com\\\/producto\\\/kit-muc-off-ultimate-para-e-bike\\\/#breadcrumb\",\"itemListElement\":[{\"@type\":\"ListItem\",\"position\":1,\"name\":\"Portada\",\"item\":\"https:\\\/\\\/veloaxe.com\\\/\"},{\"@type\":\"ListItem\",\"position\":2,\"name\":\"Shop\",\"item\":\"https:\\\/\\\/paleturquoise-herring-271034.hostingersite.com\\\/shop\\\/\"},{\"@type\":\"ListItem\",\"position\":3,\"name\":\"KIT MUC-OFF ULTIMATE PARA E-BIKE\"}]},{\"@type\":\"WebSite\",\"@id\":\"https:\\\/\\\/veloaxe.com\\\/#website\",\"url\":\"https:\\\/\\\/veloaxe.com\\\/\",\"name\":\"Tienda de bicicletas | VELOAXE\",\"description\":\"Descubre una amplia selecci\u00f3n de bicicletas de alta calidad, desde modelos urbanos y de monta\u00f1a hasta bicicletas de carretera de \u00faltima generaci\u00f3n. Con un servicio experto y accesorios especializados, estamos comprometidos a brindarte la mejor experiencia ciclista.\",\"publisher\":{\"@id\":\"https:\\\/\\\/veloaxe.com\\\/#organization\"},\"potentialAction\":[{\"@type\":\"SearchAction\",\"target\":{\"@type\":\"EntryPoint\",\"urlTemplate\":\"https:\\\/\\\/veloaxe.com\\\/?s={search_term_string}\"},\"query-input\":{\"@type\":\"PropertyValueSpecification\",\"valueRequired\":true,\"valueName\":\"search_term_string\"}}],\"inLanguage\":\"fr-FR\"},{\"@type\":\"Organization\",\"@id\":\"https:\\\/\\\/veloaxe.com\\\/#organization\",\"name\":\"Tienda de bicicletas | VELOAXE\",\"url\":\"https:\\\/\\\/veloaxe.com\\\/\",\"logo\":{\"@type\":\"ImageObject\",\"inLanguage\":\"fr-FR\",\"@id\":\"https:\\\/\\\/veloaxe.com\\\/#\\\/schema\\\/logo\\\/image\\\/\",\"url\":\"https:\\\/\\\/veloaxe.com\\\/wp-content\\\/uploads\\\/2026\\\/01\\\/cropped-logo-1.jpg\",\"contentUrl\":\"https:\\\/\\\/veloaxe.com\\\/wp-content\\\/uploads\\\/2026\\\/01\\\/cropped-logo-1.jpg\",\"width\":1273,\"height\":363,\"caption\":\"Tienda de bicicletas | VELOAXE\"},\"image\":{\"@id\":\"https:\\\/\\\/veloaxe.com\\\/#\\\/schema\\\/logo\\\/image\\\/\"},\"sameAs\":[\"https:\\\/\\\/www.facebook.com\\\/veloaxe\"]}]}<\/script>\n<!-- \/ Yoast SEO plugin. -->","yoast_head_json":{"title":"KIT MUC-OFF ULTIMATE PARA E-BIKE | VELOAXE.COM","description":"KIT MUC-OFF ULTIMATE E-BIKE - Productos de la marca MUC-OFF los puedes encontrar aqu\u00ed. Cepillo o producto de mantenimiento para tu bicicleta.","robots":{"index":"index","follow":"follow","max-snippet":"max-snippet:-1","max-image-preview":"max-image-preview:large","max-video-preview":"max-video-preview:-1"},"canonical":"https:\/\/veloaxe.com\/fr\/produit\/kit-muc-off-ultimate-para-e-bike\/","og_locale":"fr_FR","og_type":"article","og_title":"KIT MUC-OFF ULTIMATE PARA E-BIKE | VELOAXE.COM","og_description":"KIT MUC-OFF ULTIMATE E-BIKE - Productos de la marca MUC-OFF los puedes encontrar aqu\u00ed. Cepillo o producto de mantenimiento para tu bicicleta.","og_url":"https:\/\/veloaxe.com\/fr\/produit\/kit-muc-off-ultimate-para-e-bike\/","og_site_name":"Tienda de bicicletas | VELOAXE","article_publisher":"https:\/\/www.facebook.com\/veloaxe","article_modified_time":"2025-05-19T07:08:32+00:00","og_image":[{"width":1000,"height":1000,"url":"https:\/\/veloaxe.com\/wp-content\/uploads\/2024\/06\/kit-muc-off-ultimate-e-bike.jpg","type":"image\/jpeg"}],"twitter_card":"summary_large_image","twitter_misc":{"Dur\u00e9e de lecture estim\u00e9e":"1 minute"},"schema":{"@context":"https:\/\/schema.org","@graph":[{"@type":"WebPage","@id":"https:\/\/veloaxe.com\/producto\/kit-muc-off-ultimate-para-e-bike\/","url":"https:\/\/veloaxe.com\/producto\/kit-muc-off-ultimate-para-e-bike\/","name":"KIT MUC-OFF ULTIMATE PARA E-BIKE | VELOAXE.COM","isPartOf":{"@id":"https:\/\/veloaxe.com\/#website"},"primaryImageOfPage":{"@id":"https:\/\/veloaxe.com\/producto\/kit-muc-off-ultimate-para-e-bike\/#primaryimage"},"image":{"@id":"https:\/\/veloaxe.com\/producto\/kit-muc-off-ultimate-para-e-bike\/#primaryimage"},"thumbnailUrl":"https:\/\/veloaxe.com\/wp-content\/uploads\/2024\/06\/kit-muc-off-ultimate-e-bike.jpg","datePublished":"2024-06-30T07:09:11+00:00","dateModified":"2025-05-19T07:08:32+00:00","description":"KIT MUC-OFF ULTIMATE E-BIKE - Productos de la marca MUC-OFF los puedes encontrar aqu\u00ed. Cepillo o producto de mantenimiento para tu bicicleta.","breadcrumb":{"@id":"https:\/\/veloaxe.com\/producto\/kit-muc-off-ultimate-para-e-bike\/#breadcrumb"},"inLanguage":"fr-FR","potentialAction":[{"@type":"ReadAction","target":["https:\/\/veloaxe.com\/producto\/kit-muc-off-ultimate-para-e-bike\/"]}]},{"@type":"ImageObject","inLanguage":"fr-FR","@id":"https:\/\/veloaxe.com\/producto\/kit-muc-off-ultimate-para-e-bike\/#primaryimage","url":"https:\/\/veloaxe.com\/wp-content\/uploads\/2024\/06\/kit-muc-off-ultimate-e-bike.jpg","contentUrl":"https:\/\/veloaxe.com\/wp-content\/uploads\/2024\/06\/kit-muc-off-ultimate-e-bike.jpg","width":1000,"height":1000,"caption":"kit-muc-off-ultimate-e-bike"},{"@type":"BreadcrumbList","@id":"https:\/\/veloaxe.com\/producto\/kit-muc-off-ultimate-para-e-bike\/#breadcrumb","itemListElement":[{"@type":"ListItem","position":1,"name":"Portada","item":"https:\/\/veloaxe.com\/"},{"@type":"ListItem","position":2,"name":"Shop","item":"https:\/\/paleturquoise-herring-271034.hostingersite.com\/shop\/"},{"@type":"ListItem","position":3,"name":"KIT MUC-OFF ULTIMATE PARA E-BIKE"}]},{"@type":"WebSite","@id":"https:\/\/veloaxe.com\/#website","url":"https:\/\/veloaxe.com\/","name":"Boutique de v\u00e9lo en ligne | VELOAXE","description":"D\u00e9couvrez une large s\u00e9lection de v\u00e9los de haute qualit\u00e9, des mod\u00e8les urbains et de montagne aux v\u00e9los de route de pointe. Avec un service d'experts et des accessoires sp\u00e9cialis\u00e9s, nous nous engageons \u00e0 vous offrir la meilleure exp\u00e9rience de cyclisme.","publisher":{"@id":"https:\/\/veloaxe.com\/#organization"},"potentialAction":[{"@type":"SearchAction","target":{"@type":"EntryPoint","urlTemplate":"https:\/\/veloaxe.com\/?s={search_term_string}"},"query-input":{"@type":"PropertyValueSpecification","valueRequired":true,"valueName":"search_term_string"}}],"inLanguage":"fr-FR"},{"@type":"Organization","@id":"https:\/\/veloaxe.com\/#organization","name":"Boutique de v\u00e9lo en ligne | VELOAXE","url":"https:\/\/veloaxe.com\/","logo":{"@type":"ImageObject","inLanguage":"fr-FR","@id":"https:\/\/veloaxe.com\/#\/schema\/logo\/image\/","url":"https:\/\/veloaxe.com\/wp-content\/uploads\/2026\/01\/cropped-logo-1.jpg","contentUrl":"https:\/\/veloaxe.com\/wp-content\/uploads\/2026\/01\/cropped-logo-1.jpg","width":1273,"height":363,"caption":"Tienda de bicicletas | VELOAXE"},"image":{"@id":"https:\/\/veloaxe.com\/#\/schema\/logo\/image\/"},"sameAs":["https:\/\/www.facebook.com\/veloaxe"]}]}},"_links":{"self":[{"href":"https:\/\/veloaxe.com\/fr\/wp-json\/wp\/v2\/product\/16510","targetHints":{"allow":["GET"]}}],"collection":[{"href":"https:\/\/veloaxe.com\/fr\/wp-json\/wp\/v2\/product"}],"about":[{"href":"https:\/\/veloaxe.com\/fr\/wp-json\/wp\/v2\/types\/product"}],"replies":[{"embeddable":true,"href":"https:\/\/veloaxe.com\/fr\/wp-json\/wp\/v2\/comments?post=16510"}],"wp:featuredmedia":[{"embeddable":true,"href":"https:\/\/veloaxe.com\/fr\/wp-json\/wp\/v2\/media\/16511"}],"wp:attachment":[{"href":"https:\/\/veloaxe.com\/fr\/wp-json\/wp\/v2\/media?parent=16510"}],"wp:term":[{"taxonomy":"product_brand","embeddable":true,"href":"https:\/\/veloaxe.com\/fr\/wp-json\/wp\/v2\/product_brand?post=16510"},{"taxonomy":"product_cat","embeddable":true,"href":"https:\/\/veloaxe.com\/fr\/wp-json\/wp\/v2\/product_cat?post=16510"},{"taxonomy":"product_tag","embeddable":true,"href":"https:\/\/veloaxe.com\/fr\/wp-json\/wp\/v2\/product_tag?post=16510"}],"curies":[{"name":"wp","href":"https:\/\/api.w.org\/{rel}","templated":true}]}}