{"id":16530,"date":"2024-07-08T05:57:31","date_gmt":"2024-07-08T05:57:31","guid":{"rendered":"https:\/\/veloaxe.com\/?post_type=product&#038;p=16530"},"modified":"2025-05-19T07:00:20","modified_gmt":"2025-05-19T07:00:20","slug":"kit-muc-off-viaje-ultimate","status":"publish","type":"product","link":"https:\/\/veloaxe.com\/fr\/producto\/kit-muc-off-viaje-ultimate\/","title":{"rendered":"KIT MUC-OFF VIAJE ULTIMATE"},"content":{"rendered":"<p>Il <strong>KIT MUC-OFF VIAJE ULTIMATE<\/strong>, tiene todo lo que necesitas para asegurar que tu bicicleta sea silenciosa, f\u00e1cil de pedalear y con un aspecto impresionante para tu viaje a la oficina.<\/p>\n<p>Nuestro Nano Tech Limpiador para bicicletas ayudar\u00e1 a cortar cualquier suciedad y Suciedad que su semental de dos ruedas recoja en esas carreteras y carriles bici del centro de la ciudad, al tiempo que protege el delicado acabado del cuadro. Apl\u00edquelo con nuestro f\u00e1cil de usar Esponja de microc\u00e9lulas expansiva , que tiene un pr\u00e1ctico tama\u00f1o para bicicletas y ruedas.<\/p>\n<p>Biodegradable Suciedad El limpiador de cadenas de alto rendimiento Muc-Off le ayudar\u00e1 a eliminar de forma segura los restos m\u00e1s resistentes de su cadena y Pi\u00f1ones, ayud\u00e1ndole a recuperar su aspecto Nuevo de f\u00e1brica.<\/p>\n<p>Nuestro spray multiuso, tambi\u00e9n conocido como MO94, le ayudar\u00e1 a cubrir todas las bases. Su incre\u00edble f\u00f3rmula penetra r\u00e1pida y eficazmente en la humedad, lubrica las piezas m\u00f3viles y deja una pel\u00edcula protectora de larga duraci\u00f3n, ayudando a mantener a raya el \u00f3xido y la corrosi\u00f3n. El pa\u00f1o de lujo Microfibra tambi\u00e9n le ayudar\u00e1, haciendo que la limpieza, el secado y el pulido se realicen sin esfuerzo.<\/p>\n<p>Nano Tech Limpiador para bicicletas 1L<br \/>\nLimpiador de cadena Bio 400ml<br \/>\nBio MO-94 400ml<br \/>\nB.A.M! Inflar y reparar<br \/>\nB.A.M! Correa de transporte<br \/>\nBio Seco Lubricar<br \/>\nEsponja de microc\u00e9lulas expansiva<br \/>\nPremium Microfibra Cloth<br \/>\nBolsa de almacenamiento<\/p>","protected":false},"excerpt":{"rendered":"<p>El KIT MUC-OFF VIAJE ULTIMATE, tiene todo lo que necesitas para asegurar que tu bicicleta sea silenciosa, f\u00e1cil de pedalear y con un aspecto impresionante para tu viaje a la oficina. Nuestro Nano Tech Limpiador para bicicletas ayudar\u00e1 a cortar cualquier suciedad y Suciedad que su semental de dos ruedas recoja en esas carreteras y [&hellip;]<\/p>\n","protected":false},"featured_media":16531,"comment_status":"closed","ping_status":"closed","template":"","meta":[],"product_brand":[],"product_cat":[121,122],"product_tag":[],"class_list":{"0":"post-16530","1":"product","2":"type-product","3":"status-publish","4":"has-post-thumbnail","6":"product_cat-limpiador-y-desengrasante-para-bicicleta","7":"product_cat-limpiador-y-desengrasante-de-bicicleta","8":"product_shipping_class-no-bicicletas","10":"first","11":"instock","12":"sale","13":"shipping-taxable","14":"purchasable","15":"product-type-simple"},"yoast_head":"<!-- This site is optimized with the Yoast SEO plugin v27.6 - https:\/\/yoast.com\/product\/yoast-seo-wordpress\/ -->\n<title>KIT MUC-OFF VIAJE ULTIMATE | VELOAXE.COM<\/title>\n<meta name=\"description\" content=\"KIT MUC-OFF VIAJE ULTIMATE - Productos de la marca MUC-OFF los puedes encontrar aqu\u00ed. Cepillo o producto de mantenimiento para tu bicicleta.\" \/>\n<meta name=\"robots\" content=\"index, follow, max-snippet:-1, max-image-preview:large, max-video-preview:-1\" \/>\n<link rel=\"canonical\" href=\"https:\/\/veloaxe.com\/fr\/produit\/kit-muc-off-viaje-ultimate\/\" \/>\n<meta property=\"og:locale\" content=\"fr_FR\" \/>\n<meta property=\"og:type\" content=\"article\" \/>\n<meta property=\"og:title\" content=\"KIT MUC-OFF VIAJE ULTIMATE | VELOAXE.COM\" \/>\n<meta property=\"og:description\" content=\"KIT MUC-OFF VIAJE ULTIMATE - Productos de la marca MUC-OFF los puedes encontrar aqu\u00ed. Cepillo o producto de mantenimiento para tu bicicleta.\" \/>\n<meta property=\"og:url\" content=\"https:\/\/veloaxe.com\/fr\/produit\/kit-muc-off-viaje-ultimate\/\" \/>\n<meta property=\"og:site_name\" content=\"Tienda de bicicletas | VELOAXE\" \/>\n<meta property=\"article:publisher\" content=\"https:\/\/www.facebook.com\/veloaxe\" \/>\n<meta property=\"article:modified_time\" content=\"2025-05-19T07:00:20+00:00\" \/>\n<meta property=\"og:image\" content=\"https:\/\/veloaxe.com\/wp-content\/uploads\/2024\/07\/kit-muc-off-viaje-ultimate.jpg\" \/>\n\t<meta property=\"og:image:width\" content=\"1000\" \/>\n\t<meta property=\"og:image:height\" content=\"1000\" \/>\n\t<meta property=\"og:image:type\" content=\"image\/jpeg\" \/>\n<meta name=\"twitter:card\" content=\"summary_large_image\" \/>\n<meta name=\"twitter:label1\" content=\"Dur\u00e9e de lecture estim\u00e9e\" \/>\n\t<meta name=\"twitter:data1\" content=\"2 minutes\" \/>\n<script type=\"application\/ld+json\" class=\"yoast-schema-graph\">{\"@context\":\"https:\\\/\\\/schema.org\",\"@graph\":[{\"@type\":\"WebPage\",\"@id\":\"https:\\\/\\\/veloaxe.com\\\/producto\\\/kit-muc-off-viaje-ultimate\\\/\",\"url\":\"https:\\\/\\\/veloaxe.com\\\/producto\\\/kit-muc-off-viaje-ultimate\\\/\",\"name\":\"KIT MUC-OFF VIAJE ULTIMATE | VELOAXE.COM\",\"isPartOf\":{\"@id\":\"https:\\\/\\\/veloaxe.com\\\/#website\"},\"primaryImageOfPage\":{\"@id\":\"https:\\\/\\\/veloaxe.com\\\/producto\\\/kit-muc-off-viaje-ultimate\\\/#primaryimage\"},\"image\":{\"@id\":\"https:\\\/\\\/veloaxe.com\\\/producto\\\/kit-muc-off-viaje-ultimate\\\/#primaryimage\"},\"thumbnailUrl\":\"https:\\\/\\\/veloaxe.com\\\/wp-content\\\/uploads\\\/2024\\\/07\\\/kit-muc-off-viaje-ultimate.jpg\",\"datePublished\":\"2024-07-08T05:57:31+00:00\",\"dateModified\":\"2025-05-19T07:00:20+00:00\",\"description\":\"KIT MUC-OFF VIAJE ULTIMATE - Productos de la marca MUC-OFF los puedes encontrar aqu\u00ed. Cepillo o producto de mantenimiento para tu bicicleta.\",\"breadcrumb\":{\"@id\":\"https:\\\/\\\/veloaxe.com\\\/producto\\\/kit-muc-off-viaje-ultimate\\\/#breadcrumb\"},\"inLanguage\":\"fr-FR\",\"potentialAction\":[{\"@type\":\"ReadAction\",\"target\":[\"https:\\\/\\\/veloaxe.com\\\/producto\\\/kit-muc-off-viaje-ultimate\\\/\"]}]},{\"@type\":\"ImageObject\",\"inLanguage\":\"fr-FR\",\"@id\":\"https:\\\/\\\/veloaxe.com\\\/producto\\\/kit-muc-off-viaje-ultimate\\\/#primaryimage\",\"url\":\"https:\\\/\\\/veloaxe.com\\\/wp-content\\\/uploads\\\/2024\\\/07\\\/kit-muc-off-viaje-ultimate.jpg\",\"contentUrl\":\"https:\\\/\\\/veloaxe.com\\\/wp-content\\\/uploads\\\/2024\\\/07\\\/kit-muc-off-viaje-ultimate.jpg\",\"width\":1000,\"height\":1000,\"caption\":\"kit-muc-off-viaje-ultimate\"},{\"@type\":\"BreadcrumbList\",\"@id\":\"https:\\\/\\\/veloaxe.com\\\/producto\\\/kit-muc-off-viaje-ultimate\\\/#breadcrumb\",\"itemListElement\":[{\"@type\":\"ListItem\",\"position\":1,\"name\":\"Portada\",\"item\":\"https:\\\/\\\/veloaxe.com\\\/\"},{\"@type\":\"ListItem\",\"position\":2,\"name\":\"Shop\",\"item\":\"https:\\\/\\\/paleturquoise-herring-271034.hostingersite.com\\\/shop\\\/\"},{\"@type\":\"ListItem\",\"position\":3,\"name\":\"KIT MUC-OFF VIAJE ULTIMATE\"}]},{\"@type\":\"WebSite\",\"@id\":\"https:\\\/\\\/veloaxe.com\\\/#website\",\"url\":\"https:\\\/\\\/veloaxe.com\\\/\",\"name\":\"Tienda de bicicletas | VELOAXE\",\"description\":\"Descubre una amplia selecci\u00f3n de bicicletas de alta calidad, desde modelos urbanos y de monta\u00f1a hasta bicicletas de carretera de \u00faltima generaci\u00f3n. Con un servicio experto y accesorios especializados, estamos comprometidos a brindarte la mejor experiencia ciclista.\",\"publisher\":{\"@id\":\"https:\\\/\\\/veloaxe.com\\\/#organization\"},\"potentialAction\":[{\"@type\":\"SearchAction\",\"target\":{\"@type\":\"EntryPoint\",\"urlTemplate\":\"https:\\\/\\\/veloaxe.com\\\/?s={search_term_string}\"},\"query-input\":{\"@type\":\"PropertyValueSpecification\",\"valueRequired\":true,\"valueName\":\"search_term_string\"}}],\"inLanguage\":\"fr-FR\"},{\"@type\":\"Organization\",\"@id\":\"https:\\\/\\\/veloaxe.com\\\/#organization\",\"name\":\"Tienda de bicicletas | VELOAXE\",\"url\":\"https:\\\/\\\/veloaxe.com\\\/\",\"logo\":{\"@type\":\"ImageObject\",\"inLanguage\":\"fr-FR\",\"@id\":\"https:\\\/\\\/veloaxe.com\\\/#\\\/schema\\\/logo\\\/image\\\/\",\"url\":\"https:\\\/\\\/veloaxe.com\\\/wp-content\\\/uploads\\\/2026\\\/01\\\/cropped-logo-1.jpg\",\"contentUrl\":\"https:\\\/\\\/veloaxe.com\\\/wp-content\\\/uploads\\\/2026\\\/01\\\/cropped-logo-1.jpg\",\"width\":1273,\"height\":363,\"caption\":\"Tienda de bicicletas | VELOAXE\"},\"image\":{\"@id\":\"https:\\\/\\\/veloaxe.com\\\/#\\\/schema\\\/logo\\\/image\\\/\"},\"sameAs\":[\"https:\\\/\\\/www.facebook.com\\\/veloaxe\"]}]}<\/script>\n<!-- \/ Yoast SEO plugin. -->","yoast_head_json":{"title":"KIT MUC-OFF VIAJE ULTIMATE | VELOAXE.COM","description":"KIT MUC-OFF VIAJE ULTIMATE - Productos de la marca MUC-OFF los puedes encontrar aqu\u00ed. Cepillo o producto de mantenimiento para tu bicicleta.","robots":{"index":"index","follow":"follow","max-snippet":"max-snippet:-1","max-image-preview":"max-image-preview:large","max-video-preview":"max-video-preview:-1"},"canonical":"https:\/\/veloaxe.com\/fr\/produit\/kit-muc-off-viaje-ultimate\/","og_locale":"fr_FR","og_type":"article","og_title":"KIT MUC-OFF VIAJE ULTIMATE | VELOAXE.COM","og_description":"KIT MUC-OFF VIAJE ULTIMATE - Productos de la marca MUC-OFF los puedes encontrar aqu\u00ed. Cepillo o producto de mantenimiento para tu bicicleta.","og_url":"https:\/\/veloaxe.com\/fr\/produit\/kit-muc-off-viaje-ultimate\/","og_site_name":"Tienda de bicicletas | VELOAXE","article_publisher":"https:\/\/www.facebook.com\/veloaxe","article_modified_time":"2025-05-19T07:00:20+00:00","og_image":[{"width":1000,"height":1000,"url":"https:\/\/veloaxe.com\/wp-content\/uploads\/2024\/07\/kit-muc-off-viaje-ultimate.jpg","type":"image\/jpeg"}],"twitter_card":"summary_large_image","twitter_misc":{"Dur\u00e9e de lecture estim\u00e9e":"2 minutes"},"schema":{"@context":"https:\/\/schema.org","@graph":[{"@type":"WebPage","@id":"https:\/\/veloaxe.com\/producto\/kit-muc-off-viaje-ultimate\/","url":"https:\/\/veloaxe.com\/producto\/kit-muc-off-viaje-ultimate\/","name":"KIT MUC-OFF VIAJE ULTIMATE | VELOAXE.COM","isPartOf":{"@id":"https:\/\/veloaxe.com\/#website"},"primaryImageOfPage":{"@id":"https:\/\/veloaxe.com\/producto\/kit-muc-off-viaje-ultimate\/#primaryimage"},"image":{"@id":"https:\/\/veloaxe.com\/producto\/kit-muc-off-viaje-ultimate\/#primaryimage"},"thumbnailUrl":"https:\/\/veloaxe.com\/wp-content\/uploads\/2024\/07\/kit-muc-off-viaje-ultimate.jpg","datePublished":"2024-07-08T05:57:31+00:00","dateModified":"2025-05-19T07:00:20+00:00","description":"KIT MUC-OFF VIAJE ULTIMATE - Productos de la marca MUC-OFF los puedes encontrar aqu\u00ed. Cepillo o producto de mantenimiento para tu bicicleta.","breadcrumb":{"@id":"https:\/\/veloaxe.com\/producto\/kit-muc-off-viaje-ultimate\/#breadcrumb"},"inLanguage":"fr-FR","potentialAction":[{"@type":"ReadAction","target":["https:\/\/veloaxe.com\/producto\/kit-muc-off-viaje-ultimate\/"]}]},{"@type":"ImageObject","inLanguage":"fr-FR","@id":"https:\/\/veloaxe.com\/producto\/kit-muc-off-viaje-ultimate\/#primaryimage","url":"https:\/\/veloaxe.com\/wp-content\/uploads\/2024\/07\/kit-muc-off-viaje-ultimate.jpg","contentUrl":"https:\/\/veloaxe.com\/wp-content\/uploads\/2024\/07\/kit-muc-off-viaje-ultimate.jpg","width":1000,"height":1000,"caption":"kit-muc-off-viaje-ultimate"},{"@type":"BreadcrumbList","@id":"https:\/\/veloaxe.com\/producto\/kit-muc-off-viaje-ultimate\/#breadcrumb","itemListElement":[{"@type":"ListItem","position":1,"name":"Portada","item":"https:\/\/veloaxe.com\/"},{"@type":"ListItem","position":2,"name":"Shop","item":"https:\/\/paleturquoise-herring-271034.hostingersite.com\/shop\/"},{"@type":"ListItem","position":3,"name":"KIT MUC-OFF VIAJE ULTIMATE"}]},{"@type":"WebSite","@id":"https:\/\/veloaxe.com\/#website","url":"https:\/\/veloaxe.com\/","name":"Boutique de v\u00e9lo en ligne | VELOAXE","description":"D\u00e9couvrez une large s\u00e9lection de v\u00e9los de haute qualit\u00e9, des mod\u00e8les urbains et de montagne aux v\u00e9los de route de pointe. Avec un service d'experts et des accessoires sp\u00e9cialis\u00e9s, nous nous engageons \u00e0 vous offrir la meilleure exp\u00e9rience de cyclisme.","publisher":{"@id":"https:\/\/veloaxe.com\/#organization"},"potentialAction":[{"@type":"SearchAction","target":{"@type":"EntryPoint","urlTemplate":"https:\/\/veloaxe.com\/?s={search_term_string}"},"query-input":{"@type":"PropertyValueSpecification","valueRequired":true,"valueName":"search_term_string"}}],"inLanguage":"fr-FR"},{"@type":"Organization","@id":"https:\/\/veloaxe.com\/#organization","name":"Boutique de v\u00e9lo en ligne | VELOAXE","url":"https:\/\/veloaxe.com\/","logo":{"@type":"ImageObject","inLanguage":"fr-FR","@id":"https:\/\/veloaxe.com\/#\/schema\/logo\/image\/","url":"https:\/\/veloaxe.com\/wp-content\/uploads\/2026\/01\/cropped-logo-1.jpg","contentUrl":"https:\/\/veloaxe.com\/wp-content\/uploads\/2026\/01\/cropped-logo-1.jpg","width":1273,"height":363,"caption":"Tienda de bicicletas | VELOAXE"},"image":{"@id":"https:\/\/veloaxe.com\/#\/schema\/logo\/image\/"},"sameAs":["https:\/\/www.facebook.com\/veloaxe"]}]}},"_links":{"self":[{"href":"https:\/\/veloaxe.com\/fr\/wp-json\/wp\/v2\/product\/16530","targetHints":{"allow":["GET"]}}],"collection":[{"href":"https:\/\/veloaxe.com\/fr\/wp-json\/wp\/v2\/product"}],"about":[{"href":"https:\/\/veloaxe.com\/fr\/wp-json\/wp\/v2\/types\/product"}],"replies":[{"embeddable":true,"href":"https:\/\/veloaxe.com\/fr\/wp-json\/wp\/v2\/comments?post=16530"}],"wp:featuredmedia":[{"embeddable":true,"href":"https:\/\/veloaxe.com\/fr\/wp-json\/wp\/v2\/media\/16531"}],"wp:attachment":[{"href":"https:\/\/veloaxe.com\/fr\/wp-json\/wp\/v2\/media?parent=16530"}],"wp:term":[{"taxonomy":"product_brand","embeddable":true,"href":"https:\/\/veloaxe.com\/fr\/wp-json\/wp\/v2\/product_brand?post=16530"},{"taxonomy":"product_cat","embeddable":true,"href":"https:\/\/veloaxe.com\/fr\/wp-json\/wp\/v2\/product_cat?post=16530"},{"taxonomy":"product_tag","embeddable":true,"href":"https:\/\/veloaxe.com\/fr\/wp-json\/wp\/v2\/product_tag?post=16530"}],"curies":[{"name":"wp","href":"https:\/\/api.w.org\/{rel}","templated":true}]}}