{"id":16532,"date":"2024-07-08T06:10:43","date_gmt":"2024-07-08T06:10:43","guid":{"rendered":"https:\/\/veloaxe.com\/?post_type=product&#038;p=16532"},"modified":"2025-05-19T06:58:48","modified_gmt":"2025-05-19T06:58:48","slug":"lavadora-a-presion-para-bicicleta-muc-off","status":"publish","type":"product","link":"https:\/\/veloaxe.com\/fr\/producto\/lavadora-a-presion-para-bicicleta-muc-off\/","title":{"rendered":"LAVADORA A PRESION PARA BICICLETA MUC-OFF"},"content":{"rendered":"<p><strong>LAVADORA A PRESI\u00d3N PARA BICICLETA MUC-OFF,<\/strong> presentamos la primera hidrolimpiadora del mundo dise\u00f1ada y construida exclusivamente para la limpieza de bicicletas y motocicletas.<\/p>\n<p>El limpiador a presi\u00f3n Muc-Off Bici Paquete incluye todo lo que necesita para que su moto vuelva a tener ese aspecto Nuevo de f\u00e1brica y al mismo tiempo cuide esas delicadas Cojinetes, superficies y piezas Suspensi\u00f3n . Nuestro 11 en 1 Paquete cuenta con tres lanzas para atender necesidades espec\u00edficas de limpieza, as\u00ed como una Espuma Snow Vara para transformar su botella de Nano Tech Limpiador para bicicletas en la espuma de nieve que destruye la suciedad Supremo .<\/p>\n<p>Tambi\u00e9n se incluye una bolsa seca impermeable, as\u00ed como una botella de 1L de Nano Tech Concentrado , Bike Proteger y Microfibra Cloth. \u00a1Todo lo que necesitas es una fuente de alimentaci\u00f3n y un suministro de agua y podr\u00e1s darle a tu orgullo y alegr\u00eda el Supremo profundo Limpiar que se merece!<\/p>","protected":false},"excerpt":{"rendered":"<p>LAVADORA A PRESI\u00d3N PARA BICICLETA MUC-OFF, presentamos la primera hidrolimpiadora del mundo dise\u00f1ada y construida exclusivamente para la limpieza de bicicletas y motocicletas. El limpiador a presi\u00f3n Muc-Off Bici Paquete incluye todo lo que necesita para que su moto vuelva a tener ese aspecto Nuevo de f\u00e1brica y al mismo tiempo cuide esas delicadas Cojinetes, [&hellip;]<\/p>\n","protected":false},"featured_media":16533,"comment_status":"closed","ping_status":"closed","template":"","meta":[],"product_brand":[],"product_cat":[121,122],"product_tag":[],"class_list":{"0":"post-16532","1":"product","2":"type-product","3":"status-publish","4":"has-post-thumbnail","6":"product_cat-limpiador-y-desengrasante-para-bicicleta","7":"product_cat-limpiador-y-desengrasante-de-bicicleta","8":"product_shipping_class-no-bicicletas","10":"first","11":"instock","12":"sale","13":"shipping-taxable","14":"purchasable","15":"product-type-simple"},"yoast_head":"<!-- This site is optimized with the Yoast SEO plugin v27.6 - https:\/\/yoast.com\/product\/yoast-seo-wordpress\/ -->\n<title>LAVADORA A PRESION BICICLETA MUC-OFF | VELOAXE.COM<\/title>\n<meta name=\"description\" content=\"LAVADORA A PRESION BICICLETA MUC-OFF - Productos de la marca MUC-OFF los puedes encontrar aqu\u00ed. Cepillo o producto de mantenimiento para tu bicicleta.\" \/>\n<meta name=\"robots\" content=\"index, follow, max-snippet:-1, max-image-preview:large, max-video-preview:-1\" \/>\n<link rel=\"canonical\" href=\"https:\/\/veloaxe.com\/fr\/produit\/lavadora-a-presion-para-bicicleta-muc-off\/\" \/>\n<meta property=\"og:locale\" content=\"fr_FR\" \/>\n<meta property=\"og:type\" content=\"article\" \/>\n<meta property=\"og:title\" content=\"LAVADORA A PRESION BICICLETA MUC-OFF | VELOAXE.COM\" \/>\n<meta property=\"og:description\" content=\"LAVADORA A PRESION BICICLETA MUC-OFF - Productos de la marca MUC-OFF los puedes encontrar aqu\u00ed. Cepillo o producto de mantenimiento para tu bicicleta.\" \/>\n<meta property=\"og:url\" content=\"https:\/\/veloaxe.com\/fr\/produit\/lavadora-a-presion-para-bicicleta-muc-off\/\" \/>\n<meta property=\"og:site_name\" content=\"Tienda de bicicletas | VELOAXE\" \/>\n<meta property=\"article:publisher\" content=\"https:\/\/www.facebook.com\/veloaxe\" \/>\n<meta property=\"article:modified_time\" content=\"2025-05-19T06:58:48+00:00\" \/>\n<meta property=\"og:image\" content=\"https:\/\/veloaxe.com\/wp-content\/uploads\/2024\/07\/lavadora-a-presion-para-bicicleta-muc-off.jpg\" \/>\n\t<meta property=\"og:image:width\" content=\"1000\" \/>\n\t<meta property=\"og:image:height\" content=\"1000\" \/>\n\t<meta property=\"og:image:type\" content=\"image\/jpeg\" \/>\n<meta name=\"twitter:card\" content=\"summary_large_image\" \/>\n<meta name=\"twitter:label1\" content=\"Dur\u00e9e de lecture estim\u00e9e\" \/>\n\t<meta name=\"twitter:data1\" content=\"1 minute\" \/>\n<script type=\"application\/ld+json\" class=\"yoast-schema-graph\">{\"@context\":\"https:\\\/\\\/schema.org\",\"@graph\":[{\"@type\":\"WebPage\",\"@id\":\"https:\\\/\\\/veloaxe.com\\\/producto\\\/lavadora-a-presion-para-bicicleta-muc-off\\\/\",\"url\":\"https:\\\/\\\/veloaxe.com\\\/producto\\\/lavadora-a-presion-para-bicicleta-muc-off\\\/\",\"name\":\"LAVADORA A PRESION BICICLETA MUC-OFF | VELOAXE.COM\",\"isPartOf\":{\"@id\":\"https:\\\/\\\/veloaxe.com\\\/#website\"},\"primaryImageOfPage\":{\"@id\":\"https:\\\/\\\/veloaxe.com\\\/producto\\\/lavadora-a-presion-para-bicicleta-muc-off\\\/#primaryimage\"},\"image\":{\"@id\":\"https:\\\/\\\/veloaxe.com\\\/producto\\\/lavadora-a-presion-para-bicicleta-muc-off\\\/#primaryimage\"},\"thumbnailUrl\":\"https:\\\/\\\/veloaxe.com\\\/wp-content\\\/uploads\\\/2024\\\/07\\\/lavadora-a-presion-para-bicicleta-muc-off.jpg\",\"datePublished\":\"2024-07-08T06:10:43+00:00\",\"dateModified\":\"2025-05-19T06:58:48+00:00\",\"description\":\"LAVADORA A PRESION BICICLETA MUC-OFF - Productos de la marca MUC-OFF los puedes encontrar aqu\u00ed. Cepillo o producto de mantenimiento para tu bicicleta.\",\"breadcrumb\":{\"@id\":\"https:\\\/\\\/veloaxe.com\\\/producto\\\/lavadora-a-presion-para-bicicleta-muc-off\\\/#breadcrumb\"},\"inLanguage\":\"fr-FR\",\"potentialAction\":[{\"@type\":\"ReadAction\",\"target\":[\"https:\\\/\\\/veloaxe.com\\\/producto\\\/lavadora-a-presion-para-bicicleta-muc-off\\\/\"]}]},{\"@type\":\"ImageObject\",\"inLanguage\":\"fr-FR\",\"@id\":\"https:\\\/\\\/veloaxe.com\\\/producto\\\/lavadora-a-presion-para-bicicleta-muc-off\\\/#primaryimage\",\"url\":\"https:\\\/\\\/veloaxe.com\\\/wp-content\\\/uploads\\\/2024\\\/07\\\/lavadora-a-presion-para-bicicleta-muc-off.jpg\",\"contentUrl\":\"https:\\\/\\\/veloaxe.com\\\/wp-content\\\/uploads\\\/2024\\\/07\\\/lavadora-a-presion-para-bicicleta-muc-off.jpg\",\"width\":1000,\"height\":1000,\"caption\":\"lavadora-a-presion-para-bicicleta-muc-off\"},{\"@type\":\"BreadcrumbList\",\"@id\":\"https:\\\/\\\/veloaxe.com\\\/producto\\\/lavadora-a-presion-para-bicicleta-muc-off\\\/#breadcrumb\",\"itemListElement\":[{\"@type\":\"ListItem\",\"position\":1,\"name\":\"Portada\",\"item\":\"https:\\\/\\\/veloaxe.com\\\/\"},{\"@type\":\"ListItem\",\"position\":2,\"name\":\"Shop\",\"item\":\"https:\\\/\\\/paleturquoise-herring-271034.hostingersite.com\\\/shop\\\/\"},{\"@type\":\"ListItem\",\"position\":3,\"name\":\"LAVADORA A PRESION PARA BICICLETA MUC-OFF\"}]},{\"@type\":\"WebSite\",\"@id\":\"https:\\\/\\\/veloaxe.com\\\/#website\",\"url\":\"https:\\\/\\\/veloaxe.com\\\/\",\"name\":\"Tienda de bicicletas | VELOAXE\",\"description\":\"Descubre una amplia selecci\u00f3n de bicicletas de alta calidad, desde modelos urbanos y de monta\u00f1a hasta bicicletas de carretera de \u00faltima generaci\u00f3n. Con un servicio experto y accesorios especializados, estamos comprometidos a brindarte la mejor experiencia ciclista.\",\"publisher\":{\"@id\":\"https:\\\/\\\/veloaxe.com\\\/#organization\"},\"potentialAction\":[{\"@type\":\"SearchAction\",\"target\":{\"@type\":\"EntryPoint\",\"urlTemplate\":\"https:\\\/\\\/veloaxe.com\\\/?s={search_term_string}\"},\"query-input\":{\"@type\":\"PropertyValueSpecification\",\"valueRequired\":true,\"valueName\":\"search_term_string\"}}],\"inLanguage\":\"fr-FR\"},{\"@type\":\"Organization\",\"@id\":\"https:\\\/\\\/veloaxe.com\\\/#organization\",\"name\":\"Tienda de bicicletas | VELOAXE\",\"url\":\"https:\\\/\\\/veloaxe.com\\\/\",\"logo\":{\"@type\":\"ImageObject\",\"inLanguage\":\"fr-FR\",\"@id\":\"https:\\\/\\\/veloaxe.com\\\/#\\\/schema\\\/logo\\\/image\\\/\",\"url\":\"https:\\\/\\\/veloaxe.com\\\/wp-content\\\/uploads\\\/2026\\\/01\\\/cropped-logo-1.jpg\",\"contentUrl\":\"https:\\\/\\\/veloaxe.com\\\/wp-content\\\/uploads\\\/2026\\\/01\\\/cropped-logo-1.jpg\",\"width\":1273,\"height\":363,\"caption\":\"Tienda de bicicletas | VELOAXE\"},\"image\":{\"@id\":\"https:\\\/\\\/veloaxe.com\\\/#\\\/schema\\\/logo\\\/image\\\/\"},\"sameAs\":[\"https:\\\/\\\/www.facebook.com\\\/veloaxe\"]}]}<\/script>\n<!-- \/ Yoast SEO plugin. -->","yoast_head_json":{"title":"LAVADORA A PRESION BICICLETA MUC-OFF | VELOAXE.COM","description":"LAVADORA A PRESION BICICLETA MUC-OFF - Productos de la marca MUC-OFF los puedes encontrar aqu\u00ed. Cepillo o producto de mantenimiento para tu bicicleta.","robots":{"index":"index","follow":"follow","max-snippet":"max-snippet:-1","max-image-preview":"max-image-preview:large","max-video-preview":"max-video-preview:-1"},"canonical":"https:\/\/veloaxe.com\/fr\/produit\/lavadora-a-presion-para-bicicleta-muc-off\/","og_locale":"fr_FR","og_type":"article","og_title":"LAVADORA A PRESION BICICLETA MUC-OFF | VELOAXE.COM","og_description":"LAVADORA A PRESION BICICLETA MUC-OFF - Productos de la marca MUC-OFF los puedes encontrar aqu\u00ed. Cepillo o producto de mantenimiento para tu bicicleta.","og_url":"https:\/\/veloaxe.com\/fr\/produit\/lavadora-a-presion-para-bicicleta-muc-off\/","og_site_name":"Tienda de bicicletas | VELOAXE","article_publisher":"https:\/\/www.facebook.com\/veloaxe","article_modified_time":"2025-05-19T06:58:48+00:00","og_image":[{"width":1000,"height":1000,"url":"https:\/\/veloaxe.com\/wp-content\/uploads\/2024\/07\/lavadora-a-presion-para-bicicleta-muc-off.jpg","type":"image\/jpeg"}],"twitter_card":"summary_large_image","twitter_misc":{"Dur\u00e9e de lecture estim\u00e9e":"1 minute"},"schema":{"@context":"https:\/\/schema.org","@graph":[{"@type":"WebPage","@id":"https:\/\/veloaxe.com\/producto\/lavadora-a-presion-para-bicicleta-muc-off\/","url":"https:\/\/veloaxe.com\/producto\/lavadora-a-presion-para-bicicleta-muc-off\/","name":"LAVADORA A PRESION BICICLETA MUC-OFF | VELOAXE.COM","isPartOf":{"@id":"https:\/\/veloaxe.com\/#website"},"primaryImageOfPage":{"@id":"https:\/\/veloaxe.com\/producto\/lavadora-a-presion-para-bicicleta-muc-off\/#primaryimage"},"image":{"@id":"https:\/\/veloaxe.com\/producto\/lavadora-a-presion-para-bicicleta-muc-off\/#primaryimage"},"thumbnailUrl":"https:\/\/veloaxe.com\/wp-content\/uploads\/2024\/07\/lavadora-a-presion-para-bicicleta-muc-off.jpg","datePublished":"2024-07-08T06:10:43+00:00","dateModified":"2025-05-19T06:58:48+00:00","description":"LAVADORA A PRESION BICICLETA MUC-OFF - Productos de la marca MUC-OFF los puedes encontrar aqu\u00ed. Cepillo o producto de mantenimiento para tu bicicleta.","breadcrumb":{"@id":"https:\/\/veloaxe.com\/producto\/lavadora-a-presion-para-bicicleta-muc-off\/#breadcrumb"},"inLanguage":"fr-FR","potentialAction":[{"@type":"ReadAction","target":["https:\/\/veloaxe.com\/producto\/lavadora-a-presion-para-bicicleta-muc-off\/"]}]},{"@type":"ImageObject","inLanguage":"fr-FR","@id":"https:\/\/veloaxe.com\/producto\/lavadora-a-presion-para-bicicleta-muc-off\/#primaryimage","url":"https:\/\/veloaxe.com\/wp-content\/uploads\/2024\/07\/lavadora-a-presion-para-bicicleta-muc-off.jpg","contentUrl":"https:\/\/veloaxe.com\/wp-content\/uploads\/2024\/07\/lavadora-a-presion-para-bicicleta-muc-off.jpg","width":1000,"height":1000,"caption":"lavadora-a-presion-para-bicicleta-muc-off"},{"@type":"BreadcrumbList","@id":"https:\/\/veloaxe.com\/producto\/lavadora-a-presion-para-bicicleta-muc-off\/#breadcrumb","itemListElement":[{"@type":"ListItem","position":1,"name":"Portada","item":"https:\/\/veloaxe.com\/"},{"@type":"ListItem","position":2,"name":"Shop","item":"https:\/\/paleturquoise-herring-271034.hostingersite.com\/shop\/"},{"@type":"ListItem","position":3,"name":"LAVADORA A PRESION PARA BICICLETA MUC-OFF"}]},{"@type":"WebSite","@id":"https:\/\/veloaxe.com\/#website","url":"https:\/\/veloaxe.com\/","name":"Boutique de v\u00e9lo en ligne | VELOAXE","description":"D\u00e9couvrez une large s\u00e9lection de v\u00e9los de haute qualit\u00e9, des mod\u00e8les urbains et de montagne aux v\u00e9los de route de pointe. Avec un service d'experts et des accessoires sp\u00e9cialis\u00e9s, nous nous engageons \u00e0 vous offrir la meilleure exp\u00e9rience de cyclisme.","publisher":{"@id":"https:\/\/veloaxe.com\/#organization"},"potentialAction":[{"@type":"SearchAction","target":{"@type":"EntryPoint","urlTemplate":"https:\/\/veloaxe.com\/?s={search_term_string}"},"query-input":{"@type":"PropertyValueSpecification","valueRequired":true,"valueName":"search_term_string"}}],"inLanguage":"fr-FR"},{"@type":"Organization","@id":"https:\/\/veloaxe.com\/#organization","name":"Boutique de v\u00e9lo en ligne | VELOAXE","url":"https:\/\/veloaxe.com\/","logo":{"@type":"ImageObject","inLanguage":"fr-FR","@id":"https:\/\/veloaxe.com\/#\/schema\/logo\/image\/","url":"https:\/\/veloaxe.com\/wp-content\/uploads\/2026\/01\/cropped-logo-1.jpg","contentUrl":"https:\/\/veloaxe.com\/wp-content\/uploads\/2026\/01\/cropped-logo-1.jpg","width":1273,"height":363,"caption":"Tienda de bicicletas | VELOAXE"},"image":{"@id":"https:\/\/veloaxe.com\/#\/schema\/logo\/image\/"},"sameAs":["https:\/\/www.facebook.com\/veloaxe"]}]}},"_links":{"self":[{"href":"https:\/\/veloaxe.com\/fr\/wp-json\/wp\/v2\/product\/16532","targetHints":{"allow":["GET"]}}],"collection":[{"href":"https:\/\/veloaxe.com\/fr\/wp-json\/wp\/v2\/product"}],"about":[{"href":"https:\/\/veloaxe.com\/fr\/wp-json\/wp\/v2\/types\/product"}],"replies":[{"embeddable":true,"href":"https:\/\/veloaxe.com\/fr\/wp-json\/wp\/v2\/comments?post=16532"}],"wp:featuredmedia":[{"embeddable":true,"href":"https:\/\/veloaxe.com\/fr\/wp-json\/wp\/v2\/media\/16533"}],"wp:attachment":[{"href":"https:\/\/veloaxe.com\/fr\/wp-json\/wp\/v2\/media?parent=16532"}],"wp:term":[{"taxonomy":"product_brand","embeddable":true,"href":"https:\/\/veloaxe.com\/fr\/wp-json\/wp\/v2\/product_brand?post=16532"},{"taxonomy":"product_cat","embeddable":true,"href":"https:\/\/veloaxe.com\/fr\/wp-json\/wp\/v2\/product_cat?post=16532"},{"taxonomy":"product_tag","embeddable":true,"href":"https:\/\/veloaxe.com\/fr\/wp-json\/wp\/v2\/product_tag?post=16532"}],"curies":[{"name":"wp","href":"https:\/\/api.w.org\/{rel}","templated":true}]}}