{"id":16575,"date":"2024-09-04T06:23:01","date_gmt":"2024-09-04T06:23:01","guid":{"rendered":"https:\/\/veloaxe.com\/?post_type=product&#038;p=16575"},"modified":"2025-05-17T05:03:51","modified_gmt":"2025-05-17T05:03:51","slug":"limpiador-muc-off-bici-sin-agua-750ml","status":"publish","type":"product","link":"https:\/\/veloaxe.com\/fr\/producto\/limpiador-muc-off-bici-sin-agua-750ml\/","title":{"rendered":"LIMPIADOR MUC-OFF BICI SIN AGUA 750ml"},"content":{"rendered":"<p><strong><em>LIMPIADOR MUC-OFF BICI SIN AGUA 750ml<\/em> &#8211; <\/strong>Muc-Off Waterless Wash es un spray muy avanzado y f\u00e1cil de usar que limpia y abrillanta en segundos sin necesidad de agua. Detalla toda su moto, Motocicleta o coche en segundos dejando un brillo sin rayas. Su innovadora f\u00f3rmula est\u00e1 dise\u00f1ada para encapsular la suciedad de la superficie y evitar que se raye. Util\u00edcelo para eliminar los contaminantes ligeros entre los lavados principales.<\/p>\n<p><strong><em>CARACTERISTICA LIMPIADOR MUC-OFF BICI SIN AGUA<\/em> <\/strong>:<\/p>\n<ul>\n<li>Limpia y abrillanta en una sola aplicaci\u00f3n<\/li>\n<li>No hace falta agua.<\/li>\n<li>El brillo dura mucho tiempo<\/li>\n<li>No hay polvo ni rayas residuales<\/li>\n<li>No pegajoso<\/li>\n<li>Sin polvo<\/li>\n<li>Adecuado para su uso en bicicletas, motocicletas, coches y veh\u00edculos recreativos<\/li>\n<\/ul>\n<p>&nbsp;<\/p>","protected":false},"excerpt":{"rendered":"<p>LIMPIADOR MUC-OFF BICI SIN AGUA 750ml &#8211; Muc-Off Waterless Wash es un spray muy avanzado y f\u00e1cil de usar que limpia y abrillanta en segundos sin necesidad de agua. Detalla toda su moto, Motocicleta o coche en segundos dejando un brillo sin rayas. Su innovadora f\u00f3rmula est\u00e1 dise\u00f1ada para encapsular la suciedad de la superficie [&hellip;]<\/p>\n","protected":false},"featured_media":16576,"comment_status":"closed","ping_status":"closed","template":"","meta":[],"product_brand":[],"product_cat":[121,122],"product_tag":[],"class_list":{"0":"post-16575","1":"product","2":"type-product","3":"status-publish","4":"has-post-thumbnail","6":"product_cat-limpiador-y-desengrasante-para-bicicleta","7":"product_cat-limpiador-y-desengrasante-de-bicicleta","8":"product_shipping_class-no-bicicletas","10":"first","11":"instock","12":"sale","13":"shipping-taxable","14":"purchasable","15":"product-type-simple"},"yoast_head":"<!-- This site is optimized with the Yoast SEO plugin v27.6 - https:\/\/yoast.com\/product\/yoast-seo-wordpress\/ -->\n<title>LIMPIADOR MUC-OFF BICI SIN AGUA 750ml | VELOAXE.COM<\/title>\n<meta name=\"description\" content=\"LIMPIADOR MUC-OFF BICI SIN AGUA 750ml - Productos de la marca MUC-OFF los puedes encontrar aqu\u00ed. Cepillo o producto de mantenimiento para tu bicicleta.\" \/>\n<meta name=\"robots\" content=\"index, follow, max-snippet:-1, max-image-preview:large, max-video-preview:-1\" \/>\n<link rel=\"canonical\" href=\"https:\/\/veloaxe.com\/fr\/produit\/limpiador-muc-off-bici-sin-agua-750ml\/\" \/>\n<meta property=\"og:locale\" content=\"fr_FR\" \/>\n<meta property=\"og:type\" content=\"article\" \/>\n<meta property=\"og:title\" content=\"LIMPIADOR MUC-OFF BICI SIN AGUA 750ml | VELOAXE.COM\" \/>\n<meta property=\"og:description\" content=\"LIMPIADOR MUC-OFF BICI SIN AGUA 750ml - Productos de la marca MUC-OFF los puedes encontrar aqu\u00ed. Cepillo o producto de mantenimiento para tu bicicleta.\" \/>\n<meta property=\"og:url\" content=\"https:\/\/veloaxe.com\/fr\/produit\/limpiador-muc-off-bici-sin-agua-750ml\/\" \/>\n<meta property=\"og:site_name\" content=\"Tienda de bicicletas | VELOAXE\" \/>\n<meta property=\"article:publisher\" content=\"https:\/\/www.facebook.com\/veloaxe\" \/>\n<meta property=\"article:modified_time\" content=\"2025-05-17T05:03:51+00:00\" \/>\n<meta property=\"og:image\" content=\"https:\/\/veloaxe.com\/wp-content\/uploads\/2024\/09\/limpiador-muc-off-bici-sin-agua.jpg\" \/>\n\t<meta property=\"og:image:width\" content=\"1000\" \/>\n\t<meta property=\"og:image:height\" content=\"1000\" \/>\n\t<meta property=\"og:image:type\" content=\"image\/jpeg\" \/>\n<meta name=\"twitter:card\" content=\"summary_large_image\" \/>\n<meta name=\"twitter:label1\" content=\"Dur\u00e9e de lecture estim\u00e9e\" \/>\n\t<meta name=\"twitter:data1\" content=\"1 minute\" \/>\n<script type=\"application\/ld+json\" class=\"yoast-schema-graph\">{\"@context\":\"https:\\\/\\\/schema.org\",\"@graph\":[{\"@type\":\"WebPage\",\"@id\":\"https:\\\/\\\/veloaxe.com\\\/producto\\\/limpiador-muc-off-bici-sin-agua-750ml\\\/\",\"url\":\"https:\\\/\\\/veloaxe.com\\\/producto\\\/limpiador-muc-off-bici-sin-agua-750ml\\\/\",\"name\":\"LIMPIADOR MUC-OFF BICI SIN AGUA 750ml | VELOAXE.COM\",\"isPartOf\":{\"@id\":\"https:\\\/\\\/veloaxe.com\\\/#website\"},\"primaryImageOfPage\":{\"@id\":\"https:\\\/\\\/veloaxe.com\\\/producto\\\/limpiador-muc-off-bici-sin-agua-750ml\\\/#primaryimage\"},\"image\":{\"@id\":\"https:\\\/\\\/veloaxe.com\\\/producto\\\/limpiador-muc-off-bici-sin-agua-750ml\\\/#primaryimage\"},\"thumbnailUrl\":\"https:\\\/\\\/veloaxe.com\\\/wp-content\\\/uploads\\\/2024\\\/09\\\/limpiador-muc-off-bici-sin-agua.jpg\",\"datePublished\":\"2024-09-04T06:23:01+00:00\",\"dateModified\":\"2025-05-17T05:03:51+00:00\",\"description\":\"LIMPIADOR MUC-OFF BICI SIN AGUA 750ml - Productos de la marca MUC-OFF los puedes encontrar aqu\u00ed. Cepillo o producto de mantenimiento para tu bicicleta.\",\"breadcrumb\":{\"@id\":\"https:\\\/\\\/veloaxe.com\\\/producto\\\/limpiador-muc-off-bici-sin-agua-750ml\\\/#breadcrumb\"},\"inLanguage\":\"fr-FR\",\"potentialAction\":[{\"@type\":\"ReadAction\",\"target\":[\"https:\\\/\\\/veloaxe.com\\\/producto\\\/limpiador-muc-off-bici-sin-agua-750ml\\\/\"]}]},{\"@type\":\"ImageObject\",\"inLanguage\":\"fr-FR\",\"@id\":\"https:\\\/\\\/veloaxe.com\\\/producto\\\/limpiador-muc-off-bici-sin-agua-750ml\\\/#primaryimage\",\"url\":\"https:\\\/\\\/veloaxe.com\\\/wp-content\\\/uploads\\\/2024\\\/09\\\/limpiador-muc-off-bici-sin-agua.jpg\",\"contentUrl\":\"https:\\\/\\\/veloaxe.com\\\/wp-content\\\/uploads\\\/2024\\\/09\\\/limpiador-muc-off-bici-sin-agua.jpg\",\"width\":1000,\"height\":1000,\"caption\":\"limpiador-muc-off-bici-sin-agua\"},{\"@type\":\"BreadcrumbList\",\"@id\":\"https:\\\/\\\/veloaxe.com\\\/producto\\\/limpiador-muc-off-bici-sin-agua-750ml\\\/#breadcrumb\",\"itemListElement\":[{\"@type\":\"ListItem\",\"position\":1,\"name\":\"Portada\",\"item\":\"https:\\\/\\\/veloaxe.com\\\/\"},{\"@type\":\"ListItem\",\"position\":2,\"name\":\"Shop\",\"item\":\"https:\\\/\\\/paleturquoise-herring-271034.hostingersite.com\\\/shop\\\/\"},{\"@type\":\"ListItem\",\"position\":3,\"name\":\"LIMPIADOR MUC-OFF BICI SIN AGUA 750ml\"}]},{\"@type\":\"WebSite\",\"@id\":\"https:\\\/\\\/veloaxe.com\\\/#website\",\"url\":\"https:\\\/\\\/veloaxe.com\\\/\",\"name\":\"Tienda de bicicletas | VELOAXE\",\"description\":\"Descubre una amplia selecci\u00f3n de bicicletas de alta calidad, desde modelos urbanos y de monta\u00f1a hasta bicicletas de carretera de \u00faltima generaci\u00f3n. Con un servicio experto y accesorios especializados, estamos comprometidos a brindarte la mejor experiencia ciclista.\",\"publisher\":{\"@id\":\"https:\\\/\\\/veloaxe.com\\\/#organization\"},\"potentialAction\":[{\"@type\":\"SearchAction\",\"target\":{\"@type\":\"EntryPoint\",\"urlTemplate\":\"https:\\\/\\\/veloaxe.com\\\/?s={search_term_string}\"},\"query-input\":{\"@type\":\"PropertyValueSpecification\",\"valueRequired\":true,\"valueName\":\"search_term_string\"}}],\"inLanguage\":\"fr-FR\"},{\"@type\":\"Organization\",\"@id\":\"https:\\\/\\\/veloaxe.com\\\/#organization\",\"name\":\"Tienda de bicicletas | VELOAXE\",\"url\":\"https:\\\/\\\/veloaxe.com\\\/\",\"logo\":{\"@type\":\"ImageObject\",\"inLanguage\":\"fr-FR\",\"@id\":\"https:\\\/\\\/veloaxe.com\\\/#\\\/schema\\\/logo\\\/image\\\/\",\"url\":\"https:\\\/\\\/veloaxe.com\\\/wp-content\\\/uploads\\\/2026\\\/01\\\/cropped-logo-1.jpg\",\"contentUrl\":\"https:\\\/\\\/veloaxe.com\\\/wp-content\\\/uploads\\\/2026\\\/01\\\/cropped-logo-1.jpg\",\"width\":1273,\"height\":363,\"caption\":\"Tienda de bicicletas | VELOAXE\"},\"image\":{\"@id\":\"https:\\\/\\\/veloaxe.com\\\/#\\\/schema\\\/logo\\\/image\\\/\"},\"sameAs\":[\"https:\\\/\\\/www.facebook.com\\\/veloaxe\"]}]}<\/script>\n<!-- \/ Yoast SEO plugin. -->","yoast_head_json":{"title":"LIMPIADOR MUC-OFF BICI SIN AGUA 750ml | VELOAXE.COM","description":"LIMPIADOR MUC-OFF BICI SIN AGUA 750ml - Productos de la marca MUC-OFF los puedes encontrar aqu\u00ed. Cepillo o producto de mantenimiento para tu bicicleta.","robots":{"index":"index","follow":"follow","max-snippet":"max-snippet:-1","max-image-preview":"max-image-preview:large","max-video-preview":"max-video-preview:-1"},"canonical":"https:\/\/veloaxe.com\/fr\/produit\/limpiador-muc-off-bici-sin-agua-750ml\/","og_locale":"fr_FR","og_type":"article","og_title":"LIMPIADOR MUC-OFF BICI SIN AGUA 750ml | VELOAXE.COM","og_description":"LIMPIADOR MUC-OFF BICI SIN AGUA 750ml - Productos de la marca MUC-OFF los puedes encontrar aqu\u00ed. Cepillo o producto de mantenimiento para tu bicicleta.","og_url":"https:\/\/veloaxe.com\/fr\/produit\/limpiador-muc-off-bici-sin-agua-750ml\/","og_site_name":"Tienda de bicicletas | VELOAXE","article_publisher":"https:\/\/www.facebook.com\/veloaxe","article_modified_time":"2025-05-17T05:03:51+00:00","og_image":[{"width":1000,"height":1000,"url":"https:\/\/veloaxe.com\/wp-content\/uploads\/2024\/09\/limpiador-muc-off-bici-sin-agua.jpg","type":"image\/jpeg"}],"twitter_card":"summary_large_image","twitter_misc":{"Dur\u00e9e de lecture estim\u00e9e":"1 minute"},"schema":{"@context":"https:\/\/schema.org","@graph":[{"@type":"WebPage","@id":"https:\/\/veloaxe.com\/producto\/limpiador-muc-off-bici-sin-agua-750ml\/","url":"https:\/\/veloaxe.com\/producto\/limpiador-muc-off-bici-sin-agua-750ml\/","name":"LIMPIADOR MUC-OFF BICI SIN AGUA 750ml | VELOAXE.COM","isPartOf":{"@id":"https:\/\/veloaxe.com\/#website"},"primaryImageOfPage":{"@id":"https:\/\/veloaxe.com\/producto\/limpiador-muc-off-bici-sin-agua-750ml\/#primaryimage"},"image":{"@id":"https:\/\/veloaxe.com\/producto\/limpiador-muc-off-bici-sin-agua-750ml\/#primaryimage"},"thumbnailUrl":"https:\/\/veloaxe.com\/wp-content\/uploads\/2024\/09\/limpiador-muc-off-bici-sin-agua.jpg","datePublished":"2024-09-04T06:23:01+00:00","dateModified":"2025-05-17T05:03:51+00:00","description":"LIMPIADOR MUC-OFF BICI SIN AGUA 750ml - Productos de la marca MUC-OFF los puedes encontrar aqu\u00ed. Cepillo o producto de mantenimiento para tu bicicleta.","breadcrumb":{"@id":"https:\/\/veloaxe.com\/producto\/limpiador-muc-off-bici-sin-agua-750ml\/#breadcrumb"},"inLanguage":"fr-FR","potentialAction":[{"@type":"ReadAction","target":["https:\/\/veloaxe.com\/producto\/limpiador-muc-off-bici-sin-agua-750ml\/"]}]},{"@type":"ImageObject","inLanguage":"fr-FR","@id":"https:\/\/veloaxe.com\/producto\/limpiador-muc-off-bici-sin-agua-750ml\/#primaryimage","url":"https:\/\/veloaxe.com\/wp-content\/uploads\/2024\/09\/limpiador-muc-off-bici-sin-agua.jpg","contentUrl":"https:\/\/veloaxe.com\/wp-content\/uploads\/2024\/09\/limpiador-muc-off-bici-sin-agua.jpg","width":1000,"height":1000,"caption":"limpiador-muc-off-bici-sin-agua"},{"@type":"BreadcrumbList","@id":"https:\/\/veloaxe.com\/producto\/limpiador-muc-off-bici-sin-agua-750ml\/#breadcrumb","itemListElement":[{"@type":"ListItem","position":1,"name":"Portada","item":"https:\/\/veloaxe.com\/"},{"@type":"ListItem","position":2,"name":"Shop","item":"https:\/\/paleturquoise-herring-271034.hostingersite.com\/shop\/"},{"@type":"ListItem","position":3,"name":"LIMPIADOR MUC-OFF BICI SIN AGUA 750ml"}]},{"@type":"WebSite","@id":"https:\/\/veloaxe.com\/#website","url":"https:\/\/veloaxe.com\/","name":"Boutique de v\u00e9lo en ligne | VELOAXE","description":"Descubre una amplia selecci\u00f3n de bicicletas de alta calidad, desde modelos urbanos y de monta\u00f1a hasta bicicletas de carretera de \u00faltima generaci\u00f3n. Con un servicio experto y accesorios especializados, estamos comprometidos a brindarte la mejor experiencia ciclista.","publisher":{"@id":"https:\/\/veloaxe.com\/#organization"},"potentialAction":[{"@type":"SearchAction","target":{"@type":"EntryPoint","urlTemplate":"https:\/\/veloaxe.com\/?s={search_term_string}"},"query-input":{"@type":"PropertyValueSpecification","valueRequired":true,"valueName":"search_term_string"}}],"inLanguage":"fr-FR"},{"@type":"Organization","@id":"https:\/\/veloaxe.com\/#organization","name":"Boutique de v\u00e9lo en ligne | VELOAXE","url":"https:\/\/veloaxe.com\/","logo":{"@type":"ImageObject","inLanguage":"fr-FR","@id":"https:\/\/veloaxe.com\/#\/schema\/logo\/image\/","url":"https:\/\/veloaxe.com\/wp-content\/uploads\/2026\/01\/cropped-logo-1.jpg","contentUrl":"https:\/\/veloaxe.com\/wp-content\/uploads\/2026\/01\/cropped-logo-1.jpg","width":1273,"height":363,"caption":"Tienda de bicicletas | VELOAXE"},"image":{"@id":"https:\/\/veloaxe.com\/#\/schema\/logo\/image\/"},"sameAs":["https:\/\/www.facebook.com\/veloaxe"]}]}},"_links":{"self":[{"href":"https:\/\/veloaxe.com\/fr\/wp-json\/wp\/v2\/product\/16575","targetHints":{"allow":["GET"]}}],"collection":[{"href":"https:\/\/veloaxe.com\/fr\/wp-json\/wp\/v2\/product"}],"about":[{"href":"https:\/\/veloaxe.com\/fr\/wp-json\/wp\/v2\/types\/product"}],"replies":[{"embeddable":true,"href":"https:\/\/veloaxe.com\/fr\/wp-json\/wp\/v2\/comments?post=16575"}],"wp:featuredmedia":[{"embeddable":true,"href":"https:\/\/veloaxe.com\/fr\/wp-json\/wp\/v2\/media\/16576"}],"wp:attachment":[{"href":"https:\/\/veloaxe.com\/fr\/wp-json\/wp\/v2\/media?parent=16575"}],"wp:term":[{"taxonomy":"product_brand","embeddable":true,"href":"https:\/\/veloaxe.com\/fr\/wp-json\/wp\/v2\/product_brand?post=16575"},{"taxonomy":"product_cat","embeddable":true,"href":"https:\/\/veloaxe.com\/fr\/wp-json\/wp\/v2\/product_cat?post=16575"},{"taxonomy":"product_tag","embeddable":true,"href":"https:\/\/veloaxe.com\/fr\/wp-json\/wp\/v2\/product_tag?post=16575"}],"curies":[{"name":"wp","href":"https:\/\/api.w.org\/{rel}","templated":true}]}}