{"id":16598,"date":"2024-09-05T12:39:44","date_gmt":"2024-09-05T12:39:44","guid":{"rendered":"https:\/\/veloaxe.com\/?post_type=product&#038;p=16598"},"modified":"2025-05-17T04:40:53","modified_gmt":"2025-05-17T04:40:53","slug":"lubricante-cadena-muc-off-clima-humedo-300ml","status":"publish","type":"product","link":"https:\/\/veloaxe.com\/fr\/producto\/lubricante-cadena-muc-off-clima-humedo-300ml\/","title":{"rendered":"LUBRICANTE CADENA MUC-OFF CLIMA HUMEDO 300ml"},"content":{"rendered":"<p><strong><em>LUBRICANTE CADENA MUC-OFF CLIMA HUMEDO 300 ml<\/em>\u00a0\u2013 <\/strong>Muc-Off Wet Chain Lubricar es un lubricante y aceite para cadenas de larga duraci\u00f3n Bici que ha sido espec\u00edficamente formulado para sobresalir en largas distancias en condiciones de humedad o barro. Nuestra f\u00f3rmula de \u00faltima generaci\u00f3n se ha derivado de ingredientes naturales y se ha fabricado completamente a partir de fuentes renovables. Muc-Off Wet Chain Lubricar penetra profundamente en el n\u00facleo de su eslab\u00f3n de cadena para proporcionar una lubricaci\u00f3n duradera y una protecci\u00f3n total. Nuestros &#8220;aditivos de extrema presi\u00f3n&#8221; integrales cubren cada parte del eslab\u00f3n para proporcionar un cambio de marcha suave como la seda y una cadena de transmisi\u00f3n ultra eficiente.<\/p>\n<p><strong><em>CARACTERISTICA LUBRICANTE MUC-OFF CLIMA HUMEDO 300 ml <\/em><\/strong>:<\/p>\n<ul>\n<li>Garantiza unos cambios de marcha suaves como la seda<\/li>\n<li>Reduce la fricci\u00f3n y el consumo de energ\u00eda<\/li>\n<li>Repele el agua para proteger la cadena y los componentes<\/li>\n<li>Excelente en condiciones de conducci\u00f3n h\u00fameda y fangosa<\/li>\n<li>Aditivos de extrema presi\u00f3n para aumentar la eficiencia<\/li>\n<li>F\u00f3rmula a base de aceite vegetal para una protecci\u00f3n ecol\u00f3gica<\/li>\n<li>*Biodegradable<\/li>\n<li>Sistema de pipetas para facilitar la aplicaci\u00f3n<\/li>\n<li>Puede aplicarse a la cadena, los cambios, los cables y los desviadores<\/li>\n<li>Ideal para MTB, carretera y ciclocross<\/li>\n<li>*S\u00f3lo el contenido es biodegradable.<\/li>\n<\/ul>","protected":false},"excerpt":{"rendered":"<p>LUBRICANTE CADENA MUC-OFF CLIMA HUMEDO 300 ml\u00a0&#8211; Muc-Off Wet Chain Lubricar es un lubricante y aceite para cadenas de larga duraci\u00f3n Bici que ha sido espec\u00edficamente formulado para sobresalir en largas distancias en condiciones de humedad o barro. Nuestra f\u00f3rmula de \u00faltima generaci\u00f3n se ha derivado de ingredientes naturales y se ha fabricado completamente a [&hellip;]<\/p>\n","protected":false},"featured_media":16599,"comment_status":"closed","ping_status":"closed","template":"","meta":[],"product_brand":[],"product_cat":[124,123],"product_tag":[],"class_list":{"0":"post-16598","1":"product","2":"type-product","3":"status-publish","4":"has-post-thumbnail","6":"product_cat-lubricante-para-bicicletas","7":"product_cat-lubricante-y-grasa-para-bicicleta","8":"product_shipping_class-no-bicicletas","10":"first","11":"instock","12":"sale","13":"shipping-taxable","14":"purchasable","15":"product-type-simple"},"yoast_head":"<!-- This site is optimized with the Yoast SEO plugin v27.6 - https:\/\/yoast.com\/product\/yoast-seo-wordpress\/ -->\n<title>LUBRICANTE CADENA MUC-OFF CLIMA HUMEDO | VELOAXE<\/title>\n<meta name=\"description\" content=\"LUBRICANTE CADENA MUC-OFF CLIMA HUMEDO 300ml - Productos de la marca MUC-OFF los puedes encontrar aqu\u00ed. Lubricante y grasa para tu bicicleta.\" \/>\n<meta name=\"robots\" content=\"index, follow, max-snippet:-1, max-image-preview:large, max-video-preview:-1\" \/>\n<link rel=\"canonical\" href=\"https:\/\/veloaxe.com\/fr\/produit\/lubricante-cadena-muc-off-clima-humedo-300ml\/\" \/>\n<meta property=\"og:locale\" content=\"fr_FR\" \/>\n<meta property=\"og:type\" content=\"article\" \/>\n<meta property=\"og:title\" content=\"LUBRICANTE CADENA MUC-OFF CLIMA HUMEDO | VELOAXE\" \/>\n<meta property=\"og:description\" content=\"LUBRICANTE CADENA MUC-OFF CLIMA HUMEDO 300ml - Productos de la marca MUC-OFF los puedes encontrar aqu\u00ed. Lubricante y grasa para tu bicicleta.\" \/>\n<meta property=\"og:url\" content=\"https:\/\/veloaxe.com\/fr\/produit\/lubricante-cadena-muc-off-clima-humedo-300ml\/\" \/>\n<meta property=\"og:site_name\" content=\"Tienda de bicicletas | VELOAXE\" \/>\n<meta property=\"article:publisher\" content=\"https:\/\/www.facebook.com\/veloaxe\" \/>\n<meta property=\"article:modified_time\" content=\"2025-05-17T04:40:53+00:00\" \/>\n<meta property=\"og:image\" content=\"https:\/\/veloaxe.com\/wp-content\/uploads\/2024\/09\/lubricante-cadena-muc-off-clima-humedo-300ml.jpg\" \/>\n\t<meta property=\"og:image:width\" content=\"800\" \/>\n\t<meta property=\"og:image:height\" content=\"800\" \/>\n\t<meta property=\"og:image:type\" content=\"image\/jpeg\" \/>\n<meta name=\"twitter:card\" content=\"summary_large_image\" \/>\n<meta name=\"twitter:label1\" content=\"Dur\u00e9e de lecture estim\u00e9e\" \/>\n\t<meta name=\"twitter:data1\" content=\"2 minutes\" \/>\n<script type=\"application\/ld+json\" class=\"yoast-schema-graph\">{\"@context\":\"https:\\\/\\\/schema.org\",\"@graph\":[{\"@type\":\"WebPage\",\"@id\":\"https:\\\/\\\/veloaxe.com\\\/producto\\\/lubricante-cadena-muc-off-clima-humedo-300ml\\\/\",\"url\":\"https:\\\/\\\/veloaxe.com\\\/producto\\\/lubricante-cadena-muc-off-clima-humedo-300ml\\\/\",\"name\":\"LUBRICANTE CADENA MUC-OFF CLIMA HUMEDO | VELOAXE\",\"isPartOf\":{\"@id\":\"https:\\\/\\\/veloaxe.com\\\/#website\"},\"primaryImageOfPage\":{\"@id\":\"https:\\\/\\\/veloaxe.com\\\/producto\\\/lubricante-cadena-muc-off-clima-humedo-300ml\\\/#primaryimage\"},\"image\":{\"@id\":\"https:\\\/\\\/veloaxe.com\\\/producto\\\/lubricante-cadena-muc-off-clima-humedo-300ml\\\/#primaryimage\"},\"thumbnailUrl\":\"https:\\\/\\\/veloaxe.com\\\/wp-content\\\/uploads\\\/2024\\\/09\\\/lubricante-cadena-muc-off-clima-humedo-300ml.jpg\",\"datePublished\":\"2024-09-05T12:39:44+00:00\",\"dateModified\":\"2025-05-17T04:40:53+00:00\",\"description\":\"LUBRICANTE CADENA MUC-OFF CLIMA HUMEDO 300ml - Productos de la marca MUC-OFF los puedes encontrar aqu\u00ed. Lubricante y grasa para tu bicicleta.\",\"breadcrumb\":{\"@id\":\"https:\\\/\\\/veloaxe.com\\\/producto\\\/lubricante-cadena-muc-off-clima-humedo-300ml\\\/#breadcrumb\"},\"inLanguage\":\"fr-FR\",\"potentialAction\":[{\"@type\":\"ReadAction\",\"target\":[\"https:\\\/\\\/veloaxe.com\\\/producto\\\/lubricante-cadena-muc-off-clima-humedo-300ml\\\/\"]}]},{\"@type\":\"ImageObject\",\"inLanguage\":\"fr-FR\",\"@id\":\"https:\\\/\\\/veloaxe.com\\\/producto\\\/lubricante-cadena-muc-off-clima-humedo-300ml\\\/#primaryimage\",\"url\":\"https:\\\/\\\/veloaxe.com\\\/wp-content\\\/uploads\\\/2024\\\/09\\\/lubricante-cadena-muc-off-clima-humedo-300ml.jpg\",\"contentUrl\":\"https:\\\/\\\/veloaxe.com\\\/wp-content\\\/uploads\\\/2024\\\/09\\\/lubricante-cadena-muc-off-clima-humedo-300ml.jpg\",\"width\":800,\"height\":800,\"caption\":\"lubricante-cadena-muc-off-clima-humedo-300ml\"},{\"@type\":\"BreadcrumbList\",\"@id\":\"https:\\\/\\\/veloaxe.com\\\/producto\\\/lubricante-cadena-muc-off-clima-humedo-300ml\\\/#breadcrumb\",\"itemListElement\":[{\"@type\":\"ListItem\",\"position\":1,\"name\":\"Portada\",\"item\":\"https:\\\/\\\/veloaxe.com\\\/\"},{\"@type\":\"ListItem\",\"position\":2,\"name\":\"Shop\",\"item\":\"https:\\\/\\\/paleturquoise-herring-271034.hostingersite.com\\\/shop\\\/\"},{\"@type\":\"ListItem\",\"position\":3,\"name\":\"LUBRICANTE CADENA MUC-OFF CLIMA HUMEDO 300ml\"}]},{\"@type\":\"WebSite\",\"@id\":\"https:\\\/\\\/veloaxe.com\\\/#website\",\"url\":\"https:\\\/\\\/veloaxe.com\\\/\",\"name\":\"Tienda de bicicletas | VELOAXE\",\"description\":\"Descubre una amplia selecci\u00f3n de bicicletas de alta calidad, desde modelos urbanos y de monta\u00f1a hasta bicicletas de carretera de \u00faltima generaci\u00f3n. Con un servicio experto y accesorios especializados, estamos comprometidos a brindarte la mejor experiencia ciclista.\",\"publisher\":{\"@id\":\"https:\\\/\\\/veloaxe.com\\\/#organization\"},\"potentialAction\":[{\"@type\":\"SearchAction\",\"target\":{\"@type\":\"EntryPoint\",\"urlTemplate\":\"https:\\\/\\\/veloaxe.com\\\/?s={search_term_string}\"},\"query-input\":{\"@type\":\"PropertyValueSpecification\",\"valueRequired\":true,\"valueName\":\"search_term_string\"}}],\"inLanguage\":\"fr-FR\"},{\"@type\":\"Organization\",\"@id\":\"https:\\\/\\\/veloaxe.com\\\/#organization\",\"name\":\"Tienda de bicicletas | VELOAXE\",\"url\":\"https:\\\/\\\/veloaxe.com\\\/\",\"logo\":{\"@type\":\"ImageObject\",\"inLanguage\":\"fr-FR\",\"@id\":\"https:\\\/\\\/veloaxe.com\\\/#\\\/schema\\\/logo\\\/image\\\/\",\"url\":\"https:\\\/\\\/veloaxe.com\\\/wp-content\\\/uploads\\\/2026\\\/01\\\/cropped-logo-1.jpg\",\"contentUrl\":\"https:\\\/\\\/veloaxe.com\\\/wp-content\\\/uploads\\\/2026\\\/01\\\/cropped-logo-1.jpg\",\"width\":1273,\"height\":363,\"caption\":\"Tienda de bicicletas | VELOAXE\"},\"image\":{\"@id\":\"https:\\\/\\\/veloaxe.com\\\/#\\\/schema\\\/logo\\\/image\\\/\"},\"sameAs\":[\"https:\\\/\\\/www.facebook.com\\\/veloaxe\"]}]}<\/script>\n<!-- \/ Yoast SEO plugin. -->","yoast_head_json":{"title":"LUBRICANTE CADENA MUC-OFF CLIMA HUMEDO | VELOAXE","description":"LUBRICANTE CADENA MUC-OFF CLIMA HUMEDO 300ml - Productos de la marca MUC-OFF los puedes encontrar aqu\u00ed. Lubricante y grasa para tu bicicleta.","robots":{"index":"index","follow":"follow","max-snippet":"max-snippet:-1","max-image-preview":"max-image-preview:large","max-video-preview":"max-video-preview:-1"},"canonical":"https:\/\/veloaxe.com\/fr\/produit\/lubricante-cadena-muc-off-clima-humedo-300ml\/","og_locale":"fr_FR","og_type":"article","og_title":"LUBRICANTE CADENA MUC-OFF CLIMA HUMEDO | VELOAXE","og_description":"LUBRICANTE CADENA MUC-OFF CLIMA HUMEDO 300ml - Productos de la marca MUC-OFF los puedes encontrar aqu\u00ed. Lubricante y grasa para tu bicicleta.","og_url":"https:\/\/veloaxe.com\/fr\/produit\/lubricante-cadena-muc-off-clima-humedo-300ml\/","og_site_name":"Tienda de bicicletas | VELOAXE","article_publisher":"https:\/\/www.facebook.com\/veloaxe","article_modified_time":"2025-05-17T04:40:53+00:00","og_image":[{"width":800,"height":800,"url":"https:\/\/veloaxe.com\/wp-content\/uploads\/2024\/09\/lubricante-cadena-muc-off-clima-humedo-300ml.jpg","type":"image\/jpeg"}],"twitter_card":"summary_large_image","twitter_misc":{"Dur\u00e9e de lecture estim\u00e9e":"2 minutes"},"schema":{"@context":"https:\/\/schema.org","@graph":[{"@type":"WebPage","@id":"https:\/\/veloaxe.com\/producto\/lubricante-cadena-muc-off-clima-humedo-300ml\/","url":"https:\/\/veloaxe.com\/producto\/lubricante-cadena-muc-off-clima-humedo-300ml\/","name":"LUBRICANTE CADENA MUC-OFF CLIMA HUMEDO | VELOAXE","isPartOf":{"@id":"https:\/\/veloaxe.com\/#website"},"primaryImageOfPage":{"@id":"https:\/\/veloaxe.com\/producto\/lubricante-cadena-muc-off-clima-humedo-300ml\/#primaryimage"},"image":{"@id":"https:\/\/veloaxe.com\/producto\/lubricante-cadena-muc-off-clima-humedo-300ml\/#primaryimage"},"thumbnailUrl":"https:\/\/veloaxe.com\/wp-content\/uploads\/2024\/09\/lubricante-cadena-muc-off-clima-humedo-300ml.jpg","datePublished":"2024-09-05T12:39:44+00:00","dateModified":"2025-05-17T04:40:53+00:00","description":"LUBRICANTE CADENA MUC-OFF CLIMA HUMEDO 300ml - Productos de la marca MUC-OFF los puedes encontrar aqu\u00ed. Lubricante y grasa para tu bicicleta.","breadcrumb":{"@id":"https:\/\/veloaxe.com\/producto\/lubricante-cadena-muc-off-clima-humedo-300ml\/#breadcrumb"},"inLanguage":"fr-FR","potentialAction":[{"@type":"ReadAction","target":["https:\/\/veloaxe.com\/producto\/lubricante-cadena-muc-off-clima-humedo-300ml\/"]}]},{"@type":"ImageObject","inLanguage":"fr-FR","@id":"https:\/\/veloaxe.com\/producto\/lubricante-cadena-muc-off-clima-humedo-300ml\/#primaryimage","url":"https:\/\/veloaxe.com\/wp-content\/uploads\/2024\/09\/lubricante-cadena-muc-off-clima-humedo-300ml.jpg","contentUrl":"https:\/\/veloaxe.com\/wp-content\/uploads\/2024\/09\/lubricante-cadena-muc-off-clima-humedo-300ml.jpg","width":800,"height":800,"caption":"lubricante-cadena-muc-off-clima-humedo-300ml"},{"@type":"BreadcrumbList","@id":"https:\/\/veloaxe.com\/producto\/lubricante-cadena-muc-off-clima-humedo-300ml\/#breadcrumb","itemListElement":[{"@type":"ListItem","position":1,"name":"Portada","item":"https:\/\/veloaxe.com\/"},{"@type":"ListItem","position":2,"name":"Shop","item":"https:\/\/paleturquoise-herring-271034.hostingersite.com\/shop\/"},{"@type":"ListItem","position":3,"name":"LUBRICANTE CADENA MUC-OFF CLIMA HUMEDO 300ml"}]},{"@type":"WebSite","@id":"https:\/\/veloaxe.com\/#website","url":"https:\/\/veloaxe.com\/","name":"Boutique de v\u00e9lo en ligne | VELOAXE","description":"D\u00e9couvrez une large s\u00e9lection de v\u00e9los de haute qualit\u00e9, des mod\u00e8les urbains et de montagne aux v\u00e9los de route de pointe. Avec un service d'experts et des accessoires sp\u00e9cialis\u00e9s, nous nous engageons \u00e0 vous offrir la meilleure exp\u00e9rience de cyclisme.","publisher":{"@id":"https:\/\/veloaxe.com\/#organization"},"potentialAction":[{"@type":"SearchAction","target":{"@type":"EntryPoint","urlTemplate":"https:\/\/veloaxe.com\/?s={search_term_string}"},"query-input":{"@type":"PropertyValueSpecification","valueRequired":true,"valueName":"search_term_string"}}],"inLanguage":"fr-FR"},{"@type":"Organization","@id":"https:\/\/veloaxe.com\/#organization","name":"Boutique de v\u00e9lo en ligne | VELOAXE","url":"https:\/\/veloaxe.com\/","logo":{"@type":"ImageObject","inLanguage":"fr-FR","@id":"https:\/\/veloaxe.com\/#\/schema\/logo\/image\/","url":"https:\/\/veloaxe.com\/wp-content\/uploads\/2026\/01\/cropped-logo-1.jpg","contentUrl":"https:\/\/veloaxe.com\/wp-content\/uploads\/2026\/01\/cropped-logo-1.jpg","width":1273,"height":363,"caption":"Tienda de bicicletas | VELOAXE"},"image":{"@id":"https:\/\/veloaxe.com\/#\/schema\/logo\/image\/"},"sameAs":["https:\/\/www.facebook.com\/veloaxe"]}]}},"_links":{"self":[{"href":"https:\/\/veloaxe.com\/fr\/wp-json\/wp\/v2\/product\/16598","targetHints":{"allow":["GET"]}}],"collection":[{"href":"https:\/\/veloaxe.com\/fr\/wp-json\/wp\/v2\/product"}],"about":[{"href":"https:\/\/veloaxe.com\/fr\/wp-json\/wp\/v2\/types\/product"}],"replies":[{"embeddable":true,"href":"https:\/\/veloaxe.com\/fr\/wp-json\/wp\/v2\/comments?post=16598"}],"wp:featuredmedia":[{"embeddable":true,"href":"https:\/\/veloaxe.com\/fr\/wp-json\/wp\/v2\/media\/16599"}],"wp:attachment":[{"href":"https:\/\/veloaxe.com\/fr\/wp-json\/wp\/v2\/media?parent=16598"}],"wp:term":[{"taxonomy":"product_brand","embeddable":true,"href":"https:\/\/veloaxe.com\/fr\/wp-json\/wp\/v2\/product_brand?post=16598"},{"taxonomy":"product_cat","embeddable":true,"href":"https:\/\/veloaxe.com\/fr\/wp-json\/wp\/v2\/product_cat?post=16598"},{"taxonomy":"product_tag","embeddable":true,"href":"https:\/\/veloaxe.com\/fr\/wp-json\/wp\/v2\/product_tag?post=16598"}],"curies":[{"name":"wp","href":"https:\/\/api.w.org\/{rel}","templated":true}]}}