{"id":16613,"date":"2024-09-06T06:56:16","date_gmt":"2024-09-06T06:56:16","guid":{"rendered":"https:\/\/veloaxe.com\/?post_type=product&#038;p=16613"},"modified":"2025-05-17T04:21:23","modified_gmt":"2025-05-17T04:21:23","slug":"lubricante-cadena-muc-off-hydrodynamic-clima-seco-humedo-50ml","status":"publish","type":"product","link":"https:\/\/veloaxe.com\/fr\/producto\/lubricante-cadena-muc-off-hydrodynamic-clima-seco-humedo-50ml\/","title":{"rendered":"LUBRICANTE CADENA MUC-OFF HYDRODYNAMIC CLIMA SECO\/HUMEDO 50ml"},"content":{"rendered":"<p><strong><em>LUBRICANTE CADENA MUC-OFF HYDRODYNAMIC CLIMA SECO \/ HUMEDO 50ml<\/em> \u2013 <\/strong>Hydrodynamic Chain Lubricar es el Supremo en la tecnolog\u00eda de lubricantes para cadenas Bici . Si est\u00e1 buscando la f\u00f3rmula de lubricante de cadena m\u00e1s eficiente para largas distancias y\/o las condiciones clim\u00e1ticas m\u00e1s duras, no busque m\u00e1s. Nacida en 2014 y bautizada en la carrera en ruta francesa m\u00e1s famosa del mundo, con las peores condiciones meteorol\u00f3gicas vistas en a\u00f1os, nuestra nueva cadena Hydrodynamic Lubricar es la primera creada por el equipo de investigaci\u00f3n Muc-Off en colaboraci\u00f3n con el Team Sky.<\/p>\n<p>Mezclado a mano en el Reino Unido, hemos utilizado los mejores ingredientes para crear una sofisticada mezcla sin\u00e9rgica de \u00e9steres junto con un aceite lubricante de calidad aeroespacial, antes de a\u00f1adirle unos innovadores aditivos de extrema presi\u00f3n. Todo esto significa que es posible crear un lubricante que forma una pel\u00edcula de alta resistencia que evita el contacto entre metales para garantizar el m\u00e1ximo rendimiento, incluso bajo las cargas de trabajo m\u00e1s extremas que un pelot\u00f3n profesional puede lanzar. Cada lote hecho a mano lleva horas de minucioso trabajo para ofrecer un lubricante para cadenas Bici muy avanzado, que alcanza niveles de lubricaci\u00f3n y protecci\u00f3n antes inalcanzables.<\/p>\n<p><strong><em>CARACTERISTICA LUBRICANTE MUC-OFF HYDRODYNAMIC CLIMA SECO \/ HUMEDO 50ml <\/em><\/strong>:<\/p>\n<ul>\n<li>Ideal para el ciclismo de carretera y el ciclocross<\/li>\n<li>Proporciona el rendimiento Supremo tanto en condiciones h\u00famedas y mojadas como secas y polvorientas<\/li>\n<li>F\u00f3rmula sin petr\u00f3leo para una protecci\u00f3n ecol\u00f3gica<\/li>\n<li>Pol\u00edmeros sint\u00e9ticos para el rendimiento a larga distancia<\/li>\n<li>Incre\u00edble durabilidad<\/li>\n<li>Sistema de pipetas para facilitar la aplicaci\u00f3n<\/li>\n<\/ul>","protected":false},"excerpt":{"rendered":"<p>LUBRICANTE CADENA MUC-OFF HYDRODYNAMIC CLIMA SECO \/ HUMEDO 50ml &#8211; Hydrodynamic Chain Lubricar es el Supremo en la tecnolog\u00eda de lubricantes para cadenas Bici . Si est\u00e1 buscando la f\u00f3rmula de lubricante de cadena m\u00e1s eficiente para largas distancias y\/o las condiciones clim\u00e1ticas m\u00e1s duras, no busque m\u00e1s. Nacida en 2014 y bautizada en la [&hellip;]<\/p>\n","protected":false},"featured_media":16614,"comment_status":"closed","ping_status":"closed","template":"","meta":[],"product_brand":[],"product_cat":[124,123],"product_tag":[],"class_list":{"0":"post-16613","1":"product","2":"type-product","3":"status-publish","4":"has-post-thumbnail","6":"product_cat-lubricante-para-bicicletas","7":"product_cat-lubricante-y-grasa-para-bicicleta","8":"product_shipping_class-no-bicicletas","10":"first","11":"instock","12":"sale","13":"shipping-taxable","14":"purchasable","15":"product-type-simple"},"yoast_head":"<!-- This site is optimized with the Yoast SEO plugin v27.6 - https:\/\/yoast.com\/product\/yoast-seo-wordpress\/ -->\n<title>LUBRICANTE CADENA MUC-OFF HYDRODYNAMIC | VELOAXE<\/title>\n<meta name=\"description\" content=\"LUBRICANTE CADENA MUC-OFF HYDRODYNAMIC CLIMA SECO \/ HUMEDO - Productos de la marca MUC-OFF los puedes encontrar aqu\u00ed. Lubricante y grasa para tu bicicleta.\" \/>\n<meta name=\"robots\" content=\"index, follow, max-snippet:-1, max-image-preview:large, max-video-preview:-1\" \/>\n<link rel=\"canonical\" href=\"https:\/\/veloaxe.com\/fr\/produit\/lubricante-cadena-muc-off-hydrodynamic-clima-seco-humedo-50ml\/\" \/>\n<meta property=\"og:locale\" content=\"fr_FR\" \/>\n<meta property=\"og:type\" content=\"article\" \/>\n<meta property=\"og:title\" content=\"LUBRICANTE CADENA MUC-OFF HYDRODYNAMIC | VELOAXE\" \/>\n<meta property=\"og:description\" content=\"LUBRICANTE CADENA MUC-OFF HYDRODYNAMIC CLIMA SECO \/ HUMEDO - Productos de la marca MUC-OFF los puedes encontrar aqu\u00ed. Lubricante y grasa para tu bicicleta.\" \/>\n<meta property=\"og:url\" content=\"https:\/\/veloaxe.com\/fr\/produit\/lubricante-cadena-muc-off-hydrodynamic-clima-seco-humedo-50ml\/\" \/>\n<meta property=\"og:site_name\" content=\"Tienda de bicicletas | VELOAXE\" \/>\n<meta property=\"article:publisher\" content=\"https:\/\/www.facebook.com\/veloaxe\" \/>\n<meta property=\"article:modified_time\" content=\"2025-05-17T04:21:23+00:00\" \/>\n<meta property=\"og:image\" content=\"https:\/\/veloaxe.com\/wp-content\/uploads\/2024\/09\/lubricante-muc-off-cadena-hydrodynamic-50ml.jpg\" \/>\n\t<meta property=\"og:image:width\" content=\"1000\" \/>\n\t<meta property=\"og:image:height\" content=\"1000\" \/>\n\t<meta property=\"og:image:type\" content=\"image\/jpeg\" \/>\n<meta name=\"twitter:card\" content=\"summary_large_image\" \/>\n<meta name=\"twitter:label1\" content=\"Dur\u00e9e de lecture estim\u00e9e\" \/>\n\t<meta name=\"twitter:data1\" content=\"2 minutes\" \/>\n<script type=\"application\/ld+json\" class=\"yoast-schema-graph\">{\"@context\":\"https:\\\/\\\/schema.org\",\"@graph\":[{\"@type\":\"WebPage\",\"@id\":\"https:\\\/\\\/veloaxe.com\\\/producto\\\/lubricante-cadena-muc-off-hydrodynamic-clima-seco-humedo-50ml\\\/\",\"url\":\"https:\\\/\\\/veloaxe.com\\\/producto\\\/lubricante-cadena-muc-off-hydrodynamic-clima-seco-humedo-50ml\\\/\",\"name\":\"LUBRICANTE CADENA MUC-OFF HYDRODYNAMIC | VELOAXE\",\"isPartOf\":{\"@id\":\"https:\\\/\\\/veloaxe.com\\\/#website\"},\"primaryImageOfPage\":{\"@id\":\"https:\\\/\\\/veloaxe.com\\\/producto\\\/lubricante-cadena-muc-off-hydrodynamic-clima-seco-humedo-50ml\\\/#primaryimage\"},\"image\":{\"@id\":\"https:\\\/\\\/veloaxe.com\\\/producto\\\/lubricante-cadena-muc-off-hydrodynamic-clima-seco-humedo-50ml\\\/#primaryimage\"},\"thumbnailUrl\":\"https:\\\/\\\/veloaxe.com\\\/wp-content\\\/uploads\\\/2024\\\/09\\\/lubricante-muc-off-cadena-hydrodynamic-50ml.jpg\",\"datePublished\":\"2024-09-06T06:56:16+00:00\",\"dateModified\":\"2025-05-17T04:21:23+00:00\",\"description\":\"LUBRICANTE CADENA MUC-OFF HYDRODYNAMIC CLIMA SECO \\\/ HUMEDO - Productos de la marca MUC-OFF los puedes encontrar aqu\u00ed. Lubricante y grasa para tu bicicleta.\",\"breadcrumb\":{\"@id\":\"https:\\\/\\\/veloaxe.com\\\/producto\\\/lubricante-cadena-muc-off-hydrodynamic-clima-seco-humedo-50ml\\\/#breadcrumb\"},\"inLanguage\":\"fr-FR\",\"potentialAction\":[{\"@type\":\"ReadAction\",\"target\":[\"https:\\\/\\\/veloaxe.com\\\/producto\\\/lubricante-cadena-muc-off-hydrodynamic-clima-seco-humedo-50ml\\\/\"]}]},{\"@type\":\"ImageObject\",\"inLanguage\":\"fr-FR\",\"@id\":\"https:\\\/\\\/veloaxe.com\\\/producto\\\/lubricante-cadena-muc-off-hydrodynamic-clima-seco-humedo-50ml\\\/#primaryimage\",\"url\":\"https:\\\/\\\/veloaxe.com\\\/wp-content\\\/uploads\\\/2024\\\/09\\\/lubricante-muc-off-cadena-hydrodynamic-50ml.jpg\",\"contentUrl\":\"https:\\\/\\\/veloaxe.com\\\/wp-content\\\/uploads\\\/2024\\\/09\\\/lubricante-muc-off-cadena-hydrodynamic-50ml.jpg\",\"width\":1000,\"height\":1000,\"caption\":\"lubricante-muc-off-cadena-hydrodynamic-50ml\"},{\"@type\":\"BreadcrumbList\",\"@id\":\"https:\\\/\\\/veloaxe.com\\\/producto\\\/lubricante-cadena-muc-off-hydrodynamic-clima-seco-humedo-50ml\\\/#breadcrumb\",\"itemListElement\":[{\"@type\":\"ListItem\",\"position\":1,\"name\":\"Portada\",\"item\":\"https:\\\/\\\/veloaxe.com\\\/\"},{\"@type\":\"ListItem\",\"position\":2,\"name\":\"Shop\",\"item\":\"https:\\\/\\\/paleturquoise-herring-271034.hostingersite.com\\\/shop\\\/\"},{\"@type\":\"ListItem\",\"position\":3,\"name\":\"LUBRICANTE CADENA MUC-OFF HYDRODYNAMIC CLIMA SECO\\\/HUMEDO 50ml\"}]},{\"@type\":\"WebSite\",\"@id\":\"https:\\\/\\\/veloaxe.com\\\/#website\",\"url\":\"https:\\\/\\\/veloaxe.com\\\/\",\"name\":\"Tienda de bicicletas | VELOAXE\",\"description\":\"Descubre una amplia selecci\u00f3n de bicicletas de alta calidad, desde modelos urbanos y de monta\u00f1a hasta bicicletas de carretera de \u00faltima generaci\u00f3n. Con un servicio experto y accesorios especializados, estamos comprometidos a brindarte la mejor experiencia ciclista.\",\"publisher\":{\"@id\":\"https:\\\/\\\/veloaxe.com\\\/#organization\"},\"potentialAction\":[{\"@type\":\"SearchAction\",\"target\":{\"@type\":\"EntryPoint\",\"urlTemplate\":\"https:\\\/\\\/veloaxe.com\\\/?s={search_term_string}\"},\"query-input\":{\"@type\":\"PropertyValueSpecification\",\"valueRequired\":true,\"valueName\":\"search_term_string\"}}],\"inLanguage\":\"fr-FR\"},{\"@type\":\"Organization\",\"@id\":\"https:\\\/\\\/veloaxe.com\\\/#organization\",\"name\":\"Tienda de bicicletas | VELOAXE\",\"url\":\"https:\\\/\\\/veloaxe.com\\\/\",\"logo\":{\"@type\":\"ImageObject\",\"inLanguage\":\"fr-FR\",\"@id\":\"https:\\\/\\\/veloaxe.com\\\/#\\\/schema\\\/logo\\\/image\\\/\",\"url\":\"https:\\\/\\\/veloaxe.com\\\/wp-content\\\/uploads\\\/2026\\\/01\\\/cropped-logo-1.jpg\",\"contentUrl\":\"https:\\\/\\\/veloaxe.com\\\/wp-content\\\/uploads\\\/2026\\\/01\\\/cropped-logo-1.jpg\",\"width\":1273,\"height\":363,\"caption\":\"Tienda de bicicletas | VELOAXE\"},\"image\":{\"@id\":\"https:\\\/\\\/veloaxe.com\\\/#\\\/schema\\\/logo\\\/image\\\/\"},\"sameAs\":[\"https:\\\/\\\/www.facebook.com\\\/veloaxe\"]}]}<\/script>\n<!-- \/ Yoast SEO plugin. -->","yoast_head_json":{"title":"LUBRICANTE CADENA MUC-OFF HYDRODYNAMIC | VELOAXE","description":"LUBRICANTE CADENA MUC-OFF HYDRODYNAMIC CLIMA SECO \/ HUMEDO - Productos de la marca MUC-OFF los puedes encontrar aqu\u00ed. Lubricante y grasa para tu bicicleta.","robots":{"index":"index","follow":"follow","max-snippet":"max-snippet:-1","max-image-preview":"max-image-preview:large","max-video-preview":"max-video-preview:-1"},"canonical":"https:\/\/veloaxe.com\/fr\/produit\/lubricante-cadena-muc-off-hydrodynamic-clima-seco-humedo-50ml\/","og_locale":"fr_FR","og_type":"article","og_title":"LUBRICANTE CADENA MUC-OFF HYDRODYNAMIC | VELOAXE","og_description":"LUBRICANTE CADENA MUC-OFF HYDRODYNAMIC CLIMA SECO \/ HUMEDO - Productos de la marca MUC-OFF los puedes encontrar aqu\u00ed. Lubricante y grasa para tu bicicleta.","og_url":"https:\/\/veloaxe.com\/fr\/produit\/lubricante-cadena-muc-off-hydrodynamic-clima-seco-humedo-50ml\/","og_site_name":"Tienda de bicicletas | VELOAXE","article_publisher":"https:\/\/www.facebook.com\/veloaxe","article_modified_time":"2025-05-17T04:21:23+00:00","og_image":[{"width":1000,"height":1000,"url":"https:\/\/veloaxe.com\/wp-content\/uploads\/2024\/09\/lubricante-muc-off-cadena-hydrodynamic-50ml.jpg","type":"image\/jpeg"}],"twitter_card":"summary_large_image","twitter_misc":{"Dur\u00e9e de lecture estim\u00e9e":"2 minutes"},"schema":{"@context":"https:\/\/schema.org","@graph":[{"@type":"WebPage","@id":"https:\/\/veloaxe.com\/producto\/lubricante-cadena-muc-off-hydrodynamic-clima-seco-humedo-50ml\/","url":"https:\/\/veloaxe.com\/producto\/lubricante-cadena-muc-off-hydrodynamic-clima-seco-humedo-50ml\/","name":"LUBRICANTE CADENA MUC-OFF HYDRODYNAMIC | VELOAXE","isPartOf":{"@id":"https:\/\/veloaxe.com\/#website"},"primaryImageOfPage":{"@id":"https:\/\/veloaxe.com\/producto\/lubricante-cadena-muc-off-hydrodynamic-clima-seco-humedo-50ml\/#primaryimage"},"image":{"@id":"https:\/\/veloaxe.com\/producto\/lubricante-cadena-muc-off-hydrodynamic-clima-seco-humedo-50ml\/#primaryimage"},"thumbnailUrl":"https:\/\/veloaxe.com\/wp-content\/uploads\/2024\/09\/lubricante-muc-off-cadena-hydrodynamic-50ml.jpg","datePublished":"2024-09-06T06:56:16+00:00","dateModified":"2025-05-17T04:21:23+00:00","description":"LUBRICANTE CADENA MUC-OFF HYDRODYNAMIC CLIMA SECO \/ HUMEDO - Productos de la marca MUC-OFF los puedes encontrar aqu\u00ed. Lubricante y grasa para tu bicicleta.","breadcrumb":{"@id":"https:\/\/veloaxe.com\/producto\/lubricante-cadena-muc-off-hydrodynamic-clima-seco-humedo-50ml\/#breadcrumb"},"inLanguage":"fr-FR","potentialAction":[{"@type":"ReadAction","target":["https:\/\/veloaxe.com\/producto\/lubricante-cadena-muc-off-hydrodynamic-clima-seco-humedo-50ml\/"]}]},{"@type":"ImageObject","inLanguage":"fr-FR","@id":"https:\/\/veloaxe.com\/producto\/lubricante-cadena-muc-off-hydrodynamic-clima-seco-humedo-50ml\/#primaryimage","url":"https:\/\/veloaxe.com\/wp-content\/uploads\/2024\/09\/lubricante-muc-off-cadena-hydrodynamic-50ml.jpg","contentUrl":"https:\/\/veloaxe.com\/wp-content\/uploads\/2024\/09\/lubricante-muc-off-cadena-hydrodynamic-50ml.jpg","width":1000,"height":1000,"caption":"lubricante-muc-off-cadena-hydrodynamic-50ml"},{"@type":"BreadcrumbList","@id":"https:\/\/veloaxe.com\/producto\/lubricante-cadena-muc-off-hydrodynamic-clima-seco-humedo-50ml\/#breadcrumb","itemListElement":[{"@type":"ListItem","position":1,"name":"Portada","item":"https:\/\/veloaxe.com\/"},{"@type":"ListItem","position":2,"name":"Shop","item":"https:\/\/paleturquoise-herring-271034.hostingersite.com\/shop\/"},{"@type":"ListItem","position":3,"name":"LUBRICANTE CADENA MUC-OFF HYDRODYNAMIC CLIMA SECO\/HUMEDO 50ml"}]},{"@type":"WebSite","@id":"https:\/\/veloaxe.com\/#website","url":"https:\/\/veloaxe.com\/","name":"Boutique de v\u00e9lo en ligne | VELOAXE","description":"D\u00e9couvrez une large s\u00e9lection de v\u00e9los de haute qualit\u00e9, des mod\u00e8les urbains et de montagne aux v\u00e9los de route de pointe. Avec un service d'experts et des accessoires sp\u00e9cialis\u00e9s, nous nous engageons \u00e0 vous offrir la meilleure exp\u00e9rience de cyclisme.","publisher":{"@id":"https:\/\/veloaxe.com\/#organization"},"potentialAction":[{"@type":"SearchAction","target":{"@type":"EntryPoint","urlTemplate":"https:\/\/veloaxe.com\/?s={search_term_string}"},"query-input":{"@type":"PropertyValueSpecification","valueRequired":true,"valueName":"search_term_string"}}],"inLanguage":"fr-FR"},{"@type":"Organization","@id":"https:\/\/veloaxe.com\/#organization","name":"Boutique de v\u00e9lo en ligne | VELOAXE","url":"https:\/\/veloaxe.com\/","logo":{"@type":"ImageObject","inLanguage":"fr-FR","@id":"https:\/\/veloaxe.com\/#\/schema\/logo\/image\/","url":"https:\/\/veloaxe.com\/wp-content\/uploads\/2026\/01\/cropped-logo-1.jpg","contentUrl":"https:\/\/veloaxe.com\/wp-content\/uploads\/2026\/01\/cropped-logo-1.jpg","width":1273,"height":363,"caption":"Tienda de bicicletas | VELOAXE"},"image":{"@id":"https:\/\/veloaxe.com\/#\/schema\/logo\/image\/"},"sameAs":["https:\/\/www.facebook.com\/veloaxe"]}]}},"_links":{"self":[{"href":"https:\/\/veloaxe.com\/fr\/wp-json\/wp\/v2\/product\/16613","targetHints":{"allow":["GET"]}}],"collection":[{"href":"https:\/\/veloaxe.com\/fr\/wp-json\/wp\/v2\/product"}],"about":[{"href":"https:\/\/veloaxe.com\/fr\/wp-json\/wp\/v2\/types\/product"}],"replies":[{"embeddable":true,"href":"https:\/\/veloaxe.com\/fr\/wp-json\/wp\/v2\/comments?post=16613"}],"wp:featuredmedia":[{"embeddable":true,"href":"https:\/\/veloaxe.com\/fr\/wp-json\/wp\/v2\/media\/16614"}],"wp:attachment":[{"href":"https:\/\/veloaxe.com\/fr\/wp-json\/wp\/v2\/media?parent=16613"}],"wp:term":[{"taxonomy":"product_brand","embeddable":true,"href":"https:\/\/veloaxe.com\/fr\/wp-json\/wp\/v2\/product_brand?post=16613"},{"taxonomy":"product_cat","embeddable":true,"href":"https:\/\/veloaxe.com\/fr\/wp-json\/wp\/v2\/product_cat?post=16613"},{"taxonomy":"product_tag","embeddable":true,"href":"https:\/\/veloaxe.com\/fr\/wp-json\/wp\/v2\/product_tag?post=16613"}],"curies":[{"name":"wp","href":"https:\/\/api.w.org\/{rel}","templated":true}]}}