{"id":16621,"date":"2024-09-06T07:34:48","date_gmt":"2024-09-06T07:34:48","guid":{"rendered":"https:\/\/veloaxe.com\/?post_type=product&#038;p=16621"},"modified":"2025-05-17T04:13:17","modified_gmt":"2025-05-17T04:13:17","slug":"lubricante-cadena-muc-off-c3-ceramico-clima-humedo-300ml","status":"publish","type":"product","link":"https:\/\/veloaxe.com\/fr\/producto\/lubricante-cadena-muc-off-c3-ceramico-clima-humedo-300ml\/","title":{"rendered":"LUBRICANTE CADENA MUC-OFF C3 CERAMICO CLIMA HUMEDO 300ml"},"content":{"rendered":"<p><strong><em>LUBRICANTE CADENA MUC-OFF C3 CERAMICO CLIMA HUMEDO 300ml<\/em> \u2013 <\/strong>El secreto de la cadena h\u00fameda C3 Ceramic Lubricar es su exclusivo revestimiento cer\u00e1mico que proporciona una incre\u00edble durabilidad y rendimiento a larga distancia en todas las cadenas Bici . La innovadora formulaci\u00f3n de nuestro aceite para cadenas tambi\u00e9n utiliza nitruro de boro para garantizar una fricci\u00f3n ultrabaja para la eficiencia de la cadena de transmisi\u00f3n Supremo , alto rendimiento y durabilidad. Las cualidades impermeables de Muc-Off C3 Ceramic Wet Chain Lubricar tambi\u00e9n significan que su cadena de transmisi\u00f3n destacar\u00e1 en las condiciones de conducci\u00f3n m\u00e1s duras.<\/p>\n<p>\u00bfBusca largos intervalos de servicio de aceite para la cadena y cambios de precisi\u00f3n con una reducci\u00f3n de fricci\u00f3n s\u00faper baja? No busque m\u00e1s. C3 Ceramic Wet Lubricar se presenta en una botella ergon\u00f3mica con sistema de pipeta para facilitar su uso y aplicaci\u00f3n. Tambi\u00e9n es 95% biodegradable y es ideal para carretera, ciclocross y MTB.<\/p>\n<p><strong><em>CARACTERISTICA LUBRICANTE MUC-OFF C3 CERAMICO CLIMA HUMEDO 300ml <\/em><\/strong>:<\/p>\n<ul>\n<li>Lubricante de cadena ideal para ciclismo de carretera, ciclocross y MTB<\/li>\n<li>Excelente en condiciones de humedad y barro<\/li>\n<li>Contiene nitruros de boro para mayor eficacia<\/li>\n<li>Crea un revestimiento cer\u00e1mico para la protecci\u00f3n de la cadena<\/li>\n<li>Rendimiento de ultra larga distancia<\/li>\n<li>Incre\u00edble durabilidad<\/li>\n<li>Sistema de pipetas para una aplicaci\u00f3n precisa y f\u00e1cil<\/li>\n<li>Incluye una linterna UV para comprobar la cobertura del 100%.<\/li>\n<\/ul>","protected":false},"excerpt":{"rendered":"<p>LUBRICANTE CADENA MUC-OFF C3 CERAMICO CLIMA HUMEDO 300ml &#8211; El secreto de la cadena h\u00fameda C3 Ceramic Lubricar es su exclusivo revestimiento cer\u00e1mico que proporciona una incre\u00edble durabilidad y rendimiento a larga distancia en todas las cadenas Bici . La innovadora formulaci\u00f3n de nuestro aceite para cadenas tambi\u00e9n utiliza nitruro de boro para garantizar una [&hellip;]<\/p>\n","protected":false},"featured_media":16622,"comment_status":"closed","ping_status":"closed","template":"","meta":[],"product_brand":[],"product_cat":[124,123],"product_tag":[],"class_list":{"0":"post-16621","1":"product","2":"type-product","3":"status-publish","4":"has-post-thumbnail","6":"product_cat-lubricante-para-bicicletas","7":"product_cat-lubricante-y-grasa-para-bicicleta","8":"product_shipping_class-no-bicicletas","10":"first","11":"instock","12":"sale","13":"shipping-taxable","14":"purchasable","15":"product-type-simple"},"yoast_head":"<!-- This site is optimized with the Yoast SEO plugin v27.6 - https:\/\/yoast.com\/product\/yoast-seo-wordpress\/ -->\n<title>LUBRICANTE CADENA MUC-OFF C3 CERAMICO | VELOAXE<\/title>\n<meta name=\"description\" content=\"LUBRICANTE CADENA MUC-OFF C3 CERAMICO 300ml - Productos de la marca MUC-OFF los puedes encontrar aqu\u00ed. Lubricante y grasa para tu bicicleta.\" \/>\n<meta name=\"robots\" content=\"index, follow, max-snippet:-1, max-image-preview:large, max-video-preview:-1\" \/>\n<link rel=\"canonical\" href=\"https:\/\/veloaxe.com\/fr\/produit\/lubricante-cadena-muc-off-c3-ceramico-clima-humedo-300ml\/\" \/>\n<meta property=\"og:locale\" content=\"fr_FR\" \/>\n<meta property=\"og:type\" content=\"article\" \/>\n<meta property=\"og:title\" content=\"LUBRICANTE CADENA MUC-OFF C3 CERAMICO | VELOAXE\" \/>\n<meta property=\"og:description\" content=\"LUBRICANTE CADENA MUC-OFF C3 CERAMICO 300ml - Productos de la marca MUC-OFF los puedes encontrar aqu\u00ed. Lubricante y grasa para tu bicicleta.\" \/>\n<meta property=\"og:url\" content=\"https:\/\/veloaxe.com\/fr\/produit\/lubricante-cadena-muc-off-c3-ceramico-clima-humedo-300ml\/\" \/>\n<meta property=\"og:site_name\" content=\"Tienda de bicicletas | VELOAXE\" \/>\n<meta property=\"article:publisher\" content=\"https:\/\/www.facebook.com\/veloaxe\" \/>\n<meta property=\"article:modified_time\" content=\"2025-05-17T04:13:17+00:00\" \/>\n<meta property=\"og:image\" content=\"https:\/\/veloaxe.com\/wp-content\/uploads\/2024\/09\/muc-off-lubricante-cadena-c3-ceramico.webp\" \/>\n\t<meta property=\"og:image:width\" content=\"2000\" \/>\n\t<meta property=\"og:image:height\" content=\"2000\" \/>\n\t<meta property=\"og:image:type\" content=\"image\/webp\" \/>\n<meta name=\"twitter:card\" content=\"summary_large_image\" \/>\n<meta name=\"twitter:label1\" content=\"Dur\u00e9e de lecture estim\u00e9e\" \/>\n\t<meta name=\"twitter:data1\" content=\"2 minutes\" \/>\n<script type=\"application\/ld+json\" class=\"yoast-schema-graph\">{\"@context\":\"https:\\\/\\\/schema.org\",\"@graph\":[{\"@type\":\"WebPage\",\"@id\":\"https:\\\/\\\/veloaxe.com\\\/producto\\\/lubricante-cadena-muc-off-c3-ceramico-clima-humedo-300ml\\\/\",\"url\":\"https:\\\/\\\/veloaxe.com\\\/producto\\\/lubricante-cadena-muc-off-c3-ceramico-clima-humedo-300ml\\\/\",\"name\":\"LUBRICANTE CADENA MUC-OFF C3 CERAMICO | VELOAXE\",\"isPartOf\":{\"@id\":\"https:\\\/\\\/veloaxe.com\\\/#website\"},\"primaryImageOfPage\":{\"@id\":\"https:\\\/\\\/veloaxe.com\\\/producto\\\/lubricante-cadena-muc-off-c3-ceramico-clima-humedo-300ml\\\/#primaryimage\"},\"image\":{\"@id\":\"https:\\\/\\\/veloaxe.com\\\/producto\\\/lubricante-cadena-muc-off-c3-ceramico-clima-humedo-300ml\\\/#primaryimage\"},\"thumbnailUrl\":\"https:\\\/\\\/veloaxe.com\\\/wp-content\\\/uploads\\\/2024\\\/09\\\/muc-off-lubricante-cadena-c3-ceramico.webp\",\"datePublished\":\"2024-09-06T07:34:48+00:00\",\"dateModified\":\"2025-05-17T04:13:17+00:00\",\"description\":\"LUBRICANTE CADENA MUC-OFF C3 CERAMICO 300ml - Productos de la marca MUC-OFF los puedes encontrar aqu\u00ed. Lubricante y grasa para tu bicicleta.\",\"breadcrumb\":{\"@id\":\"https:\\\/\\\/veloaxe.com\\\/producto\\\/lubricante-cadena-muc-off-c3-ceramico-clima-humedo-300ml\\\/#breadcrumb\"},\"inLanguage\":\"fr-FR\",\"potentialAction\":[{\"@type\":\"ReadAction\",\"target\":[\"https:\\\/\\\/veloaxe.com\\\/producto\\\/lubricante-cadena-muc-off-c3-ceramico-clima-humedo-300ml\\\/\"]}]},{\"@type\":\"ImageObject\",\"inLanguage\":\"fr-FR\",\"@id\":\"https:\\\/\\\/veloaxe.com\\\/producto\\\/lubricante-cadena-muc-off-c3-ceramico-clima-humedo-300ml\\\/#primaryimage\",\"url\":\"https:\\\/\\\/veloaxe.com\\\/wp-content\\\/uploads\\\/2024\\\/09\\\/muc-off-lubricante-cadena-c3-ceramico.webp\",\"contentUrl\":\"https:\\\/\\\/veloaxe.com\\\/wp-content\\\/uploads\\\/2024\\\/09\\\/muc-off-lubricante-cadena-c3-ceramico.webp\",\"width\":2000,\"height\":2000,\"caption\":\"muc-off-lubricante-cadena-c3-ceramico\"},{\"@type\":\"BreadcrumbList\",\"@id\":\"https:\\\/\\\/veloaxe.com\\\/producto\\\/lubricante-cadena-muc-off-c3-ceramico-clima-humedo-300ml\\\/#breadcrumb\",\"itemListElement\":[{\"@type\":\"ListItem\",\"position\":1,\"name\":\"Portada\",\"item\":\"https:\\\/\\\/veloaxe.com\\\/\"},{\"@type\":\"ListItem\",\"position\":2,\"name\":\"Shop\",\"item\":\"https:\\\/\\\/paleturquoise-herring-271034.hostingersite.com\\\/shop\\\/\"},{\"@type\":\"ListItem\",\"position\":3,\"name\":\"LUBRICANTE CADENA MUC-OFF C3 CERAMICO CLIMA HUMEDO 300ml\"}]},{\"@type\":\"WebSite\",\"@id\":\"https:\\\/\\\/veloaxe.com\\\/#website\",\"url\":\"https:\\\/\\\/veloaxe.com\\\/\",\"name\":\"Tienda de bicicletas | VELOAXE\",\"description\":\"Descubre una amplia selecci\u00f3n de bicicletas de alta calidad, desde modelos urbanos y de monta\u00f1a hasta bicicletas de carretera de \u00faltima generaci\u00f3n. Con un servicio experto y accesorios especializados, estamos comprometidos a brindarte la mejor experiencia ciclista.\",\"publisher\":{\"@id\":\"https:\\\/\\\/veloaxe.com\\\/#organization\"},\"potentialAction\":[{\"@type\":\"SearchAction\",\"target\":{\"@type\":\"EntryPoint\",\"urlTemplate\":\"https:\\\/\\\/veloaxe.com\\\/?s={search_term_string}\"},\"query-input\":{\"@type\":\"PropertyValueSpecification\",\"valueRequired\":true,\"valueName\":\"search_term_string\"}}],\"inLanguage\":\"fr-FR\"},{\"@type\":\"Organization\",\"@id\":\"https:\\\/\\\/veloaxe.com\\\/#organization\",\"name\":\"Tienda de bicicletas | VELOAXE\",\"url\":\"https:\\\/\\\/veloaxe.com\\\/\",\"logo\":{\"@type\":\"ImageObject\",\"inLanguage\":\"fr-FR\",\"@id\":\"https:\\\/\\\/veloaxe.com\\\/#\\\/schema\\\/logo\\\/image\\\/\",\"url\":\"https:\\\/\\\/veloaxe.com\\\/wp-content\\\/uploads\\\/2026\\\/01\\\/cropped-logo-1.jpg\",\"contentUrl\":\"https:\\\/\\\/veloaxe.com\\\/wp-content\\\/uploads\\\/2026\\\/01\\\/cropped-logo-1.jpg\",\"width\":1273,\"height\":363,\"caption\":\"Tienda de bicicletas | VELOAXE\"},\"image\":{\"@id\":\"https:\\\/\\\/veloaxe.com\\\/#\\\/schema\\\/logo\\\/image\\\/\"},\"sameAs\":[\"https:\\\/\\\/www.facebook.com\\\/veloaxe\"]}]}<\/script>\n<!-- \/ Yoast SEO plugin. -->","yoast_head_json":{"title":"LUBRICANTE CADENA MUC-OFF C3 CERAMICO | VELOAXE","description":"LUBRICANTE CADENA MUC-OFF C3 CERAMICO 300ml - Productos de la marca MUC-OFF los puedes encontrar aqu\u00ed. Lubricante y grasa para tu bicicleta.","robots":{"index":"index","follow":"follow","max-snippet":"max-snippet:-1","max-image-preview":"max-image-preview:large","max-video-preview":"max-video-preview:-1"},"canonical":"https:\/\/veloaxe.com\/fr\/produit\/lubricante-cadena-muc-off-c3-ceramico-clima-humedo-300ml\/","og_locale":"fr_FR","og_type":"article","og_title":"LUBRICANTE CADENA MUC-OFF C3 CERAMICO | VELOAXE","og_description":"LUBRICANTE CADENA MUC-OFF C3 CERAMICO 300ml - Productos de la marca MUC-OFF los puedes encontrar aqu\u00ed. Lubricante y grasa para tu bicicleta.","og_url":"https:\/\/veloaxe.com\/fr\/produit\/lubricante-cadena-muc-off-c3-ceramico-clima-humedo-300ml\/","og_site_name":"Tienda de bicicletas | VELOAXE","article_publisher":"https:\/\/www.facebook.com\/veloaxe","article_modified_time":"2025-05-17T04:13:17+00:00","og_image":[{"width":2000,"height":2000,"url":"https:\/\/veloaxe.com\/wp-content\/uploads\/2024\/09\/muc-off-lubricante-cadena-c3-ceramico.webp","type":"image\/webp"}],"twitter_card":"summary_large_image","twitter_misc":{"Dur\u00e9e de lecture estim\u00e9e":"2 minutes"},"schema":{"@context":"https:\/\/schema.org","@graph":[{"@type":"WebPage","@id":"https:\/\/veloaxe.com\/producto\/lubricante-cadena-muc-off-c3-ceramico-clima-humedo-300ml\/","url":"https:\/\/veloaxe.com\/producto\/lubricante-cadena-muc-off-c3-ceramico-clima-humedo-300ml\/","name":"LUBRICANTE CADENA MUC-OFF C3 CERAMICO | VELOAXE","isPartOf":{"@id":"https:\/\/veloaxe.com\/#website"},"primaryImageOfPage":{"@id":"https:\/\/veloaxe.com\/producto\/lubricante-cadena-muc-off-c3-ceramico-clima-humedo-300ml\/#primaryimage"},"image":{"@id":"https:\/\/veloaxe.com\/producto\/lubricante-cadena-muc-off-c3-ceramico-clima-humedo-300ml\/#primaryimage"},"thumbnailUrl":"https:\/\/veloaxe.com\/wp-content\/uploads\/2024\/09\/muc-off-lubricante-cadena-c3-ceramico.webp","datePublished":"2024-09-06T07:34:48+00:00","dateModified":"2025-05-17T04:13:17+00:00","description":"LUBRICANTE CADENA MUC-OFF C3 CERAMICO 300ml - Productos de la marca MUC-OFF los puedes encontrar aqu\u00ed. Lubricante y grasa para tu bicicleta.","breadcrumb":{"@id":"https:\/\/veloaxe.com\/producto\/lubricante-cadena-muc-off-c3-ceramico-clima-humedo-300ml\/#breadcrumb"},"inLanguage":"fr-FR","potentialAction":[{"@type":"ReadAction","target":["https:\/\/veloaxe.com\/producto\/lubricante-cadena-muc-off-c3-ceramico-clima-humedo-300ml\/"]}]},{"@type":"ImageObject","inLanguage":"fr-FR","@id":"https:\/\/veloaxe.com\/producto\/lubricante-cadena-muc-off-c3-ceramico-clima-humedo-300ml\/#primaryimage","url":"https:\/\/veloaxe.com\/wp-content\/uploads\/2024\/09\/muc-off-lubricante-cadena-c3-ceramico.webp","contentUrl":"https:\/\/veloaxe.com\/wp-content\/uploads\/2024\/09\/muc-off-lubricante-cadena-c3-ceramico.webp","width":2000,"height":2000,"caption":"muc-off-lubricante-cadena-c3-ceramico"},{"@type":"BreadcrumbList","@id":"https:\/\/veloaxe.com\/producto\/lubricante-cadena-muc-off-c3-ceramico-clima-humedo-300ml\/#breadcrumb","itemListElement":[{"@type":"ListItem","position":1,"name":"Portada","item":"https:\/\/veloaxe.com\/"},{"@type":"ListItem","position":2,"name":"Shop","item":"https:\/\/paleturquoise-herring-271034.hostingersite.com\/shop\/"},{"@type":"ListItem","position":3,"name":"LUBRICANTE CADENA MUC-OFF C3 CERAMICO CLIMA HUMEDO 300ml"}]},{"@type":"WebSite","@id":"https:\/\/veloaxe.com\/#website","url":"https:\/\/veloaxe.com\/","name":"Boutique de v\u00e9lo en ligne | VELOAXE","description":"D\u00e9couvrez une large s\u00e9lection de v\u00e9los de haute qualit\u00e9, des mod\u00e8les urbains et de montagne aux v\u00e9los de route de pointe. Avec un service d'experts et des accessoires sp\u00e9cialis\u00e9s, nous nous engageons \u00e0 vous offrir la meilleure exp\u00e9rience de cyclisme.","publisher":{"@id":"https:\/\/veloaxe.com\/#organization"},"potentialAction":[{"@type":"SearchAction","target":{"@type":"EntryPoint","urlTemplate":"https:\/\/veloaxe.com\/?s={search_term_string}"},"query-input":{"@type":"PropertyValueSpecification","valueRequired":true,"valueName":"search_term_string"}}],"inLanguage":"fr-FR"},{"@type":"Organization","@id":"https:\/\/veloaxe.com\/#organization","name":"Boutique de v\u00e9lo en ligne | VELOAXE","url":"https:\/\/veloaxe.com\/","logo":{"@type":"ImageObject","inLanguage":"fr-FR","@id":"https:\/\/veloaxe.com\/#\/schema\/logo\/image\/","url":"https:\/\/veloaxe.com\/wp-content\/uploads\/2026\/01\/cropped-logo-1.jpg","contentUrl":"https:\/\/veloaxe.com\/wp-content\/uploads\/2026\/01\/cropped-logo-1.jpg","width":1273,"height":363,"caption":"Tienda de bicicletas | VELOAXE"},"image":{"@id":"https:\/\/veloaxe.com\/#\/schema\/logo\/image\/"},"sameAs":["https:\/\/www.facebook.com\/veloaxe"]}]}},"_links":{"self":[{"href":"https:\/\/veloaxe.com\/fr\/wp-json\/wp\/v2\/product\/16621","targetHints":{"allow":["GET"]}}],"collection":[{"href":"https:\/\/veloaxe.com\/fr\/wp-json\/wp\/v2\/product"}],"about":[{"href":"https:\/\/veloaxe.com\/fr\/wp-json\/wp\/v2\/types\/product"}],"replies":[{"embeddable":true,"href":"https:\/\/veloaxe.com\/fr\/wp-json\/wp\/v2\/comments?post=16621"}],"wp:featuredmedia":[{"embeddable":true,"href":"https:\/\/veloaxe.com\/fr\/wp-json\/wp\/v2\/media\/16622"}],"wp:attachment":[{"href":"https:\/\/veloaxe.com\/fr\/wp-json\/wp\/v2\/media?parent=16621"}],"wp:term":[{"taxonomy":"product_brand","embeddable":true,"href":"https:\/\/veloaxe.com\/fr\/wp-json\/wp\/v2\/product_brand?post=16621"},{"taxonomy":"product_cat","embeddable":true,"href":"https:\/\/veloaxe.com\/fr\/wp-json\/wp\/v2\/product_cat?post=16621"},{"taxonomy":"product_tag","embeddable":true,"href":"https:\/\/veloaxe.com\/fr\/wp-json\/wp\/v2\/product_tag?post=16621"}],"curies":[{"name":"wp","href":"https:\/\/api.w.org\/{rel}","templated":true}]}}