{"id":16625,"date":"2024-09-07T07:31:58","date_gmt":"2024-09-07T07:31:58","guid":{"rendered":"https:\/\/veloaxe.com\/?post_type=product&#038;p=16625"},"modified":"2025-05-17T04:09:00","modified_gmt":"2025-05-17T04:09:00","slug":"lubricante-cadena-muc-off-c3-ceramico-clima-seco-120ml","status":"publish","type":"product","link":"https:\/\/veloaxe.com\/fr\/producto\/lubricante-cadena-muc-off-c3-ceramico-clima-seco-120ml\/","title":{"rendered":"LUBRICANTE CADENA MUC-OFF C3 CERAMICO CLIMA SECO 120ml"},"content":{"rendered":"<p><strong><em>LUBRICANTE MUC-OFF C3 CERAMICO CLIMA SECO 120ml<\/em> \u2013 <\/strong>C3 Dry Ceramic Chain Lubricar sube el list\u00f3n cuando se trata de proporcionar la lubricaci\u00f3n Supremo . Proporciona una protecci\u00f3n total contra la corrosi\u00f3n y un rendimiento inigualable en condiciones secas, polvorientas y h\u00famedas. Con part\u00edculas nano cer\u00e1micas a\u00f1adidas y pol\u00edmeros sint\u00e9ticos, C3 Dry Ceramic Chain Lubricar maximiza su potencia reduciendo el contacto metal-metal a un nivel bajo e innovador y proporciona hasta 10 veces m\u00e1s rendimiento que los aceites y lubricantes de cadena convencionales. El equipo de I+D de Muc-Off no ha escatimado en esfuerzos a la hora de poner a disposici\u00f3n del p\u00fablico el futuro de los lubricantes para bicicletas.<\/p>\n<p><strong><em>CARACTERISTICA LUBRICANTE MUC-OFF C3 CERAMICO CLIMA SECO 120ml <\/em><\/strong>:<\/p>\n<ul>\n<li>Ideal para ciclismo de carretera, ciclocross y MTB<\/li>\n<li>Proporciona el Supremo rendimiento en condiciones de humedad, sequedad y polvo<\/li>\n<li>F\u00f3rmula sin petr\u00f3leo para una protecci\u00f3n ecol\u00f3gica<\/li>\n<li>Recubrimiento cer\u00e1mico para una mayor protecci\u00f3n de la cadena de transmisi\u00f3n<\/li>\n<li>Pol\u00edmeros sint\u00e9ticos para el rendimiento a larga distancia<\/li>\n<li>Incre\u00edble durabilidad<\/li>\n<\/ul>","protected":false},"excerpt":{"rendered":"<p>LUBRICANTE MUC-OFF C3 CERAMICO CLIMA SECO 120ml &#8211; C3 Dry Ceramic Chain Lubricar sube el list\u00f3n cuando se trata de proporcionar la lubricaci\u00f3n Supremo . Proporciona una protecci\u00f3n total contra la corrosi\u00f3n y un rendimiento inigualable en condiciones secas, polvorientas y h\u00famedas. Con part\u00edculas nano cer\u00e1micas a\u00f1adidas y pol\u00edmeros sint\u00e9ticos, C3 Dry Ceramic Chain Lubricar [&hellip;]<\/p>\n","protected":false},"featured_media":16626,"comment_status":"closed","ping_status":"closed","template":"","meta":[],"product_brand":[],"product_cat":[124,123],"product_tag":[],"class_list":{"0":"post-16625","1":"product","2":"type-product","3":"status-publish","4":"has-post-thumbnail","6":"product_cat-lubricante-para-bicicletas","7":"product_cat-lubricante-y-grasa-para-bicicleta","8":"product_shipping_class-no-bicicletas","10":"first","11":"instock","12":"sale","13":"shipping-taxable","14":"purchasable","15":"product-type-simple"},"yoast_head":"<!-- This site is optimized with the Yoast SEO plugin v27.6 - https:\/\/yoast.com\/product\/yoast-seo-wordpress\/ -->\n<title>LUBRICANTE MUC-OFF C3 CERAMICO 120 ml| VELOAXE<\/title>\n<meta name=\"description\" content=\"LUBRICANTE MUC-OFF C3 CERAMICO 120ml CLIMA SECO - Productos de la marca MUC-OFF los puedes encontrar aqu\u00ed. Lubricante y grasa para tu bicicleta.\" \/>\n<meta name=\"robots\" content=\"index, follow, max-snippet:-1, max-image-preview:large, max-video-preview:-1\" \/>\n<link rel=\"canonical\" href=\"https:\/\/veloaxe.com\/fr\/produit\/lubricante-cadena-muc-off-c3-ceramico-clima-seco-120ml\/\" \/>\n<meta property=\"og:locale\" content=\"fr_FR\" \/>\n<meta property=\"og:type\" content=\"article\" \/>\n<meta property=\"og:title\" content=\"LUBRICANTE MUC-OFF C3 CERAMICO 120 ml| VELOAXE\" \/>\n<meta property=\"og:description\" content=\"LUBRICANTE MUC-OFF C3 CERAMICO 120ml CLIMA SECO - Productos de la marca MUC-OFF los puedes encontrar aqu\u00ed. Lubricante y grasa para tu bicicleta.\" \/>\n<meta property=\"og:url\" content=\"https:\/\/veloaxe.com\/fr\/produit\/lubricante-cadena-muc-off-c3-ceramico-clima-seco-120ml\/\" \/>\n<meta property=\"og:site_name\" content=\"Tienda de bicicletas | VELOAXE\" \/>\n<meta property=\"article:publisher\" content=\"https:\/\/www.facebook.com\/veloaxe\" \/>\n<meta property=\"article:modified_time\" content=\"2025-05-17T04:09:00+00:00\" \/>\n<meta property=\"og:image\" content=\"https:\/\/veloaxe.com\/wp-content\/uploads\/2024\/09\/muc-off-lubricante-c3-ceramico-120ml.jpg\" \/>\n\t<meta property=\"og:image:width\" content=\"1392\" \/>\n\t<meta property=\"og:image:height\" content=\"1392\" \/>\n\t<meta property=\"og:image:type\" content=\"image\/jpeg\" \/>\n<meta name=\"twitter:card\" content=\"summary_large_image\" \/>\n<meta name=\"twitter:label1\" content=\"Dur\u00e9e de lecture estim\u00e9e\" \/>\n\t<meta name=\"twitter:data1\" content=\"1 minute\" \/>\n<script type=\"application\/ld+json\" class=\"yoast-schema-graph\">{\"@context\":\"https:\\\/\\\/schema.org\",\"@graph\":[{\"@type\":\"WebPage\",\"@id\":\"https:\\\/\\\/veloaxe.com\\\/producto\\\/lubricante-cadena-muc-off-c3-ceramico-clima-seco-120ml\\\/\",\"url\":\"https:\\\/\\\/veloaxe.com\\\/producto\\\/lubricante-cadena-muc-off-c3-ceramico-clima-seco-120ml\\\/\",\"name\":\"LUBRICANTE MUC-OFF C3 CERAMICO 120 ml| VELOAXE\",\"isPartOf\":{\"@id\":\"https:\\\/\\\/veloaxe.com\\\/#website\"},\"primaryImageOfPage\":{\"@id\":\"https:\\\/\\\/veloaxe.com\\\/producto\\\/lubricante-cadena-muc-off-c3-ceramico-clima-seco-120ml\\\/#primaryimage\"},\"image\":{\"@id\":\"https:\\\/\\\/veloaxe.com\\\/producto\\\/lubricante-cadena-muc-off-c3-ceramico-clima-seco-120ml\\\/#primaryimage\"},\"thumbnailUrl\":\"https:\\\/\\\/veloaxe.com\\\/wp-content\\\/uploads\\\/2024\\\/09\\\/muc-off-lubricante-c3-ceramico-120ml.jpg\",\"datePublished\":\"2024-09-07T07:31:58+00:00\",\"dateModified\":\"2025-05-17T04:09:00+00:00\",\"description\":\"LUBRICANTE MUC-OFF C3 CERAMICO 120ml CLIMA SECO - Productos de la marca MUC-OFF los puedes encontrar aqu\u00ed. Lubricante y grasa para tu bicicleta.\",\"breadcrumb\":{\"@id\":\"https:\\\/\\\/veloaxe.com\\\/producto\\\/lubricante-cadena-muc-off-c3-ceramico-clima-seco-120ml\\\/#breadcrumb\"},\"inLanguage\":\"fr-FR\",\"potentialAction\":[{\"@type\":\"ReadAction\",\"target\":[\"https:\\\/\\\/veloaxe.com\\\/producto\\\/lubricante-cadena-muc-off-c3-ceramico-clima-seco-120ml\\\/\"]}]},{\"@type\":\"ImageObject\",\"inLanguage\":\"fr-FR\",\"@id\":\"https:\\\/\\\/veloaxe.com\\\/producto\\\/lubricante-cadena-muc-off-c3-ceramico-clima-seco-120ml\\\/#primaryimage\",\"url\":\"https:\\\/\\\/veloaxe.com\\\/wp-content\\\/uploads\\\/2024\\\/09\\\/muc-off-lubricante-c3-ceramico-120ml.jpg\",\"contentUrl\":\"https:\\\/\\\/veloaxe.com\\\/wp-content\\\/uploads\\\/2024\\\/09\\\/muc-off-lubricante-c3-ceramico-120ml.jpg\",\"width\":1392,\"height\":1392,\"caption\":\"muc-off-lubricante-c3-ceramico-120ml\"},{\"@type\":\"BreadcrumbList\",\"@id\":\"https:\\\/\\\/veloaxe.com\\\/producto\\\/lubricante-cadena-muc-off-c3-ceramico-clima-seco-120ml\\\/#breadcrumb\",\"itemListElement\":[{\"@type\":\"ListItem\",\"position\":1,\"name\":\"Portada\",\"item\":\"https:\\\/\\\/veloaxe.com\\\/\"},{\"@type\":\"ListItem\",\"position\":2,\"name\":\"Shop\",\"item\":\"https:\\\/\\\/paleturquoise-herring-271034.hostingersite.com\\\/shop\\\/\"},{\"@type\":\"ListItem\",\"position\":3,\"name\":\"LUBRICANTE CADENA MUC-OFF C3 CERAMICO CLIMA SECO 120ml\"}]},{\"@type\":\"WebSite\",\"@id\":\"https:\\\/\\\/veloaxe.com\\\/#website\",\"url\":\"https:\\\/\\\/veloaxe.com\\\/\",\"name\":\"Tienda de bicicletas | VELOAXE\",\"description\":\"Descubre una amplia selecci\u00f3n de bicicletas de alta calidad, desde modelos urbanos y de monta\u00f1a hasta bicicletas de carretera de \u00faltima generaci\u00f3n. Con un servicio experto y accesorios especializados, estamos comprometidos a brindarte la mejor experiencia ciclista.\",\"publisher\":{\"@id\":\"https:\\\/\\\/veloaxe.com\\\/#organization\"},\"potentialAction\":[{\"@type\":\"SearchAction\",\"target\":{\"@type\":\"EntryPoint\",\"urlTemplate\":\"https:\\\/\\\/veloaxe.com\\\/?s={search_term_string}\"},\"query-input\":{\"@type\":\"PropertyValueSpecification\",\"valueRequired\":true,\"valueName\":\"search_term_string\"}}],\"inLanguage\":\"fr-FR\"},{\"@type\":\"Organization\",\"@id\":\"https:\\\/\\\/veloaxe.com\\\/#organization\",\"name\":\"Tienda de bicicletas | VELOAXE\",\"url\":\"https:\\\/\\\/veloaxe.com\\\/\",\"logo\":{\"@type\":\"ImageObject\",\"inLanguage\":\"fr-FR\",\"@id\":\"https:\\\/\\\/veloaxe.com\\\/#\\\/schema\\\/logo\\\/image\\\/\",\"url\":\"https:\\\/\\\/veloaxe.com\\\/wp-content\\\/uploads\\\/2026\\\/01\\\/cropped-logo-1.jpg\",\"contentUrl\":\"https:\\\/\\\/veloaxe.com\\\/wp-content\\\/uploads\\\/2026\\\/01\\\/cropped-logo-1.jpg\",\"width\":1273,\"height\":363,\"caption\":\"Tienda de bicicletas | VELOAXE\"},\"image\":{\"@id\":\"https:\\\/\\\/veloaxe.com\\\/#\\\/schema\\\/logo\\\/image\\\/\"},\"sameAs\":[\"https:\\\/\\\/www.facebook.com\\\/veloaxe\"]}]}<\/script>\n<!-- \/ Yoast SEO plugin. -->","yoast_head_json":{"title":"LUBRICANTE MUC-OFF C3 CERAMICO 120 ml| VELOAXE","description":"LUBRICANTE MUC-OFF C3 CERAMICO 120ml CLIMA SECO - Productos de la marca MUC-OFF los puedes encontrar aqu\u00ed. Lubricante y grasa para tu bicicleta.","robots":{"index":"index","follow":"follow","max-snippet":"max-snippet:-1","max-image-preview":"max-image-preview:large","max-video-preview":"max-video-preview:-1"},"canonical":"https:\/\/veloaxe.com\/fr\/produit\/lubricante-cadena-muc-off-c3-ceramico-clima-seco-120ml\/","og_locale":"fr_FR","og_type":"article","og_title":"LUBRICANTE MUC-OFF C3 CERAMICO 120 ml| VELOAXE","og_description":"LUBRICANTE MUC-OFF C3 CERAMICO 120ml CLIMA SECO - Productos de la marca MUC-OFF los puedes encontrar aqu\u00ed. Lubricante y grasa para tu bicicleta.","og_url":"https:\/\/veloaxe.com\/fr\/produit\/lubricante-cadena-muc-off-c3-ceramico-clima-seco-120ml\/","og_site_name":"Tienda de bicicletas | VELOAXE","article_publisher":"https:\/\/www.facebook.com\/veloaxe","article_modified_time":"2025-05-17T04:09:00+00:00","og_image":[{"width":1392,"height":1392,"url":"https:\/\/veloaxe.com\/wp-content\/uploads\/2024\/09\/muc-off-lubricante-c3-ceramico-120ml.jpg","type":"image\/jpeg"}],"twitter_card":"summary_large_image","twitter_misc":{"Dur\u00e9e de lecture estim\u00e9e":"1 minute"},"schema":{"@context":"https:\/\/schema.org","@graph":[{"@type":"WebPage","@id":"https:\/\/veloaxe.com\/producto\/lubricante-cadena-muc-off-c3-ceramico-clima-seco-120ml\/","url":"https:\/\/veloaxe.com\/producto\/lubricante-cadena-muc-off-c3-ceramico-clima-seco-120ml\/","name":"LUBRICANTE MUC-OFF C3 CERAMICO 120 ml| VELOAXE","isPartOf":{"@id":"https:\/\/veloaxe.com\/#website"},"primaryImageOfPage":{"@id":"https:\/\/veloaxe.com\/producto\/lubricante-cadena-muc-off-c3-ceramico-clima-seco-120ml\/#primaryimage"},"image":{"@id":"https:\/\/veloaxe.com\/producto\/lubricante-cadena-muc-off-c3-ceramico-clima-seco-120ml\/#primaryimage"},"thumbnailUrl":"https:\/\/veloaxe.com\/wp-content\/uploads\/2024\/09\/muc-off-lubricante-c3-ceramico-120ml.jpg","datePublished":"2024-09-07T07:31:58+00:00","dateModified":"2025-05-17T04:09:00+00:00","description":"LUBRICANTE MUC-OFF C3 CERAMICO 120ml CLIMA SECO - Productos de la marca MUC-OFF los puedes encontrar aqu\u00ed. Lubricante y grasa para tu bicicleta.","breadcrumb":{"@id":"https:\/\/veloaxe.com\/producto\/lubricante-cadena-muc-off-c3-ceramico-clima-seco-120ml\/#breadcrumb"},"inLanguage":"fr-FR","potentialAction":[{"@type":"ReadAction","target":["https:\/\/veloaxe.com\/producto\/lubricante-cadena-muc-off-c3-ceramico-clima-seco-120ml\/"]}]},{"@type":"ImageObject","inLanguage":"fr-FR","@id":"https:\/\/veloaxe.com\/producto\/lubricante-cadena-muc-off-c3-ceramico-clima-seco-120ml\/#primaryimage","url":"https:\/\/veloaxe.com\/wp-content\/uploads\/2024\/09\/muc-off-lubricante-c3-ceramico-120ml.jpg","contentUrl":"https:\/\/veloaxe.com\/wp-content\/uploads\/2024\/09\/muc-off-lubricante-c3-ceramico-120ml.jpg","width":1392,"height":1392,"caption":"muc-off-lubricante-c3-ceramico-120ml"},{"@type":"BreadcrumbList","@id":"https:\/\/veloaxe.com\/producto\/lubricante-cadena-muc-off-c3-ceramico-clima-seco-120ml\/#breadcrumb","itemListElement":[{"@type":"ListItem","position":1,"name":"Portada","item":"https:\/\/veloaxe.com\/"},{"@type":"ListItem","position":2,"name":"Shop","item":"https:\/\/paleturquoise-herring-271034.hostingersite.com\/shop\/"},{"@type":"ListItem","position":3,"name":"LUBRICANTE CADENA MUC-OFF C3 CERAMICO CLIMA SECO 120ml"}]},{"@type":"WebSite","@id":"https:\/\/veloaxe.com\/#website","url":"https:\/\/veloaxe.com\/","name":"Boutique de v\u00e9lo en ligne | VELOAXE","description":"D\u00e9couvrez une large s\u00e9lection de v\u00e9los de haute qualit\u00e9, des mod\u00e8les urbains et de montagne aux v\u00e9los de route de pointe. Avec un service d'experts et des accessoires sp\u00e9cialis\u00e9s, nous nous engageons \u00e0 vous offrir la meilleure exp\u00e9rience de cyclisme.","publisher":{"@id":"https:\/\/veloaxe.com\/#organization"},"potentialAction":[{"@type":"SearchAction","target":{"@type":"EntryPoint","urlTemplate":"https:\/\/veloaxe.com\/?s={search_term_string}"},"query-input":{"@type":"PropertyValueSpecification","valueRequired":true,"valueName":"search_term_string"}}],"inLanguage":"fr-FR"},{"@type":"Organization","@id":"https:\/\/veloaxe.com\/#organization","name":"Boutique de v\u00e9lo en ligne | VELOAXE","url":"https:\/\/veloaxe.com\/","logo":{"@type":"ImageObject","inLanguage":"fr-FR","@id":"https:\/\/veloaxe.com\/#\/schema\/logo\/image\/","url":"https:\/\/veloaxe.com\/wp-content\/uploads\/2026\/01\/cropped-logo-1.jpg","contentUrl":"https:\/\/veloaxe.com\/wp-content\/uploads\/2026\/01\/cropped-logo-1.jpg","width":1273,"height":363,"caption":"Tienda de bicicletas | VELOAXE"},"image":{"@id":"https:\/\/veloaxe.com\/#\/schema\/logo\/image\/"},"sameAs":["https:\/\/www.facebook.com\/veloaxe"]}]}},"_links":{"self":[{"href":"https:\/\/veloaxe.com\/fr\/wp-json\/wp\/v2\/product\/16625","targetHints":{"allow":["GET"]}}],"collection":[{"href":"https:\/\/veloaxe.com\/fr\/wp-json\/wp\/v2\/product"}],"about":[{"href":"https:\/\/veloaxe.com\/fr\/wp-json\/wp\/v2\/types\/product"}],"replies":[{"embeddable":true,"href":"https:\/\/veloaxe.com\/fr\/wp-json\/wp\/v2\/comments?post=16625"}],"wp:featuredmedia":[{"embeddable":true,"href":"https:\/\/veloaxe.com\/fr\/wp-json\/wp\/v2\/media\/16626"}],"wp:attachment":[{"href":"https:\/\/veloaxe.com\/fr\/wp-json\/wp\/v2\/media?parent=16625"}],"wp:term":[{"taxonomy":"product_brand","embeddable":true,"href":"https:\/\/veloaxe.com\/fr\/wp-json\/wp\/v2\/product_brand?post=16625"},{"taxonomy":"product_cat","embeddable":true,"href":"https:\/\/veloaxe.com\/fr\/wp-json\/wp\/v2\/product_cat?post=16625"},{"taxonomy":"product_tag","embeddable":true,"href":"https:\/\/veloaxe.com\/fr\/wp-json\/wp\/v2\/product_tag?post=16625"}],"curies":[{"name":"wp","href":"https:\/\/api.w.org\/{rel}","templated":true}]}}