{"id":16634,"date":"2024-09-07T09:32:25","date_gmt":"2024-09-07T09:32:25","guid":{"rendered":"https:\/\/veloaxe.com\/?post_type=product&#038;p=16634"},"modified":"2025-05-16T07:53:58","modified_gmt":"2025-05-16T07:53:58","slug":"lubricante-cadena-muc-off-e-bike-clima-humedo-120ml","status":"publish","type":"product","link":"https:\/\/veloaxe.com\/fr\/producto\/lubricante-cadena-muc-off-e-bike-clima-humedo-120ml\/","title":{"rendered":"LUBRICANTE CADENA MUC-OFF E-BIKE CLIMA HUMEDO 120ml"},"content":{"rendered":"<p><strong><em>LUBRICANTE MUC-OFF E-BIKE CLIMA HUMEDO 120ml<\/em> \u2013 <\/strong>Una formulaci\u00f3n cer\u00e1mica patentada que contiene compuestos integrales de nitruro de boro para una baja fricci\u00f3n en condiciones h\u00famedas y duras. Formulado con nuestro exclusivo paquete de lubricidad espec\u00edfico eBike para manejar las mayores cargas de par de un eBike Sistema de transmisi\u00f3n . Ideal para: Cadenas, cables, palancas de cambio, desviadores y pedales.<\/p>\n<p><strong><em>CARACTERISTICA LUBRICANTE MUC-OFF E-BIKE CLIMA HUMEDO 120ml\u00a0<\/em><\/strong><\/p>\n<ul>\n<li>Dise\u00f1ado espec\u00edficamente para las cargas de alto par aplicadas a una cadena eBike .<\/li>\n<li>Crea un revestimiento cer\u00e1mico para una incre\u00edble durabilidad y rendimiento a larga distancia<\/li>\n<li>Contiene compuestos de nitruro de boro<\/li>\n<li>Los compuestos cer\u00e1micos proporcionan una fricci\u00f3n ultra baja para una excelente eficiencia<\/li>\n<li>Resistente al agua: destaca en condiciones de humedad<\/li>\n<li>F\u00e1cilmente biodegradable<\/li>\n<li>Ideal para carretera y todoterreno<\/li>\n<li>Tinte trazador UV integral: ayuda a una aplicaci\u00f3n precisa para garantizar una protecci\u00f3n total.<\/li>\n<\/ul>","protected":false},"excerpt":{"rendered":"<p>LUBRICANTE MUC-OFF E-BIKE CLIMA HUMEDO 120ml &#8211; Una formulaci\u00f3n cer\u00e1mica patentada que contiene compuestos integrales de nitruro de boro para una baja fricci\u00f3n en condiciones h\u00famedas y duras. Formulado con nuestro exclusivo paquete de lubricidad espec\u00edfico eBike para manejar las mayores cargas de par de un eBike Sistema de transmisi\u00f3n . Ideal para: Cadenas, cables, [&hellip;]<\/p>\n","protected":false},"featured_media":16635,"comment_status":"closed","ping_status":"closed","template":"","meta":[],"product_brand":[],"product_cat":[124,123],"product_tag":[],"class_list":{"0":"post-16634","1":"product","2":"type-product","3":"status-publish","4":"has-post-thumbnail","6":"product_cat-lubricante-para-bicicletas","7":"product_cat-lubricante-y-grasa-para-bicicleta","8":"product_shipping_class-no-bicicletas","10":"first","11":"instock","12":"sale","13":"shipping-taxable","14":"purchasable","15":"product-type-simple"},"yoast_head":"<!-- This site is optimized with the Yoast SEO plugin v27.6 - https:\/\/yoast.com\/product\/yoast-seo-wordpress\/ -->\n<title>LUBRICANTE MUC-OFF E-BIKE CLIMA HUMEDO | VELOAXE<\/title>\n<meta name=\"description\" content=\"LUBRICANTE MUC-OFF E-BIKE CLIMA HUMEDO 120ml - Productos de la marca MUC-OFF los puedes encontrar aqu\u00ed. Lubricante y grasa para tu bicicleta.\" \/>\n<meta name=\"robots\" content=\"index, follow, max-snippet:-1, max-image-preview:large, max-video-preview:-1\" \/>\n<link rel=\"canonical\" href=\"https:\/\/veloaxe.com\/fr\/produit\/lubricante-cadena-muc-off-e-bike-clima-humedo-120ml\/\" \/>\n<meta property=\"og:locale\" content=\"fr_FR\" \/>\n<meta property=\"og:type\" content=\"article\" \/>\n<meta property=\"og:title\" content=\"LUBRICANTE MUC-OFF E-BIKE CLIMA HUMEDO | VELOAXE\" \/>\n<meta property=\"og:description\" content=\"LUBRICANTE MUC-OFF E-BIKE CLIMA HUMEDO 120ml - Productos de la marca MUC-OFF los puedes encontrar aqu\u00ed. Lubricante y grasa para tu bicicleta.\" \/>\n<meta property=\"og:url\" content=\"https:\/\/veloaxe.com\/fr\/produit\/lubricante-cadena-muc-off-e-bike-clima-humedo-120ml\/\" \/>\n<meta property=\"og:site_name\" content=\"Tienda de bicicletas | VELOAXE\" \/>\n<meta property=\"article:publisher\" content=\"https:\/\/www.facebook.com\/veloaxe\" \/>\n<meta property=\"article:modified_time\" content=\"2025-05-16T07:53:58+00:00\" \/>\n<meta property=\"og:image\" content=\"https:\/\/veloaxe.com\/wp-content\/uploads\/2024\/09\/lubricante-muc-off-e-bike-clima-humedo-120ml.jpg\" \/>\n\t<meta property=\"og:image:width\" content=\"800\" \/>\n\t<meta property=\"og:image:height\" content=\"800\" \/>\n\t<meta property=\"og:image:type\" content=\"image\/jpeg\" \/>\n<meta name=\"twitter:card\" content=\"summary_large_image\" \/>\n<meta name=\"twitter:label1\" content=\"Dur\u00e9e de lecture estim\u00e9e\" \/>\n\t<meta name=\"twitter:data1\" content=\"1 minute\" \/>\n<script type=\"application\/ld+json\" class=\"yoast-schema-graph\">{\"@context\":\"https:\\\/\\\/schema.org\",\"@graph\":[{\"@type\":\"WebPage\",\"@id\":\"https:\\\/\\\/veloaxe.com\\\/producto\\\/lubricante-cadena-muc-off-e-bike-clima-humedo-120ml\\\/\",\"url\":\"https:\\\/\\\/veloaxe.com\\\/producto\\\/lubricante-cadena-muc-off-e-bike-clima-humedo-120ml\\\/\",\"name\":\"LUBRICANTE MUC-OFF E-BIKE CLIMA HUMEDO | VELOAXE\",\"isPartOf\":{\"@id\":\"https:\\\/\\\/veloaxe.com\\\/#website\"},\"primaryImageOfPage\":{\"@id\":\"https:\\\/\\\/veloaxe.com\\\/producto\\\/lubricante-cadena-muc-off-e-bike-clima-humedo-120ml\\\/#primaryimage\"},\"image\":{\"@id\":\"https:\\\/\\\/veloaxe.com\\\/producto\\\/lubricante-cadena-muc-off-e-bike-clima-humedo-120ml\\\/#primaryimage\"},\"thumbnailUrl\":\"https:\\\/\\\/veloaxe.com\\\/wp-content\\\/uploads\\\/2024\\\/09\\\/lubricante-muc-off-e-bike-clima-humedo-120ml.jpg\",\"datePublished\":\"2024-09-07T09:32:25+00:00\",\"dateModified\":\"2025-05-16T07:53:58+00:00\",\"description\":\"LUBRICANTE MUC-OFF E-BIKE CLIMA HUMEDO 120ml - Productos de la marca MUC-OFF los puedes encontrar aqu\u00ed. Lubricante y grasa para tu bicicleta.\",\"breadcrumb\":{\"@id\":\"https:\\\/\\\/veloaxe.com\\\/producto\\\/lubricante-cadena-muc-off-e-bike-clima-humedo-120ml\\\/#breadcrumb\"},\"inLanguage\":\"fr-FR\",\"potentialAction\":[{\"@type\":\"ReadAction\",\"target\":[\"https:\\\/\\\/veloaxe.com\\\/producto\\\/lubricante-cadena-muc-off-e-bike-clima-humedo-120ml\\\/\"]}]},{\"@type\":\"ImageObject\",\"inLanguage\":\"fr-FR\",\"@id\":\"https:\\\/\\\/veloaxe.com\\\/producto\\\/lubricante-cadena-muc-off-e-bike-clima-humedo-120ml\\\/#primaryimage\",\"url\":\"https:\\\/\\\/veloaxe.com\\\/wp-content\\\/uploads\\\/2024\\\/09\\\/lubricante-muc-off-e-bike-clima-humedo-120ml.jpg\",\"contentUrl\":\"https:\\\/\\\/veloaxe.com\\\/wp-content\\\/uploads\\\/2024\\\/09\\\/lubricante-muc-off-e-bike-clima-humedo-120ml.jpg\",\"width\":800,\"height\":800,\"caption\":\"lubricante-muc-off-e-bike-clima-humedo-120ml\"},{\"@type\":\"BreadcrumbList\",\"@id\":\"https:\\\/\\\/veloaxe.com\\\/producto\\\/lubricante-cadena-muc-off-e-bike-clima-humedo-120ml\\\/#breadcrumb\",\"itemListElement\":[{\"@type\":\"ListItem\",\"position\":1,\"name\":\"Portada\",\"item\":\"https:\\\/\\\/veloaxe.com\\\/\"},{\"@type\":\"ListItem\",\"position\":2,\"name\":\"Shop\",\"item\":\"https:\\\/\\\/paleturquoise-herring-271034.hostingersite.com\\\/shop\\\/\"},{\"@type\":\"ListItem\",\"position\":3,\"name\":\"LUBRICANTE CADENA MUC-OFF E-BIKE CLIMA HUMEDO 120ml\"}]},{\"@type\":\"WebSite\",\"@id\":\"https:\\\/\\\/veloaxe.com\\\/#website\",\"url\":\"https:\\\/\\\/veloaxe.com\\\/\",\"name\":\"Tienda de bicicletas | VELOAXE\",\"description\":\"Descubre una amplia selecci\u00f3n de bicicletas de alta calidad, desde modelos urbanos y de monta\u00f1a hasta bicicletas de carretera de \u00faltima generaci\u00f3n. Con un servicio experto y accesorios especializados, estamos comprometidos a brindarte la mejor experiencia ciclista.\",\"publisher\":{\"@id\":\"https:\\\/\\\/veloaxe.com\\\/#organization\"},\"potentialAction\":[{\"@type\":\"SearchAction\",\"target\":{\"@type\":\"EntryPoint\",\"urlTemplate\":\"https:\\\/\\\/veloaxe.com\\\/?s={search_term_string}\"},\"query-input\":{\"@type\":\"PropertyValueSpecification\",\"valueRequired\":true,\"valueName\":\"search_term_string\"}}],\"inLanguage\":\"fr-FR\"},{\"@type\":\"Organization\",\"@id\":\"https:\\\/\\\/veloaxe.com\\\/#organization\",\"name\":\"Tienda de bicicletas | VELOAXE\",\"url\":\"https:\\\/\\\/veloaxe.com\\\/\",\"logo\":{\"@type\":\"ImageObject\",\"inLanguage\":\"fr-FR\",\"@id\":\"https:\\\/\\\/veloaxe.com\\\/#\\\/schema\\\/logo\\\/image\\\/\",\"url\":\"https:\\\/\\\/veloaxe.com\\\/wp-content\\\/uploads\\\/2026\\\/01\\\/cropped-logo-1.jpg\",\"contentUrl\":\"https:\\\/\\\/veloaxe.com\\\/wp-content\\\/uploads\\\/2026\\\/01\\\/cropped-logo-1.jpg\",\"width\":1273,\"height\":363,\"caption\":\"Tienda de bicicletas | VELOAXE\"},\"image\":{\"@id\":\"https:\\\/\\\/veloaxe.com\\\/#\\\/schema\\\/logo\\\/image\\\/\"},\"sameAs\":[\"https:\\\/\\\/www.facebook.com\\\/veloaxe\"]}]}<\/script>\n<!-- \/ Yoast SEO plugin. -->","yoast_head_json":{"title":"LUBRICANTE MUC-OFF E-BIKE CLIMA HUMEDO | VELOAXE","description":"LUBRICANTE MUC-OFF E-BIKE CLIMA HUMEDO 120ml - Productos de la marca MUC-OFF los puedes encontrar aqu\u00ed. Lubricante y grasa para tu bicicleta.","robots":{"index":"index","follow":"follow","max-snippet":"max-snippet:-1","max-image-preview":"max-image-preview:large","max-video-preview":"max-video-preview:-1"},"canonical":"https:\/\/veloaxe.com\/fr\/produit\/lubricante-cadena-muc-off-e-bike-clima-humedo-120ml\/","og_locale":"fr_FR","og_type":"article","og_title":"LUBRICANTE MUC-OFF E-BIKE CLIMA HUMEDO | VELOAXE","og_description":"LUBRICANTE MUC-OFF E-BIKE CLIMA HUMEDO 120ml - Productos de la marca MUC-OFF los puedes encontrar aqu\u00ed. Lubricante y grasa para tu bicicleta.","og_url":"https:\/\/veloaxe.com\/fr\/produit\/lubricante-cadena-muc-off-e-bike-clima-humedo-120ml\/","og_site_name":"Tienda de bicicletas | VELOAXE","article_publisher":"https:\/\/www.facebook.com\/veloaxe","article_modified_time":"2025-05-16T07:53:58+00:00","og_image":[{"width":800,"height":800,"url":"https:\/\/veloaxe.com\/wp-content\/uploads\/2024\/09\/lubricante-muc-off-e-bike-clima-humedo-120ml.jpg","type":"image\/jpeg"}],"twitter_card":"summary_large_image","twitter_misc":{"Dur\u00e9e de lecture estim\u00e9e":"1 minute"},"schema":{"@context":"https:\/\/schema.org","@graph":[{"@type":"WebPage","@id":"https:\/\/veloaxe.com\/producto\/lubricante-cadena-muc-off-e-bike-clima-humedo-120ml\/","url":"https:\/\/veloaxe.com\/producto\/lubricante-cadena-muc-off-e-bike-clima-humedo-120ml\/","name":"LUBRICANTE MUC-OFF E-BIKE CLIMA HUMEDO | VELOAXE","isPartOf":{"@id":"https:\/\/veloaxe.com\/#website"},"primaryImageOfPage":{"@id":"https:\/\/veloaxe.com\/producto\/lubricante-cadena-muc-off-e-bike-clima-humedo-120ml\/#primaryimage"},"image":{"@id":"https:\/\/veloaxe.com\/producto\/lubricante-cadena-muc-off-e-bike-clima-humedo-120ml\/#primaryimage"},"thumbnailUrl":"https:\/\/veloaxe.com\/wp-content\/uploads\/2024\/09\/lubricante-muc-off-e-bike-clima-humedo-120ml.jpg","datePublished":"2024-09-07T09:32:25+00:00","dateModified":"2025-05-16T07:53:58+00:00","description":"LUBRICANTE MUC-OFF E-BIKE CLIMA HUMEDO 120ml - Productos de la marca MUC-OFF los puedes encontrar aqu\u00ed. Lubricante y grasa para tu bicicleta.","breadcrumb":{"@id":"https:\/\/veloaxe.com\/producto\/lubricante-cadena-muc-off-e-bike-clima-humedo-120ml\/#breadcrumb"},"inLanguage":"fr-FR","potentialAction":[{"@type":"ReadAction","target":["https:\/\/veloaxe.com\/producto\/lubricante-cadena-muc-off-e-bike-clima-humedo-120ml\/"]}]},{"@type":"ImageObject","inLanguage":"fr-FR","@id":"https:\/\/veloaxe.com\/producto\/lubricante-cadena-muc-off-e-bike-clima-humedo-120ml\/#primaryimage","url":"https:\/\/veloaxe.com\/wp-content\/uploads\/2024\/09\/lubricante-muc-off-e-bike-clima-humedo-120ml.jpg","contentUrl":"https:\/\/veloaxe.com\/wp-content\/uploads\/2024\/09\/lubricante-muc-off-e-bike-clima-humedo-120ml.jpg","width":800,"height":800,"caption":"lubricante-muc-off-e-bike-clima-humedo-120ml"},{"@type":"BreadcrumbList","@id":"https:\/\/veloaxe.com\/producto\/lubricante-cadena-muc-off-e-bike-clima-humedo-120ml\/#breadcrumb","itemListElement":[{"@type":"ListItem","position":1,"name":"Portada","item":"https:\/\/veloaxe.com\/"},{"@type":"ListItem","position":2,"name":"Shop","item":"https:\/\/paleturquoise-herring-271034.hostingersite.com\/shop\/"},{"@type":"ListItem","position":3,"name":"LUBRICANTE CADENA MUC-OFF E-BIKE CLIMA HUMEDO 120ml"}]},{"@type":"WebSite","@id":"https:\/\/veloaxe.com\/#website","url":"https:\/\/veloaxe.com\/","name":"Boutique de v\u00e9lo en ligne | VELOAXE","description":"D\u00e9couvrez une large s\u00e9lection de v\u00e9los de haute qualit\u00e9, des mod\u00e8les urbains et de montagne aux v\u00e9los de route de pointe. Avec un service d'experts et des accessoires sp\u00e9cialis\u00e9s, nous nous engageons \u00e0 vous offrir la meilleure exp\u00e9rience de cyclisme.","publisher":{"@id":"https:\/\/veloaxe.com\/#organization"},"potentialAction":[{"@type":"SearchAction","target":{"@type":"EntryPoint","urlTemplate":"https:\/\/veloaxe.com\/?s={search_term_string}"},"query-input":{"@type":"PropertyValueSpecification","valueRequired":true,"valueName":"search_term_string"}}],"inLanguage":"fr-FR"},{"@type":"Organization","@id":"https:\/\/veloaxe.com\/#organization","name":"Boutique de v\u00e9lo en ligne | VELOAXE","url":"https:\/\/veloaxe.com\/","logo":{"@type":"ImageObject","inLanguage":"fr-FR","@id":"https:\/\/veloaxe.com\/#\/schema\/logo\/image\/","url":"https:\/\/veloaxe.com\/wp-content\/uploads\/2026\/01\/cropped-logo-1.jpg","contentUrl":"https:\/\/veloaxe.com\/wp-content\/uploads\/2026\/01\/cropped-logo-1.jpg","width":1273,"height":363,"caption":"Tienda de bicicletas | VELOAXE"},"image":{"@id":"https:\/\/veloaxe.com\/#\/schema\/logo\/image\/"},"sameAs":["https:\/\/www.facebook.com\/veloaxe"]}]}},"_links":{"self":[{"href":"https:\/\/veloaxe.com\/fr\/wp-json\/wp\/v2\/product\/16634","targetHints":{"allow":["GET"]}}],"collection":[{"href":"https:\/\/veloaxe.com\/fr\/wp-json\/wp\/v2\/product"}],"about":[{"href":"https:\/\/veloaxe.com\/fr\/wp-json\/wp\/v2\/types\/product"}],"replies":[{"embeddable":true,"href":"https:\/\/veloaxe.com\/fr\/wp-json\/wp\/v2\/comments?post=16634"}],"wp:featuredmedia":[{"embeddable":true,"href":"https:\/\/veloaxe.com\/fr\/wp-json\/wp\/v2\/media\/16635"}],"wp:attachment":[{"href":"https:\/\/veloaxe.com\/fr\/wp-json\/wp\/v2\/media?parent=16634"}],"wp:term":[{"taxonomy":"product_brand","embeddable":true,"href":"https:\/\/veloaxe.com\/fr\/wp-json\/wp\/v2\/product_brand?post=16634"},{"taxonomy":"product_cat","embeddable":true,"href":"https:\/\/veloaxe.com\/fr\/wp-json\/wp\/v2\/product_cat?post=16634"},{"taxonomy":"product_tag","embeddable":true,"href":"https:\/\/veloaxe.com\/fr\/wp-json\/wp\/v2\/product_tag?post=16634"}],"curies":[{"name":"wp","href":"https:\/\/api.w.org\/{rel}","templated":true}]}}